{"id":42154,"date":"2022-12-21T16:16:10","date_gmt":"2022-12-21T14:16:10","guid":{"rendered":"https:\/\/ikastikos-kiklos.com\/?page_id=42154"},"modified":"2026-01-08T01:26:56","modified_gmt":"2026-01-07T23:26:56","slug":"fotiadou-sofia","status":"publish","type":"page","link":"https:\/\/ikastikos-kiklos.com\/en\/painters\/fotiadou-sofia\/","title":{"rendered":"Fotiadou Sofia"},"content":{"rendered":"<div class=\"wpb-content-wrapper\"><p>[vc_row][vc_column][vc_column_text]<strong>Fotiadou Sofia<\/strong><\/p>\n<p>Sofia Fotiadou works and lives in Volos, Greece. For her art is a symbolic language of experiences and emotions that are being transformed onto the canvas. A need for communication that is being actualized through image, so it can express thoughts, wishes, dreams and moods. Her paintings are a free expression of ideas inspired by the human nature. Fotiadou employs a style that conjures up whimsical worlds teeming with color and life. The otherworldly realm Fotiadou so effortlessly conjures throughout her paintings serves to both enthrall the viewer while also gently wrapping you within a comfortable moment in time in which the world melts away, leaving nothing but elegance, color, and sensuality behind.<\/p>\n<p>Her work has been exhibited in Miami (Art Basel 2017, 2018), Beijing (International Art Biennale 2019), Dubai (Art Fair 2017), London, Brussels, Greece, Germany, Italy.<\/p>\n<p><img loading=\"lazy\" decoding=\"async\" class=\"aligncenter size-large wp-image-39641\" src=\"https:\/\/ikastikos-kiklos.com\/wp-content\/uploads\/2022\/06\/IMG_8784-1024x681.jpg\" alt=\"\" width=\"1024\" height=\"681\" srcset=\"https:\/\/ikastikos-kiklos.com\/wp-content\/uploads\/2022\/06\/IMG_8784-1024x681.jpg 1024w, https:\/\/ikastikos-kiklos.com\/wp-content\/uploads\/2022\/06\/IMG_8784-300x200.jpg 300w, https:\/\/ikastikos-kiklos.com\/wp-content\/uploads\/2022\/06\/IMG_8784-768x511.jpg 768w, https:\/\/ikastikos-kiklos.com\/wp-content\/uploads\/2022\/06\/IMG_8784-1536x1022.jpg 1536w, https:\/\/ikastikos-kiklos.com\/wp-content\/uploads\/2022\/06\/IMG_8784-2048x1363.jpg 2048w, https:\/\/ikastikos-kiklos.com\/wp-content\/uploads\/2022\/06\/IMG_8784-680x452.jpg 680w, https:\/\/ikastikos-kiklos.com\/wp-content\/uploads\/2022\/06\/IMG_8784-700x466.jpg 700w, https:\/\/ikastikos-kiklos.com\/wp-content\/uploads\/2022\/06\/IMG_8784-220x146.jpg 220w, https:\/\/ikastikos-kiklos.com\/wp-content\/uploads\/2022\/06\/IMG_8784-140x93.jpg 140w, https:\/\/ikastikos-kiklos.com\/wp-content\/uploads\/2022\/06\/IMG_8784-940x625.jpg 940w, https:\/\/ikastikos-kiklos.com\/wp-content\/uploads\/2022\/06\/IMG_8784-350x233.jpg 350w, https:\/\/ikastikos-kiklos.com\/wp-content\/uploads\/2022\/06\/IMG_8784-595x396.jpg 595w\" sizes=\"auto, (max-width: 1024px) 100vw, 1024px\" \/><\/p>\n<p><strong>\u0391\u03c4\u03bf\u03bc\u03b9\u03ba\u03ad\u03c2 \u0395\u03ba\u03b8\u03ad\u03c3\u03b5\u03b9\u03c2:<\/strong><\/p>\n<p>2025-\u2018\u2019Where Dreams are Born\u2019\u2019, Municipal Gallery of Ermoupoli Cyclades<br \/>\n2025-\u2018\u2019 Goddess Vision\u2019\u2019 ,NYX Esperia Hotel Athens, Sianti gallery<br \/>\n2024-\u2018\u2019Out of the box_Fearlees\u2019\u2019, Sianti Gallery , Athens<br \/>\n2023 &#8211; \u201cAfter the Illusion: When the Mind\u2019s Eye Builds Character(s)\u2019\u2019 Eclectic Gallery, London<br \/>\n2019 &#8211; \u201cHeavenly Creatures\u201d Artion galleries, Thessaloniki, Athens, Greece<br \/>\n2018 &#8211; \u201cA Whole Other Story\u201d Art Basel Miami Week, dacconcepts, Miami FL<br \/>\n2015 &#8211; \u201cena\u201d art Gallery, Athens, Greece<br \/>\n2010 &#8211; \u201cAge of innocence\u201d, Artzone42, Athens, Greece<br \/>\n2009 &#8211; \u201cSoul Portrait\u201d, Yeni Cami museum, Thessaloniki, Greece<br \/>\n2008 &#8211; \u201cTraces of coloured dreams\u201d,Giorgio de Chirico Art Center, Volos<br \/>\n2007 &#8211; \u201cTrace of coloured dreams\u201d, Diana Gallery-Down Town, Athens<\/p>\n<p><strong>\u039f\u03bc\u03b1\u03b4\u03b9\u03ba\u03ad\u03c2 \u0395\u03ba\u03b8\u03ad\u03c3\u03b5\u03b9\u03c2 &amp; Art Fairs<\/strong><\/p>\n<p>2025-AICA Hellas, Theorems 4 Botanicals, \u0391thens<br \/>\n2025- ART ATHINA, Art Project Space<br \/>\n2025- \u2018\u2019IN LOVE\u2019\u2019, Sianti Gallery, Athens<br \/>\n2024-BLACK HUMOR, Sianti Gallery, Athens<br \/>\n2024- INTERNATIONAL ART CENTER ATHENS, Sofia Fotiadou-George Stamatopoulos<br \/>\n2023 &#8211; The meaning of beauty, Piccadilly,St.James\u2019s, Eclectic Gallery, London<br \/>\n2023 &#8211; Art Athina, Zappeion , Sianti Gallery<br \/>\n2023 &#8211; Loudos Contemporary, Domes Miramare, A Luxury Collection, Corfu<br \/>\n2023 &#8211; Crossroads of expression ,Eclectic Gallery, London<br \/>\n2023 &#8211; Fresh Perspectives in Mayfair Koppel Project, Eclectic Gallery, London<br \/>\n2022 &#8211; Fresh Art Fair, Ascot, Eclectic Gallery London<br \/>\n2022 &#8211; \u201cArt your Pet\u201d, Sianti Gallery, Athens Greece<br \/>\n2022 &#8211; Monaco Chapiteau de Fontvieille, Art Fair ,nord. Spetses<br \/>\n2022 &#8211; Art Fair,Monte-Carlo, Monaco, nord.spetses<br \/>\n2022 &#8211; Art3f, Art Fair, Paris, nord.spetses<br \/>\n2021 &#8211; Art Fair Barchelona, nord.spetses<br \/>\n2019 &#8211; \u201cHuman Rights?\u201d#Memento-Dalla Guerra Alla Pace, Rovereto, Trento, Italia<br \/>\n2019 &#8211; 8th Beijing International Art Biennale, China<br \/>\n2018 &#8211; \u201cWe Love Red\u201d ARTION gallery, Thessaloniki, Greece<br \/>\n2017 &#8211; Art Basel Spectrum, dacconcepts, Miami, Florida<br \/>\n2017 &#8211; World Art Dubai art fair, The Art Cocoon gallery, Dubai, UAE<br \/>\n2017 &#8211; \u201cDiamonds Are Forever\u201d The Collection gallery, Nicosia, Cyprus<br \/>\n2017 &#8211; \u201cMykonos to Athens\u201d Skoufa gallery, Athens Greece<br \/>\n2016 &#8211; Old Brompton Gallery in Collaboration with Kapopoulos Fine Arts, London, UK<br \/>\n2015 &#8211; \u201cHuman Rights?\u201d#Memento-Dalla Guerra Alla Pace, Rovereto, Trento, Italia<br \/>\n2014 &#8211; \u201cHomage to the Greek, Domenikos Theotokopoulos\u201d, Heraklion Museum of Visual Arts, Heraklion,<br \/>\nHania, Rethimno, Athens HUB private museum<br \/>\n2011 Gallerie Theorema, Brussels, Belgium<\/p>\n<p><strong>\u0394\u03b7\u03bc\u03bf\u03c3\u03b9\u03b5\u03cd\u03c3\u03b5\u03b9\u03c2<\/strong><\/p>\n<p>2021 &#8211; Artit \u201cVoice of Artists Issue\u201d ISBN: 977 26 3289 000 12<br \/>\n2021 &#8211; MVIBE MAGAZINE \u201cMay 2021 issue 18 Fine Art<br \/>\n2021 &#8211; BLUEBEE MAGAZINE \u201cVolume 7 &#8211; Bloom\u201d&#8211;<br \/>\n2020 &#8211; Peripheral ARTeries Art Review Special Edition<br \/>\nwww.sofiafotiadou.com<\/p>\n<p><strong>Permanent Collections and Museums:<\/strong><\/p>\n<p>Artworks by Sofia Fotiadou are acquired by the following Institutions and Museums:<\/p>\n<p>Vorres Museum, Greece.&nbsp; The American College of Greece.&nbsp; Society for Macedonian Studies of Thessaloniki, Greece.&nbsp; Municipal Art Gallery of Thessaloniki, Greece.&nbsp; Municipal Art Gallery of Volos, Greece.&nbsp; Hatzigiannis Foundation of Larisa, Greece.&nbsp; Frissiras Museum, Athens, Greece<\/p>\n<p><strong>Private Collections:<\/strong><\/p>\n<p>Condoleezza Rice, John Bailly, Christine Conception, Carolos Papoulias, Alexandros Marathianakis, Kaite Kiriakopoulou[\/vc_column_text][\/vc_column][\/vc_row]<\/p>\n<\/div>","protected":false},"excerpt":{"rendered":"<p>[vc_row][vc_column][vc_column_text]Fotiadou Sofia Sofia Fotiadou works and lives in Volos, Greece. For her art is a &hellip;<\/p>\n","protected":false},"author":2,"featured_media":0,"parent":2905,"menu_order":0,"comment_status":"closed","ping_status":"closed","template":"page-zwgrafoi.php","meta":{"ngg_post_thumbnail":0,"footnotes":""},"class_list":["post-42154","page","type-page","status-publish","hentry"],"yoast_head":"<!-- This site is optimized with the Yoast SEO plugin v27.2 - https:\/\/yoast.com\/product\/yoast-seo-wordpress\/ -->\n<title>Fotiadou Sofia Painter | Ikastikos Kiklos Sianti<\/title>\n<meta name=\"description\" content=\"Fotiadou Sofia Painter. Silkscreens and Paintings by Sofia Fotiadou in one of the most historic galleries of Athens\" \/>\n<meta name=\"robots\" content=\"index, follow, max-snippet:-1, max-image-preview:large, max-video-preview:-1\" \/>\n<link rel=\"canonical\" href=\"https:\/\/ikastikos-kiklos.com\/en\/painters\/fotiadou-sofia\/\" \/>\n<meta property=\"og:locale\" content=\"en_US\" \/>\n<meta property=\"og:type\" content=\"article\" \/>\n<meta property=\"og:title\" content=\"Fotiadou Sofia Painter | Ikastikos Kiklos Sianti\" \/>\n<meta property=\"og:description\" content=\"Fotiadou Sofia Painter. Silkscreens and Paintings by Sofia Fotiadou in one of the most historic galleries of Athens\" \/>\n<meta property=\"og:url\" content=\"https:\/\/ikastikos-kiklos.com\/en\/painters\/fotiadou-sofia\/\" \/>\n<meta property=\"og:site_name\" content=\"Ikastikos Kiklos - Zografik\u00ed - Metaxotyp\u00edes - T\u00e9chniPainting - Silk Screen - Art\" \/>\n<meta property=\"article:publisher\" content=\"https:\/\/www.facebook.com\/ikastikoskiklossianti\/\" \/>\n<meta property=\"article:modified_time\" content=\"2026-01-07T23:26:56+00:00\" \/>\n<meta property=\"og:image\" content=\"https:\/\/ikastikos-kiklos.com\/wp-content\/uploads\/2022\/06\/IMG_8784-scaled.jpg\" \/>\n\t<meta property=\"og:image:width\" content=\"2560\" \/>\n\t<meta property=\"og:image:height\" content=\"1703\" \/>\n\t<meta property=\"og:image:type\" content=\"image\/jpeg\" \/>\n<meta name=\"twitter:card\" content=\"summary_large_image\" \/>\n<meta name=\"twitter:label1\" content=\"Est. reading time\" \/>\n\t<meta name=\"twitter:data1\" content=\"3 minutes\" \/>\n<script type=\"application\/ld+json\" class=\"yoast-schema-graph\">{\"@context\":\"https:\/\/schema.org\",\"@graph\":[{\"@type\":\"WebPage\",\"@id\":\"https:\/\/ikastikos-kiklos.com\/en\/painters\/fotiadou-sofia\/\",\"url\":\"https:\/\/ikastikos-kiklos.com\/en\/painters\/fotiadou-sofia\/\",\"name\":\"Fotiadou Sofia Painter | Ikastikos Kiklos Sianti\",\"isPartOf\":{\"@id\":\"https:\/\/ikastikos-kiklos.com\/en\/#website\"},\"primaryImageOfPage\":{\"@id\":\"https:\/\/ikastikos-kiklos.com\/en\/painters\/fotiadou-sofia\/#primaryimage\"},\"image\":{\"@id\":\"https:\/\/ikastikos-kiklos.com\/en\/painters\/fotiadou-sofia\/#primaryimage\"},\"thumbnailUrl\":\"https:\/\/ikastikos-kiklos.com\/wp-content\/uploads\/2022\/06\/IMG_8784-1024x681.jpg\",\"datePublished\":\"2022-12-21T14:16:10+00:00\",\"dateModified\":\"2026-01-07T23:26:56+00:00\",\"description\":\"Fotiadou Sofia Painter. Silkscreens and Paintings by Sofia Fotiadou in one of the most historic galleries of Athens\",\"breadcrumb\":{\"@id\":\"https:\/\/ikastikos-kiklos.com\/en\/painters\/fotiadou-sofia\/#breadcrumb\"},\"inLanguage\":\"en-US\",\"potentialAction\":[{\"@type\":\"ReadAction\",\"target\":[\"https:\/\/ikastikos-kiklos.com\/en\/painters\/fotiadou-sofia\/\"]}]},{\"@type\":\"ImageObject\",\"inLanguage\":\"en-US\",\"@id\":\"https:\/\/ikastikos-kiklos.com\/en\/painters\/fotiadou-sofia\/#primaryimage\",\"url\":\"https:\/\/ikastikos-kiklos.com\/wp-content\/uploads\/2022\/06\/IMG_8784-1024x681.jpg\",\"contentUrl\":\"https:\/\/ikastikos-kiklos.com\/wp-content\/uploads\/2022\/06\/IMG_8784-1024x681.jpg\"},{\"@type\":\"BreadcrumbList\",\"@id\":\"https:\/\/ikastikos-kiklos.com\/en\/painters\/fotiadou-sofia\/#breadcrumb\",\"itemListElement\":[{\"@type\":\"ListItem\",\"position\":1,\"name\":\"Home\",\"item\":\"https:\/\/ikastikos-kiklos.com\/en\/\"},{\"@type\":\"ListItem\",\"position\":2,\"name\":\"Painters\",\"item\":\"https:\/\/ikastikos-kiklos.com\/en\/painters\/\"},{\"@type\":\"ListItem\",\"position\":3,\"name\":\"Fotiadou Sofia\"}]},{\"@type\":\"WebSite\",\"@id\":\"https:\/\/ikastikos-kiklos.com\/en\/#website\",\"url\":\"https:\/\/ikastikos-kiklos.com\/en\/\",\"name\":\"Ikastikos Kiklos - Zografik\u00ed - Metaxotyp\u00edes - T\u00e9chniPainting - Silk Screen - Art\",\"description\":\"\",\"publisher\":{\"@id\":\"https:\/\/ikastikos-kiklos.com\/en\/#organization\"},\"potentialAction\":[{\"@type\":\"SearchAction\",\"target\":{\"@type\":\"EntryPoint\",\"urlTemplate\":\"https:\/\/ikastikos-kiklos.com\/en\/?s={search_term_string}\"},\"query-input\":{\"@type\":\"PropertyValueSpecification\",\"valueRequired\":true,\"valueName\":\"search_term_string\"}}],\"inLanguage\":\"en-US\"},{\"@type\":\"Organization\",\"@id\":\"https:\/\/ikastikos-kiklos.com\/en\/#organization\",\"name\":\"Ikastikos Kiklos - Zografik\u00ed - Metaxotyp\u00edes - T\u00e9chniPainting - Silk Screen - Art\",\"url\":\"https:\/\/ikastikos-kiklos.com\/en\/\",\"logo\":{\"@type\":\"ImageObject\",\"inLanguage\":\"en-US\",\"@id\":\"https:\/\/ikastikos-kiklos.com\/en\/#\/schema\/logo\/image\/\",\"url\":\"https:\/\/ikastikos-kiklos.com\/wp-content\/uploads\/2022\/10\/cropped-favicon_ikastikos.png\",\"contentUrl\":\"https:\/\/ikastikos-kiklos.com\/wp-content\/uploads\/2022\/10\/cropped-favicon_ikastikos.png\",\"width\":512,\"height\":512,\"caption\":\"Ikastikos Kiklos - Zografik\u00ed - Metaxotyp\u00edes - T\u00e9chniPainting - Silk Screen - Art\"},\"image\":{\"@id\":\"https:\/\/ikastikos-kiklos.com\/en\/#\/schema\/logo\/image\/\"},\"sameAs\":[\"https:\/\/www.facebook.com\/ikastikoskiklossianti\/\"]}]}<\/script>\n<!-- \/ Yoast SEO plugin. -->","yoast_head_json":{"title":"Fotiadou Sofia Painter | Ikastikos Kiklos Sianti","description":"Fotiadou Sofia Painter. Silkscreens and Paintings by Sofia Fotiadou in one of the most historic galleries of Athens","robots":{"index":"index","follow":"follow","max-snippet":"max-snippet:-1","max-image-preview":"max-image-preview:large","max-video-preview":"max-video-preview:-1"},"canonical":"https:\/\/ikastikos-kiklos.com\/en\/painters\/fotiadou-sofia\/","og_locale":"en_US","og_type":"article","og_title":"Fotiadou Sofia Painter | Ikastikos Kiklos Sianti","og_description":"Fotiadou Sofia Painter. Silkscreens and Paintings by Sofia Fotiadou in one of the most historic galleries of Athens","og_url":"https:\/\/ikastikos-kiklos.com\/en\/painters\/fotiadou-sofia\/","og_site_name":"Ikastikos Kiklos - Zografik\u00ed - Metaxotyp\u00edes - T\u00e9chniPainting - Silk Screen - Art","article_publisher":"https:\/\/www.facebook.com\/ikastikoskiklossianti\/","article_modified_time":"2026-01-07T23:26:56+00:00","og_image":[{"width":2560,"height":1703,"url":"https:\/\/ikastikos-kiklos.com\/wp-content\/uploads\/2022\/06\/IMG_8784-scaled.jpg","type":"image\/jpeg"}],"twitter_card":"summary_large_image","twitter_misc":{"Est. reading time":"3 minutes"},"schema":{"@context":"https:\/\/schema.org","@graph":[{"@type":"WebPage","@id":"https:\/\/ikastikos-kiklos.com\/en\/painters\/fotiadou-sofia\/","url":"https:\/\/ikastikos-kiklos.com\/en\/painters\/fotiadou-sofia\/","name":"Fotiadou Sofia Painter | Ikastikos Kiklos Sianti","isPartOf":{"@id":"https:\/\/ikastikos-kiklos.com\/en\/#website"},"primaryImageOfPage":{"@id":"https:\/\/ikastikos-kiklos.com\/en\/painters\/fotiadou-sofia\/#primaryimage"},"image":{"@id":"https:\/\/ikastikos-kiklos.com\/en\/painters\/fotiadou-sofia\/#primaryimage"},"thumbnailUrl":"https:\/\/ikastikos-kiklos.com\/wp-content\/uploads\/2022\/06\/IMG_8784-1024x681.jpg","datePublished":"2022-12-21T14:16:10+00:00","dateModified":"2026-01-07T23:26:56+00:00","description":"Fotiadou Sofia Painter. Silkscreens and Paintings by Sofia Fotiadou in one of the most historic galleries of Athens","breadcrumb":{"@id":"https:\/\/ikastikos-kiklos.com\/en\/painters\/fotiadou-sofia\/#breadcrumb"},"inLanguage":"en-US","potentialAction":[{"@type":"ReadAction","target":["https:\/\/ikastikos-kiklos.com\/en\/painters\/fotiadou-sofia\/"]}]},{"@type":"ImageObject","inLanguage":"en-US","@id":"https:\/\/ikastikos-kiklos.com\/en\/painters\/fotiadou-sofia\/#primaryimage","url":"https:\/\/ikastikos-kiklos.com\/wp-content\/uploads\/2022\/06\/IMG_8784-1024x681.jpg","contentUrl":"https:\/\/ikastikos-kiklos.com\/wp-content\/uploads\/2022\/06\/IMG_8784-1024x681.jpg"},{"@type":"BreadcrumbList","@id":"https:\/\/ikastikos-kiklos.com\/en\/painters\/fotiadou-sofia\/#breadcrumb","itemListElement":[{"@type":"ListItem","position":1,"name":"Home","item":"https:\/\/ikastikos-kiklos.com\/en\/"},{"@type":"ListItem","position":2,"name":"Painters","item":"https:\/\/ikastikos-kiklos.com\/en\/painters\/"},{"@type":"ListItem","position":3,"name":"Fotiadou Sofia"}]},{"@type":"WebSite","@id":"https:\/\/ikastikos-kiklos.com\/en\/#website","url":"https:\/\/ikastikos-kiklos.com\/en\/","name":"Ikastikos Kiklos - Zografik\u00ed - Metaxotyp\u00edes - T\u00e9chniPainting - Silk Screen - Art","description":"","publisher":{"@id":"https:\/\/ikastikos-kiklos.com\/en\/#organization"},"potentialAction":[{"@type":"SearchAction","target":{"@type":"EntryPoint","urlTemplate":"https:\/\/ikastikos-kiklos.com\/en\/?s={search_term_string}"},"query-input":{"@type":"PropertyValueSpecification","valueRequired":true,"valueName":"search_term_string"}}],"inLanguage":"en-US"},{"@type":"Organization","@id":"https:\/\/ikastikos-kiklos.com\/en\/#organization","name":"Ikastikos Kiklos - Zografik\u00ed - Metaxotyp\u00edes - T\u00e9chniPainting - Silk Screen - Art","url":"https:\/\/ikastikos-kiklos.com\/en\/","logo":{"@type":"ImageObject","inLanguage":"en-US","@id":"https:\/\/ikastikos-kiklos.com\/en\/#\/schema\/logo\/image\/","url":"https:\/\/ikastikos-kiklos.com\/wp-content\/uploads\/2022\/10\/cropped-favicon_ikastikos.png","contentUrl":"https:\/\/ikastikos-kiklos.com\/wp-content\/uploads\/2022\/10\/cropped-favicon_ikastikos.png","width":512,"height":512,"caption":"Ikastikos Kiklos - Zografik\u00ed - Metaxotyp\u00edes - T\u00e9chniPainting - Silk Screen - Art"},"image":{"@id":"https:\/\/ikastikos-kiklos.com\/en\/#\/schema\/logo\/image\/"},"sameAs":["https:\/\/www.facebook.com\/ikastikoskiklossianti\/"]}]}},"_links":{"self":[{"href":"https:\/\/ikastikos-kiklos.com\/en\/wp-json\/wp\/v2\/pages\/42154","targetHints":{"allow":["GET"]}}],"collection":[{"href":"https:\/\/ikastikos-kiklos.com\/en\/wp-json\/wp\/v2\/pages"}],"about":[{"href":"https:\/\/ikastikos-kiklos.com\/en\/wp-json\/wp\/v2\/types\/page"}],"author":[{"embeddable":true,"href":"https:\/\/ikastikos-kiklos.com\/en\/wp-json\/wp\/v2\/users\/2"}],"replies":[{"embeddable":true,"href":"https:\/\/ikastikos-kiklos.com\/en\/wp-json\/wp\/v2\/comments?post=42154"}],"version-history":[{"count":2,"href":"https:\/\/ikastikos-kiklos.com\/en\/wp-json\/wp\/v2\/pages\/42154\/revisions"}],"predecessor-version":[{"id":53501,"href":"https:\/\/ikastikos-kiklos.com\/en\/wp-json\/wp\/v2\/pages\/42154\/revisions\/53501"}],"up":[{"embeddable":true,"href":"https:\/\/ikastikos-kiklos.com\/en\/wp-json\/wp\/v2\/pages\/2905"}],"wp:attachment":[{"href":"https:\/\/ikastikos-kiklos.com\/en\/wp-json\/wp\/v2\/media?parent=42154"}],"curies":[{"name":"wp","href":"https:\/\/api.w.org\/{rel}","templated":true}]}}