{"id":41822,"date":"2022-12-05T09:27:42","date_gmt":"2022-12-05T07:27:42","guid":{"rendered":"https:\/\/ikastikos-kiklos.com\/exhibition-small-paintings-2022-2023\/"},"modified":"2022-12-07T00:08:22","modified_gmt":"2022-12-06T22:08:22","slug":"exhibition-small-paintings-2022-2023","status":"publish","type":"page","link":"https:\/\/ikastikos-kiklos.com\/en\/exhibition-small-paintings-2022-2023\/","title":{"rendered":"Exhibition \u201cSmall Paintings 2022\u20132023\u201d"},"content":{"rendered":"<div class=\"wpb-content-wrapper\"><p>[vc_row css=&#8221;.vc_custom_1506373769777{background-color: #ffffff !important;}&#8221;][vc_column width=&#8221;2\/3&#8243;][vc_empty_space height=&#8221;30px&#8221;]\n\t\t\t<div class=\"nm-banner content-boxed full-width-parent image-type-fluid text-color-dark\" style=\"\"><img decoding=\"async\" src=\"https:\/\/ikastikos-kiklos.com\/wp-content\/uploads\/2022\/11\/ezgif-2-64b0ac2352KL.gif\" alt=\"ezgif-2-64b0ac2352KL\" \/>\n\t\t\t<\/div>[vc_empty_space height=&#8221;25px&#8221;][vc_column_text]On <strong>Saturday, 10 December, 2022 at 12:30<\/strong>, <strong>Sianti Gallery<\/strong> will be presenting the annual group exhibition <strong>\u201cSmall Paintings 2022-2023\u201d<\/strong>. The title could very well be a definition of Art: <strong>greatness does not necessarily refer to the dimensional level, it has to do with expression, depth and most of all, emotion. <\/strong><\/p>\n<p>The artworks presented in the exhibition are characterized by <strong>a great variety of themes, a variety which characterizes the materials<\/strong> used in their creation as well. The scale change affects each work\u2019s constructing materials, while offering great expressive freedom to the artists.<strong> Painting addresses sight, calling upon the viewer to observe the dialog between the artwork and the artist. <\/strong><\/p>\n<p><strong>Sculpture<\/strong>, on the other hand, combines sight with tactility,<strong> impressing us with its material form, its plastic superiority and its ability to enrich space<\/strong>. The exhibition, which has become a favorite tradition of ours, consists mostly of artworks <strong>30\u03a730 cm in dimension<\/strong>, created by <strong>new and older friends<\/strong> with the hope of filling this festive period <strong>with color and good wishes<\/strong>. <strong>Forty visual artists<\/strong> participate in this project presenting older, as well as new works which have been created for this particular exhibition. This <strong>unique \u201cconjunction\u201d of artistic minds<\/strong>, which <strong>has become somewhat of a Christmas custom<\/strong>, combines everyday visual experiences in order to highlight Art as a heartfelt present for our loved ones.[\/vc_column_text][vc_column_text]<\/p>\n<p><span style=\"color: #3366ff;\">And since <strong>Christmas is all about offering<\/strong>, this year, <strong>Sianti Gallery and Giannis Stathopoulos will be gifting one of the artist\u2019s paintings<\/strong>, offering lottery tickets <strong>at the price of 10 euros<\/strong> each for the duration of the exhibition. All revenues will be given to the <strong>SOS Children\u2019s Villages<\/strong> and a lucky winner will have the chance to acquire one of the artist\u2019s works at the lottery which will take place in the presence of Mrs. Anni Katsouli as a representative of the SOS Children\u2019s Villages.<\/span>[\/vc_column_text][vc_empty_space height=&#8221;25px&#8221;][vc_video link=&#8221;https:\/\/www.youtube.com\/watch?v=TAxamVCBpdY&amp;ab_channel=SiantiGallery-%CE%95%CE%B9%CE%BA%CE%B1%CF%83%CF%84%CE%B9%CE%BA%CF%8C%CF%82%CE%9A%CF%8D%CE%BA%CE%BB%CE%BF%CF%82&#8243;][\/vc_column][vc_column width=&#8221;1\/3&#8243; css=&#8221;.vc_custom_1506373833697{background-color: #f2f2f2 !important;}&#8221;]<div class=\"nm-banner-slider slider-type-boxed slick-slider slick-controls-gray slick-dots-disabled\" data-arrows=\"true\" data-infinite=\"true\">\n\t\t\t<div class=\"nm-banner content-full image-type-fluid text-color-dark\" style=\"\"><img decoding=\"async\" src=\"https:\/\/ikastikos-kiklos.com\/wp-content\/uploads\/2022\/11\/\u03c7\u03c1\u03b9\u03c3\u03c4\u03b9\u03bd\u03b1-2-1.jpg\" alt=\"\u03c7\u03c1\u03b9\u03c3\u03c4\u03b9\u03bd\u03b1 2\" \/>\n\t\t\t<\/div>\n\t\t\t<div class=\"nm-banner content-full image-type-fluid text-color-dark\" style=\"\"><img decoding=\"async\" src=\"https:\/\/ikastikos-kiklos.com\/wp-content\/uploads\/2022\/11\/1.oil-on-canvas-30x30cm-1.jpg\" alt=\"1.oil on canvas, 30x30cm (1)\" \/>\n\t\t\t<\/div>\n\t\t\t<div class=\"nm-banner content-full image-type-fluid text-color-dark\" style=\"\"><img decoding=\"async\" src=\"https:\/\/ikastikos-kiklos.com\/wp-content\/uploads\/2022\/11\/Ergo_1126.jpg\" alt=\"Ergo_1126\" \/>\n\t\t\t<\/div>\n\t\t\t<div class=\"nm-banner content-full image-type-fluid text-color-dark\" style=\"\"><img decoding=\"async\" src=\"https:\/\/ikastikos-kiklos.com\/wp-content\/uploads\/2022\/11\/Ergo_1144.jpg\" alt=\"Ergo_1144\" \/>\n\t\t\t<\/div><\/div>[vc_empty_space height=&#8221;30px&#8221;][vc_column_text]The participating <strong>painters<\/strong>: Adrianos Sotiris, Agelidis Paschalis, Antonaropoulos Christos, Asargiotaki Kalliopi, Valiraki \u039cina, Valirakis Giannis, Giannakopoulos Leonidas, Dimitriadou \u039aaterina, Ieromonachou Gogo, Kana Irini, Karas Christos, \u039aoukos Dimitris, Koudouris \u039c., Lavdas \u039aostas, Lalas Thanasis, Latinopoulou Athina, Belivanaki Lila, Papaioannou Christina, Pitsonis Achilleas, Selimas Vassilis, Siagris Panagiotis, Sorogas Sotiris, Spartalis Angelos, Spiriounis \u039aostas, Stathopoulos Giorgos, \u03a4zermias Vaggelis, \u03a4olis \u039aonstantinos, Chanioti Dimitra, Chantzaras \u0391postolos, Charos \u039canolis, Pancess Christina<\/p>\n<p>And the participating <strong>sculptors<\/strong>: Alejopoulos Stathis, Varotsos Kostas, Vlassis Dimitris, Gavalas Stelios, Kastrinakis \u0391ntonis, Panagiotidis Angelos, Rokos Kyriakos[\/vc_column_text][\/vc_column][\/vc_row]<\/p>\n<\/div>","protected":false},"excerpt":{"rendered":"<p>[vc_row css=&#8221;.vc_custom_1506373769777{background-color: #ffffff !important;}&#8221;][vc_column width=&#8221;2\/3&#8243;][vc_empty_space height=&#8221;30px&#8221;][vc_empty_space height=&#8221;25px&#8221;][vc_column_text]On Saturday, 10 December, 2022 at 12:30, Sianti Gallery &hellip;<\/p>\n","protected":false},"author":3,"featured_media":0,"parent":0,"menu_order":0,"comment_status":"closed","ping_status":"closed","template":"","meta":{"ngg_post_thumbnail":0,"footnotes":""},"class_list":["post-41822","page","type-page","status-publish","hentry"],"yoast_head":"<!-- This site is optimized with the Yoast SEO plugin v27.2 - https:\/\/yoast.com\/product\/yoast-seo-wordpress\/ -->\n<title>Exhibition \u201cSmall Paintings 2022\u20132023\u201d<\/title>\n<meta name=\"description\" content=\"Sianti Gallery will be presenting the annual group exhibition \u201cSmall Paintings 2022-2023\u201d\" \/>\n<meta name=\"robots\" content=\"index, follow, max-snippet:-1, max-image-preview:large, max-video-preview:-1\" \/>\n<link rel=\"canonical\" href=\"https:\/\/ikastikos-kiklos.com\/en\/exhibition-small-paintings-2022-2023\/\" \/>\n<meta property=\"og:locale\" content=\"en_US\" \/>\n<meta property=\"og:type\" content=\"article\" \/>\n<meta property=\"og:title\" content=\"Exhibition \u201cSmall Paintings 2022\u20132023\u201d\" \/>\n<meta property=\"og:description\" content=\"Sianti Gallery will be presenting the annual group exhibition \u201cSmall Paintings 2022-2023\u201d\" \/>\n<meta property=\"og:url\" content=\"https:\/\/ikastikos-kiklos.com\/en\/exhibition-small-paintings-2022-2023\/\" \/>\n<meta property=\"og:site_name\" content=\"Ikastikos Kiklos - Zografik\u00ed - Metaxotyp\u00edes - T\u00e9chniPainting - Silk Screen - Art\" \/>\n<meta property=\"article:publisher\" content=\"https:\/\/www.facebook.com\/ikastikoskiklossianti\/\" \/>\n<meta property=\"article:modified_time\" content=\"2022-12-06T22:08:22+00:00\" \/>\n<meta name=\"twitter:card\" content=\"summary_large_image\" \/>\n<meta name=\"twitter:label1\" content=\"Est. reading time\" \/>\n\t<meta name=\"twitter:data1\" content=\"3 minutes\" \/>\n<script type=\"application\/ld+json\" class=\"yoast-schema-graph\">{\"@context\":\"https:\/\/schema.org\",\"@graph\":[{\"@type\":\"WebPage\",\"@id\":\"https:\/\/ikastikos-kiklos.com\/en\/exhibition-small-paintings-2022-2023\/\",\"url\":\"https:\/\/ikastikos-kiklos.com\/en\/exhibition-small-paintings-2022-2023\/\",\"name\":\"Exhibition \u201cSmall Paintings 2022\u20132023\u201d\",\"isPartOf\":{\"@id\":\"https:\/\/ikastikos-kiklos.com\/en\/#website\"},\"datePublished\":\"2022-12-05T07:27:42+00:00\",\"dateModified\":\"2022-12-06T22:08:22+00:00\",\"description\":\"Sianti Gallery will be presenting the annual group exhibition \u201cSmall Paintings 2022-2023\u201d\",\"breadcrumb\":{\"@id\":\"https:\/\/ikastikos-kiklos.com\/en\/exhibition-small-paintings-2022-2023\/#breadcrumb\"},\"inLanguage\":\"en-US\",\"potentialAction\":[{\"@type\":\"ReadAction\",\"target\":[\"https:\/\/ikastikos-kiklos.com\/en\/exhibition-small-paintings-2022-2023\/\"]}]},{\"@type\":\"BreadcrumbList\",\"@id\":\"https:\/\/ikastikos-kiklos.com\/en\/exhibition-small-paintings-2022-2023\/#breadcrumb\",\"itemListElement\":[{\"@type\":\"ListItem\",\"position\":1,\"name\":\"Home\",\"item\":\"https:\/\/ikastikos-kiklos.com\/en\/\"},{\"@type\":\"ListItem\",\"position\":2,\"name\":\"Exhibition \u201cSmall Paintings 2022\u20132023\u201d\"}]},{\"@type\":\"WebSite\",\"@id\":\"https:\/\/ikastikos-kiklos.com\/en\/#website\",\"url\":\"https:\/\/ikastikos-kiklos.com\/en\/\",\"name\":\"Ikastikos Kiklos - Zografik\u00ed - Metaxotyp\u00edes - T\u00e9chniPainting - Silk Screen - Art\",\"description\":\"\",\"publisher\":{\"@id\":\"https:\/\/ikastikos-kiklos.com\/en\/#organization\"},\"potentialAction\":[{\"@type\":\"SearchAction\",\"target\":{\"@type\":\"EntryPoint\",\"urlTemplate\":\"https:\/\/ikastikos-kiklos.com\/en\/?s={search_term_string}\"},\"query-input\":{\"@type\":\"PropertyValueSpecification\",\"valueRequired\":true,\"valueName\":\"search_term_string\"}}],\"inLanguage\":\"en-US\"},{\"@type\":\"Organization\",\"@id\":\"https:\/\/ikastikos-kiklos.com\/en\/#organization\",\"name\":\"Ikastikos Kiklos - Zografik\u00ed - Metaxotyp\u00edes - T\u00e9chniPainting - Silk Screen - Art\",\"url\":\"https:\/\/ikastikos-kiklos.com\/en\/\",\"logo\":{\"@type\":\"ImageObject\",\"inLanguage\":\"en-US\",\"@id\":\"https:\/\/ikastikos-kiklos.com\/en\/#\/schema\/logo\/image\/\",\"url\":\"https:\/\/ikastikos-kiklos.com\/wp-content\/uploads\/2022\/10\/cropped-favicon_ikastikos.png\",\"contentUrl\":\"https:\/\/ikastikos-kiklos.com\/wp-content\/uploads\/2022\/10\/cropped-favicon_ikastikos.png\",\"width\":512,\"height\":512,\"caption\":\"Ikastikos Kiklos - Zografik\u00ed - Metaxotyp\u00edes - T\u00e9chniPainting - Silk Screen - Art\"},\"image\":{\"@id\":\"https:\/\/ikastikos-kiklos.com\/en\/#\/schema\/logo\/image\/\"},\"sameAs\":[\"https:\/\/www.facebook.com\/ikastikoskiklossianti\/\"]}]}<\/script>\n<!-- \/ Yoast SEO plugin. -->","yoast_head_json":{"title":"Exhibition \u201cSmall Paintings 2022\u20132023\u201d","description":"Sianti Gallery will be presenting the annual group exhibition \u201cSmall Paintings 2022-2023\u201d","robots":{"index":"index","follow":"follow","max-snippet":"max-snippet:-1","max-image-preview":"max-image-preview:large","max-video-preview":"max-video-preview:-1"},"canonical":"https:\/\/ikastikos-kiklos.com\/en\/exhibition-small-paintings-2022-2023\/","og_locale":"en_US","og_type":"article","og_title":"Exhibition \u201cSmall Paintings 2022\u20132023\u201d","og_description":"Sianti Gallery will be presenting the annual group exhibition \u201cSmall Paintings 2022-2023\u201d","og_url":"https:\/\/ikastikos-kiklos.com\/en\/exhibition-small-paintings-2022-2023\/","og_site_name":"Ikastikos Kiklos - Zografik\u00ed - Metaxotyp\u00edes - T\u00e9chniPainting - Silk Screen - Art","article_publisher":"https:\/\/www.facebook.com\/ikastikoskiklossianti\/","article_modified_time":"2022-12-06T22:08:22+00:00","twitter_card":"summary_large_image","twitter_misc":{"Est. reading time":"3 minutes"},"schema":{"@context":"https:\/\/schema.org","@graph":[{"@type":"WebPage","@id":"https:\/\/ikastikos-kiklos.com\/en\/exhibition-small-paintings-2022-2023\/","url":"https:\/\/ikastikos-kiklos.com\/en\/exhibition-small-paintings-2022-2023\/","name":"Exhibition \u201cSmall Paintings 2022\u20132023\u201d","isPartOf":{"@id":"https:\/\/ikastikos-kiklos.com\/en\/#website"},"datePublished":"2022-12-05T07:27:42+00:00","dateModified":"2022-12-06T22:08:22+00:00","description":"Sianti Gallery will be presenting the annual group exhibition \u201cSmall Paintings 2022-2023\u201d","breadcrumb":{"@id":"https:\/\/ikastikos-kiklos.com\/en\/exhibition-small-paintings-2022-2023\/#breadcrumb"},"inLanguage":"en-US","potentialAction":[{"@type":"ReadAction","target":["https:\/\/ikastikos-kiklos.com\/en\/exhibition-small-paintings-2022-2023\/"]}]},{"@type":"BreadcrumbList","@id":"https:\/\/ikastikos-kiklos.com\/en\/exhibition-small-paintings-2022-2023\/#breadcrumb","itemListElement":[{"@type":"ListItem","position":1,"name":"Home","item":"https:\/\/ikastikos-kiklos.com\/en\/"},{"@type":"ListItem","position":2,"name":"Exhibition \u201cSmall Paintings 2022\u20132023\u201d"}]},{"@type":"WebSite","@id":"https:\/\/ikastikos-kiklos.com\/en\/#website","url":"https:\/\/ikastikos-kiklos.com\/en\/","name":"Ikastikos Kiklos - Zografik\u00ed - Metaxotyp\u00edes - T\u00e9chniPainting - Silk Screen - Art","description":"","publisher":{"@id":"https:\/\/ikastikos-kiklos.com\/en\/#organization"},"potentialAction":[{"@type":"SearchAction","target":{"@type":"EntryPoint","urlTemplate":"https:\/\/ikastikos-kiklos.com\/en\/?s={search_term_string}"},"query-input":{"@type":"PropertyValueSpecification","valueRequired":true,"valueName":"search_term_string"}}],"inLanguage":"en-US"},{"@type":"Organization","@id":"https:\/\/ikastikos-kiklos.com\/en\/#organization","name":"Ikastikos Kiklos - Zografik\u00ed - Metaxotyp\u00edes - T\u00e9chniPainting - Silk Screen - Art","url":"https:\/\/ikastikos-kiklos.com\/en\/","logo":{"@type":"ImageObject","inLanguage":"en-US","@id":"https:\/\/ikastikos-kiklos.com\/en\/#\/schema\/logo\/image\/","url":"https:\/\/ikastikos-kiklos.com\/wp-content\/uploads\/2022\/10\/cropped-favicon_ikastikos.png","contentUrl":"https:\/\/ikastikos-kiklos.com\/wp-content\/uploads\/2022\/10\/cropped-favicon_ikastikos.png","width":512,"height":512,"caption":"Ikastikos Kiklos - Zografik\u00ed - Metaxotyp\u00edes - T\u00e9chniPainting - Silk Screen - Art"},"image":{"@id":"https:\/\/ikastikos-kiklos.com\/en\/#\/schema\/logo\/image\/"},"sameAs":["https:\/\/www.facebook.com\/ikastikoskiklossianti\/"]}]}},"_links":{"self":[{"href":"https:\/\/ikastikos-kiklos.com\/en\/wp-json\/wp\/v2\/pages\/41822","targetHints":{"allow":["GET"]}}],"collection":[{"href":"https:\/\/ikastikos-kiklos.com\/en\/wp-json\/wp\/v2\/pages"}],"about":[{"href":"https:\/\/ikastikos-kiklos.com\/en\/wp-json\/wp\/v2\/types\/page"}],"author":[{"embeddable":true,"href":"https:\/\/ikastikos-kiklos.com\/en\/wp-json\/wp\/v2\/users\/3"}],"replies":[{"embeddable":true,"href":"https:\/\/ikastikos-kiklos.com\/en\/wp-json\/wp\/v2\/comments?post=41822"}],"version-history":[{"count":5,"href":"https:\/\/ikastikos-kiklos.com\/en\/wp-json\/wp\/v2\/pages\/41822\/revisions"}],"predecessor-version":[{"id":41930,"href":"https:\/\/ikastikos-kiklos.com\/en\/wp-json\/wp\/v2\/pages\/41822\/revisions\/41930"}],"wp:attachment":[{"href":"https:\/\/ikastikos-kiklos.com\/en\/wp-json\/wp\/v2\/media?parent=41822"}],"curies":[{"name":"wp","href":"https:\/\/api.w.org\/{rel}","templated":true}]}}