{"id":41276,"date":"2022-11-01T19:16:02","date_gmt":"2022-11-01T17:16:02","guid":{"rendered":"https:\/\/ikastikos-kiklos.com\/eros-kalos-exhibition-album-presentation-tedx-lamias\/"},"modified":"2022-11-01T19:17:59","modified_gmt":"2022-11-01T17:17:59","slug":"eros-kalos-exhibition-album-presentation-tedx-lamias","status":"publish","type":"page","link":"https:\/\/ikastikos-kiklos.com\/en\/eros-kalos-exhibition-album-presentation-tedx-lamias\/","title":{"rendered":"\u201cEros Kalos\u201d  Exhibition &#038; Album Presentation TedX Lamias"},"content":{"rendered":"<div class=\"wpb-content-wrapper\"><p>[vc_row][vc_column width=&#8221;2\/3&#8243;][vc_single_image image=&#8221;40996&#8243; img_size=&#8221;full&#8221;][vc_empty_space height=&#8221;15px&#8221;][vc_custom_heading text=&#8221;\u201cEros Kalos\u201d Exhibition &amp; Album Presentation TedX Lamias&#8221; google_fonts=&#8221;font_family:Ubuntu%3A300%2C300italic%2Cregular%2Citalic%2C500%2C500italic%2C700%2C700italic|font_style:400%20regular%3A400%3Anormal&#8221;][vc_empty_space height=&#8221;15px&#8221;][vc_column_text]On <strong>Saturday, October 8 at 20:00<\/strong>, the<strong> Sianti Gallery<\/strong> will be presenting the <strong>\u201cEros Kalos\u201d<\/strong> exhibition, along with <strong>an album under the same title<\/strong>, published by <strong>University Studio Press<\/strong>. Aiming to reveal a different angle of the human essence &#8211; that of Love as a motivating force of life &#8211; 21 accomplished visual artists will be depicting Eros as a flawless idea, rather than an ephemeral act. The depiction of physical beauty leads to the recognition of the superiority of inner beauty.<strong> During this search for the ideal, 21 important contemporary writers and poets will be putting into words the paths our desires take in order to meet with absolute, eternal, consistent, flawless beauty, in other words, with Love itself.<\/strong><\/p>\n<p>The idea of an album as an Ode to Love has been realized by art historian Manos Stefanidis, who is also the curator of the exhibition. As he himself states: <em>\u201cEros Kalos with 21 + 21 artists: What is happening here? A writing exercise transforming into an image. A collective experiment with old and future friends. As always, in the beginning there was the aleatory, a fragment. A random line, a trace, an abstract stroke on the white canvass, like a gold fly trapped inside a closed room. A suspicion of color. And then, there was movement. A meaningless back and forth, a bidirectional, equivocal, doubtful movement, a way of exorcising stasis, stillness and what\u2019s worse, stagnation. We always have to do something, even if we can\u2019t see the meaning of it. Even if we fail. Better still, we have to fail as best we can, in the way Beckett, the evangelist of the void, commands us. It all comes down to a line moving until it finds its own inner rhythm. A line not wanting to be beautiful, only aiming to be truthful. Like the trace of a seismographer\u2019s needle. The greater and more dangerous its range and density, the deeper its meaning and accuracy. The closer it is to truth. And then comes the rhythm, born through repetition. Simple, boring at first, more unexpected after a while. And much more interesting. And only then, when the line starts dancing on paper, can it begin to narrate a story. When the different languages of rhythm, poetry and painting intertwine. When all three become a whole. When they become music. Only then does our instinct speak from the deeper layers of existence. Only then comes expression. A work of art? Much more than that. A work of life.\u201d<\/em><\/p>\n<p>Regarding the visual presentation of Eros, <strong>Vasiliki Sianti, Managing Director of Sianti Gallery<\/strong>, notes that <em>\u201cNobody can remain untouched by the erotic passion, its crushing power and sentimental intensity. Art is deeply connected to passion and expression. Undoubtedly, eroticism is an intrinsic element of many artistic masterpieces, from Michelangelo to Picasso and from Klimt to Schiele, all of whom deified erotic pleasure, sometimes in a provocative and sometimes in a more sensual way. It is self-evident that woman and erotic love have always been a constant source of inspiration leading to great masterpieces.\u201d<\/em><\/p>\n<p>We must always keep in mind that love represents our inclination towards conquer, not conquer itself. This is the theory upon which the idea of platonic love is based, in the sense we give it nowadays: an ideal love not engulfing conquer. As the philosopher reminds us throughout the centuries:<em> \u201c\u2026If he comes to meet his better half \u2026 then the thrill becomes utterly overwhelming due to feelings of tenderness, common root and affection. The two of them cannot endure to be separated, even for a moment\u2026\u201d<\/em><br \/>\nAll because of the fact that this has always been our primal nature, a reminiscence of the time when we were truly whole.<br \/>\n<strong>And it is this yearning and this urge to become whole again, that we call Eros\u2026<\/strong><\/p>\n<p>The Writers: Katerina Aggelaki Rouk, Petra Agathokleous, Giorgos Aristinos, Alexandros Asonitis, Nasos Vagenas, Thanasis Valtinos, Haris Vlavianos, Tasos Goudelis, Kiki Dimoula, Maro Douka, Filips Drakontaidis Gianis Efstasiadis, Vaggelis Koumpoulis, Gianis Metaxas, Giorgos Markopoulos, Kostas Mavroudis, Michalis Modinos, Pavlina Pampoudi, Sakis Serefas, Manos Stefanidis, Aris Sfakianakis, Dimitra Christodoulou, Tilemachos Chitiris.<\/p>\n<p>The Artists: Dimitris Alithinos, Christos Antonaropoulos, Michalis Arfaras, Gianis Asimakopoulos, Giannis Valyrakis, Stathis Vatanidis, Giorgos Georgiadis, Andreas Devetzis, Christos Karas, Kiriakos Katzourakis, Thanasis Lalas, Marikita Manolopoulou, Maria Maragkoudaki, Gianis Moralis, Lila Belivanaki, Theodoros Papagianis, Aggelos Papadimitriou, Christina Papaioanou, Pavlos Samios, Panagiotis Siagris, Aggelos Spartalis, Kostas Spiriounis, Giorgos Stathopoulos, Konstantinos Tolis, Alekos Fasianos, Gianis Psichopedis.[\/vc_column_text][\/vc_column][vc_column width=&#8221;1\/3&#8243;][vc_custom_heading text=&#8221;Photos of exhibition&#8221; google_fonts=&#8221;font_family:Ubuntu%3A300%2C300italic%2Cregular%2Citalic%2C500%2C500italic%2C700%2C700italic|font_style:400%20regular%3A400%3Anormal&#8221;][vc_empty_space height=&#8221;15px&#8221;]<div class=\"nm-banner-slider slider-type-boxed slick-slider slick-controls-gray slick-dots-disabled\" data-arrows=\"true\" >\n\t\t\t<div class=\"nm-banner content-full image-type-fluid text-color-dark\" style=\"\"><img decoding=\"async\" src=\"https:\/\/ikastikos-kiklos.com\/wp-content\/uploads\/2022\/10\/c3d855bc-ea2f-448b-b5e5-444a4f195582.jpg\" alt=\"c3d855bc-ea2f-448b-b5e5-444a4f195582\" \/>\n\t\t\t<\/div>\n\t\t\t<div class=\"nm-banner content-full image-type-fluid text-color-dark\" style=\"\"><img decoding=\"async\" src=\"https:\/\/ikastikos-kiklos.com\/wp-content\/uploads\/2022\/10\/01a62636-2199-4bbf-ad5f-7f435aecd54a.jpg\" alt=\"01a62636-2199-4bbf-ad5f-7f435aecd54a\" \/>\n\t\t\t<\/div>\n\t\t\t<div class=\"nm-banner content-full image-type-fluid text-color-dark\" style=\"\"><img decoding=\"async\" src=\"https:\/\/ikastikos-kiklos.com\/wp-content\/uploads\/2022\/10\/3c441008-25cd-4450-bb0e-76db64b9eaf3.jpg\" alt=\"3c441008-25cd-4450-bb0e-76db64b9eaf3\" \/>\n\t\t\t<\/div>\n\t\t\t<div class=\"nm-banner content-full image-type-fluid text-color-dark\" style=\"\"><img decoding=\"async\" src=\"https:\/\/ikastikos-kiklos.com\/wp-content\/uploads\/2022\/10\/b6691162-2510-40b6-ae5b-3378b1f54799.jpg\" alt=\"b6691162-2510-40b6-ae5b-3378b1f54799\" \/>\n\t\t\t<\/div>\n\t\t\t<div class=\"nm-banner content-full image-type-fluid text-color-dark\" style=\"\"><img decoding=\"async\" src=\"https:\/\/ikastikos-kiklos.com\/wp-content\/uploads\/2022\/10\/cf3b2146-cc06-4e45-b751-b6f9308c659d.jpg\" alt=\"cf3b2146-cc06-4e45-b751-b6f9308c659d\" \/>\n\t\t\t<\/div>\n\t\t\t<div class=\"nm-banner content-full image-type-fluid text-color-dark\" style=\"\"><img decoding=\"async\" src=\"https:\/\/ikastikos-kiklos.com\/wp-content\/uploads\/2022\/10\/db4a21c3-fe79-404e-b980-0cc15d4e6afe.jpg\" alt=\"db4a21c3-fe79-404e-b980-0cc15d4e6afe\" \/>\n\t\t\t<\/div>\n\t\t\t<div class=\"nm-banner content-full image-type-fluid text-color-dark\" style=\"\"><img decoding=\"async\" src=\"https:\/\/ikastikos-kiklos.com\/wp-content\/uploads\/2022\/10\/fab91ae9-0012-4f69-907b-f28ffec56ec5.jpg\" alt=\"fab91ae9-0012-4f69-907b-f28ffec56ec5\" \/>\n\t\t\t<\/div><\/div>[vc_empty_space height=&#8221;15px&#8221;][vc_custom_heading text=&#8221;Photos of the opening&#8221; google_fonts=&#8221;font_family:Ubuntu%3A300%2C300italic%2Cregular%2Citalic%2C500%2C500italic%2C700%2C700italic|font_style:400%20regular%3A400%3Anormal&#8221;][vc_empty_space height=&#8221;15px&#8221;]<div class=\"nm-banner-slider slider-type-boxed slick-slider slick-controls-gray slick-dots-disabled\" data-arrows=\"true\" >\n\t\t\t<div class=\"nm-banner content-full image-type-fluid text-color-dark\" style=\"\"><img decoding=\"async\" src=\"https:\/\/ikastikos-kiklos.com\/wp-content\/uploads\/2022\/10\/78add13d-1487-4f29-910a-814d3ecc22bd.jpg\" alt=\"78add13d-1487-4f29-910a-814d3ecc22bd\" \/>\n\t\t\t<\/div>\n\t\t\t<div class=\"nm-banner content-full image-type-fluid text-color-dark\" style=\"\"><img decoding=\"async\" src=\"https:\/\/ikastikos-kiklos.com\/wp-content\/uploads\/2022\/10\/6b3995ec-5494-4bff-89ff-5f4aecbece2d.jpg\" alt=\"6b3995ec-5494-4bff-89ff-5f4aecbece2d\" \/>\n\t\t\t<\/div>\n\t\t\t<div class=\"nm-banner content-full image-type-fluid text-color-dark\" style=\"\"><img decoding=\"async\" src=\"https:\/\/ikastikos-kiklos.com\/wp-content\/uploads\/2022\/10\/344ddd53-0a95-4c0c-986d-c3fa9a1fffea.jpg\" alt=\"344ddd53-0a95-4c0c-986d-c3fa9a1fffea\" \/>\n\t\t\t<\/div>\n\t\t\t<div class=\"nm-banner content-full image-type-fluid text-color-dark\" style=\"\"><img decoding=\"async\" src=\"https:\/\/ikastikos-kiklos.com\/wp-content\/uploads\/2022\/10\/26668ea4-b30f-4273-8f66-3342209313a2.jpg\" alt=\"26668ea4-b30f-4273-8f66-3342209313a2\" \/>\n\t\t\t<\/div>\n\t\t\t<div class=\"nm-banner content-full image-type-fluid text-color-dark\" style=\"\"><img decoding=\"async\" src=\"https:\/\/ikastikos-kiklos.com\/wp-content\/uploads\/2022\/10\/ac895518-db44-44e4-b8e6-328671f65084.jpg\" alt=\"ac895518-db44-44e4-b8e6-328671f65084\" \/>\n\t\t\t<\/div><\/div>[\/vc_column][\/vc_row]<\/p>\n<\/div>","protected":false},"excerpt":{"rendered":"<p>[vc_row][vc_column width=&#8221;2\/3&#8243;][vc_single_image image=&#8221;40996&#8243; img_size=&#8221;full&#8221;][vc_empty_space height=&#8221;15px&#8221;][vc_custom_heading text=&#8221;\u201cEros Kalos\u201d Exhibition &amp; Album Presentation TedX Lamias&#8221; google_fonts=&#8221;font_family:Ubuntu%3A300%2C300italic%2Cregular%2Citalic%2C500%2C500italic%2C700%2C700italic|font_style:400%20regular%3A400%3Anormal&#8221;][vc_empty_space height=&#8221;15px&#8221;][vc_column_text]On &hellip;<\/p>\n","protected":false},"author":3,"featured_media":0,"parent":0,"menu_order":0,"comment_status":"closed","ping_status":"closed","template":"","meta":{"ngg_post_thumbnail":0,"footnotes":""},"class_list":["post-41276","page","type-page","status-publish","hentry"],"yoast_head":"<!-- This site is optimized with the Yoast SEO plugin v27.2 - https:\/\/yoast.com\/product\/yoast-seo-wordpress\/ -->\n<title>\u201cEros Kalos\u201d Exhibition &amp; Album Presentation TedX Lamias - Ikastikos Kiklos - Zografik\u00ed - Metaxotyp\u00edes - T\u00e9chniPainting - Silk Screen - Art<\/title>\n<meta name=\"robots\" content=\"index, follow, max-snippet:-1, max-image-preview:large, max-video-preview:-1\" \/>\n<link rel=\"canonical\" href=\"https:\/\/ikastikos-kiklos.com\/en\/eros-kalos-exhibition-album-presentation-tedx-lamias\/\" \/>\n<meta property=\"og:locale\" content=\"en_US\" \/>\n<meta property=\"og:type\" content=\"article\" \/>\n<meta property=\"og:title\" content=\"\u201cEros Kalos\u201d Exhibition &amp; Album Presentation TedX Lamias - Ikastikos Kiklos - Zografik\u00ed - Metaxotyp\u00edes - T\u00e9chniPainting - Silk Screen - Art\" \/>\n<meta property=\"og:url\" content=\"https:\/\/ikastikos-kiklos.com\/en\/eros-kalos-exhibition-album-presentation-tedx-lamias\/\" \/>\n<meta property=\"og:site_name\" content=\"Ikastikos Kiklos - Zografik\u00ed - Metaxotyp\u00edes - T\u00e9chniPainting - Silk Screen - Art\" \/>\n<meta property=\"article:publisher\" content=\"https:\/\/www.facebook.com\/ikastikoskiklossianti\/\" \/>\n<meta property=\"article:modified_time\" content=\"2022-11-01T17:17:59+00:00\" \/>\n<meta name=\"twitter:card\" content=\"summary_large_image\" \/>\n<meta name=\"twitter:label1\" content=\"Est. reading time\" \/>\n\t<meta name=\"twitter:data1\" content=\"5 minutes\" \/>\n<script type=\"application\/ld+json\" class=\"yoast-schema-graph\">{\"@context\":\"https:\/\/schema.org\",\"@graph\":[{\"@type\":\"WebPage\",\"@id\":\"https:\/\/ikastikos-kiklos.com\/en\/eros-kalos-exhibition-album-presentation-tedx-lamias\/\",\"url\":\"https:\/\/ikastikos-kiklos.com\/en\/eros-kalos-exhibition-album-presentation-tedx-lamias\/\",\"name\":\"\u201cEros Kalos\u201d Exhibition & Album Presentation TedX Lamias - Ikastikos Kiklos - Zografik\u00ed - Metaxotyp\u00edes - T\u00e9chniPainting - Silk Screen - Art\",\"isPartOf\":{\"@id\":\"https:\/\/ikastikos-kiklos.com\/en\/#website\"},\"datePublished\":\"2022-11-01T17:16:02+00:00\",\"dateModified\":\"2022-11-01T17:17:59+00:00\",\"breadcrumb\":{\"@id\":\"https:\/\/ikastikos-kiklos.com\/en\/eros-kalos-exhibition-album-presentation-tedx-lamias\/#breadcrumb\"},\"inLanguage\":\"en-US\",\"potentialAction\":[{\"@type\":\"ReadAction\",\"target\":[\"https:\/\/ikastikos-kiklos.com\/en\/eros-kalos-exhibition-album-presentation-tedx-lamias\/\"]}]},{\"@type\":\"BreadcrumbList\",\"@id\":\"https:\/\/ikastikos-kiklos.com\/en\/eros-kalos-exhibition-album-presentation-tedx-lamias\/#breadcrumb\",\"itemListElement\":[{\"@type\":\"ListItem\",\"position\":1,\"name\":\"Home\",\"item\":\"https:\/\/ikastikos-kiklos.com\/en\/\"},{\"@type\":\"ListItem\",\"position\":2,\"name\":\"\u201cEros Kalos\u201d Exhibition &#038; Album Presentation TedX Lamias\"}]},{\"@type\":\"WebSite\",\"@id\":\"https:\/\/ikastikos-kiklos.com\/en\/#website\",\"url\":\"https:\/\/ikastikos-kiklos.com\/en\/\",\"name\":\"Ikastikos Kiklos - Zografik\u00ed - Metaxotyp\u00edes - T\u00e9chniPainting - Silk Screen - Art\",\"description\":\"\",\"publisher\":{\"@id\":\"https:\/\/ikastikos-kiklos.com\/en\/#organization\"},\"potentialAction\":[{\"@type\":\"SearchAction\",\"target\":{\"@type\":\"EntryPoint\",\"urlTemplate\":\"https:\/\/ikastikos-kiklos.com\/en\/?s={search_term_string}\"},\"query-input\":{\"@type\":\"PropertyValueSpecification\",\"valueRequired\":true,\"valueName\":\"search_term_string\"}}],\"inLanguage\":\"en-US\"},{\"@type\":\"Organization\",\"@id\":\"https:\/\/ikastikos-kiklos.com\/en\/#organization\",\"name\":\"Ikastikos Kiklos - Zografik\u00ed - Metaxotyp\u00edes - T\u00e9chniPainting - Silk Screen - Art\",\"url\":\"https:\/\/ikastikos-kiklos.com\/en\/\",\"logo\":{\"@type\":\"ImageObject\",\"inLanguage\":\"en-US\",\"@id\":\"https:\/\/ikastikos-kiklos.com\/en\/#\/schema\/logo\/image\/\",\"url\":\"https:\/\/ikastikos-kiklos.com\/wp-content\/uploads\/2022\/10\/cropped-favicon_ikastikos.png\",\"contentUrl\":\"https:\/\/ikastikos-kiklos.com\/wp-content\/uploads\/2022\/10\/cropped-favicon_ikastikos.png\",\"width\":512,\"height\":512,\"caption\":\"Ikastikos Kiklos - Zografik\u00ed - Metaxotyp\u00edes - T\u00e9chniPainting - Silk Screen - Art\"},\"image\":{\"@id\":\"https:\/\/ikastikos-kiklos.com\/en\/#\/schema\/logo\/image\/\"},\"sameAs\":[\"https:\/\/www.facebook.com\/ikastikoskiklossianti\/\"]}]}<\/script>\n<!-- \/ Yoast SEO plugin. -->","yoast_head_json":{"title":"\u201cEros Kalos\u201d Exhibition & Album Presentation TedX Lamias - Ikastikos Kiklos - Zografik\u00ed - Metaxotyp\u00edes - T\u00e9chniPainting - Silk Screen - Art","robots":{"index":"index","follow":"follow","max-snippet":"max-snippet:-1","max-image-preview":"max-image-preview:large","max-video-preview":"max-video-preview:-1"},"canonical":"https:\/\/ikastikos-kiklos.com\/en\/eros-kalos-exhibition-album-presentation-tedx-lamias\/","og_locale":"en_US","og_type":"article","og_title":"\u201cEros Kalos\u201d Exhibition & Album Presentation TedX Lamias - Ikastikos Kiklos - Zografik\u00ed - Metaxotyp\u00edes - T\u00e9chniPainting - Silk Screen - Art","og_url":"https:\/\/ikastikos-kiklos.com\/en\/eros-kalos-exhibition-album-presentation-tedx-lamias\/","og_site_name":"Ikastikos Kiklos - Zografik\u00ed - Metaxotyp\u00edes - T\u00e9chniPainting - Silk Screen - Art","article_publisher":"https:\/\/www.facebook.com\/ikastikoskiklossianti\/","article_modified_time":"2022-11-01T17:17:59+00:00","twitter_card":"summary_large_image","twitter_misc":{"Est. reading time":"5 minutes"},"schema":{"@context":"https:\/\/schema.org","@graph":[{"@type":"WebPage","@id":"https:\/\/ikastikos-kiklos.com\/en\/eros-kalos-exhibition-album-presentation-tedx-lamias\/","url":"https:\/\/ikastikos-kiklos.com\/en\/eros-kalos-exhibition-album-presentation-tedx-lamias\/","name":"\u201cEros Kalos\u201d Exhibition & Album Presentation TedX Lamias - Ikastikos Kiklos - Zografik\u00ed - Metaxotyp\u00edes - T\u00e9chniPainting - Silk Screen - Art","isPartOf":{"@id":"https:\/\/ikastikos-kiklos.com\/en\/#website"},"datePublished":"2022-11-01T17:16:02+00:00","dateModified":"2022-11-01T17:17:59+00:00","breadcrumb":{"@id":"https:\/\/ikastikos-kiklos.com\/en\/eros-kalos-exhibition-album-presentation-tedx-lamias\/#breadcrumb"},"inLanguage":"en-US","potentialAction":[{"@type":"ReadAction","target":["https:\/\/ikastikos-kiklos.com\/en\/eros-kalos-exhibition-album-presentation-tedx-lamias\/"]}]},{"@type":"BreadcrumbList","@id":"https:\/\/ikastikos-kiklos.com\/en\/eros-kalos-exhibition-album-presentation-tedx-lamias\/#breadcrumb","itemListElement":[{"@type":"ListItem","position":1,"name":"Home","item":"https:\/\/ikastikos-kiklos.com\/en\/"},{"@type":"ListItem","position":2,"name":"\u201cEros Kalos\u201d Exhibition &#038; Album Presentation TedX Lamias"}]},{"@type":"WebSite","@id":"https:\/\/ikastikos-kiklos.com\/en\/#website","url":"https:\/\/ikastikos-kiklos.com\/en\/","name":"Ikastikos Kiklos - Zografik\u00ed - Metaxotyp\u00edes - T\u00e9chniPainting - Silk Screen - Art","description":"","publisher":{"@id":"https:\/\/ikastikos-kiklos.com\/en\/#organization"},"potentialAction":[{"@type":"SearchAction","target":{"@type":"EntryPoint","urlTemplate":"https:\/\/ikastikos-kiklos.com\/en\/?s={search_term_string}"},"query-input":{"@type":"PropertyValueSpecification","valueRequired":true,"valueName":"search_term_string"}}],"inLanguage":"en-US"},{"@type":"Organization","@id":"https:\/\/ikastikos-kiklos.com\/en\/#organization","name":"Ikastikos Kiklos - Zografik\u00ed - Metaxotyp\u00edes - T\u00e9chniPainting - Silk Screen - Art","url":"https:\/\/ikastikos-kiklos.com\/en\/","logo":{"@type":"ImageObject","inLanguage":"en-US","@id":"https:\/\/ikastikos-kiklos.com\/en\/#\/schema\/logo\/image\/","url":"https:\/\/ikastikos-kiklos.com\/wp-content\/uploads\/2022\/10\/cropped-favicon_ikastikos.png","contentUrl":"https:\/\/ikastikos-kiklos.com\/wp-content\/uploads\/2022\/10\/cropped-favicon_ikastikos.png","width":512,"height":512,"caption":"Ikastikos Kiklos - Zografik\u00ed - Metaxotyp\u00edes - T\u00e9chniPainting - Silk Screen - Art"},"image":{"@id":"https:\/\/ikastikos-kiklos.com\/en\/#\/schema\/logo\/image\/"},"sameAs":["https:\/\/www.facebook.com\/ikastikoskiklossianti\/"]}]}},"_links":{"self":[{"href":"https:\/\/ikastikos-kiklos.com\/en\/wp-json\/wp\/v2\/pages\/41276","targetHints":{"allow":["GET"]}}],"collection":[{"href":"https:\/\/ikastikos-kiklos.com\/en\/wp-json\/wp\/v2\/pages"}],"about":[{"href":"https:\/\/ikastikos-kiklos.com\/en\/wp-json\/wp\/v2\/types\/page"}],"author":[{"embeddable":true,"href":"https:\/\/ikastikos-kiklos.com\/en\/wp-json\/wp\/v2\/users\/3"}],"replies":[{"embeddable":true,"href":"https:\/\/ikastikos-kiklos.com\/en\/wp-json\/wp\/v2\/comments?post=41276"}],"version-history":[{"count":3,"href":"https:\/\/ikastikos-kiklos.com\/en\/wp-json\/wp\/v2\/pages\/41276\/revisions"}],"predecessor-version":[{"id":41279,"href":"https:\/\/ikastikos-kiklos.com\/en\/wp-json\/wp\/v2\/pages\/41276\/revisions\/41279"}],"wp:attachment":[{"href":"https:\/\/ikastikos-kiklos.com\/en\/wp-json\/wp\/v2\/media?parent=41276"}],"curies":[{"name":"wp","href":"https:\/\/api.w.org\/{rel}","templated":true}]}}