{"id":39255,"date":"2022-05-27T19:31:39","date_gmt":"2022-05-27T16:31:39","guid":{"rendered":"https:\/\/ikastikos-kiklos.com\/group-exhibition-art-your-pet\/"},"modified":"2022-07-06T18:00:27","modified_gmt":"2022-07-06T15:00:27","slug":"group-exhibition-art-your-pet","status":"publish","type":"page","link":"https:\/\/ikastikos-kiklos.com\/en\/group-exhibition-art-your-pet\/","title":{"rendered":"Group Exhibition &#8220;Art Your Pet&#8221;"},"content":{"rendered":"<div class=\"wpb-content-wrapper\"><p>[vc_row css=&#8221;.vc_custom_1506373769777{background-color: #ffffff !important;}&#8221;][vc_column width=&#8221;2\/3&#8243;][vc_empty_space height=&#8221;30px&#8221;][vc_single_image image=&#8221;40028&#8243; img_size=&#8221;full&#8221; alignment=&#8221;center&#8221;][vc_empty_space height=&#8221;25px&#8221;][vc_column_text]On <strong>Saturday, June 4, 2022 at 12:00<\/strong>, <strong>Sianti Gallery<\/strong>, in collaboration with the <strong>Your Pet company<\/strong>, proudly presents a group exhibition under the title <strong>\u201cArt Your Pet\u201d<\/strong>. It includes works created by<strong> 36 different artists which are dedicated to our little pet friends<\/strong>. The idea of the exhibition was conceived by <strong>Thodoris Siantis<\/strong> and <strong>Eugenia Samara<\/strong>, cofounders of the Your Pet company. Your Pet is the first Greek application &#8211; and You Tube channel &#8211; offering help in cases of pet disappearances and adoptions and is already <strong>counting 20.000 members since its launch in September, 2021<\/strong>. Art Your Pet is an exhibition of charitable character since most of the revenues <strong>will be donated to the Animal Welfare Association of Megara \u201cZEM RESCUE\u201d<\/strong>.<\/p>\n<p>As it is broadly known, animals \u2013 whether used as symbols, \u201cornamental features\u201d, mythical or divine creatures, tokens of the close relationship between man and animal, or simply as a favorite artistic theme \u2013 <strong>have always had a prominent position in artistic expression, from the prehistoric age until now<\/strong>. They have adorned and continue to do so \u2013 rocks, walls, ceilings, temples, paintings, even human bodies, in various depictive ways, with a tremendous variety of color, through the prism of each artist\u2019s personal sensitivity and each historical era\u2019s special traits.<\/p>\n<p>As <strong>Manos Stefanidis<\/strong>, art historian and curator of the exhibition, states: <em>\u201cArt Your Pet. I think it is very important to keep reminding everyone around us of the great debt we, the so-called \u2018rational\u2019 beings, owe to the rest of the planet\u2019s animal kingdom which we often refer to as \u2018irrational\u2019. For we must never forget that most of the highest human qualities, such as sensitivity, unselfishness or devotion are more evident in the animal world. It is very sad, but also very true, that man, primarily through his technological civilization, represents a grave and escalating danger for our planet, threatening most of the Earth\u2019s fauna and flora with extinction. The Sianti Gallery and Your Pet must, therefore, be commented on their effort to co organize an exhibition of paintings, sculptures, installations and video art centered around our pet friends. Our friends which are undoubtedly our victims, as well. But what about us? This is precisely why we need Art, the highest and foremost expression of human civilization. We need it to sensitize and motivate us. To make us a bit more human. In the same ways our relationship with animals makes us a bit more human\u201d<\/em>.<\/p>\n<p>In the end of the day, no matter how strange our times may be, we ought to be grateful for the fact that animals are willing to put up with all of our peculiarities, to stand by our side in our darkest moments, always ready to comfort and love us. <strong>For we should acknowledge that animals are all that is left of a Paradise lost. And the love that we show them always comes back to us a million times stronger, though in a different form.<\/strong><\/p>\n<p><strong>Artists:<\/strong> Christos Antonaropoulos, Stathis Alexopoulos, Arkas, Yiakou, Leonidas Giannakopoulos, Gagik Altounian, Katerina Dimitriadou, Irini Kana, Christos Kanas, Michalis Kountouris, Kostas Lavdas, Minas, Lila Belivanaki, Dimitris Mytaras, Kostas Dios, Syni Papagianni, Thodoros Papagiannis, Vivi Papadimitriou, Christina Papaioannou, Achilleas Pistonis, Thodoris Raftopoulos, Christos Sarakatsianos,&nbsp; Vasilis Selimas, Panagiotis Siagris, Agelos Spartalis, Kostas Spiriounis, Giorgos Stathopoulos, Ariadni Stefanidou, Maira Stefou, Konstantinos Tolis, Maritasa Tsiblaki, Alekos Fasianos, Sofia Fotiadou, Apostolos Chantzaras, Manolis Charos, Thodoris Chrisikos[\/vc_column_text][vc_empty_space height=&#8221;20px&#8221;][\/vc_column][vc_column width=&#8221;1\/3&#8243; css=&#8221;.vc_custom_1506373833697{background-color: #f2f2f2 !important;}&#8221;]<div class=\"nm-banner-slider slider-type-boxed slick-slider slick-controls-gray slick-dots-disabled\" data-arrows=\"true\" data-infinite=\"true\">\n\t\t\t<div class=\"nm-banner content-full image-type-fluid text-color-dark\" style=\"\"><img decoding=\"async\" src=\"https:\/\/ikastikos-kiklos.com\/wp-content\/uploads\/2022\/05\/\u03c3\u03b1\u03c1\u03b1\u03ba\u03b1\u03c4\u03c3\u03b9\u03b1\u03bd\u03bf\u03c2.jpg\" alt=\"YOUR PET new bu:Layout 1\" \/>\n\t\t\t<\/div><\/div>[vc_empty_space height=&#8221;20px&#8221;][vc_column_text]<\/p>\n<p class=\"event-page__location-title\"><strong>OPENING<\/strong><br \/>\nSaruday 4 June 2022, at 12:00<\/p>\n<p><strong>DURATION<\/strong><br \/>\nSaturday 4 June \u2013 Saturday 23 July 2022<\/p>\n<h5 class=\"event-page__location-title\">VENUE<\/h5>\n<div class=\"event-page__location-details\">Sianti Gallery<br \/>\nVas. Alexandrou 2 &amp; Michalakopoulou, Athens 116 34,<br \/>\nT. 210 7245432 , 210 3648335, E. info@siantigallery.com<\/div>\n<p>[\/vc_column_text][vc_empty_space height=&#8221;30px&#8221;]\n\t\t\t<div class=\"nm_btn_align_left\">\n\t\t\t\t<a href=\"https:\/\/www.facebook.com\/events\/1164768124356868?ref=newsfeed\" class=\"nm_btn nm_btn_lg nm_btn_filled\"target=\"_blank\">\n\t\t\t\t\t<span class=\"nm_btn_title\">\u039c\u03a0\u0395\u0399\u03a4\u0395 \u03a3\u03a4\u039f EVENT<\/span>\n\t\t\t\t\t<span class=\"nm_btn_bg\" style=\"background-color:#ffd400;\"><\/span>\n\t\t\t\t<\/a>\n\t\t\t<\/div>[vc_empty_space height=&#8221;30px&#8221;][vc_empty_space height=&#8221;30px&#8221;][\/vc_column][\/vc_row][vc_row type=&#8221;full-nopad&#8221;][vc_column][vc_empty_space height=&#8221;25px&#8221;][vc_column_text]<\/p>\n<h3>SPONSORED BY<\/h3>\n<p>[\/vc_column_text][vc_empty_space height=&#8221;25px&#8221;][\/vc_column][\/vc_row][vc_row type=&#8221;full-nopad&#8221;][vc_column width=&#8221;1\/3&#8243;][vc_single_image image=&#8221;39241&#8243; img_size=&#8221;full&#8221;][\/vc_column][vc_column width=&#8221;1\/3&#8243;][vc_column_text]The highest and noblest human creation, art, could not ignore animals. From the first works of human art in the caves of the Paleolithic era, ancient Egyptian art and classical antiquity later, to modern art today, human art has always approached and approaches with admiration and respect, the world of animals. I wish all other human activities approached their roommates on our planet in the same way.<\/p>\n<p>Non-artists, the employees of Placentia Veterinary Clinic express through our medical activity our love for animals, protecting their health and trying to alleviate their pain. However, every day, the beautiful STMTS graffiti that beautifies our Clinic, remind us that the love for our little companions can have many expressions. We are very glad that we were given the opportunity to participate with our sponsorship in the art exhibition Art Your Pet in which so many and so remarkable artists take part. It is an opportunity to emphasize with them that the manifestation of love for animals from different angles, has a multiplier power.<\/p>\n<p style=\"text-align: right;\">Ignatios Liapis<\/p>\n<p>[\/vc_column_text][\/vc_column][vc_column width=&#8221;1\/3&#8243;][vc_single_image image=&#8221;39243&#8243; img_size=&#8221;full&#8221;][\/vc_column][\/vc_row][vc_row][vc_column][vc_column_text]<iframe loading=\"lazy\" style=\"border: 0;\" src=\"https:\/\/www.google.com\/maps\/embed?pb=!1m14!1m8!1m3!1d12580.474045613635!2d23.7501733!3d37.9743635!3m2!1i1024!2i768!4f13.1!3m3!1m2!1s0x0%3A0x564d5da3e3234fed!2zzpXOuc66zrHPg8-EzrnOus-Mz4IgzprPjc66zrvOv8-C!5e0!3m2!1sen!2sus!4v1480363720394\" width=\"100%\" height=\"375\" frameborder=\"0\" allowfullscreen=\"allowfullscreen\"><\/iframe>[\/vc_column_text][\/vc_column][\/vc_row]<\/p>\n<\/div>","protected":false},"excerpt":{"rendered":"<p>[vc_row css=&#8221;.vc_custom_1506373769777{background-color: #ffffff !important;}&#8221;][vc_column width=&#8221;2\/3&#8243;][vc_empty_space height=&#8221;30px&#8221;][vc_single_image image=&#8221;40028&#8243; img_size=&#8221;full&#8221; alignment=&#8221;center&#8221;][vc_empty_space height=&#8221;25px&#8221;][vc_column_text]On Saturday, June 4, 2022 at &hellip;<\/p>\n","protected":false},"author":3,"featured_media":0,"parent":0,"menu_order":0,"comment_status":"closed","ping_status":"closed","template":"","meta":{"ngg_post_thumbnail":0,"footnotes":""},"class_list":["post-39255","page","type-page","status-publish","hentry"],"yoast_head":"<!-- This site is optimized with the Yoast SEO plugin v27.2 - https:\/\/yoast.com\/product\/yoast-seo-wordpress\/ -->\n<title>Group Exhibition &quot;Art Your Pet&quot;<\/title>\n<meta name=\"description\" content=\"Group Exhibition &quot;Art Your Pet&quot; from June 4 to July 2, 2022\" \/>\n<meta name=\"robots\" content=\"index, follow, max-snippet:-1, max-image-preview:large, max-video-preview:-1\" \/>\n<link rel=\"canonical\" href=\"https:\/\/ikastikos-kiklos.com\/en\/group-exhibition-art-your-pet\/\" \/>\n<meta property=\"og:locale\" content=\"en_US\" \/>\n<meta property=\"og:type\" content=\"article\" \/>\n<meta property=\"og:title\" content=\"Group Exhibition &quot;Art Your Pet&quot;\" \/>\n<meta property=\"og:description\" content=\"Group Exhibition &quot;Art Your Pet&quot; from June 4 to July 2, 2022\" \/>\n<meta property=\"og:url\" content=\"https:\/\/ikastikos-kiklos.com\/en\/group-exhibition-art-your-pet\/\" \/>\n<meta property=\"og:site_name\" content=\"Ikastikos Kiklos - Zografik\u00ed - Metaxotyp\u00edes - T\u00e9chniPainting - Silk Screen - Art\" \/>\n<meta property=\"article:publisher\" content=\"https:\/\/www.facebook.com\/ikastikoskiklossianti\/\" \/>\n<meta property=\"article:modified_time\" content=\"2022-07-06T15:00:27+00:00\" \/>\n<meta name=\"twitter:card\" content=\"summary_large_image\" \/>\n<meta name=\"twitter:label1\" content=\"Est. reading time\" \/>\n\t<meta name=\"twitter:data1\" content=\"5 minutes\" \/>\n<script type=\"application\/ld+json\" class=\"yoast-schema-graph\">{\"@context\":\"https:\/\/schema.org\",\"@graph\":[{\"@type\":\"WebPage\",\"@id\":\"https:\/\/ikastikos-kiklos.com\/en\/group-exhibition-art-your-pet\/\",\"url\":\"https:\/\/ikastikos-kiklos.com\/en\/group-exhibition-art-your-pet\/\",\"name\":\"Group Exhibition \\\"Art Your Pet\\\"\",\"isPartOf\":{\"@id\":\"https:\/\/ikastikos-kiklos.com\/en\/#website\"},\"datePublished\":\"2022-05-27T16:31:39+00:00\",\"dateModified\":\"2022-07-06T15:00:27+00:00\",\"description\":\"Group Exhibition \\\"Art Your Pet\\\" from June 4 to July 2, 2022\",\"breadcrumb\":{\"@id\":\"https:\/\/ikastikos-kiklos.com\/en\/group-exhibition-art-your-pet\/#breadcrumb\"},\"inLanguage\":\"en-US\",\"potentialAction\":[{\"@type\":\"ReadAction\",\"target\":[\"https:\/\/ikastikos-kiklos.com\/en\/group-exhibition-art-your-pet\/\"]}]},{\"@type\":\"BreadcrumbList\",\"@id\":\"https:\/\/ikastikos-kiklos.com\/en\/group-exhibition-art-your-pet\/#breadcrumb\",\"itemListElement\":[{\"@type\":\"ListItem\",\"position\":1,\"name\":\"Home\",\"item\":\"https:\/\/ikastikos-kiklos.com\/en\/\"},{\"@type\":\"ListItem\",\"position\":2,\"name\":\"Group Exhibition &#8220;Art Your Pet&#8221;\"}]},{\"@type\":\"WebSite\",\"@id\":\"https:\/\/ikastikos-kiklos.com\/en\/#website\",\"url\":\"https:\/\/ikastikos-kiklos.com\/en\/\",\"name\":\"Ikastikos Kiklos - Zografik\u00ed - Metaxotyp\u00edes - T\u00e9chniPainting - Silk Screen - Art\",\"description\":\"\",\"publisher\":{\"@id\":\"https:\/\/ikastikos-kiklos.com\/en\/#organization\"},\"potentialAction\":[{\"@type\":\"SearchAction\",\"target\":{\"@type\":\"EntryPoint\",\"urlTemplate\":\"https:\/\/ikastikos-kiklos.com\/en\/?s={search_term_string}\"},\"query-input\":{\"@type\":\"PropertyValueSpecification\",\"valueRequired\":true,\"valueName\":\"search_term_string\"}}],\"inLanguage\":\"en-US\"},{\"@type\":\"Organization\",\"@id\":\"https:\/\/ikastikos-kiklos.com\/en\/#organization\",\"name\":\"Ikastikos Kiklos - Zografik\u00ed - Metaxotyp\u00edes - T\u00e9chniPainting - Silk Screen - Art\",\"url\":\"https:\/\/ikastikos-kiklos.com\/en\/\",\"logo\":{\"@type\":\"ImageObject\",\"inLanguage\":\"en-US\",\"@id\":\"https:\/\/ikastikos-kiklos.com\/en\/#\/schema\/logo\/image\/\",\"url\":\"https:\/\/ikastikos-kiklos.com\/wp-content\/uploads\/2022\/10\/cropped-favicon_ikastikos.png\",\"contentUrl\":\"https:\/\/ikastikos-kiklos.com\/wp-content\/uploads\/2022\/10\/cropped-favicon_ikastikos.png\",\"width\":512,\"height\":512,\"caption\":\"Ikastikos Kiklos - Zografik\u00ed - Metaxotyp\u00edes - T\u00e9chniPainting - Silk Screen - Art\"},\"image\":{\"@id\":\"https:\/\/ikastikos-kiklos.com\/en\/#\/schema\/logo\/image\/\"},\"sameAs\":[\"https:\/\/www.facebook.com\/ikastikoskiklossianti\/\"]}]}<\/script>\n<!-- \/ Yoast SEO plugin. -->","yoast_head_json":{"title":"Group Exhibition \"Art Your Pet\"","description":"Group Exhibition \"Art Your Pet\" from June 4 to July 2, 2022","robots":{"index":"index","follow":"follow","max-snippet":"max-snippet:-1","max-image-preview":"max-image-preview:large","max-video-preview":"max-video-preview:-1"},"canonical":"https:\/\/ikastikos-kiklos.com\/en\/group-exhibition-art-your-pet\/","og_locale":"en_US","og_type":"article","og_title":"Group Exhibition \"Art Your Pet\"","og_description":"Group Exhibition \"Art Your Pet\" from June 4 to July 2, 2022","og_url":"https:\/\/ikastikos-kiklos.com\/en\/group-exhibition-art-your-pet\/","og_site_name":"Ikastikos Kiklos - Zografik\u00ed - Metaxotyp\u00edes - T\u00e9chniPainting - Silk Screen - Art","article_publisher":"https:\/\/www.facebook.com\/ikastikoskiklossianti\/","article_modified_time":"2022-07-06T15:00:27+00:00","twitter_card":"summary_large_image","twitter_misc":{"Est. reading time":"5 minutes"},"schema":{"@context":"https:\/\/schema.org","@graph":[{"@type":"WebPage","@id":"https:\/\/ikastikos-kiklos.com\/en\/group-exhibition-art-your-pet\/","url":"https:\/\/ikastikos-kiklos.com\/en\/group-exhibition-art-your-pet\/","name":"Group Exhibition \"Art Your Pet\"","isPartOf":{"@id":"https:\/\/ikastikos-kiklos.com\/en\/#website"},"datePublished":"2022-05-27T16:31:39+00:00","dateModified":"2022-07-06T15:00:27+00:00","description":"Group Exhibition \"Art Your Pet\" from June 4 to July 2, 2022","breadcrumb":{"@id":"https:\/\/ikastikos-kiklos.com\/en\/group-exhibition-art-your-pet\/#breadcrumb"},"inLanguage":"en-US","potentialAction":[{"@type":"ReadAction","target":["https:\/\/ikastikos-kiklos.com\/en\/group-exhibition-art-your-pet\/"]}]},{"@type":"BreadcrumbList","@id":"https:\/\/ikastikos-kiklos.com\/en\/group-exhibition-art-your-pet\/#breadcrumb","itemListElement":[{"@type":"ListItem","position":1,"name":"Home","item":"https:\/\/ikastikos-kiklos.com\/en\/"},{"@type":"ListItem","position":2,"name":"Group Exhibition &#8220;Art Your Pet&#8221;"}]},{"@type":"WebSite","@id":"https:\/\/ikastikos-kiklos.com\/en\/#website","url":"https:\/\/ikastikos-kiklos.com\/en\/","name":"Ikastikos Kiklos - Zografik\u00ed - Metaxotyp\u00edes - T\u00e9chniPainting - Silk Screen - Art","description":"","publisher":{"@id":"https:\/\/ikastikos-kiklos.com\/en\/#organization"},"potentialAction":[{"@type":"SearchAction","target":{"@type":"EntryPoint","urlTemplate":"https:\/\/ikastikos-kiklos.com\/en\/?s={search_term_string}"},"query-input":{"@type":"PropertyValueSpecification","valueRequired":true,"valueName":"search_term_string"}}],"inLanguage":"en-US"},{"@type":"Organization","@id":"https:\/\/ikastikos-kiklos.com\/en\/#organization","name":"Ikastikos Kiklos - Zografik\u00ed - Metaxotyp\u00edes - T\u00e9chniPainting - Silk Screen - Art","url":"https:\/\/ikastikos-kiklos.com\/en\/","logo":{"@type":"ImageObject","inLanguage":"en-US","@id":"https:\/\/ikastikos-kiklos.com\/en\/#\/schema\/logo\/image\/","url":"https:\/\/ikastikos-kiklos.com\/wp-content\/uploads\/2022\/10\/cropped-favicon_ikastikos.png","contentUrl":"https:\/\/ikastikos-kiklos.com\/wp-content\/uploads\/2022\/10\/cropped-favicon_ikastikos.png","width":512,"height":512,"caption":"Ikastikos Kiklos - Zografik\u00ed - Metaxotyp\u00edes - T\u00e9chniPainting - Silk Screen - Art"},"image":{"@id":"https:\/\/ikastikos-kiklos.com\/en\/#\/schema\/logo\/image\/"},"sameAs":["https:\/\/www.facebook.com\/ikastikoskiklossianti\/"]}]}},"_links":{"self":[{"href":"https:\/\/ikastikos-kiklos.com\/en\/wp-json\/wp\/v2\/pages\/39255","targetHints":{"allow":["GET"]}}],"collection":[{"href":"https:\/\/ikastikos-kiklos.com\/en\/wp-json\/wp\/v2\/pages"}],"about":[{"href":"https:\/\/ikastikos-kiklos.com\/en\/wp-json\/wp\/v2\/types\/page"}],"author":[{"embeddable":true,"href":"https:\/\/ikastikos-kiklos.com\/en\/wp-json\/wp\/v2\/users\/3"}],"replies":[{"embeddable":true,"href":"https:\/\/ikastikos-kiklos.com\/en\/wp-json\/wp\/v2\/comments?post=39255"}],"version-history":[{"count":5,"href":"https:\/\/ikastikos-kiklos.com\/en\/wp-json\/wp\/v2\/pages\/39255\/revisions"}],"predecessor-version":[{"id":40030,"href":"https:\/\/ikastikos-kiklos.com\/en\/wp-json\/wp\/v2\/pages\/39255\/revisions\/40030"}],"wp:attachment":[{"href":"https:\/\/ikastikos-kiklos.com\/en\/wp-json\/wp\/v2\/media?parent=39255"}],"curies":[{"name":"wp","href":"https:\/\/api.w.org\/{rel}","templated":true}]}}