{"id":38856,"date":"2022-04-29T08:13:39","date_gmt":"2022-04-29T05:13:39","guid":{"rendered":"https:\/\/ikastikos-kiklos.com\/solo-exhibition-let-the-lion-talk-christina-papaioannou\/"},"modified":"2022-05-11T21:13:04","modified_gmt":"2022-05-11T18:13:04","slug":"solo-exhibition-let-the-lion-talk-christina-papaioannou","status":"publish","type":"page","link":"https:\/\/ikastikos-kiklos.com\/en\/solo-exhibition-let-the-lion-talk-christina-papaioannou\/","title":{"rendered":"Solo Exhibition &#8220;Let the Lion talk&#8221; Christina Papaioannou"},"content":{"rendered":"<div class=\"wpb-content-wrapper\"><p>[vc_row css=&#8221;.vc_custom_1506373769777{background-color: #ffffff !important;}&#8221;][vc_column width=&#8221;2\/3&#8243;][vc_empty_space height=&#8221;30px&#8221;][vc_single_image image=&#8221;38867&#8243; img_size=&#8221;full&#8221; alignment=&#8221;center&#8221;][vc_empty_space height=&#8221;25px&#8221;][vc_column_text]<\/p>\n<h3>&#8220;Let the Lion talk&#8221; Christina Papaioannou<\/h3>\n<p>On <strong>Friday, May 6, 2022, at 20:00 the Sianti Gallery<\/strong> is proud to present the personal exhibition of <strong>Chistina Papaioannou<\/strong> under the title <strong>&#8220;Let the Lion talk&#8221;.<\/strong> Do lions talk? Of course, they do. The way all works of art talk. Especially those of Christina Papaioannou, full of chaotic details which mesmerize even the most reluctant, towards painting, viewer.<\/p>\n<h4>SEE THE CATALOG<\/h4>\n<p><iframe style=\"width: 900px; height: 500px;\" src=\"https:\/\/online.fliphtml5.com\/aomdi\/jeqg\/\" frameborder=\"0\" scrolling=\"no\" seamless=\"seamless\" allowfullscreen=\"allowfullscreen\"><\/iframe>&nbsp;<\/p>\n<p><strong>Thanassis Moutsopoulos, Art historian and curator of the exhibition<\/strong>, underlines the intangible, visual potential of Christina Papaioannou\u2019s representational painting style: <em>\u201cThe first personal exhibition of Christina Papaioannou presents us with a rare proposition: a kind of painting (or should I dare say \u2018post painting\u2019?) in which the integration of Digital and Painting aspects creates a newly born form. Her artistic process works like a blender, grinding together scattered references to Art History (with a prominent love for Durer\u2019s engravings), countless painting styles (the coexistence of which, has long been an insurmountable artistic taboo), various interactive procedures (such as children\u2019s paintings made by the artist\u2019s pupils) and, of course, Pixels, videogames and the digital world. If all those obviously contradicting<\/em><br \/>\n<em>elements where to coexist in a lifeless way, they could easily become a postmodern extravaganza (nothing wrong with that). Yet, this is not the case here. <strong>Surging through the interference produced by the transmission of segmented images, the final result seems to have a special balance of its own, as if it preexisted as a form in its own right.<\/strong>\u201d<\/em><\/p>\n<p><iframe loading=\"lazy\" title=\"YouTube video player\" src=\"https:\/\/www.youtube.com\/embed\/cxjFRfdO7nY\" width=\"560\" height=\"315\" frameborder=\"0\" allowfullscreen=\"allowfullscreen\"><\/iframe><\/p>\n<p>Christina Papaioannou <strong>takes an original sketch made with pencil, augmenting it until <\/strong><strong>it reaches the most dynamic form of the chromatic palette<\/strong>. The composition\u2019s spontaneous deconstruction is quite obvious. As Thanassis Moutsopoylos stresses:<em> \u201cHer composing methods are closely <strong>related to the 20th century collage legacy<\/strong>. Yet, in Christina Papaioannnou\u2019s cocktail, the different elements (used in considerable abundance) are being dissolved. In the end, they remain<strong> fragments or scarps (detectable only by the acutest eye) of a world shattered through a process that we, as outsiders, cannot decode<\/strong>. I surely can\u2019t, even though I am the one writing these words looking at the very works of the exhibition. I think the source of the enigmatic nature of Christina Papaioannou\u2019s painting is an element of randomness &#8211; as I\u2019m tempted to call it, although I very well know that it is not so. In reality, there\u2019s nothing random about it since the artist is in full control of her creative means, from the start to the very end. But there is one element in this planetary collision of forms, shapes and references that does not allow, in my humble opinion, the implementation of any established aesthetic rules. Undoubtedly, the 20 th century has already challenged all <\/em><em>of them. <strong>Yet, in my eyes, Christina Papaioannou\u2019s painting has an eerie relation to the <\/strong><\/em><em><strong>art of an alien civilization or, better yet, that of an Artificial Intelligence.<\/strong>\u201d<\/em><\/p>\n<p><img loading=\"lazy\" decoding=\"async\" class=\"aligncenter size-large wp-image-38971\" src=\"https:\/\/ikastikos-kiklos.com\/wp-content\/uploads\/2022\/05\/BAB_8383-1024x682.jpg\" alt=\"\" width=\"1024\" height=\"682\" srcset=\"https:\/\/ikastikos-kiklos.com\/wp-content\/uploads\/2022\/05\/BAB_8383-1024x682.jpg 1024w, https:\/\/ikastikos-kiklos.com\/wp-content\/uploads\/2022\/05\/BAB_8383-300x200.jpg 300w, https:\/\/ikastikos-kiklos.com\/wp-content\/uploads\/2022\/05\/BAB_8383-768x511.jpg 768w, https:\/\/ikastikos-kiklos.com\/wp-content\/uploads\/2022\/05\/BAB_8383-1536x1022.jpg 1536w, https:\/\/ikastikos-kiklos.com\/wp-content\/uploads\/2022\/05\/BAB_8383-680x453.jpg 680w, https:\/\/ikastikos-kiklos.com\/wp-content\/uploads\/2022\/05\/BAB_8383-700x466.jpg 700w, https:\/\/ikastikos-kiklos.com\/wp-content\/uploads\/2022\/05\/BAB_8383-220x146.jpg 220w, https:\/\/ikastikos-kiklos.com\/wp-content\/uploads\/2022\/05\/BAB_8383-140x93.jpg 140w, https:\/\/ikastikos-kiklos.com\/wp-content\/uploads\/2022\/05\/BAB_8383-940x626.jpg 940w, https:\/\/ikastikos-kiklos.com\/wp-content\/uploads\/2022\/05\/BAB_8383-350x233.jpg 350w, https:\/\/ikastikos-kiklos.com\/wp-content\/uploads\/2022\/05\/BAB_8383-595x396.jpg 595w, https:\/\/ikastikos-kiklos.com\/wp-content\/uploads\/2022\/05\/BAB_8383.jpg 2048w\" sizes=\"auto, (max-width: 1024px) 100vw, 1024px\" \/>As a matter of fact, Christina paints with thrilling precision and mastery, winking an eye to all mechanical procedures. At the same time, <strong>she proves that classic opinions concerning the evolution of modern art are obsolete<\/strong>. This is the core of the artist\u2019s work. An ironic comment on the notions of what is real and what is manufactured, of painting and the digital element.<\/p>\n<p><strong> On the contrary, the ambiguity of unfocused printing, television interference or pixels across a witness\u2019 face can intensify the mystery as much as the connection of the unseen dots, thus promoting the viewer\u2019s role.<\/strong> It reminds us of a thriller movie, where the unseen is often more frightening than what we see. I\u2019m referring to the traits which marked, above all other things, the evolution of modernism and abstraction. What is important here, is not what you see, but what you think you are seeing. <strong>The final goal is the challenge of narration or a challenging narration. <\/strong><\/p>\n<p>I feel that the first personal exhibition of Christina Papaioannou offers a significant new path to the adventures of painting, as it enters the digital era. <strong>At the beginning of this piece, I wondered if it\u2019s a kind of post-Painting. I am still <\/strong><strong>wondering\u2026\u201d<\/strong><\/p>\n<p>ngg_shortcode_0_placeholder[\/vc_column_text][vc_empty_space height=&#8221;20px&#8221;][\/vc_column][vc_column width=&#8221;1\/3&#8243; css=&#8221;.vc_custom_1506373833697{background-color: #f2f2f2 !important;}&#8221;]<div class=\"nm-banner-slider slider-type-boxed slick-slider slick-controls-gray slick-dots-disabled\" data-arrows=\"true\" data-infinite=\"true\">\n\t\t\t<div class=\"nm-banner content-full image-type-fluid text-color-dark\" style=\"\"><img decoding=\"async\" src=\"https:\/\/ikastikos-kiklos.com\/wp-content\/uploads\/2022\/04\/1200x1200-1.jpg\" alt=\"1200&#215;1200-1\" \/>\n\t\t\t<\/div>\n\t\t\t<div class=\"nm-banner content-full image-type-fluid text-color-dark\" style=\"\"><img decoding=\"async\" src=\"https:\/\/ikastikos-kiklos.com\/wp-content\/uploads\/2022\/04\/1200x1200-4.jpg\" alt=\"1200&#215;1200-4\" \/>\n\t\t\t<\/div>\n\t\t\t<div class=\"nm-banner content-full image-type-fluid text-color-dark\" style=\"\"><img decoding=\"async\" src=\"https:\/\/ikastikos-kiklos.com\/wp-content\/uploads\/2022\/04\/1200x1200-2.jpg\" alt=\"1200&#215;1200-2\" \/>\n\t\t\t<\/div>\n\t\t\t<div class=\"nm-banner content-full image-type-fluid text-color-dark\" style=\"\"><img decoding=\"async\" src=\"https:\/\/ikastikos-kiklos.com\/wp-content\/uploads\/2022\/04\/1200x1200-3.jpg\" alt=\"1200&#215;1200-3\" \/>\n\t\t\t<\/div><\/div>[vc_empty_space height=&#8221;20px&#8221;][vc_column_text]<\/p>\n<h5 class=\"event-page__location-title\">DURATION<\/h5>\n<p>Friday 6 May \u2013 Saturday 28 May 2022<\/p>\n<h5 class=\"event-page__location-title\">VENUE<\/h5>\n<div class=\"event-page__location-details\">Sianti Gallery<br \/>\nVas. Alexandrou 2 &amp; Michalakopoulou, Athens 116 34,<br \/>\nT. 210 7245432 , 210 3648335, E. info@siantigallery.com<\/div>\n<p>[\/vc_column_text][vc_empty_space height=&#8221;30px&#8221;]\n\t\t\t<div class=\"nm_btn_align_left\">\n\t\t\t\t<a href=\"https:\/\/www.facebook.com\/events\/687423519236081\/?ref=newsfeed\" class=\"nm_btn nm_btn_lg nm_btn_filled\"target=\"_blank\">\n\t\t\t\t\t<span class=\"nm_btn_title\">\u039c\u03a0\u0395\u0399\u03a4\u0395 \u03a3\u03a4\u039f EVENT<\/span>\n\t\t\t\t\t<span class=\"nm_btn_bg\" style=\"background-color:#ffd400;\"><\/span>\n\t\t\t\t<\/a>\n\t\t\t<\/div>[vc_empty_space height=&#8221;30px&#8221;][\/vc_column][\/vc_row][vc_row type=&#8221;full-nopad&#8221;][vc_column][vc_empty_space height=&#8221;25px&#8221;][vc_column_text]<iframe loading=\"lazy\" style=\"border: 0;\" src=\"https:\/\/www.google.com\/maps\/embed?pb=!1m14!1m8!1m3!1d12580.474045613635!2d23.7501733!3d37.9743635!3m2!1i1024!2i768!4f13.1!3m3!1m2!1s0x0%3A0x564d5da3e3234fed!2zzpXOuc66zrHPg8-EzrnOus-Mz4IgzprPjc66zrvOv8-C!5e0!3m2!1sen!2sus!4v1480363720394\" width=\"100%\" height=\"375\" frameborder=\"0\" allowfullscreen=\"allowfullscreen\"><\/iframe>[\/vc_column_text][vc_empty_space][\/vc_column][\/vc_row][vc_row][vc_column][\/vc_column][\/vc_row]<\/p>\n<\/div>","protected":false},"excerpt":{"rendered":"<p>[vc_row css=&#8221;.vc_custom_1506373769777{background-color: #ffffff !important;}&#8221;][vc_column width=&#8221;2\/3&#8243;][vc_empty_space height=&#8221;30px&#8221;][vc_single_image image=&#8221;38867&#8243; img_size=&#8221;full&#8221; alignment=&#8221;center&#8221;][vc_empty_space height=&#8221;25px&#8221;][vc_column_text] &#8220;Let the Lion talk&#8221; Christina &hellip;<\/p>\n","protected":false},"author":3,"featured_media":0,"parent":0,"menu_order":0,"comment_status":"closed","ping_status":"closed","template":"","meta":{"ngg_post_thumbnail":0,"footnotes":""},"class_list":["post-38856","page","type-page","status-publish","hentry"],"yoast_head":"<!-- This site is optimized with the Yoast SEO plugin v27.2 - https:\/\/yoast.com\/product\/yoast-seo-wordpress\/ -->\n<title>Solo Exhibition &quot;Let the Lion talk&quot; Christina Papaioannou<\/title>\n<meta name=\"description\" content=\"Solo Exhibition &quot;Let the Lion talk&quot; Christina Papaioannou. Opening Friday 6 May 2022 at Sianti Gallery\" \/>\n<meta name=\"robots\" content=\"index, follow, max-snippet:-1, max-image-preview:large, max-video-preview:-1\" \/>\n<link rel=\"canonical\" href=\"https:\/\/ikastikos-kiklos.com\/en\/solo-exhibition-let-the-lion-talk-christina-papaioannou\/\" \/>\n<meta property=\"og:locale\" content=\"en_US\" \/>\n<meta property=\"og:type\" content=\"article\" \/>\n<meta property=\"og:title\" content=\"Solo Exhibition &quot;Let the Lion talk&quot; Christina Papaioannou\" \/>\n<meta property=\"og:description\" content=\"Solo Exhibition &quot;Let the Lion talk&quot; Christina Papaioannou. Opening Friday 6 May 2022 at Sianti Gallery\" \/>\n<meta property=\"og:url\" content=\"https:\/\/ikastikos-kiklos.com\/en\/solo-exhibition-let-the-lion-talk-christina-papaioannou\/\" \/>\n<meta property=\"og:site_name\" content=\"Ikastikos Kiklos - Zografik\u00ed - Metaxotyp\u00edes - T\u00e9chniPainting - Silk Screen - Art\" \/>\n<meta property=\"article:publisher\" content=\"https:\/\/www.facebook.com\/ikastikoskiklossianti\/\" \/>\n<meta property=\"article:modified_time\" content=\"2022-05-11T18:13:04+00:00\" \/>\n<meta property=\"og:image\" content=\"https:\/\/ikastikos-kiklos.com\/wp-content\/uploads\/2022\/05\/BAB_8383-1024x682.jpg\" \/>\n<meta name=\"twitter:card\" content=\"summary_large_image\" \/>\n<meta name=\"twitter:label1\" content=\"Est. reading time\" \/>\n\t<meta name=\"twitter:data1\" content=\"5 minutes\" \/>\n<script type=\"application\/ld+json\" class=\"yoast-schema-graph\">{\"@context\":\"https:\/\/schema.org\",\"@graph\":[{\"@type\":\"WebPage\",\"@id\":\"https:\/\/ikastikos-kiklos.com\/en\/solo-exhibition-let-the-lion-talk-christina-papaioannou\/\",\"url\":\"https:\/\/ikastikos-kiklos.com\/en\/solo-exhibition-let-the-lion-talk-christina-papaioannou\/\",\"name\":\"Solo Exhibition \\\"Let the Lion talk\\\" Christina Papaioannou\",\"isPartOf\":{\"@id\":\"https:\/\/ikastikos-kiklos.com\/en\/#website\"},\"primaryImageOfPage\":{\"@id\":\"https:\/\/ikastikos-kiklos.com\/en\/solo-exhibition-let-the-lion-talk-christina-papaioannou\/#primaryimage\"},\"image\":{\"@id\":\"https:\/\/ikastikos-kiklos.com\/en\/solo-exhibition-let-the-lion-talk-christina-papaioannou\/#primaryimage\"},\"thumbnailUrl\":\"https:\/\/ikastikos-kiklos.com\/wp-content\/uploads\/2022\/05\/BAB_8383-1024x682.jpg\",\"datePublished\":\"2022-04-29T05:13:39+00:00\",\"dateModified\":\"2022-05-11T18:13:04+00:00\",\"description\":\"Solo Exhibition \\\"Let the Lion talk\\\" Christina Papaioannou. Opening Friday 6 May 2022 at Sianti Gallery\",\"breadcrumb\":{\"@id\":\"https:\/\/ikastikos-kiklos.com\/en\/solo-exhibition-let-the-lion-talk-christina-papaioannou\/#breadcrumb\"},\"inLanguage\":\"en-US\",\"potentialAction\":[{\"@type\":\"ReadAction\",\"target\":[\"https:\/\/ikastikos-kiklos.com\/en\/solo-exhibition-let-the-lion-talk-christina-papaioannou\/\"]}]},{\"@type\":\"ImageObject\",\"inLanguage\":\"en-US\",\"@id\":\"https:\/\/ikastikos-kiklos.com\/en\/solo-exhibition-let-the-lion-talk-christina-papaioannou\/#primaryimage\",\"url\":\"https:\/\/ikastikos-kiklos.com\/wp-content\/uploads\/2022\/05\/BAB_8383-1024x682.jpg\",\"contentUrl\":\"https:\/\/ikastikos-kiklos.com\/wp-content\/uploads\/2022\/05\/BAB_8383-1024x682.jpg\"},{\"@type\":\"BreadcrumbList\",\"@id\":\"https:\/\/ikastikos-kiklos.com\/en\/solo-exhibition-let-the-lion-talk-christina-papaioannou\/#breadcrumb\",\"itemListElement\":[{\"@type\":\"ListItem\",\"position\":1,\"name\":\"Home\",\"item\":\"https:\/\/ikastikos-kiklos.com\/en\/\"},{\"@type\":\"ListItem\",\"position\":2,\"name\":\"Solo Exhibition &#8220;Let the Lion talk&#8221; Christina Papaioannou\"}]},{\"@type\":\"WebSite\",\"@id\":\"https:\/\/ikastikos-kiklos.com\/en\/#website\",\"url\":\"https:\/\/ikastikos-kiklos.com\/en\/\",\"name\":\"Ikastikos Kiklos - Zografik\u00ed - Metaxotyp\u00edes - T\u00e9chniPainting - Silk Screen - Art\",\"description\":\"\",\"publisher\":{\"@id\":\"https:\/\/ikastikos-kiklos.com\/en\/#organization\"},\"potentialAction\":[{\"@type\":\"SearchAction\",\"target\":{\"@type\":\"EntryPoint\",\"urlTemplate\":\"https:\/\/ikastikos-kiklos.com\/en\/?s={search_term_string}\"},\"query-input\":{\"@type\":\"PropertyValueSpecification\",\"valueRequired\":true,\"valueName\":\"search_term_string\"}}],\"inLanguage\":\"en-US\"},{\"@type\":\"Organization\",\"@id\":\"https:\/\/ikastikos-kiklos.com\/en\/#organization\",\"name\":\"Ikastikos Kiklos - Zografik\u00ed - Metaxotyp\u00edes - T\u00e9chniPainting - Silk Screen - Art\",\"url\":\"https:\/\/ikastikos-kiklos.com\/en\/\",\"logo\":{\"@type\":\"ImageObject\",\"inLanguage\":\"en-US\",\"@id\":\"https:\/\/ikastikos-kiklos.com\/en\/#\/schema\/logo\/image\/\",\"url\":\"https:\/\/ikastikos-kiklos.com\/wp-content\/uploads\/2022\/10\/cropped-favicon_ikastikos.png\",\"contentUrl\":\"https:\/\/ikastikos-kiklos.com\/wp-content\/uploads\/2022\/10\/cropped-favicon_ikastikos.png\",\"width\":512,\"height\":512,\"caption\":\"Ikastikos Kiklos - Zografik\u00ed - Metaxotyp\u00edes - T\u00e9chniPainting - Silk Screen - Art\"},\"image\":{\"@id\":\"https:\/\/ikastikos-kiklos.com\/en\/#\/schema\/logo\/image\/\"},\"sameAs\":[\"https:\/\/www.facebook.com\/ikastikoskiklossianti\/\"]}]}<\/script>\n<!-- \/ Yoast SEO plugin. -->","yoast_head_json":{"title":"Solo Exhibition \"Let the Lion talk\" Christina Papaioannou","description":"Solo Exhibition \"Let the Lion talk\" Christina Papaioannou. Opening Friday 6 May 2022 at Sianti Gallery","robots":{"index":"index","follow":"follow","max-snippet":"max-snippet:-1","max-image-preview":"max-image-preview:large","max-video-preview":"max-video-preview:-1"},"canonical":"https:\/\/ikastikos-kiklos.com\/en\/solo-exhibition-let-the-lion-talk-christina-papaioannou\/","og_locale":"en_US","og_type":"article","og_title":"Solo Exhibition \"Let the Lion talk\" Christina Papaioannou","og_description":"Solo Exhibition \"Let the Lion talk\" Christina Papaioannou. Opening Friday 6 May 2022 at Sianti Gallery","og_url":"https:\/\/ikastikos-kiklos.com\/en\/solo-exhibition-let-the-lion-talk-christina-papaioannou\/","og_site_name":"Ikastikos Kiklos - Zografik\u00ed - Metaxotyp\u00edes - T\u00e9chniPainting - Silk Screen - Art","article_publisher":"https:\/\/www.facebook.com\/ikastikoskiklossianti\/","article_modified_time":"2022-05-11T18:13:04+00:00","og_image":[{"url":"https:\/\/ikastikos-kiklos.com\/wp-content\/uploads\/2022\/05\/BAB_8383-1024x682.jpg","type":"","width":"","height":""}],"twitter_card":"summary_large_image","twitter_misc":{"Est. reading time":"5 minutes"},"schema":{"@context":"https:\/\/schema.org","@graph":[{"@type":"WebPage","@id":"https:\/\/ikastikos-kiklos.com\/en\/solo-exhibition-let-the-lion-talk-christina-papaioannou\/","url":"https:\/\/ikastikos-kiklos.com\/en\/solo-exhibition-let-the-lion-talk-christina-papaioannou\/","name":"Solo Exhibition \"Let the Lion talk\" Christina Papaioannou","isPartOf":{"@id":"https:\/\/ikastikos-kiklos.com\/en\/#website"},"primaryImageOfPage":{"@id":"https:\/\/ikastikos-kiklos.com\/en\/solo-exhibition-let-the-lion-talk-christina-papaioannou\/#primaryimage"},"image":{"@id":"https:\/\/ikastikos-kiklos.com\/en\/solo-exhibition-let-the-lion-talk-christina-papaioannou\/#primaryimage"},"thumbnailUrl":"https:\/\/ikastikos-kiklos.com\/wp-content\/uploads\/2022\/05\/BAB_8383-1024x682.jpg","datePublished":"2022-04-29T05:13:39+00:00","dateModified":"2022-05-11T18:13:04+00:00","description":"Solo Exhibition \"Let the Lion talk\" Christina Papaioannou. Opening Friday 6 May 2022 at Sianti Gallery","breadcrumb":{"@id":"https:\/\/ikastikos-kiklos.com\/en\/solo-exhibition-let-the-lion-talk-christina-papaioannou\/#breadcrumb"},"inLanguage":"en-US","potentialAction":[{"@type":"ReadAction","target":["https:\/\/ikastikos-kiklos.com\/en\/solo-exhibition-let-the-lion-talk-christina-papaioannou\/"]}]},{"@type":"ImageObject","inLanguage":"en-US","@id":"https:\/\/ikastikos-kiklos.com\/en\/solo-exhibition-let-the-lion-talk-christina-papaioannou\/#primaryimage","url":"https:\/\/ikastikos-kiklos.com\/wp-content\/uploads\/2022\/05\/BAB_8383-1024x682.jpg","contentUrl":"https:\/\/ikastikos-kiklos.com\/wp-content\/uploads\/2022\/05\/BAB_8383-1024x682.jpg"},{"@type":"BreadcrumbList","@id":"https:\/\/ikastikos-kiklos.com\/en\/solo-exhibition-let-the-lion-talk-christina-papaioannou\/#breadcrumb","itemListElement":[{"@type":"ListItem","position":1,"name":"Home","item":"https:\/\/ikastikos-kiklos.com\/en\/"},{"@type":"ListItem","position":2,"name":"Solo Exhibition &#8220;Let the Lion talk&#8221; Christina Papaioannou"}]},{"@type":"WebSite","@id":"https:\/\/ikastikos-kiklos.com\/en\/#website","url":"https:\/\/ikastikos-kiklos.com\/en\/","name":"Ikastikos Kiklos - Zografik\u00ed - Metaxotyp\u00edes - T\u00e9chniPainting - Silk Screen - Art","description":"","publisher":{"@id":"https:\/\/ikastikos-kiklos.com\/en\/#organization"},"potentialAction":[{"@type":"SearchAction","target":{"@type":"EntryPoint","urlTemplate":"https:\/\/ikastikos-kiklos.com\/en\/?s={search_term_string}"},"query-input":{"@type":"PropertyValueSpecification","valueRequired":true,"valueName":"search_term_string"}}],"inLanguage":"en-US"},{"@type":"Organization","@id":"https:\/\/ikastikos-kiklos.com\/en\/#organization","name":"Ikastikos Kiklos - Zografik\u00ed - Metaxotyp\u00edes - T\u00e9chniPainting - Silk Screen - Art","url":"https:\/\/ikastikos-kiklos.com\/en\/","logo":{"@type":"ImageObject","inLanguage":"en-US","@id":"https:\/\/ikastikos-kiklos.com\/en\/#\/schema\/logo\/image\/","url":"https:\/\/ikastikos-kiklos.com\/wp-content\/uploads\/2022\/10\/cropped-favicon_ikastikos.png","contentUrl":"https:\/\/ikastikos-kiklos.com\/wp-content\/uploads\/2022\/10\/cropped-favicon_ikastikos.png","width":512,"height":512,"caption":"Ikastikos Kiklos - Zografik\u00ed - Metaxotyp\u00edes - T\u00e9chniPainting - Silk Screen - Art"},"image":{"@id":"https:\/\/ikastikos-kiklos.com\/en\/#\/schema\/logo\/image\/"},"sameAs":["https:\/\/www.facebook.com\/ikastikoskiklossianti\/"]}]}},"_links":{"self":[{"href":"https:\/\/ikastikos-kiklos.com\/en\/wp-json\/wp\/v2\/pages\/38856","targetHints":{"allow":["GET"]}}],"collection":[{"href":"https:\/\/ikastikos-kiklos.com\/en\/wp-json\/wp\/v2\/pages"}],"about":[{"href":"https:\/\/ikastikos-kiklos.com\/en\/wp-json\/wp\/v2\/types\/page"}],"author":[{"embeddable":true,"href":"https:\/\/ikastikos-kiklos.com\/en\/wp-json\/wp\/v2\/users\/3"}],"replies":[{"embeddable":true,"href":"https:\/\/ikastikos-kiklos.com\/en\/wp-json\/wp\/v2\/comments?post=38856"}],"version-history":[{"count":5,"href":"https:\/\/ikastikos-kiklos.com\/en\/wp-json\/wp\/v2\/pages\/38856\/revisions"}],"predecessor-version":[{"id":38998,"href":"https:\/\/ikastikos-kiklos.com\/en\/wp-json\/wp\/v2\/pages\/38856\/revisions\/38998"}],"wp:attachment":[{"href":"https:\/\/ikastikos-kiklos.com\/en\/wp-json\/wp\/v2\/media?parent=38856"}],"curies":[{"name":"wp","href":"https:\/\/api.w.org\/{rel}","templated":true}]}}