{"id":3690,"date":"2016-05-31T08:42:47","date_gmt":"2016-05-31T08:42:47","guid":{"rendered":"http:\/\/ikastikos-kiklos.com\/painters\/dionisopoulos-pavlos\/?lang=en"},"modified":"2020-07-03T16:45:34","modified_gmt":"2020-07-03T13:45:34","slug":"dionisopoulos-pavlos","status":"publish","type":"page","link":"https:\/\/ikastikos-kiklos.com\/en\/painters\/dionisopoulos-pavlos\/","title":{"rendered":"Pavlos Dionisopoulos"},"content":{"rendered":"<div class=\"wpb-content-wrapper\"><p>[vc_row][vc_column][vc_custom_heading text=&#8221;CV&#8221;][vc_empty_space][\/vc_column][\/vc_row][vc_row][vc_column][vc_column_text]<\/p>\n<header class=\"title-container\">\n<h1 class=\"title\">Pavlos Dionisopoulos<\/h1>\n<\/header>\n<div class=\"description-container dynamic-content\">He was born in Filiatra (Messinia) in 1930. He <strong>studied painting at the Athens School of Fine Arts<\/strong> (1949-1953) with Y. Moralis. In 1954, he went to Paris on a French state scholarship. He returned to Athens in 1955 and <strong>worked in advertising and the theater until 1958<\/strong>, when he left again for Paris, on a 3-year greek state scholarship (I.K.Y.) and settled there permanently. <strong>His artistic progress was largely influenced by the innovative atmosphere of the \u201860s, and especially by the New Realists and Pierre Restany, characterized mainly by his switch from conventional canvas painting to the use of cheap everyday materials of modern civilization.<\/strong><br \/>\nHe chose as <strong>his primary material the printed paper<\/strong> (mostly by posters), <strong>cut into fine strips with the use of a machine<\/strong> (affiches massicot\u00e9s). <strong>The layout of the strips forms undulating surfaces, where colours and material unite.<\/strong> The first results of this work were in <strong>abstract form<\/strong>. But when he fully evolved his technique, he began to use it in order to create figurative images or objects <strong>in three dimensions, at the extent of visual illusion.<\/strong> Occasionally he has used other materials as well, <strong>such as steel wool or bolduc ribbons, always with the same craftsmanship and inventiveness.<\/strong> He also created <strong>environments and spatial installations<\/strong> (<span class=\"iset_italics\">Curtains, Columns, Forest, Flags<\/span>, et al) and <strong>visual art events with the participation of the public.<\/strong> His elaborate and <strong>imaginative images often negate the material aspect of their construction, subjecting a metaphysical sensation.<\/strong><\/div>\n<div class=\"description-container dynamic-content\"><img loading=\"lazy\" decoding=\"async\" class=\"aligncenter size-full wp-image-26796\" src=\"https:\/\/ikastikos-kiklos.com\/wp-content\/uploads\/2020\/07\/article28336.w_l.jpg\" alt=\"\" width=\"777\" height=\"437\" srcset=\"https:\/\/ikastikos-kiklos.com\/wp-content\/uploads\/2020\/07\/article28336.w_l.jpg 777w, https:\/\/ikastikos-kiklos.com\/wp-content\/uploads\/2020\/07\/article28336.w_l-300x169.jpg 300w, https:\/\/ikastikos-kiklos.com\/wp-content\/uploads\/2020\/07\/article28336.w_l-768x432.jpg 768w, https:\/\/ikastikos-kiklos.com\/wp-content\/uploads\/2020\/07\/article28336.w_l-680x382.jpg 680w, https:\/\/ikastikos-kiklos.com\/wp-content\/uploads\/2020\/07\/article28336.w_l-700x394.jpg 700w, https:\/\/ikastikos-kiklos.com\/wp-content\/uploads\/2020\/07\/article28336.w_l-220x124.jpg 220w, https:\/\/ikastikos-kiklos.com\/wp-content\/uploads\/2020\/07\/article28336.w_l-140x79.jpg 140w, https:\/\/ikastikos-kiklos.com\/wp-content\/uploads\/2020\/07\/article28336.w_l-350x197.jpg 350w, https:\/\/ikastikos-kiklos.com\/wp-content\/uploads\/2020\/07\/article28336.w_l-595x335.jpg 595w\" sizes=\"auto, (max-width: 777px) 100vw, 777px\" \/><br \/>\nHis first solo exhibition was held in Paris (<span class=\"iset_italics\">Galerie J<\/span>, 1964) and has since<strong> worked with major European galleries<\/strong> (<span class=\"iset_italics\">Sonnabend, Iolas<\/span>, etc.). After his first solo exhibition in Athens (Goethe Institute, 1971), he holds exhibitions in Greece regularly. <strong>He participated in significant events that highlighted the Greek avant-garde art<\/strong> scene abroad, such as the&nbsp;<span class=\"iset_italics\">Avantgarde Griechenland<\/span>&nbsp;(Berlin, 1968) and&nbsp;<span class=\"iset_italics\">Eight Artists, Eight Attitudes, Eight Greeks<\/span>&nbsp;(ICA, London, 1975). <strong>He represented Greece in the 1980 Venice Biennale<\/strong> and also participated in the&nbsp;<span class=\"iset_italics\">Europalia<\/span>&nbsp;festival (Belgium, 1982). In 1997, his retrospective exhibition was organized in Thessaloniki (Macedonian Museum of Contemporary Art), and was also presented in Athens (ASFA Factory). His project&nbsp;<span class=\"iset_italics\">Football Players<\/span>&nbsp;is located at the \u2018Omonia\u2019 station of the Athens Metro.<\/div>\n<p>[\/vc_column_text][vc_empty_space][vc_video link=&#8221;https:\/\/vimeo.com\/59653996&#8243; align=&#8221;center&#8221;][vc_empty_space][\/vc_column][\/vc_row]<\/p>\n<\/div>","protected":false},"excerpt":{"rendered":"<p>[vc_row][vc_column][vc_custom_heading text=&#8221;CV&#8221;][vc_empty_space][\/vc_column][\/vc_row][vc_row][vc_column][vc_column_text] Pavlos Dionisopoulos He was born in Filiatra (Messinia) in 1930. He studied painting &hellip;<\/p>\n","protected":false},"author":1,"featured_media":0,"parent":2905,"menu_order":0,"comment_status":"closed","ping_status":"closed","template":"page-zwgrafoi.php","meta":{"ngg_post_thumbnail":0,"footnotes":""},"class_list":["post-3690","page","type-page","status-publish","hentry"],"yoast_head":"<!-- This site is optimized with the Yoast SEO plugin v27.2 - https:\/\/yoast.com\/product\/yoast-seo-wordpress\/ -->\n<title>Pavlos Dionisopoulos at Ikastikos Kiklos Sianti Gallery<\/title>\n<meta name=\"description\" content=\"Pavlos Dionisopoulos at Ikastikos Kiklos Sianti Gallery\" \/>\n<meta name=\"robots\" content=\"index, follow, max-snippet:-1, max-image-preview:large, max-video-preview:-1\" \/>\n<link rel=\"canonical\" href=\"https:\/\/ikastikos-kiklos.com\/en\/painters\/dionisopoulos-pavlos\/\" \/>\n<meta property=\"og:locale\" content=\"en_US\" \/>\n<meta property=\"og:type\" content=\"article\" \/>\n<meta property=\"og:title\" content=\"Pavlos Dionisopoulos at Ikastikos Kiklos Sianti Gallery\" \/>\n<meta property=\"og:description\" content=\"Pavlos Dionisopoulos at Ikastikos Kiklos Sianti Gallery\" \/>\n<meta property=\"og:url\" content=\"https:\/\/ikastikos-kiklos.com\/en\/painters\/dionisopoulos-pavlos\/\" \/>\n<meta property=\"og:site_name\" content=\"Ikastikos Kiklos - Zografik\u00ed - Metaxotyp\u00edes - T\u00e9chniPainting - Silk Screen - Art\" \/>\n<meta property=\"article:publisher\" content=\"https:\/\/www.facebook.com\/ikastikoskiklossianti\/\" \/>\n<meta property=\"article:modified_time\" content=\"2020-07-03T13:45:34+00:00\" \/>\n<meta property=\"og:image\" content=\"https:\/\/ikastikos-kiklos.com\/wp-content\/uploads\/2020\/07\/article28336.w_l.jpg\" \/>\n<meta name=\"twitter:card\" content=\"summary_large_image\" \/>\n<meta name=\"twitter:label1\" content=\"Est. reading time\" \/>\n\t<meta name=\"twitter:data1\" content=\"2 minutes\" \/>\n<script type=\"application\/ld+json\" class=\"yoast-schema-graph\">{\"@context\":\"https:\/\/schema.org\",\"@graph\":[{\"@type\":\"WebPage\",\"@id\":\"https:\/\/ikastikos-kiklos.com\/en\/painters\/dionisopoulos-pavlos\/\",\"url\":\"https:\/\/ikastikos-kiklos.com\/en\/painters\/dionisopoulos-pavlos\/\",\"name\":\"Pavlos Dionisopoulos at Ikastikos Kiklos Sianti Gallery\",\"isPartOf\":{\"@id\":\"https:\/\/ikastikos-kiklos.com\/en\/#website\"},\"primaryImageOfPage\":{\"@id\":\"https:\/\/ikastikos-kiklos.com\/en\/painters\/dionisopoulos-pavlos\/#primaryimage\"},\"image\":{\"@id\":\"https:\/\/ikastikos-kiklos.com\/en\/painters\/dionisopoulos-pavlos\/#primaryimage\"},\"thumbnailUrl\":\"https:\/\/ikastikos-kiklos.com\/wp-content\/uploads\/2020\/07\/article28336.w_l.jpg\",\"datePublished\":\"2016-05-31T08:42:47+00:00\",\"dateModified\":\"2020-07-03T13:45:34+00:00\",\"description\":\"Pavlos Dionisopoulos at Ikastikos Kiklos Sianti Gallery\",\"breadcrumb\":{\"@id\":\"https:\/\/ikastikos-kiklos.com\/en\/painters\/dionisopoulos-pavlos\/#breadcrumb\"},\"inLanguage\":\"en-US\",\"potentialAction\":[{\"@type\":\"ReadAction\",\"target\":[\"https:\/\/ikastikos-kiklos.com\/en\/painters\/dionisopoulos-pavlos\/\"]}]},{\"@type\":\"ImageObject\",\"inLanguage\":\"en-US\",\"@id\":\"https:\/\/ikastikos-kiklos.com\/en\/painters\/dionisopoulos-pavlos\/#primaryimage\",\"url\":\"https:\/\/ikastikos-kiklos.com\/wp-content\/uploads\/2020\/07\/article28336.w_l.jpg\",\"contentUrl\":\"https:\/\/ikastikos-kiklos.com\/wp-content\/uploads\/2020\/07\/article28336.w_l.jpg\"},{\"@type\":\"BreadcrumbList\",\"@id\":\"https:\/\/ikastikos-kiklos.com\/en\/painters\/dionisopoulos-pavlos\/#breadcrumb\",\"itemListElement\":[{\"@type\":\"ListItem\",\"position\":1,\"name\":\"Home\",\"item\":\"https:\/\/ikastikos-kiklos.com\/en\/\"},{\"@type\":\"ListItem\",\"position\":2,\"name\":\"Painters\",\"item\":\"https:\/\/ikastikos-kiklos.com\/en\/painters\/\"},{\"@type\":\"ListItem\",\"position\":3,\"name\":\"Pavlos Dionisopoulos\"}]},{\"@type\":\"WebSite\",\"@id\":\"https:\/\/ikastikos-kiklos.com\/en\/#website\",\"url\":\"https:\/\/ikastikos-kiklos.com\/en\/\",\"name\":\"Ikastikos Kiklos - Zografik\u00ed - Metaxotyp\u00edes - T\u00e9chniPainting - Silk Screen - Art\",\"description\":\"\",\"publisher\":{\"@id\":\"https:\/\/ikastikos-kiklos.com\/en\/#organization\"},\"potentialAction\":[{\"@type\":\"SearchAction\",\"target\":{\"@type\":\"EntryPoint\",\"urlTemplate\":\"https:\/\/ikastikos-kiklos.com\/en\/?s={search_term_string}\"},\"query-input\":{\"@type\":\"PropertyValueSpecification\",\"valueRequired\":true,\"valueName\":\"search_term_string\"}}],\"inLanguage\":\"en-US\"},{\"@type\":\"Organization\",\"@id\":\"https:\/\/ikastikos-kiklos.com\/en\/#organization\",\"name\":\"Ikastikos Kiklos - Zografik\u00ed - Metaxotyp\u00edes - T\u00e9chniPainting - Silk Screen - Art\",\"url\":\"https:\/\/ikastikos-kiklos.com\/en\/\",\"logo\":{\"@type\":\"ImageObject\",\"inLanguage\":\"en-US\",\"@id\":\"https:\/\/ikastikos-kiklos.com\/en\/#\/schema\/logo\/image\/\",\"url\":\"https:\/\/ikastikos-kiklos.com\/wp-content\/uploads\/2022\/10\/cropped-favicon_ikastikos.png\",\"contentUrl\":\"https:\/\/ikastikos-kiklos.com\/wp-content\/uploads\/2022\/10\/cropped-favicon_ikastikos.png\",\"width\":512,\"height\":512,\"caption\":\"Ikastikos Kiklos - Zografik\u00ed - Metaxotyp\u00edes - T\u00e9chniPainting - Silk Screen - Art\"},\"image\":{\"@id\":\"https:\/\/ikastikos-kiklos.com\/en\/#\/schema\/logo\/image\/\"},\"sameAs\":[\"https:\/\/www.facebook.com\/ikastikoskiklossianti\/\"]}]}<\/script>\n<!-- \/ Yoast SEO plugin. -->","yoast_head_json":{"title":"Pavlos Dionisopoulos at Ikastikos Kiklos Sianti Gallery","description":"Pavlos Dionisopoulos at Ikastikos Kiklos Sianti Gallery","robots":{"index":"index","follow":"follow","max-snippet":"max-snippet:-1","max-image-preview":"max-image-preview:large","max-video-preview":"max-video-preview:-1"},"canonical":"https:\/\/ikastikos-kiklos.com\/en\/painters\/dionisopoulos-pavlos\/","og_locale":"en_US","og_type":"article","og_title":"Pavlos Dionisopoulos at Ikastikos Kiklos Sianti Gallery","og_description":"Pavlos Dionisopoulos at Ikastikos Kiklos Sianti Gallery","og_url":"https:\/\/ikastikos-kiklos.com\/en\/painters\/dionisopoulos-pavlos\/","og_site_name":"Ikastikos Kiklos - Zografik\u00ed - Metaxotyp\u00edes - T\u00e9chniPainting - Silk Screen - Art","article_publisher":"https:\/\/www.facebook.com\/ikastikoskiklossianti\/","article_modified_time":"2020-07-03T13:45:34+00:00","og_image":[{"url":"https:\/\/ikastikos-kiklos.com\/wp-content\/uploads\/2020\/07\/article28336.w_l.jpg","type":"","width":"","height":""}],"twitter_card":"summary_large_image","twitter_misc":{"Est. reading time":"2 minutes"},"schema":{"@context":"https:\/\/schema.org","@graph":[{"@type":"WebPage","@id":"https:\/\/ikastikos-kiklos.com\/en\/painters\/dionisopoulos-pavlos\/","url":"https:\/\/ikastikos-kiklos.com\/en\/painters\/dionisopoulos-pavlos\/","name":"Pavlos Dionisopoulos at Ikastikos Kiklos Sianti Gallery","isPartOf":{"@id":"https:\/\/ikastikos-kiklos.com\/en\/#website"},"primaryImageOfPage":{"@id":"https:\/\/ikastikos-kiklos.com\/en\/painters\/dionisopoulos-pavlos\/#primaryimage"},"image":{"@id":"https:\/\/ikastikos-kiklos.com\/en\/painters\/dionisopoulos-pavlos\/#primaryimage"},"thumbnailUrl":"https:\/\/ikastikos-kiklos.com\/wp-content\/uploads\/2020\/07\/article28336.w_l.jpg","datePublished":"2016-05-31T08:42:47+00:00","dateModified":"2020-07-03T13:45:34+00:00","description":"Pavlos Dionisopoulos at Ikastikos Kiklos Sianti Gallery","breadcrumb":{"@id":"https:\/\/ikastikos-kiklos.com\/en\/painters\/dionisopoulos-pavlos\/#breadcrumb"},"inLanguage":"en-US","potentialAction":[{"@type":"ReadAction","target":["https:\/\/ikastikos-kiklos.com\/en\/painters\/dionisopoulos-pavlos\/"]}]},{"@type":"ImageObject","inLanguage":"en-US","@id":"https:\/\/ikastikos-kiklos.com\/en\/painters\/dionisopoulos-pavlos\/#primaryimage","url":"https:\/\/ikastikos-kiklos.com\/wp-content\/uploads\/2020\/07\/article28336.w_l.jpg","contentUrl":"https:\/\/ikastikos-kiklos.com\/wp-content\/uploads\/2020\/07\/article28336.w_l.jpg"},{"@type":"BreadcrumbList","@id":"https:\/\/ikastikos-kiklos.com\/en\/painters\/dionisopoulos-pavlos\/#breadcrumb","itemListElement":[{"@type":"ListItem","position":1,"name":"Home","item":"https:\/\/ikastikos-kiklos.com\/en\/"},{"@type":"ListItem","position":2,"name":"Painters","item":"https:\/\/ikastikos-kiklos.com\/en\/painters\/"},{"@type":"ListItem","position":3,"name":"Pavlos Dionisopoulos"}]},{"@type":"WebSite","@id":"https:\/\/ikastikos-kiklos.com\/en\/#website","url":"https:\/\/ikastikos-kiklos.com\/en\/","name":"Ikastikos Kiklos - Zografik\u00ed - Metaxotyp\u00edes - T\u00e9chniPainting - Silk Screen - Art","description":"","publisher":{"@id":"https:\/\/ikastikos-kiklos.com\/en\/#organization"},"potentialAction":[{"@type":"SearchAction","target":{"@type":"EntryPoint","urlTemplate":"https:\/\/ikastikos-kiklos.com\/en\/?s={search_term_string}"},"query-input":{"@type":"PropertyValueSpecification","valueRequired":true,"valueName":"search_term_string"}}],"inLanguage":"en-US"},{"@type":"Organization","@id":"https:\/\/ikastikos-kiklos.com\/en\/#organization","name":"Ikastikos Kiklos - Zografik\u00ed - Metaxotyp\u00edes - T\u00e9chniPainting - Silk Screen - Art","url":"https:\/\/ikastikos-kiklos.com\/en\/","logo":{"@type":"ImageObject","inLanguage":"en-US","@id":"https:\/\/ikastikos-kiklos.com\/en\/#\/schema\/logo\/image\/","url":"https:\/\/ikastikos-kiklos.com\/wp-content\/uploads\/2022\/10\/cropped-favicon_ikastikos.png","contentUrl":"https:\/\/ikastikos-kiklos.com\/wp-content\/uploads\/2022\/10\/cropped-favicon_ikastikos.png","width":512,"height":512,"caption":"Ikastikos Kiklos - Zografik\u00ed - Metaxotyp\u00edes - T\u00e9chniPainting - Silk Screen - Art"},"image":{"@id":"https:\/\/ikastikos-kiklos.com\/en\/#\/schema\/logo\/image\/"},"sameAs":["https:\/\/www.facebook.com\/ikastikoskiklossianti\/"]}]}},"_links":{"self":[{"href":"https:\/\/ikastikos-kiklos.com\/en\/wp-json\/wp\/v2\/pages\/3690","targetHints":{"allow":["GET"]}}],"collection":[{"href":"https:\/\/ikastikos-kiklos.com\/en\/wp-json\/wp\/v2\/pages"}],"about":[{"href":"https:\/\/ikastikos-kiklos.com\/en\/wp-json\/wp\/v2\/types\/page"}],"author":[{"embeddable":true,"href":"https:\/\/ikastikos-kiklos.com\/en\/wp-json\/wp\/v2\/users\/1"}],"replies":[{"embeddable":true,"href":"https:\/\/ikastikos-kiklos.com\/en\/wp-json\/wp\/v2\/comments?post=3690"}],"version-history":[{"count":0,"href":"https:\/\/ikastikos-kiklos.com\/en\/wp-json\/wp\/v2\/pages\/3690\/revisions"}],"up":[{"embeddable":true,"href":"https:\/\/ikastikos-kiklos.com\/en\/wp-json\/wp\/v2\/pages\/2905"}],"wp:attachment":[{"href":"https:\/\/ikastikos-kiklos.com\/en\/wp-json\/wp\/v2\/media?parent=3690"}],"curies":[{"name":"wp","href":"https:\/\/api.w.org\/{rel}","templated":true}]}}