{"id":36761,"date":"2021-12-03T09:42:40","date_gmt":"2021-12-03T07:42:40","guid":{"rendered":"https:\/\/ikastikos-kiklos.com\/exhibition-small-paintings-2021-2022\/"},"modified":"2021-12-03T09:44:50","modified_gmt":"2021-12-03T07:44:50","slug":"exhibition-small-paintings-2021-2022","status":"publish","type":"page","link":"https:\/\/ikastikos-kiklos.com\/en\/exhibition-small-paintings-2021-2022\/","title":{"rendered":"Exhibition &#8220;Small Paintings 2021-2022&#8221;"},"content":{"rendered":"<div class=\"wpb-content-wrapper\"><p>[vc_row css=&#8221;.vc_custom_1506373769777{background-color: #ffffff !important;}&#8221;][vc_column width=&#8221;2\/3&#8243;][vc_empty_space height=&#8221;30px&#8221;][vc_single_image image=&#8221;36759&#8243; img_size=&#8221;full&#8221; alignment=&#8221;center&#8221; onclick=&#8221;img_link_large&#8221; img_link_target=&#8221;_blank&#8221;][vc_empty_space height=&#8221;25px&#8221;][vc_custom_heading text=&#8221;Exhibition &#8220;Small Paintings 2021-2022&#8220;&#8221; google_fonts=&#8221;font_family:Ubuntu%3A300%2C300italic%2Cregular%2Citalic%2C500%2C500italic%2C700%2C700italic|font_style:400%20regular%3A400%3Anormal&#8221;][vc_column_text]<strong>Sianti Gallery<\/strong>, presents its annual exhibition <strong>&#8220;Small Paintings 2021-2022&#8221;<\/strong>, bringing us all in contact with both art and fellow human beings. After all, as the French philosopher Roger Garaudy argued, <em><strong>&#8220;Art is the shortest path from one person to another.&#8221;<\/strong><\/em><\/p>\n<p>On <strong>Saturday, December 11, at 12 noon<\/strong> at the opening of the exhibition, our appointment with important Greek artists is renewed, proving that <strong>the great in art is not necessarily a matter of dimension<\/strong>, but of expression, depth and, above all, emotion. Thus, art lovers are given the opportunity to admire and acquire works of small size but large creators.<\/p>\n<p>For her part, the <strong>Managing Director of Sianti Gallery, Vasiliki Sianti<\/strong> writes characteristically: <em><strong>&#8220;The dimension or the shape does not limit a great work to highlight the artistic look of each artist. The freedom of the themes and the colors in the creations highlight the uniqueness of the expression and involve the meaning of the great in intensity and quality &#8220;<\/strong><\/em>.<\/p>\n<p>The exhibition, which is now a tradition for our gallery, <strong>presents works, mostly 30&#215;30 cm.<\/strong>, Newer and older collaborators in order to fill the holidays with colors and wishes. <strong>30 artists are participating with old and new works<\/strong>, created exclusively for the specific exhibition. This special &#8220;meeting&#8221; of artists, which is an institution for the festive days, combines visual and tactile elements, revealing Art as a gift for our loved ones.<\/p>\n<p>Participating <strong>painters<\/strong>: <strong>Aggelidis Paschalis, <a href=\"https:\/\/ikastikos-kiklos.com\/en\/painters\/antonaropoulos-christos\/\">Antonaropoulos Christos<\/a>, <a href=\"https:\/\/ikastikos-kiklos.com\/en\/painters\/belivanaki-lila\/\">Belivanaki Lila<\/a>, <a href=\"https:\/\/ikastikos-kiklos.com\/en\/painters\/cacao-rocks\/\">Cacao Rocks<\/a>, Chadoulis Giorgos, <a href=\"https:\/\/ikastikos-kiklos.com\/en\/painters\/chanioti-dimitra\/\">Chanioti Dimitra<\/a>, <a href=\"https:\/\/ikastikos-kiklos.com\/en\/painters\/chantzaras-apostolos\/\">Chantzaras Apostolos<\/a>, <a href=\"https:\/\/ikastikos-kiklos.com\/en\/painters\/charos-manolis\/\">Charos Manolis<\/a>, <a href=\"https:\/\/ikastikos-kiklos.com\/en\/painters\/dionisopoulos-pavlos\/\">Pavlos (Dionisopoulos)<\/a>, <a href=\"https:\/\/ikastikos-kiklos.com\/en\/painters\/daskalakis-stefanos\/\">Daskalakis Stefanos<\/a>, <a href=\"https:\/\/ikastikos-kiklos.com\/en\/painters\/fassianos-alekos\/\">Fassianos Alekos<\/a>, Katsoulidis Takis, <a href=\"https:\/\/ikastikos-kiklos.com\/en\/painters\/koukos-dimitris\/\">Koukos Dimitris<\/a>, <a href=\"https:\/\/ikastikos-kiklos.com\/en\/painters\/lalas-thanassis\/\">Lalas Thanassis<\/a>, <a href=\"https:\/\/ikastikos-kiklos.com\/en\/painters\/malamos-kostas\/\">Malamos Kostas<\/a>, <a href=\"https:\/\/ikastikos-kiklos.com\/en\/painters\/valirakis-papatheodorou-mina\/\">Papatheodorou-Valyraki Mina<\/a>, <a href=\"https:\/\/ikastikos-kiklos.com\/en\/painters\/papaioannou-christina\/\">Papaioannou Christina<\/a>, <a href=\"https:\/\/ikastikos-kiklos.com\/en\/painters\/perros-vassilis\/\">Perros Vasilis<\/a>, <a href=\"https:\/\/ikastikos-kiklos.com\/en\/painters\/prekas-paris\/\">Prekas Paris<\/a>, Sarelakou Roubina, <a href=\"https:\/\/ikastikos-kiklos.com\/en\/painters\/siagris-panagiotis-siagreece\/\">Siagris Panagiotis<\/a>, <a href=\"https:\/\/ikastikos-kiklos.com\/en\/painters\/sorogas-sotiris\/\">Sorogas Sotiris<\/a>, <a href=\"https:\/\/ikastikos-kiklos.com\/en\/painters\/spartalis-angelos\/\">Spartalis Angelos<\/a>, <a href=\"https:\/\/ikastikos-kiklos.com\/en\/painters\/spyriounis-kostas\/\">Spyriounis Kostas<\/a>, <a href=\"https:\/\/ikastikos-kiklos.com\/en\/painters\/stathopoulos-giorgos\/\">Stathopoulos Giorgos<\/a>, <a href=\"https:\/\/ikastikos-kiklos.com\/en\/painters\/tolis-konstantinos\/\">Tolis Konstantinos<\/a>, <a href=\"https:\/\/ikastikos-kiklos.com\/en\/painters\/tsoklis-kostas\/\">Tsoklis Kostas<\/a><\/strong><br \/>\nand the <strong>sculptors<\/strong>: <strong><a href=\"https:\/\/ikastikos-kiklos.com\/en\/sculptors\/koulentianos-kostas\/\">Koulentianos Kostas<\/a>, <a href=\"https:\/\/ikastikos-kiklos.com\/en\/sculptors\/panagiotidis-aggelos\/\">Panagiotidis Angelos<\/a>, <a href=\"https:\/\/ikastikos-kiklos.com\/en\/sculptors\/rokos-kyriakos\/\">Rokos Kyriakos<\/a>, <a href=\"https:\/\/ikastikos-kiklos.com\/en\/sculptors\/sarantopoulou-christina\/\">Sarantopoulou Christina<\/a>, <a href=\"https:\/\/ikastikos-kiklos.com\/en\/?page_id=2818\">Stoidis Aris<\/a>, <a href=\"https:\/\/ikastikos-kiklos.com\/en\/sculptors\/varotsos-kostas\/\">Varotsos Kostas<\/a>, <a href=\"https:\/\/ikastikos-kiklos.com\/en\/sculptors\/%ce%b2%ce%bb%ce%ac%cf%83%cf%83%ce%b7%cf%82-%ce%b4%ce%b7%ce%bc%ce%ae%cf%84%cf%81%ce%b7%cf%82\/\">Vlassis Dimitris<\/a><\/strong>.[\/vc_column_text][vc_empty_space height=&#8221;25px&#8221;][vc_empty_space height=&#8221;25px&#8221;][\/vc_column][vc_column width=&#8221;1\/3&#8243; css=&#8221;.vc_custom_1506373833697{background-color: #f2f2f2 !important;}&#8221;][vc_empty_space height=&#8221;30px&#8221;]<div class=\"nm-banner-slider slider-type-boxed slick-slider slick-controls-gray slick-dots-disabled\" data-arrows=\"true\" data-autoplay=\"true\" data-autoplay-speed=\"1500\" data-infinite=\"true\">\n\t\t\t<div class=\"nm-banner content-full image-type-fluid text-color-dark\" style=\"\"><img decoding=\"async\" src=\"https:\/\/ikastikos-kiklos.com\/wp-content\/uploads\/2021\/11\/PAPAIOANNOU-1-low-1.jpg\" alt=\"PAPAIOANNOU 1 low\" \/>\n\t\t\t<\/div>\n\t\t\t<div class=\"nm-banner content-full image-type-fluid text-color-dark\" style=\"\"><img decoding=\"async\" src=\"https:\/\/ikastikos-kiklos.com\/wp-content\/uploads\/2021\/11\/KOUKOS-1-low.jpg\" alt=\"KOUKOS 1 low\" \/>\n\t\t\t<\/div>\n\t\t\t<div class=\"nm-banner content-full image-type-fluid text-color-dark\" style=\"\"><img decoding=\"async\" src=\"https:\/\/ikastikos-kiklos.com\/wp-content\/uploads\/2021\/11\/XAROS-2-low-1.jpg\" alt=\"XAROS 2 low\" \/>\n\t\t\t<\/div>\n\t\t\t<div class=\"nm-banner content-full image-type-fluid text-color-dark\" style=\"\"><img decoding=\"async\" src=\"https:\/\/ikastikos-kiklos.com\/wp-content\/uploads\/2021\/11\/SPYRIOUNIS-1-low.jpg\" alt=\"SPYRIOUNIS 1 low\" \/>\n\t\t\t<\/div><\/div>[vc_empty_space height=&#8221;30px&#8221;][vc_column_text]<\/p>\n<p style=\"text-align: center;\"><strong>Opening<\/strong>: Saturday 11 December 2021, at 12.00<br \/>\n<strong>Duration<\/strong>: 11 December 2021 &#8211; 8 January 2022<br \/>\n<strong>Address<\/strong>: 2 Vas. Alexandrou &amp; Michalakopoulou, Athens<br \/>\nBehind National Gallery | Metro Evangelismos | Hilton Area<\/p>\n<p>[\/vc_column_text][vc_empty_space height=&#8221;50px&#8221;]\n\t\t\t<div class=\"nm_btn_align_center\">\n\t\t\t\t<a href=\"https:\/\/fb.me\/e\/1FZcjOSBs\" class=\"nm_btn nm_btn_lg nm_btn_border\"target=\"_blank\">\n\t\t\t\t\t<span class=\"nm_btn_title\">VISIT THE EVENT<\/span>\n\t\t\t\t\t<span class=\"nm_btn_bg\"><\/span>\n\t\t\t\t<\/a>\n\t\t\t<\/div>[vc_empty_space height=&#8221;50px&#8221;][vc_empty_space height=&#8221;50px&#8221;][vc_empty_space height=&#8221;50px&#8221;][vc_empty_space height=&#8221;50px&#8221;][vc_empty_space height=&#8221;50px&#8221;][vc_empty_space height=&#8221;50px&#8221;][vc_empty_space height=&#8221;50px&#8221;][\/vc_column][\/vc_row][vc_row type=&#8221;full-nopad&#8221;][vc_column][vc_column_text][\/vc_column_text][vc_empty_space][\/vc_column][\/vc_row][vc_row][vc_column][vc_column_text]<iframe loading=\"lazy\" style=\"border: 0;\" src=\"https:\/\/www.google.com\/maps\/embed?pb=!1m14!1m8!1m3!1d12580.474045613635!2d23.7501733!3d37.9743635!3m2!1i1024!2i768!4f13.1!3m3!1m2!1s0x0%3A0x564d5da3e3234fed!2zzpXOuc66zrHPg8-EzrnOus-Mz4IgzprPjc66zrvOv8-C!5e0!3m2!1sen!2sus!4v1480363720394\" width=\"100%\" height=\"375\" frameborder=\"0\" allowfullscreen=\"allowfullscreen\"><\/iframe>[\/vc_column_text][\/vc_column][\/vc_row]<\/p>\n<\/div>","protected":false},"excerpt":{"rendered":"<p>[vc_row css=&#8221;.vc_custom_1506373769777{background-color: #ffffff !important;}&#8221;][vc_column width=&#8221;2\/3&#8243;][vc_empty_space height=&#8221;30px&#8221;][vc_single_image image=&#8221;36759&#8243; img_size=&#8221;full&#8221; alignment=&#8221;center&#8221; onclick=&#8221;img_link_large&#8221; img_link_target=&#8221;_blank&#8221;][vc_empty_space height=&#8221;25px&#8221;][vc_custom_heading text=&#8221;Exhibition &#8220;Small Paintings &hellip;<\/p>\n","protected":false},"author":3,"featured_media":0,"parent":0,"menu_order":0,"comment_status":"closed","ping_status":"closed","template":"","meta":{"ngg_post_thumbnail":0,"footnotes":""},"class_list":["post-36761","page","type-page","status-publish","hentry"],"yoast_head":"<!-- This site is optimized with the Yoast SEO plugin v27.2 - https:\/\/yoast.com\/product\/yoast-seo-wordpress\/ -->\n<title>Exhibition &quot;Small Paintings 2021-2022&quot;<\/title>\n<meta name=\"description\" content=\"Exhibition &quot;Small Paintings 2021-2022&quot; from December 11 at Ikastikos Kiklos Sianti Gallery\" \/>\n<meta name=\"robots\" content=\"index, follow, max-snippet:-1, max-image-preview:large, max-video-preview:-1\" \/>\n<link rel=\"canonical\" href=\"https:\/\/ikastikos-kiklos.com\/en\/exhibition-small-paintings-2021-2022\/\" \/>\n<meta property=\"og:locale\" content=\"en_US\" \/>\n<meta property=\"og:type\" content=\"article\" \/>\n<meta property=\"og:title\" content=\"Exhibition &quot;Small Paintings 2021-2022&quot;\" \/>\n<meta property=\"og:description\" content=\"Exhibition &quot;Small Paintings 2021-2022&quot; from December 11 at Ikastikos Kiklos Sianti Gallery\" \/>\n<meta property=\"og:url\" content=\"https:\/\/ikastikos-kiklos.com\/en\/exhibition-small-paintings-2021-2022\/\" \/>\n<meta property=\"og:site_name\" content=\"Ikastikos Kiklos - Zografik\u00ed - Metaxotyp\u00edes - T\u00e9chniPainting - Silk Screen - Art\" \/>\n<meta property=\"article:publisher\" content=\"https:\/\/www.facebook.com\/ikastikoskiklossianti\/\" \/>\n<meta property=\"article:modified_time\" content=\"2021-12-03T07:44:50+00:00\" \/>\n<meta name=\"twitter:card\" content=\"summary_large_image\" \/>\n<meta name=\"twitter:label1\" content=\"Est. reading time\" \/>\n\t<meta name=\"twitter:data1\" content=\"2 minutes\" \/>\n<script type=\"application\/ld+json\" class=\"yoast-schema-graph\">{\"@context\":\"https:\/\/schema.org\",\"@graph\":[{\"@type\":\"WebPage\",\"@id\":\"https:\/\/ikastikos-kiklos.com\/en\/exhibition-small-paintings-2021-2022\/\",\"url\":\"https:\/\/ikastikos-kiklos.com\/en\/exhibition-small-paintings-2021-2022\/\",\"name\":\"Exhibition \\\"Small Paintings 2021-2022\\\"\",\"isPartOf\":{\"@id\":\"https:\/\/ikastikos-kiklos.com\/en\/#website\"},\"datePublished\":\"2021-12-03T07:42:40+00:00\",\"dateModified\":\"2021-12-03T07:44:50+00:00\",\"description\":\"Exhibition \\\"Small Paintings 2021-2022\\\" from December 11 at Ikastikos Kiklos Sianti Gallery\",\"breadcrumb\":{\"@id\":\"https:\/\/ikastikos-kiklos.com\/en\/exhibition-small-paintings-2021-2022\/#breadcrumb\"},\"inLanguage\":\"en-US\",\"potentialAction\":[{\"@type\":\"ReadAction\",\"target\":[\"https:\/\/ikastikos-kiklos.com\/en\/exhibition-small-paintings-2021-2022\/\"]}]},{\"@type\":\"BreadcrumbList\",\"@id\":\"https:\/\/ikastikos-kiklos.com\/en\/exhibition-small-paintings-2021-2022\/#breadcrumb\",\"itemListElement\":[{\"@type\":\"ListItem\",\"position\":1,\"name\":\"Home\",\"item\":\"https:\/\/ikastikos-kiklos.com\/en\/\"},{\"@type\":\"ListItem\",\"position\":2,\"name\":\"Exhibition &#8220;Small Paintings 2021-2022&#8221;\"}]},{\"@type\":\"WebSite\",\"@id\":\"https:\/\/ikastikos-kiklos.com\/en\/#website\",\"url\":\"https:\/\/ikastikos-kiklos.com\/en\/\",\"name\":\"Ikastikos Kiklos - Zografik\u00ed - Metaxotyp\u00edes - T\u00e9chniPainting - Silk Screen - Art\",\"description\":\"\",\"publisher\":{\"@id\":\"https:\/\/ikastikos-kiklos.com\/en\/#organization\"},\"potentialAction\":[{\"@type\":\"SearchAction\",\"target\":{\"@type\":\"EntryPoint\",\"urlTemplate\":\"https:\/\/ikastikos-kiklos.com\/en\/?s={search_term_string}\"},\"query-input\":{\"@type\":\"PropertyValueSpecification\",\"valueRequired\":true,\"valueName\":\"search_term_string\"}}],\"inLanguage\":\"en-US\"},{\"@type\":\"Organization\",\"@id\":\"https:\/\/ikastikos-kiklos.com\/en\/#organization\",\"name\":\"Ikastikos Kiklos - Zografik\u00ed - Metaxotyp\u00edes - T\u00e9chniPainting - Silk Screen - Art\",\"url\":\"https:\/\/ikastikos-kiklos.com\/en\/\",\"logo\":{\"@type\":\"ImageObject\",\"inLanguage\":\"en-US\",\"@id\":\"https:\/\/ikastikos-kiklos.com\/en\/#\/schema\/logo\/image\/\",\"url\":\"https:\/\/ikastikos-kiklos.com\/wp-content\/uploads\/2022\/10\/cropped-favicon_ikastikos.png\",\"contentUrl\":\"https:\/\/ikastikos-kiklos.com\/wp-content\/uploads\/2022\/10\/cropped-favicon_ikastikos.png\",\"width\":512,\"height\":512,\"caption\":\"Ikastikos Kiklos - Zografik\u00ed - Metaxotyp\u00edes - T\u00e9chniPainting - Silk Screen - Art\"},\"image\":{\"@id\":\"https:\/\/ikastikos-kiklos.com\/en\/#\/schema\/logo\/image\/\"},\"sameAs\":[\"https:\/\/www.facebook.com\/ikastikoskiklossianti\/\"]}]}<\/script>\n<!-- \/ Yoast SEO plugin. -->","yoast_head_json":{"title":"Exhibition \"Small Paintings 2021-2022\"","description":"Exhibition \"Small Paintings 2021-2022\" from December 11 at Ikastikos Kiklos Sianti Gallery","robots":{"index":"index","follow":"follow","max-snippet":"max-snippet:-1","max-image-preview":"max-image-preview:large","max-video-preview":"max-video-preview:-1"},"canonical":"https:\/\/ikastikos-kiklos.com\/en\/exhibition-small-paintings-2021-2022\/","og_locale":"en_US","og_type":"article","og_title":"Exhibition \"Small Paintings 2021-2022\"","og_description":"Exhibition \"Small Paintings 2021-2022\" from December 11 at Ikastikos Kiklos Sianti Gallery","og_url":"https:\/\/ikastikos-kiklos.com\/en\/exhibition-small-paintings-2021-2022\/","og_site_name":"Ikastikos Kiklos - Zografik\u00ed - Metaxotyp\u00edes - T\u00e9chniPainting - Silk Screen - Art","article_publisher":"https:\/\/www.facebook.com\/ikastikoskiklossianti\/","article_modified_time":"2021-12-03T07:44:50+00:00","twitter_card":"summary_large_image","twitter_misc":{"Est. reading time":"2 minutes"},"schema":{"@context":"https:\/\/schema.org","@graph":[{"@type":"WebPage","@id":"https:\/\/ikastikos-kiklos.com\/en\/exhibition-small-paintings-2021-2022\/","url":"https:\/\/ikastikos-kiklos.com\/en\/exhibition-small-paintings-2021-2022\/","name":"Exhibition \"Small Paintings 2021-2022\"","isPartOf":{"@id":"https:\/\/ikastikos-kiklos.com\/en\/#website"},"datePublished":"2021-12-03T07:42:40+00:00","dateModified":"2021-12-03T07:44:50+00:00","description":"Exhibition \"Small Paintings 2021-2022\" from December 11 at Ikastikos Kiklos Sianti Gallery","breadcrumb":{"@id":"https:\/\/ikastikos-kiklos.com\/en\/exhibition-small-paintings-2021-2022\/#breadcrumb"},"inLanguage":"en-US","potentialAction":[{"@type":"ReadAction","target":["https:\/\/ikastikos-kiklos.com\/en\/exhibition-small-paintings-2021-2022\/"]}]},{"@type":"BreadcrumbList","@id":"https:\/\/ikastikos-kiklos.com\/en\/exhibition-small-paintings-2021-2022\/#breadcrumb","itemListElement":[{"@type":"ListItem","position":1,"name":"Home","item":"https:\/\/ikastikos-kiklos.com\/en\/"},{"@type":"ListItem","position":2,"name":"Exhibition &#8220;Small Paintings 2021-2022&#8221;"}]},{"@type":"WebSite","@id":"https:\/\/ikastikos-kiklos.com\/en\/#website","url":"https:\/\/ikastikos-kiklos.com\/en\/","name":"Ikastikos Kiklos - Zografik\u00ed - Metaxotyp\u00edes - T\u00e9chniPainting - Silk Screen - Art","description":"","publisher":{"@id":"https:\/\/ikastikos-kiklos.com\/en\/#organization"},"potentialAction":[{"@type":"SearchAction","target":{"@type":"EntryPoint","urlTemplate":"https:\/\/ikastikos-kiklos.com\/en\/?s={search_term_string}"},"query-input":{"@type":"PropertyValueSpecification","valueRequired":true,"valueName":"search_term_string"}}],"inLanguage":"en-US"},{"@type":"Organization","@id":"https:\/\/ikastikos-kiklos.com\/en\/#organization","name":"Ikastikos Kiklos - Zografik\u00ed - Metaxotyp\u00edes - T\u00e9chniPainting - Silk Screen - Art","url":"https:\/\/ikastikos-kiklos.com\/en\/","logo":{"@type":"ImageObject","inLanguage":"en-US","@id":"https:\/\/ikastikos-kiklos.com\/en\/#\/schema\/logo\/image\/","url":"https:\/\/ikastikos-kiklos.com\/wp-content\/uploads\/2022\/10\/cropped-favicon_ikastikos.png","contentUrl":"https:\/\/ikastikos-kiklos.com\/wp-content\/uploads\/2022\/10\/cropped-favicon_ikastikos.png","width":512,"height":512,"caption":"Ikastikos Kiklos - Zografik\u00ed - Metaxotyp\u00edes - T\u00e9chniPainting - Silk Screen - Art"},"image":{"@id":"https:\/\/ikastikos-kiklos.com\/en\/#\/schema\/logo\/image\/"},"sameAs":["https:\/\/www.facebook.com\/ikastikoskiklossianti\/"]}]}},"_links":{"self":[{"href":"https:\/\/ikastikos-kiklos.com\/en\/wp-json\/wp\/v2\/pages\/36761","targetHints":{"allow":["GET"]}}],"collection":[{"href":"https:\/\/ikastikos-kiklos.com\/en\/wp-json\/wp\/v2\/pages"}],"about":[{"href":"https:\/\/ikastikos-kiklos.com\/en\/wp-json\/wp\/v2\/types\/page"}],"author":[{"embeddable":true,"href":"https:\/\/ikastikos-kiklos.com\/en\/wp-json\/wp\/v2\/users\/3"}],"replies":[{"embeddable":true,"href":"https:\/\/ikastikos-kiklos.com\/en\/wp-json\/wp\/v2\/comments?post=36761"}],"version-history":[{"count":4,"href":"https:\/\/ikastikos-kiklos.com\/en\/wp-json\/wp\/v2\/pages\/36761\/revisions"}],"predecessor-version":[{"id":36765,"href":"https:\/\/ikastikos-kiklos.com\/en\/wp-json\/wp\/v2\/pages\/36761\/revisions\/36765"}],"wp:attachment":[{"href":"https:\/\/ikastikos-kiklos.com\/en\/wp-json\/wp\/v2\/media?parent=36761"}],"curies":[{"name":"wp","href":"https:\/\/api.w.org\/{rel}","templated":true}]}}