{"id":36176,"date":"2021-11-03T10:28:05","date_gmt":"2021-11-03T08:28:05","guid":{"rendered":"https:\/\/ikastikos-kiklos.com\/solo-exhibition-meeting-memories-apostolos-chantzaras\/"},"modified":"2021-11-15T19:35:26","modified_gmt":"2021-11-15T17:35:26","slug":"solo-exhibition-meeting-memories-apostolos-chantzaras","status":"publish","type":"page","link":"https:\/\/ikastikos-kiklos.com\/en\/solo-exhibition-meeting-memories-apostolos-chantzaras\/","title":{"rendered":"Solo Exhibition &#8220;Meeting &#8211; Memories&#8221; Apostolos Chantzaras"},"content":{"rendered":"<div class=\"wpb-content-wrapper\"><p>[vc_row css=&#8221;.vc_custom_1506373769777{background-color: #ffffff !important;}&#8221;][vc_column width=&#8221;2\/3&#8243;][vc_empty_space height=&#8221;30px&#8221;][vc_single_image image=&#8221;36455&#8243; img_size=&#8221;full&#8221; alignment=&#8221;center&#8221; onclick=&#8221;img_link_large&#8221; img_link_target=&#8221;_blank&#8221;][vc_empty_space height=&#8221;25px&#8221;][vc_column_text]<\/p>\n<h3 style=\"text-align: left;\">Solo Exhibition &#8220;Meeting &#8211; Memories&#8221; Apostolos Chantzaras<\/h3>\n<p><strong>\u00abMeeting-Memories\u00bb<\/strong> is the title of Apostolos\u2019s Chantzaras solo exhibition, which will be hosted at <strong>Sianti Gallery<\/strong> from <strong>12 November<\/strong> to <strong>4 December<\/strong> 2021. As the artist notes, the unity of his works with historical memory for the year \u201821 is the expression of a complex visual world with a social, historical but mainly symbolic character.<\/p>\n<p><em><strong>Vassiliki Sianti at a mini interview with Apostolos Chantzaras<\/strong><\/em><br \/>\n<iframe loading=\"lazy\" title=\"YouTube video player\" src=\"https:\/\/www.youtube.com\/embed\/jp9WRgkCQJg\" width=\"560\" height=\"315\" frameborder=\"0\" allowfullscreen=\"allowfullscreen\"><\/iframe><br \/>\nApostolos Chantzaras characteristically states: <em>\u201c<strong>My works with references to \u038421 mean to me more than a painting form or a modern design.<\/strong> It is an Epic. I was born in Agrinio, Etoloakarnania, where for some people, the heroes are honored and even come to life through folk songs and traditions. The festival of Ai Symios in Messolonghi is the most important component of our cultural identity. My father painted the icons of the monastery emphasizing the religious character. <strong>The companies of the riders, the horsemen meet every year in a revival ritual.<\/strong> Accompanied by drums, they proceed to a representation of the ecstatic dances with their hands up, dragging the tsamiko. And then Earth and Heaven become one! The Hero pierces them!<\/em><\/p>\n<p><em><strong>I paint the riders with the hooves of the horses raised, because in its strike you may feel that the Earth and the whole World will move!<\/strong> The relationship between the horse and the rider was a relationship between relatives. They shared a common life! From Markos Botsaris to Lord Bayron\u2026 the First! There are some left to continue! What they found is revived with a festival! So that the Epic is not lost and our Soul is also lost! And so we will happen to reciprocate! With hands up, let&#8217;s touch!!<\/em>\u00bb.<\/p>\n<p>By her side Managing Director of the gallery, <strong>Vassiliki Sianti<\/strong> characteristically notes: \u00ab<em>In this section Apostolos works, small miracles are revealed, memories are brought to life and placed in the present. Symbols of glorious times of the past are part of a modern dynamic painting. The bodies of the heroes are muscular and robust, they refer to everyday people, who fight for everything that belongs to them. Their penetrating gaze captivates the viewer, highlighting a new perspective. It, however, <strong>maintains the respect for the old symbol in a modern Art.<\/strong> The colors of Chantzaras are so vivid and at the same time so deafening that they leave us no choice but to integrate Art into our lives<\/em>\u00bb.<\/p>\n<h3>Photo Gallery from the Opening Night<\/h3>\n<p>ngg_shortcode_0_placeholder[\/vc_column_text][vc_empty_space height=&#8221;20px&#8221;][\/vc_column][vc_column width=&#8221;1\/3&#8243; css=&#8221;.vc_custom_1506373833697{background-color: #f2f2f2 !important;}&#8221;][vc_empty_space height=&#8221;30px&#8221;]<div class=\"nm-banner-slider slider-type-boxed slick-slider slick-controls-gray slick-dots-disabled\" data-arrows=\"true\" data-autoplay=\"true\" data-autoplay-speed=\"1500\" data-infinite=\"true\">\n\t\t\t<div class=\"nm-banner content-full image-type-fluid text-color-dark\" style=\"\"><img decoding=\"async\" src=\"https:\/\/ikastikos-kiklos.com\/wp-content\/uploads\/2021\/10\/prosklisi.jpg\" alt=\"prosklisi\" \/>\n\t\t\t<\/div>\n\t\t\t<div class=\"nm-banner content-full image-type-fluid text-color-dark\" style=\"\"><img decoding=\"async\" src=\"https:\/\/ikastikos-kiklos.com\/wp-content\/uploads\/2021\/10\/\u03b5\u03c1\u03b3\u03bf-6-rotated.jpg\" alt=\"\u03b5\u03c1\u03b3\u03bf 6\" \/>\n\t\t\t<\/div>\n\t\t\t<div class=\"nm-banner content-full image-type-fluid text-color-dark\" style=\"\"><img decoding=\"async\" src=\"https:\/\/ikastikos-kiklos.com\/wp-content\/uploads\/2021\/10\/\u03b5\u03c1\u03b3\u03bf-3-rotated.jpg\" alt=\"\u03b5\u03c1\u03b3\u03bf 3\" \/>\n\t\t\t<\/div><\/div>[vc_empty_space height=&#8221;20px&#8221;][vc_column_text]<\/p>\n<p style=\"text-align: center;\"><b>Apostolos Chantzaras drawing<br \/>\nthe gallery windows<\/b><\/p>\n<p>[\/vc_column_text][vc_empty_space height=&#8221;10px&#8221;][vc_video link=&#8221;https:\/\/www.youtube.com\/watch?v=3PgMnAbhJdM&#8221;][vc_empty_space height=&#8221;20px&#8221;][vc_column_text]<\/p>\n<p style=\"text-align: center;\"><strong>Duration: <\/strong>Friday 12 November \u2013 Saturday 4 December 2021<br \/>\n<strong>Adress: <\/strong>2 Vas. Alexandrou, Athens<br \/>\nBehind the National Gallery | METRO Evangelismos | Hilton Area<\/p>\n<p>[\/vc_column_text][vc_empty_space height=&#8221;30px&#8221;]\n\t\t\t<div class=\"nm_btn_align_center\">\n\t\t\t\t<a href=\"https:\/\/fb.me\/e\/4lVgdcZ9T\" class=\"nm_btn nm_btn_lg nm_btn_border\"target=\"_blank\" style=\"color:#a3a3a3;\">\n\t\t\t\t\t<span class=\"nm_btn_title\">VISIT THE EVENT<\/span>\n\t\t\t\t\t<span class=\"nm_btn_bg\"><\/span>\n\t\t\t\t<\/a>\n\t\t\t<\/div>[vc_empty_space height=&#8221;10px&#8221;][vc_empty_space height=&#8221;20px&#8221;][vc_empty_space height=&#8221;10px&#8221;][vc_empty_space height=&#8221;20px&#8221;][vc_empty_space height=&#8221;10px&#8221;][\/vc_column][\/vc_row][vc_row type=&#8221;full-nopad&#8221;][vc_column][vc_empty_space height=&#8221;25px&#8221;][vc_column_text]<iframe loading=\"lazy\" style=\"border: 0;\" src=\"https:\/\/www.google.com\/maps\/embed?pb=!1m14!1m8!1m3!1d12580.474045613635!2d23.7501733!3d37.9743635!3m2!1i1024!2i768!4f13.1!3m3!1m2!1s0x0%3A0x564d5da3e3234fed!2zzpXOuc66zrHPg8-EzrnOus-Mz4IgzprPjc66zrvOv8-C!5e0!3m2!1sen!2sus!4v1480363720394\" width=\"100%\" height=\"375\" frameborder=\"0\" allowfullscreen=\"allowfullscreen\"><\/iframe>[\/vc_column_text][vc_empty_space][\/vc_column][\/vc_row][vc_row type=&#8221;full-nopad&#8221;][vc_column][vc_single_image image=&#8221;3969&#8243; img_size=&#8221;full&#8221; alignment=&#8221;center&#8221; onclick=&#8221;custom_link&#8221; img_link_target=&#8221;_blank&#8221; link=&#8221;http:%2F%2Fikastikos-kiklos.com%2F%CE%B6%CF%89%CE%B3%CF%81%CE%AC%CF%86%CE%BF%CE%B9%2F%CE%BB%CE%AC%CE%BB%CE%B1%CF%82-%CE%B8%CE%B1%CE%BD%CE%AC%CF%83%CE%B7%CF%82%2F|&#8221;][\/vc_column][\/vc_row][vc_row][vc_column][\/vc_column][\/vc_row]<\/p>\n<\/div>","protected":false},"excerpt":{"rendered":"<p>[vc_row css=&#8221;.vc_custom_1506373769777{background-color: #ffffff !important;}&#8221;][vc_column width=&#8221;2\/3&#8243;][vc_empty_space height=&#8221;30px&#8221;][vc_single_image image=&#8221;36455&#8243; img_size=&#8221;full&#8221; alignment=&#8221;center&#8221; onclick=&#8221;img_link_large&#8221; img_link_target=&#8221;_blank&#8221;][vc_empty_space height=&#8221;25px&#8221;][vc_column_text] Solo Exhibition &#8220;Meeting &hellip;<\/p>\n","protected":false},"author":3,"featured_media":0,"parent":0,"menu_order":0,"comment_status":"closed","ping_status":"closed","template":"","meta":{"ngg_post_thumbnail":0,"footnotes":""},"class_list":["post-36176","page","type-page","status-publish","hentry"],"yoast_head":"<!-- This site is optimized with the Yoast SEO plugin v27.2 - https:\/\/yoast.com\/product\/yoast-seo-wordpress\/ -->\n<title>Solo Exhibition &quot;Meeting - Memories&quot; Apostolos Chantzaras<\/title>\n<meta name=\"description\" content=\"Solo Exhibition &quot;Meeting - Memories&quot; Apostolos Chantzaras from 12 November 2021 to 4 December 2021 at Sianti Gallery\" \/>\n<meta name=\"robots\" content=\"index, follow, max-snippet:-1, max-image-preview:large, max-video-preview:-1\" \/>\n<link rel=\"canonical\" href=\"https:\/\/ikastikos-kiklos.com\/en\/solo-exhibition-meeting-memories-apostolos-chantzaras\/\" \/>\n<meta property=\"og:locale\" content=\"en_US\" \/>\n<meta property=\"og:type\" content=\"article\" \/>\n<meta property=\"og:title\" content=\"Solo Exhibition &quot;Meeting - Memories&quot; Apostolos Chantzaras\" \/>\n<meta property=\"og:description\" content=\"Solo Exhibition &quot;Meeting - Memories&quot; Apostolos Chantzaras from 12 November 2021 to 4 December 2021 at Sianti Gallery\" \/>\n<meta property=\"og:url\" content=\"https:\/\/ikastikos-kiklos.com\/en\/solo-exhibition-meeting-memories-apostolos-chantzaras\/\" \/>\n<meta property=\"og:site_name\" content=\"Ikastikos Kiklos - Zografik\u00ed - Metaxotyp\u00edes - T\u00e9chniPainting - Silk Screen - Art\" \/>\n<meta property=\"article:publisher\" content=\"https:\/\/www.facebook.com\/ikastikoskiklossianti\/\" \/>\n<meta property=\"article:modified_time\" content=\"2021-11-15T17:35:26+00:00\" \/>\n<meta name=\"twitter:card\" content=\"summary_large_image\" \/>\n<meta name=\"twitter:label1\" content=\"Est. reading time\" \/>\n\t<meta name=\"twitter:data1\" content=\"3 minutes\" \/>\n<script type=\"application\/ld+json\" class=\"yoast-schema-graph\">{\"@context\":\"https:\/\/schema.org\",\"@graph\":[{\"@type\":\"WebPage\",\"@id\":\"https:\/\/ikastikos-kiklos.com\/en\/solo-exhibition-meeting-memories-apostolos-chantzaras\/\",\"url\":\"https:\/\/ikastikos-kiklos.com\/en\/solo-exhibition-meeting-memories-apostolos-chantzaras\/\",\"name\":\"Solo Exhibition \\\"Meeting - Memories\\\" Apostolos Chantzaras\",\"isPartOf\":{\"@id\":\"https:\/\/ikastikos-kiklos.com\/en\/#website\"},\"datePublished\":\"2021-11-03T08:28:05+00:00\",\"dateModified\":\"2021-11-15T17:35:26+00:00\",\"description\":\"Solo Exhibition \\\"Meeting - Memories\\\" Apostolos Chantzaras from 12 November 2021 to 4 December 2021 at Sianti Gallery\",\"breadcrumb\":{\"@id\":\"https:\/\/ikastikos-kiklos.com\/en\/solo-exhibition-meeting-memories-apostolos-chantzaras\/#breadcrumb\"},\"inLanguage\":\"en-US\",\"potentialAction\":[{\"@type\":\"ReadAction\",\"target\":[\"https:\/\/ikastikos-kiklos.com\/en\/solo-exhibition-meeting-memories-apostolos-chantzaras\/\"]}]},{\"@type\":\"BreadcrumbList\",\"@id\":\"https:\/\/ikastikos-kiklos.com\/en\/solo-exhibition-meeting-memories-apostolos-chantzaras\/#breadcrumb\",\"itemListElement\":[{\"@type\":\"ListItem\",\"position\":1,\"name\":\"Home\",\"item\":\"https:\/\/ikastikos-kiklos.com\/en\/\"},{\"@type\":\"ListItem\",\"position\":2,\"name\":\"Solo Exhibition &#8220;Meeting &#8211; Memories&#8221; Apostolos Chantzaras\"}]},{\"@type\":\"WebSite\",\"@id\":\"https:\/\/ikastikos-kiklos.com\/en\/#website\",\"url\":\"https:\/\/ikastikos-kiklos.com\/en\/\",\"name\":\"Ikastikos Kiklos - Zografik\u00ed - Metaxotyp\u00edes - T\u00e9chniPainting - Silk Screen - Art\",\"description\":\"\",\"publisher\":{\"@id\":\"https:\/\/ikastikos-kiklos.com\/en\/#organization\"},\"potentialAction\":[{\"@type\":\"SearchAction\",\"target\":{\"@type\":\"EntryPoint\",\"urlTemplate\":\"https:\/\/ikastikos-kiklos.com\/en\/?s={search_term_string}\"},\"query-input\":{\"@type\":\"PropertyValueSpecification\",\"valueRequired\":true,\"valueName\":\"search_term_string\"}}],\"inLanguage\":\"en-US\"},{\"@type\":\"Organization\",\"@id\":\"https:\/\/ikastikos-kiklos.com\/en\/#organization\",\"name\":\"Ikastikos Kiklos - Zografik\u00ed - Metaxotyp\u00edes - T\u00e9chniPainting - Silk Screen - Art\",\"url\":\"https:\/\/ikastikos-kiklos.com\/en\/\",\"logo\":{\"@type\":\"ImageObject\",\"inLanguage\":\"en-US\",\"@id\":\"https:\/\/ikastikos-kiklos.com\/en\/#\/schema\/logo\/image\/\",\"url\":\"https:\/\/ikastikos-kiklos.com\/wp-content\/uploads\/2022\/10\/cropped-favicon_ikastikos.png\",\"contentUrl\":\"https:\/\/ikastikos-kiklos.com\/wp-content\/uploads\/2022\/10\/cropped-favicon_ikastikos.png\",\"width\":512,\"height\":512,\"caption\":\"Ikastikos Kiklos - Zografik\u00ed - Metaxotyp\u00edes - T\u00e9chniPainting - Silk Screen - Art\"},\"image\":{\"@id\":\"https:\/\/ikastikos-kiklos.com\/en\/#\/schema\/logo\/image\/\"},\"sameAs\":[\"https:\/\/www.facebook.com\/ikastikoskiklossianti\/\"]}]}<\/script>\n<!-- \/ Yoast SEO plugin. -->","yoast_head_json":{"title":"Solo Exhibition \"Meeting - Memories\" Apostolos Chantzaras","description":"Solo Exhibition \"Meeting - Memories\" Apostolos Chantzaras from 12 November 2021 to 4 December 2021 at Sianti Gallery","robots":{"index":"index","follow":"follow","max-snippet":"max-snippet:-1","max-image-preview":"max-image-preview:large","max-video-preview":"max-video-preview:-1"},"canonical":"https:\/\/ikastikos-kiklos.com\/en\/solo-exhibition-meeting-memories-apostolos-chantzaras\/","og_locale":"en_US","og_type":"article","og_title":"Solo Exhibition \"Meeting - Memories\" Apostolos Chantzaras","og_description":"Solo Exhibition \"Meeting - Memories\" Apostolos Chantzaras from 12 November 2021 to 4 December 2021 at Sianti Gallery","og_url":"https:\/\/ikastikos-kiklos.com\/en\/solo-exhibition-meeting-memories-apostolos-chantzaras\/","og_site_name":"Ikastikos Kiklos - Zografik\u00ed - Metaxotyp\u00edes - T\u00e9chniPainting - Silk Screen - Art","article_publisher":"https:\/\/www.facebook.com\/ikastikoskiklossianti\/","article_modified_time":"2021-11-15T17:35:26+00:00","twitter_card":"summary_large_image","twitter_misc":{"Est. reading time":"3 minutes"},"schema":{"@context":"https:\/\/schema.org","@graph":[{"@type":"WebPage","@id":"https:\/\/ikastikos-kiklos.com\/en\/solo-exhibition-meeting-memories-apostolos-chantzaras\/","url":"https:\/\/ikastikos-kiklos.com\/en\/solo-exhibition-meeting-memories-apostolos-chantzaras\/","name":"Solo Exhibition \"Meeting - Memories\" Apostolos Chantzaras","isPartOf":{"@id":"https:\/\/ikastikos-kiklos.com\/en\/#website"},"datePublished":"2021-11-03T08:28:05+00:00","dateModified":"2021-11-15T17:35:26+00:00","description":"Solo Exhibition \"Meeting - Memories\" Apostolos Chantzaras from 12 November 2021 to 4 December 2021 at Sianti Gallery","breadcrumb":{"@id":"https:\/\/ikastikos-kiklos.com\/en\/solo-exhibition-meeting-memories-apostolos-chantzaras\/#breadcrumb"},"inLanguage":"en-US","potentialAction":[{"@type":"ReadAction","target":["https:\/\/ikastikos-kiklos.com\/en\/solo-exhibition-meeting-memories-apostolos-chantzaras\/"]}]},{"@type":"BreadcrumbList","@id":"https:\/\/ikastikos-kiklos.com\/en\/solo-exhibition-meeting-memories-apostolos-chantzaras\/#breadcrumb","itemListElement":[{"@type":"ListItem","position":1,"name":"Home","item":"https:\/\/ikastikos-kiklos.com\/en\/"},{"@type":"ListItem","position":2,"name":"Solo Exhibition &#8220;Meeting &#8211; Memories&#8221; Apostolos Chantzaras"}]},{"@type":"WebSite","@id":"https:\/\/ikastikos-kiklos.com\/en\/#website","url":"https:\/\/ikastikos-kiklos.com\/en\/","name":"Ikastikos Kiklos - Zografik\u00ed - Metaxotyp\u00edes - T\u00e9chniPainting - Silk Screen - Art","description":"","publisher":{"@id":"https:\/\/ikastikos-kiklos.com\/en\/#organization"},"potentialAction":[{"@type":"SearchAction","target":{"@type":"EntryPoint","urlTemplate":"https:\/\/ikastikos-kiklos.com\/en\/?s={search_term_string}"},"query-input":{"@type":"PropertyValueSpecification","valueRequired":true,"valueName":"search_term_string"}}],"inLanguage":"en-US"},{"@type":"Organization","@id":"https:\/\/ikastikos-kiklos.com\/en\/#organization","name":"Ikastikos Kiklos - Zografik\u00ed - Metaxotyp\u00edes - T\u00e9chniPainting - Silk Screen - Art","url":"https:\/\/ikastikos-kiklos.com\/en\/","logo":{"@type":"ImageObject","inLanguage":"en-US","@id":"https:\/\/ikastikos-kiklos.com\/en\/#\/schema\/logo\/image\/","url":"https:\/\/ikastikos-kiklos.com\/wp-content\/uploads\/2022\/10\/cropped-favicon_ikastikos.png","contentUrl":"https:\/\/ikastikos-kiklos.com\/wp-content\/uploads\/2022\/10\/cropped-favicon_ikastikos.png","width":512,"height":512,"caption":"Ikastikos Kiklos - Zografik\u00ed - Metaxotyp\u00edes - T\u00e9chniPainting - Silk Screen - Art"},"image":{"@id":"https:\/\/ikastikos-kiklos.com\/en\/#\/schema\/logo\/image\/"},"sameAs":["https:\/\/www.facebook.com\/ikastikoskiklossianti\/"]}]}},"_links":{"self":[{"href":"https:\/\/ikastikos-kiklos.com\/en\/wp-json\/wp\/v2\/pages\/36176","targetHints":{"allow":["GET"]}}],"collection":[{"href":"https:\/\/ikastikos-kiklos.com\/en\/wp-json\/wp\/v2\/pages"}],"about":[{"href":"https:\/\/ikastikos-kiklos.com\/en\/wp-json\/wp\/v2\/types\/page"}],"author":[{"embeddable":true,"href":"https:\/\/ikastikos-kiklos.com\/en\/wp-json\/wp\/v2\/users\/3"}],"replies":[{"embeddable":true,"href":"https:\/\/ikastikos-kiklos.com\/en\/wp-json\/wp\/v2\/comments?post=36176"}],"version-history":[{"count":5,"href":"https:\/\/ikastikos-kiklos.com\/en\/wp-json\/wp\/v2\/pages\/36176\/revisions"}],"predecessor-version":[{"id":36529,"href":"https:\/\/ikastikos-kiklos.com\/en\/wp-json\/wp\/v2\/pages\/36176\/revisions\/36529"}],"wp:attachment":[{"href":"https:\/\/ikastikos-kiklos.com\/en\/wp-json\/wp\/v2\/media?parent=36176"}],"curies":[{"name":"wp","href":"https:\/\/api.w.org\/{rel}","templated":true}]}}