{"id":35723,"date":"2021-09-27T15:20:53","date_gmt":"2021-09-27T12:20:53","guid":{"rendered":"https:\/\/ikastikos-kiklos.com\/painters\/%cf%83%cf%80%ce%ac%cf%81%cf%84%ce%b1%ce%bb%ce%b7%cf%82-%ce%ac%ce%b3%ce%b3%ce%b5%ce%bb%ce%bf%cf%82\/"},"modified":"2021-09-27T15:23:49","modified_gmt":"2021-09-27T12:23:49","slug":"spartalis-angelos","status":"publish","type":"page","link":"https:\/\/ikastikos-kiklos.com\/en\/painters\/spartalis-angelos\/","title":{"rendered":"Spartalis Angelos"},"content":{"rendered":"<h1>CV<\/h1>\n<p>Angelos Spartalis (1973) is a painter and Cinematographer. He grew up in Crete-Greece and in D\u00fcsseldorf-Germany. He is a graduate of the National Technical University of Athens (Mech.Engineering-Aeronautics). He lives in Athens and in Aghios Nikolaos, Crete.<\/p>\n<p>Solo exhibitions at the Museum of Contemporary Art of Crete, Justice of the Peace Court of Aghios Nikolaos (2015), Art-Fair ART-ATHINA (2014), Titanium Yiayiannos Gallery (2011, 2013), Municipal Art Gallery of Aghios Nikolaos (2004, 2012), Art Gallery L-S\/Hotel Elounda Mare (2005, 2013), Modern Greek Art Museum of Rhodes (2001, 2003), KOZAS Gallery (2004, 2008).<\/p>\n<p>Innovation Award, Hellenic Film Academy (2014), Golden Digital Alexander Award, Thessaloniki International Film Festival (2008), 3 Film Festival Audience Awards (Rhodes 2008, Thessaloniki 2008, Athens 2014)<\/p>\n<p>&nbsp;<\/p>\n<p><strong>Solo Painting Exhibitions <\/strong><\/p>\n<p>2019&nbsp;&nbsp;&nbsp; To skouliki, Aghios Nikolaos, Crete<br \/>\n2015&nbsp;&nbsp; Museum of Contemporary Art of Crete, Justice of the Peace Court of Aghios Nikolaos<br \/>\n2014&nbsp;&nbsp; TITANIUM Yiayiannos Gallery , ART-ATHINA, Athens<br \/>\n2013&nbsp;&nbsp; TITANIUM Yiayiannos Gallery, Athens<br \/>\n2012&nbsp;&nbsp; Municipal Art Gallery of Aghios Nikolaos, Crete<br \/>\n2011&nbsp;&nbsp; TITANIUM Yiayiannos Gallery, Athens<br \/>\n2008&nbsp;&nbsp; KOZAS Gallery, Rhodes<br \/>\n2007&nbsp;&nbsp; Lake of Aghios Nikolaos, Crete (installation)<br \/>\n2005&nbsp;&nbsp; Art Gallery L-S\/Hotel Elounda Mare<br \/>\n2004&nbsp;&nbsp; Pnyk-Art Foundation, Athens<br \/>\n2003&nbsp;&nbsp; Museum of Modern Greek Art, Rhodes<br \/>\n2002&nbsp;&nbsp; Art Cities in Europe, Berlin (performance)<\/p>\n<p>&nbsp;<\/p>\n<p><strong>Film Festival Prizes and Distinctions<br \/>\n<\/strong><br \/>\n2020&nbsp;&nbsp;&nbsp; Finalists, Shakespeare Shorts film competition, animation<br \/>\n2014&nbsp;&nbsp;&nbsp; Innovation Award, Hellenic Film Academy<br \/>\n2014&nbsp;&nbsp;&nbsp; Audience Award, Science Fiction Film Festival of Athens<br \/>\n2013&nbsp;&nbsp;&nbsp; Best Experimental Film, London Greek Film Fest<br \/>\n2008&nbsp;&nbsp; Digital Alexander, Thessaloniki International Film Festival<br \/>\n2008&nbsp;&nbsp; Audience Award, Thessaloniki International Film Festival<br \/>\n2008&nbsp;&nbsp; Audience Award, Ecofilms festival, Rhodes<br \/>\n2007&nbsp;&nbsp; Honorable Mention, Thessaloniki International Film Festival<\/p>\n<p><strong>Filmography<\/strong><\/p>\n<p>2021&nbsp;&nbsp;&nbsp; \u201c192 Nafsikaa\u201d, 14 min, animation<br \/>\n2020&nbsp;&nbsp;&nbsp; \u201cThe first kiss\u201d, 4 min, animation<br \/>\n2019&nbsp;&nbsp;&nbsp; \u201c@9 : at nine\u201d, 90 min, feature<br \/>\n2013&nbsp;&nbsp; \u201cFrom The Earth to the Moon\u201d, 87 min, animation<br \/>\n2010&nbsp;&nbsp; \u201c37 memories\u201d, 80 min, feature<br \/>\n2009&nbsp;&nbsp; \u201cWishes\u201d, 80 min, feature<br \/>\n2008&nbsp;&nbsp; \u201cThe Snow-White Syndrome\u201d, 75 min, feature<br \/>\n2007&nbsp;&nbsp; \u201cThe apple in your head\u201d, 63 min, experimental<br \/>\n2006&nbsp;&nbsp; \u201cThe abduction of Europe\u201d, 75 min, documentary<br \/>\n2005&nbsp;&nbsp; \u201cA world made of tears\u201d, 60 min, experimental<br \/>\n2004&nbsp;&nbsp; \u201cThe Net\u201d, 35 min, experimental<br \/>\n2003&nbsp;&nbsp; \u201cBirds\u201d, 5 min, animation<\/p>\n<p>&nbsp;<\/p>\n<p><strong>Theatre<br \/>\n<\/strong><br \/>\n2013&nbsp;&nbsp; \u201cThe end of the world\u201d, Eksarhia Sqr., Athens<br \/>\n2009&nbsp;&nbsp; \u201cWishes\u201d, Athens Video Art Festival<br \/>\n2004&nbsp;&nbsp; \u201cThoughts\u201d, Municipal Regional Theatre of Rhodes<br \/>\n2002&nbsp;&nbsp; \u201cRound is the river\u201d, Museum of Modern Greek Art<\/p>\n<p>&nbsp;<\/p>\n<p><strong>Critiques about Angelos Spartalis art<\/strong><\/p>\n<p>2015&nbsp;&nbsp;&nbsp;&nbsp;&nbsp;&nbsp; Maria Maragkou<br \/>\n2011&nbsp;&nbsp;&nbsp;&nbsp;&nbsp;&nbsp; Manos Stefanides<br \/>\n2007&nbsp;&nbsp;&nbsp;&nbsp;&nbsp;&nbsp; Nikos Koundouros<br \/>\n2006&nbsp;&nbsp;&nbsp;&nbsp;&nbsp;&nbsp; Manos Doukas<br \/>\n2005&nbsp;&nbsp;&nbsp;&nbsp;&nbsp;&nbsp; Ninos Fenek Mikelidis<br \/>\n2002&nbsp;&nbsp;&nbsp;&nbsp;&nbsp;&nbsp; Poly Hatzimarkou<\/p>\n","protected":false},"excerpt":{"rendered":"<p>CV Angelos Spartalis (1973) is a painter and Cinematographer. He grew up in Crete-Greece and &hellip;<\/p>\n","protected":false},"author":2,"featured_media":0,"parent":2905,"menu_order":0,"comment_status":"closed","ping_status":"closed","template":"page-zwgrafoi.php","meta":{"ngg_post_thumbnail":0,"footnotes":""},"class_list":["post-35723","page","type-page","status-publish","hentry"],"yoast_head":"<!-- This site is optimized with the Yoast SEO plugin v27.2 - https:\/\/yoast.com\/product\/yoast-seo-wordpress\/ -->\n<title>Spartalis Angelos Profile at Ikastikos Kiklos Sianti Gallery<\/title>\n<meta name=\"description\" content=\"Spartalis Angelos Profile at Ikastikos Kiklos Sianti Gallery\" \/>\n<meta name=\"robots\" content=\"index, follow, max-snippet:-1, max-image-preview:large, max-video-preview:-1\" \/>\n<link rel=\"canonical\" href=\"https:\/\/ikastikos-kiklos.com\/en\/painters\/spartalis-angelos\/\" \/>\n<meta property=\"og:locale\" content=\"en_US\" \/>\n<meta property=\"og:type\" content=\"article\" \/>\n<meta property=\"og:title\" content=\"Spartalis Angelos Profile at Ikastikos Kiklos Sianti Gallery\" \/>\n<meta property=\"og:description\" content=\"Spartalis Angelos Profile at Ikastikos Kiklos Sianti Gallery\" \/>\n<meta property=\"og:url\" content=\"https:\/\/ikastikos-kiklos.com\/en\/painters\/spartalis-angelos\/\" \/>\n<meta property=\"og:site_name\" content=\"Ikastikos Kiklos - Zografik\u00ed - Metaxotyp\u00edes - T\u00e9chniPainting - Silk Screen - Art\" \/>\n<meta property=\"article:publisher\" content=\"https:\/\/www.facebook.com\/ikastikoskiklossianti\/\" \/>\n<meta property=\"article:modified_time\" content=\"2021-09-27T12:23:49+00:00\" \/>\n<meta name=\"twitter:card\" content=\"summary_large_image\" \/>\n<meta name=\"twitter:label1\" content=\"Est. reading time\" \/>\n\t<meta name=\"twitter:data1\" content=\"2 minutes\" \/>\n<script type=\"application\/ld+json\" class=\"yoast-schema-graph\">{\"@context\":\"https:\/\/schema.org\",\"@graph\":[{\"@type\":\"WebPage\",\"@id\":\"https:\/\/ikastikos-kiklos.com\/en\/painters\/spartalis-angelos\/\",\"url\":\"https:\/\/ikastikos-kiklos.com\/en\/painters\/spartalis-angelos\/\",\"name\":\"Spartalis Angelos Profile at Ikastikos Kiklos Sianti Gallery\",\"isPartOf\":{\"@id\":\"https:\/\/ikastikos-kiklos.com\/en\/#website\"},\"datePublished\":\"2021-09-27T12:20:53+00:00\",\"dateModified\":\"2021-09-27T12:23:49+00:00\",\"description\":\"Spartalis Angelos Profile at Ikastikos Kiklos Sianti Gallery\",\"breadcrumb\":{\"@id\":\"https:\/\/ikastikos-kiklos.com\/en\/painters\/spartalis-angelos\/#breadcrumb\"},\"inLanguage\":\"en-US\",\"potentialAction\":[{\"@type\":\"ReadAction\",\"target\":[\"https:\/\/ikastikos-kiklos.com\/en\/painters\/spartalis-angelos\/\"]}]},{\"@type\":\"BreadcrumbList\",\"@id\":\"https:\/\/ikastikos-kiklos.com\/en\/painters\/spartalis-angelos\/#breadcrumb\",\"itemListElement\":[{\"@type\":\"ListItem\",\"position\":1,\"name\":\"Home\",\"item\":\"https:\/\/ikastikos-kiklos.com\/en\/\"},{\"@type\":\"ListItem\",\"position\":2,\"name\":\"Painters\",\"item\":\"https:\/\/ikastikos-kiklos.com\/en\/painters\/\"},{\"@type\":\"ListItem\",\"position\":3,\"name\":\"Spartalis Angelos\"}]},{\"@type\":\"WebSite\",\"@id\":\"https:\/\/ikastikos-kiklos.com\/en\/#website\",\"url\":\"https:\/\/ikastikos-kiklos.com\/en\/\",\"name\":\"Ikastikos Kiklos - Zografik\u00ed - Metaxotyp\u00edes - T\u00e9chniPainting - Silk Screen - Art\",\"description\":\"\",\"publisher\":{\"@id\":\"https:\/\/ikastikos-kiklos.com\/en\/#organization\"},\"potentialAction\":[{\"@type\":\"SearchAction\",\"target\":{\"@type\":\"EntryPoint\",\"urlTemplate\":\"https:\/\/ikastikos-kiklos.com\/en\/?s={search_term_string}\"},\"query-input\":{\"@type\":\"PropertyValueSpecification\",\"valueRequired\":true,\"valueName\":\"search_term_string\"}}],\"inLanguage\":\"en-US\"},{\"@type\":\"Organization\",\"@id\":\"https:\/\/ikastikos-kiklos.com\/en\/#organization\",\"name\":\"Ikastikos Kiklos - Zografik\u00ed - Metaxotyp\u00edes - T\u00e9chniPainting - Silk Screen - Art\",\"url\":\"https:\/\/ikastikos-kiklos.com\/en\/\",\"logo\":{\"@type\":\"ImageObject\",\"inLanguage\":\"en-US\",\"@id\":\"https:\/\/ikastikos-kiklos.com\/en\/#\/schema\/logo\/image\/\",\"url\":\"https:\/\/ikastikos-kiklos.com\/wp-content\/uploads\/2022\/10\/cropped-favicon_ikastikos.png\",\"contentUrl\":\"https:\/\/ikastikos-kiklos.com\/wp-content\/uploads\/2022\/10\/cropped-favicon_ikastikos.png\",\"width\":512,\"height\":512,\"caption\":\"Ikastikos Kiklos - Zografik\u00ed - Metaxotyp\u00edes - T\u00e9chniPainting - Silk Screen - Art\"},\"image\":{\"@id\":\"https:\/\/ikastikos-kiklos.com\/en\/#\/schema\/logo\/image\/\"},\"sameAs\":[\"https:\/\/www.facebook.com\/ikastikoskiklossianti\/\"]}]}<\/script>\n<!-- \/ Yoast SEO plugin. -->","yoast_head_json":{"title":"Spartalis Angelos Profile at Ikastikos Kiklos Sianti Gallery","description":"Spartalis Angelos Profile at Ikastikos Kiklos Sianti Gallery","robots":{"index":"index","follow":"follow","max-snippet":"max-snippet:-1","max-image-preview":"max-image-preview:large","max-video-preview":"max-video-preview:-1"},"canonical":"https:\/\/ikastikos-kiklos.com\/en\/painters\/spartalis-angelos\/","og_locale":"en_US","og_type":"article","og_title":"Spartalis Angelos Profile at Ikastikos Kiklos Sianti Gallery","og_description":"Spartalis Angelos Profile at Ikastikos Kiklos Sianti Gallery","og_url":"https:\/\/ikastikos-kiklos.com\/en\/painters\/spartalis-angelos\/","og_site_name":"Ikastikos Kiklos - Zografik\u00ed - Metaxotyp\u00edes - T\u00e9chniPainting - Silk Screen - Art","article_publisher":"https:\/\/www.facebook.com\/ikastikoskiklossianti\/","article_modified_time":"2021-09-27T12:23:49+00:00","twitter_card":"summary_large_image","twitter_misc":{"Est. reading time":"2 minutes"},"schema":{"@context":"https:\/\/schema.org","@graph":[{"@type":"WebPage","@id":"https:\/\/ikastikos-kiklos.com\/en\/painters\/spartalis-angelos\/","url":"https:\/\/ikastikos-kiklos.com\/en\/painters\/spartalis-angelos\/","name":"Spartalis Angelos Profile at Ikastikos Kiklos Sianti Gallery","isPartOf":{"@id":"https:\/\/ikastikos-kiklos.com\/en\/#website"},"datePublished":"2021-09-27T12:20:53+00:00","dateModified":"2021-09-27T12:23:49+00:00","description":"Spartalis Angelos Profile at Ikastikos Kiklos Sianti Gallery","breadcrumb":{"@id":"https:\/\/ikastikos-kiklos.com\/en\/painters\/spartalis-angelos\/#breadcrumb"},"inLanguage":"en-US","potentialAction":[{"@type":"ReadAction","target":["https:\/\/ikastikos-kiklos.com\/en\/painters\/spartalis-angelos\/"]}]},{"@type":"BreadcrumbList","@id":"https:\/\/ikastikos-kiklos.com\/en\/painters\/spartalis-angelos\/#breadcrumb","itemListElement":[{"@type":"ListItem","position":1,"name":"Home","item":"https:\/\/ikastikos-kiklos.com\/en\/"},{"@type":"ListItem","position":2,"name":"Painters","item":"https:\/\/ikastikos-kiklos.com\/en\/painters\/"},{"@type":"ListItem","position":3,"name":"Spartalis Angelos"}]},{"@type":"WebSite","@id":"https:\/\/ikastikos-kiklos.com\/en\/#website","url":"https:\/\/ikastikos-kiklos.com\/en\/","name":"Ikastikos Kiklos - Zografik\u00ed - Metaxotyp\u00edes - T\u00e9chniPainting - Silk Screen - Art","description":"","publisher":{"@id":"https:\/\/ikastikos-kiklos.com\/en\/#organization"},"potentialAction":[{"@type":"SearchAction","target":{"@type":"EntryPoint","urlTemplate":"https:\/\/ikastikos-kiklos.com\/en\/?s={search_term_string}"},"query-input":{"@type":"PropertyValueSpecification","valueRequired":true,"valueName":"search_term_string"}}],"inLanguage":"en-US"},{"@type":"Organization","@id":"https:\/\/ikastikos-kiklos.com\/en\/#organization","name":"Ikastikos Kiklos - Zografik\u00ed - Metaxotyp\u00edes - T\u00e9chniPainting - Silk Screen - Art","url":"https:\/\/ikastikos-kiklos.com\/en\/","logo":{"@type":"ImageObject","inLanguage":"en-US","@id":"https:\/\/ikastikos-kiklos.com\/en\/#\/schema\/logo\/image\/","url":"https:\/\/ikastikos-kiklos.com\/wp-content\/uploads\/2022\/10\/cropped-favicon_ikastikos.png","contentUrl":"https:\/\/ikastikos-kiklos.com\/wp-content\/uploads\/2022\/10\/cropped-favicon_ikastikos.png","width":512,"height":512,"caption":"Ikastikos Kiklos - Zografik\u00ed - Metaxotyp\u00edes - T\u00e9chniPainting - Silk Screen - Art"},"image":{"@id":"https:\/\/ikastikos-kiklos.com\/en\/#\/schema\/logo\/image\/"},"sameAs":["https:\/\/www.facebook.com\/ikastikoskiklossianti\/"]}]}},"_links":{"self":[{"href":"https:\/\/ikastikos-kiklos.com\/en\/wp-json\/wp\/v2\/pages\/35723","targetHints":{"allow":["GET"]}}],"collection":[{"href":"https:\/\/ikastikos-kiklos.com\/en\/wp-json\/wp\/v2\/pages"}],"about":[{"href":"https:\/\/ikastikos-kiklos.com\/en\/wp-json\/wp\/v2\/types\/page"}],"author":[{"embeddable":true,"href":"https:\/\/ikastikos-kiklos.com\/en\/wp-json\/wp\/v2\/users\/2"}],"replies":[{"embeddable":true,"href":"https:\/\/ikastikos-kiklos.com\/en\/wp-json\/wp\/v2\/comments?post=35723"}],"version-history":[{"count":0,"href":"https:\/\/ikastikos-kiklos.com\/en\/wp-json\/wp\/v2\/pages\/35723\/revisions"}],"up":[{"embeddable":true,"href":"https:\/\/ikastikos-kiklos.com\/en\/wp-json\/wp\/v2\/pages\/2905"}],"wp:attachment":[{"href":"https:\/\/ikastikos-kiklos.com\/en\/wp-json\/wp\/v2\/media?parent=35723"}],"curies":[{"name":"wp","href":"https:\/\/api.w.org\/{rel}","templated":true}]}}