{"id":34492,"date":"2021-07-15T18:41:36","date_gmt":"2021-07-15T15:41:36","guid":{"rendered":"https:\/\/ikastikos-kiklos.com\/?page_id=34492"},"modified":"2022-10-20T17:33:56","modified_gmt":"2022-10-20T14:33:56","slug":"%ce%b6%ce%bf%cf%85%ce%bc%cf%80%ce%bf%cf%85%ce%bb%ce%ac%ce%ba%ce%b7%cf%82-%cf%80%ce%ad%cf%84%cf%81%ce%bf%cf%82","status":"publish","type":"page","link":"https:\/\/ikastikos-kiklos.com\/en\/%ce%b6%cf%89%ce%b3%cf%81%ce%ac%cf%86%ce%bf%ce%b9\/%ce%b6%ce%bf%cf%85%ce%bc%cf%80%ce%bf%cf%85%ce%bb%ce%ac%ce%ba%ce%b7%cf%82-%cf%80%ce%ad%cf%84%cf%81%ce%bf%cf%82\/","title":{"rendered":"\u0396\u03bf\u03c5\u03bc\u03c0\u03bf\u03c5\u03bb\u03ac\u03ba\u03b7\u03c2 \u03a0\u03ad\u03c4\u03c1\u03bf\u03c2"},"content":{"rendered":"<div class=\"wpb-content-wrapper\"><p>[vc_row][vc_column][vc_custom_heading text=&#8221;\u0392\u03b9\u03bf\u03b3\u03c1\u03b1\u03c6\u03b9\u03ba\u03cc&#8221;][\/vc_column][\/vc_row][vc_row][vc_column][vc_empty_space][\/vc_column][\/vc_row][vc_row][vc_column][vc_column_text]\u039f&nbsp;<b>\u03a0\u03ad\u03c4\u03c1\u03bf\u03c2 \u0396\u03bf\u03c5\u03bc\u03c0\u03bf\u03c5\u03bb\u03ac\u03ba\u03b7\u03c2<\/b>&nbsp;\u03b3\u03b5\u03bd\u03bd\u03ae\u03b8\u03b7\u03ba\u03b5 \u03c3\u03c4\u03b7\u03bd \u0391\u03b8\u03ae\u03bd\u03b1 \u03c4\u03bf 1937, \u03bc\u03b5 \u03ba\u03b1\u03c4\u03b1\u03b3\u03c9\u03b3\u03ae \u03b1\u03c0\u03cc \u03c4\u03b7 \u039b\u03b1\u03ba\u03c9\u03bd\u03af\u03b1. \u03a3\u03c0\u03bf\u03cd\u03b4\u03b1\u03c3\u03b5 \u03bc\u03b5 \u03c5\u03c0\u03bf\u03c4\u03c1\u03bf\u03c6\u03af\u03b1 \u03c4\u03bf\u03c5 \u0399\u039a\u03a5 \u03c3\u03c4\u03b7\u03bd \u0391\u03a3\u039a\u03a4 \u03bc\u03b5 \u03b4\u03ac\u03c3\u03ba\u03b1\u03bb\u03bf \u03c4\u03bf\u03bd \u0393\u03b9\u03ac\u03bd\u03bd\u03b7 \u039c\u03cc\u03c1\u03b1\u03bb\u03b7 (1956-1961) \u03ba\u03b1\u03b9 \u03b1\u03c1\u03b3\u03cc\u03c4\u03b5\u03c1\u03b1 \u03c3\u03ba\u03b7\u03bd\u03bf\u03b3\u03c1\u03b1\u03c6\u03af\u03b1, \u03b4\u03b9\u03b1\u03ba\u03cc\u03c3\u03bc\u03b7\u03c3\u03b7 \u03ba\u03b1\u03b9 \u03b4\u03b9\u03b1\u03c6\u03ae\u03bc\u03b9\u03c3\u03b7. \u0394\u03b9\u03bf\u03c1\u03b3\u03ac\u03bd\u03c9\u03c3\u03b5 35 \u03b1\u03c4\u03bf\u03bc\u03b9\u03ba\u03ad\u03c2 \u03b5\u03ba\u03b8\u03ad\u03c3\u03b5\u03b9\u03c2 \u03c3\u03c4\u03b7\u03bd \u0395\u03bb\u03bb\u03ac\u03b4\u03b1. \u0388\u03bb\u03b1\u03b2\u03b5 \u03bc\u03ad\u03c1\u03bf\u03c2 \u03c3\u03b5 \u03c0\u03bf\u03bb\u03bb\u03ad\u03c2 \u03c3\u03b7\u03bc\u03b1\u03bd\u03c4\u03b9\u03ba\u03ad\u03c2 \u03bf\u03bc\u03b1\u03b4\u03b9\u03ba\u03ad\u03c2 \u03b5\u03ba\u03b8\u03ad\u03c3\u03b5\u03b9\u03c2 \u03c3\u03c4\u03b7\u03bd \u0395\u03bb\u03bb\u03ac\u03b4\u03b1 \u03ba\u03b1\u03b9 \u03c3\u03c4\u03bf \u03b5\u03be\u03c9\u03c4\u03b5\u03c1\u03b9\u03ba\u03cc \u03ba\u03b1\u03b8\u03ce\u03c2 \u03ba\u03b1\u03b9 \u03c3\u03b5 \u03c0\u03bf\u03bb\u03bb\u03ad\u03c2 \u03b4\u03b9\u03b5\u03b8\u03bd\u03b5\u03af\u03c2 Biennale. \u0391\u03c0\u03cc \u03c4\u03bf 1961 \u03c0\u03b1\u03c1\u03ac\u03bb\u03bb\u03b7\u03bb\u03b1 \u03bc\u03b5 \u03c4\u03b7 \u03b6\u03c9\u03b3\u03c1\u03b1\u03c6\u03b9\u03ba\u03ae \u03b5\u03c1\u03b3\u03ac\u03c3\u03c4\u03b7\u03ba\u03b5 \u03b3\u03b9\u03b1 \u03c4\u03bf \u03b8\u03ad\u03b1\u03c4\u03c1\u03bf \u03ba\u03b1\u03b9 \u03c4\u03bf\u03bd \u03ba\u03b9\u03bd\u03b7\u03bc\u03b1\u03c4\u03bf\u03b3\u03c1\u03ac\u03c6\u03bf, \u03c6\u03b9\u03bb\u03bf\u03c4\u03b5\u03c7\u03bd\u03ce\u03bd\u03c4\u03b1\u03c2 \u03c3\u03ba\u03b7\u03bd\u03b9\u03ba\u03ac \u03ba\u03b1\u03b9 \u03ba\u03bf\u03c3\u03c4\u03bf\u03cd\u03bc\u03b9\u03b1. \u03a3\u03c5\u03bd\u03b5\u03c1\u03b3\u03ac\u03c3\u03c4\u03b7\u03ba\u03b5 \u03bc\u03b5 \u03c4\u03b1 \u039a\u03c1\u03b1\u03c4\u03b9\u03ba\u03ac \u03b8\u03ad\u03b1\u03c4\u03c1\u03b1 (\u039a\u0398\u0392\u0395, \u0386\u03c1\u03bc\u03b1 \u0398\u03ad\u03c3\u03c0\u03b9\u03b4\u03bf\u03c2, \u03b4\u03b9\u03ac\u03c6\u03bf\u03c1\u03b1 \u0394\u0397\u03a0\u0395\u0398\u0395), \u03c4\u03bf \u03b8\u03ad\u03b1\u03c4\u03c1\u03bf \u0391\u03b8\u03b7\u03bd\u03ce\u03bd, \u03ba.\u03ac. \u0395\u03b9\u03ba\u03bf\u03bd\u03bf\u03b3\u03c1\u03ac\u03c6\u03b7\u03c3\u03b5 \u03b4\u03b9\u03b7\u03b3\u03ae\u03bc\u03b1\u03c4\u03b1 \u03c3\u03b5 \u03c0\u03b5\u03c1\u03b9\u03bf\u03b4\u03b9\u03ba\u03ac \u03ba\u03b1\u03b9 \u03c3\u03c5\u03bc\u03bc\u03b5\u03c4\u03b5\u03af\u03c7\u03b5 \u03c3\u03b5 \u03b5\u03b9\u03ba\u03bf\u03bd\u03bf\u03b3\u03c1\u03b1\u03c6\u03ae\u03c3\u03b5\u03b9\u03c2 \u03b7\u03bc\u03b5\u03c1\u03bf\u03bb\u03bf\u03b3\u03af\u03c9\u03bd. \u0394\u03af\u03b4\u03b1\u03be\u03b5 \u03b4\u03b9\u03b1\u03ba\u03bf\u03c3\u03bc\u03b7\u03c4\u03b9\u03ba\u03ad\u03c2 \u03b5\u03c6\u03b1\u03c1\u03bc\u03bf\u03b3\u03ad\u03c2, \u03b5\u03bb\u03b5\u03cd\u03b8\u03b5\u03c1\u03bf \u03c3\u03c7\u03ad\u03b4\u03b9\u03bf \u03ba\u03b1\u03b9 \u03c7\u03c1\u03ce\u03bc\u03b1 \u03c3\u03c4\u03b7\u03bd \u03a3\u03c7\u03bf\u03bb\u03ae \u0394\u03b9\u03b1\u03ba\u03bf\u03c3\u03bc\u03b7\u03c4\u03ce\u03bd \u0391\u03a4\u039f-\u0394\u03bf\u03be\u03b9\u03ac\u03b4\u03b7 (1964-1976), \u03c3\u03ba\u03b7\u03bd\u03bf\u03b3\u03c1\u03b1\u03c6\u03af\u03b1 \u03c3\u03c4\u03b9\u03c2 \u03a3\u03c7\u03bf\u03bb\u03ad\u03c2 \u0391\u03a4\u0395\u03a3 \u03ba\u03b1\u03b9 \u0392\u03b1\u03ba\u03b1\u03bb\u03cc (1979-1984) \u03ba\u03b1\u03b9 \u03b4\u03b9\u03b1\u03ba\u03bf\u03c3\u03bc\u03b7\u03c4\u03b9\u03ba\u03ad\u03c2 \u03b5\u03c6\u03b1\u03c1\u03bc\u03bf\u03b3\u03ad\u03c2 \u03ba\u03b1\u03b9 \u03c7\u03c1\u03ce\u03bc\u03b1 \u03c3\u03c4\u03bf \u03c7\u03ce\u03c1\u03bf \u03c3\u03c4\u03bf \u03a4\u0395\u0399 \u0391\u03b8\u03ae\u03bd\u03b1\u03c2 (1984-1986). \u0388\u03c1\u03b3\u03b1 \u03c4\u03bf\u03c5 \u03b2\u03c1\u03af\u03c3\u03ba\u03bf\u03bd\u03c4\u03b1\u03b9 \u03c3\u03b5 \u03c0\u03bf\u03bb\u03bb\u03ad\u03c2 \u03b9\u03b4\u03b9\u03c9\u03c4\u03b9\u03ba\u03ad\u03c2 \u03c3\u03c5\u03bb\u03bb\u03bf\u03b3\u03ad\u03c2 \u03c3\u03c4\u03b7\u03bd \u0395\u03bb\u03bb\u03ac\u03b4\u03b1 \u03ba\u03b1\u03b9 \u03c3\u03c4\u03bf \u03b5\u03be\u03c9\u03c4\u03b5\u03c1\u03b9\u03ba\u03cc \u03c3\u03b5 \u03c3\u03c5\u03bb\u03bb\u03bf\u03b3\u03ad\u03c2 \u03c4\u03c1\u03b1\u03c0\u03b5\u03b6\u03ce\u03bd, \u03c3\u03c4\u03b7\u03bd \u0395\u03b8\u03bd\u03b9\u03ba\u03ae \u03a0\u03b9\u03bd\u03b1\u03ba\u03bf\u03b8\u03ae\u03ba\u03b7, \u03ba.\u03ac. \u03a4\u03bf 2011 \u03c4\u03b9\u03bc\u03ae\u03b8\u03b7\u03ba\u03b5 \u03bc\u03b5 \u03c4\u03bf \u03b2\u03c1\u03b1\u03b2\u03b5\u03af\u03bf \u03c4\u03b7\u03c2 \u0391\u03ba\u03b1\u03b4\u03b7\u03bc\u03af\u03b1\u03c2 \u0391\u03b8\u03b7\u03bd\u03ce\u03bd \u03b3\u03b9\u03b1 \u03c4\u03bf \u03c3\u03cd\u03bd\u03bf\u03bb\u03bf \u03c4\u03b7\u03c2 \u03ba\u03b1\u03bb\u03bb\u03b9\u03c4\u03b5\u03c7\u03bd\u03b9\u03ba\u03ae\u03c2 \u03c4\u03bf\u03c5 \u03b4\u03b7\u03bc\u03b9\u03bf\u03c5\u03c1\u03b3\u03af\u03b1\u03c2.[\/vc_column_text][\/vc_column][\/vc_row][vc_row][vc_column][vc_single_image image=&#8221;34493&#8243; img_size=&#8221;large&#8221; alignment=&#8221;center&#8221;][\/vc_column][\/vc_row][vc_row][vc_column][vc_empty_space][\/vc_column][\/vc_row][vc_row][vc_column][vc_single_image image=&#8221;34495&#8243; img_size=&#8221;large&#8221; alignment=&#8221;center&#8221;][\/vc_column][\/vc_row]<\/p>\n<\/div>","protected":false},"excerpt":{"rendered":"<p>[vc_row][vc_column][vc_custom_heading text=&#8221;\u0392\u03b9\u03bf\u03b3\u03c1\u03b1\u03c6\u03b9\u03ba\u03cc&#8221;][\/vc_column][\/vc_row][vc_row][vc_column][vc_empty_space][\/vc_column][\/vc_row][vc_row][vc_column][vc_column_text]\u039f&nbsp;\u03a0\u03ad\u03c4\u03c1\u03bf\u03c2 \u0396\u03bf\u03c5\u03bc\u03c0\u03bf\u03c5\u03bb\u03ac\u03ba\u03b7\u03c2&nbsp;\u03b3\u03b5\u03bd\u03bd\u03ae\u03b8\u03b7\u03ba\u03b5 \u03c3\u03c4\u03b7\u03bd \u0391\u03b8\u03ae\u03bd\u03b1 \u03c4\u03bf 1937, \u03bc\u03b5 \u03ba\u03b1\u03c4\u03b1\u03b3\u03c9\u03b3\u03ae \u03b1\u03c0\u03cc \u03c4\u03b7 \u039b\u03b1\u03ba\u03c9\u03bd\u03af\u03b1. \u03a3\u03c0\u03bf\u03cd\u03b4\u03b1\u03c3\u03b5 \u03bc\u03b5 \u03c5\u03c0\u03bf\u03c4\u03c1\u03bf\u03c6\u03af\u03b1 &hellip;<\/p>\n","protected":false},"author":2,"featured_media":0,"parent":915,"menu_order":0,"comment_status":"closed","ping_status":"closed","template":"page-zwgrafoi.php","meta":{"ngg_post_thumbnail":0,"footnotes":""},"class_list":["post-34492","page","type-page","status-publish","hentry"],"yoast_head":"<!-- This site is optimized with the Yoast SEO plugin v27.2 - https:\/\/yoast.com\/product\/yoast-seo-wordpress\/ -->\n<title>\u0396\u03bf\u03c5\u03bc\u03c0\u03bf\u03c5\u03bb\u03ac\u03ba\u03b7\u03c2 \u03a0\u03ad\u03c4\u03c1\u03bf\u03c2 \u039c\u03b5\u03c4\u03b1\u03be\u03bf\u03c4\u03c5\u03c0\u03af\u03b5\u03c2 | Ikastikos Kiklos Sianti<\/title>\n<meta name=\"description\" content=\"\u0396\u03bf\u03c5\u03bc\u03c0\u03bf\u03c5\u03bb\u03ac\u03ba\u03b7\u03c2 \u03a0\u03ad\u03c4\u03c1\u03bf\u03c2 \u039c\u03b5\u03c4\u03b1\u03be\u03bf\u03c4\u03c5\u03c0\u03af\u03b5\u03c2. \u0391\u03c5\u03b8\u03b5\u03bd\u03c4\u03b9\u03ba\u03ac \u03ad\u03c1\u03b3\u03b1 \u03c4\u03ad\u03c7\u03bd\u03b7\u03c2 \u03ba\u03b1\u03b9 \u03c7\u03b1\u03c1\u03b1\u03ba\u03c4\u03b9\u03ba\u03ac \u03b5\u03bb\u03bb\u03ae\u03bd\u03c9\u03bd \u03b6\u03c9\u03b3\u03c1\u03ac\u03c6\u03c9\u03bd \u03c3\u03b5 \u03bc\u03af\u03b1 \u03b1\u03c0\u03cc \u03c4\u03b9\u03c2 \u03b9\u03c3\u03c4\u03bf\u03c1\u03b9\u03ba\u03cc\u03c4\u03b5\u03c1\u03b5\u03c2 \u03b3\u03ba\u03b1\u03bb\u03b5\u03c1\u03af \u03c4\u03b7\u03c2 \u0391\u03b8\u03ae\u03bd\u03b1\u03c2.\" \/>\n<meta name=\"robots\" content=\"index, follow, max-snippet:-1, max-image-preview:large, max-video-preview:-1\" \/>\n<link rel=\"canonical\" href=\"https:\/\/ikastikos-kiklos.com\/\u03b6\u03c9\u03b3\u03c1\u03ac\u03c6\u03bf\u03b9\/\u03b6\u03bf\u03c5\u03bc\u03c0\u03bf\u03c5\u03bb\u03ac\u03ba\u03b7\u03c2-\u03c0\u03ad\u03c4\u03c1\u03bf\u03c2\/\" \/>\n<meta property=\"og:locale\" content=\"en_US\" \/>\n<meta property=\"og:type\" content=\"article\" \/>\n<meta property=\"og:title\" content=\"\u0396\u03bf\u03c5\u03bc\u03c0\u03bf\u03c5\u03bb\u03ac\u03ba\u03b7\u03c2 \u03a0\u03ad\u03c4\u03c1\u03bf\u03c2 \u039c\u03b5\u03c4\u03b1\u03be\u03bf\u03c4\u03c5\u03c0\u03af\u03b5\u03c2 | Ikastikos Kiklos Sianti\" \/>\n<meta property=\"og:description\" content=\"\u0396\u03bf\u03c5\u03bc\u03c0\u03bf\u03c5\u03bb\u03ac\u03ba\u03b7\u03c2 \u03a0\u03ad\u03c4\u03c1\u03bf\u03c2 \u039c\u03b5\u03c4\u03b1\u03be\u03bf\u03c4\u03c5\u03c0\u03af\u03b5\u03c2. \u0391\u03c5\u03b8\u03b5\u03bd\u03c4\u03b9\u03ba\u03ac \u03ad\u03c1\u03b3\u03b1 \u03c4\u03ad\u03c7\u03bd\u03b7\u03c2 \u03ba\u03b1\u03b9 \u03c7\u03b1\u03c1\u03b1\u03ba\u03c4\u03b9\u03ba\u03ac \u03b5\u03bb\u03bb\u03ae\u03bd\u03c9\u03bd \u03b6\u03c9\u03b3\u03c1\u03ac\u03c6\u03c9\u03bd \u03c3\u03b5 \u03bc\u03af\u03b1 \u03b1\u03c0\u03cc \u03c4\u03b9\u03c2 \u03b9\u03c3\u03c4\u03bf\u03c1\u03b9\u03ba\u03cc\u03c4\u03b5\u03c1\u03b5\u03c2 \u03b3\u03ba\u03b1\u03bb\u03b5\u03c1\u03af \u03c4\u03b7\u03c2 \u0391\u03b8\u03ae\u03bd\u03b1\u03c2.\" \/>\n<meta property=\"og:url\" content=\"https:\/\/ikastikos-kiklos.com\/\u03b6\u03c9\u03b3\u03c1\u03ac\u03c6\u03bf\u03b9\/\u03b6\u03bf\u03c5\u03bc\u03c0\u03bf\u03c5\u03bb\u03ac\u03ba\u03b7\u03c2-\u03c0\u03ad\u03c4\u03c1\u03bf\u03c2\/\" \/>\n<meta property=\"og:site_name\" content=\"Ikastikos Kiklos - Zografik\u00ed - Metaxotyp\u00edes - T\u00e9chniPainting - Silk Screen - Art\" \/>\n<meta property=\"article:publisher\" content=\"https:\/\/www.facebook.com\/ikastikoskiklossianti\/\" \/>\n<meta property=\"article:modified_time\" content=\"2022-10-20T14:33:56+00:00\" \/>\n<meta name=\"twitter:card\" content=\"summary_large_image\" \/>\n<meta name=\"twitter:label1\" content=\"Est. reading time\" \/>\n\t<meta name=\"twitter:data1\" content=\"1 minute\" \/>\n<script type=\"application\/ld+json\" class=\"yoast-schema-graph\">{\"@context\":\"https:\/\/schema.org\",\"@graph\":[{\"@type\":\"WebPage\",\"@id\":\"https:\/\/ikastikos-kiklos.com\/%ce%b6%cf%89%ce%b3%cf%81%ce%ac%cf%86%ce%bf%ce%b9\/%ce%b6%ce%bf%cf%85%ce%bc%cf%80%ce%bf%cf%85%ce%bb%ce%ac%ce%ba%ce%b7%cf%82-%cf%80%ce%ad%cf%84%cf%81%ce%bf%cf%82\/\",\"url\":\"https:\/\/ikastikos-kiklos.com\/%ce%b6%cf%89%ce%b3%cf%81%ce%ac%cf%86%ce%bf%ce%b9\/%ce%b6%ce%bf%cf%85%ce%bc%cf%80%ce%bf%cf%85%ce%bb%ce%ac%ce%ba%ce%b7%cf%82-%cf%80%ce%ad%cf%84%cf%81%ce%bf%cf%82\/\",\"name\":\"\u0396\u03bf\u03c5\u03bc\u03c0\u03bf\u03c5\u03bb\u03ac\u03ba\u03b7\u03c2 \u03a0\u03ad\u03c4\u03c1\u03bf\u03c2 \u039c\u03b5\u03c4\u03b1\u03be\u03bf\u03c4\u03c5\u03c0\u03af\u03b5\u03c2 | Ikastikos Kiklos Sianti\",\"isPartOf\":{\"@id\":\"https:\/\/ikastikos-kiklos.com\/en\/#website\"},\"datePublished\":\"2021-07-15T15:41:36+00:00\",\"dateModified\":\"2022-10-20T14:33:56+00:00\",\"description\":\"\u0396\u03bf\u03c5\u03bc\u03c0\u03bf\u03c5\u03bb\u03ac\u03ba\u03b7\u03c2 \u03a0\u03ad\u03c4\u03c1\u03bf\u03c2 \u039c\u03b5\u03c4\u03b1\u03be\u03bf\u03c4\u03c5\u03c0\u03af\u03b5\u03c2. \u0391\u03c5\u03b8\u03b5\u03bd\u03c4\u03b9\u03ba\u03ac \u03ad\u03c1\u03b3\u03b1 \u03c4\u03ad\u03c7\u03bd\u03b7\u03c2 \u03ba\u03b1\u03b9 \u03c7\u03b1\u03c1\u03b1\u03ba\u03c4\u03b9\u03ba\u03ac \u03b5\u03bb\u03bb\u03ae\u03bd\u03c9\u03bd \u03b6\u03c9\u03b3\u03c1\u03ac\u03c6\u03c9\u03bd \u03c3\u03b5 \u03bc\u03af\u03b1 \u03b1\u03c0\u03cc \u03c4\u03b9\u03c2 \u03b9\u03c3\u03c4\u03bf\u03c1\u03b9\u03ba\u03cc\u03c4\u03b5\u03c1\u03b5\u03c2 \u03b3\u03ba\u03b1\u03bb\u03b5\u03c1\u03af \u03c4\u03b7\u03c2 \u0391\u03b8\u03ae\u03bd\u03b1\u03c2.\",\"breadcrumb\":{\"@id\":\"https:\/\/ikastikos-kiklos.com\/%ce%b6%cf%89%ce%b3%cf%81%ce%ac%cf%86%ce%bf%ce%b9\/%ce%b6%ce%bf%cf%85%ce%bc%cf%80%ce%bf%cf%85%ce%bb%ce%ac%ce%ba%ce%b7%cf%82-%cf%80%ce%ad%cf%84%cf%81%ce%bf%cf%82\/#breadcrumb\"},\"inLanguage\":\"en-US\",\"potentialAction\":[{\"@type\":\"ReadAction\",\"target\":[\"https:\/\/ikastikos-kiklos.com\/%ce%b6%cf%89%ce%b3%cf%81%ce%ac%cf%86%ce%bf%ce%b9\/%ce%b6%ce%bf%cf%85%ce%bc%cf%80%ce%bf%cf%85%ce%bb%ce%ac%ce%ba%ce%b7%cf%82-%cf%80%ce%ad%cf%84%cf%81%ce%bf%cf%82\/\"]}]},{\"@type\":\"BreadcrumbList\",\"@id\":\"https:\/\/ikastikos-kiklos.com\/%ce%b6%cf%89%ce%b3%cf%81%ce%ac%cf%86%ce%bf%ce%b9\/%ce%b6%ce%bf%cf%85%ce%bc%cf%80%ce%bf%cf%85%ce%bb%ce%ac%ce%ba%ce%b7%cf%82-%cf%80%ce%ad%cf%84%cf%81%ce%bf%cf%82\/#breadcrumb\",\"itemListElement\":[{\"@type\":\"ListItem\",\"position\":1,\"name\":\"Home\",\"item\":\"https:\/\/ikastikos-kiklos.com\/en\/\"},{\"@type\":\"ListItem\",\"position\":2,\"name\":\"\u0396\u03c9\u03b3\u03c1\u03ac\u03c6\u03bf\u03b9\",\"item\":\"https:\/\/ikastikos-kiklos.com\/%ce%b6%cf%89%ce%b3%cf%81%ce%ac%cf%86%ce%bf%ce%b9\/\"},{\"@type\":\"ListItem\",\"position\":3,\"name\":\"\u0396\u03bf\u03c5\u03bc\u03c0\u03bf\u03c5\u03bb\u03ac\u03ba\u03b7\u03c2 \u03a0\u03ad\u03c4\u03c1\u03bf\u03c2\"}]},{\"@type\":\"WebSite\",\"@id\":\"https:\/\/ikastikos-kiklos.com\/en\/#website\",\"url\":\"https:\/\/ikastikos-kiklos.com\/en\/\",\"name\":\"Ikastikos Kiklos - Zografik\u00ed - Metaxotyp\u00edes - T\u00e9chniPainting - Silk Screen - Art\",\"description\":\"\",\"publisher\":{\"@id\":\"https:\/\/ikastikos-kiklos.com\/en\/#organization\"},\"potentialAction\":[{\"@type\":\"SearchAction\",\"target\":{\"@type\":\"EntryPoint\",\"urlTemplate\":\"https:\/\/ikastikos-kiklos.com\/en\/?s={search_term_string}\"},\"query-input\":{\"@type\":\"PropertyValueSpecification\",\"valueRequired\":true,\"valueName\":\"search_term_string\"}}],\"inLanguage\":\"en-US\"},{\"@type\":\"Organization\",\"@id\":\"https:\/\/ikastikos-kiklos.com\/en\/#organization\",\"name\":\"Ikastikos Kiklos - Zografik\u00ed - Metaxotyp\u00edes - T\u00e9chniPainting - Silk Screen - Art\",\"url\":\"https:\/\/ikastikos-kiklos.com\/en\/\",\"logo\":{\"@type\":\"ImageObject\",\"inLanguage\":\"en-US\",\"@id\":\"https:\/\/ikastikos-kiklos.com\/en\/#\/schema\/logo\/image\/\",\"url\":\"https:\/\/ikastikos-kiklos.com\/wp-content\/uploads\/2022\/10\/cropped-favicon_ikastikos.png\",\"contentUrl\":\"https:\/\/ikastikos-kiklos.com\/wp-content\/uploads\/2022\/10\/cropped-favicon_ikastikos.png\",\"width\":512,\"height\":512,\"caption\":\"Ikastikos Kiklos - Zografik\u00ed - Metaxotyp\u00edes - T\u00e9chniPainting - Silk Screen - Art\"},\"image\":{\"@id\":\"https:\/\/ikastikos-kiklos.com\/en\/#\/schema\/logo\/image\/\"},\"sameAs\":[\"https:\/\/www.facebook.com\/ikastikoskiklossianti\/\"]}]}<\/script>\n<!-- \/ Yoast SEO plugin. -->","yoast_head_json":{"title":"\u0396\u03bf\u03c5\u03bc\u03c0\u03bf\u03c5\u03bb\u03ac\u03ba\u03b7\u03c2 \u03a0\u03ad\u03c4\u03c1\u03bf\u03c2 \u039c\u03b5\u03c4\u03b1\u03be\u03bf\u03c4\u03c5\u03c0\u03af\u03b5\u03c2 | Ikastikos Kiklos Sianti","description":"\u0396\u03bf\u03c5\u03bc\u03c0\u03bf\u03c5\u03bb\u03ac\u03ba\u03b7\u03c2 \u03a0\u03ad\u03c4\u03c1\u03bf\u03c2 \u039c\u03b5\u03c4\u03b1\u03be\u03bf\u03c4\u03c5\u03c0\u03af\u03b5\u03c2. \u0391\u03c5\u03b8\u03b5\u03bd\u03c4\u03b9\u03ba\u03ac \u03ad\u03c1\u03b3\u03b1 \u03c4\u03ad\u03c7\u03bd\u03b7\u03c2 \u03ba\u03b1\u03b9 \u03c7\u03b1\u03c1\u03b1\u03ba\u03c4\u03b9\u03ba\u03ac \u03b5\u03bb\u03bb\u03ae\u03bd\u03c9\u03bd \u03b6\u03c9\u03b3\u03c1\u03ac\u03c6\u03c9\u03bd \u03c3\u03b5 \u03bc\u03af\u03b1 \u03b1\u03c0\u03cc \u03c4\u03b9\u03c2 \u03b9\u03c3\u03c4\u03bf\u03c1\u03b9\u03ba\u03cc\u03c4\u03b5\u03c1\u03b5\u03c2 \u03b3\u03ba\u03b1\u03bb\u03b5\u03c1\u03af \u03c4\u03b7\u03c2 \u0391\u03b8\u03ae\u03bd\u03b1\u03c2.","robots":{"index":"index","follow":"follow","max-snippet":"max-snippet:-1","max-image-preview":"max-image-preview:large","max-video-preview":"max-video-preview:-1"},"canonical":"https:\/\/ikastikos-kiklos.com\/\u03b6\u03c9\u03b3\u03c1\u03ac\u03c6\u03bf\u03b9\/\u03b6\u03bf\u03c5\u03bc\u03c0\u03bf\u03c5\u03bb\u03ac\u03ba\u03b7\u03c2-\u03c0\u03ad\u03c4\u03c1\u03bf\u03c2\/","og_locale":"en_US","og_type":"article","og_title":"\u0396\u03bf\u03c5\u03bc\u03c0\u03bf\u03c5\u03bb\u03ac\u03ba\u03b7\u03c2 \u03a0\u03ad\u03c4\u03c1\u03bf\u03c2 \u039c\u03b5\u03c4\u03b1\u03be\u03bf\u03c4\u03c5\u03c0\u03af\u03b5\u03c2 | Ikastikos Kiklos Sianti","og_description":"\u0396\u03bf\u03c5\u03bc\u03c0\u03bf\u03c5\u03bb\u03ac\u03ba\u03b7\u03c2 \u03a0\u03ad\u03c4\u03c1\u03bf\u03c2 \u039c\u03b5\u03c4\u03b1\u03be\u03bf\u03c4\u03c5\u03c0\u03af\u03b5\u03c2. \u0391\u03c5\u03b8\u03b5\u03bd\u03c4\u03b9\u03ba\u03ac \u03ad\u03c1\u03b3\u03b1 \u03c4\u03ad\u03c7\u03bd\u03b7\u03c2 \u03ba\u03b1\u03b9 \u03c7\u03b1\u03c1\u03b1\u03ba\u03c4\u03b9\u03ba\u03ac \u03b5\u03bb\u03bb\u03ae\u03bd\u03c9\u03bd \u03b6\u03c9\u03b3\u03c1\u03ac\u03c6\u03c9\u03bd \u03c3\u03b5 \u03bc\u03af\u03b1 \u03b1\u03c0\u03cc \u03c4\u03b9\u03c2 \u03b9\u03c3\u03c4\u03bf\u03c1\u03b9\u03ba\u03cc\u03c4\u03b5\u03c1\u03b5\u03c2 \u03b3\u03ba\u03b1\u03bb\u03b5\u03c1\u03af \u03c4\u03b7\u03c2 \u0391\u03b8\u03ae\u03bd\u03b1\u03c2.","og_url":"https:\/\/ikastikos-kiklos.com\/\u03b6\u03c9\u03b3\u03c1\u03ac\u03c6\u03bf\u03b9\/\u03b6\u03bf\u03c5\u03bc\u03c0\u03bf\u03c5\u03bb\u03ac\u03ba\u03b7\u03c2-\u03c0\u03ad\u03c4\u03c1\u03bf\u03c2\/","og_site_name":"Ikastikos Kiklos - Zografik\u00ed - Metaxotyp\u00edes - T\u00e9chniPainting - Silk Screen - Art","article_publisher":"https:\/\/www.facebook.com\/ikastikoskiklossianti\/","article_modified_time":"2022-10-20T14:33:56+00:00","twitter_card":"summary_large_image","twitter_misc":{"Est. reading time":"1 minute"},"schema":{"@context":"https:\/\/schema.org","@graph":[{"@type":"WebPage","@id":"https:\/\/ikastikos-kiklos.com\/%ce%b6%cf%89%ce%b3%cf%81%ce%ac%cf%86%ce%bf%ce%b9\/%ce%b6%ce%bf%cf%85%ce%bc%cf%80%ce%bf%cf%85%ce%bb%ce%ac%ce%ba%ce%b7%cf%82-%cf%80%ce%ad%cf%84%cf%81%ce%bf%cf%82\/","url":"https:\/\/ikastikos-kiklos.com\/%ce%b6%cf%89%ce%b3%cf%81%ce%ac%cf%86%ce%bf%ce%b9\/%ce%b6%ce%bf%cf%85%ce%bc%cf%80%ce%bf%cf%85%ce%bb%ce%ac%ce%ba%ce%b7%cf%82-%cf%80%ce%ad%cf%84%cf%81%ce%bf%cf%82\/","name":"\u0396\u03bf\u03c5\u03bc\u03c0\u03bf\u03c5\u03bb\u03ac\u03ba\u03b7\u03c2 \u03a0\u03ad\u03c4\u03c1\u03bf\u03c2 \u039c\u03b5\u03c4\u03b1\u03be\u03bf\u03c4\u03c5\u03c0\u03af\u03b5\u03c2 | Ikastikos Kiklos Sianti","isPartOf":{"@id":"https:\/\/ikastikos-kiklos.com\/en\/#website"},"datePublished":"2021-07-15T15:41:36+00:00","dateModified":"2022-10-20T14:33:56+00:00","description":"\u0396\u03bf\u03c5\u03bc\u03c0\u03bf\u03c5\u03bb\u03ac\u03ba\u03b7\u03c2 \u03a0\u03ad\u03c4\u03c1\u03bf\u03c2 \u039c\u03b5\u03c4\u03b1\u03be\u03bf\u03c4\u03c5\u03c0\u03af\u03b5\u03c2. \u0391\u03c5\u03b8\u03b5\u03bd\u03c4\u03b9\u03ba\u03ac \u03ad\u03c1\u03b3\u03b1 \u03c4\u03ad\u03c7\u03bd\u03b7\u03c2 \u03ba\u03b1\u03b9 \u03c7\u03b1\u03c1\u03b1\u03ba\u03c4\u03b9\u03ba\u03ac \u03b5\u03bb\u03bb\u03ae\u03bd\u03c9\u03bd \u03b6\u03c9\u03b3\u03c1\u03ac\u03c6\u03c9\u03bd \u03c3\u03b5 \u03bc\u03af\u03b1 \u03b1\u03c0\u03cc \u03c4\u03b9\u03c2 \u03b9\u03c3\u03c4\u03bf\u03c1\u03b9\u03ba\u03cc\u03c4\u03b5\u03c1\u03b5\u03c2 \u03b3\u03ba\u03b1\u03bb\u03b5\u03c1\u03af \u03c4\u03b7\u03c2 \u0391\u03b8\u03ae\u03bd\u03b1\u03c2.","breadcrumb":{"@id":"https:\/\/ikastikos-kiklos.com\/%ce%b6%cf%89%ce%b3%cf%81%ce%ac%cf%86%ce%bf%ce%b9\/%ce%b6%ce%bf%cf%85%ce%bc%cf%80%ce%bf%cf%85%ce%bb%ce%ac%ce%ba%ce%b7%cf%82-%cf%80%ce%ad%cf%84%cf%81%ce%bf%cf%82\/#breadcrumb"},"inLanguage":"en-US","potentialAction":[{"@type":"ReadAction","target":["https:\/\/ikastikos-kiklos.com\/%ce%b6%cf%89%ce%b3%cf%81%ce%ac%cf%86%ce%bf%ce%b9\/%ce%b6%ce%bf%cf%85%ce%bc%cf%80%ce%bf%cf%85%ce%bb%ce%ac%ce%ba%ce%b7%cf%82-%cf%80%ce%ad%cf%84%cf%81%ce%bf%cf%82\/"]}]},{"@type":"BreadcrumbList","@id":"https:\/\/ikastikos-kiklos.com\/%ce%b6%cf%89%ce%b3%cf%81%ce%ac%cf%86%ce%bf%ce%b9\/%ce%b6%ce%bf%cf%85%ce%bc%cf%80%ce%bf%cf%85%ce%bb%ce%ac%ce%ba%ce%b7%cf%82-%cf%80%ce%ad%cf%84%cf%81%ce%bf%cf%82\/#breadcrumb","itemListElement":[{"@type":"ListItem","position":1,"name":"Home","item":"https:\/\/ikastikos-kiklos.com\/en\/"},{"@type":"ListItem","position":2,"name":"\u0396\u03c9\u03b3\u03c1\u03ac\u03c6\u03bf\u03b9","item":"https:\/\/ikastikos-kiklos.com\/%ce%b6%cf%89%ce%b3%cf%81%ce%ac%cf%86%ce%bf%ce%b9\/"},{"@type":"ListItem","position":3,"name":"\u0396\u03bf\u03c5\u03bc\u03c0\u03bf\u03c5\u03bb\u03ac\u03ba\u03b7\u03c2 \u03a0\u03ad\u03c4\u03c1\u03bf\u03c2"}]},{"@type":"WebSite","@id":"https:\/\/ikastikos-kiklos.com\/en\/#website","url":"https:\/\/ikastikos-kiklos.com\/en\/","name":"Ikastikos Kiklos - Zografik\u00ed - Metaxotyp\u00edes - T\u00e9chniPainting - Silk Screen - Art","description":"","publisher":{"@id":"https:\/\/ikastikos-kiklos.com\/en\/#organization"},"potentialAction":[{"@type":"SearchAction","target":{"@type":"EntryPoint","urlTemplate":"https:\/\/ikastikos-kiklos.com\/en\/?s={search_term_string}"},"query-input":{"@type":"PropertyValueSpecification","valueRequired":true,"valueName":"search_term_string"}}],"inLanguage":"en-US"},{"@type":"Organization","@id":"https:\/\/ikastikos-kiklos.com\/en\/#organization","name":"Ikastikos Kiklos - Zografik\u00ed - Metaxotyp\u00edes - T\u00e9chniPainting - Silk Screen - Art","url":"https:\/\/ikastikos-kiklos.com\/en\/","logo":{"@type":"ImageObject","inLanguage":"en-US","@id":"https:\/\/ikastikos-kiklos.com\/en\/#\/schema\/logo\/image\/","url":"https:\/\/ikastikos-kiklos.com\/wp-content\/uploads\/2022\/10\/cropped-favicon_ikastikos.png","contentUrl":"https:\/\/ikastikos-kiklos.com\/wp-content\/uploads\/2022\/10\/cropped-favicon_ikastikos.png","width":512,"height":512,"caption":"Ikastikos Kiklos - Zografik\u00ed - Metaxotyp\u00edes - T\u00e9chniPainting - Silk Screen - Art"},"image":{"@id":"https:\/\/ikastikos-kiklos.com\/en\/#\/schema\/logo\/image\/"},"sameAs":["https:\/\/www.facebook.com\/ikastikoskiklossianti\/"]}]}},"_links":{"self":[{"href":"https:\/\/ikastikos-kiklos.com\/en\/wp-json\/wp\/v2\/pages\/34492","targetHints":{"allow":["GET"]}}],"collection":[{"href":"https:\/\/ikastikos-kiklos.com\/en\/wp-json\/wp\/v2\/pages"}],"about":[{"href":"https:\/\/ikastikos-kiklos.com\/en\/wp-json\/wp\/v2\/types\/page"}],"author":[{"embeddable":true,"href":"https:\/\/ikastikos-kiklos.com\/en\/wp-json\/wp\/v2\/users\/2"}],"replies":[{"embeddable":true,"href":"https:\/\/ikastikos-kiklos.com\/en\/wp-json\/wp\/v2\/comments?post=34492"}],"version-history":[{"count":1,"href":"https:\/\/ikastikos-kiklos.com\/en\/wp-json\/wp\/v2\/pages\/34492\/revisions"}],"predecessor-version":[{"id":41171,"href":"https:\/\/ikastikos-kiklos.com\/en\/wp-json\/wp\/v2\/pages\/34492\/revisions\/41171"}],"up":[{"embeddable":true,"href":"https:\/\/ikastikos-kiklos.com\/en\/wp-json\/wp\/v2\/pages\/915"}],"wp:attachment":[{"href":"https:\/\/ikastikos-kiklos.com\/en\/wp-json\/wp\/v2\/media?parent=34492"}],"curies":[{"name":"wp","href":"https:\/\/api.w.org\/{rel}","templated":true}]}}