{"id":33290,"date":"2021-05-12T12:07:22","date_gmt":"2021-05-12T09:07:22","guid":{"rendered":"https:\/\/ikastikos-kiklos.com\/video-1\/"},"modified":"2024-01-11T08:22:40","modified_gmt":"2024-01-11T06:22:40","slug":"video","status":"publish","type":"page","link":"https:\/\/ikastikos-kiklos.com\/en\/video\/","title":{"rendered":"Video"},"content":{"rendered":"<div class=\"wpb-content-wrapper\"><p>[vc_row type=&#8221;full-nopad&#8221;][vc_column css_animation=&#8221;none&#8221;]<div class=\"nm-banner-slider slider-type-boxed slick-slider slick-controls-gray slick-dots-disabled\" data-arrows=\"true\" data-speed=\"5000\" data-infinite=\"true\"><\/div>[vc_single_image image=&#8221;33627&#8243; img_size=&#8221;full&#8221; alignment=&#8221;center&#8221;][\/vc_column][\/vc_row][vc_row el_class=&#8221;video_emb_btn_row&#8221;][vc_column el_class=&#8221;video_emb_btn&#8221;]\n\t\t\t<div class=\"nm_btn_align_left\">\n\t\t\t\t<a href=\"#video_emb_title_row1\" class=\"nm_btn nm_btn_sm nm_btn_filled\">\n\t\t\t\t\t<span class=\"nm_btn_title\">Exhibitions - Openings<\/span>\n\t\t\t\t\t<span class=\"nm_btn_bg\" style=\"background-color:#3d3c3c;\"><\/span>\n\t\t\t\t<\/a>\n\t\t\t<\/div>\n\t\t\t<div class=\"nm_btn_align_left\">\n\t\t\t\t<a href=\"#video_emb_title_row2\" class=\"nm_btn nm_btn_sm nm_btn_filled\">\n\t\t\t\t\t<span class=\"nm_btn_title\">Interviews<\/span>\n\t\t\t\t\t<span class=\"nm_btn_bg\" style=\"background-color:#3d3c3c;\"><\/span>\n\t\t\t\t<\/a>\n\t\t\t<\/div>\n\t\t\t<div class=\"nm_btn_align_left\">\n\t\t\t\t<a href=\"#video_emb_title_row3\" class=\"nm_btn nm_btn_sm nm_btn_filled\">\n\t\t\t\t\t<span class=\"nm_btn_title\">Guided tours<\/span>\n\t\t\t\t\t<span class=\"nm_btn_bg\" style=\"background-color:#3d3c3c;\"><\/span>\n\t\t\t\t<\/a>\n\t\t\t<\/div>\n\t\t\t<div class=\"nm_btn_align_left\">\n\t\t\t\t<a href=\"#video_emb_title_row4\" class=\"nm_btn nm_btn_sm nm_btn_filled\">\n\t\t\t\t\t<span class=\"nm_btn_title\">Atelier<\/span>\n\t\t\t\t\t<span class=\"nm_btn_bg\" style=\"background-color:#3d3c3c;\"><\/span>\n\t\t\t\t<\/a>\n\t\t\t<\/div>\n\t\t\t<div class=\"nm_btn_align_left\">\n\t\t\t\t<a href=\"#video_emb_title_row5\" class=\"nm_btn nm_btn_sm nm_btn_filled\">\n\t\t\t\t\t<span class=\"nm_btn_title\">Educational<\/span>\n\t\t\t\t\t<span class=\"nm_btn_bg\" style=\"background-color:#3d3c3c;\"><\/span>\n\t\t\t\t<\/a>\n\t\t\t<\/div>\n\t\t\t<div class=\"nm_btn_align_left\">\n\t\t\t\t<a href=\"#video_emb_title_row6\" class=\"nm_btn nm_btn_sm nm_btn_filled\">\n\t\t\t\t\t<span class=\"nm_btn_title\">Various<\/span>\n\t\t\t\t\t<span class=\"nm_btn_bg\" style=\"background-color:#3d3c3c;\"><\/span>\n\t\t\t\t<\/a>\n\t\t\t<\/div>[\/vc_column][\/vc_row][vc_row el_id=&#8221;video_emb_title_row1&#8243; el_class=&#8221;video_emb_title_row&#8221;][vc_column css_animation=&#8221;none&#8221;][vc_empty_space height=&#8221;20px&#8221;][\/vc_column][\/vc_row][vc_row][vc_column css_animation=&#8221;none&#8221;][vc_custom_heading text=&#8221;Exhibitions &#8211; Openings&#8221; use_theme_fonts=&#8221;yes&#8221; css_animation=&#8221;left-to-right&#8221;][\/vc_column][\/vc_row][vc_row el_class=&#8221;video_emb_row&#8221;][vc_column width=&#8221;1\/4&#8243;][vc_video link=&#8221;https:\/\/youtu.be\/tgedpUDTjGQ&#8221; el_class=&#8221;video_emb&#8221;][vc_column_text el_class=&#8221;video_emb_content&#8221;]<\/p>\n<p style=\"text-align: center;\">Opening Group Exhibition<br \/>\n<a href=\"https:\/\/ikastikos-kiklos.com\/en\/en-eros-kalos-2121-artists-about-eros\/\">&#8220;Perfect Eros&#8221;<\/a><\/p>\n<p>[\/vc_column_text][\/vc_column][vc_column width=&#8221;1\/4&#8243;][vc_video link=&#8221;https:\/\/youtu.be\/z4svIXDmA0I&#8221; el_class=&#8221;video_emb&#8221;][vc_column_text el_class=&#8221;video_emb_content&#8221;]<\/p>\n<p style=\"text-align: center;\">Exhibition Opening <a href=\"https:\/\/ikastikos-kiklos.com\/en\/questions-panagiotis-siagreece\/\">&#8220;Questions&#8221;<\/a><br \/>\nPanagiotis Siagris<\/p>\n<p>[\/vc_column_text][\/vc_column][vc_column width=&#8221;1\/4&#8243;][vc_video link=&#8221;https:\/\/youtu.be\/aTNdDIcwcCE&#8221; el_class=&#8221;video_emb&#8221;][vc_column_text el_class=&#8221;video_emb_content&#8221;]<\/p>\n<p style=\"text-align: center;\">Exhibition Opening <a href=\"https:\/\/ikastikos-kiklos.com\/en\/christos-antonaropoulos-blue-lights-emotions-stories\/\">&#8220;BLUE&#8221;<\/a><br \/>\nChristos Antonaropoulos<\/p>\n<p>[\/vc_column_text][\/vc_column][vc_column width=&#8221;1\/4&#8243;][vc_video link=&#8221;https:\/\/youtu.be\/AjrddmcozKM&#8221; el_class=&#8221;video_emb&#8221;][vc_column_text el_class=&#8221;video_emb_content&#8221;]<\/p>\n<p style=\"text-align: center;\">Exhibition <a href=\"https:\/\/ikastikos-kiklos.com\/en\/exhibition-tondo\/\">&#8220;TONDO&#8221;<\/a><\/p>\n<p>[\/vc_column_text][\/vc_column][\/vc_row][vc_row el_class=&#8221;video_emb_row&#8221;][vc_column width=&#8221;1\/4&#8243;][vc_video link=&#8221;https:\/\/youtu.be\/TDyz2kO85_Y&#8221; el_class=&#8221;video_emb&#8221;][vc_column_text el_class=&#8221;video_emb_content&#8221;]<\/p>\n<p style=\"text-align: center;\">Opening Group Exhibition<br \/>\n<a href=\"https:\/\/ikastikos-kiklos.com\/en\/art-streets-world\/\">&#8220;Art in the streets of the World&#8221;<\/a><\/p>\n<p>[\/vc_column_text][\/vc_column][vc_column width=&#8221;1\/4&#8243;][vc_video link=&#8221;https:\/\/youtu.be\/TdKmP0_ewow&#8221; el_class=&#8221;video_emb&#8221;][vc_column_text el_class=&#8221;video_emb_content&#8221;]<\/p>\n<p style=\"text-align: center;\">Exhibition Opening <a href=\"https:\/\/ikastikos-kiklos.com\/en\/women-bridging-worlds-mina-papatheodorou-valyraki-b-beth-weldon\/\">&#8220;Women Bridging Worlds&#8221;<\/a><br \/>\nMina Valiraki &#8211; B&#8217; Beth Weldon<\/p>\n<p>[\/vc_column_text][\/vc_column][vc_column width=&#8221;1\/4&#8243;][vc_video link=&#8221;https:\/\/youtu.be\/h04vG9RuXWA&#8221; el_class=&#8221;video_emb&#8221;][vc_column_text el_class=&#8221;video_emb_content&#8221;]<\/p>\n<p style=\"text-align: center;\">Exhibition Opening <a href=\"https:\/\/ikastikos-kiklos.com\/en\/heart-a-chance-to-see-and-listen-once-more\/\">&#8220;Heart&#8221;<\/a><br \/>\nThanassis Lalas<\/p>\n<p>[\/vc_column_text][\/vc_column][vc_column width=&#8221;1\/4&#8243;][vc_video link=&#8221;https:\/\/youtu.be\/IZPCoqk0b6E&#8221; el_class=&#8221;video_emb&#8221;][vc_column_text el_class=&#8221;video_emb_content&#8221;]<\/p>\n<p style=\"text-align: center;\">Exhibition Opening <a href=\"https:\/\/ikastikos-kiklos.com\/en\/nikos-giorgos-papoutsidis-trophy-erected\/\">&#8220;Trophy Erected&#8221;<\/a><br \/>\nNikos Yiorgos Papoutsidis<\/p>\n<p>[\/vc_column_text][\/vc_column][\/vc_row][vc_row el_class=&#8221;video_emb_row&#8221;][vc_column width=&#8221;1\/4&#8243;][vc_video link=&#8221;https:\/\/youtu.be\/GVpbrJ_Q3qk&#8221; el_class=&#8221;video_emb&#8221;][vc_column_text el_class=&#8221;video_emb_content&#8221;]<\/p>\n<p style=\"text-align: center;\">Opening Group Exhibition<br \/>\n<a href=\"https:\/\/ikastikos-kiklos.com\/en\/group-portrait-artists-of-our-heart\/\">&#8220;Group Portrait &#8211; Artists of our heart&#8221;<\/a><\/p>\n<p>[\/vc_column_text][\/vc_column][vc_column width=&#8221;1\/4&#8243;][vc_video link=&#8221;https:\/\/youtu.be\/EJ-wLA2KvCs&#8221; el_class=&#8221;video_emb&#8221;][vc_column_text el_class=&#8221;video_emb_content&#8221;]<\/p>\n<p style=\"text-align: center;\">Art Thessaloniki<br \/>\n2018<\/p>\n<p>[\/vc_column_text][\/vc_column][vc_column width=&#8221;1\/4&#8243;][vc_video link=&#8221;https:\/\/youtu.be\/KJLTYpMJvwc&#8221; el_class=&#8221;video_emb&#8221;][vc_column_text el_class=&#8221;video_emb_content&#8221;]<\/p>\n<p style=\"text-align: center;\">Exhibition Opening <a href=\"https:\/\/ikastikos-kiklos.com\/en\/thanassis-lalas-turns-smart-fortwo-artwork\/\">&#8220;Pop Art by Lalas&#8221;<\/a><br \/>\nThanassis Lalas<\/p>\n<p>[\/vc_column_text][\/vc_column][vc_column width=&#8221;1\/4&#8243;][vc_video link=&#8221;https:\/\/youtu.be\/T9UjY7pGyNU&#8221; el_class=&#8221;video_emb&#8221;][vc_column_text el_class=&#8221;video_emb_content&#8221;]<\/p>\n<p style=\"text-align: center;\"><a href=\"https:\/\/ikastikos-kiklos.com\/en\/ikastikos-kiklos-sianti-at-art-athina\/\">Art Athina<\/a><br \/>\n<a href=\"https:\/\/ikastikos-kiklos.com\/en\/ikastikos-kiklos-sianti-at-art-athina\/\">2018<\/a><\/p>\n<p>[\/vc_column_text][\/vc_column][\/vc_row][vc_row el_class=&#8221;video_emb_row&#8221;][vc_column width=&#8221;1\/4&#8243;][vc_video link=&#8221;https:\/\/youtu.be\/4ET8a9GvTA0&#8243; el_class=&#8221;video_emb&#8221;][vc_column_text el_class=&#8221;video_emb_content&#8221;]<\/p>\n<p style=\"text-align: center;\">Exhibition Opening &#8220;Trophy Erected&#8221;<br \/>\nNikos Yiorgos Papoutsidis, Manos Stefanidis<\/p>\n<p>[\/vc_column_text][\/vc_column][vc_column width=&#8221;1\/4&#8243;][vc_video link=&#8221;https:\/\/youtu.be\/UCWtBmT0OSA&#8221; el_class=&#8221;video_emb&#8221;][vc_column_text el_class=&#8221;video_emb_content&#8221;]<\/p>\n<p style=\"text-align: center;\">Exhibition Opening <a href=\"https:\/\/ikastikos-kiklos.com\/en\/cyclades-dimosthenis-kokkinidis\/\">&#8220;Cyclades&#8221;<\/a><br \/>\nDimosthenis Kokkinidis<\/p>\n<p>[\/vc_column_text][\/vc_column][vc_column width=&#8221;1\/4&#8243;][vc_video link=&#8221;https:\/\/youtu.be\/3k7bK1IDa98&#8243; el_class=&#8221;video_emb&#8221;][vc_column_text el_class=&#8221;video_emb_content&#8221;]<\/p>\n<p style=\"text-align: center;\">Exhibition Opening <a href=\"https:\/\/ikastikos-kiklos.com\/en\/kostas-spiriounis-at-a-distant-horizon\/\">&#8220;At a Distant Horizon&#8221;<\/a><br \/>\nKostas Spyriounis<\/p>\n<p>[\/vc_column_text][\/vc_column][vc_column width=&#8221;1\/4&#8243;][\/vc_column][\/vc_row][vc_row el_id=&#8221;video_emb_title_row2&#8243; el_class=&#8221;video_emb_title_row&#8221;][vc_column css_animation=&#8221;none&#8221;][vc_empty_space height=&#8221;20px&#8221;][vc_separator border_width=&#8221;2&#8243; accent_color=&#8221;#e5e5e5&#8243;][\/vc_column][\/vc_row][vc_row][vc_column css_animation=&#8221;none&#8221;][vc_custom_heading text=&#8221;Interviews&#8221; use_theme_fonts=&#8221;yes&#8221; css_animation=&#8221;left-to-right&#8221;][\/vc_column][\/vc_row][vc_row el_class=&#8221;video_emb_row&#8221;][vc_column width=&#8221;1\/4&#8243;][vc_video link=&#8221;https:\/\/www.youtube.com\/watch?v=_n1dEa6otrg&amp;t=3s&amp;ab_channel=SiantiGallery-%CE%95%CE%B9%CE%BA%CE%B1%CF%83%CF%84%CE%B9%CE%BA%CF%8C%CF%82%CE%9A%CF%8D%CE%BA%CE%BB%CE%BF%CF%82&#8243; el_class=&#8221;video_emb&#8221;][vc_column_text el_class=&#8221;video_emb_content&#8221;]<\/p>\n<p class=\"style-scope ytd-watch-metadata\" style=\"text-align: center;\"><span class=\"yt-core-attributed-string\" role=\"text\">Interview with Sotiris Sorogas<br \/>\nat his studio<\/span><\/p>\n<p>[\/vc_column_text][\/vc_column][vc_column width=&#8221;1\/4&#8243;][vc_video link=&#8221;https:\/\/www.youtube.com\/watch?v=vBclH92KG54&#8243; el_class=&#8221;video_emb&#8221;][vc_column_text el_class=&#8221;video_emb_content&#8221;]<\/p>\n<p class=\"style-scope ytd-watch-metadata\" style=\"text-align: center;\"><span class=\"yt-core-attributed-string\" role=\"text\">Interview with Theodoros Papagiannis<br \/>\nfor his exhibition &#8220;Minima Moralia&#8221;<\/span><\/p>\n<p>[\/vc_column_text][\/vc_column][vc_column width=&#8221;1\/4&#8243;][vc_video link=&#8221;https:\/\/youtu.be\/oTTPsw1bayQ&#8221; el_class=&#8221;video_emb&#8221;][vc_column_text el_class=&#8221;video_emb_content&#8221;]Do the structural elements of the project change when its dimension changes? Tolis Konstantinos-Vasiliki Sianti[\/vc_column_text][\/vc_column][vc_column width=&#8221;1\/4&#8243;][\/vc_column][\/vc_row][vc_row el_id=&#8221;video_emb_title_row3&#8243; el_class=&#8221;video_emb_title_row&#8221;][vc_column css_animation=&#8221;none&#8221;][vc_separator border_width=&#8221;2&#8243; accent_color=&#8221;#e5e5e5&#8243;][vc_empty_space height=&#8221;20px&#8221;][\/vc_column][\/vc_row][vc_row][vc_column css_animation=&#8221;none&#8221;][vc_custom_heading text=&#8221;Guided Tours&#8221; use_theme_fonts=&#8221;yes&#8221; css_animation=&#8221;left-to-right&#8221;][\/vc_column][\/vc_row][vc_row el_class=&#8221;video_emb_row&#8221;][vc_column width=&#8221;1\/4&#8243;][vc_video link=&#8221;https:\/\/www.youtube.com\/watch?v=pQfr9cyFTOM&amp;t=12s&amp;ab_channel=SiantiGallery-%CE%95%CE%B9%CE%BA%CE%B1%CF%83%CF%84%CE%B9%CE%BA%CF%8C%CF%82%CE%9A%CF%8D%CE%BA%CE%BB%CE%BF%CF%82&#8243; el_class=&#8221;video_emb&#8221;][vc_column_text el_class=&#8221;video_emb_content&#8221;]<\/p>\n<div id=\"title\" class=\"style-scope ytd-watch-metadata\">\n<p class=\"style-scope ytd-watch-metadata\" style=\"text-align: center;\">Museum Alekos Fassiano&#8217;s Trailer<\/p>\n<\/div>\n<div id=\"top-row\" class=\"style-scope ytd-watch-metadata\">\n<p id=\"owner\" class=\"item style-scope ytd-watch-metadata\" style=\"text-align: center;\">&nbsp;<\/p>\n<\/div>\n<p>[\/vc_column_text][\/vc_column][vc_column width=&#8221;1\/4&#8243;][vc_video link=&#8221;https:\/\/youtu.be\/AjrddmcozKM&#8221; el_class=&#8221;video_emb&#8221;][vc_column_text el_class=&#8221;video_emb_content&#8221;]Tondo Exhibition &#8211; Manos Stefanidis[\/vc_column_text][\/vc_column][vc_column width=&#8221;1\/4&#8243;][\/vc_column][vc_column width=&#8221;1\/4&#8243;][\/vc_column][\/vc_row][vc_row el_id=&#8221;video_emb_title_row4&#8243; el_class=&#8221;video_emb_title_row&#8221;][vc_column css_animation=&#8221;none&#8221;][vc_empty_space height=&#8221;20px&#8221;][vc_separator border_width=&#8221;2&#8243; accent_color=&#8221;#e5e5e5&#8243;][\/vc_column][\/vc_row][vc_row][vc_column css_animation=&#8221;none&#8221;][vc_custom_heading text=&#8221;Atelier&#8221; use_theme_fonts=&#8221;yes&#8221; css_animation=&#8221;left-to-right&#8221;][\/vc_column][\/vc_row][vc_row el_class=&#8221;video_emb_row&#8221;][vc_column width=&#8221;1\/4&#8243;][vc_video link=&#8221;https:\/\/youtu.be\/YThBm5v-mv0&#8243; el_class=&#8221;video_emb&#8221;][vc_column_text el_class=&#8221;video_emb_content&#8221;]Thanasis Lalas &#8211; Heard Exhibition[\/vc_column_text][\/vc_column][vc_column width=&#8221;1\/4&#8243;][\/vc_column][vc_column width=&#8221;1\/4&#8243;][\/vc_column][vc_column width=&#8221;1\/4&#8243;][\/vc_column][\/vc_row][vc_row el_id=&#8221;video_emb_title_row5&#8243; el_class=&#8221;video_emb_title_row&#8221;][vc_column css_animation=&#8221;none&#8221;][vc_separator border_width=&#8221;2&#8243; accent_color=&#8221;#e5e5e5&#8243;][vc_empty_space height=&#8221;20px&#8221;][\/vc_column][\/vc_row][vc_row][vc_column css_animation=&#8221;none&#8221;][vc_custom_heading text=&#8221;Educational&#8221; use_theme_fonts=&#8221;yes&#8221; css_animation=&#8221;left-to-right&#8221;][\/vc_column][\/vc_row][vc_row el_class=&#8221;video_emb_row&#8221;][vc_column width=&#8221;1\/4&#8243;][vc_video link=&#8221;https:\/\/youtu.be\/Sz9mKbEonTw&#8221; el_class=&#8221;video_emb&#8221;][vc_column_text el_class=&#8221;video_emb_content&#8221;]Review of educational programs for Children[\/vc_column_text][\/vc_column][vc_column width=&#8221;1\/4&#8243;][vc_video link=&#8221;https:\/\/www.youtube.com\/watch?v=nybXES5zn0s&amp;ab_channel=SiantiGallery-%CE%95%CE%B9%CE%BA%CE%B1%CF%83%CF%84%CE%B9%CE%BA%CF%8C%CF%82%CE%9A%CF%8D%CE%BA%CE%BB%CE%BF%CF%82&#8243; el_class=&#8221;video_emb&#8221;][vc_column_text el_class=&#8221;video_emb_content&#8221;]<\/p>\n<p class=\"style-scope ytd-watch-metadata\" style=\"text-align: center;\">\u00abFani at colorland\u00bb<br \/>\nNew Art Adventure<\/p>\n<p>[\/vc_column_text][\/vc_column][vc_column width=&#8221;1\/4&#8243;][\/vc_column][vc_column width=&#8221;1\/4&#8243;][\/vc_column][\/vc_row][vc_row el_id=&#8221;video_emb_title_row6&#8243; el_class=&#8221;video_emb_title_row&#8221;][vc_column css_animation=&#8221;none&#8221;][vc_separator border_width=&#8221;2&#8243; accent_color=&#8221;#e5e5e5&#8243;][vc_empty_space height=&#8221;20px&#8221;][\/vc_column][\/vc_row][vc_row][vc_column css_animation=&#8221;none&#8221;][vc_custom_heading text=&#8221;Various&#8221; use_theme_fonts=&#8221;yes&#8221; css_animation=&#8221;left-to-right&#8221;][\/vc_column][\/vc_row][vc_row el_class=&#8221;video_emb_row&#8221;][vc_column width=&#8221;1\/4&#8243;][vc_video link=&#8221;https:\/\/youtu.be\/wyg5wReKvj8&#8243; el_class=&#8221;video_emb&#8221;][vc_column_text el_class=&#8221;video_emb_content&#8221;]We are back again![\/vc_column_text][\/vc_column][vc_column width=&#8221;1\/4&#8243;][\/vc_column][vc_column width=&#8221;1\/4&#8243;][\/vc_column][vc_column width=&#8221;1\/4&#8243;][\/vc_column][\/vc_row]<\/p>\n<\/div>","protected":false},"excerpt":{"rendered":"<p>[vc_row type=&#8221;full-nopad&#8221;][vc_column css_animation=&#8221;none&#8221;][vc_single_image image=&#8221;33627&#8243; img_size=&#8221;full&#8221; alignment=&#8221;center&#8221;][\/vc_column][\/vc_row][vc_row el_class=&#8221;video_emb_btn_row&#8221;][vc_column el_class=&#8221;video_emb_btn&#8221;][\/vc_column][\/vc_row][vc_row el_id=&#8221;video_emb_title_row1&#8243; el_class=&#8221;video_emb_title_row&#8221;][vc_column css_animation=&#8221;none&#8221;][vc_empty_space height=&#8221;20px&#8221;][\/vc_column][\/vc_row][vc_row][vc_column css_animation=&#8221;none&#8221;][vc_custom_heading text=&#8221;Exhibitions &#8211; &hellip;<\/p>\n","protected":false},"author":1,"featured_media":0,"parent":0,"menu_order":0,"comment_status":"closed","ping_status":"closed","template":"","meta":{"ngg_post_thumbnail":0,"footnotes":""},"class_list":["post-33290","page","type-page","status-publish","hentry"],"yoast_head":"<!-- This site is optimized with the Yoast SEO plugin v27.2 - https:\/\/yoast.com\/product\/yoast-seo-wordpress\/ -->\n<title>Video - Ikastikos Kiklos - Zografik\u00ed - Metaxotyp\u00edes - T\u00e9chniPainting - Silk Screen - Art<\/title>\n<meta name=\"robots\" content=\"index, follow, max-snippet:-1, max-image-preview:large, max-video-preview:-1\" \/>\n<link rel=\"canonical\" href=\"https:\/\/ikastikos-kiklos.com\/en\/video\/\" \/>\n<meta property=\"og:locale\" content=\"en_US\" \/>\n<meta property=\"og:type\" content=\"article\" \/>\n<meta property=\"og:title\" content=\"Video - Ikastikos Kiklos - Zografik\u00ed - Metaxotyp\u00edes - T\u00e9chniPainting - Silk Screen - Art\" \/>\n<meta property=\"og:url\" content=\"https:\/\/ikastikos-kiklos.com\/en\/video\/\" \/>\n<meta property=\"og:site_name\" content=\"Ikastikos Kiklos - Zografik\u00ed - Metaxotyp\u00edes - T\u00e9chniPainting - Silk Screen - Art\" \/>\n<meta property=\"article:publisher\" content=\"https:\/\/www.facebook.com\/ikastikoskiklossianti\/\" \/>\n<meta property=\"article:modified_time\" content=\"2024-01-11T06:22:40+00:00\" \/>\n<meta name=\"twitter:card\" content=\"summary_large_image\" \/>\n<meta name=\"twitter:label1\" content=\"Est. reading time\" \/>\n\t<meta name=\"twitter:data1\" content=\"3 minutes\" \/>\n<script type=\"application\/ld+json\" class=\"yoast-schema-graph\">{\"@context\":\"https:\/\/schema.org\",\"@graph\":[{\"@type\":\"WebPage\",\"@id\":\"https:\/\/ikastikos-kiklos.com\/en\/video\/\",\"url\":\"https:\/\/ikastikos-kiklos.com\/en\/video\/\",\"name\":\"Video - Ikastikos Kiklos - Zografik\u00ed - Metaxotyp\u00edes - T\u00e9chniPainting - Silk Screen - Art\",\"isPartOf\":{\"@id\":\"https:\/\/ikastikos-kiklos.com\/en\/#website\"},\"datePublished\":\"2021-05-12T09:07:22+00:00\",\"dateModified\":\"2024-01-11T06:22:40+00:00\",\"breadcrumb\":{\"@id\":\"https:\/\/ikastikos-kiklos.com\/en\/video\/#breadcrumb\"},\"inLanguage\":\"en-US\",\"potentialAction\":[{\"@type\":\"ReadAction\",\"target\":[\"https:\/\/ikastikos-kiklos.com\/en\/video\/\"]}]},{\"@type\":\"BreadcrumbList\",\"@id\":\"https:\/\/ikastikos-kiklos.com\/en\/video\/#breadcrumb\",\"itemListElement\":[{\"@type\":\"ListItem\",\"position\":1,\"name\":\"Home\",\"item\":\"https:\/\/ikastikos-kiklos.com\/en\/\"},{\"@type\":\"ListItem\",\"position\":2,\"name\":\"Video\"}]},{\"@type\":\"WebSite\",\"@id\":\"https:\/\/ikastikos-kiklos.com\/en\/#website\",\"url\":\"https:\/\/ikastikos-kiklos.com\/en\/\",\"name\":\"Ikastikos Kiklos - Zografik\u00ed - Metaxotyp\u00edes - T\u00e9chniPainting - Silk Screen - Art\",\"description\":\"\",\"publisher\":{\"@id\":\"https:\/\/ikastikos-kiklos.com\/en\/#organization\"},\"potentialAction\":[{\"@type\":\"SearchAction\",\"target\":{\"@type\":\"EntryPoint\",\"urlTemplate\":\"https:\/\/ikastikos-kiklos.com\/en\/?s={search_term_string}\"},\"query-input\":{\"@type\":\"PropertyValueSpecification\",\"valueRequired\":true,\"valueName\":\"search_term_string\"}}],\"inLanguage\":\"en-US\"},{\"@type\":\"Organization\",\"@id\":\"https:\/\/ikastikos-kiklos.com\/en\/#organization\",\"name\":\"Ikastikos Kiklos - Zografik\u00ed - Metaxotyp\u00edes - T\u00e9chniPainting - Silk Screen - Art\",\"url\":\"https:\/\/ikastikos-kiklos.com\/en\/\",\"logo\":{\"@type\":\"ImageObject\",\"inLanguage\":\"en-US\",\"@id\":\"https:\/\/ikastikos-kiklos.com\/en\/#\/schema\/logo\/image\/\",\"url\":\"https:\/\/ikastikos-kiklos.com\/wp-content\/uploads\/2022\/10\/cropped-favicon_ikastikos.png\",\"contentUrl\":\"https:\/\/ikastikos-kiklos.com\/wp-content\/uploads\/2022\/10\/cropped-favicon_ikastikos.png\",\"width\":512,\"height\":512,\"caption\":\"Ikastikos Kiklos - Zografik\u00ed - Metaxotyp\u00edes - T\u00e9chniPainting - Silk Screen - Art\"},\"image\":{\"@id\":\"https:\/\/ikastikos-kiklos.com\/en\/#\/schema\/logo\/image\/\"},\"sameAs\":[\"https:\/\/www.facebook.com\/ikastikoskiklossianti\/\"]}]}<\/script>\n<!-- \/ Yoast SEO plugin. -->","yoast_head_json":{"title":"Video - Ikastikos Kiklos - Zografik\u00ed - Metaxotyp\u00edes - T\u00e9chniPainting - Silk Screen - Art","robots":{"index":"index","follow":"follow","max-snippet":"max-snippet:-1","max-image-preview":"max-image-preview:large","max-video-preview":"max-video-preview:-1"},"canonical":"https:\/\/ikastikos-kiklos.com\/en\/video\/","og_locale":"en_US","og_type":"article","og_title":"Video - Ikastikos Kiklos - Zografik\u00ed - Metaxotyp\u00edes - T\u00e9chniPainting - Silk Screen - Art","og_url":"https:\/\/ikastikos-kiklos.com\/en\/video\/","og_site_name":"Ikastikos Kiklos - Zografik\u00ed - Metaxotyp\u00edes - T\u00e9chniPainting - Silk Screen - Art","article_publisher":"https:\/\/www.facebook.com\/ikastikoskiklossianti\/","article_modified_time":"2024-01-11T06:22:40+00:00","twitter_card":"summary_large_image","twitter_misc":{"Est. reading time":"3 minutes"},"schema":{"@context":"https:\/\/schema.org","@graph":[{"@type":"WebPage","@id":"https:\/\/ikastikos-kiklos.com\/en\/video\/","url":"https:\/\/ikastikos-kiklos.com\/en\/video\/","name":"Video - Ikastikos Kiklos - Zografik\u00ed - Metaxotyp\u00edes - T\u00e9chniPainting - Silk Screen - Art","isPartOf":{"@id":"https:\/\/ikastikos-kiklos.com\/en\/#website"},"datePublished":"2021-05-12T09:07:22+00:00","dateModified":"2024-01-11T06:22:40+00:00","breadcrumb":{"@id":"https:\/\/ikastikos-kiklos.com\/en\/video\/#breadcrumb"},"inLanguage":"en-US","potentialAction":[{"@type":"ReadAction","target":["https:\/\/ikastikos-kiklos.com\/en\/video\/"]}]},{"@type":"BreadcrumbList","@id":"https:\/\/ikastikos-kiklos.com\/en\/video\/#breadcrumb","itemListElement":[{"@type":"ListItem","position":1,"name":"Home","item":"https:\/\/ikastikos-kiklos.com\/en\/"},{"@type":"ListItem","position":2,"name":"Video"}]},{"@type":"WebSite","@id":"https:\/\/ikastikos-kiklos.com\/en\/#website","url":"https:\/\/ikastikos-kiklos.com\/en\/","name":"Ikastikos Kiklos - Zografik\u00ed - Metaxotyp\u00edes - T\u00e9chniPainting - Silk Screen - Art","description":"","publisher":{"@id":"https:\/\/ikastikos-kiklos.com\/en\/#organization"},"potentialAction":[{"@type":"SearchAction","target":{"@type":"EntryPoint","urlTemplate":"https:\/\/ikastikos-kiklos.com\/en\/?s={search_term_string}"},"query-input":{"@type":"PropertyValueSpecification","valueRequired":true,"valueName":"search_term_string"}}],"inLanguage":"en-US"},{"@type":"Organization","@id":"https:\/\/ikastikos-kiklos.com\/en\/#organization","name":"Ikastikos Kiklos - Zografik\u00ed - Metaxotyp\u00edes - T\u00e9chniPainting - Silk Screen - Art","url":"https:\/\/ikastikos-kiklos.com\/en\/","logo":{"@type":"ImageObject","inLanguage":"en-US","@id":"https:\/\/ikastikos-kiklos.com\/en\/#\/schema\/logo\/image\/","url":"https:\/\/ikastikos-kiklos.com\/wp-content\/uploads\/2022\/10\/cropped-favicon_ikastikos.png","contentUrl":"https:\/\/ikastikos-kiklos.com\/wp-content\/uploads\/2022\/10\/cropped-favicon_ikastikos.png","width":512,"height":512,"caption":"Ikastikos Kiklos - Zografik\u00ed - Metaxotyp\u00edes - T\u00e9chniPainting - Silk Screen - Art"},"image":{"@id":"https:\/\/ikastikos-kiklos.com\/en\/#\/schema\/logo\/image\/"},"sameAs":["https:\/\/www.facebook.com\/ikastikoskiklossianti\/"]}]}},"_links":{"self":[{"href":"https:\/\/ikastikos-kiklos.com\/en\/wp-json\/wp\/v2\/pages\/33290","targetHints":{"allow":["GET"]}}],"collection":[{"href":"https:\/\/ikastikos-kiklos.com\/en\/wp-json\/wp\/v2\/pages"}],"about":[{"href":"https:\/\/ikastikos-kiklos.com\/en\/wp-json\/wp\/v2\/types\/page"}],"author":[{"embeddable":true,"href":"https:\/\/ikastikos-kiklos.com\/en\/wp-json\/wp\/v2\/users\/1"}],"replies":[{"embeddable":true,"href":"https:\/\/ikastikos-kiklos.com\/en\/wp-json\/wp\/v2\/comments?post=33290"}],"version-history":[{"count":5,"href":"https:\/\/ikastikos-kiklos.com\/en\/wp-json\/wp\/v2\/pages\/33290\/revisions"}],"predecessor-version":[{"id":42731,"href":"https:\/\/ikastikos-kiklos.com\/en\/wp-json\/wp\/v2\/pages\/33290\/revisions\/42731"}],"wp:attachment":[{"href":"https:\/\/ikastikos-kiklos.com\/en\/wp-json\/wp\/v2\/media?parent=33290"}],"curies":[{"name":"wp","href":"https:\/\/api.w.org\/{rel}","templated":true}]}}