{"id":3304,"date":"2016-09-09T12:30:43","date_gmt":"2016-09-09T12:30:43","guid":{"rendered":"http:\/\/ikastikos-kiklos.com\/painters\/%cf%83%ce%b9%ce%ac%ce%b3%ce%ba%cf%81%ce%b7%cf%82-%cf%80%ce%b1%ce%bd%ce%b1%ce%b3%ce%b9%cf%8e%cf%84%ce%b7%cf%82-siagreece\/?lang=en"},"modified":"2020-07-03T16:10:11","modified_gmt":"2020-07-03T13:10:11","slug":"siagris-panagiotis-siagreece","status":"publish","type":"page","link":"https:\/\/ikastikos-kiklos.com\/en\/painters\/siagris-panagiotis-siagreece\/","title":{"rendered":"Siagris Panagiotis (SIAGREECE)"},"content":{"rendered":"<div class=\"wpb-content-wrapper\"><p>[vc_row][vc_column][vc_video link=&#8221;https:\/\/www.youtube.com\/watch?v=Xao6YWZfIJw&amp;t=79s&#8221; align=&#8221;center&#8221;][vc_empty_space][vc_custom_heading text=&#8221;CV&#8221;][\/vc_column][\/vc_row][vc_row][vc_column][vc_column_text]<\/p>\n<header class=\"title-container\">\n<h1 class=\"title\">Siagris Panagiotis (SIAGREECE)<\/h1>\n<\/header>\n<div class=\"description-container dynamic-content\">\n<p>He was born in Piraeus in 1966. He studied at the Athens School of Fine Arts (1985-1990) with professors T.Patraskides, I. Dekoulakos and D. Kokkinides. He has held solo exhibitions and participated in many group exhibitions.<\/p>\n<p>Solo exhibitions<\/p>\n<p>2015 Ikastikos Kyklos<br \/>\n2015 Art Athina Ikastikos Kyklos (catalogue)<br \/>\n2014 Titanium Yiayianos Gallery, Athens(catalogue)<br \/>\n2009 Art Act, Athens<br \/>\n2004 Gallery 3, Athens(catalogue)<br \/>\n2003 Gallery Gloria, Cyprus(catalogue)<br \/>\n2000 Gallery 3, Athens(catalogue)<br \/>\n1993 Gallery Maria Papadopoulou, Athens(catalogue)<br \/>\n1992 Gallery Gloria, Cyprus<br \/>\n1991 Gallery Maria Papadopoulou, Athens<\/p>\n<p><iframe loading=\"lazy\" src=\"https:\/\/www.youtube.com\/embed\/z4svIXDmA0I\" width=\"560\" height=\"315\" frameborder=\"0\" allowfullscreen=\"allowfullscreen\"><\/iframe>&nbsp;<\/p>\n<p>Group Exhibitions<\/p>\n<p>2017 <a href=\"https:\/\/ikastikos-kiklos.com\/en\/%ce%bf-%ce%b5%ce%b9%ce%ba%ce%b1%cf%83%cf%84%ce%b9%ce%ba%cf%8c%cf%82-%ce%ba%cf%8d%ce%ba%ce%bb%ce%bf%cf%82-sianti-%cf%83%cf%84%ce%bf-art-athina-2017\/\">Art Athina<\/a> &nbsp;Ikastikos Kiklos Sianti<br \/>\n2016 Art Thessaloniki, Papatzikou Gallery<br \/>\n2016 Cocomat Hotel, Art Cargo Gallery<br \/>\n2016 Censorship, Underflow Gallery (catalogue)<br \/>\n2016 Art Athina, Ikastikos Kyklos (catalogue)<br \/>\n2015 Jesuits Foundation, Exombourgo Castle, Tinos<br \/>\n2014 Skoufa Gallery artists group exhibition<br \/>\n2014 Art Athina, Gloria Gallery<br \/>\n2014 Art Athina, We 33, Artia Gallery<br \/>\n2013 Art Athina, We 33, Artia Gallery<br \/>\n2007 About Cyprus&#8230;, House of Cyprus, Athens(catalogue)<br \/>\n2005 Visions, Byzantine Museum(catalogue)<br \/>\n2005 Art Athina, Gallery 3<br \/>\n2005 Gallery 3, Athens<br \/>\n2004 &#8220;1896-2004 Greek Art&#8221;, Art City Mihalarias, Athens<br \/>\n2001 Florence Biennial, Italy(catalogue)<br \/>\n2001 Windows to the world, Unicef, Technopolis Athens<br \/>\n1998 Greek Horizons, Contemporary Art from Greece, March-April, York City, Art Gallery, and Art Gallery Carlisle England, edited by Roger Wollen(catalogue)<br \/>\n1998 Contemporary Greek Sculptors, Bucharest,Romania(catalogue)<br \/>\n1993 EKATE Pancyprian exhibition, Pyli Ammochostou,Cyprus<br \/>\n1990 National Gallery of Athens School of Arts Graduates 1990(catalogue)<\/p>\n<p><iframe loading=\"lazy\" src=\"https:\/\/www.youtube.com\/embed\/t0Pykvp1BCs\" width=\"560\" height=\"315\" frameborder=\"0\" allowfullscreen=\"allowfullscreen\"><\/iframe>&nbsp;<\/p>\n<\/div>\n<p>[\/vc_column_text][\/vc_column][\/vc_row][vc_row][vc_column][vc_empty_space][vc_single_image image=&#8221;4925&#8243; img_size=&#8221;full&#8221; alignment=&#8221;center&#8221;][vc_empty_space][vc_single_image image=&#8221;4926&#8243; img_size=&#8221;full&#8221; alignment=&#8221;center&#8221;][vc_empty_space][vc_single_image image=&#8221;4927&#8243; img_size=&#8221;full&#8221; alignment=&#8221;center&#8221;][vc_empty_space][\/vc_column][\/vc_row]<\/p>\n<\/div>","protected":false},"excerpt":{"rendered":"<p>[vc_row][vc_column][vc_video link=&#8221;https:\/\/www.youtube.com\/watch?v=Xao6YWZfIJw&amp;t=79s&#8221; align=&#8221;center&#8221;][vc_empty_space][vc_custom_heading text=&#8221;CV&#8221;][\/vc_column][\/vc_row][vc_row][vc_column][vc_column_text] Siagris Panagiotis (SIAGREECE) He was born in Piraeus in 1966. He &hellip;<\/p>\n","protected":false},"author":2,"featured_media":0,"parent":2905,"menu_order":0,"comment_status":"closed","ping_status":"closed","template":"page-zwgrafoi.php","meta":{"ngg_post_thumbnail":0,"footnotes":""},"class_list":["post-3304","page","type-page","status-publish","hentry"],"yoast_head":"<!-- This site is optimized with the Yoast SEO plugin v27.4 - https:\/\/yoast.com\/product\/yoast-seo-wordpress\/ -->\n<title>View Panagiotis Siagris Profile on Ikastikos Kiklos Sianti Gallery.<\/title>\n<meta name=\"description\" content=\"View Panagiotis Siagris Profile on Ikastikos Kiklos Sianti Gallery. Find paintings, silkscreens and art objects for sale at great prices.\" \/>\n<meta name=\"robots\" content=\"index, follow, max-snippet:-1, max-image-preview:large, max-video-preview:-1\" \/>\n<link rel=\"canonical\" href=\"https:\/\/ikastikos-kiklos.com\/en\/painters\/siagris-panagiotis-siagreece\/\" \/>\n<meta property=\"og:locale\" content=\"en_US\" \/>\n<meta property=\"og:type\" content=\"article\" \/>\n<meta property=\"og:title\" content=\"View Panagiotis Siagris Profile on Ikastikos Kiklos Sianti Gallery.\" \/>\n<meta property=\"og:description\" content=\"View Panagiotis Siagris Profile on Ikastikos Kiklos Sianti Gallery. Find paintings, silkscreens and art objects for sale at great prices.\" \/>\n<meta property=\"og:url\" content=\"https:\/\/ikastikos-kiklos.com\/en\/painters\/siagris-panagiotis-siagreece\/\" \/>\n<meta property=\"og:site_name\" content=\"Ikastikos Kiklos - Zografik\u00ed - Metaxotyp\u00edes - T\u00e9chniPainting - Silk Screen - Art\" \/>\n<meta property=\"article:publisher\" content=\"https:\/\/www.facebook.com\/ikastikoskiklossianti\/\" \/>\n<meta property=\"article:modified_time\" content=\"2020-07-03T13:10:11+00:00\" \/>\n<meta name=\"twitter:card\" content=\"summary_large_image\" \/>\n<meta name=\"twitter:label1\" content=\"Est. reading time\" \/>\n\t<meta name=\"twitter:data1\" content=\"1 minute\" \/>\n<script type=\"application\/ld+json\" class=\"yoast-schema-graph\">{\"@context\":\"https:\\\/\\\/schema.org\",\"@graph\":[{\"@type\":\"WebPage\",\"@id\":\"https:\\\/\\\/ikastikos-kiklos.com\\\/en\\\/painters\\\/siagris-panagiotis-siagreece\\\/\",\"url\":\"https:\\\/\\\/ikastikos-kiklos.com\\\/en\\\/painters\\\/siagris-panagiotis-siagreece\\\/\",\"name\":\"View Panagiotis Siagris Profile on Ikastikos Kiklos Sianti Gallery.\",\"isPartOf\":{\"@id\":\"https:\\\/\\\/ikastikos-kiklos.com\\\/en\\\/#website\"},\"datePublished\":\"2016-09-09T12:30:43+00:00\",\"dateModified\":\"2020-07-03T13:10:11+00:00\",\"description\":\"View Panagiotis Siagris Profile on Ikastikos Kiklos Sianti Gallery. Find paintings, silkscreens and art objects for sale at great prices.\",\"breadcrumb\":{\"@id\":\"https:\\\/\\\/ikastikos-kiklos.com\\\/en\\\/painters\\\/siagris-panagiotis-siagreece\\\/#breadcrumb\"},\"inLanguage\":\"en-US\",\"potentialAction\":[{\"@type\":\"ReadAction\",\"target\":[\"https:\\\/\\\/ikastikos-kiklos.com\\\/en\\\/painters\\\/siagris-panagiotis-siagreece\\\/\"]}]},{\"@type\":\"BreadcrumbList\",\"@id\":\"https:\\\/\\\/ikastikos-kiklos.com\\\/en\\\/painters\\\/siagris-panagiotis-siagreece\\\/#breadcrumb\",\"itemListElement\":[{\"@type\":\"ListItem\",\"position\":1,\"name\":\"Home\",\"item\":\"https:\\\/\\\/ikastikos-kiklos.com\\\/en\\\/\"},{\"@type\":\"ListItem\",\"position\":2,\"name\":\"Painters\",\"item\":\"https:\\\/\\\/ikastikos-kiklos.com\\\/en\\\/painters\\\/\"},{\"@type\":\"ListItem\",\"position\":3,\"name\":\"Siagris Panagiotis (SIAGREECE)\"}]},{\"@type\":\"WebSite\",\"@id\":\"https:\\\/\\\/ikastikos-kiklos.com\\\/en\\\/#website\",\"url\":\"https:\\\/\\\/ikastikos-kiklos.com\\\/en\\\/\",\"name\":\"Ikastikos Kiklos - Zografik\u00ed - Metaxotyp\u00edes - T\u00e9chniPainting - Silk Screen - Art\",\"description\":\"\",\"publisher\":{\"@id\":\"https:\\\/\\\/ikastikos-kiklos.com\\\/en\\\/#organization\"},\"potentialAction\":[{\"@type\":\"SearchAction\",\"target\":{\"@type\":\"EntryPoint\",\"urlTemplate\":\"https:\\\/\\\/ikastikos-kiklos.com\\\/en\\\/?s={search_term_string}\"},\"query-input\":{\"@type\":\"PropertyValueSpecification\",\"valueRequired\":true,\"valueName\":\"search_term_string\"}}],\"inLanguage\":\"en-US\"},{\"@type\":\"Organization\",\"@id\":\"https:\\\/\\\/ikastikos-kiklos.com\\\/en\\\/#organization\",\"name\":\"Ikastikos Kiklos - Zografik\u00ed - Metaxotyp\u00edes - T\u00e9chniPainting - Silk Screen - Art\",\"url\":\"https:\\\/\\\/ikastikos-kiklos.com\\\/en\\\/\",\"logo\":{\"@type\":\"ImageObject\",\"inLanguage\":\"en-US\",\"@id\":\"https:\\\/\\\/ikastikos-kiklos.com\\\/en\\\/#\\\/schema\\\/logo\\\/image\\\/\",\"url\":\"https:\\\/\\\/ikastikos-kiklos.com\\\/wp-content\\\/uploads\\\/2022\\\/10\\\/cropped-favicon_ikastikos.png\",\"contentUrl\":\"https:\\\/\\\/ikastikos-kiklos.com\\\/wp-content\\\/uploads\\\/2022\\\/10\\\/cropped-favicon_ikastikos.png\",\"width\":512,\"height\":512,\"caption\":\"Ikastikos Kiklos - Zografik\u00ed - Metaxotyp\u00edes - T\u00e9chniPainting - Silk Screen - Art\"},\"image\":{\"@id\":\"https:\\\/\\\/ikastikos-kiklos.com\\\/en\\\/#\\\/schema\\\/logo\\\/image\\\/\"},\"sameAs\":[\"https:\\\/\\\/www.facebook.com\\\/ikastikoskiklossianti\\\/\"]}]}<\/script>\n<!-- \/ Yoast SEO plugin. -->","yoast_head_json":{"title":"View Panagiotis Siagris Profile on Ikastikos Kiklos Sianti Gallery.","description":"View Panagiotis Siagris Profile on Ikastikos Kiklos Sianti Gallery. Find paintings, silkscreens and art objects for sale at great prices.","robots":{"index":"index","follow":"follow","max-snippet":"max-snippet:-1","max-image-preview":"max-image-preview:large","max-video-preview":"max-video-preview:-1"},"canonical":"https:\/\/ikastikos-kiklos.com\/en\/painters\/siagris-panagiotis-siagreece\/","og_locale":"en_US","og_type":"article","og_title":"View Panagiotis Siagris Profile on Ikastikos Kiklos Sianti Gallery.","og_description":"View Panagiotis Siagris Profile on Ikastikos Kiklos Sianti Gallery. Find paintings, silkscreens and art objects for sale at great prices.","og_url":"https:\/\/ikastikos-kiklos.com\/en\/painters\/siagris-panagiotis-siagreece\/","og_site_name":"Ikastikos Kiklos - Zografik\u00ed - Metaxotyp\u00edes - T\u00e9chniPainting - Silk Screen - Art","article_publisher":"https:\/\/www.facebook.com\/ikastikoskiklossianti\/","article_modified_time":"2020-07-03T13:10:11+00:00","twitter_card":"summary_large_image","twitter_misc":{"Est. reading time":"1 minute"},"schema":{"@context":"https:\/\/schema.org","@graph":[{"@type":"WebPage","@id":"https:\/\/ikastikos-kiklos.com\/en\/painters\/siagris-panagiotis-siagreece\/","url":"https:\/\/ikastikos-kiklos.com\/en\/painters\/siagris-panagiotis-siagreece\/","name":"View Panagiotis Siagris Profile on Ikastikos Kiklos Sianti Gallery.","isPartOf":{"@id":"https:\/\/ikastikos-kiklos.com\/en\/#website"},"datePublished":"2016-09-09T12:30:43+00:00","dateModified":"2020-07-03T13:10:11+00:00","description":"View Panagiotis Siagris Profile on Ikastikos Kiklos Sianti Gallery. Find paintings, silkscreens and art objects for sale at great prices.","breadcrumb":{"@id":"https:\/\/ikastikos-kiklos.com\/en\/painters\/siagris-panagiotis-siagreece\/#breadcrumb"},"inLanguage":"en-US","potentialAction":[{"@type":"ReadAction","target":["https:\/\/ikastikos-kiklos.com\/en\/painters\/siagris-panagiotis-siagreece\/"]}]},{"@type":"BreadcrumbList","@id":"https:\/\/ikastikos-kiklos.com\/en\/painters\/siagris-panagiotis-siagreece\/#breadcrumb","itemListElement":[{"@type":"ListItem","position":1,"name":"Home","item":"https:\/\/ikastikos-kiklos.com\/en\/"},{"@type":"ListItem","position":2,"name":"Painters","item":"https:\/\/ikastikos-kiklos.com\/en\/painters\/"},{"@type":"ListItem","position":3,"name":"Siagris Panagiotis (SIAGREECE)"}]},{"@type":"WebSite","@id":"https:\/\/ikastikos-kiklos.com\/en\/#website","url":"https:\/\/ikastikos-kiklos.com\/en\/","name":"Ikastikos Kiklos - Zografik\u00ed - Metaxotyp\u00edes - T\u00e9chniPainting - Silk Screen - Art","description":"","publisher":{"@id":"https:\/\/ikastikos-kiklos.com\/en\/#organization"},"potentialAction":[{"@type":"SearchAction","target":{"@type":"EntryPoint","urlTemplate":"https:\/\/ikastikos-kiklos.com\/en\/?s={search_term_string}"},"query-input":{"@type":"PropertyValueSpecification","valueRequired":true,"valueName":"search_term_string"}}],"inLanguage":"en-US"},{"@type":"Organization","@id":"https:\/\/ikastikos-kiklos.com\/en\/#organization","name":"Ikastikos Kiklos - Zografik\u00ed - Metaxotyp\u00edes - T\u00e9chniPainting - Silk Screen - Art","url":"https:\/\/ikastikos-kiklos.com\/en\/","logo":{"@type":"ImageObject","inLanguage":"en-US","@id":"https:\/\/ikastikos-kiklos.com\/en\/#\/schema\/logo\/image\/","url":"https:\/\/ikastikos-kiklos.com\/wp-content\/uploads\/2022\/10\/cropped-favicon_ikastikos.png","contentUrl":"https:\/\/ikastikos-kiklos.com\/wp-content\/uploads\/2022\/10\/cropped-favicon_ikastikos.png","width":512,"height":512,"caption":"Ikastikos Kiklos - Zografik\u00ed - Metaxotyp\u00edes - T\u00e9chniPainting - Silk Screen - Art"},"image":{"@id":"https:\/\/ikastikos-kiklos.com\/en\/#\/schema\/logo\/image\/"},"sameAs":["https:\/\/www.facebook.com\/ikastikoskiklossianti\/"]}]}},"_links":{"self":[{"href":"https:\/\/ikastikos-kiklos.com\/en\/wp-json\/wp\/v2\/pages\/3304","targetHints":{"allow":["GET"]}}],"collection":[{"href":"https:\/\/ikastikos-kiklos.com\/en\/wp-json\/wp\/v2\/pages"}],"about":[{"href":"https:\/\/ikastikos-kiklos.com\/en\/wp-json\/wp\/v2\/types\/page"}],"author":[{"embeddable":true,"href":"https:\/\/ikastikos-kiklos.com\/en\/wp-json\/wp\/v2\/users\/2"}],"replies":[{"embeddable":true,"href":"https:\/\/ikastikos-kiklos.com\/en\/wp-json\/wp\/v2\/comments?post=3304"}],"version-history":[{"count":0,"href":"https:\/\/ikastikos-kiklos.com\/en\/wp-json\/wp\/v2\/pages\/3304\/revisions"}],"up":[{"embeddable":true,"href":"https:\/\/ikastikos-kiklos.com\/en\/wp-json\/wp\/v2\/pages\/2905"}],"wp:attachment":[{"href":"https:\/\/ikastikos-kiklos.com\/en\/wp-json\/wp\/v2\/media?parent=3304"}],"curies":[{"name":"wp","href":"https:\/\/api.w.org\/{rel}","templated":true}]}}