{"id":3283,"date":"2016-11-29T14:07:21","date_gmt":"2016-11-29T14:07:21","guid":{"rendered":"http:\/\/ikastikos-kiklos.com\/painters\/%cf%84%cf%8c%ce%bb%ce%b7%cf%82-%ce%ba%cf%89%ce%bd%cf%83%cf%84%ce%b1%ce%bd%cf%84%ce%af%ce%bd%ce%bf%cf%82\/?lang=en"},"modified":"2020-07-03T15:32:39","modified_gmt":"2020-07-03T12:32:39","slug":"tolis-konstantinos","status":"publish","type":"page","link":"https:\/\/ikastikos-kiklos.com\/en\/painters\/tolis-konstantinos\/","title":{"rendered":"Tolis Konstantinos"},"content":{"rendered":"<div class=\"wpb-content-wrapper\"><p>[vc_row][vc_column][vc_column_text]<\/p>\n<h1>Tolis Konstantinos<\/h1>\n<div class=\"artist_cv expanded\">\n<p>Born in Ioannina in 1966. He lives and works in Athens. Since 1998, he has been a member of the Chamber of Fine Arts. He was assigned the iconography of eight churches in Attica, Thessaloniki and Arta. He also completed sets in other cities of Greece and in New York.<\/p>\n<p><iframe loading=\"lazy\" src=\"https:\/\/www.youtube.com\/embed\/-YdGKfVZq1I\" width=\"560\" height=\"315\" frameborder=\"0\" allowfullscreen=\"allowfullscreen\"><\/iframe>&nbsp;<\/p>\n<p><strong>Studies<\/strong><\/p>\n<p>1992-95: He studied byzantine painting under Pr. Liondas and I. Karouzos<\/p>\n<p>1998-99: Studied Photography under Pr. G. Katsagelos<\/p>\n<p>1997-2001: BA in painting, School of Visual and Applied Arts of Aristotle University of Thessaloniki (Pr. Ev. Dimitreas\u2019 workshop)<\/p>\n<p>2000:&nbsp;Scenography of Aristotle University of Thessaloniki with professor Ap. Vetta<\/p>\n<p><iframe loading=\"lazy\" src=\"https:\/\/www.youtube.com\/embed\/Er5gPGpDrRA\" width=\"560\" height=\"315\" frameborder=\"0\" allowfullscreen=\"allowfullscreen\"><\/iframe>&nbsp;<\/p>\n<p><strong>Solo Exhibitions (Selections)<\/strong><\/p>\n<p>2017: Ikastikos Kiklos Sianti, Athens, <a href=\"https:\/\/ikastikos-kiklos.com\/en\/game-senses-konstantinos-tolis\/\">&#8220;A Game Of The Senses&#8221;<\/a><\/p>\n<p>2010: Bonikos Gallery, Athens<\/p>\n<p>2008: Casa Bianca,&nbsp;Municipal Gallery of Thessaloniki,&nbsp;Thessaloniki<\/p>\n<p>2007: Marousi Town Hall, Attiki<\/p>\n<p>2005: \u00abCondensation\u00bb, Titanium Yiayianos Gallery, Athens<\/p>\n<p>2001: Art Installation, within the Conference on \u201cFortress Europe\u201d, organized by the group E21 at the Cultural Center \u201cMelina Mercouri\u201d, Athens<\/p>\n<p><strong>Group Exhibitions (Selections)<\/strong><\/p>\n<p>2017: Ikastikos Kiklos Sianti, <a href=\"https:\/\/ikastikos-kiklos.com\/en\/%ce%bf-%ce%b5%ce%b9%ce%ba%ce%b1%cf%83%cf%84%ce%b9%ce%ba%cf%8c%cf%82-%ce%ba%cf%8d%ce%ba%ce%bb%ce%bf%cf%82-sianti-%cf%83%cf%84%ce%bf-art-athina-2017\/\">artAthina<\/a>, Athens<\/p>\n<p>2015: Ikastikos Kiklos, artAthina, Athens<\/p>\n<p>2004: \u00abVisual Marathon\u00bb, Yiayannos Gallery, in the context of the 2004, Athens<\/p>\n<p>2002: \u00abNew Artist\u00bb, Technopolis, Athens<\/p>\n<p>2002: \u00abPainters and Sculptors facing form after the postmodern\u00bb, Athens<\/p>\n<p>2001:&nbsp;Union of Graduates School of Fine Arts, Athens<\/p>\n<\/div>\n<p>[\/vc_column_text][\/vc_column][\/vc_row]<\/p>\n<\/div>","protected":false},"excerpt":{"rendered":"<p>[vc_row][vc_column][vc_column_text] Tolis Konstantinos Born in Ioannina in 1966. He lives and works in Athens. Since &hellip;<\/p>\n","protected":false},"author":2,"featured_media":0,"parent":2905,"menu_order":0,"comment_status":"closed","ping_status":"closed","template":"page-zwgrafoi.php","meta":{"ngg_post_thumbnail":0,"footnotes":""},"class_list":["post-3283","page","type-page","status-publish","hentry"],"yoast_head":"<!-- This site is optimized with the Yoast SEO plugin v27.4 - https:\/\/yoast.com\/product\/yoast-seo-wordpress\/ -->\n<title>View Konstantinos Tolis Profile on Ikastikos Kiklos Sianti Gallery.<\/title>\n<meta name=\"description\" content=\"View Konstantinos Tolis Profile on Ikastikos Kiklos Sianti Gallery. Find paintings, silkscreens and art objects for sale at great prices.\" \/>\n<meta name=\"robots\" content=\"index, follow, max-snippet:-1, max-image-preview:large, max-video-preview:-1\" \/>\n<link rel=\"canonical\" href=\"https:\/\/ikastikos-kiklos.com\/en\/painters\/tolis-konstantinos\/\" \/>\n<meta property=\"og:locale\" content=\"en_US\" \/>\n<meta property=\"og:type\" content=\"article\" \/>\n<meta property=\"og:title\" content=\"View Konstantinos Tolis Profile on Ikastikos Kiklos Sianti Gallery.\" \/>\n<meta property=\"og:description\" content=\"View Konstantinos Tolis Profile on Ikastikos Kiklos Sianti Gallery. Find paintings, silkscreens and art objects for sale at great prices.\" \/>\n<meta property=\"og:url\" content=\"https:\/\/ikastikos-kiklos.com\/en\/painters\/tolis-konstantinos\/\" \/>\n<meta property=\"og:site_name\" content=\"Ikastikos Kiklos - Zografik\u00ed - Metaxotyp\u00edes - T\u00e9chniPainting - Silk Screen - Art\" \/>\n<meta property=\"article:publisher\" content=\"https:\/\/www.facebook.com\/ikastikoskiklossianti\/\" \/>\n<meta property=\"article:modified_time\" content=\"2020-07-03T12:32:39+00:00\" \/>\n<meta name=\"twitter:card\" content=\"summary_large_image\" \/>\n<meta name=\"twitter:label1\" content=\"Est. reading time\" \/>\n\t<meta name=\"twitter:data1\" content=\"1 minute\" \/>\n<script type=\"application\/ld+json\" class=\"yoast-schema-graph\">{\"@context\":\"https:\\\/\\\/schema.org\",\"@graph\":[{\"@type\":\"WebPage\",\"@id\":\"https:\\\/\\\/ikastikos-kiklos.com\\\/en\\\/painters\\\/tolis-konstantinos\\\/\",\"url\":\"https:\\\/\\\/ikastikos-kiklos.com\\\/en\\\/painters\\\/tolis-konstantinos\\\/\",\"name\":\"View Konstantinos Tolis Profile on Ikastikos Kiklos Sianti Gallery.\",\"isPartOf\":{\"@id\":\"https:\\\/\\\/ikastikos-kiklos.com\\\/en\\\/#website\"},\"datePublished\":\"2016-11-29T14:07:21+00:00\",\"dateModified\":\"2020-07-03T12:32:39+00:00\",\"description\":\"View Konstantinos Tolis Profile on Ikastikos Kiklos Sianti Gallery. Find paintings, silkscreens and art objects for sale at great prices.\",\"breadcrumb\":{\"@id\":\"https:\\\/\\\/ikastikos-kiklos.com\\\/en\\\/painters\\\/tolis-konstantinos\\\/#breadcrumb\"},\"inLanguage\":\"en-US\",\"potentialAction\":[{\"@type\":\"ReadAction\",\"target\":[\"https:\\\/\\\/ikastikos-kiklos.com\\\/en\\\/painters\\\/tolis-konstantinos\\\/\"]}]},{\"@type\":\"BreadcrumbList\",\"@id\":\"https:\\\/\\\/ikastikos-kiklos.com\\\/en\\\/painters\\\/tolis-konstantinos\\\/#breadcrumb\",\"itemListElement\":[{\"@type\":\"ListItem\",\"position\":1,\"name\":\"Home\",\"item\":\"https:\\\/\\\/ikastikos-kiklos.com\\\/en\\\/\"},{\"@type\":\"ListItem\",\"position\":2,\"name\":\"Painters\",\"item\":\"https:\\\/\\\/ikastikos-kiklos.com\\\/en\\\/painters\\\/\"},{\"@type\":\"ListItem\",\"position\":3,\"name\":\"Tolis Konstantinos\"}]},{\"@type\":\"WebSite\",\"@id\":\"https:\\\/\\\/ikastikos-kiklos.com\\\/en\\\/#website\",\"url\":\"https:\\\/\\\/ikastikos-kiklos.com\\\/en\\\/\",\"name\":\"Ikastikos Kiklos - Zografik\u00ed - Metaxotyp\u00edes - T\u00e9chniPainting - Silk Screen - Art\",\"description\":\"\",\"publisher\":{\"@id\":\"https:\\\/\\\/ikastikos-kiklos.com\\\/en\\\/#organization\"},\"potentialAction\":[{\"@type\":\"SearchAction\",\"target\":{\"@type\":\"EntryPoint\",\"urlTemplate\":\"https:\\\/\\\/ikastikos-kiklos.com\\\/en\\\/?s={search_term_string}\"},\"query-input\":{\"@type\":\"PropertyValueSpecification\",\"valueRequired\":true,\"valueName\":\"search_term_string\"}}],\"inLanguage\":\"en-US\"},{\"@type\":\"Organization\",\"@id\":\"https:\\\/\\\/ikastikos-kiklos.com\\\/en\\\/#organization\",\"name\":\"Ikastikos Kiklos - Zografik\u00ed - Metaxotyp\u00edes - T\u00e9chniPainting - Silk Screen - Art\",\"url\":\"https:\\\/\\\/ikastikos-kiklos.com\\\/en\\\/\",\"logo\":{\"@type\":\"ImageObject\",\"inLanguage\":\"en-US\",\"@id\":\"https:\\\/\\\/ikastikos-kiklos.com\\\/en\\\/#\\\/schema\\\/logo\\\/image\\\/\",\"url\":\"https:\\\/\\\/ikastikos-kiklos.com\\\/wp-content\\\/uploads\\\/2022\\\/10\\\/cropped-favicon_ikastikos.png\",\"contentUrl\":\"https:\\\/\\\/ikastikos-kiklos.com\\\/wp-content\\\/uploads\\\/2022\\\/10\\\/cropped-favicon_ikastikos.png\",\"width\":512,\"height\":512,\"caption\":\"Ikastikos Kiklos - Zografik\u00ed - Metaxotyp\u00edes - T\u00e9chniPainting - Silk Screen - Art\"},\"image\":{\"@id\":\"https:\\\/\\\/ikastikos-kiklos.com\\\/en\\\/#\\\/schema\\\/logo\\\/image\\\/\"},\"sameAs\":[\"https:\\\/\\\/www.facebook.com\\\/ikastikoskiklossianti\\\/\"]}]}<\/script>\n<!-- \/ Yoast SEO plugin. -->","yoast_head_json":{"title":"View Konstantinos Tolis Profile on Ikastikos Kiklos Sianti Gallery.","description":"View Konstantinos Tolis Profile on Ikastikos Kiklos Sianti Gallery. Find paintings, silkscreens and art objects for sale at great prices.","robots":{"index":"index","follow":"follow","max-snippet":"max-snippet:-1","max-image-preview":"max-image-preview:large","max-video-preview":"max-video-preview:-1"},"canonical":"https:\/\/ikastikos-kiklos.com\/en\/painters\/tolis-konstantinos\/","og_locale":"en_US","og_type":"article","og_title":"View Konstantinos Tolis Profile on Ikastikos Kiklos Sianti Gallery.","og_description":"View Konstantinos Tolis Profile on Ikastikos Kiklos Sianti Gallery. Find paintings, silkscreens and art objects for sale at great prices.","og_url":"https:\/\/ikastikos-kiklos.com\/en\/painters\/tolis-konstantinos\/","og_site_name":"Ikastikos Kiklos - Zografik\u00ed - Metaxotyp\u00edes - T\u00e9chniPainting - Silk Screen - Art","article_publisher":"https:\/\/www.facebook.com\/ikastikoskiklossianti\/","article_modified_time":"2020-07-03T12:32:39+00:00","twitter_card":"summary_large_image","twitter_misc":{"Est. reading time":"1 minute"},"schema":{"@context":"https:\/\/schema.org","@graph":[{"@type":"WebPage","@id":"https:\/\/ikastikos-kiklos.com\/en\/painters\/tolis-konstantinos\/","url":"https:\/\/ikastikos-kiklos.com\/en\/painters\/tolis-konstantinos\/","name":"View Konstantinos Tolis Profile on Ikastikos Kiklos Sianti Gallery.","isPartOf":{"@id":"https:\/\/ikastikos-kiklos.com\/en\/#website"},"datePublished":"2016-11-29T14:07:21+00:00","dateModified":"2020-07-03T12:32:39+00:00","description":"View Konstantinos Tolis Profile on Ikastikos Kiklos Sianti Gallery. Find paintings, silkscreens and art objects for sale at great prices.","breadcrumb":{"@id":"https:\/\/ikastikos-kiklos.com\/en\/painters\/tolis-konstantinos\/#breadcrumb"},"inLanguage":"en-US","potentialAction":[{"@type":"ReadAction","target":["https:\/\/ikastikos-kiklos.com\/en\/painters\/tolis-konstantinos\/"]}]},{"@type":"BreadcrumbList","@id":"https:\/\/ikastikos-kiklos.com\/en\/painters\/tolis-konstantinos\/#breadcrumb","itemListElement":[{"@type":"ListItem","position":1,"name":"Home","item":"https:\/\/ikastikos-kiklos.com\/en\/"},{"@type":"ListItem","position":2,"name":"Painters","item":"https:\/\/ikastikos-kiklos.com\/en\/painters\/"},{"@type":"ListItem","position":3,"name":"Tolis Konstantinos"}]},{"@type":"WebSite","@id":"https:\/\/ikastikos-kiklos.com\/en\/#website","url":"https:\/\/ikastikos-kiklos.com\/en\/","name":"Ikastikos Kiklos - Zografik\u00ed - Metaxotyp\u00edes - T\u00e9chniPainting - Silk Screen - Art","description":"","publisher":{"@id":"https:\/\/ikastikos-kiklos.com\/en\/#organization"},"potentialAction":[{"@type":"SearchAction","target":{"@type":"EntryPoint","urlTemplate":"https:\/\/ikastikos-kiklos.com\/en\/?s={search_term_string}"},"query-input":{"@type":"PropertyValueSpecification","valueRequired":true,"valueName":"search_term_string"}}],"inLanguage":"en-US"},{"@type":"Organization","@id":"https:\/\/ikastikos-kiklos.com\/en\/#organization","name":"Ikastikos Kiklos - Zografik\u00ed - Metaxotyp\u00edes - T\u00e9chniPainting - Silk Screen - Art","url":"https:\/\/ikastikos-kiklos.com\/en\/","logo":{"@type":"ImageObject","inLanguage":"en-US","@id":"https:\/\/ikastikos-kiklos.com\/en\/#\/schema\/logo\/image\/","url":"https:\/\/ikastikos-kiklos.com\/wp-content\/uploads\/2022\/10\/cropped-favicon_ikastikos.png","contentUrl":"https:\/\/ikastikos-kiklos.com\/wp-content\/uploads\/2022\/10\/cropped-favicon_ikastikos.png","width":512,"height":512,"caption":"Ikastikos Kiklos - Zografik\u00ed - Metaxotyp\u00edes - T\u00e9chniPainting - Silk Screen - Art"},"image":{"@id":"https:\/\/ikastikos-kiklos.com\/en\/#\/schema\/logo\/image\/"},"sameAs":["https:\/\/www.facebook.com\/ikastikoskiklossianti\/"]}]}},"_links":{"self":[{"href":"https:\/\/ikastikos-kiklos.com\/en\/wp-json\/wp\/v2\/pages\/3283","targetHints":{"allow":["GET"]}}],"collection":[{"href":"https:\/\/ikastikos-kiklos.com\/en\/wp-json\/wp\/v2\/pages"}],"about":[{"href":"https:\/\/ikastikos-kiklos.com\/en\/wp-json\/wp\/v2\/types\/page"}],"author":[{"embeddable":true,"href":"https:\/\/ikastikos-kiklos.com\/en\/wp-json\/wp\/v2\/users\/2"}],"replies":[{"embeddable":true,"href":"https:\/\/ikastikos-kiklos.com\/en\/wp-json\/wp\/v2\/comments?post=3283"}],"version-history":[{"count":0,"href":"https:\/\/ikastikos-kiklos.com\/en\/wp-json\/wp\/v2\/pages\/3283\/revisions"}],"up":[{"embeddable":true,"href":"https:\/\/ikastikos-kiklos.com\/en\/wp-json\/wp\/v2\/pages\/2905"}],"wp:attachment":[{"href":"https:\/\/ikastikos-kiklos.com\/en\/wp-json\/wp\/v2\/media?parent=3283"}],"curies":[{"name":"wp","href":"https:\/\/api.w.org\/{rel}","templated":true}]}}