{"id":2919,"date":"2016-07-11T13:59:48","date_gmt":"2016-07-11T13:59:48","guid":{"rendered":"http:\/\/ikastikos-kiklos.com\/painters\/%ce%b1%cf%80%ce%ad%cf%81%ce%b3%ce%b7%cf%82-%ce%b1%ce%bd%cf%84%cf%8e%ce%bd%ce%b7%cf%82\/?lang=en"},"modified":"2020-07-03T21:08:07","modified_gmt":"2020-07-03T18:08:07","slug":"apergis-antonis-en","status":"publish","type":"page","link":"https:\/\/ikastikos-kiklos.com\/en\/painters\/apergis-antonis-en\/","title":{"rendered":"Apergis Antonis"},"content":{"rendered":"<div class=\"wpb-content-wrapper\"><p>[vc_row][vc_column][vc_custom_heading text=&#8221;CV&#8221;][\/vc_column][\/vc_row][vc_row][vc_column][vc_column_text]<\/p>\n<header class=\"title-container\">\n<h1>Apergis Antonis<\/h1>\n<\/header>\n<p>Antonis Apergis was born in Athens, in 1939. He <strong>completed his studies at the Athens School of Fine Arts<\/strong> (1957-1962), with \u03a5. Moralis and K. Grammatopoulos and <strong>continued at the \u00c9cole Nationale Sup\u00e9rieure<\/strong> des Beaux-Arts, with professors R. Licata and Berthole, in Paris. <strong>His paintings can be found<\/strong> at the Athens National Gallery, the Bank Of Greece Collection, as well as several publications and private collections in Greece and abroad. <strong>He is a member of the Chamber of Fine Arts of Greece.<\/strong>[\/vc_column_text][vc_empty_space][vc_single_image image=&#8221;5186&#8243; img_size=&#8221;large&#8221; alignment=&#8221;center&#8221;][\/vc_column][\/vc_row]<\/p>\n<\/div>","protected":false},"excerpt":{"rendered":"<p>[vc_row][vc_column][vc_custom_heading text=&#8221;CV&#8221;][\/vc_column][\/vc_row][vc_row][vc_column][vc_column_text] Apergis Antonis Antonis Apergis was born in Athens, in 1939. He completed his &hellip;<\/p>\n","protected":false},"author":3,"featured_media":0,"parent":2905,"menu_order":0,"comment_status":"closed","ping_status":"closed","template":"page-zwgrafoi.php","meta":{"ngg_post_thumbnail":0,"footnotes":""},"class_list":["post-2919","page","type-page","status-publish","hentry"],"yoast_head":"<!-- This site is optimized with the Yoast SEO plugin v27.4 - https:\/\/yoast.com\/product\/yoast-seo-wordpress\/ -->\n<title>Antonis Apergis Profile at Ikastikos Kiklos Sianti Gallery<\/title>\n<meta name=\"description\" content=\"Antonis Apergis Profile at Ikastikos Kiklos Sianti Gallery\" \/>\n<meta name=\"robots\" content=\"index, follow, max-snippet:-1, max-image-preview:large, max-video-preview:-1\" \/>\n<link rel=\"canonical\" href=\"https:\/\/ikastikos-kiklos.com\/en\/painters\/apergis-antonis-en\/\" \/>\n<meta property=\"og:locale\" content=\"en_US\" \/>\n<meta property=\"og:type\" content=\"article\" \/>\n<meta property=\"og:title\" content=\"Antonis Apergis Profile at Ikastikos Kiklos Sianti Gallery\" \/>\n<meta property=\"og:description\" content=\"Antonis Apergis Profile at Ikastikos Kiklos Sianti Gallery\" \/>\n<meta property=\"og:url\" content=\"https:\/\/ikastikos-kiklos.com\/en\/painters\/apergis-antonis-en\/\" \/>\n<meta property=\"og:site_name\" content=\"Ikastikos Kiklos - Zografik\u00ed - Metaxotyp\u00edes - T\u00e9chniPainting - Silk Screen - Art\" \/>\n<meta property=\"article:publisher\" content=\"https:\/\/www.facebook.com\/ikastikoskiklossianti\/\" \/>\n<meta property=\"article:modified_time\" content=\"2020-07-03T18:08:07+00:00\" \/>\n<meta name=\"twitter:card\" content=\"summary_large_image\" \/>\n<meta name=\"twitter:label1\" content=\"Est. reading time\" \/>\n\t<meta name=\"twitter:data1\" content=\"1 minute\" \/>\n<script type=\"application\/ld+json\" class=\"yoast-schema-graph\">{\"@context\":\"https:\\\/\\\/schema.org\",\"@graph\":[{\"@type\":\"WebPage\",\"@id\":\"https:\\\/\\\/ikastikos-kiklos.com\\\/en\\\/painters\\\/apergis-antonis-en\\\/\",\"url\":\"https:\\\/\\\/ikastikos-kiklos.com\\\/en\\\/painters\\\/apergis-antonis-en\\\/\",\"name\":\"Antonis Apergis Profile at Ikastikos Kiklos Sianti Gallery\",\"isPartOf\":{\"@id\":\"https:\\\/\\\/ikastikos-kiklos.com\\\/en\\\/#website\"},\"datePublished\":\"2016-07-11T13:59:48+00:00\",\"dateModified\":\"2020-07-03T18:08:07+00:00\",\"description\":\"Antonis Apergis Profile at Ikastikos Kiklos Sianti Gallery\",\"breadcrumb\":{\"@id\":\"https:\\\/\\\/ikastikos-kiklos.com\\\/en\\\/painters\\\/apergis-antonis-en\\\/#breadcrumb\"},\"inLanguage\":\"en-US\",\"potentialAction\":[{\"@type\":\"ReadAction\",\"target\":[\"https:\\\/\\\/ikastikos-kiklos.com\\\/en\\\/painters\\\/apergis-antonis-en\\\/\"]}]},{\"@type\":\"BreadcrumbList\",\"@id\":\"https:\\\/\\\/ikastikos-kiklos.com\\\/en\\\/painters\\\/apergis-antonis-en\\\/#breadcrumb\",\"itemListElement\":[{\"@type\":\"ListItem\",\"position\":1,\"name\":\"Home\",\"item\":\"https:\\\/\\\/ikastikos-kiklos.com\\\/en\\\/\"},{\"@type\":\"ListItem\",\"position\":2,\"name\":\"Painters\",\"item\":\"https:\\\/\\\/ikastikos-kiklos.com\\\/en\\\/painters\\\/\"},{\"@type\":\"ListItem\",\"position\":3,\"name\":\"Apergis Antonis\"}]},{\"@type\":\"WebSite\",\"@id\":\"https:\\\/\\\/ikastikos-kiklos.com\\\/en\\\/#website\",\"url\":\"https:\\\/\\\/ikastikos-kiklos.com\\\/en\\\/\",\"name\":\"Ikastikos Kiklos - Zografik\u00ed - Metaxotyp\u00edes - T\u00e9chniPainting - Silk Screen - Art\",\"description\":\"\",\"publisher\":{\"@id\":\"https:\\\/\\\/ikastikos-kiklos.com\\\/en\\\/#organization\"},\"potentialAction\":[{\"@type\":\"SearchAction\",\"target\":{\"@type\":\"EntryPoint\",\"urlTemplate\":\"https:\\\/\\\/ikastikos-kiklos.com\\\/en\\\/?s={search_term_string}\"},\"query-input\":{\"@type\":\"PropertyValueSpecification\",\"valueRequired\":true,\"valueName\":\"search_term_string\"}}],\"inLanguage\":\"en-US\"},{\"@type\":\"Organization\",\"@id\":\"https:\\\/\\\/ikastikos-kiklos.com\\\/en\\\/#organization\",\"name\":\"Ikastikos Kiklos - Zografik\u00ed - Metaxotyp\u00edes - T\u00e9chniPainting - Silk Screen - Art\",\"url\":\"https:\\\/\\\/ikastikos-kiklos.com\\\/en\\\/\",\"logo\":{\"@type\":\"ImageObject\",\"inLanguage\":\"en-US\",\"@id\":\"https:\\\/\\\/ikastikos-kiklos.com\\\/en\\\/#\\\/schema\\\/logo\\\/image\\\/\",\"url\":\"https:\\\/\\\/ikastikos-kiklos.com\\\/wp-content\\\/uploads\\\/2022\\\/10\\\/cropped-favicon_ikastikos.png\",\"contentUrl\":\"https:\\\/\\\/ikastikos-kiklos.com\\\/wp-content\\\/uploads\\\/2022\\\/10\\\/cropped-favicon_ikastikos.png\",\"width\":512,\"height\":512,\"caption\":\"Ikastikos Kiklos - Zografik\u00ed - Metaxotyp\u00edes - T\u00e9chniPainting - Silk Screen - Art\"},\"image\":{\"@id\":\"https:\\\/\\\/ikastikos-kiklos.com\\\/en\\\/#\\\/schema\\\/logo\\\/image\\\/\"},\"sameAs\":[\"https:\\\/\\\/www.facebook.com\\\/ikastikoskiklossianti\\\/\"]}]}<\/script>\n<!-- \/ Yoast SEO plugin. -->","yoast_head_json":{"title":"Antonis Apergis Profile at Ikastikos Kiklos Sianti Gallery","description":"Antonis Apergis Profile at Ikastikos Kiklos Sianti Gallery","robots":{"index":"index","follow":"follow","max-snippet":"max-snippet:-1","max-image-preview":"max-image-preview:large","max-video-preview":"max-video-preview:-1"},"canonical":"https:\/\/ikastikos-kiklos.com\/en\/painters\/apergis-antonis-en\/","og_locale":"en_US","og_type":"article","og_title":"Antonis Apergis Profile at Ikastikos Kiklos Sianti Gallery","og_description":"Antonis Apergis Profile at Ikastikos Kiklos Sianti Gallery","og_url":"https:\/\/ikastikos-kiklos.com\/en\/painters\/apergis-antonis-en\/","og_site_name":"Ikastikos Kiklos - Zografik\u00ed - Metaxotyp\u00edes - T\u00e9chniPainting - Silk Screen - Art","article_publisher":"https:\/\/www.facebook.com\/ikastikoskiklossianti\/","article_modified_time":"2020-07-03T18:08:07+00:00","twitter_card":"summary_large_image","twitter_misc":{"Est. reading time":"1 minute"},"schema":{"@context":"https:\/\/schema.org","@graph":[{"@type":"WebPage","@id":"https:\/\/ikastikos-kiklos.com\/en\/painters\/apergis-antonis-en\/","url":"https:\/\/ikastikos-kiklos.com\/en\/painters\/apergis-antonis-en\/","name":"Antonis Apergis Profile at Ikastikos Kiklos Sianti Gallery","isPartOf":{"@id":"https:\/\/ikastikos-kiklos.com\/en\/#website"},"datePublished":"2016-07-11T13:59:48+00:00","dateModified":"2020-07-03T18:08:07+00:00","description":"Antonis Apergis Profile at Ikastikos Kiklos Sianti Gallery","breadcrumb":{"@id":"https:\/\/ikastikos-kiklos.com\/en\/painters\/apergis-antonis-en\/#breadcrumb"},"inLanguage":"en-US","potentialAction":[{"@type":"ReadAction","target":["https:\/\/ikastikos-kiklos.com\/en\/painters\/apergis-antonis-en\/"]}]},{"@type":"BreadcrumbList","@id":"https:\/\/ikastikos-kiklos.com\/en\/painters\/apergis-antonis-en\/#breadcrumb","itemListElement":[{"@type":"ListItem","position":1,"name":"Home","item":"https:\/\/ikastikos-kiklos.com\/en\/"},{"@type":"ListItem","position":2,"name":"Painters","item":"https:\/\/ikastikos-kiklos.com\/en\/painters\/"},{"@type":"ListItem","position":3,"name":"Apergis Antonis"}]},{"@type":"WebSite","@id":"https:\/\/ikastikos-kiklos.com\/en\/#website","url":"https:\/\/ikastikos-kiklos.com\/en\/","name":"Ikastikos Kiklos - Zografik\u00ed - Metaxotyp\u00edes - T\u00e9chniPainting - Silk Screen - Art","description":"","publisher":{"@id":"https:\/\/ikastikos-kiklos.com\/en\/#organization"},"potentialAction":[{"@type":"SearchAction","target":{"@type":"EntryPoint","urlTemplate":"https:\/\/ikastikos-kiklos.com\/en\/?s={search_term_string}"},"query-input":{"@type":"PropertyValueSpecification","valueRequired":true,"valueName":"search_term_string"}}],"inLanguage":"en-US"},{"@type":"Organization","@id":"https:\/\/ikastikos-kiklos.com\/en\/#organization","name":"Ikastikos Kiklos - Zografik\u00ed - Metaxotyp\u00edes - T\u00e9chniPainting - Silk Screen - Art","url":"https:\/\/ikastikos-kiklos.com\/en\/","logo":{"@type":"ImageObject","inLanguage":"en-US","@id":"https:\/\/ikastikos-kiklos.com\/en\/#\/schema\/logo\/image\/","url":"https:\/\/ikastikos-kiklos.com\/wp-content\/uploads\/2022\/10\/cropped-favicon_ikastikos.png","contentUrl":"https:\/\/ikastikos-kiklos.com\/wp-content\/uploads\/2022\/10\/cropped-favicon_ikastikos.png","width":512,"height":512,"caption":"Ikastikos Kiklos - Zografik\u00ed - Metaxotyp\u00edes - T\u00e9chniPainting - Silk Screen - Art"},"image":{"@id":"https:\/\/ikastikos-kiklos.com\/en\/#\/schema\/logo\/image\/"},"sameAs":["https:\/\/www.facebook.com\/ikastikoskiklossianti\/"]}]}},"_links":{"self":[{"href":"https:\/\/ikastikos-kiklos.com\/en\/wp-json\/wp\/v2\/pages\/2919","targetHints":{"allow":["GET"]}}],"collection":[{"href":"https:\/\/ikastikos-kiklos.com\/en\/wp-json\/wp\/v2\/pages"}],"about":[{"href":"https:\/\/ikastikos-kiklos.com\/en\/wp-json\/wp\/v2\/types\/page"}],"author":[{"embeddable":true,"href":"https:\/\/ikastikos-kiklos.com\/en\/wp-json\/wp\/v2\/users\/3"}],"replies":[{"embeddable":true,"href":"https:\/\/ikastikos-kiklos.com\/en\/wp-json\/wp\/v2\/comments?post=2919"}],"version-history":[{"count":0,"href":"https:\/\/ikastikos-kiklos.com\/en\/wp-json\/wp\/v2\/pages\/2919\/revisions"}],"up":[{"embeddable":true,"href":"https:\/\/ikastikos-kiklos.com\/en\/wp-json\/wp\/v2\/pages\/2905"}],"wp:attachment":[{"href":"https:\/\/ikastikos-kiklos.com\/en\/wp-json\/wp\/v2\/media?parent=2919"}],"curies":[{"name":"wp","href":"https:\/\/api.w.org\/{rel}","templated":true}]}}