{"id":2912,"date":"2016-07-11T14:14:37","date_gmt":"2016-07-11T14:14:37","guid":{"rendered":"http:\/\/ikastikos-kiklos.com\/painters\/%cf%83%cf%80%cf%85%cf%81%ce%b9%ce%bf%cf%8d%ce%bd%ce%b7%cf%82-%ce%ba%cf%8e%cf%83%cf%84%ce%b1%cf%82\/?lang=en"},"modified":"2020-07-03T15:51:15","modified_gmt":"2020-07-03T12:51:15","slug":"spyriounis-kostas","status":"publish","type":"page","link":"https:\/\/ikastikos-kiklos.com\/en\/painters\/spyriounis-kostas\/","title":{"rendered":"Spyriounis Kostas"},"content":{"rendered":"<div class=\"wpb-content-wrapper\"><p>[vc_row][vc_column][vc_custom_heading text=&#8221;CV&#8221;][\/vc_column][\/vc_row][vc_row][vc_column][vc_column_text]<\/p>\n<header class=\"title-container\">\n<h1 class=\"title\">Spyriounis Kostas<\/h1>\n<\/header>\n<div class=\"description-container dynamic-content\">\n<div class=\"nm-row nm-row-full \">\n<div class=\"col-sm-12 nm_column\">\n<div class=\"wpb_wrapper\">\n<div class=\"wpb_text_column wpb_content_element \">\n<div class=\"wpb_wrapper\">\n<div class=\"description-container dynamic-content\">\n<p>Born in 1965, he lives in Athens.<br \/>\nHis teachers in painting were Yannis Tsarouchis and Vrasidas Vlachopoulos, in sculpture Natalia Mela and in&nbsp; conservation Tassos Margaritoff.<\/p>\n<p><iframe loading=\"lazy\" src=\"https:\/\/www.youtube.com\/embed\/oFegaESevZw\" width=\"560\" height=\"315\" frameborder=\"0\" allowfullscreen=\"allowfullscreen\"><\/iframe>&nbsp;<\/p>\n<p><strong>One-man Exhibitions<\/strong><\/p>\n<p>1981&nbsp;&nbsp;&nbsp;&nbsp; C.E.S.S. Study Centre<br \/>\n1987&nbsp;&nbsp;&nbsp; \u201cErsi\u201d Art Gallery<br \/>\n1990&nbsp;&nbsp;&nbsp; Athens College<br \/>\n1990&nbsp;&nbsp;&nbsp; War Museum,&nbsp;<em>Athens<\/em><br \/>\n1991&nbsp;&nbsp;&nbsp; \u201cOdos Panos\u201d Bookshop<br \/>\n1993&nbsp;&nbsp;&nbsp; \u201cErsi\u201d Art Gallery<br \/>\n1996&nbsp;&nbsp;&nbsp; \u201cErsi\u201d Art Gallery<br \/>\n1997&nbsp;&nbsp;&nbsp; The Tsitouras Collection,&nbsp;<em>Athens<\/em><br \/>\n1999&nbsp;&nbsp;&nbsp; The Tsitouras Collection,&nbsp;<em>Kifissia<\/em><br \/>\n2001&nbsp;&nbsp;&nbsp; The Tsitouras Collection,&nbsp;<em>Athens<\/em><br \/>\n2002&nbsp;&nbsp;&nbsp; The Tsitouras Collection,&nbsp;<em>Thessaloniki<\/em><br \/>\n2005&nbsp;&nbsp;&nbsp; Nasioutzik Museum,&nbsp;<em>Attica<\/em><br \/>\n2006&nbsp;&nbsp;&nbsp; The Tsitouras Collection,<em>&nbsp;Athens<\/em><br \/>\n2007&nbsp;&nbsp;&nbsp; Embassy of Greece,&nbsp;<em>Washington<\/em><br \/>\n2007&nbsp;&nbsp;&nbsp; Consulate General of Greece,&nbsp;<em>New York<\/em><br \/>\n2010&nbsp;&nbsp;&nbsp; Ikastikos Kiklos,&nbsp;&nbsp;<em>Athens<\/em><br \/>\n2014&nbsp;&nbsp;&nbsp; ART ATHINA<br \/>\n2014&nbsp;&nbsp;&nbsp; Ikastikos Kiklos,&nbsp;&nbsp;<em>Athens<\/em><br \/>\n2015&nbsp;&nbsp;&nbsp; STAMPS by K. I. Spyriounis Municipality of Karystos<\/p>\n<p>2018 Ikastikos Kiklos Sianti&nbsp; <a href=\"https:\/\/ikastikos-kiklos.com\/en\/kostas-spiriounis-at-a-distant-horizon\/\">\u201cAt a Distant Horizon\u201d<\/a><\/p>\n<p><iframe loading=\"lazy\" src=\"https:\/\/www.youtube.com\/embed\/1SB4GyIRz1k\" width=\"560\" height=\"315\" frameborder=\"0\" allowfullscreen=\"allowfullscreen\"><\/iframe>&nbsp;<\/p>\n<p><strong>Group Exhibitions<br \/>\n<\/strong><\/p>\n<p>1982&nbsp;&nbsp;&nbsp; \u201cIliodromio\u201d Bookshop<br \/>\n1984&nbsp;&nbsp;&nbsp; \u201cArt Forum\u201d<br \/>\n1985&nbsp;&nbsp;&nbsp; \u201cFourousi\u201d Art Gallery<br \/>\n1989&nbsp;&nbsp;&nbsp; \u201cErsi\u201d Art Gallery<br \/>\n1989&nbsp;&nbsp;&nbsp; Art Gallery of Tunisia<br \/>\n1991&nbsp;&nbsp;&nbsp; Nafplio Art Gallery<br \/>\n1992&nbsp;&nbsp;&nbsp; \u201cOdos Panos\u201d Bookshop<br \/>\n1995&nbsp;&nbsp;&nbsp; Karystos Cultural Centre<br \/>\n1996&nbsp;&nbsp;&nbsp; \u201cDiana\u201d Art Gallery<br \/>\n1996&nbsp;&nbsp;&nbsp; Cultural Centre of the Municipality of Athens<br \/>\n1996&nbsp;&nbsp;&nbsp; \u201c50th Anniversary of UNESCO\u201d,&nbsp;<em>Kos<\/em><br \/>\n1996&nbsp;&nbsp;&nbsp; \u201cErsi\u201d Art Gallery,&nbsp;<em>Aegina<\/em><br \/>\n1997&nbsp;&nbsp;&nbsp; \u201cErsi\u201d Art Gallery,&nbsp;<em>Aegina<\/em><br \/>\n1997&nbsp;&nbsp;&nbsp; \u201cErsi\u201d Art Gallery,&nbsp;<em>Eretria (in the house of Spyros Vassiliou)<\/em><br \/>\n1997&nbsp;&nbsp;&nbsp; \u201cDiana\u201d Art Gallery,<em>&nbsp;Spetses<\/em><br \/>\n1997&nbsp;&nbsp;&nbsp; GALERIE 4,&nbsp;<em>Halkida<\/em><br \/>\n1999&nbsp;&nbsp;&nbsp; \u201cChrysa\u201d Art Gallery,&nbsp;<em>Katerini (The Tsitouras Collection)<\/em><br \/>\n1999&nbsp;&nbsp;&nbsp; \u201cMetamorfosis\u201d Art Gallery,&nbsp;<em>Thessaloniki (The Tsitouras Collection)<\/em><br \/>\n1999&nbsp;&nbsp;&nbsp; Peloponessian Folklore Museum,&nbsp;<em>Nafplio (The Tsitouras Collection)<\/em><br \/>\n2000&nbsp; &nbsp; Peloponessian Folklore Museum,<em>&nbsp;Nafplio (The Tsitouras Collection)<\/em><br \/>\n2000&nbsp;&nbsp;&nbsp; \u201cPorto Elounda Mare\u201d Gallery,&nbsp;<em>Crete (The Tsitouras Collection)<\/em><br \/>\n2003&nbsp;&nbsp;&nbsp; Cultural Centre of Paleo Faliro<br \/>\n2003&nbsp;&nbsp;&nbsp; Porto Elounda Mare Gallery,&nbsp;<em>Crete (The Tsitouras Collection)<\/em><br \/>\n2005&nbsp;&nbsp;&nbsp; \u201cErsi\u201d Art Gallery,<em>&nbsp;Aegina<\/em><br \/>\n2005&nbsp;&nbsp;&nbsp; Paros City Hall,&nbsp;<em>(Curator: Dora Iliopoulou-Rogan)<\/em><br \/>\n2006&nbsp;&nbsp;&nbsp; \u201cErsi\u201d Art Gallery,<em>&nbsp;Aegina, (Curator: Dora Iliopoulou-Rogan)<\/em><br \/>\n2006&nbsp;&nbsp;&nbsp; \u201c\u0395pipeda\u201d Art Gallery,&nbsp;<em>Paros, (Curator: Dora Iliopoulou-Rogan)<\/em><br \/>\n2006&nbsp;&nbsp;&nbsp;&nbsp;\u201cChrysa\u201d Art Gallery<em>, Katerini (The Tsitouras Collection)<\/em><br \/>\n2008&nbsp;&nbsp;&nbsp; \u201cErsi\u201d Art Gallery,&nbsp;<em>Athens<\/em><br \/>\n2008&nbsp;&nbsp;&nbsp; Karystos Cultural Centre<br \/>\n2008&nbsp;&nbsp;&nbsp; \u201cErsi\u201d Art Gallery,&nbsp;<em>Athens<\/em><br \/>\n2008&nbsp;&nbsp;&nbsp; The Tsitouras Collection,&nbsp;<em>Athens (P. \u0396oumboulakis \u2013 \u039a.\u0399. Spyriounis \u2013 G. Stathopoulos)<\/em><br \/>\n2011&nbsp;&nbsp;&nbsp;&nbsp; \u201c150 Years of the Hellenic Stamp\u201d, Hellenic Post Office,&nbsp;<em>Athens, Zappeio<\/em><br \/>\n2012&nbsp;&nbsp;&nbsp;&nbsp; NASIOUTZIK MUSEUM, Attica<br \/>\n2012&nbsp;&nbsp;&nbsp;&nbsp; Karystos Caltural Center<br \/>\n2013&nbsp;&nbsp;&nbsp;&nbsp; C. Parthenis in Poros, Poros<br \/>\n2013&nbsp;&nbsp;&nbsp;&nbsp; Ikastikos Kiklos, Athens<br \/>\n2014&nbsp;&nbsp;&nbsp;&nbsp; Ikastikos Kiklos, Athens<br \/>\n2015&nbsp;&nbsp;&nbsp;&nbsp; Municipality of Karystos<br \/>\n2015&nbsp;&nbsp;&nbsp;&nbsp; Municipal Theatre of Piraeus. (Curator Manos Stefanidis)<\/p>\n<p><iframe loading=\"lazy\" src=\"https:\/\/www.youtube.com\/embed\/0SoE86L875Y\" width=\"560\" height=\"315\" frameborder=\"0\" allowfullscreen=\"allowfullscreen\"><\/iframe>&nbsp;<\/p>\n<p><strong>1984-1988<\/strong>&nbsp;Spyriounis worked on the aesthetic restoration of wall paintings in the University of Athens, the Iliou Melathron and the Arsakeio (Ministry of Culture)<em>.<\/em><br \/>\n<strong>1988-present<\/strong>&nbsp;Employed at the War Museum as artist in charge.<br \/>\n<strong>1989-2010<\/strong>&nbsp;Taught painting.<br \/>\n<strong>1993<\/strong>&nbsp;Collaborated with the Foundation for Hellenic Culture, for which he created a series of portraits.<br \/>\n<strong>1993<\/strong>&nbsp;Presented a study on the fresco technique at a vocational training seminar (EU Community Fund-Secretariat for Greeks Abroad).<\/p>\n<p>He has illustrated books by: Amalia Megapanou (LIBRO), Haris Megalynos (\u0399\u039a\u0391ROS), Alba Ambert Mc Cann (\u039a\u0391\u039a\u03a4\u039fS), Yorgos Chronas (ODOS PANOS), Olympia Karayiorga (DIAVLOS), Maro Stasinopoulou (ODOS PANOS), Elias Petropoulos (NEFELI), Andreas Rizopoulos, Alkioni Papadaki (KALENTIS), Giannis Souliotis (ODOS PANOS), ATHENS COLLEGE. His works can be found illustrating high school textbooks (Ministry of National Education and Religious Affairs) and sets of cards for SOS Children\u2019s Villages.<\/p>\n<p><strong>1998<\/strong>&nbsp;The Hellenic Equestrian Federation selected a work of his (olive wreath) to be its official emblem for the World Cup of Central Europe (CSIO-W).<br \/>\n<strong>2006<\/strong>&nbsp;Invited by the U.S. State Department to participate in its International Visitor Program.<br \/>\n<strong>2009<\/strong>&nbsp;Painted nine stamps for the Hellenic Post office in the \u201cGreek Actors and Actresses\u201d series. Portraits of Aliki Vouyouklaki, Tzeni Karezi, Elli Lambeti, Dimitris Horn, Alekos Alexandrakis, Manos Katrakis, Thanos Kotsopoulos, Dinos Iliopoulos, Nikos Kourkoulos.<br \/>\n<strong>2010<\/strong>&nbsp;Painted six stamps for the Hellenic Post Office in the series dedicated to \u201cGreek Popular Music\u201d, portraits of Giorgos Zambetas, Stelios Kazantzidis, Vicky Moscholiou, Sotiria Bellou, Grigoris Bithikotsis, Vassilis&nbsp;Tsitsanis.<br \/>\n<strong>2010<\/strong>&nbsp;Designer and art curator of the Maria Callas Museum, (Technopolis \u2013 Municipality of Athens).<br \/>\n<strong>2011<\/strong>&nbsp;Painted six stamps for the Hellenic Post office in the \u201cGreek Actors and Actresses\u201d series. Portraits of Mary Aroni, Thanassis Veggos, Rena Vlachopoulou, Vassilis Diamantopoulos, Orestis Makris, Sapfo Notara.<br \/>\n<strong>2012<\/strong>&nbsp;Sketch the Emblem of the Municipality of Papagos-Cholargos<br \/>\n<strong>2013<\/strong>&nbsp;Set and costumes of the theatrical play \u201cMISS MARGARITA\u201d by Roberto Atainte, Starring Maro Kontou (ZINA THEATRE)<\/p>\n<p>His works can be found in public and private collections in Greece and abroad:<br \/>\n\u2022 NATIONAL ART GALLERY \u2013 ALEXANDROS SOUTZOS MUSEUM<br \/>\n\u2022 MUNICIPAL ART GALLERY<br \/>\n\u2022 GREK PARLEMENT COLLECTION<br \/>\n\u2022 HELLENIC POSTAL AND PHILATELIC MUSEUM<br \/>\n\u2022 WAR MUSEUM ATHENS \u2013 CHANIA<br \/>\n\u2022 MARIA CALLAS MUSEUM<br \/>\n\u2022 JEWISH MUSEUM<br \/>\n\u2022 FLORINA ART GALLERY<br \/>\n\u2022 JOHN S. LATSIS MUSEUM<br \/>\n\u2022 COLLECTION OF THE MUNICIPALITY OF PAPAGOS \u2013 CHOLARGOS<br \/>\n\u2022 P. NOMIKOS FOUNDATION<br \/>\n\u2022 MUSEUM NOBEL<br \/>\n\u2022 GEORGE BUSH (Senior) COLLECTION<br \/>\n\u2022 M. V. VARDINOYIANNIS COLLECTION<br \/>\n\u2022 THE TSITOURAS COLLECTION<\/p>\n<p>Member of the Hellenic Chamber of Visual Arts (Ministry of Culture). Honorary Member of the Rotary Club.<br \/>\nHe has been awarded medals by the University of Athens and the War Museum, and has received the arts and letters Prize of the Ten awarded by the journal Sychroni Skepsi.<\/p>\n<\/div>\n<\/div>\n<\/div>\n<\/div>\n<\/div>\n<\/div>\n<div class=\"nm-row nm-row-full \">\n<div class=\"col-sm-12 nm_column\">\n<div class=\"wpb_wrapper\">&nbsp;<\/div>\n<\/div>\n<\/div>\n<\/div>\n<p>[\/vc_column_text][\/vc_column][\/vc_row]<\/p>\n<\/div>","protected":false},"excerpt":{"rendered":"<p>[vc_row][vc_column][vc_custom_heading text=&#8221;CV&#8221;][\/vc_column][\/vc_row][vc_row][vc_column][vc_column_text] Spyriounis Kostas Born in 1965, he lives in Athens. His teachers in painting &hellip;<\/p>\n","protected":false},"author":3,"featured_media":0,"parent":2905,"menu_order":0,"comment_status":"closed","ping_status":"closed","template":"page-zwgrafoi.php","meta":{"ngg_post_thumbnail":0,"footnotes":""},"class_list":["post-2912","page","type-page","status-publish","hentry"],"yoast_head":"<!-- This site is optimized with the Yoast SEO plugin v27.2 - https:\/\/yoast.com\/product\/yoast-seo-wordpress\/ -->\n<title>Spyriounis Kostas Profile on Ikastikos Kiklos Sianti Gallery.<\/title>\n<meta name=\"description\" content=\"Spyriounis Kostas Profile on Ikastikos Kiklos Sianti Gallery. Find paintings and silkscreens for sale at great prices.\" \/>\n<meta name=\"robots\" content=\"index, follow, max-snippet:-1, max-image-preview:large, max-video-preview:-1\" \/>\n<link rel=\"canonical\" href=\"https:\/\/ikastikos-kiklos.com\/en\/painters\/spyriounis-kostas\/\" \/>\n<meta property=\"og:locale\" content=\"en_US\" \/>\n<meta property=\"og:type\" content=\"article\" \/>\n<meta property=\"og:title\" content=\"Spyriounis Kostas Profile on Ikastikos Kiklos Sianti Gallery.\" \/>\n<meta property=\"og:description\" content=\"Spyriounis Kostas Profile on Ikastikos Kiklos Sianti Gallery. Find paintings and silkscreens for sale at great prices.\" \/>\n<meta property=\"og:url\" content=\"https:\/\/ikastikos-kiklos.com\/en\/painters\/spyriounis-kostas\/\" \/>\n<meta property=\"og:site_name\" content=\"Ikastikos Kiklos - Zografik\u00ed - Metaxotyp\u00edes - T\u00e9chniPainting - Silk Screen - Art\" \/>\n<meta property=\"article:publisher\" content=\"https:\/\/www.facebook.com\/ikastikoskiklossianti\/\" \/>\n<meta property=\"article:modified_time\" content=\"2020-07-03T12:51:15+00:00\" \/>\n<meta name=\"twitter:card\" content=\"summary_large_image\" \/>\n<meta name=\"twitter:label1\" content=\"Est. reading time\" \/>\n\t<meta name=\"twitter:data1\" content=\"5 minutes\" \/>\n<script type=\"application\/ld+json\" class=\"yoast-schema-graph\">{\"@context\":\"https:\/\/schema.org\",\"@graph\":[{\"@type\":\"WebPage\",\"@id\":\"https:\/\/ikastikos-kiklos.com\/en\/painters\/spyriounis-kostas\/\",\"url\":\"https:\/\/ikastikos-kiklos.com\/en\/painters\/spyriounis-kostas\/\",\"name\":\"Spyriounis Kostas Profile on Ikastikos Kiklos Sianti Gallery.\",\"isPartOf\":{\"@id\":\"https:\/\/ikastikos-kiklos.com\/en\/#website\"},\"datePublished\":\"2016-07-11T14:14:37+00:00\",\"dateModified\":\"2020-07-03T12:51:15+00:00\",\"description\":\"Spyriounis Kostas Profile on Ikastikos Kiklos Sianti Gallery. Find paintings and silkscreens for sale at great prices.\",\"breadcrumb\":{\"@id\":\"https:\/\/ikastikos-kiklos.com\/en\/painters\/spyriounis-kostas\/#breadcrumb\"},\"inLanguage\":\"en-US\",\"potentialAction\":[{\"@type\":\"ReadAction\",\"target\":[\"https:\/\/ikastikos-kiklos.com\/en\/painters\/spyriounis-kostas\/\"]}]},{\"@type\":\"BreadcrumbList\",\"@id\":\"https:\/\/ikastikos-kiklos.com\/en\/painters\/spyriounis-kostas\/#breadcrumb\",\"itemListElement\":[{\"@type\":\"ListItem\",\"position\":1,\"name\":\"Home\",\"item\":\"https:\/\/ikastikos-kiklos.com\/en\/\"},{\"@type\":\"ListItem\",\"position\":2,\"name\":\"Painters\",\"item\":\"https:\/\/ikastikos-kiklos.com\/en\/painters\/\"},{\"@type\":\"ListItem\",\"position\":3,\"name\":\"Spyriounis Kostas\"}]},{\"@type\":\"WebSite\",\"@id\":\"https:\/\/ikastikos-kiklos.com\/en\/#website\",\"url\":\"https:\/\/ikastikos-kiklos.com\/en\/\",\"name\":\"Ikastikos Kiklos - Zografik\u00ed - Metaxotyp\u00edes - T\u00e9chniPainting - Silk Screen - Art\",\"description\":\"\",\"publisher\":{\"@id\":\"https:\/\/ikastikos-kiklos.com\/en\/#organization\"},\"potentialAction\":[{\"@type\":\"SearchAction\",\"target\":{\"@type\":\"EntryPoint\",\"urlTemplate\":\"https:\/\/ikastikos-kiklos.com\/en\/?s={search_term_string}\"},\"query-input\":{\"@type\":\"PropertyValueSpecification\",\"valueRequired\":true,\"valueName\":\"search_term_string\"}}],\"inLanguage\":\"en-US\"},{\"@type\":\"Organization\",\"@id\":\"https:\/\/ikastikos-kiklos.com\/en\/#organization\",\"name\":\"Ikastikos Kiklos - Zografik\u00ed - Metaxotyp\u00edes - T\u00e9chniPainting - Silk Screen - Art\",\"url\":\"https:\/\/ikastikos-kiklos.com\/en\/\",\"logo\":{\"@type\":\"ImageObject\",\"inLanguage\":\"en-US\",\"@id\":\"https:\/\/ikastikos-kiklos.com\/en\/#\/schema\/logo\/image\/\",\"url\":\"https:\/\/ikastikos-kiklos.com\/wp-content\/uploads\/2022\/10\/cropped-favicon_ikastikos.png\",\"contentUrl\":\"https:\/\/ikastikos-kiklos.com\/wp-content\/uploads\/2022\/10\/cropped-favicon_ikastikos.png\",\"width\":512,\"height\":512,\"caption\":\"Ikastikos Kiklos - Zografik\u00ed - Metaxotyp\u00edes - T\u00e9chniPainting - Silk Screen - Art\"},\"image\":{\"@id\":\"https:\/\/ikastikos-kiklos.com\/en\/#\/schema\/logo\/image\/\"},\"sameAs\":[\"https:\/\/www.facebook.com\/ikastikoskiklossianti\/\"]}]}<\/script>\n<!-- \/ Yoast SEO plugin. -->","yoast_head_json":{"title":"Spyriounis Kostas Profile on Ikastikos Kiklos Sianti Gallery.","description":"Spyriounis Kostas Profile on Ikastikos Kiklos Sianti Gallery. Find paintings and silkscreens for sale at great prices.","robots":{"index":"index","follow":"follow","max-snippet":"max-snippet:-1","max-image-preview":"max-image-preview:large","max-video-preview":"max-video-preview:-1"},"canonical":"https:\/\/ikastikos-kiklos.com\/en\/painters\/spyriounis-kostas\/","og_locale":"en_US","og_type":"article","og_title":"Spyriounis Kostas Profile on Ikastikos Kiklos Sianti Gallery.","og_description":"Spyriounis Kostas Profile on Ikastikos Kiklos Sianti Gallery. Find paintings and silkscreens for sale at great prices.","og_url":"https:\/\/ikastikos-kiklos.com\/en\/painters\/spyriounis-kostas\/","og_site_name":"Ikastikos Kiklos - Zografik\u00ed - Metaxotyp\u00edes - T\u00e9chniPainting - Silk Screen - Art","article_publisher":"https:\/\/www.facebook.com\/ikastikoskiklossianti\/","article_modified_time":"2020-07-03T12:51:15+00:00","twitter_card":"summary_large_image","twitter_misc":{"Est. reading time":"5 minutes"},"schema":{"@context":"https:\/\/schema.org","@graph":[{"@type":"WebPage","@id":"https:\/\/ikastikos-kiklos.com\/en\/painters\/spyriounis-kostas\/","url":"https:\/\/ikastikos-kiklos.com\/en\/painters\/spyriounis-kostas\/","name":"Spyriounis Kostas Profile on Ikastikos Kiklos Sianti Gallery.","isPartOf":{"@id":"https:\/\/ikastikos-kiklos.com\/en\/#website"},"datePublished":"2016-07-11T14:14:37+00:00","dateModified":"2020-07-03T12:51:15+00:00","description":"Spyriounis Kostas Profile on Ikastikos Kiklos Sianti Gallery. Find paintings and silkscreens for sale at great prices.","breadcrumb":{"@id":"https:\/\/ikastikos-kiklos.com\/en\/painters\/spyriounis-kostas\/#breadcrumb"},"inLanguage":"en-US","potentialAction":[{"@type":"ReadAction","target":["https:\/\/ikastikos-kiklos.com\/en\/painters\/spyriounis-kostas\/"]}]},{"@type":"BreadcrumbList","@id":"https:\/\/ikastikos-kiklos.com\/en\/painters\/spyriounis-kostas\/#breadcrumb","itemListElement":[{"@type":"ListItem","position":1,"name":"Home","item":"https:\/\/ikastikos-kiklos.com\/en\/"},{"@type":"ListItem","position":2,"name":"Painters","item":"https:\/\/ikastikos-kiklos.com\/en\/painters\/"},{"@type":"ListItem","position":3,"name":"Spyriounis Kostas"}]},{"@type":"WebSite","@id":"https:\/\/ikastikos-kiklos.com\/en\/#website","url":"https:\/\/ikastikos-kiklos.com\/en\/","name":"Ikastikos Kiklos - Zografik\u00ed - Metaxotyp\u00edes - T\u00e9chniPainting - Silk Screen - Art","description":"","publisher":{"@id":"https:\/\/ikastikos-kiklos.com\/en\/#organization"},"potentialAction":[{"@type":"SearchAction","target":{"@type":"EntryPoint","urlTemplate":"https:\/\/ikastikos-kiklos.com\/en\/?s={search_term_string}"},"query-input":{"@type":"PropertyValueSpecification","valueRequired":true,"valueName":"search_term_string"}}],"inLanguage":"en-US"},{"@type":"Organization","@id":"https:\/\/ikastikos-kiklos.com\/en\/#organization","name":"Ikastikos Kiklos - Zografik\u00ed - Metaxotyp\u00edes - T\u00e9chniPainting - Silk Screen - Art","url":"https:\/\/ikastikos-kiklos.com\/en\/","logo":{"@type":"ImageObject","inLanguage":"en-US","@id":"https:\/\/ikastikos-kiklos.com\/en\/#\/schema\/logo\/image\/","url":"https:\/\/ikastikos-kiklos.com\/wp-content\/uploads\/2022\/10\/cropped-favicon_ikastikos.png","contentUrl":"https:\/\/ikastikos-kiklos.com\/wp-content\/uploads\/2022\/10\/cropped-favicon_ikastikos.png","width":512,"height":512,"caption":"Ikastikos Kiklos - Zografik\u00ed - Metaxotyp\u00edes - T\u00e9chniPainting - Silk Screen - Art"},"image":{"@id":"https:\/\/ikastikos-kiklos.com\/en\/#\/schema\/logo\/image\/"},"sameAs":["https:\/\/www.facebook.com\/ikastikoskiklossianti\/"]}]}},"_links":{"self":[{"href":"https:\/\/ikastikos-kiklos.com\/en\/wp-json\/wp\/v2\/pages\/2912","targetHints":{"allow":["GET"]}}],"collection":[{"href":"https:\/\/ikastikos-kiklos.com\/en\/wp-json\/wp\/v2\/pages"}],"about":[{"href":"https:\/\/ikastikos-kiklos.com\/en\/wp-json\/wp\/v2\/types\/page"}],"author":[{"embeddable":true,"href":"https:\/\/ikastikos-kiklos.com\/en\/wp-json\/wp\/v2\/users\/3"}],"replies":[{"embeddable":true,"href":"https:\/\/ikastikos-kiklos.com\/en\/wp-json\/wp\/v2\/comments?post=2912"}],"version-history":[{"count":0,"href":"https:\/\/ikastikos-kiklos.com\/en\/wp-json\/wp\/v2\/pages\/2912\/revisions"}],"up":[{"embeddable":true,"href":"https:\/\/ikastikos-kiklos.com\/en\/wp-json\/wp\/v2\/pages\/2905"}],"wp:attachment":[{"href":"https:\/\/ikastikos-kiklos.com\/en\/wp-json\/wp\/v2\/media?parent=2912"}],"curies":[{"name":"wp","href":"https:\/\/api.w.org\/{rel}","templated":true}]}}