{"id":2910,"date":"2016-07-11T14:15:05","date_gmt":"2016-07-11T14:15:05","guid":{"rendered":"http:\/\/ikastikos-kiklos.com\/painters\/%cf%83%cf%84%ce%b1%ce%b8%cf%8c%cf%80%ce%bf%cf%85%ce%bb%ce%bf%cf%82-%ce%b3%ce%b9%cf%8e%cf%81%ce%b3%ce%bf%cf%82\/?lang=en"},"modified":"2020-07-03T15:41:56","modified_gmt":"2020-07-03T12:41:56","slug":"stathopoulos-giorgos","status":"publish","type":"page","link":"https:\/\/ikastikos-kiklos.com\/en\/painters\/stathopoulos-giorgos\/","title":{"rendered":"Stathopoulos Giorgos"},"content":{"rendered":"<div class=\"wpb-content-wrapper\"><p>[vc_row][vc_column][vc_custom_heading text=&#8221;CV&#8221;][\/vc_column][\/vc_row][vc_row][vc_column][vc_column_text]<\/p>\n<header class=\"title-container\">\n<h1 class=\"title\">Giorgos Stathopoulos<\/h1>\n<\/header>\n<div class=\"description-container dynamic-content\">\n<p>Giorgos Stathopoulos was born in 1944, in a village called Kalithea, in Agrinio. He <strong>studied at the Athens School of Fine Arts<\/strong>, with professors Yiannis Moralis, N. Nickolaou, Y. Pappas and D. Kalamaras (1966-1971). He <strong>has been presented in many group and personal exhibitions, in Greece and abroad<\/strong>. He has <strong>painted many book and record covers and has designed many posters and stage settings<\/strong>. His work has <strong>clear references to the Greek spirit and combines surrealism with expressionism, with characteristic simplicity<\/strong>. He lives and works in Athens.<\/p>\n<p><img loading=\"lazy\" decoding=\"async\" class=\"aligncenter size-large wp-image-26758\" src=\"https:\/\/ikastikos-kiklos.com\/wp-content\/uploads\/2020\/07\/9837012b33d357f1318918c75428bad1_XL-1024x677.jpg\" alt=\"\" width=\"1024\" height=\"677\" srcset=\"https:\/\/ikastikos-kiklos.com\/wp-content\/uploads\/2020\/07\/9837012b33d357f1318918c75428bad1_XL-1024x677.jpg 1024w, https:\/\/ikastikos-kiklos.com\/wp-content\/uploads\/2020\/07\/9837012b33d357f1318918c75428bad1_XL-300x198.jpg 300w, https:\/\/ikastikos-kiklos.com\/wp-content\/uploads\/2020\/07\/9837012b33d357f1318918c75428bad1_XL-768x508.jpg 768w, https:\/\/ikastikos-kiklos.com\/wp-content\/uploads\/2020\/07\/9837012b33d357f1318918c75428bad1_XL-680x449.jpg 680w, https:\/\/ikastikos-kiklos.com\/wp-content\/uploads\/2020\/07\/9837012b33d357f1318918c75428bad1_XL-700x463.jpg 700w, https:\/\/ikastikos-kiklos.com\/wp-content\/uploads\/2020\/07\/9837012b33d357f1318918c75428bad1_XL-220x145.jpg 220w, https:\/\/ikastikos-kiklos.com\/wp-content\/uploads\/2020\/07\/9837012b33d357f1318918c75428bad1_XL-140x93.jpg 140w, https:\/\/ikastikos-kiklos.com\/wp-content\/uploads\/2020\/07\/9837012b33d357f1318918c75428bad1_XL-940x621.jpg 940w, https:\/\/ikastikos-kiklos.com\/wp-content\/uploads\/2020\/07\/9837012b33d357f1318918c75428bad1_XL-350x231.jpg 350w, https:\/\/ikastikos-kiklos.com\/wp-content\/uploads\/2020\/07\/9837012b33d357f1318918c75428bad1_XL-595x393.jpg 595w, https:\/\/ikastikos-kiklos.com\/wp-content\/uploads\/2020\/07\/9837012b33d357f1318918c75428bad1_XL.jpg 1100w\" sizes=\"auto, (max-width: 1024px) 100vw, 1024px\" \/><\/p>\n<\/div>\n<p>[\/vc_column_text][\/vc_column][\/vc_row]<\/p>\n<\/div>","protected":false},"excerpt":{"rendered":"<p>[vc_row][vc_column][vc_custom_heading text=&#8221;CV&#8221;][\/vc_column][\/vc_row][vc_row][vc_column][vc_column_text] Giorgos Stathopoulos Giorgos Stathopoulos was born in 1944, in a village called Kalithea, &hellip;<\/p>\n","protected":false},"author":3,"featured_media":0,"parent":2905,"menu_order":0,"comment_status":"closed","ping_status":"closed","template":"page-zwgrafoi.php","meta":{"ngg_post_thumbnail":0,"footnotes":""},"class_list":["post-2910","page","type-page","status-publish","hentry"],"yoast_head":"<!-- This site is optimized with the Yoast SEO plugin v27.2 - https:\/\/yoast.com\/product\/yoast-seo-wordpress\/ -->\n<title>View Giorgos Stathopoulos Profile on Ikastikos Kiklos Sianti Gallery.<\/title>\n<meta name=\"description\" content=\"View Giorgos Stathopoulos Profile on Ikastikos Kiklos Sianti Gallery. Find paintings, silkscreens and art objects for sale at great prices.\" \/>\n<meta name=\"robots\" content=\"index, follow, max-snippet:-1, max-image-preview:large, max-video-preview:-1\" \/>\n<link rel=\"canonical\" href=\"https:\/\/ikastikos-kiklos.com\/en\/painters\/stathopoulos-giorgos\/\" \/>\n<meta property=\"og:locale\" content=\"en_US\" \/>\n<meta property=\"og:type\" content=\"article\" \/>\n<meta property=\"og:title\" content=\"View Giorgos Stathopoulos Profile on Ikastikos Kiklos Sianti Gallery.\" \/>\n<meta property=\"og:description\" content=\"View Giorgos Stathopoulos Profile on Ikastikos Kiklos Sianti Gallery. Find paintings, silkscreens and art objects for sale at great prices.\" \/>\n<meta property=\"og:url\" content=\"https:\/\/ikastikos-kiklos.com\/en\/painters\/stathopoulos-giorgos\/\" \/>\n<meta property=\"og:site_name\" content=\"Ikastikos Kiklos - Zografik\u00ed - Metaxotyp\u00edes - T\u00e9chniPainting - Silk Screen - Art\" \/>\n<meta property=\"article:publisher\" content=\"https:\/\/www.facebook.com\/ikastikoskiklossianti\/\" \/>\n<meta property=\"article:modified_time\" content=\"2020-07-03T12:41:56+00:00\" \/>\n<meta property=\"og:image\" content=\"https:\/\/ikastikos-kiklos.com\/wp-content\/uploads\/2020\/07\/9837012b33d357f1318918c75428bad1_XL-1024x677.jpg\" \/>\n<meta name=\"twitter:card\" content=\"summary_large_image\" \/>\n<meta name=\"twitter:label1\" content=\"Est. reading time\" \/>\n\t<meta name=\"twitter:data1\" content=\"1 minute\" \/>\n<script type=\"application\/ld+json\" class=\"yoast-schema-graph\">{\"@context\":\"https:\/\/schema.org\",\"@graph\":[{\"@type\":\"WebPage\",\"@id\":\"https:\/\/ikastikos-kiklos.com\/en\/painters\/stathopoulos-giorgos\/\",\"url\":\"https:\/\/ikastikos-kiklos.com\/en\/painters\/stathopoulos-giorgos\/\",\"name\":\"View Giorgos Stathopoulos Profile on Ikastikos Kiklos Sianti Gallery.\",\"isPartOf\":{\"@id\":\"https:\/\/ikastikos-kiklos.com\/en\/#website\"},\"primaryImageOfPage\":{\"@id\":\"https:\/\/ikastikos-kiklos.com\/en\/painters\/stathopoulos-giorgos\/#primaryimage\"},\"image\":{\"@id\":\"https:\/\/ikastikos-kiklos.com\/en\/painters\/stathopoulos-giorgos\/#primaryimage\"},\"thumbnailUrl\":\"https:\/\/ikastikos-kiklos.com\/wp-content\/uploads\/2020\/07\/9837012b33d357f1318918c75428bad1_XL-1024x677.jpg\",\"datePublished\":\"2016-07-11T14:15:05+00:00\",\"dateModified\":\"2020-07-03T12:41:56+00:00\",\"description\":\"View Giorgos Stathopoulos Profile on Ikastikos Kiklos Sianti Gallery. Find paintings, silkscreens and art objects for sale at great prices.\",\"breadcrumb\":{\"@id\":\"https:\/\/ikastikos-kiklos.com\/en\/painters\/stathopoulos-giorgos\/#breadcrumb\"},\"inLanguage\":\"en-US\",\"potentialAction\":[{\"@type\":\"ReadAction\",\"target\":[\"https:\/\/ikastikos-kiklos.com\/en\/painters\/stathopoulos-giorgos\/\"]}]},{\"@type\":\"ImageObject\",\"inLanguage\":\"en-US\",\"@id\":\"https:\/\/ikastikos-kiklos.com\/en\/painters\/stathopoulos-giorgos\/#primaryimage\",\"url\":\"https:\/\/ikastikos-kiklos.com\/wp-content\/uploads\/2020\/07\/9837012b33d357f1318918c75428bad1_XL-1024x677.jpg\",\"contentUrl\":\"https:\/\/ikastikos-kiklos.com\/wp-content\/uploads\/2020\/07\/9837012b33d357f1318918c75428bad1_XL-1024x677.jpg\"},{\"@type\":\"BreadcrumbList\",\"@id\":\"https:\/\/ikastikos-kiklos.com\/en\/painters\/stathopoulos-giorgos\/#breadcrumb\",\"itemListElement\":[{\"@type\":\"ListItem\",\"position\":1,\"name\":\"Home\",\"item\":\"https:\/\/ikastikos-kiklos.com\/en\/\"},{\"@type\":\"ListItem\",\"position\":2,\"name\":\"Painters\",\"item\":\"https:\/\/ikastikos-kiklos.com\/en\/painters\/\"},{\"@type\":\"ListItem\",\"position\":3,\"name\":\"Stathopoulos Giorgos\"}]},{\"@type\":\"WebSite\",\"@id\":\"https:\/\/ikastikos-kiklos.com\/en\/#website\",\"url\":\"https:\/\/ikastikos-kiklos.com\/en\/\",\"name\":\"Ikastikos Kiklos - Zografik\u00ed - Metaxotyp\u00edes - T\u00e9chniPainting - Silk Screen - Art\",\"description\":\"\",\"publisher\":{\"@id\":\"https:\/\/ikastikos-kiklos.com\/en\/#organization\"},\"potentialAction\":[{\"@type\":\"SearchAction\",\"target\":{\"@type\":\"EntryPoint\",\"urlTemplate\":\"https:\/\/ikastikos-kiklos.com\/en\/?s={search_term_string}\"},\"query-input\":{\"@type\":\"PropertyValueSpecification\",\"valueRequired\":true,\"valueName\":\"search_term_string\"}}],\"inLanguage\":\"en-US\"},{\"@type\":\"Organization\",\"@id\":\"https:\/\/ikastikos-kiklos.com\/en\/#organization\",\"name\":\"Ikastikos Kiklos - Zografik\u00ed - Metaxotyp\u00edes - T\u00e9chniPainting - Silk Screen - Art\",\"url\":\"https:\/\/ikastikos-kiklos.com\/en\/\",\"logo\":{\"@type\":\"ImageObject\",\"inLanguage\":\"en-US\",\"@id\":\"https:\/\/ikastikos-kiklos.com\/en\/#\/schema\/logo\/image\/\",\"url\":\"https:\/\/ikastikos-kiklos.com\/wp-content\/uploads\/2022\/10\/cropped-favicon_ikastikos.png\",\"contentUrl\":\"https:\/\/ikastikos-kiklos.com\/wp-content\/uploads\/2022\/10\/cropped-favicon_ikastikos.png\",\"width\":512,\"height\":512,\"caption\":\"Ikastikos Kiklos - Zografik\u00ed - Metaxotyp\u00edes - T\u00e9chniPainting - Silk Screen - Art\"},\"image\":{\"@id\":\"https:\/\/ikastikos-kiklos.com\/en\/#\/schema\/logo\/image\/\"},\"sameAs\":[\"https:\/\/www.facebook.com\/ikastikoskiklossianti\/\"]}]}<\/script>\n<!-- \/ Yoast SEO plugin. -->","yoast_head_json":{"title":"View Giorgos Stathopoulos Profile on Ikastikos Kiklos Sianti Gallery.","description":"View Giorgos Stathopoulos Profile on Ikastikos Kiklos Sianti Gallery. Find paintings, silkscreens and art objects for sale at great prices.","robots":{"index":"index","follow":"follow","max-snippet":"max-snippet:-1","max-image-preview":"max-image-preview:large","max-video-preview":"max-video-preview:-1"},"canonical":"https:\/\/ikastikos-kiklos.com\/en\/painters\/stathopoulos-giorgos\/","og_locale":"en_US","og_type":"article","og_title":"View Giorgos Stathopoulos Profile on Ikastikos Kiklos Sianti Gallery.","og_description":"View Giorgos Stathopoulos Profile on Ikastikos Kiklos Sianti Gallery. Find paintings, silkscreens and art objects for sale at great prices.","og_url":"https:\/\/ikastikos-kiklos.com\/en\/painters\/stathopoulos-giorgos\/","og_site_name":"Ikastikos Kiklos - Zografik\u00ed - Metaxotyp\u00edes - T\u00e9chniPainting - Silk Screen - Art","article_publisher":"https:\/\/www.facebook.com\/ikastikoskiklossianti\/","article_modified_time":"2020-07-03T12:41:56+00:00","og_image":[{"url":"https:\/\/ikastikos-kiklos.com\/wp-content\/uploads\/2020\/07\/9837012b33d357f1318918c75428bad1_XL-1024x677.jpg","type":"","width":"","height":""}],"twitter_card":"summary_large_image","twitter_misc":{"Est. reading time":"1 minute"},"schema":{"@context":"https:\/\/schema.org","@graph":[{"@type":"WebPage","@id":"https:\/\/ikastikos-kiklos.com\/en\/painters\/stathopoulos-giorgos\/","url":"https:\/\/ikastikos-kiklos.com\/en\/painters\/stathopoulos-giorgos\/","name":"View Giorgos Stathopoulos Profile on Ikastikos Kiklos Sianti Gallery.","isPartOf":{"@id":"https:\/\/ikastikos-kiklos.com\/en\/#website"},"primaryImageOfPage":{"@id":"https:\/\/ikastikos-kiklos.com\/en\/painters\/stathopoulos-giorgos\/#primaryimage"},"image":{"@id":"https:\/\/ikastikos-kiklos.com\/en\/painters\/stathopoulos-giorgos\/#primaryimage"},"thumbnailUrl":"https:\/\/ikastikos-kiklos.com\/wp-content\/uploads\/2020\/07\/9837012b33d357f1318918c75428bad1_XL-1024x677.jpg","datePublished":"2016-07-11T14:15:05+00:00","dateModified":"2020-07-03T12:41:56+00:00","description":"View Giorgos Stathopoulos Profile on Ikastikos Kiklos Sianti Gallery. Find paintings, silkscreens and art objects for sale at great prices.","breadcrumb":{"@id":"https:\/\/ikastikos-kiklos.com\/en\/painters\/stathopoulos-giorgos\/#breadcrumb"},"inLanguage":"en-US","potentialAction":[{"@type":"ReadAction","target":["https:\/\/ikastikos-kiklos.com\/en\/painters\/stathopoulos-giorgos\/"]}]},{"@type":"ImageObject","inLanguage":"en-US","@id":"https:\/\/ikastikos-kiklos.com\/en\/painters\/stathopoulos-giorgos\/#primaryimage","url":"https:\/\/ikastikos-kiklos.com\/wp-content\/uploads\/2020\/07\/9837012b33d357f1318918c75428bad1_XL-1024x677.jpg","contentUrl":"https:\/\/ikastikos-kiklos.com\/wp-content\/uploads\/2020\/07\/9837012b33d357f1318918c75428bad1_XL-1024x677.jpg"},{"@type":"BreadcrumbList","@id":"https:\/\/ikastikos-kiklos.com\/en\/painters\/stathopoulos-giorgos\/#breadcrumb","itemListElement":[{"@type":"ListItem","position":1,"name":"Home","item":"https:\/\/ikastikos-kiklos.com\/en\/"},{"@type":"ListItem","position":2,"name":"Painters","item":"https:\/\/ikastikos-kiklos.com\/en\/painters\/"},{"@type":"ListItem","position":3,"name":"Stathopoulos Giorgos"}]},{"@type":"WebSite","@id":"https:\/\/ikastikos-kiklos.com\/en\/#website","url":"https:\/\/ikastikos-kiklos.com\/en\/","name":"Ikastikos Kiklos - Zografik\u00ed - Metaxotyp\u00edes - T\u00e9chniPainting - Silk Screen - Art","description":"","publisher":{"@id":"https:\/\/ikastikos-kiklos.com\/en\/#organization"},"potentialAction":[{"@type":"SearchAction","target":{"@type":"EntryPoint","urlTemplate":"https:\/\/ikastikos-kiklos.com\/en\/?s={search_term_string}"},"query-input":{"@type":"PropertyValueSpecification","valueRequired":true,"valueName":"search_term_string"}}],"inLanguage":"en-US"},{"@type":"Organization","@id":"https:\/\/ikastikos-kiklos.com\/en\/#organization","name":"Ikastikos Kiklos - Zografik\u00ed - Metaxotyp\u00edes - T\u00e9chniPainting - Silk Screen - Art","url":"https:\/\/ikastikos-kiklos.com\/en\/","logo":{"@type":"ImageObject","inLanguage":"en-US","@id":"https:\/\/ikastikos-kiklos.com\/en\/#\/schema\/logo\/image\/","url":"https:\/\/ikastikos-kiklos.com\/wp-content\/uploads\/2022\/10\/cropped-favicon_ikastikos.png","contentUrl":"https:\/\/ikastikos-kiklos.com\/wp-content\/uploads\/2022\/10\/cropped-favicon_ikastikos.png","width":512,"height":512,"caption":"Ikastikos Kiklos - Zografik\u00ed - Metaxotyp\u00edes - T\u00e9chniPainting - Silk Screen - Art"},"image":{"@id":"https:\/\/ikastikos-kiklos.com\/en\/#\/schema\/logo\/image\/"},"sameAs":["https:\/\/www.facebook.com\/ikastikoskiklossianti\/"]}]}},"_links":{"self":[{"href":"https:\/\/ikastikos-kiklos.com\/en\/wp-json\/wp\/v2\/pages\/2910","targetHints":{"allow":["GET"]}}],"collection":[{"href":"https:\/\/ikastikos-kiklos.com\/en\/wp-json\/wp\/v2\/pages"}],"about":[{"href":"https:\/\/ikastikos-kiklos.com\/en\/wp-json\/wp\/v2\/types\/page"}],"author":[{"embeddable":true,"href":"https:\/\/ikastikos-kiklos.com\/en\/wp-json\/wp\/v2\/users\/3"}],"replies":[{"embeddable":true,"href":"https:\/\/ikastikos-kiklos.com\/en\/wp-json\/wp\/v2\/comments?post=2910"}],"version-history":[{"count":0,"href":"https:\/\/ikastikos-kiklos.com\/en\/wp-json\/wp\/v2\/pages\/2910\/revisions"}],"up":[{"embeddable":true,"href":"https:\/\/ikastikos-kiklos.com\/en\/wp-json\/wp\/v2\/pages\/2905"}],"wp:attachment":[{"href":"https:\/\/ikastikos-kiklos.com\/en\/wp-json\/wp\/v2\/media?parent=2910"}],"curies":[{"name":"wp","href":"https:\/\/api.w.org\/{rel}","templated":true}]}}