{"id":2909,"date":"2016-07-11T14:15:31","date_gmt":"2016-07-11T14:15:31","guid":{"rendered":"http:\/\/ikastikos-kiklos.com\/painters\/%cf%84%ce%ad%cf%84%cf%83%ce%b7%cf%82-%cf%80%ce%b1%ce%bd%ce%b1%ce%b3%ce%b9%cf%8e%cf%84%ce%b7%cf%82\/?lang=en"},"modified":"2020-07-03T15:37:51","modified_gmt":"2020-07-03T12:37:51","slug":"tetsis-panagiotis","status":"publish","type":"page","link":"https:\/\/ikastikos-kiklos.com\/en\/painters\/tetsis-panagiotis\/","title":{"rendered":"Tetsis Panagiotis"},"content":{"rendered":"<h1 class=\"title\">Tetsis Panagiotis (1925-2016)<\/h1>\n<div class=\"description-container dynamic-content\">He was born in 1925, in Hydra. He settled with his family in Piraeus in 1937, but every summer he returned to Hydra, where he began to paint. In Hydra, he also met Hadjikyriakos-Ghikas and Pikionis, whom he considers his indirect teachers.&nbsp;<br \/>\nIn 1940, Klaus Frieslander <strong>gives him his first painting lessons and then continues his studies at the Athens School of Fine Arts<\/strong> (1943-1949). <strong>A year before graduating, he presents his first solo exhibition<\/strong>, (<span class=\"iset_italics\">Romvos<\/span>&nbsp;gallery, 1948). In 1951 he begins to teach as assistant at the Freehand Drawing School of the National Technical University Athens, with N. Hadjikyriakos-Ghikas as head professor.&nbsp;<br \/>\n<strong>He continues his studies in Paris<\/strong> (1953-1956) on a greek state scholarship (I.K.Y.) where, among other courses, he attends engraving with Ed. Goerg <strong>at the Ecole des Beaux Arts<\/strong>. When he returns to Greece, he settles in Athens, where he works until today, sharing his leisure time between Sifnos and Hydra.&nbsp;<br \/>\nThe painting topics with which he worked in Paris (<span class=\"iset_italics\">Slaughtered Animals, Laundress, Football<\/span>, etc.) were presented in Athens (<span class=\"iset_italics\">Zygos<\/span>&nbsp;gallery, 1958), with an exhibition\/turning point in his career. I<strong>t was evident from the outset that his painting had assimilated abstract and modernist characteristics, remaining, nevertheless, figurative. His choice of subject matters, in his works ranging from his large compositions of multiple people to the&nbsp;<span class=\"iset_italics\">Portraits of Friends<\/span>,&nbsp;<span class=\"iset_italics\">Seas<\/span>&nbsp;and&nbsp;<span class=\"iset_italics\">Still Lifes<\/span>, act merely as excuses for highlighting the pure painterly values.&nbsp;<\/strong><br \/>\nIn his long career, <strong>he utilized the compositional, colouring and expressive capabilities of oil painting, but also those of pastel, watercolour and ink.<\/strong> <strong>Light characterizes the structure of the composition, as an integral component of colour, even in his black and white works, and especially in his engravings, with their rich shades of black.<\/strong>&nbsp;<\/div>\n<div class=\"description-container dynamic-content\"><strong><img loading=\"lazy\" decoding=\"async\" class=\"aligncenter size-large wp-image-26754\" src=\"https:\/\/ikastikos-kiklos.com\/wp-content\/uploads\/2020\/07\/panagiotis_tetsis_vlaikos-01-1024x683.jpg\" alt=\"\" width=\"1024\" height=\"683\" srcset=\"https:\/\/ikastikos-kiklos.com\/wp-content\/uploads\/2020\/07\/panagiotis_tetsis_vlaikos-01-1024x683.jpg 1024w, https:\/\/ikastikos-kiklos.com\/wp-content\/uploads\/2020\/07\/panagiotis_tetsis_vlaikos-01-300x200.jpg 300w, https:\/\/ikastikos-kiklos.com\/wp-content\/uploads\/2020\/07\/panagiotis_tetsis_vlaikos-01-768x512.jpg 768w, https:\/\/ikastikos-kiklos.com\/wp-content\/uploads\/2020\/07\/panagiotis_tetsis_vlaikos-01-680x453.jpg 680w, https:\/\/ikastikos-kiklos.com\/wp-content\/uploads\/2020\/07\/panagiotis_tetsis_vlaikos-01-700x467.jpg 700w, https:\/\/ikastikos-kiklos.com\/wp-content\/uploads\/2020\/07\/panagiotis_tetsis_vlaikos-01-220x147.jpg 220w, https:\/\/ikastikos-kiklos.com\/wp-content\/uploads\/2020\/07\/panagiotis_tetsis_vlaikos-01-140x93.jpg 140w, https:\/\/ikastikos-kiklos.com\/wp-content\/uploads\/2020\/07\/panagiotis_tetsis_vlaikos-01-940x627.jpg 940w, https:\/\/ikastikos-kiklos.com\/wp-content\/uploads\/2020\/07\/panagiotis_tetsis_vlaikos-01-350x233.jpg 350w, https:\/\/ikastikos-kiklos.com\/wp-content\/uploads\/2020\/07\/panagiotis_tetsis_vlaikos-01-595x397.jpg 595w, https:\/\/ikastikos-kiklos.com\/wp-content\/uploads\/2020\/07\/panagiotis_tetsis_vlaikos-01.jpg 1170w\" sizes=\"auto, (max-width: 1024px) 100vw, 1024px\" \/>He taught in the Designers Dept. of the Athens Technological Group<\/strong> (1959-1962) and <strong>was co-founder and teacher of the Independent School of Fine Arts<\/strong> (today Vakalo College of Art and Design) along with Helene Vakalo, As. Bacharian and F. Francescakis (1958-1976). <strong>He was elected professor at the Athens School of Fine Arts<\/strong> (1976), where he taught until 1991 (chancellor since 1989). <strong>In 1993 he became a member of the Academy of Athens<\/strong> and <strong>in 1999 and was awarded the title of Grand Commander of the Order of the Phoenix.<\/strong>&nbsp;<br \/>\nHe has held <strong>more than 90 solo exhibitions and has numerous participations in group exhibitions in Greece and abroad<\/strong>. He participated in the Sao Paulo Biennale (1957) and the Alexandria Biennale (1959). His retrospective exhibition,&nbsp;<span class=\"iset_italics\">35 years of painting<\/span>&nbsp;(Pieridis Art gallery, 1992), was also presented at the Municipal Galleries of Mytilene, Patras, Kalamata, Chania and Rhodes. More retrospective exhibitions took place in the Athens National Art Gallery (1999), Florence, Cyprus and elsewhere.&nbsp;<br \/>\n<strong>Four books with his writings and several of his articles have been published.<\/strong><\/div>\n","protected":false},"excerpt":{"rendered":"<p>Tetsis Panagiotis (1925-2016) He was born in 1925, in Hydra. He settled with his family &hellip;<\/p>\n","protected":false},"author":3,"featured_media":0,"parent":2905,"menu_order":0,"comment_status":"closed","ping_status":"closed","template":"page-zwgrafoi.php","meta":{"ngg_post_thumbnail":0,"footnotes":""},"class_list":["post-2909","page","type-page","status-publish","hentry"],"yoast_head":"<!-- This site is optimized with the Yoast SEO plugin v27.2 - https:\/\/yoast.com\/product\/yoast-seo-wordpress\/ -->\n<title>Tetsis Panagiotis at Ikastikos Kiklos Sianti Gallery.<\/title>\n<meta name=\"description\" content=\"Tetsis Panagiotis at Ikastikos Kiklos Sianti Gallery. Find painting and silkscreens for sale at great prices.\" \/>\n<meta name=\"robots\" content=\"index, follow, max-snippet:-1, max-image-preview:large, max-video-preview:-1\" \/>\n<link rel=\"canonical\" href=\"https:\/\/ikastikos-kiklos.com\/en\/painters\/tetsis-panagiotis\/\" \/>\n<meta property=\"og:locale\" content=\"en_US\" \/>\n<meta property=\"og:type\" content=\"article\" \/>\n<meta property=\"og:title\" content=\"Tetsis Panagiotis at Ikastikos Kiklos Sianti Gallery.\" \/>\n<meta property=\"og:description\" content=\"Tetsis Panagiotis at Ikastikos Kiklos Sianti Gallery. Find painting and silkscreens for sale at great prices.\" \/>\n<meta property=\"og:url\" content=\"https:\/\/ikastikos-kiklos.com\/en\/painters\/tetsis-panagiotis\/\" \/>\n<meta property=\"og:site_name\" content=\"Ikastikos Kiklos - Zografik\u00ed - Metaxotyp\u00edes - T\u00e9chniPainting - Silk Screen - Art\" \/>\n<meta property=\"article:publisher\" content=\"https:\/\/www.facebook.com\/ikastikoskiklossianti\/\" \/>\n<meta property=\"article:modified_time\" content=\"2020-07-03T12:37:51+00:00\" \/>\n<meta property=\"og:image\" content=\"https:\/\/ikastikos-kiklos.com\/wp-content\/uploads\/2020\/07\/panagiotis_tetsis_vlaikos-01-1024x683.jpg\" \/>\n<meta name=\"twitter:card\" content=\"summary_large_image\" \/>\n<meta name=\"twitter:label1\" content=\"Est. reading time\" \/>\n\t<meta name=\"twitter:data1\" content=\"2 minutes\" \/>\n<script type=\"application\/ld+json\" class=\"yoast-schema-graph\">{\"@context\":\"https:\/\/schema.org\",\"@graph\":[{\"@type\":\"WebPage\",\"@id\":\"https:\/\/ikastikos-kiklos.com\/en\/painters\/tetsis-panagiotis\/\",\"url\":\"https:\/\/ikastikos-kiklos.com\/en\/painters\/tetsis-panagiotis\/\",\"name\":\"Tetsis Panagiotis at Ikastikos Kiklos Sianti Gallery.\",\"isPartOf\":{\"@id\":\"https:\/\/ikastikos-kiklos.com\/en\/#website\"},\"primaryImageOfPage\":{\"@id\":\"https:\/\/ikastikos-kiklos.com\/en\/painters\/tetsis-panagiotis\/#primaryimage\"},\"image\":{\"@id\":\"https:\/\/ikastikos-kiklos.com\/en\/painters\/tetsis-panagiotis\/#primaryimage\"},\"thumbnailUrl\":\"https:\/\/ikastikos-kiklos.com\/wp-content\/uploads\/2020\/07\/panagiotis_tetsis_vlaikos-01-1024x683.jpg\",\"datePublished\":\"2016-07-11T14:15:31+00:00\",\"dateModified\":\"2020-07-03T12:37:51+00:00\",\"description\":\"Tetsis Panagiotis at Ikastikos Kiklos Sianti Gallery. Find painting and silkscreens for sale at great prices.\",\"breadcrumb\":{\"@id\":\"https:\/\/ikastikos-kiklos.com\/en\/painters\/tetsis-panagiotis\/#breadcrumb\"},\"inLanguage\":\"en-US\",\"potentialAction\":[{\"@type\":\"ReadAction\",\"target\":[\"https:\/\/ikastikos-kiklos.com\/en\/painters\/tetsis-panagiotis\/\"]}]},{\"@type\":\"ImageObject\",\"inLanguage\":\"en-US\",\"@id\":\"https:\/\/ikastikos-kiklos.com\/en\/painters\/tetsis-panagiotis\/#primaryimage\",\"url\":\"https:\/\/ikastikos-kiklos.com\/wp-content\/uploads\/2020\/07\/panagiotis_tetsis_vlaikos-01-1024x683.jpg\",\"contentUrl\":\"https:\/\/ikastikos-kiklos.com\/wp-content\/uploads\/2020\/07\/panagiotis_tetsis_vlaikos-01-1024x683.jpg\"},{\"@type\":\"BreadcrumbList\",\"@id\":\"https:\/\/ikastikos-kiklos.com\/en\/painters\/tetsis-panagiotis\/#breadcrumb\",\"itemListElement\":[{\"@type\":\"ListItem\",\"position\":1,\"name\":\"Home\",\"item\":\"https:\/\/ikastikos-kiklos.com\/en\/\"},{\"@type\":\"ListItem\",\"position\":2,\"name\":\"Painters\",\"item\":\"https:\/\/ikastikos-kiklos.com\/en\/painters\/\"},{\"@type\":\"ListItem\",\"position\":3,\"name\":\"Tetsis Panagiotis\"}]},{\"@type\":\"WebSite\",\"@id\":\"https:\/\/ikastikos-kiklos.com\/en\/#website\",\"url\":\"https:\/\/ikastikos-kiklos.com\/en\/\",\"name\":\"Ikastikos Kiklos - Zografik\u00ed - Metaxotyp\u00edes - T\u00e9chniPainting - Silk Screen - Art\",\"description\":\"\",\"publisher\":{\"@id\":\"https:\/\/ikastikos-kiklos.com\/en\/#organization\"},\"potentialAction\":[{\"@type\":\"SearchAction\",\"target\":{\"@type\":\"EntryPoint\",\"urlTemplate\":\"https:\/\/ikastikos-kiklos.com\/en\/?s={search_term_string}\"},\"query-input\":{\"@type\":\"PropertyValueSpecification\",\"valueRequired\":true,\"valueName\":\"search_term_string\"}}],\"inLanguage\":\"en-US\"},{\"@type\":\"Organization\",\"@id\":\"https:\/\/ikastikos-kiklos.com\/en\/#organization\",\"name\":\"Ikastikos Kiklos - Zografik\u00ed - Metaxotyp\u00edes - T\u00e9chniPainting - Silk Screen - Art\",\"url\":\"https:\/\/ikastikos-kiklos.com\/en\/\",\"logo\":{\"@type\":\"ImageObject\",\"inLanguage\":\"en-US\",\"@id\":\"https:\/\/ikastikos-kiklos.com\/en\/#\/schema\/logo\/image\/\",\"url\":\"https:\/\/ikastikos-kiklos.com\/wp-content\/uploads\/2022\/10\/cropped-favicon_ikastikos.png\",\"contentUrl\":\"https:\/\/ikastikos-kiklos.com\/wp-content\/uploads\/2022\/10\/cropped-favicon_ikastikos.png\",\"width\":512,\"height\":512,\"caption\":\"Ikastikos Kiklos - Zografik\u00ed - Metaxotyp\u00edes - T\u00e9chniPainting - Silk Screen - Art\"},\"image\":{\"@id\":\"https:\/\/ikastikos-kiklos.com\/en\/#\/schema\/logo\/image\/\"},\"sameAs\":[\"https:\/\/www.facebook.com\/ikastikoskiklossianti\/\"]}]}<\/script>\n<!-- \/ Yoast SEO plugin. -->","yoast_head_json":{"title":"Tetsis Panagiotis at Ikastikos Kiklos Sianti Gallery.","description":"Tetsis Panagiotis at Ikastikos Kiklos Sianti Gallery. Find painting and silkscreens for sale at great prices.","robots":{"index":"index","follow":"follow","max-snippet":"max-snippet:-1","max-image-preview":"max-image-preview:large","max-video-preview":"max-video-preview:-1"},"canonical":"https:\/\/ikastikos-kiklos.com\/en\/painters\/tetsis-panagiotis\/","og_locale":"en_US","og_type":"article","og_title":"Tetsis Panagiotis at Ikastikos Kiklos Sianti Gallery.","og_description":"Tetsis Panagiotis at Ikastikos Kiklos Sianti Gallery. Find painting and silkscreens for sale at great prices.","og_url":"https:\/\/ikastikos-kiklos.com\/en\/painters\/tetsis-panagiotis\/","og_site_name":"Ikastikos Kiklos - Zografik\u00ed - Metaxotyp\u00edes - T\u00e9chniPainting - Silk Screen - Art","article_publisher":"https:\/\/www.facebook.com\/ikastikoskiklossianti\/","article_modified_time":"2020-07-03T12:37:51+00:00","og_image":[{"url":"https:\/\/ikastikos-kiklos.com\/wp-content\/uploads\/2020\/07\/panagiotis_tetsis_vlaikos-01-1024x683.jpg","type":"","width":"","height":""}],"twitter_card":"summary_large_image","twitter_misc":{"Est. reading time":"2 minutes"},"schema":{"@context":"https:\/\/schema.org","@graph":[{"@type":"WebPage","@id":"https:\/\/ikastikos-kiklos.com\/en\/painters\/tetsis-panagiotis\/","url":"https:\/\/ikastikos-kiklos.com\/en\/painters\/tetsis-panagiotis\/","name":"Tetsis Panagiotis at Ikastikos Kiklos Sianti Gallery.","isPartOf":{"@id":"https:\/\/ikastikos-kiklos.com\/en\/#website"},"primaryImageOfPage":{"@id":"https:\/\/ikastikos-kiklos.com\/en\/painters\/tetsis-panagiotis\/#primaryimage"},"image":{"@id":"https:\/\/ikastikos-kiklos.com\/en\/painters\/tetsis-panagiotis\/#primaryimage"},"thumbnailUrl":"https:\/\/ikastikos-kiklos.com\/wp-content\/uploads\/2020\/07\/panagiotis_tetsis_vlaikos-01-1024x683.jpg","datePublished":"2016-07-11T14:15:31+00:00","dateModified":"2020-07-03T12:37:51+00:00","description":"Tetsis Panagiotis at Ikastikos Kiklos Sianti Gallery. Find painting and silkscreens for sale at great prices.","breadcrumb":{"@id":"https:\/\/ikastikos-kiklos.com\/en\/painters\/tetsis-panagiotis\/#breadcrumb"},"inLanguage":"en-US","potentialAction":[{"@type":"ReadAction","target":["https:\/\/ikastikos-kiklos.com\/en\/painters\/tetsis-panagiotis\/"]}]},{"@type":"ImageObject","inLanguage":"en-US","@id":"https:\/\/ikastikos-kiklos.com\/en\/painters\/tetsis-panagiotis\/#primaryimage","url":"https:\/\/ikastikos-kiklos.com\/wp-content\/uploads\/2020\/07\/panagiotis_tetsis_vlaikos-01-1024x683.jpg","contentUrl":"https:\/\/ikastikos-kiklos.com\/wp-content\/uploads\/2020\/07\/panagiotis_tetsis_vlaikos-01-1024x683.jpg"},{"@type":"BreadcrumbList","@id":"https:\/\/ikastikos-kiklos.com\/en\/painters\/tetsis-panagiotis\/#breadcrumb","itemListElement":[{"@type":"ListItem","position":1,"name":"Home","item":"https:\/\/ikastikos-kiklos.com\/en\/"},{"@type":"ListItem","position":2,"name":"Painters","item":"https:\/\/ikastikos-kiklos.com\/en\/painters\/"},{"@type":"ListItem","position":3,"name":"Tetsis Panagiotis"}]},{"@type":"WebSite","@id":"https:\/\/ikastikos-kiklos.com\/en\/#website","url":"https:\/\/ikastikos-kiklos.com\/en\/","name":"Ikastikos Kiklos - Zografik\u00ed - Metaxotyp\u00edes - T\u00e9chniPainting - Silk Screen - Art","description":"","publisher":{"@id":"https:\/\/ikastikos-kiklos.com\/en\/#organization"},"potentialAction":[{"@type":"SearchAction","target":{"@type":"EntryPoint","urlTemplate":"https:\/\/ikastikos-kiklos.com\/en\/?s={search_term_string}"},"query-input":{"@type":"PropertyValueSpecification","valueRequired":true,"valueName":"search_term_string"}}],"inLanguage":"en-US"},{"@type":"Organization","@id":"https:\/\/ikastikos-kiklos.com\/en\/#organization","name":"Ikastikos Kiklos - Zografik\u00ed - Metaxotyp\u00edes - T\u00e9chniPainting - Silk Screen - Art","url":"https:\/\/ikastikos-kiklos.com\/en\/","logo":{"@type":"ImageObject","inLanguage":"en-US","@id":"https:\/\/ikastikos-kiklos.com\/en\/#\/schema\/logo\/image\/","url":"https:\/\/ikastikos-kiklos.com\/wp-content\/uploads\/2022\/10\/cropped-favicon_ikastikos.png","contentUrl":"https:\/\/ikastikos-kiklos.com\/wp-content\/uploads\/2022\/10\/cropped-favicon_ikastikos.png","width":512,"height":512,"caption":"Ikastikos Kiklos - Zografik\u00ed - Metaxotyp\u00edes - T\u00e9chniPainting - Silk Screen - Art"},"image":{"@id":"https:\/\/ikastikos-kiklos.com\/en\/#\/schema\/logo\/image\/"},"sameAs":["https:\/\/www.facebook.com\/ikastikoskiklossianti\/"]}]}},"_links":{"self":[{"href":"https:\/\/ikastikos-kiklos.com\/en\/wp-json\/wp\/v2\/pages\/2909","targetHints":{"allow":["GET"]}}],"collection":[{"href":"https:\/\/ikastikos-kiklos.com\/en\/wp-json\/wp\/v2\/pages"}],"about":[{"href":"https:\/\/ikastikos-kiklos.com\/en\/wp-json\/wp\/v2\/types\/page"}],"author":[{"embeddable":true,"href":"https:\/\/ikastikos-kiklos.com\/en\/wp-json\/wp\/v2\/users\/3"}],"replies":[{"embeddable":true,"href":"https:\/\/ikastikos-kiklos.com\/en\/wp-json\/wp\/v2\/comments?post=2909"}],"version-history":[{"count":0,"href":"https:\/\/ikastikos-kiklos.com\/en\/wp-json\/wp\/v2\/pages\/2909\/revisions"}],"up":[{"embeddable":true,"href":"https:\/\/ikastikos-kiklos.com\/en\/wp-json\/wp\/v2\/pages\/2905"}],"wp:attachment":[{"href":"https:\/\/ikastikos-kiklos.com\/en\/wp-json\/wp\/v2\/media?parent=2909"}],"curies":[{"name":"wp","href":"https:\/\/api.w.org\/{rel}","templated":true}]}}