{"id":28789,"date":"2020-11-21T04:56:46","date_gmt":"2020-11-21T02:56:46","guid":{"rendered":"https:\/\/ikastikos-kiklos.com\/painters\/chantzaras-apostolos\/"},"modified":"2020-11-21T04:56:46","modified_gmt":"2020-11-21T02:56:46","slug":"chantzaras-apostolos","status":"publish","type":"page","link":"https:\/\/ikastikos-kiklos.com\/en\/painters\/chantzaras-apostolos\/","title":{"rendered":"Chantzaras Apostolos"},"content":{"rendered":"<h1>CV<\/h1>\n<p>Apostolos Chantzaras develops his own visual world of bold lines, forms<br \/>and saturated colors, drawing infuences from Greek folk shadow<br \/>theater, ancient Greek sculptures and Byzantine iconography. A rich<br \/>legacy of symbols related to Greece, the sun, the islands, the sea and its<br \/>fish, the cross, the bathers, all come together in a unique, perceptible<br \/>artistic amalgam empowered by strong colors and intense movement.<br \/>Yet the outcome is not verbose. Chantzaras succeeds in transforming it<br \/>and making it something of his own.<br \/>He was born in Agrinio-Greece in 1977. From early childhood, he studied<br \/>and worked in the atelier of Byzantine Painting beside his father,<br \/>Eleftherios Chantzaras.<br \/>He studied painting in the Athens School of Fine Arts under Professor<br \/>Chronis Botsoglou. He also studied fresco and photography in the<br \/>Athens School of Fine Arts. He was nominated for the IKY scholarship in<br \/>2000-2003. In 2004-2005 he studied in Universit\u00e9 Paris 8 in Paris. In<br \/>2008 he painted for the Greek Post (ELTA) the special stamp series<br \/>&#8220;Greek Traditional Products&#8221;. In 2011 he designed the cover for the novel<br \/>\u201cGlass Industry\u201d by Menis Koumantareas, which was published by Vima<br \/>newspaper, and the cover for the novel \u201cImaginary Adventure\u201d by<br \/>Alexandros Kotzias, which was published by Kedros publishing<br \/>company. In 2013 he designed the cover for the novel: &#8220;Olga or nothing&#8221;<br \/>by Lito Pitiris, which was published by Kedros publishing company.<br \/>He has participated in several personal and group exhibitions in Greece<br \/>and abroad. He lives and works in Athens and London. His paintings are<br \/>part of private collections.<\/p>\n","protected":false},"excerpt":{"rendered":"<p>CV Apostolos Chantzaras develops his own visual world of bold lines, formsand saturated colors, drawing &hellip;<\/p>\n","protected":false},"author":2,"featured_media":0,"parent":2905,"menu_order":0,"comment_status":"closed","ping_status":"closed","template":"page-zwgrafoi.php","meta":{"ngg_post_thumbnail":0,"footnotes":""},"class_list":["post-28789","page","type-page","status-publish","hentry"],"yoast_head":"<!-- This site is optimized with the Yoast SEO plugin v27.4 - https:\/\/yoast.com\/product\/yoast-seo-wordpress\/ -->\n<title>Chantzaras Apostolos Profile at Ikastikos Kiklos SIanti Gallery<\/title>\n<meta name=\"description\" content=\"Chantzaras Apostolos Profile at Ikastikos Kiklos SIanti Gallery. Find paintings, silkscreens and art objects for sale\" \/>\n<meta name=\"robots\" content=\"index, follow, max-snippet:-1, max-image-preview:large, max-video-preview:-1\" \/>\n<link rel=\"canonical\" href=\"https:\/\/ikastikos-kiklos.com\/en\/painters\/chantzaras-apostolos\/\" \/>\n<meta property=\"og:locale\" content=\"en_US\" \/>\n<meta property=\"og:type\" content=\"article\" \/>\n<meta property=\"og:title\" content=\"Chantzaras Apostolos Profile at Ikastikos Kiklos SIanti Gallery\" \/>\n<meta property=\"og:description\" content=\"Chantzaras Apostolos Profile at Ikastikos Kiklos SIanti Gallery. Find paintings, silkscreens and art objects for sale\" \/>\n<meta property=\"og:url\" content=\"https:\/\/ikastikos-kiklos.com\/en\/painters\/chantzaras-apostolos\/\" \/>\n<meta property=\"og:site_name\" content=\"Ikastikos Kiklos - Zografik\u00ed - Metaxotyp\u00edes - T\u00e9chniPainting - Silk Screen - Art\" \/>\n<meta property=\"article:publisher\" content=\"https:\/\/www.facebook.com\/ikastikoskiklossianti\/\" \/>\n<meta name=\"twitter:card\" content=\"summary_large_image\" \/>\n<meta name=\"twitter:label1\" content=\"Est. reading time\" \/>\n\t<meta name=\"twitter:data1\" content=\"1 minute\" \/>\n<script type=\"application\/ld+json\" class=\"yoast-schema-graph\">{\"@context\":\"https:\\\/\\\/schema.org\",\"@graph\":[{\"@type\":\"WebPage\",\"@id\":\"https:\\\/\\\/ikastikos-kiklos.com\\\/en\\\/painters\\\/chantzaras-apostolos\\\/\",\"url\":\"https:\\\/\\\/ikastikos-kiklos.com\\\/en\\\/painters\\\/chantzaras-apostolos\\\/\",\"name\":\"Chantzaras Apostolos Profile at Ikastikos Kiklos SIanti Gallery\",\"isPartOf\":{\"@id\":\"https:\\\/\\\/ikastikos-kiklos.com\\\/en\\\/#website\"},\"datePublished\":\"2020-11-21T02:56:46+00:00\",\"description\":\"Chantzaras Apostolos Profile at Ikastikos Kiklos SIanti Gallery. Find paintings, silkscreens and art objects for sale\",\"breadcrumb\":{\"@id\":\"https:\\\/\\\/ikastikos-kiklos.com\\\/en\\\/painters\\\/chantzaras-apostolos\\\/#breadcrumb\"},\"inLanguage\":\"en-US\",\"potentialAction\":[{\"@type\":\"ReadAction\",\"target\":[\"https:\\\/\\\/ikastikos-kiklos.com\\\/en\\\/painters\\\/chantzaras-apostolos\\\/\"]}]},{\"@type\":\"BreadcrumbList\",\"@id\":\"https:\\\/\\\/ikastikos-kiklos.com\\\/en\\\/painters\\\/chantzaras-apostolos\\\/#breadcrumb\",\"itemListElement\":[{\"@type\":\"ListItem\",\"position\":1,\"name\":\"Home\",\"item\":\"https:\\\/\\\/ikastikos-kiklos.com\\\/en\\\/\"},{\"@type\":\"ListItem\",\"position\":2,\"name\":\"Painters\",\"item\":\"https:\\\/\\\/ikastikos-kiklos.com\\\/en\\\/painters\\\/\"},{\"@type\":\"ListItem\",\"position\":3,\"name\":\"Chantzaras Apostolos\"}]},{\"@type\":\"WebSite\",\"@id\":\"https:\\\/\\\/ikastikos-kiklos.com\\\/en\\\/#website\",\"url\":\"https:\\\/\\\/ikastikos-kiklos.com\\\/en\\\/\",\"name\":\"Ikastikos Kiklos - Zografik\u00ed - Metaxotyp\u00edes - T\u00e9chniPainting - Silk Screen - Art\",\"description\":\"\",\"publisher\":{\"@id\":\"https:\\\/\\\/ikastikos-kiklos.com\\\/en\\\/#organization\"},\"potentialAction\":[{\"@type\":\"SearchAction\",\"target\":{\"@type\":\"EntryPoint\",\"urlTemplate\":\"https:\\\/\\\/ikastikos-kiklos.com\\\/en\\\/?s={search_term_string}\"},\"query-input\":{\"@type\":\"PropertyValueSpecification\",\"valueRequired\":true,\"valueName\":\"search_term_string\"}}],\"inLanguage\":\"en-US\"},{\"@type\":\"Organization\",\"@id\":\"https:\\\/\\\/ikastikos-kiklos.com\\\/en\\\/#organization\",\"name\":\"Ikastikos Kiklos - Zografik\u00ed - Metaxotyp\u00edes - T\u00e9chniPainting - Silk Screen - Art\",\"url\":\"https:\\\/\\\/ikastikos-kiklos.com\\\/en\\\/\",\"logo\":{\"@type\":\"ImageObject\",\"inLanguage\":\"en-US\",\"@id\":\"https:\\\/\\\/ikastikos-kiklos.com\\\/en\\\/#\\\/schema\\\/logo\\\/image\\\/\",\"url\":\"https:\\\/\\\/ikastikos-kiklos.com\\\/wp-content\\\/uploads\\\/2022\\\/10\\\/cropped-favicon_ikastikos.png\",\"contentUrl\":\"https:\\\/\\\/ikastikos-kiklos.com\\\/wp-content\\\/uploads\\\/2022\\\/10\\\/cropped-favicon_ikastikos.png\",\"width\":512,\"height\":512,\"caption\":\"Ikastikos Kiklos - Zografik\u00ed - Metaxotyp\u00edes - T\u00e9chniPainting - Silk Screen - Art\"},\"image\":{\"@id\":\"https:\\\/\\\/ikastikos-kiklos.com\\\/en\\\/#\\\/schema\\\/logo\\\/image\\\/\"},\"sameAs\":[\"https:\\\/\\\/www.facebook.com\\\/ikastikoskiklossianti\\\/\"]}]}<\/script>\n<!-- \/ Yoast SEO plugin. -->","yoast_head_json":{"title":"Chantzaras Apostolos Profile at Ikastikos Kiklos SIanti Gallery","description":"Chantzaras Apostolos Profile at Ikastikos Kiklos SIanti Gallery. Find paintings, silkscreens and art objects for sale","robots":{"index":"index","follow":"follow","max-snippet":"max-snippet:-1","max-image-preview":"max-image-preview:large","max-video-preview":"max-video-preview:-1"},"canonical":"https:\/\/ikastikos-kiklos.com\/en\/painters\/chantzaras-apostolos\/","og_locale":"en_US","og_type":"article","og_title":"Chantzaras Apostolos Profile at Ikastikos Kiklos SIanti Gallery","og_description":"Chantzaras Apostolos Profile at Ikastikos Kiklos SIanti Gallery. Find paintings, silkscreens and art objects for sale","og_url":"https:\/\/ikastikos-kiklos.com\/en\/painters\/chantzaras-apostolos\/","og_site_name":"Ikastikos Kiklos - Zografik\u00ed - Metaxotyp\u00edes - T\u00e9chniPainting - Silk Screen - Art","article_publisher":"https:\/\/www.facebook.com\/ikastikoskiklossianti\/","twitter_card":"summary_large_image","twitter_misc":{"Est. reading time":"1 minute"},"schema":{"@context":"https:\/\/schema.org","@graph":[{"@type":"WebPage","@id":"https:\/\/ikastikos-kiklos.com\/en\/painters\/chantzaras-apostolos\/","url":"https:\/\/ikastikos-kiklos.com\/en\/painters\/chantzaras-apostolos\/","name":"Chantzaras Apostolos Profile at Ikastikos Kiklos SIanti Gallery","isPartOf":{"@id":"https:\/\/ikastikos-kiklos.com\/en\/#website"},"datePublished":"2020-11-21T02:56:46+00:00","description":"Chantzaras Apostolos Profile at Ikastikos Kiklos SIanti Gallery. Find paintings, silkscreens and art objects for sale","breadcrumb":{"@id":"https:\/\/ikastikos-kiklos.com\/en\/painters\/chantzaras-apostolos\/#breadcrumb"},"inLanguage":"en-US","potentialAction":[{"@type":"ReadAction","target":["https:\/\/ikastikos-kiklos.com\/en\/painters\/chantzaras-apostolos\/"]}]},{"@type":"BreadcrumbList","@id":"https:\/\/ikastikos-kiklos.com\/en\/painters\/chantzaras-apostolos\/#breadcrumb","itemListElement":[{"@type":"ListItem","position":1,"name":"Home","item":"https:\/\/ikastikos-kiklos.com\/en\/"},{"@type":"ListItem","position":2,"name":"Painters","item":"https:\/\/ikastikos-kiklos.com\/en\/painters\/"},{"@type":"ListItem","position":3,"name":"Chantzaras Apostolos"}]},{"@type":"WebSite","@id":"https:\/\/ikastikos-kiklos.com\/en\/#website","url":"https:\/\/ikastikos-kiklos.com\/en\/","name":"Ikastikos Kiklos - Zografik\u00ed - Metaxotyp\u00edes - T\u00e9chniPainting - Silk Screen - Art","description":"","publisher":{"@id":"https:\/\/ikastikos-kiklos.com\/en\/#organization"},"potentialAction":[{"@type":"SearchAction","target":{"@type":"EntryPoint","urlTemplate":"https:\/\/ikastikos-kiklos.com\/en\/?s={search_term_string}"},"query-input":{"@type":"PropertyValueSpecification","valueRequired":true,"valueName":"search_term_string"}}],"inLanguage":"en-US"},{"@type":"Organization","@id":"https:\/\/ikastikos-kiklos.com\/en\/#organization","name":"Ikastikos Kiklos - Zografik\u00ed - Metaxotyp\u00edes - T\u00e9chniPainting - Silk Screen - Art","url":"https:\/\/ikastikos-kiklos.com\/en\/","logo":{"@type":"ImageObject","inLanguage":"en-US","@id":"https:\/\/ikastikos-kiklos.com\/en\/#\/schema\/logo\/image\/","url":"https:\/\/ikastikos-kiklos.com\/wp-content\/uploads\/2022\/10\/cropped-favicon_ikastikos.png","contentUrl":"https:\/\/ikastikos-kiklos.com\/wp-content\/uploads\/2022\/10\/cropped-favicon_ikastikos.png","width":512,"height":512,"caption":"Ikastikos Kiklos - Zografik\u00ed - Metaxotyp\u00edes - T\u00e9chniPainting - Silk Screen - Art"},"image":{"@id":"https:\/\/ikastikos-kiklos.com\/en\/#\/schema\/logo\/image\/"},"sameAs":["https:\/\/www.facebook.com\/ikastikoskiklossianti\/"]}]}},"_links":{"self":[{"href":"https:\/\/ikastikos-kiklos.com\/en\/wp-json\/wp\/v2\/pages\/28789","targetHints":{"allow":["GET"]}}],"collection":[{"href":"https:\/\/ikastikos-kiklos.com\/en\/wp-json\/wp\/v2\/pages"}],"about":[{"href":"https:\/\/ikastikos-kiklos.com\/en\/wp-json\/wp\/v2\/types\/page"}],"author":[{"embeddable":true,"href":"https:\/\/ikastikos-kiklos.com\/en\/wp-json\/wp\/v2\/users\/2"}],"replies":[{"embeddable":true,"href":"https:\/\/ikastikos-kiklos.com\/en\/wp-json\/wp\/v2\/comments?post=28789"}],"version-history":[{"count":0,"href":"https:\/\/ikastikos-kiklos.com\/en\/wp-json\/wp\/v2\/pages\/28789\/revisions"}],"up":[{"embeddable":true,"href":"https:\/\/ikastikos-kiklos.com\/en\/wp-json\/wp\/v2\/pages\/2905"}],"wp:attachment":[{"href":"https:\/\/ikastikos-kiklos.com\/en\/wp-json\/wp\/v2\/media?parent=28789"}],"curies":[{"name":"wp","href":"https:\/\/api.w.org\/{rel}","templated":true}]}}