{"id":2866,"date":"2016-07-11T14:27:09","date_gmt":"2016-07-11T14:27:09","guid":{"rendered":"http:\/\/ikastikos-kiklos.com\/%cf%84%cf%83%ce%b1%cf%81%ce%bf%cf%8d%cf%87%ce%b7%cf%82-%ce%b3%ce%b9%ce%ac%ce%bd%ce%bd%ce%b7%cf%82\/?lang=en"},"modified":"2020-07-03T19:28:31","modified_gmt":"2020-07-03T16:28:31","slug":"tsarouchis-yannis","status":"publish","type":"page","link":"https:\/\/ikastikos-kiklos.com\/en\/painters\/tsarouchis-yannis\/","title":{"rendered":"Tsarouchis Yiannis"},"content":{"rendered":"<div class=\"wpb-content-wrapper\"><p>[vc_row][vc_column][vc_column_text]<\/p>\n<h1 class=\"title\">Tsarouchis Yiannis (1910-1989)<\/h1>\n<div class=\"description-container dynamic-content\">\n<p>Born in&nbsp;Piraeus, he <strong>studied at the&nbsp;Athens School of Fine Arts<\/strong>&nbsp;(1929\u20131935). He was also a student of&nbsp;Photios Kontoglou, who introduced him to&nbsp;Byzantine&nbsp;iconography, while <strong>he also studied popular&nbsp;architecture&nbsp;and dressing customs<\/strong>. Together with&nbsp;Dimitris Pikionis, Kontoglou and&nbsp;Angeliki Hatzimichali&nbsp;he led the movement for the introduction of Greek&nbsp;tradition&nbsp;in&nbsp;painting.<\/p>\n<p>From 1935 to 1936 he visited&nbsp;Istanbul,&nbsp;Paris&nbsp;and&nbsp;Italy. <strong>He came in contact with the&nbsp;Renaissance art&nbsp;and&nbsp;Impressionism.<\/strong> <strong>He discovered the works of&nbsp;Theophilos Hatzimihail&nbsp;and met influential artists such as&nbsp;Henri Matisse&nbsp;and&nbsp;Alberto Giacometti.<\/strong><\/p>\n<h1 class=\"title\"><img loading=\"lazy\" decoding=\"async\" class=\"aligncenter size-full wp-image-26587\" src=\"https:\/\/ikastikos-kiklos.com\/wp-content\/uploads\/2020\/07\/tsarouxis.jpg\" alt=\"\" width=\"702\" height=\"589\" srcset=\"https:\/\/ikastikos-kiklos.com\/wp-content\/uploads\/2020\/07\/tsarouxis.jpg 702w, https:\/\/ikastikos-kiklos.com\/wp-content\/uploads\/2020\/07\/tsarouxis-300x252.jpg 300w, https:\/\/ikastikos-kiklos.com\/wp-content\/uploads\/2020\/07\/tsarouxis-680x571.jpg 680w, https:\/\/ikastikos-kiklos.com\/wp-content\/uploads\/2020\/07\/tsarouxis-700x587.jpg 700w, https:\/\/ikastikos-kiklos.com\/wp-content\/uploads\/2020\/07\/tsarouxis-220x185.jpg 220w, https:\/\/ikastikos-kiklos.com\/wp-content\/uploads\/2020\/07\/tsarouxis-140x117.jpg 140w, https:\/\/ikastikos-kiklos.com\/wp-content\/uploads\/2020\/07\/tsarouxis-350x294.jpg 350w, https:\/\/ikastikos-kiklos.com\/wp-content\/uploads\/2020\/07\/tsarouxis-595x499.jpg 595w\" sizes=\"auto, (max-width: 702px) 100vw, 702px\" \/><\/h1>\n<p>He returned to Greece in 1936 and two years later he produced his first personal&nbsp;exhibition&nbsp;in Athens. He later fought in the&nbsp;Greco-Italian War&nbsp;in 1940. In 1949, he and other artists, including&nbsp;Nikos Hadjikyriakos-Ghikas,&nbsp;Yannis Moralis,&nbsp;Nikos Nikolaou,&nbsp;Nikos Engonopoulos&nbsp;and&nbsp;Panayiotis Tetsis, established the \u201cArmos\u201d art group. <strong>In 1951 he had exhibitions in&nbsp;Paris&nbsp;and&nbsp;London. In 1958 he participated in the&nbsp;Venice Biennale. In 1967 he moved to Paris.<\/strong><\/p>\n<p><strong>He filled his canvases with images of vulnerable men and (to a much lesser extent) strong women.<\/strong><\/p>\n<p>Sylvester &amp; Orphanos&nbsp;published&nbsp;<i>Yannis Tsarouchis: The Face of Modem Greece<\/i>.<sup id=\"cite_ref-2\" class=\"reference\"><\/sup><\/p>\n<p><span id=\"Institutions\" class=\"mw-headline\">Institutions<\/span><\/p>\n<p><strong>In 1982 the&nbsp;Yannis Tsarouchis Foundation Museum&nbsp;in&nbsp;Maroussi, Athens, was inaugurated. The Museum is actually hosted in the house of the artist. See also&nbsp;Yannis Tsarouchis Foundation Museum.<\/strong><\/p>\n<p><strong>He died in Athens in 1989.<\/strong><\/p>\n<\/div>\n<p>[\/vc_column_text][\/vc_column][\/vc_row]<\/p>\n<\/div>","protected":false},"excerpt":{"rendered":"<p>[vc_row][vc_column][vc_column_text] Tsarouchis Yiannis (1910-1989) Born in&nbsp;Piraeus, he studied at the&nbsp;Athens School of Fine Arts&nbsp;(1929\u20131935). He &hellip;<\/p>\n","protected":false},"author":3,"featured_media":0,"parent":2905,"menu_order":0,"comment_status":"closed","ping_status":"closed","template":"page-zwgrafoi.php","meta":{"ngg_post_thumbnail":0,"footnotes":""},"class_list":["post-2866","page","type-page","status-publish","hentry"],"yoast_head":"<!-- This site is optimized with the Yoast SEO plugin v27.4 - https:\/\/yoast.com\/product\/yoast-seo-wordpress\/ -->\n<title>Tsarouchis Yiannis at Ikastikos kiklos Sianti Gallery<\/title>\n<meta name=\"description\" content=\"Tsarouchis Yiannis at Ikastikos kiklos Sianti Gallery\" \/>\n<meta name=\"robots\" content=\"index, follow, max-snippet:-1, max-image-preview:large, max-video-preview:-1\" \/>\n<link rel=\"canonical\" href=\"https:\/\/ikastikos-kiklos.com\/en\/painters\/tsarouchis-yannis\/\" \/>\n<meta property=\"og:locale\" content=\"en_US\" \/>\n<meta property=\"og:type\" content=\"article\" \/>\n<meta property=\"og:title\" content=\"Tsarouchis Yiannis at Ikastikos kiklos Sianti Gallery\" \/>\n<meta property=\"og:description\" content=\"Tsarouchis Yiannis at Ikastikos kiklos Sianti Gallery\" \/>\n<meta property=\"og:url\" content=\"https:\/\/ikastikos-kiklos.com\/en\/painters\/tsarouchis-yannis\/\" \/>\n<meta property=\"og:site_name\" content=\"Ikastikos Kiklos - Zografik\u00ed - Metaxotyp\u00edes - T\u00e9chniPainting - Silk Screen - Art\" \/>\n<meta property=\"article:publisher\" content=\"https:\/\/www.facebook.com\/ikastikoskiklossianti\/\" \/>\n<meta property=\"article:modified_time\" content=\"2020-07-03T16:28:31+00:00\" \/>\n<meta property=\"og:image\" content=\"https:\/\/ikastikos-kiklos.com\/wp-content\/uploads\/2020\/07\/tsarouxis.jpg\" \/>\n<meta name=\"twitter:card\" content=\"summary_large_image\" \/>\n<meta name=\"twitter:label1\" content=\"Est. reading time\" \/>\n\t<meta name=\"twitter:data1\" content=\"1 minute\" \/>\n<script type=\"application\/ld+json\" class=\"yoast-schema-graph\">{\"@context\":\"https:\\\/\\\/schema.org\",\"@graph\":[{\"@type\":\"WebPage\",\"@id\":\"https:\\\/\\\/ikastikos-kiklos.com\\\/en\\\/painters\\\/tsarouchis-yannis\\\/\",\"url\":\"https:\\\/\\\/ikastikos-kiklos.com\\\/en\\\/painters\\\/tsarouchis-yannis\\\/\",\"name\":\"Tsarouchis Yiannis at Ikastikos kiklos Sianti Gallery\",\"isPartOf\":{\"@id\":\"https:\\\/\\\/ikastikos-kiklos.com\\\/en\\\/#website\"},\"primaryImageOfPage\":{\"@id\":\"https:\\\/\\\/ikastikos-kiklos.com\\\/en\\\/painters\\\/tsarouchis-yannis\\\/#primaryimage\"},\"image\":{\"@id\":\"https:\\\/\\\/ikastikos-kiklos.com\\\/en\\\/painters\\\/tsarouchis-yannis\\\/#primaryimage\"},\"thumbnailUrl\":\"https:\\\/\\\/ikastikos-kiklos.com\\\/wp-content\\\/uploads\\\/2020\\\/07\\\/tsarouxis.jpg\",\"datePublished\":\"2016-07-11T14:27:09+00:00\",\"dateModified\":\"2020-07-03T16:28:31+00:00\",\"description\":\"Tsarouchis Yiannis at Ikastikos kiklos Sianti Gallery\",\"breadcrumb\":{\"@id\":\"https:\\\/\\\/ikastikos-kiklos.com\\\/en\\\/painters\\\/tsarouchis-yannis\\\/#breadcrumb\"},\"inLanguage\":\"en-US\",\"potentialAction\":[{\"@type\":\"ReadAction\",\"target\":[\"https:\\\/\\\/ikastikos-kiklos.com\\\/en\\\/painters\\\/tsarouchis-yannis\\\/\"]}]},{\"@type\":\"ImageObject\",\"inLanguage\":\"en-US\",\"@id\":\"https:\\\/\\\/ikastikos-kiklos.com\\\/en\\\/painters\\\/tsarouchis-yannis\\\/#primaryimage\",\"url\":\"https:\\\/\\\/ikastikos-kiklos.com\\\/wp-content\\\/uploads\\\/2020\\\/07\\\/tsarouxis.jpg\",\"contentUrl\":\"https:\\\/\\\/ikastikos-kiklos.com\\\/wp-content\\\/uploads\\\/2020\\\/07\\\/tsarouxis.jpg\"},{\"@type\":\"BreadcrumbList\",\"@id\":\"https:\\\/\\\/ikastikos-kiklos.com\\\/en\\\/painters\\\/tsarouchis-yannis\\\/#breadcrumb\",\"itemListElement\":[{\"@type\":\"ListItem\",\"position\":1,\"name\":\"Home\",\"item\":\"https:\\\/\\\/ikastikos-kiklos.com\\\/en\\\/\"},{\"@type\":\"ListItem\",\"position\":2,\"name\":\"Painters\",\"item\":\"https:\\\/\\\/ikastikos-kiklos.com\\\/en\\\/painters\\\/\"},{\"@type\":\"ListItem\",\"position\":3,\"name\":\"Tsarouchis Yiannis\"}]},{\"@type\":\"WebSite\",\"@id\":\"https:\\\/\\\/ikastikos-kiklos.com\\\/en\\\/#website\",\"url\":\"https:\\\/\\\/ikastikos-kiklos.com\\\/en\\\/\",\"name\":\"Ikastikos Kiklos - Zografik\u00ed - Metaxotyp\u00edes - T\u00e9chniPainting - Silk Screen - Art\",\"description\":\"\",\"publisher\":{\"@id\":\"https:\\\/\\\/ikastikos-kiklos.com\\\/en\\\/#organization\"},\"potentialAction\":[{\"@type\":\"SearchAction\",\"target\":{\"@type\":\"EntryPoint\",\"urlTemplate\":\"https:\\\/\\\/ikastikos-kiklos.com\\\/en\\\/?s={search_term_string}\"},\"query-input\":{\"@type\":\"PropertyValueSpecification\",\"valueRequired\":true,\"valueName\":\"search_term_string\"}}],\"inLanguage\":\"en-US\"},{\"@type\":\"Organization\",\"@id\":\"https:\\\/\\\/ikastikos-kiklos.com\\\/en\\\/#organization\",\"name\":\"Ikastikos Kiklos - Zografik\u00ed - Metaxotyp\u00edes - T\u00e9chniPainting - Silk Screen - Art\",\"url\":\"https:\\\/\\\/ikastikos-kiklos.com\\\/en\\\/\",\"logo\":{\"@type\":\"ImageObject\",\"inLanguage\":\"en-US\",\"@id\":\"https:\\\/\\\/ikastikos-kiklos.com\\\/en\\\/#\\\/schema\\\/logo\\\/image\\\/\",\"url\":\"https:\\\/\\\/ikastikos-kiklos.com\\\/wp-content\\\/uploads\\\/2022\\\/10\\\/cropped-favicon_ikastikos.png\",\"contentUrl\":\"https:\\\/\\\/ikastikos-kiklos.com\\\/wp-content\\\/uploads\\\/2022\\\/10\\\/cropped-favicon_ikastikos.png\",\"width\":512,\"height\":512,\"caption\":\"Ikastikos Kiklos - Zografik\u00ed - Metaxotyp\u00edes - T\u00e9chniPainting - Silk Screen - Art\"},\"image\":{\"@id\":\"https:\\\/\\\/ikastikos-kiklos.com\\\/en\\\/#\\\/schema\\\/logo\\\/image\\\/\"},\"sameAs\":[\"https:\\\/\\\/www.facebook.com\\\/ikastikoskiklossianti\\\/\"]}]}<\/script>\n<!-- \/ Yoast SEO plugin. -->","yoast_head_json":{"title":"Tsarouchis Yiannis at Ikastikos kiklos Sianti Gallery","description":"Tsarouchis Yiannis at Ikastikos kiklos Sianti Gallery","robots":{"index":"index","follow":"follow","max-snippet":"max-snippet:-1","max-image-preview":"max-image-preview:large","max-video-preview":"max-video-preview:-1"},"canonical":"https:\/\/ikastikos-kiklos.com\/en\/painters\/tsarouchis-yannis\/","og_locale":"en_US","og_type":"article","og_title":"Tsarouchis Yiannis at Ikastikos kiklos Sianti Gallery","og_description":"Tsarouchis Yiannis at Ikastikos kiklos Sianti Gallery","og_url":"https:\/\/ikastikos-kiklos.com\/en\/painters\/tsarouchis-yannis\/","og_site_name":"Ikastikos Kiklos - Zografik\u00ed - Metaxotyp\u00edes - T\u00e9chniPainting - Silk Screen - Art","article_publisher":"https:\/\/www.facebook.com\/ikastikoskiklossianti\/","article_modified_time":"2020-07-03T16:28:31+00:00","og_image":[{"url":"https:\/\/ikastikos-kiklos.com\/wp-content\/uploads\/2020\/07\/tsarouxis.jpg","type":"","width":"","height":""}],"twitter_card":"summary_large_image","twitter_misc":{"Est. reading time":"1 minute"},"schema":{"@context":"https:\/\/schema.org","@graph":[{"@type":"WebPage","@id":"https:\/\/ikastikos-kiklos.com\/en\/painters\/tsarouchis-yannis\/","url":"https:\/\/ikastikos-kiklos.com\/en\/painters\/tsarouchis-yannis\/","name":"Tsarouchis Yiannis at Ikastikos kiklos Sianti Gallery","isPartOf":{"@id":"https:\/\/ikastikos-kiklos.com\/en\/#website"},"primaryImageOfPage":{"@id":"https:\/\/ikastikos-kiklos.com\/en\/painters\/tsarouchis-yannis\/#primaryimage"},"image":{"@id":"https:\/\/ikastikos-kiklos.com\/en\/painters\/tsarouchis-yannis\/#primaryimage"},"thumbnailUrl":"https:\/\/ikastikos-kiklos.com\/wp-content\/uploads\/2020\/07\/tsarouxis.jpg","datePublished":"2016-07-11T14:27:09+00:00","dateModified":"2020-07-03T16:28:31+00:00","description":"Tsarouchis Yiannis at Ikastikos kiklos Sianti Gallery","breadcrumb":{"@id":"https:\/\/ikastikos-kiklos.com\/en\/painters\/tsarouchis-yannis\/#breadcrumb"},"inLanguage":"en-US","potentialAction":[{"@type":"ReadAction","target":["https:\/\/ikastikos-kiklos.com\/en\/painters\/tsarouchis-yannis\/"]}]},{"@type":"ImageObject","inLanguage":"en-US","@id":"https:\/\/ikastikos-kiklos.com\/en\/painters\/tsarouchis-yannis\/#primaryimage","url":"https:\/\/ikastikos-kiklos.com\/wp-content\/uploads\/2020\/07\/tsarouxis.jpg","contentUrl":"https:\/\/ikastikos-kiklos.com\/wp-content\/uploads\/2020\/07\/tsarouxis.jpg"},{"@type":"BreadcrumbList","@id":"https:\/\/ikastikos-kiklos.com\/en\/painters\/tsarouchis-yannis\/#breadcrumb","itemListElement":[{"@type":"ListItem","position":1,"name":"Home","item":"https:\/\/ikastikos-kiklos.com\/en\/"},{"@type":"ListItem","position":2,"name":"Painters","item":"https:\/\/ikastikos-kiklos.com\/en\/painters\/"},{"@type":"ListItem","position":3,"name":"Tsarouchis Yiannis"}]},{"@type":"WebSite","@id":"https:\/\/ikastikos-kiklos.com\/en\/#website","url":"https:\/\/ikastikos-kiklos.com\/en\/","name":"Ikastikos Kiklos - Zografik\u00ed - Metaxotyp\u00edes - T\u00e9chniPainting - Silk Screen - Art","description":"","publisher":{"@id":"https:\/\/ikastikos-kiklos.com\/en\/#organization"},"potentialAction":[{"@type":"SearchAction","target":{"@type":"EntryPoint","urlTemplate":"https:\/\/ikastikos-kiklos.com\/en\/?s={search_term_string}"},"query-input":{"@type":"PropertyValueSpecification","valueRequired":true,"valueName":"search_term_string"}}],"inLanguage":"en-US"},{"@type":"Organization","@id":"https:\/\/ikastikos-kiklos.com\/en\/#organization","name":"Ikastikos Kiklos - Zografik\u00ed - Metaxotyp\u00edes - T\u00e9chniPainting - Silk Screen - Art","url":"https:\/\/ikastikos-kiklos.com\/en\/","logo":{"@type":"ImageObject","inLanguage":"en-US","@id":"https:\/\/ikastikos-kiklos.com\/en\/#\/schema\/logo\/image\/","url":"https:\/\/ikastikos-kiklos.com\/wp-content\/uploads\/2022\/10\/cropped-favicon_ikastikos.png","contentUrl":"https:\/\/ikastikos-kiklos.com\/wp-content\/uploads\/2022\/10\/cropped-favicon_ikastikos.png","width":512,"height":512,"caption":"Ikastikos Kiklos - Zografik\u00ed - Metaxotyp\u00edes - T\u00e9chniPainting - Silk Screen - Art"},"image":{"@id":"https:\/\/ikastikos-kiklos.com\/en\/#\/schema\/logo\/image\/"},"sameAs":["https:\/\/www.facebook.com\/ikastikoskiklossianti\/"]}]}},"_links":{"self":[{"href":"https:\/\/ikastikos-kiklos.com\/en\/wp-json\/wp\/v2\/pages\/2866","targetHints":{"allow":["GET"]}}],"collection":[{"href":"https:\/\/ikastikos-kiklos.com\/en\/wp-json\/wp\/v2\/pages"}],"about":[{"href":"https:\/\/ikastikos-kiklos.com\/en\/wp-json\/wp\/v2\/types\/page"}],"author":[{"embeddable":true,"href":"https:\/\/ikastikos-kiklos.com\/en\/wp-json\/wp\/v2\/users\/3"}],"replies":[{"embeddable":true,"href":"https:\/\/ikastikos-kiklos.com\/en\/wp-json\/wp\/v2\/comments?post=2866"}],"version-history":[{"count":0,"href":"https:\/\/ikastikos-kiklos.com\/en\/wp-json\/wp\/v2\/pages\/2866\/revisions"}],"up":[{"embeddable":true,"href":"https:\/\/ikastikos-kiklos.com\/en\/wp-json\/wp\/v2\/pages\/2905"}],"wp:attachment":[{"href":"https:\/\/ikastikos-kiklos.com\/en\/wp-json\/wp\/v2\/media?parent=2866"}],"curies":[{"name":"wp","href":"https:\/\/api.w.org\/{rel}","templated":true}]}}