{"id":2865,"date":"2016-07-11T14:16:48","date_gmt":"2016-07-11T14:16:48","guid":{"rendered":"http:\/\/ikastikos-kiklos.com\/%cf%87%ce%ac%cf%81%ce%bf%cf%82-%ce%bc%ce%b1%ce%bd%cf%8e%ce%bb%ce%b7%cf%82\/?lang=en"},"modified":"2020-07-03T20:46:45","modified_gmt":"2020-07-03T17:46:45","slug":"charos-manolis","status":"publish","type":"page","link":"https:\/\/ikastikos-kiklos.com\/en\/painters\/charos-manolis\/","title":{"rendered":"Charos Manolis"},"content":{"rendered":"<div class=\"wpb-content-wrapper\"><p>[vc_row][vc_column][vc_custom_heading text=&#8221;CV&#8221;][\/vc_column][\/vc_row][vc_row][vc_column][vc_empty_space][\/vc_column][\/vc_row][vc_row][vc_column][vc_column_text]<\/p>\n<h1>Manolis Charos<\/h1>\n<p><img loading=\"lazy\" decoding=\"async\" class=\"aligncenter size-full wp-image-26852\" src=\"https:\/\/ikastikos-kiklos.com\/wp-content\/uploads\/2020\/07\/\u039c\u0391\u039d\u03a9\u039b\u0397\u03a3-\u03a7\u0391\u03a1\u039f\u03a3-1.jpg\" alt=\"\" width=\"458\" height=\"571\" srcset=\"https:\/\/ikastikos-kiklos.com\/wp-content\/uploads\/2020\/07\/\u039c\u0391\u039d\u03a9\u039b\u0397\u03a3-\u03a7\u0391\u03a1\u039f\u03a3-1.jpg 458w, https:\/\/ikastikos-kiklos.com\/wp-content\/uploads\/2020\/07\/\u039c\u0391\u039d\u03a9\u039b\u0397\u03a3-\u03a7\u0391\u03a1\u039f\u03a3-1-241x300.jpg 241w, https:\/\/ikastikos-kiklos.com\/wp-content\/uploads\/2020\/07\/\u039c\u0391\u039d\u03a9\u039b\u0397\u03a3-\u03a7\u0391\u03a1\u039f\u03a3-1-220x274.jpg 220w, https:\/\/ikastikos-kiklos.com\/wp-content\/uploads\/2020\/07\/\u039c\u0391\u039d\u03a9\u039b\u0397\u03a3-\u03a7\u0391\u03a1\u039f\u03a3-1-140x175.jpg 140w, https:\/\/ikastikos-kiklos.com\/wp-content\/uploads\/2020\/07\/\u039c\u0391\u039d\u03a9\u039b\u0397\u03a3-\u03a7\u0391\u03a1\u039f\u03a3-1-350x436.jpg 350w\" sizes=\"auto, (max-width: 458px) 100vw, 458px\" \/><\/p>\n<p>Manolis Charos was born in Kythira, in 1960.&nbsp;He <strong>studied engraving and painting<\/strong> at the \u00c9cole Nationale Sup\u00e9rieure des Beaux-Arts (1978) in Paris. He <strong>graduated with full marks<\/strong> and in 1982, he <strong>continued his post graduate studies at the \u00c9cole&nbsp;Nationale&nbsp;Sup\u00e9rieure des&nbsp;Arts&nbsp;Decoratifs, on Communication and Image<\/strong>. In 1984, <strong>he was awarded the National Pris&nbsp;des&nbsp;Fondations&nbsp;of France in lithography and the State of France bought some of his works<\/strong>. In 1991, <strong>he traveled to the United States, where Absolut Vodka used one of his works in its commercial campaign<\/strong>. In 1993, <strong>he designed the paper campaign for the National Book Center of Greece<\/strong>. In 1998, <strong>he was awarded the Academy of Athens Award for painters under 40 years of age<\/strong>. During the years 2000-2001, he worked as a Visiting Artist at the Princeton University, in the Unites States. <strong>He has participated in important thematic exhibitions, in Greece and abroad.<\/strong>[\/vc_column_text][\/vc_column][\/vc_row]<\/p>\n<\/div>","protected":false},"excerpt":{"rendered":"<p>[vc_row][vc_column][vc_custom_heading text=&#8221;CV&#8221;][\/vc_column][\/vc_row][vc_row][vc_column][vc_empty_space][\/vc_column][\/vc_row][vc_row][vc_column][vc_column_text] Manolis Charos Manolis Charos was born in Kythira, in 1960.&nbsp;He studied engraving and &hellip;<\/p>\n","protected":false},"author":3,"featured_media":0,"parent":2905,"menu_order":0,"comment_status":"closed","ping_status":"closed","template":"page-zwgrafoi.php","meta":{"ngg_post_thumbnail":0,"footnotes":""},"class_list":["post-2865","page","type-page","status-publish","hentry"],"yoast_head":"<!-- This site is optimized with the Yoast SEO plugin v27.4 - https:\/\/yoast.com\/product\/yoast-seo-wordpress\/ -->\n<title>Charos Manolis Painter Artist at Ikastikos Kiklos Sianti<\/title>\n<meta name=\"description\" content=\"Charos Manolis Painter Artist at Ikastikos Kiklos Sianti. Artworks by Manolis Charos in our collections.\" \/>\n<meta name=\"robots\" content=\"index, follow, max-snippet:-1, max-image-preview:large, max-video-preview:-1\" \/>\n<link rel=\"canonical\" href=\"https:\/\/ikastikos-kiklos.com\/en\/painters\/charos-manolis\/\" \/>\n<meta property=\"og:locale\" content=\"en_US\" \/>\n<meta property=\"og:type\" content=\"article\" \/>\n<meta property=\"og:title\" content=\"Charos Manolis Painter Artist at Ikastikos Kiklos Sianti\" \/>\n<meta property=\"og:description\" content=\"Charos Manolis Painter Artist at Ikastikos Kiklos Sianti. Artworks by Manolis Charos in our collections.\" \/>\n<meta property=\"og:url\" content=\"https:\/\/ikastikos-kiklos.com\/en\/painters\/charos-manolis\/\" \/>\n<meta property=\"og:site_name\" content=\"Ikastikos Kiklos - Zografik\u00ed - Metaxotyp\u00edes - T\u00e9chniPainting - Silk Screen - Art\" \/>\n<meta property=\"article:publisher\" content=\"https:\/\/www.facebook.com\/ikastikoskiklossianti\/\" \/>\n<meta property=\"article:modified_time\" content=\"2020-07-03T17:46:45+00:00\" \/>\n<meta property=\"og:image\" content=\"https:\/\/ikastikos-kiklos.com\/wp-content\/uploads\/2020\/07\/\u039c\u0391\u039d\u03a9\u039b\u0397\u03a3-\u03a7\u0391\u03a1\u039f\u03a3-1.jpg\" \/>\n<meta name=\"twitter:card\" content=\"summary_large_image\" \/>\n<meta name=\"twitter:label1\" content=\"Est. reading time\" \/>\n\t<meta name=\"twitter:data1\" content=\"1 minute\" \/>\n<script type=\"application\/ld+json\" class=\"yoast-schema-graph\">{\"@context\":\"https:\\\/\\\/schema.org\",\"@graph\":[{\"@type\":\"WebPage\",\"@id\":\"https:\\\/\\\/ikastikos-kiklos.com\\\/en\\\/painters\\\/charos-manolis\\\/\",\"url\":\"https:\\\/\\\/ikastikos-kiklos.com\\\/en\\\/painters\\\/charos-manolis\\\/\",\"name\":\"Charos Manolis Painter Artist at Ikastikos Kiklos Sianti\",\"isPartOf\":{\"@id\":\"https:\\\/\\\/ikastikos-kiklos.com\\\/en\\\/#website\"},\"datePublished\":\"2016-07-11T14:16:48+00:00\",\"dateModified\":\"2020-07-03T17:46:45+00:00\",\"description\":\"Charos Manolis Painter Artist at Ikastikos Kiklos Sianti. Artworks by Manolis Charos in our collections.\",\"breadcrumb\":{\"@id\":\"https:\\\/\\\/ikastikos-kiklos.com\\\/en\\\/painters\\\/charos-manolis\\\/#breadcrumb\"},\"inLanguage\":\"en-US\",\"potentialAction\":[{\"@type\":\"ReadAction\",\"target\":[\"https:\\\/\\\/ikastikos-kiklos.com\\\/en\\\/painters\\\/charos-manolis\\\/\"]}]},{\"@type\":\"BreadcrumbList\",\"@id\":\"https:\\\/\\\/ikastikos-kiklos.com\\\/en\\\/painters\\\/charos-manolis\\\/#breadcrumb\",\"itemListElement\":[{\"@type\":\"ListItem\",\"position\":1,\"name\":\"Home\",\"item\":\"https:\\\/\\\/ikastikos-kiklos.com\\\/en\\\/\"},{\"@type\":\"ListItem\",\"position\":2,\"name\":\"Painters\",\"item\":\"https:\\\/\\\/ikastikos-kiklos.com\\\/en\\\/painters\\\/\"},{\"@type\":\"ListItem\",\"position\":3,\"name\":\"Charos Manolis\"}]},{\"@type\":\"WebSite\",\"@id\":\"https:\\\/\\\/ikastikos-kiklos.com\\\/en\\\/#website\",\"url\":\"https:\\\/\\\/ikastikos-kiklos.com\\\/en\\\/\",\"name\":\"Ikastikos Kiklos - Zografik\u00ed - Metaxotyp\u00edes - T\u00e9chniPainting - Silk Screen - Art\",\"description\":\"\",\"publisher\":{\"@id\":\"https:\\\/\\\/ikastikos-kiklos.com\\\/en\\\/#organization\"},\"potentialAction\":[{\"@type\":\"SearchAction\",\"target\":{\"@type\":\"EntryPoint\",\"urlTemplate\":\"https:\\\/\\\/ikastikos-kiklos.com\\\/en\\\/?s={search_term_string}\"},\"query-input\":{\"@type\":\"PropertyValueSpecification\",\"valueRequired\":true,\"valueName\":\"search_term_string\"}}],\"inLanguage\":\"en-US\"},{\"@type\":\"Organization\",\"@id\":\"https:\\\/\\\/ikastikos-kiklos.com\\\/en\\\/#organization\",\"name\":\"Ikastikos Kiklos - Zografik\u00ed - Metaxotyp\u00edes - T\u00e9chniPainting - Silk Screen - Art\",\"url\":\"https:\\\/\\\/ikastikos-kiklos.com\\\/en\\\/\",\"logo\":{\"@type\":\"ImageObject\",\"inLanguage\":\"en-US\",\"@id\":\"https:\\\/\\\/ikastikos-kiklos.com\\\/en\\\/#\\\/schema\\\/logo\\\/image\\\/\",\"url\":\"https:\\\/\\\/ikastikos-kiklos.com\\\/wp-content\\\/uploads\\\/2022\\\/10\\\/cropped-favicon_ikastikos.png\",\"contentUrl\":\"https:\\\/\\\/ikastikos-kiklos.com\\\/wp-content\\\/uploads\\\/2022\\\/10\\\/cropped-favicon_ikastikos.png\",\"width\":512,\"height\":512,\"caption\":\"Ikastikos Kiklos - Zografik\u00ed - Metaxotyp\u00edes - T\u00e9chniPainting - Silk Screen - Art\"},\"image\":{\"@id\":\"https:\\\/\\\/ikastikos-kiklos.com\\\/en\\\/#\\\/schema\\\/logo\\\/image\\\/\"},\"sameAs\":[\"https:\\\/\\\/www.facebook.com\\\/ikastikoskiklossianti\\\/\"]}]}<\/script>\n<!-- \/ Yoast SEO plugin. -->","yoast_head_json":{"title":"Charos Manolis Painter Artist at Ikastikos Kiklos Sianti","description":"Charos Manolis Painter Artist at Ikastikos Kiklos Sianti. Artworks by Manolis Charos in our collections.","robots":{"index":"index","follow":"follow","max-snippet":"max-snippet:-1","max-image-preview":"max-image-preview:large","max-video-preview":"max-video-preview:-1"},"canonical":"https:\/\/ikastikos-kiklos.com\/en\/painters\/charos-manolis\/","og_locale":"en_US","og_type":"article","og_title":"Charos Manolis Painter Artist at Ikastikos Kiklos Sianti","og_description":"Charos Manolis Painter Artist at Ikastikos Kiklos Sianti. Artworks by Manolis Charos in our collections.","og_url":"https:\/\/ikastikos-kiklos.com\/en\/painters\/charos-manolis\/","og_site_name":"Ikastikos Kiklos - Zografik\u00ed - Metaxotyp\u00edes - T\u00e9chniPainting - Silk Screen - Art","article_publisher":"https:\/\/www.facebook.com\/ikastikoskiklossianti\/","article_modified_time":"2020-07-03T17:46:45+00:00","og_image":[{"url":"https:\/\/ikastikos-kiklos.com\/wp-content\/uploads\/2020\/07\/\u039c\u0391\u039d\u03a9\u039b\u0397\u03a3-\u03a7\u0391\u03a1\u039f\u03a3-1.jpg","type":"","width":"","height":""}],"twitter_card":"summary_large_image","twitter_misc":{"Est. reading time":"1 minute"},"schema":{"@context":"https:\/\/schema.org","@graph":[{"@type":"WebPage","@id":"https:\/\/ikastikos-kiklos.com\/en\/painters\/charos-manolis\/","url":"https:\/\/ikastikos-kiklos.com\/en\/painters\/charos-manolis\/","name":"Charos Manolis Painter Artist at Ikastikos Kiklos Sianti","isPartOf":{"@id":"https:\/\/ikastikos-kiklos.com\/en\/#website"},"datePublished":"2016-07-11T14:16:48+00:00","dateModified":"2020-07-03T17:46:45+00:00","description":"Charos Manolis Painter Artist at Ikastikos Kiklos Sianti. Artworks by Manolis Charos in our collections.","breadcrumb":{"@id":"https:\/\/ikastikos-kiklos.com\/en\/painters\/charos-manolis\/#breadcrumb"},"inLanguage":"en-US","potentialAction":[{"@type":"ReadAction","target":["https:\/\/ikastikos-kiklos.com\/en\/painters\/charos-manolis\/"]}]},{"@type":"BreadcrumbList","@id":"https:\/\/ikastikos-kiklos.com\/en\/painters\/charos-manolis\/#breadcrumb","itemListElement":[{"@type":"ListItem","position":1,"name":"Home","item":"https:\/\/ikastikos-kiklos.com\/en\/"},{"@type":"ListItem","position":2,"name":"Painters","item":"https:\/\/ikastikos-kiklos.com\/en\/painters\/"},{"@type":"ListItem","position":3,"name":"Charos Manolis"}]},{"@type":"WebSite","@id":"https:\/\/ikastikos-kiklos.com\/en\/#website","url":"https:\/\/ikastikos-kiklos.com\/en\/","name":"Ikastikos Kiklos - Zografik\u00ed - Metaxotyp\u00edes - T\u00e9chniPainting - Silk Screen - Art","description":"","publisher":{"@id":"https:\/\/ikastikos-kiklos.com\/en\/#organization"},"potentialAction":[{"@type":"SearchAction","target":{"@type":"EntryPoint","urlTemplate":"https:\/\/ikastikos-kiklos.com\/en\/?s={search_term_string}"},"query-input":{"@type":"PropertyValueSpecification","valueRequired":true,"valueName":"search_term_string"}}],"inLanguage":"en-US"},{"@type":"Organization","@id":"https:\/\/ikastikos-kiklos.com\/en\/#organization","name":"Ikastikos Kiklos - Zografik\u00ed - Metaxotyp\u00edes - T\u00e9chniPainting - Silk Screen - Art","url":"https:\/\/ikastikos-kiklos.com\/en\/","logo":{"@type":"ImageObject","inLanguage":"en-US","@id":"https:\/\/ikastikos-kiklos.com\/en\/#\/schema\/logo\/image\/","url":"https:\/\/ikastikos-kiklos.com\/wp-content\/uploads\/2022\/10\/cropped-favicon_ikastikos.png","contentUrl":"https:\/\/ikastikos-kiklos.com\/wp-content\/uploads\/2022\/10\/cropped-favicon_ikastikos.png","width":512,"height":512,"caption":"Ikastikos Kiklos - Zografik\u00ed - Metaxotyp\u00edes - T\u00e9chniPainting - Silk Screen - Art"},"image":{"@id":"https:\/\/ikastikos-kiklos.com\/en\/#\/schema\/logo\/image\/"},"sameAs":["https:\/\/www.facebook.com\/ikastikoskiklossianti\/"]}]}},"_links":{"self":[{"href":"https:\/\/ikastikos-kiklos.com\/en\/wp-json\/wp\/v2\/pages\/2865","targetHints":{"allow":["GET"]}}],"collection":[{"href":"https:\/\/ikastikos-kiklos.com\/en\/wp-json\/wp\/v2\/pages"}],"about":[{"href":"https:\/\/ikastikos-kiklos.com\/en\/wp-json\/wp\/v2\/types\/page"}],"author":[{"embeddable":true,"href":"https:\/\/ikastikos-kiklos.com\/en\/wp-json\/wp\/v2\/users\/3"}],"replies":[{"embeddable":true,"href":"https:\/\/ikastikos-kiklos.com\/en\/wp-json\/wp\/v2\/comments?post=2865"}],"version-history":[{"count":0,"href":"https:\/\/ikastikos-kiklos.com\/en\/wp-json\/wp\/v2\/pages\/2865\/revisions"}],"up":[{"embeddable":true,"href":"https:\/\/ikastikos-kiklos.com\/en\/wp-json\/wp\/v2\/pages\/2905"}],"wp:attachment":[{"href":"https:\/\/ikastikos-kiklos.com\/en\/wp-json\/wp\/v2\/media?parent=2865"}],"curies":[{"name":"wp","href":"https:\/\/api.w.org\/{rel}","templated":true}]}}