{"id":2864,"date":"2016-07-11T14:17:11","date_gmt":"2016-07-11T14:17:11","guid":{"rendered":"http:\/\/ikastikos-kiklos.com\/%cf%88%cf%85%cf%87%ce%bf%cf%80%ce%b1%ce%af%ce%b4%ce%b7%cf%82-%ce%b3%ce%b9%ce%ac%ce%bd%ce%bd%ce%b7%cf%82\/?lang=en"},"modified":"2020-07-03T16:40:31","modified_gmt":"2020-07-03T13:40:31","slug":"psychopedis-yannis","status":"publish","type":"page","link":"https:\/\/ikastikos-kiklos.com\/en\/painters\/psychopedis-yannis\/","title":{"rendered":"Psychopedis Yannis"},"content":{"rendered":"<div class=\"wpb-content-wrapper\"><p>[vc_row][vc_column][vc_custom_heading text=&#8221;CV&#8221;][\/vc_column][\/vc_row][vc_row][vc_column][vc_column_text]<\/p>\n<h1 class=\"title\">Psychopedis Yannis<\/h1>\n<div class=\"description-container dynamic-content\">He was born in Athens in 1945. He <strong>studied printmaking at the Athens School of Fine Arts<\/strong> with K. Grammatopoulos (1963-1968). Before the dictatorship of 1967, <strong>he participated in activities of the students\u2019 association and in young people\u2019s rallies<\/strong>. He was a member of the art group \u2018A\u2019 and collaborated with the magazine&nbsp;<span class=\"iset_italics\">Art Review<\/span>. In his first solo exhibition (<span class=\"iset_italics\">Kerea<\/span>&nbsp;gallery, 1966) his works revealed his politicized attitude (with scenes from public demonstrations), as well as his early familiarity with German expressionism.&nbsp;<br \/>\nHe continued his studies in Academie der Bildenden Kunste, in Munich (1970-1976) on a DAAD scholarship. Then, he was invited by the Public Artistic Programme of West Berlin, and settled there until 1986. During his stay in Germany <strong>he developed considerable artistic activity, by participating in collective schemes as well<\/strong>. Meanwhile, he co-founded the art group \u2018Young Greek Realists\u2019 (1971-1973, along with Chronis Botsoglou, Cleopatra Diga, Kyriakos Katzourakis and Yiannis Valavanidis), <strong>which presented figurative paintings with a socially critical content, serving also as anti-dictatorial protest.<\/strong> Additionally, he participated in the creation of the Centre for Visual Arts (KET, 1974-1976). Over the following years, <strong>he continued to work intensively and to exhibit both in Greece and abroad.<\/strong> In 1986 he moved to Brussels and in 1993 he returned to Greece. In 1994 he was elected professor of painting at ASFA, where he taught until 2012.&nbsp;<\/div>\n<div class=\"description-container dynamic-content\"><img loading=\"lazy\" decoding=\"async\" class=\"aligncenter  wp-image-26792\" src=\"https:\/\/ikastikos-kiklos.com\/wp-content\/uploads\/2020\/07\/SPRT10418031219470a-e1558626828441.jpg\" alt=\"\" width=\"347\" height=\"347\" srcset=\"https:\/\/ikastikos-kiklos.com\/wp-content\/uploads\/2020\/07\/SPRT10418031219470a-e1558626828441.jpg 659w, https:\/\/ikastikos-kiklos.com\/wp-content\/uploads\/2020\/07\/SPRT10418031219470a-e1558626828441-300x300.jpg 300w, https:\/\/ikastikos-kiklos.com\/wp-content\/uploads\/2020\/07\/SPRT10418031219470a-e1558626828441-150x150.jpg 150w, https:\/\/ikastikos-kiklos.com\/wp-content\/uploads\/2020\/07\/SPRT10418031219470a-e1558626828441-75x75.jpg 75w, https:\/\/ikastikos-kiklos.com\/wp-content\/uploads\/2020\/07\/SPRT10418031219470a-e1558626828441-220x220.jpg 220w, https:\/\/ikastikos-kiklos.com\/wp-content\/uploads\/2020\/07\/SPRT10418031219470a-e1558626828441-140x140.jpg 140w, https:\/\/ikastikos-kiklos.com\/wp-content\/uploads\/2020\/07\/SPRT10418031219470a-e1558626828441-350x350.jpg 350w, https:\/\/ikastikos-kiklos.com\/wp-content\/uploads\/2020\/07\/SPRT10418031219470a-e1558626828441-595x595.jpg 595w, https:\/\/ikastikos-kiklos.com\/wp-content\/uploads\/2020\/07\/SPRT10418031219470a-e1558626828441-100x100.jpg 100w\" sizes=\"auto, (max-width: 347px) 100vw, 347px\" \/><br \/>\n<strong>His work, for its major part, is dominated by the realistic criticism of social, political and cultural phenomena of modern times, with references to history, the greek ancient world, european art and autobiographical memories. The detached critical stance coexists with hyper-expressive bouts of expressionist nature. He uses various techniques (oil paints, coloured pencils, acrylic paints, charcoal, mixed materials), he utilizes the photographic image in multiple ways and often creates constructions or installations by incorporating real three-dimensional objects in his works.&nbsp;<\/strong><br \/>\nHe has organized <strong>dozens of solo exhibitions worldwide<\/strong>, in private and public galleries and in museums. He has also taken part in many group exhibitions and international fairs. In the \u201880s, he started to organize retrospective exhibitions of his range of works,&nbsp;<span class=\"iset_italics\">The letter that never arrived<\/span>, in Greece and other countries (he has started creating this range since 1977 and until recently). Several retrospective exhibitions of his work have been held in Greece (1987-88, 1995, 1998, 2001, 2005, 2009). <strong>In 2004 he created the large installation,&nbsp;<span class=\"iset_italics\">Eirini Station<\/span>, for the homonymous ISAP station. Many albums on his work have been published, as well as monographs and books with his writings and essays on art<\/strong><\/div>\n<p>[\/vc_column_text][\/vc_column][\/vc_row]<\/p>\n<\/div>","protected":false},"excerpt":{"rendered":"<p>[vc_row][vc_column][vc_custom_heading text=&#8221;CV&#8221;][\/vc_column][\/vc_row][vc_row][vc_column][vc_column_text] Psychopedis Yannis He was born in Athens in 1945. He studied printmaking at &hellip;<\/p>\n","protected":false},"author":3,"featured_media":0,"parent":2905,"menu_order":0,"comment_status":"closed","ping_status":"closed","template":"page-zwgrafoi.php","meta":{"ngg_post_thumbnail":0,"footnotes":""},"class_list":["post-2864","page","type-page","status-publish","hentry"],"yoast_head":"<!-- This site is optimized with the Yoast SEO plugin v27.2 - https:\/\/yoast.com\/product\/yoast-seo-wordpress\/ -->\n<title>Psychopedis Yannis at Ikastikos Kiklos Sianti Gallery<\/title>\n<meta name=\"description\" content=\"Psychopedis Yannis at Ikastikos Kiklos Sianti Gallery\" \/>\n<meta name=\"robots\" content=\"index, follow, max-snippet:-1, max-image-preview:large, max-video-preview:-1\" \/>\n<link rel=\"canonical\" href=\"https:\/\/ikastikos-kiklos.com\/en\/painters\/psychopedis-yannis\/\" \/>\n<meta property=\"og:locale\" content=\"en_US\" \/>\n<meta property=\"og:type\" content=\"article\" \/>\n<meta property=\"og:title\" content=\"Psychopedis Yannis at Ikastikos Kiklos Sianti Gallery\" \/>\n<meta property=\"og:description\" content=\"Psychopedis Yannis at Ikastikos Kiklos Sianti Gallery\" \/>\n<meta property=\"og:url\" content=\"https:\/\/ikastikos-kiklos.com\/en\/painters\/psychopedis-yannis\/\" \/>\n<meta property=\"og:site_name\" content=\"Ikastikos Kiklos - Zografik\u00ed - Metaxotyp\u00edes - T\u00e9chniPainting - Silk Screen - Art\" \/>\n<meta property=\"article:publisher\" content=\"https:\/\/www.facebook.com\/ikastikoskiklossianti\/\" \/>\n<meta property=\"article:modified_time\" content=\"2020-07-03T13:40:31+00:00\" \/>\n<meta property=\"og:image\" content=\"https:\/\/ikastikos-kiklos.com\/wp-content\/uploads\/2020\/07\/SPRT10418031219470a-e1558626828441.jpg\" \/>\n<meta name=\"twitter:card\" content=\"summary_large_image\" \/>\n<meta name=\"twitter:label1\" content=\"Est. reading time\" \/>\n\t<meta name=\"twitter:data1\" content=\"2 minutes\" \/>\n<script type=\"application\/ld+json\" class=\"yoast-schema-graph\">{\"@context\":\"https:\/\/schema.org\",\"@graph\":[{\"@type\":\"WebPage\",\"@id\":\"https:\/\/ikastikos-kiklos.com\/en\/painters\/psychopedis-yannis\/\",\"url\":\"https:\/\/ikastikos-kiklos.com\/en\/painters\/psychopedis-yannis\/\",\"name\":\"Psychopedis Yannis at Ikastikos Kiklos Sianti Gallery\",\"isPartOf\":{\"@id\":\"https:\/\/ikastikos-kiklos.com\/en\/#website\"},\"primaryImageOfPage\":{\"@id\":\"https:\/\/ikastikos-kiklos.com\/en\/painters\/psychopedis-yannis\/#primaryimage\"},\"image\":{\"@id\":\"https:\/\/ikastikos-kiklos.com\/en\/painters\/psychopedis-yannis\/#primaryimage\"},\"thumbnailUrl\":\"https:\/\/ikastikos-kiklos.com\/wp-content\/uploads\/2020\/07\/SPRT10418031219470a-e1558626828441.jpg\",\"datePublished\":\"2016-07-11T14:17:11+00:00\",\"dateModified\":\"2020-07-03T13:40:31+00:00\",\"description\":\"Psychopedis Yannis at Ikastikos Kiklos Sianti Gallery\",\"breadcrumb\":{\"@id\":\"https:\/\/ikastikos-kiklos.com\/en\/painters\/psychopedis-yannis\/#breadcrumb\"},\"inLanguage\":\"en-US\",\"potentialAction\":[{\"@type\":\"ReadAction\",\"target\":[\"https:\/\/ikastikos-kiklos.com\/en\/painters\/psychopedis-yannis\/\"]}]},{\"@type\":\"ImageObject\",\"inLanguage\":\"en-US\",\"@id\":\"https:\/\/ikastikos-kiklos.com\/en\/painters\/psychopedis-yannis\/#primaryimage\",\"url\":\"https:\/\/ikastikos-kiklos.com\/wp-content\/uploads\/2020\/07\/SPRT10418031219470a-e1558626828441.jpg\",\"contentUrl\":\"https:\/\/ikastikos-kiklos.com\/wp-content\/uploads\/2020\/07\/SPRT10418031219470a-e1558626828441.jpg\"},{\"@type\":\"BreadcrumbList\",\"@id\":\"https:\/\/ikastikos-kiklos.com\/en\/painters\/psychopedis-yannis\/#breadcrumb\",\"itemListElement\":[{\"@type\":\"ListItem\",\"position\":1,\"name\":\"Home\",\"item\":\"https:\/\/ikastikos-kiklos.com\/en\/\"},{\"@type\":\"ListItem\",\"position\":2,\"name\":\"Painters\",\"item\":\"https:\/\/ikastikos-kiklos.com\/en\/painters\/\"},{\"@type\":\"ListItem\",\"position\":3,\"name\":\"Psychopedis Yannis\"}]},{\"@type\":\"WebSite\",\"@id\":\"https:\/\/ikastikos-kiklos.com\/en\/#website\",\"url\":\"https:\/\/ikastikos-kiklos.com\/en\/\",\"name\":\"Ikastikos Kiklos - Zografik\u00ed - Metaxotyp\u00edes - T\u00e9chniPainting - Silk Screen - Art\",\"description\":\"\",\"publisher\":{\"@id\":\"https:\/\/ikastikos-kiklos.com\/en\/#organization\"},\"potentialAction\":[{\"@type\":\"SearchAction\",\"target\":{\"@type\":\"EntryPoint\",\"urlTemplate\":\"https:\/\/ikastikos-kiklos.com\/en\/?s={search_term_string}\"},\"query-input\":{\"@type\":\"PropertyValueSpecification\",\"valueRequired\":true,\"valueName\":\"search_term_string\"}}],\"inLanguage\":\"en-US\"},{\"@type\":\"Organization\",\"@id\":\"https:\/\/ikastikos-kiklos.com\/en\/#organization\",\"name\":\"Ikastikos Kiklos - Zografik\u00ed - Metaxotyp\u00edes - T\u00e9chniPainting - Silk Screen - Art\",\"url\":\"https:\/\/ikastikos-kiklos.com\/en\/\",\"logo\":{\"@type\":\"ImageObject\",\"inLanguage\":\"en-US\",\"@id\":\"https:\/\/ikastikos-kiklos.com\/en\/#\/schema\/logo\/image\/\",\"url\":\"https:\/\/ikastikos-kiklos.com\/wp-content\/uploads\/2022\/10\/cropped-favicon_ikastikos.png\",\"contentUrl\":\"https:\/\/ikastikos-kiklos.com\/wp-content\/uploads\/2022\/10\/cropped-favicon_ikastikos.png\",\"width\":512,\"height\":512,\"caption\":\"Ikastikos Kiklos - Zografik\u00ed - Metaxotyp\u00edes - T\u00e9chniPainting - Silk Screen - Art\"},\"image\":{\"@id\":\"https:\/\/ikastikos-kiklos.com\/en\/#\/schema\/logo\/image\/\"},\"sameAs\":[\"https:\/\/www.facebook.com\/ikastikoskiklossianti\/\"]}]}<\/script>\n<!-- \/ Yoast SEO plugin. -->","yoast_head_json":{"title":"Psychopedis Yannis at Ikastikos Kiklos Sianti Gallery","description":"Psychopedis Yannis at Ikastikos Kiklos Sianti Gallery","robots":{"index":"index","follow":"follow","max-snippet":"max-snippet:-1","max-image-preview":"max-image-preview:large","max-video-preview":"max-video-preview:-1"},"canonical":"https:\/\/ikastikos-kiklos.com\/en\/painters\/psychopedis-yannis\/","og_locale":"en_US","og_type":"article","og_title":"Psychopedis Yannis at Ikastikos Kiklos Sianti Gallery","og_description":"Psychopedis Yannis at Ikastikos Kiklos Sianti Gallery","og_url":"https:\/\/ikastikos-kiklos.com\/en\/painters\/psychopedis-yannis\/","og_site_name":"Ikastikos Kiklos - Zografik\u00ed - Metaxotyp\u00edes - T\u00e9chniPainting - Silk Screen - Art","article_publisher":"https:\/\/www.facebook.com\/ikastikoskiklossianti\/","article_modified_time":"2020-07-03T13:40:31+00:00","og_image":[{"url":"https:\/\/ikastikos-kiklos.com\/wp-content\/uploads\/2020\/07\/SPRT10418031219470a-e1558626828441.jpg","type":"","width":"","height":""}],"twitter_card":"summary_large_image","twitter_misc":{"Est. reading time":"2 minutes"},"schema":{"@context":"https:\/\/schema.org","@graph":[{"@type":"WebPage","@id":"https:\/\/ikastikos-kiklos.com\/en\/painters\/psychopedis-yannis\/","url":"https:\/\/ikastikos-kiklos.com\/en\/painters\/psychopedis-yannis\/","name":"Psychopedis Yannis at Ikastikos Kiklos Sianti Gallery","isPartOf":{"@id":"https:\/\/ikastikos-kiklos.com\/en\/#website"},"primaryImageOfPage":{"@id":"https:\/\/ikastikos-kiklos.com\/en\/painters\/psychopedis-yannis\/#primaryimage"},"image":{"@id":"https:\/\/ikastikos-kiklos.com\/en\/painters\/psychopedis-yannis\/#primaryimage"},"thumbnailUrl":"https:\/\/ikastikos-kiklos.com\/wp-content\/uploads\/2020\/07\/SPRT10418031219470a-e1558626828441.jpg","datePublished":"2016-07-11T14:17:11+00:00","dateModified":"2020-07-03T13:40:31+00:00","description":"Psychopedis Yannis at Ikastikos Kiklos Sianti Gallery","breadcrumb":{"@id":"https:\/\/ikastikos-kiklos.com\/en\/painters\/psychopedis-yannis\/#breadcrumb"},"inLanguage":"en-US","potentialAction":[{"@type":"ReadAction","target":["https:\/\/ikastikos-kiklos.com\/en\/painters\/psychopedis-yannis\/"]}]},{"@type":"ImageObject","inLanguage":"en-US","@id":"https:\/\/ikastikos-kiklos.com\/en\/painters\/psychopedis-yannis\/#primaryimage","url":"https:\/\/ikastikos-kiklos.com\/wp-content\/uploads\/2020\/07\/SPRT10418031219470a-e1558626828441.jpg","contentUrl":"https:\/\/ikastikos-kiklos.com\/wp-content\/uploads\/2020\/07\/SPRT10418031219470a-e1558626828441.jpg"},{"@type":"BreadcrumbList","@id":"https:\/\/ikastikos-kiklos.com\/en\/painters\/psychopedis-yannis\/#breadcrumb","itemListElement":[{"@type":"ListItem","position":1,"name":"Home","item":"https:\/\/ikastikos-kiklos.com\/en\/"},{"@type":"ListItem","position":2,"name":"Painters","item":"https:\/\/ikastikos-kiklos.com\/en\/painters\/"},{"@type":"ListItem","position":3,"name":"Psychopedis Yannis"}]},{"@type":"WebSite","@id":"https:\/\/ikastikos-kiklos.com\/en\/#website","url":"https:\/\/ikastikos-kiklos.com\/en\/","name":"Ikastikos Kiklos - Zografik\u00ed - Metaxotyp\u00edes - T\u00e9chniPainting - Silk Screen - Art","description":"","publisher":{"@id":"https:\/\/ikastikos-kiklos.com\/en\/#organization"},"potentialAction":[{"@type":"SearchAction","target":{"@type":"EntryPoint","urlTemplate":"https:\/\/ikastikos-kiklos.com\/en\/?s={search_term_string}"},"query-input":{"@type":"PropertyValueSpecification","valueRequired":true,"valueName":"search_term_string"}}],"inLanguage":"en-US"},{"@type":"Organization","@id":"https:\/\/ikastikos-kiklos.com\/en\/#organization","name":"Ikastikos Kiklos - Zografik\u00ed - Metaxotyp\u00edes - T\u00e9chniPainting - Silk Screen - Art","url":"https:\/\/ikastikos-kiklos.com\/en\/","logo":{"@type":"ImageObject","inLanguage":"en-US","@id":"https:\/\/ikastikos-kiklos.com\/en\/#\/schema\/logo\/image\/","url":"https:\/\/ikastikos-kiklos.com\/wp-content\/uploads\/2022\/10\/cropped-favicon_ikastikos.png","contentUrl":"https:\/\/ikastikos-kiklos.com\/wp-content\/uploads\/2022\/10\/cropped-favicon_ikastikos.png","width":512,"height":512,"caption":"Ikastikos Kiklos - Zografik\u00ed - Metaxotyp\u00edes - T\u00e9chniPainting - Silk Screen - Art"},"image":{"@id":"https:\/\/ikastikos-kiklos.com\/en\/#\/schema\/logo\/image\/"},"sameAs":["https:\/\/www.facebook.com\/ikastikoskiklossianti\/"]}]}},"_links":{"self":[{"href":"https:\/\/ikastikos-kiklos.com\/en\/wp-json\/wp\/v2\/pages\/2864","targetHints":{"allow":["GET"]}}],"collection":[{"href":"https:\/\/ikastikos-kiklos.com\/en\/wp-json\/wp\/v2\/pages"}],"about":[{"href":"https:\/\/ikastikos-kiklos.com\/en\/wp-json\/wp\/v2\/types\/page"}],"author":[{"embeddable":true,"href":"https:\/\/ikastikos-kiklos.com\/en\/wp-json\/wp\/v2\/users\/3"}],"replies":[{"embeddable":true,"href":"https:\/\/ikastikos-kiklos.com\/en\/wp-json\/wp\/v2\/comments?post=2864"}],"version-history":[{"count":0,"href":"https:\/\/ikastikos-kiklos.com\/en\/wp-json\/wp\/v2\/pages\/2864\/revisions"}],"up":[{"embeddable":true,"href":"https:\/\/ikastikos-kiklos.com\/en\/wp-json\/wp\/v2\/pages\/2905"}],"wp:attachment":[{"href":"https:\/\/ikastikos-kiklos.com\/en\/wp-json\/wp\/v2\/media?parent=2864"}],"curies":[{"name":"wp","href":"https:\/\/api.w.org\/{rel}","templated":true}]}}