{"id":2863,"date":"2016-07-11T14:12:25","date_gmt":"2016-07-11T14:12:25","guid":{"rendered":"http:\/\/ikastikos-kiklos.com\/%cf%83%ce%b1%cf%81%ce%b1%ce%ba%ce%b1%cf%84%cf%83%ce%b9%ce%ac%ce%bd%ce%bf%cf%82-%cf%87%cf%81%ce%ae%cf%83%cf%84%ce%bf%cf%82\/?lang=en"},"modified":"2020-07-03T16:22:12","modified_gmt":"2020-07-03T13:22:12","slug":"sarakatsianos-christos","status":"publish","type":"page","link":"https:\/\/ikastikos-kiklos.com\/en\/painters\/sarakatsianos-christos\/","title":{"rendered":"Sarakatsianos Christos"},"content":{"rendered":"<div class=\"wpb-content-wrapper\"><p>[vc_row][vc_column][vc_column_text]<\/p>\n<h2>CV<\/h2>\n<p>[\/vc_column_text][vc_empty_space][vc_column_text]<\/p>\n<h2>Christos Sarakatsianos<\/h2>\n<p>Born in 1937 in Megali Gotista, Ioannina, <strong>he was first taught in art by religious icon painter Giorgos Kasakos and Panos Sarafianos<\/strong>. He then <strong>studied at the Athens School of Fine Arts<\/strong>, initially in the sculpture workshop of Thanassis Apartis and later under Yannis Moralis, on a Greek state scholarship. He <strong>studied also stage design and decorative art<\/strong>. Graduating in 1967, between 1967-1973 he travelled around Europe visiting museums and studying the trends in contemporary art. <strong>He also studied ancient Greek, Byzantine and folk art.&nbsp;<\/strong><\/p>\n<p><img loading=\"lazy\" decoding=\"async\" class=\"aligncenter size-full wp-image-26783\" src=\"https:\/\/ikastikos-kiklos.com\/wp-content\/uploads\/2020\/07\/unnamed.jpg\" alt=\"\" width=\"404\" height=\"512\" srcset=\"https:\/\/ikastikos-kiklos.com\/wp-content\/uploads\/2020\/07\/unnamed.jpg 404w, https:\/\/ikastikos-kiklos.com\/wp-content\/uploads\/2020\/07\/unnamed-237x300.jpg 237w, https:\/\/ikastikos-kiklos.com\/wp-content\/uploads\/2020\/07\/unnamed-220x279.jpg 220w, https:\/\/ikastikos-kiklos.com\/wp-content\/uploads\/2020\/07\/unnamed-140x177.jpg 140w, https:\/\/ikastikos-kiklos.com\/wp-content\/uploads\/2020\/07\/unnamed-350x444.jpg 350w\" sizes=\"auto, (max-width: 404px) 100vw, 404px\" \/><br \/>\n<strong>He presented his first solo exhibition in Athens in 1982<\/strong>, at the \u201cOra\u201d Cultural Centre. The main motif in his painting and printmaking is the nude female \u2014and less frequently male\u2014 body. <strong>In painting he uses mostly acrylic and oil.<\/strong> The figures are sometimes rendered incomplete or with an arbitrary anatomy, using vivid flat colours and clear outlines dominated by curved lines. <strong>They are often accompanied by abstract elements of a strongly geometrical character that shape the background.<\/strong> The artist\u2019s <strong>personal idiom was shaped by assimilating cubist, expressionist and surrealist elements, with additional references to geometric abstraction and ancient vase-painting. The content of his works reflects his preoccupation with the phenomena of life, fertility and death.&nbsp;<\/strong><br \/>\n<strong>His black-and-white prints demonstrate similar themes and the same codes he employs in painting. His woodcuts in particular highlights the hard, rough but also warm quality his material can exude.<\/strong> <strong>As part of his overall artistic pursuits he has illustrated and edited various publications.<\/strong> A founding member of the Copperplate Group (1977-1980), he is also active in several collective initiatives about art.&nbsp;<br \/>\n<strong>He has had solo exhibitions and participated in many group shows in Greece and abroad<\/strong> (Italy, Belgium, Australia, Bulgaria, Germany, Cyprus). <strong>His works can be found in museums and galleries<\/strong> (National Gallery, Vorres Museum, Museum of Contemporary Art \u2013 Andros, National Bank of Greece, Municipal Galleries of Athens, Rhodes, Herakleion, etc.) as well as in private collections in Greece, Europe, American and Japan.[\/vc_column_text][\/vc_column][\/vc_row]<\/p>\n<\/div>","protected":false},"excerpt":{"rendered":"<p>[vc_row][vc_column][vc_column_text] CV [\/vc_column_text][vc_empty_space][vc_column_text] Christos Sarakatsianos Born in 1937 in Megali Gotista, Ioannina, he was first &hellip;<\/p>\n","protected":false},"author":3,"featured_media":0,"parent":2905,"menu_order":0,"comment_status":"closed","ping_status":"closed","template":"page-zwgrafoi.php","meta":{"ngg_post_thumbnail":0,"footnotes":""},"class_list":["post-2863","page","type-page","status-publish","hentry"],"yoast_head":"<!-- This site is optimized with the Yoast SEO plugin v27.2 - https:\/\/yoast.com\/product\/yoast-seo-wordpress\/ -->\n<title>Sarakatsianos Christos at Ikastikos Kiklos Sianti Gallery<\/title>\n<meta name=\"description\" content=\"Sarakatsianos Christos at Ikastikos Kiklos Sianti Gallery. Find paintings and silkscreens for sales at great prices.\" \/>\n<meta name=\"robots\" content=\"index, follow, max-snippet:-1, max-image-preview:large, max-video-preview:-1\" \/>\n<link rel=\"canonical\" href=\"https:\/\/ikastikos-kiklos.com\/en\/painters\/sarakatsianos-christos\/\" \/>\n<meta property=\"og:locale\" content=\"en_US\" \/>\n<meta property=\"og:type\" content=\"article\" \/>\n<meta property=\"og:title\" content=\"Sarakatsianos Christos at Ikastikos Kiklos Sianti Gallery\" \/>\n<meta property=\"og:description\" content=\"Sarakatsianos Christos at Ikastikos Kiklos Sianti Gallery. Find paintings and silkscreens for sales at great prices.\" \/>\n<meta property=\"og:url\" content=\"https:\/\/ikastikos-kiklos.com\/en\/painters\/sarakatsianos-christos\/\" \/>\n<meta property=\"og:site_name\" content=\"Ikastikos Kiklos - Zografik\u00ed - Metaxotyp\u00edes - T\u00e9chniPainting - Silk Screen - Art\" \/>\n<meta property=\"article:publisher\" content=\"https:\/\/www.facebook.com\/ikastikoskiklossianti\/\" \/>\n<meta property=\"article:modified_time\" content=\"2020-07-03T13:22:12+00:00\" \/>\n<meta property=\"og:image\" content=\"https:\/\/ikastikos-kiklos.com\/wp-content\/uploads\/2020\/07\/unnamed.jpg\" \/>\n<meta name=\"twitter:card\" content=\"summary_large_image\" \/>\n<meta name=\"twitter:label1\" content=\"Est. reading time\" \/>\n\t<meta name=\"twitter:data1\" content=\"2 minutes\" \/>\n<script type=\"application\/ld+json\" class=\"yoast-schema-graph\">{\"@context\":\"https:\/\/schema.org\",\"@graph\":[{\"@type\":\"WebPage\",\"@id\":\"https:\/\/ikastikos-kiklos.com\/en\/painters\/sarakatsianos-christos\/\",\"url\":\"https:\/\/ikastikos-kiklos.com\/en\/painters\/sarakatsianos-christos\/\",\"name\":\"Sarakatsianos Christos at Ikastikos Kiklos Sianti Gallery\",\"isPartOf\":{\"@id\":\"https:\/\/ikastikos-kiklos.com\/en\/#website\"},\"primaryImageOfPage\":{\"@id\":\"https:\/\/ikastikos-kiklos.com\/en\/painters\/sarakatsianos-christos\/#primaryimage\"},\"image\":{\"@id\":\"https:\/\/ikastikos-kiklos.com\/en\/painters\/sarakatsianos-christos\/#primaryimage\"},\"thumbnailUrl\":\"https:\/\/ikastikos-kiklos.com\/wp-content\/uploads\/2020\/07\/unnamed.jpg\",\"datePublished\":\"2016-07-11T14:12:25+00:00\",\"dateModified\":\"2020-07-03T13:22:12+00:00\",\"description\":\"Sarakatsianos Christos at Ikastikos Kiklos Sianti Gallery. Find paintings and silkscreens for sales at great prices.\",\"breadcrumb\":{\"@id\":\"https:\/\/ikastikos-kiklos.com\/en\/painters\/sarakatsianos-christos\/#breadcrumb\"},\"inLanguage\":\"en-US\",\"potentialAction\":[{\"@type\":\"ReadAction\",\"target\":[\"https:\/\/ikastikos-kiklos.com\/en\/painters\/sarakatsianos-christos\/\"]}]},{\"@type\":\"ImageObject\",\"inLanguage\":\"en-US\",\"@id\":\"https:\/\/ikastikos-kiklos.com\/en\/painters\/sarakatsianos-christos\/#primaryimage\",\"url\":\"https:\/\/ikastikos-kiklos.com\/wp-content\/uploads\/2020\/07\/unnamed.jpg\",\"contentUrl\":\"https:\/\/ikastikos-kiklos.com\/wp-content\/uploads\/2020\/07\/unnamed.jpg\"},{\"@type\":\"BreadcrumbList\",\"@id\":\"https:\/\/ikastikos-kiklos.com\/en\/painters\/sarakatsianos-christos\/#breadcrumb\",\"itemListElement\":[{\"@type\":\"ListItem\",\"position\":1,\"name\":\"Home\",\"item\":\"https:\/\/ikastikos-kiklos.com\/en\/\"},{\"@type\":\"ListItem\",\"position\":2,\"name\":\"Painters\",\"item\":\"https:\/\/ikastikos-kiklos.com\/en\/painters\/\"},{\"@type\":\"ListItem\",\"position\":3,\"name\":\"Sarakatsianos Christos\"}]},{\"@type\":\"WebSite\",\"@id\":\"https:\/\/ikastikos-kiklos.com\/en\/#website\",\"url\":\"https:\/\/ikastikos-kiklos.com\/en\/\",\"name\":\"Ikastikos Kiklos - Zografik\u00ed - Metaxotyp\u00edes - T\u00e9chniPainting - Silk Screen - Art\",\"description\":\"\",\"publisher\":{\"@id\":\"https:\/\/ikastikos-kiklos.com\/en\/#organization\"},\"potentialAction\":[{\"@type\":\"SearchAction\",\"target\":{\"@type\":\"EntryPoint\",\"urlTemplate\":\"https:\/\/ikastikos-kiklos.com\/en\/?s={search_term_string}\"},\"query-input\":{\"@type\":\"PropertyValueSpecification\",\"valueRequired\":true,\"valueName\":\"search_term_string\"}}],\"inLanguage\":\"en-US\"},{\"@type\":\"Organization\",\"@id\":\"https:\/\/ikastikos-kiklos.com\/en\/#organization\",\"name\":\"Ikastikos Kiklos - Zografik\u00ed - Metaxotyp\u00edes - T\u00e9chniPainting - Silk Screen - Art\",\"url\":\"https:\/\/ikastikos-kiklos.com\/en\/\",\"logo\":{\"@type\":\"ImageObject\",\"inLanguage\":\"en-US\",\"@id\":\"https:\/\/ikastikos-kiklos.com\/en\/#\/schema\/logo\/image\/\",\"url\":\"https:\/\/ikastikos-kiklos.com\/wp-content\/uploads\/2022\/10\/cropped-favicon_ikastikos.png\",\"contentUrl\":\"https:\/\/ikastikos-kiklos.com\/wp-content\/uploads\/2022\/10\/cropped-favicon_ikastikos.png\",\"width\":512,\"height\":512,\"caption\":\"Ikastikos Kiklos - Zografik\u00ed - Metaxotyp\u00edes - T\u00e9chniPainting - Silk Screen - Art\"},\"image\":{\"@id\":\"https:\/\/ikastikos-kiklos.com\/en\/#\/schema\/logo\/image\/\"},\"sameAs\":[\"https:\/\/www.facebook.com\/ikastikoskiklossianti\/\"]}]}<\/script>\n<!-- \/ Yoast SEO plugin. -->","yoast_head_json":{"title":"Sarakatsianos Christos at Ikastikos Kiklos Sianti Gallery","description":"Sarakatsianos Christos at Ikastikos Kiklos Sianti Gallery. Find paintings and silkscreens for sales at great prices.","robots":{"index":"index","follow":"follow","max-snippet":"max-snippet:-1","max-image-preview":"max-image-preview:large","max-video-preview":"max-video-preview:-1"},"canonical":"https:\/\/ikastikos-kiklos.com\/en\/painters\/sarakatsianos-christos\/","og_locale":"en_US","og_type":"article","og_title":"Sarakatsianos Christos at Ikastikos Kiklos Sianti Gallery","og_description":"Sarakatsianos Christos at Ikastikos Kiklos Sianti Gallery. Find paintings and silkscreens for sales at great prices.","og_url":"https:\/\/ikastikos-kiklos.com\/en\/painters\/sarakatsianos-christos\/","og_site_name":"Ikastikos Kiklos - Zografik\u00ed - Metaxotyp\u00edes - T\u00e9chniPainting - Silk Screen - Art","article_publisher":"https:\/\/www.facebook.com\/ikastikoskiklossianti\/","article_modified_time":"2020-07-03T13:22:12+00:00","og_image":[{"url":"https:\/\/ikastikos-kiklos.com\/wp-content\/uploads\/2020\/07\/unnamed.jpg","type":"","width":"","height":""}],"twitter_card":"summary_large_image","twitter_misc":{"Est. reading time":"2 minutes"},"schema":{"@context":"https:\/\/schema.org","@graph":[{"@type":"WebPage","@id":"https:\/\/ikastikos-kiklos.com\/en\/painters\/sarakatsianos-christos\/","url":"https:\/\/ikastikos-kiklos.com\/en\/painters\/sarakatsianos-christos\/","name":"Sarakatsianos Christos at Ikastikos Kiklos Sianti Gallery","isPartOf":{"@id":"https:\/\/ikastikos-kiklos.com\/en\/#website"},"primaryImageOfPage":{"@id":"https:\/\/ikastikos-kiklos.com\/en\/painters\/sarakatsianos-christos\/#primaryimage"},"image":{"@id":"https:\/\/ikastikos-kiklos.com\/en\/painters\/sarakatsianos-christos\/#primaryimage"},"thumbnailUrl":"https:\/\/ikastikos-kiklos.com\/wp-content\/uploads\/2020\/07\/unnamed.jpg","datePublished":"2016-07-11T14:12:25+00:00","dateModified":"2020-07-03T13:22:12+00:00","description":"Sarakatsianos Christos at Ikastikos Kiklos Sianti Gallery. Find paintings and silkscreens for sales at great prices.","breadcrumb":{"@id":"https:\/\/ikastikos-kiklos.com\/en\/painters\/sarakatsianos-christos\/#breadcrumb"},"inLanguage":"en-US","potentialAction":[{"@type":"ReadAction","target":["https:\/\/ikastikos-kiklos.com\/en\/painters\/sarakatsianos-christos\/"]}]},{"@type":"ImageObject","inLanguage":"en-US","@id":"https:\/\/ikastikos-kiklos.com\/en\/painters\/sarakatsianos-christos\/#primaryimage","url":"https:\/\/ikastikos-kiklos.com\/wp-content\/uploads\/2020\/07\/unnamed.jpg","contentUrl":"https:\/\/ikastikos-kiklos.com\/wp-content\/uploads\/2020\/07\/unnamed.jpg"},{"@type":"BreadcrumbList","@id":"https:\/\/ikastikos-kiklos.com\/en\/painters\/sarakatsianos-christos\/#breadcrumb","itemListElement":[{"@type":"ListItem","position":1,"name":"Home","item":"https:\/\/ikastikos-kiklos.com\/en\/"},{"@type":"ListItem","position":2,"name":"Painters","item":"https:\/\/ikastikos-kiklos.com\/en\/painters\/"},{"@type":"ListItem","position":3,"name":"Sarakatsianos Christos"}]},{"@type":"WebSite","@id":"https:\/\/ikastikos-kiklos.com\/en\/#website","url":"https:\/\/ikastikos-kiklos.com\/en\/","name":"Ikastikos Kiklos - Zografik\u00ed - Metaxotyp\u00edes - T\u00e9chniPainting - Silk Screen - Art","description":"","publisher":{"@id":"https:\/\/ikastikos-kiklos.com\/en\/#organization"},"potentialAction":[{"@type":"SearchAction","target":{"@type":"EntryPoint","urlTemplate":"https:\/\/ikastikos-kiklos.com\/en\/?s={search_term_string}"},"query-input":{"@type":"PropertyValueSpecification","valueRequired":true,"valueName":"search_term_string"}}],"inLanguage":"en-US"},{"@type":"Organization","@id":"https:\/\/ikastikos-kiklos.com\/en\/#organization","name":"Ikastikos Kiklos - Zografik\u00ed - Metaxotyp\u00edes - T\u00e9chniPainting - Silk Screen - Art","url":"https:\/\/ikastikos-kiklos.com\/en\/","logo":{"@type":"ImageObject","inLanguage":"en-US","@id":"https:\/\/ikastikos-kiklos.com\/en\/#\/schema\/logo\/image\/","url":"https:\/\/ikastikos-kiklos.com\/wp-content\/uploads\/2022\/10\/cropped-favicon_ikastikos.png","contentUrl":"https:\/\/ikastikos-kiklos.com\/wp-content\/uploads\/2022\/10\/cropped-favicon_ikastikos.png","width":512,"height":512,"caption":"Ikastikos Kiklos - Zografik\u00ed - Metaxotyp\u00edes - T\u00e9chniPainting - Silk Screen - Art"},"image":{"@id":"https:\/\/ikastikos-kiklos.com\/en\/#\/schema\/logo\/image\/"},"sameAs":["https:\/\/www.facebook.com\/ikastikoskiklossianti\/"]}]}},"_links":{"self":[{"href":"https:\/\/ikastikos-kiklos.com\/en\/wp-json\/wp\/v2\/pages\/2863","targetHints":{"allow":["GET"]}}],"collection":[{"href":"https:\/\/ikastikos-kiklos.com\/en\/wp-json\/wp\/v2\/pages"}],"about":[{"href":"https:\/\/ikastikos-kiklos.com\/en\/wp-json\/wp\/v2\/types\/page"}],"author":[{"embeddable":true,"href":"https:\/\/ikastikos-kiklos.com\/en\/wp-json\/wp\/v2\/users\/3"}],"replies":[{"embeddable":true,"href":"https:\/\/ikastikos-kiklos.com\/en\/wp-json\/wp\/v2\/comments?post=2863"}],"version-history":[{"count":0,"href":"https:\/\/ikastikos-kiklos.com\/en\/wp-json\/wp\/v2\/pages\/2863\/revisions"}],"up":[{"embeddable":true,"href":"https:\/\/ikastikos-kiklos.com\/en\/wp-json\/wp\/v2\/pages\/2905"}],"wp:attachment":[{"href":"https:\/\/ikastikos-kiklos.com\/en\/wp-json\/wp\/v2\/media?parent=2863"}],"curies":[{"name":"wp","href":"https:\/\/api.w.org\/{rel}","templated":true}]}}