{"id":2858,"date":"2016-07-11T14:09:07","date_gmt":"2016-07-11T14:09:07","guid":{"rendered":"http:\/\/ikastikos-kiklos.com\/%ce%bc%cf%80%ce%bf%cf%85%cf%84%ce%ad%ce%b1%cf%82-%ce%b3%ce%b9%ce%ac%ce%bd%ce%bd%ce%b7%cf%82\/?lang=en"},"modified":"2020-07-03T20:54:23","modified_gmt":"2020-07-03T17:54:23","slug":"bouteas-yiannis","status":"publish","type":"page","link":"https:\/\/ikastikos-kiklos.com\/en\/painters\/bouteas-yiannis\/","title":{"rendered":"Bouteas Yiannis"},"content":{"rendered":"<div class=\"wpb-content-wrapper\"><p>[vc_row][vc_column][vc_column_text]<img loading=\"lazy\" decoding=\"async\" class=\"aligncenter size-large wp-image-18004\" src=\"https:\/\/ikastikos-kiklos.com\/wp-content\/uploads\/2018\/12\/yannis-bouteas-image-1024x773.jpg\" alt=\"\" width=\"1024\" height=\"773\" srcset=\"https:\/\/ikastikos-kiklos.com\/wp-content\/uploads\/2018\/12\/yannis-bouteas-image-1024x773.jpg 1024w, https:\/\/ikastikos-kiklos.com\/wp-content\/uploads\/2018\/12\/yannis-bouteas-image-300x227.jpg 300w, https:\/\/ikastikos-kiklos.com\/wp-content\/uploads\/2018\/12\/yannis-bouteas-image-768x580.jpg 768w, https:\/\/ikastikos-kiklos.com\/wp-content\/uploads\/2018\/12\/yannis-bouteas-image-680x514.jpg 680w, https:\/\/ikastikos-kiklos.com\/wp-content\/uploads\/2018\/12\/yannis-bouteas-image-700x529.jpg 700w, https:\/\/ikastikos-kiklos.com\/wp-content\/uploads\/2018\/12\/yannis-bouteas-image-220x166.jpg 220w, https:\/\/ikastikos-kiklos.com\/wp-content\/uploads\/2018\/12\/yannis-bouteas-image-140x106.jpg 140w, https:\/\/ikastikos-kiklos.com\/wp-content\/uploads\/2018\/12\/yannis-bouteas-image-940x710.jpg 940w, https:\/\/ikastikos-kiklos.com\/wp-content\/uploads\/2018\/12\/yannis-bouteas-image-350x264.jpg 350w, https:\/\/ikastikos-kiklos.com\/wp-content\/uploads\/2018\/12\/yannis-bouteas-image-595x449.jpg 595w, https:\/\/ikastikos-kiklos.com\/wp-content\/uploads\/2018\/12\/yannis-bouteas-image.jpg 1430w\" sizes=\"auto, (max-width: 1024px) 100vw, 1024px\" \/><\/p>\n<p>He was born in 1941 in Kalamata. He<strong> studied printmaking<\/strong> at the Athens School of Fine Arts with K. Grammatopoulos (1959-1964) and <strong>continued his studies<\/strong> at the Ecole des Beaux-Arts in Paris (1966-1970). Throughout his studies <strong>he was funded<\/strong> by a greek state scholarship (I.K.Y). In 1972 <strong>he moved to Paris<\/strong>, where he worked for ten years.&nbsp;<br \/>\n<strong>His work includes constructions and installations<\/strong>, which restructure each given site, based on the layout and types of materials. <strong>The use of light, either natural or artificial is his typical expressive vehicle, usually in the form of neon tubes, a material that appears as early as his first solo exhibition in Athens<\/strong> (Athens art gallery-Hilton hotel, 1972). The technological and geometrical quality of his work was emphasized through his participation in the art group&nbsp;<span class=\"iset_italics\">Processes-Systems<\/span>&nbsp;(1976), created by art theorist Emmanuel Mavromatis. However, rationalist strictness does not dominate his creative process entirely. The&nbsp;<span class=\"iset_italics\">poor<\/span>&nbsp;materials he selects (ropes and strings, stones, iron sheets, playdough, rubber, asphalt, and later mirrors), <strong>retain their autonomous expressive and conceptual power while becoming part of a larger artistic gesture, which stems from the artist\u2019s sensibility, determining the dynamic of the result. His compositions are usually spread on the floor or the walls, while occasionally he returns to the two-dimensional image and combines his constructions with painting or photographic interventions<\/strong>.&nbsp;<br \/>\nHis evolutionary phases demonstrate the profound consistency and continuity of his pursuits, but also consecutive renewals of his visual language. In his thematic series presented so far, (<span class=\"iset_italics\">Transformations, Morphogramica, Developments, Layerings<\/span>&nbsp;etc.), his interest lies sometimes in the conceptual and other times in the material-visual aspect of his work, maintaining a high artistic standard.&nbsp;<br \/>\n<strong>He presented his work in more than ten solo exhibitions and participated in group exhibitions and international events in Greece and Europe<\/strong>, such as the international printmaking exhibition in Ljubljana (1963), the Young Artists Biennale in Paris (1966, 1967), various Parisian Salons, etc. He represented Greece at the Biennales of Sao Paulo (1981) and Venice (1990).&nbsp;<br \/>\nHis retrospective exhibition entitled&nbsp;<span class=\"iset_italics\">States in Flux 1970-2004<\/span>, was presented at the Macedonian Museum of Contemporary Art (Thessaloniki, 2004). In 2007 he created the work&nbsp;<span class=\"iset_italics\">Layerings-Energy Images XVI<\/span>&nbsp;for the \u2018Kerameikos station\u2019 of the Athens Metro.[\/vc_column_text][\/vc_column][\/vc_row]<\/p>\n<\/div>","protected":false},"excerpt":{"rendered":"<p>[vc_row][vc_column][vc_column_text] He was born in 1941 in Kalamata. He studied printmaking at the Athens School &hellip;<\/p>\n","protected":false},"author":3,"featured_media":0,"parent":2905,"menu_order":0,"comment_status":"closed","ping_status":"closed","template":"page-zwgrafoi.php","meta":{"ngg_post_thumbnail":0,"footnotes":""},"class_list":["post-2858","page","type-page","status-publish","hentry"],"yoast_head":"<!-- This site is optimized with the Yoast SEO plugin v27.2 - https:\/\/yoast.com\/product\/yoast-seo-wordpress\/ -->\n<title>Bouteas Yiannis - Ikastikos Kiklos - Zografik\u00ed - Metaxotyp\u00edes - T\u00e9chniPainting - Silk Screen - Art<\/title>\n<meta name=\"robots\" content=\"index, follow, max-snippet:-1, max-image-preview:large, max-video-preview:-1\" \/>\n<link rel=\"canonical\" href=\"https:\/\/ikastikos-kiklos.com\/en\/painters\/bouteas-yiannis\/\" \/>\n<meta property=\"og:locale\" content=\"en_US\" \/>\n<meta property=\"og:type\" content=\"article\" \/>\n<meta property=\"og:title\" content=\"Bouteas Yiannis - Ikastikos Kiklos - Zografik\u00ed - Metaxotyp\u00edes - T\u00e9chniPainting - Silk Screen - Art\" \/>\n<meta property=\"og:url\" content=\"https:\/\/ikastikos-kiklos.com\/en\/painters\/bouteas-yiannis\/\" \/>\n<meta property=\"og:site_name\" content=\"Ikastikos Kiklos - Zografik\u00ed - Metaxotyp\u00edes - T\u00e9chniPainting - Silk Screen - Art\" \/>\n<meta property=\"article:publisher\" content=\"https:\/\/www.facebook.com\/ikastikoskiklossianti\/\" \/>\n<meta property=\"article:modified_time\" content=\"2020-07-03T17:54:23+00:00\" \/>\n<meta property=\"og:image\" content=\"https:\/\/ikastikos-kiklos.com\/wp-content\/uploads\/2018\/12\/yannis-bouteas-image-1024x773.jpg\" \/>\n<meta name=\"twitter:card\" content=\"summary_large_image\" \/>\n<meta name=\"twitter:label1\" content=\"Est. reading time\" \/>\n\t<meta name=\"twitter:data1\" content=\"2 minutes\" \/>\n<script type=\"application\/ld+json\" class=\"yoast-schema-graph\">{\"@context\":\"https:\/\/schema.org\",\"@graph\":[{\"@type\":\"WebPage\",\"@id\":\"https:\/\/ikastikos-kiklos.com\/en\/painters\/bouteas-yiannis\/\",\"url\":\"https:\/\/ikastikos-kiklos.com\/en\/painters\/bouteas-yiannis\/\",\"name\":\"Bouteas Yiannis - Ikastikos Kiklos - Zografik\u00ed - Metaxotyp\u00edes - T\u00e9chniPainting - Silk Screen - Art\",\"isPartOf\":{\"@id\":\"https:\/\/ikastikos-kiklos.com\/en\/#website\"},\"primaryImageOfPage\":{\"@id\":\"https:\/\/ikastikos-kiklos.com\/en\/painters\/bouteas-yiannis\/#primaryimage\"},\"image\":{\"@id\":\"https:\/\/ikastikos-kiklos.com\/en\/painters\/bouteas-yiannis\/#primaryimage\"},\"thumbnailUrl\":\"https:\/\/ikastikos-kiklos.com\/wp-content\/uploads\/2018\/12\/yannis-bouteas-image-1024x773.jpg\",\"datePublished\":\"2016-07-11T14:09:07+00:00\",\"dateModified\":\"2020-07-03T17:54:23+00:00\",\"breadcrumb\":{\"@id\":\"https:\/\/ikastikos-kiklos.com\/en\/painters\/bouteas-yiannis\/#breadcrumb\"},\"inLanguage\":\"en-US\",\"potentialAction\":[{\"@type\":\"ReadAction\",\"target\":[\"https:\/\/ikastikos-kiklos.com\/en\/painters\/bouteas-yiannis\/\"]}]},{\"@type\":\"ImageObject\",\"inLanguage\":\"en-US\",\"@id\":\"https:\/\/ikastikos-kiklos.com\/en\/painters\/bouteas-yiannis\/#primaryimage\",\"url\":\"https:\/\/ikastikos-kiklos.com\/wp-content\/uploads\/2018\/12\/yannis-bouteas-image-1024x773.jpg\",\"contentUrl\":\"https:\/\/ikastikos-kiklos.com\/wp-content\/uploads\/2018\/12\/yannis-bouteas-image-1024x773.jpg\"},{\"@type\":\"BreadcrumbList\",\"@id\":\"https:\/\/ikastikos-kiklos.com\/en\/painters\/bouteas-yiannis\/#breadcrumb\",\"itemListElement\":[{\"@type\":\"ListItem\",\"position\":1,\"name\":\"Home\",\"item\":\"https:\/\/ikastikos-kiklos.com\/en\/\"},{\"@type\":\"ListItem\",\"position\":2,\"name\":\"Painters\",\"item\":\"https:\/\/ikastikos-kiklos.com\/en\/painters\/\"},{\"@type\":\"ListItem\",\"position\":3,\"name\":\"Bouteas Yiannis\"}]},{\"@type\":\"WebSite\",\"@id\":\"https:\/\/ikastikos-kiklos.com\/en\/#website\",\"url\":\"https:\/\/ikastikos-kiklos.com\/en\/\",\"name\":\"Ikastikos Kiklos - Zografik\u00ed - Metaxotyp\u00edes - T\u00e9chniPainting - Silk Screen - Art\",\"description\":\"\",\"publisher\":{\"@id\":\"https:\/\/ikastikos-kiklos.com\/en\/#organization\"},\"potentialAction\":[{\"@type\":\"SearchAction\",\"target\":{\"@type\":\"EntryPoint\",\"urlTemplate\":\"https:\/\/ikastikos-kiklos.com\/en\/?s={search_term_string}\"},\"query-input\":{\"@type\":\"PropertyValueSpecification\",\"valueRequired\":true,\"valueName\":\"search_term_string\"}}],\"inLanguage\":\"en-US\"},{\"@type\":\"Organization\",\"@id\":\"https:\/\/ikastikos-kiklos.com\/en\/#organization\",\"name\":\"Ikastikos Kiklos - Zografik\u00ed - Metaxotyp\u00edes - T\u00e9chniPainting - Silk Screen - Art\",\"url\":\"https:\/\/ikastikos-kiklos.com\/en\/\",\"logo\":{\"@type\":\"ImageObject\",\"inLanguage\":\"en-US\",\"@id\":\"https:\/\/ikastikos-kiklos.com\/en\/#\/schema\/logo\/image\/\",\"url\":\"https:\/\/ikastikos-kiklos.com\/wp-content\/uploads\/2022\/10\/cropped-favicon_ikastikos.png\",\"contentUrl\":\"https:\/\/ikastikos-kiklos.com\/wp-content\/uploads\/2022\/10\/cropped-favicon_ikastikos.png\",\"width\":512,\"height\":512,\"caption\":\"Ikastikos Kiklos - Zografik\u00ed - Metaxotyp\u00edes - T\u00e9chniPainting - Silk Screen - Art\"},\"image\":{\"@id\":\"https:\/\/ikastikos-kiklos.com\/en\/#\/schema\/logo\/image\/\"},\"sameAs\":[\"https:\/\/www.facebook.com\/ikastikoskiklossianti\/\"]}]}<\/script>\n<!-- \/ Yoast SEO plugin. -->","yoast_head_json":{"title":"Bouteas Yiannis - Ikastikos Kiklos - Zografik\u00ed - Metaxotyp\u00edes - T\u00e9chniPainting - Silk Screen - Art","robots":{"index":"index","follow":"follow","max-snippet":"max-snippet:-1","max-image-preview":"max-image-preview:large","max-video-preview":"max-video-preview:-1"},"canonical":"https:\/\/ikastikos-kiklos.com\/en\/painters\/bouteas-yiannis\/","og_locale":"en_US","og_type":"article","og_title":"Bouteas Yiannis - Ikastikos Kiklos - Zografik\u00ed - Metaxotyp\u00edes - T\u00e9chniPainting - Silk Screen - Art","og_url":"https:\/\/ikastikos-kiklos.com\/en\/painters\/bouteas-yiannis\/","og_site_name":"Ikastikos Kiklos - Zografik\u00ed - Metaxotyp\u00edes - T\u00e9chniPainting - Silk Screen - Art","article_publisher":"https:\/\/www.facebook.com\/ikastikoskiklossianti\/","article_modified_time":"2020-07-03T17:54:23+00:00","og_image":[{"url":"https:\/\/ikastikos-kiklos.com\/wp-content\/uploads\/2018\/12\/yannis-bouteas-image-1024x773.jpg","type":"","width":"","height":""}],"twitter_card":"summary_large_image","twitter_misc":{"Est. reading time":"2 minutes"},"schema":{"@context":"https:\/\/schema.org","@graph":[{"@type":"WebPage","@id":"https:\/\/ikastikos-kiklos.com\/en\/painters\/bouteas-yiannis\/","url":"https:\/\/ikastikos-kiklos.com\/en\/painters\/bouteas-yiannis\/","name":"Bouteas Yiannis - Ikastikos Kiklos - Zografik\u00ed - Metaxotyp\u00edes - T\u00e9chniPainting - Silk Screen - Art","isPartOf":{"@id":"https:\/\/ikastikos-kiklos.com\/en\/#website"},"primaryImageOfPage":{"@id":"https:\/\/ikastikos-kiklos.com\/en\/painters\/bouteas-yiannis\/#primaryimage"},"image":{"@id":"https:\/\/ikastikos-kiklos.com\/en\/painters\/bouteas-yiannis\/#primaryimage"},"thumbnailUrl":"https:\/\/ikastikos-kiklos.com\/wp-content\/uploads\/2018\/12\/yannis-bouteas-image-1024x773.jpg","datePublished":"2016-07-11T14:09:07+00:00","dateModified":"2020-07-03T17:54:23+00:00","breadcrumb":{"@id":"https:\/\/ikastikos-kiklos.com\/en\/painters\/bouteas-yiannis\/#breadcrumb"},"inLanguage":"en-US","potentialAction":[{"@type":"ReadAction","target":["https:\/\/ikastikos-kiklos.com\/en\/painters\/bouteas-yiannis\/"]}]},{"@type":"ImageObject","inLanguage":"en-US","@id":"https:\/\/ikastikos-kiklos.com\/en\/painters\/bouteas-yiannis\/#primaryimage","url":"https:\/\/ikastikos-kiklos.com\/wp-content\/uploads\/2018\/12\/yannis-bouteas-image-1024x773.jpg","contentUrl":"https:\/\/ikastikos-kiklos.com\/wp-content\/uploads\/2018\/12\/yannis-bouteas-image-1024x773.jpg"},{"@type":"BreadcrumbList","@id":"https:\/\/ikastikos-kiklos.com\/en\/painters\/bouteas-yiannis\/#breadcrumb","itemListElement":[{"@type":"ListItem","position":1,"name":"Home","item":"https:\/\/ikastikos-kiklos.com\/en\/"},{"@type":"ListItem","position":2,"name":"Painters","item":"https:\/\/ikastikos-kiklos.com\/en\/painters\/"},{"@type":"ListItem","position":3,"name":"Bouteas Yiannis"}]},{"@type":"WebSite","@id":"https:\/\/ikastikos-kiklos.com\/en\/#website","url":"https:\/\/ikastikos-kiklos.com\/en\/","name":"Ikastikos Kiklos - Zografik\u00ed - Metaxotyp\u00edes - T\u00e9chniPainting - Silk Screen - Art","description":"","publisher":{"@id":"https:\/\/ikastikos-kiklos.com\/en\/#organization"},"potentialAction":[{"@type":"SearchAction","target":{"@type":"EntryPoint","urlTemplate":"https:\/\/ikastikos-kiklos.com\/en\/?s={search_term_string}"},"query-input":{"@type":"PropertyValueSpecification","valueRequired":true,"valueName":"search_term_string"}}],"inLanguage":"en-US"},{"@type":"Organization","@id":"https:\/\/ikastikos-kiklos.com\/en\/#organization","name":"Ikastikos Kiklos - Zografik\u00ed - Metaxotyp\u00edes - T\u00e9chniPainting - Silk Screen - Art","url":"https:\/\/ikastikos-kiklos.com\/en\/","logo":{"@type":"ImageObject","inLanguage":"en-US","@id":"https:\/\/ikastikos-kiklos.com\/en\/#\/schema\/logo\/image\/","url":"https:\/\/ikastikos-kiklos.com\/wp-content\/uploads\/2022\/10\/cropped-favicon_ikastikos.png","contentUrl":"https:\/\/ikastikos-kiklos.com\/wp-content\/uploads\/2022\/10\/cropped-favicon_ikastikos.png","width":512,"height":512,"caption":"Ikastikos Kiklos - Zografik\u00ed - Metaxotyp\u00edes - T\u00e9chniPainting - Silk Screen - Art"},"image":{"@id":"https:\/\/ikastikos-kiklos.com\/en\/#\/schema\/logo\/image\/"},"sameAs":["https:\/\/www.facebook.com\/ikastikoskiklossianti\/"]}]}},"_links":{"self":[{"href":"https:\/\/ikastikos-kiklos.com\/en\/wp-json\/wp\/v2\/pages\/2858","targetHints":{"allow":["GET"]}}],"collection":[{"href":"https:\/\/ikastikos-kiklos.com\/en\/wp-json\/wp\/v2\/pages"}],"about":[{"href":"https:\/\/ikastikos-kiklos.com\/en\/wp-json\/wp\/v2\/types\/page"}],"author":[{"embeddable":true,"href":"https:\/\/ikastikos-kiklos.com\/en\/wp-json\/wp\/v2\/users\/3"}],"replies":[{"embeddable":true,"href":"https:\/\/ikastikos-kiklos.com\/en\/wp-json\/wp\/v2\/comments?post=2858"}],"version-history":[{"count":0,"href":"https:\/\/ikastikos-kiklos.com\/en\/wp-json\/wp\/v2\/pages\/2858\/revisions"}],"up":[{"embeddable":true,"href":"https:\/\/ikastikos-kiklos.com\/en\/wp-json\/wp\/v2\/pages\/2905"}],"wp:attachment":[{"href":"https:\/\/ikastikos-kiklos.com\/en\/wp-json\/wp\/v2\/media?parent=2858"}],"curies":[{"name":"wp","href":"https:\/\/api.w.org\/{rel}","templated":true}]}}