{"id":2841,"date":"2016-07-11T14:25:33","date_gmt":"2016-07-11T14:25:33","guid":{"rendered":"http:\/\/ikastikos-kiklos.com\/%ce%ba%ce%bf%cf%85%ce%bb%ce%b5%ce%bd%cf%84%ce%b9%ce%b1%ce%bd%cf%8c%cf%82-%ce%ba%cf%8e%cf%83%cf%84%ce%b1%cf%82\/?lang=en"},"modified":"2018-12-08T14:58:38","modified_gmt":"2018-12-08T12:58:38","slug":"koulentianos-kostas","status":"publish","type":"page","link":"https:\/\/ikastikos-kiklos.com\/en\/sculptors\/koulentianos-kostas\/","title":{"rendered":"Koulentianos Kostas"},"content":{"rendered":"<div class=\"wpb-content-wrapper\"><p>[vc_row][vc_column][vc_custom_heading text=&#8221;CV&#8221;][\/vc_column][\/vc_row][vc_row][vc_column][vc_empty_space][vc_video link=&#8221;https:\/\/vimeo.com\/59654001&#8243; align=&#8221;center&#8221;][vc_empty_space][\/vc_column][\/vc_row][vc_row][vc_column][vc_column_text]<\/p>\n<header class=\"title-container\">\n<h1 class=\"title\">Kostas Koulentianos (1918-1995)<\/h1>\n<\/header>\n<div class=\"description-container dynamic-content\">\n<p>Kostas Koulentianos was born in Athens, in 1918. He studied at the Athens School of Fine Arts (1936-1939). In 1945, he went to Paris on a scholarship by the State of France. After a short term at the Beaux\u00a0Arts\u00a0and Zadkine\u2019s studio at the Grande\u00a0Chaumiere, he decided to turn his back on the academic idea of sculpture, taught in the Fine Arts Schools. His acquaintance with Henri\u00a0Laurens, in 1947, played a very significant part in the future course of his work. One of his most important periods is \u201cThe acrobats\u201d (1952 &#8211; 1959), which was followed by a turn towards abstraction. In 1962 he presents his first personal exhibition at the famous Galerie\u00a0de\u00a0France, while at the same time, he collaborates with known architects, in order to combine sculpture with architecture, creating grand sculptures for public buildings and open spaces. For the 15 last years of his life, he worked in Greece.<\/p>\n<\/div>\n<p>[\/vc_column_text][vc_empty_space][vc_single_image image=&#8221;7348&#8243; img_size=&#8221;large&#8221; alignment=&#8221;center&#8221;][\/vc_column][\/vc_row]<\/p>\n<\/div>","protected":false},"excerpt":{"rendered":"<p>[vc_row][vc_column][vc_custom_heading text=&#8221;CV&#8221;][\/vc_column][\/vc_row][vc_row][vc_column][vc_empty_space][vc_video link=&#8221;https:\/\/vimeo.com\/59654001&#8243; align=&#8221;center&#8221;][vc_empty_space][\/vc_column][\/vc_row][vc_row][vc_column][vc_column_text] Kostas Koulentianos (1918-1995) Kostas Koulentianos was born in Athens, in 1918. &hellip;<\/p>\n","protected":false},"author":3,"featured_media":0,"parent":2906,"menu_order":0,"comment_status":"closed","ping_status":"closed","template":"page-glyptes.php","meta":{"ngg_post_thumbnail":0,"footnotes":""},"class_list":["post-2841","page","type-page","status-publish","hentry"],"yoast_head":"<!-- This site is optimized with the Yoast SEO plugin v27.2 - https:\/\/yoast.com\/product\/yoast-seo-wordpress\/ -->\n<title>Koulentianos Kostas Profile at Ikastikos kiklos Sianti Gallery<\/title>\n<meta name=\"description\" content=\"Koulentianos Kostas Profile at Ikastikos kiklos Sianti Gallery. Find paintings and silkscreens at great prices\" \/>\n<meta name=\"robots\" content=\"index, follow, max-snippet:-1, max-image-preview:large, max-video-preview:-1\" \/>\n<link rel=\"canonical\" href=\"https:\/\/ikastikos-kiklos.com\/en\/sculptors\/koulentianos-kostas\/\" \/>\n<meta property=\"og:locale\" content=\"en_US\" \/>\n<meta property=\"og:type\" content=\"article\" \/>\n<meta property=\"og:title\" content=\"Koulentianos Kostas Profile at Ikastikos kiklos Sianti Gallery\" \/>\n<meta property=\"og:description\" content=\"Koulentianos Kostas Profile at Ikastikos kiklos Sianti Gallery. Find paintings and silkscreens at great prices\" \/>\n<meta property=\"og:url\" content=\"https:\/\/ikastikos-kiklos.com\/en\/sculptors\/koulentianos-kostas\/\" \/>\n<meta property=\"og:site_name\" content=\"Ikastikos Kiklos - Zografik\u00ed - Metaxotyp\u00edes - T\u00e9chniPainting - Silk Screen - Art\" \/>\n<meta property=\"article:publisher\" content=\"https:\/\/www.facebook.com\/ikastikoskiklossianti\/\" \/>\n<meta property=\"article:modified_time\" content=\"2018-12-08T12:58:38+00:00\" \/>\n<meta name=\"twitter:card\" content=\"summary_large_image\" \/>\n<meta name=\"twitter:label1\" content=\"Est. reading time\" \/>\n\t<meta name=\"twitter:data1\" content=\"1 minute\" \/>\n<script type=\"application\/ld+json\" class=\"yoast-schema-graph\">{\"@context\":\"https:\/\/schema.org\",\"@graph\":[{\"@type\":\"WebPage\",\"@id\":\"https:\/\/ikastikos-kiklos.com\/en\/sculptors\/koulentianos-kostas\/\",\"url\":\"https:\/\/ikastikos-kiklos.com\/en\/sculptors\/koulentianos-kostas\/\",\"name\":\"Koulentianos Kostas Profile at Ikastikos kiklos Sianti Gallery\",\"isPartOf\":{\"@id\":\"https:\/\/ikastikos-kiklos.com\/en\/#website\"},\"datePublished\":\"2016-07-11T14:25:33+00:00\",\"dateModified\":\"2018-12-08T12:58:38+00:00\",\"description\":\"Koulentianos Kostas Profile at Ikastikos kiklos Sianti Gallery. Find paintings and silkscreens at great prices\",\"breadcrumb\":{\"@id\":\"https:\/\/ikastikos-kiklos.com\/en\/sculptors\/koulentianos-kostas\/#breadcrumb\"},\"inLanguage\":\"en-US\",\"potentialAction\":[{\"@type\":\"ReadAction\",\"target\":[\"https:\/\/ikastikos-kiklos.com\/en\/sculptors\/koulentianos-kostas\/\"]}]},{\"@type\":\"BreadcrumbList\",\"@id\":\"https:\/\/ikastikos-kiklos.com\/en\/sculptors\/koulentianos-kostas\/#breadcrumb\",\"itemListElement\":[{\"@type\":\"ListItem\",\"position\":1,\"name\":\"Home\",\"item\":\"https:\/\/ikastikos-kiklos.com\/en\/\"},{\"@type\":\"ListItem\",\"position\":2,\"name\":\"Sculptors\",\"item\":\"https:\/\/ikastikos-kiklos.com\/en\/sculptors\/\"},{\"@type\":\"ListItem\",\"position\":3,\"name\":\"Koulentianos Kostas\"}]},{\"@type\":\"WebSite\",\"@id\":\"https:\/\/ikastikos-kiklos.com\/en\/#website\",\"url\":\"https:\/\/ikastikos-kiklos.com\/en\/\",\"name\":\"Ikastikos Kiklos - Zografik\u00ed - Metaxotyp\u00edes - T\u00e9chniPainting - Silk Screen - Art\",\"description\":\"\",\"publisher\":{\"@id\":\"https:\/\/ikastikos-kiklos.com\/en\/#organization\"},\"potentialAction\":[{\"@type\":\"SearchAction\",\"target\":{\"@type\":\"EntryPoint\",\"urlTemplate\":\"https:\/\/ikastikos-kiklos.com\/en\/?s={search_term_string}\"},\"query-input\":{\"@type\":\"PropertyValueSpecification\",\"valueRequired\":true,\"valueName\":\"search_term_string\"}}],\"inLanguage\":\"en-US\"},{\"@type\":\"Organization\",\"@id\":\"https:\/\/ikastikos-kiklos.com\/en\/#organization\",\"name\":\"Ikastikos Kiklos - Zografik\u00ed - Metaxotyp\u00edes - T\u00e9chniPainting - Silk Screen - Art\",\"url\":\"https:\/\/ikastikos-kiklos.com\/en\/\",\"logo\":{\"@type\":\"ImageObject\",\"inLanguage\":\"en-US\",\"@id\":\"https:\/\/ikastikos-kiklos.com\/en\/#\/schema\/logo\/image\/\",\"url\":\"https:\/\/ikastikos-kiklos.com\/wp-content\/uploads\/2022\/10\/cropped-favicon_ikastikos.png\",\"contentUrl\":\"https:\/\/ikastikos-kiklos.com\/wp-content\/uploads\/2022\/10\/cropped-favicon_ikastikos.png\",\"width\":512,\"height\":512,\"caption\":\"Ikastikos Kiklos - Zografik\u00ed - Metaxotyp\u00edes - T\u00e9chniPainting - Silk Screen - Art\"},\"image\":{\"@id\":\"https:\/\/ikastikos-kiklos.com\/en\/#\/schema\/logo\/image\/\"},\"sameAs\":[\"https:\/\/www.facebook.com\/ikastikoskiklossianti\/\"]}]}<\/script>\n<!-- \/ Yoast SEO plugin. -->","yoast_head_json":{"title":"Koulentianos Kostas Profile at Ikastikos kiklos Sianti Gallery","description":"Koulentianos Kostas Profile at Ikastikos kiklos Sianti Gallery. Find paintings and silkscreens at great prices","robots":{"index":"index","follow":"follow","max-snippet":"max-snippet:-1","max-image-preview":"max-image-preview:large","max-video-preview":"max-video-preview:-1"},"canonical":"https:\/\/ikastikos-kiklos.com\/en\/sculptors\/koulentianos-kostas\/","og_locale":"en_US","og_type":"article","og_title":"Koulentianos Kostas Profile at Ikastikos kiklos Sianti Gallery","og_description":"Koulentianos Kostas Profile at Ikastikos kiklos Sianti Gallery. Find paintings and silkscreens at great prices","og_url":"https:\/\/ikastikos-kiklos.com\/en\/sculptors\/koulentianos-kostas\/","og_site_name":"Ikastikos Kiklos - Zografik\u00ed - Metaxotyp\u00edes - T\u00e9chniPainting - Silk Screen - Art","article_publisher":"https:\/\/www.facebook.com\/ikastikoskiklossianti\/","article_modified_time":"2018-12-08T12:58:38+00:00","twitter_card":"summary_large_image","twitter_misc":{"Est. reading time":"1 minute"},"schema":{"@context":"https:\/\/schema.org","@graph":[{"@type":"WebPage","@id":"https:\/\/ikastikos-kiklos.com\/en\/sculptors\/koulentianos-kostas\/","url":"https:\/\/ikastikos-kiklos.com\/en\/sculptors\/koulentianos-kostas\/","name":"Koulentianos Kostas Profile at Ikastikos kiklos Sianti Gallery","isPartOf":{"@id":"https:\/\/ikastikos-kiklos.com\/en\/#website"},"datePublished":"2016-07-11T14:25:33+00:00","dateModified":"2018-12-08T12:58:38+00:00","description":"Koulentianos Kostas Profile at Ikastikos kiklos Sianti Gallery. Find paintings and silkscreens at great prices","breadcrumb":{"@id":"https:\/\/ikastikos-kiklos.com\/en\/sculptors\/koulentianos-kostas\/#breadcrumb"},"inLanguage":"en-US","potentialAction":[{"@type":"ReadAction","target":["https:\/\/ikastikos-kiklos.com\/en\/sculptors\/koulentianos-kostas\/"]}]},{"@type":"BreadcrumbList","@id":"https:\/\/ikastikos-kiklos.com\/en\/sculptors\/koulentianos-kostas\/#breadcrumb","itemListElement":[{"@type":"ListItem","position":1,"name":"Home","item":"https:\/\/ikastikos-kiklos.com\/en\/"},{"@type":"ListItem","position":2,"name":"Sculptors","item":"https:\/\/ikastikos-kiklos.com\/en\/sculptors\/"},{"@type":"ListItem","position":3,"name":"Koulentianos Kostas"}]},{"@type":"WebSite","@id":"https:\/\/ikastikos-kiklos.com\/en\/#website","url":"https:\/\/ikastikos-kiklos.com\/en\/","name":"Ikastikos Kiklos - Zografik\u00ed - Metaxotyp\u00edes - T\u00e9chniPainting - Silk Screen - Art","description":"","publisher":{"@id":"https:\/\/ikastikos-kiklos.com\/en\/#organization"},"potentialAction":[{"@type":"SearchAction","target":{"@type":"EntryPoint","urlTemplate":"https:\/\/ikastikos-kiklos.com\/en\/?s={search_term_string}"},"query-input":{"@type":"PropertyValueSpecification","valueRequired":true,"valueName":"search_term_string"}}],"inLanguage":"en-US"},{"@type":"Organization","@id":"https:\/\/ikastikos-kiklos.com\/en\/#organization","name":"Ikastikos Kiklos - Zografik\u00ed - Metaxotyp\u00edes - T\u00e9chniPainting - Silk Screen - Art","url":"https:\/\/ikastikos-kiklos.com\/en\/","logo":{"@type":"ImageObject","inLanguage":"en-US","@id":"https:\/\/ikastikos-kiklos.com\/en\/#\/schema\/logo\/image\/","url":"https:\/\/ikastikos-kiklos.com\/wp-content\/uploads\/2022\/10\/cropped-favicon_ikastikos.png","contentUrl":"https:\/\/ikastikos-kiklos.com\/wp-content\/uploads\/2022\/10\/cropped-favicon_ikastikos.png","width":512,"height":512,"caption":"Ikastikos Kiklos - Zografik\u00ed - Metaxotyp\u00edes - T\u00e9chniPainting - Silk Screen - Art"},"image":{"@id":"https:\/\/ikastikos-kiklos.com\/en\/#\/schema\/logo\/image\/"},"sameAs":["https:\/\/www.facebook.com\/ikastikoskiklossianti\/"]}]}},"_links":{"self":[{"href":"https:\/\/ikastikos-kiklos.com\/en\/wp-json\/wp\/v2\/pages\/2841","targetHints":{"allow":["GET"]}}],"collection":[{"href":"https:\/\/ikastikos-kiklos.com\/en\/wp-json\/wp\/v2\/pages"}],"about":[{"href":"https:\/\/ikastikos-kiklos.com\/en\/wp-json\/wp\/v2\/types\/page"}],"author":[{"embeddable":true,"href":"https:\/\/ikastikos-kiklos.com\/en\/wp-json\/wp\/v2\/users\/3"}],"replies":[{"embeddable":true,"href":"https:\/\/ikastikos-kiklos.com\/en\/wp-json\/wp\/v2\/comments?post=2841"}],"version-history":[{"count":0,"href":"https:\/\/ikastikos-kiklos.com\/en\/wp-json\/wp\/v2\/pages\/2841\/revisions"}],"up":[{"embeddable":true,"href":"https:\/\/ikastikos-kiklos.com\/en\/wp-json\/wp\/v2\/pages\/2906"}],"wp:attachment":[{"href":"https:\/\/ikastikos-kiklos.com\/en\/wp-json\/wp\/v2\/media?parent=2841"}],"curies":[{"name":"wp","href":"https:\/\/api.w.org\/{rel}","templated":true}]}}