{"id":2838,"date":"2016-07-11T14:05:57","date_gmt":"2016-07-11T14:05:57","guid":{"rendered":"http:\/\/ikastikos-kiklos.com\/%ce%ba%ce%b1%cf%81%ce%ac%cf%82-%cf%87%cf%81%ce%af%cf%83%cf%84%ce%bf%cf%82\/?lang=en"},"modified":"2018-12-14T20:44:48","modified_gmt":"2018-12-14T18:44:48","slug":"karas-christos","status":"publish","type":"page","link":"https:\/\/ikastikos-kiklos.com\/en\/painters\/karas-christos\/","title":{"rendered":"Karas Christos"},"content":{"rendered":"<header class=\"title-container\">\n<h1 class=\"title\">Karas Christos<\/h1>\n<\/header>\n<div class=\"description-container dynamic-content\"><img loading=\"lazy\" decoding=\"async\" class=\"aligncenter size-full wp-image-18021\" src=\"https:\/\/ikastikos-kiklos.com\/wp-content\/uploads\/2018\/12\/caras.jpg\" alt=\"\" width=\"480\" height=\"300\" srcset=\"https:\/\/ikastikos-kiklos.com\/wp-content\/uploads\/2018\/12\/caras.jpg 480w, https:\/\/ikastikos-kiklos.com\/wp-content\/uploads\/2018\/12\/caras-300x188.jpg 300w, https:\/\/ikastikos-kiklos.com\/wp-content\/uploads\/2018\/12\/caras-220x138.jpg 220w, https:\/\/ikastikos-kiklos.com\/wp-content\/uploads\/2018\/12\/caras-140x88.jpg 140w, https:\/\/ikastikos-kiklos.com\/wp-content\/uploads\/2018\/12\/caras-350x219.jpg 350w\" sizes=\"auto, (max-width: 480px) 100vw, 480px\" \/>He was born in 1930 in Trikala (Thessaly). He began his studies at the Panteion University of Social and Political Sciences (1948-1950) and then he studied painting and sculpture at the Athens School of Fine Arts (1951-1955), with Y. Moralis and Y. Pappas. In 1957, he went to Paris on a greek state scholarship (I.K.Y.) to continue his studies at the \u00c9cole des Beaux-Arts. He stayed in France for about six years. Like other Greek artists of his generation, he sought his expressive idiom within the European artistic environment. His first solo exhibition in Athens (<span class=\"iset_italics\">Zygos<\/span>\u00a0gallery, 1962), demonstrated a clear shift towards abstraction, which, however, did not last very long.\u00a0<br \/>In the next phase of his work, after his return to Greece (1963), the neo-representational elements and the human figure will gradually become dominant, with works that referred to the evils of war and the threats of modern reality, joining the highly charged politicized atmosphere of the time. Since then, his art will remain anthropocentric, mainly in terms of the works\u2019 content, which is always a reflection on the human condition, despite the thematic and morphoplastic alternations evident in his painting.\u00a0<br \/>In 1973, he went to New York, on a Ford Foundation scholarship, where he stayed until 1975, travelling across the U.S.A. and Canada.\u00a0<br \/>After 1970, his painting refers to some sort of magic realism, with elements of surrealism and fantasy combined with images of reality and technological references. His sculptures and his constructions are characterized by similar poetic elements. In his more mature pursuits, the lyrical approach of reality obeys to a precise structure of design, combining the conquests of pop-art with the artist\u2019s personal style and a special emphasis on female presence.\u00a0<br \/>He was a founding member of the art group \u2018Tomi\u2019 (1963) and the \u2018Greek Artists Association\u2019 (1976).\u00a0<br \/>He presented his work in numerous solo and group exhibitions in Greece and abroad. He participated in the 3rd Biennale for Young Artists (Paris, 1963), the 6th Biennale of Alexandria (1965), the Biennale of Sao Paulo (1967), the\u00a0<span class=\"iset_italics\">Europalia<\/span>\u00a0festival (Belgium, 1982) and represented Greece at the 41st Venice Biennale (1984, together with the sculptor G. Georgiadis). Retrospective exhibitions of his work were organized in 1986 (Pieridis Art Gallery), in 2009-10 (House of Letters and Arts &#8211; Leonidas Makris Foundation, Trikala) and in 2012 (The B &amp; M Theocharakis Foundation for the Fine Arts and Music).\u00a0<br \/>In 2001, he received an Athens Academy award for his entire work. In 2004 he created the monumental composition\u00a0<span class=\"iset_italics\">Space Poetry<\/span>\u00a0for the \u2018Halandri\u2019 Station of the Athens Metro.<\/div>\n<p>&nbsp;<\/p>\n","protected":false},"excerpt":{"rendered":"<p>Karas Christos He was born in 1930 in Trikala (Thessaly). He began his studies at &hellip;<\/p>\n","protected":false},"author":3,"featured_media":0,"parent":2905,"menu_order":0,"comment_status":"closed","ping_status":"closed","template":"page-zwgrafoi.php","meta":{"ngg_post_thumbnail":0,"footnotes":""},"class_list":["post-2838","page","type-page","status-publish","hentry"],"yoast_head":"<!-- This site is optimized with the Yoast SEO plugin v27.4 - https:\/\/yoast.com\/product\/yoast-seo-wordpress\/ -->\n<title>Karas Christos Profile at Ikatikos Kiklos Sianti Gallery<\/title>\n<meta name=\"description\" content=\"Karas Christos Profile at Ikatikos Kiklos Sianti Gallery. Find paintings, silkscreens and art objects for sale at great prices\" \/>\n<meta name=\"robots\" content=\"index, follow, max-snippet:-1, max-image-preview:large, max-video-preview:-1\" \/>\n<link rel=\"canonical\" href=\"https:\/\/ikastikos-kiklos.com\/en\/painters\/karas-christos\/\" \/>\n<meta property=\"og:locale\" content=\"en_US\" \/>\n<meta property=\"og:type\" content=\"article\" \/>\n<meta property=\"og:title\" content=\"Karas Christos Profile at Ikatikos Kiklos Sianti Gallery\" \/>\n<meta property=\"og:description\" content=\"Karas Christos Profile at Ikatikos Kiklos Sianti Gallery. Find paintings, silkscreens and art objects for sale at great prices\" \/>\n<meta property=\"og:url\" content=\"https:\/\/ikastikos-kiklos.com\/en\/painters\/karas-christos\/\" \/>\n<meta property=\"og:site_name\" content=\"Ikastikos Kiklos - Zografik\u00ed - Metaxotyp\u00edes - T\u00e9chniPainting - Silk Screen - Art\" \/>\n<meta property=\"article:publisher\" content=\"https:\/\/www.facebook.com\/ikastikoskiklossianti\/\" \/>\n<meta property=\"article:modified_time\" content=\"2018-12-14T18:44:48+00:00\" \/>\n<meta property=\"og:image\" content=\"https:\/\/ikastikos-kiklos.com\/wp-content\/uploads\/2018\/12\/caras.jpg\" \/>\n<meta name=\"twitter:card\" content=\"summary_large_image\" \/>\n<meta name=\"twitter:label1\" content=\"Est. reading time\" \/>\n\t<meta name=\"twitter:data1\" content=\"2 minutes\" \/>\n<script type=\"application\/ld+json\" class=\"yoast-schema-graph\">{\"@context\":\"https:\\\/\\\/schema.org\",\"@graph\":[{\"@type\":\"WebPage\",\"@id\":\"https:\\\/\\\/ikastikos-kiklos.com\\\/en\\\/painters\\\/karas-christos\\\/\",\"url\":\"https:\\\/\\\/ikastikos-kiklos.com\\\/en\\\/painters\\\/karas-christos\\\/\",\"name\":\"Karas Christos Profile at Ikatikos Kiklos Sianti Gallery\",\"isPartOf\":{\"@id\":\"https:\\\/\\\/ikastikos-kiklos.com\\\/en\\\/#website\"},\"primaryImageOfPage\":{\"@id\":\"https:\\\/\\\/ikastikos-kiklos.com\\\/en\\\/painters\\\/karas-christos\\\/#primaryimage\"},\"image\":{\"@id\":\"https:\\\/\\\/ikastikos-kiklos.com\\\/en\\\/painters\\\/karas-christos\\\/#primaryimage\"},\"thumbnailUrl\":\"https:\\\/\\\/ikastikos-kiklos.com\\\/wp-content\\\/uploads\\\/2018\\\/12\\\/caras.jpg\",\"datePublished\":\"2016-07-11T14:05:57+00:00\",\"dateModified\":\"2018-12-14T18:44:48+00:00\",\"description\":\"Karas Christos Profile at Ikatikos Kiklos Sianti Gallery. Find paintings, silkscreens and art objects for sale at great prices\",\"breadcrumb\":{\"@id\":\"https:\\\/\\\/ikastikos-kiklos.com\\\/en\\\/painters\\\/karas-christos\\\/#breadcrumb\"},\"inLanguage\":\"en-US\",\"potentialAction\":[{\"@type\":\"ReadAction\",\"target\":[\"https:\\\/\\\/ikastikos-kiklos.com\\\/en\\\/painters\\\/karas-christos\\\/\"]}]},{\"@type\":\"ImageObject\",\"inLanguage\":\"en-US\",\"@id\":\"https:\\\/\\\/ikastikos-kiklos.com\\\/en\\\/painters\\\/karas-christos\\\/#primaryimage\",\"url\":\"https:\\\/\\\/ikastikos-kiklos.com\\\/wp-content\\\/uploads\\\/2018\\\/12\\\/caras.jpg\",\"contentUrl\":\"https:\\\/\\\/ikastikos-kiklos.com\\\/wp-content\\\/uploads\\\/2018\\\/12\\\/caras.jpg\"},{\"@type\":\"BreadcrumbList\",\"@id\":\"https:\\\/\\\/ikastikos-kiklos.com\\\/en\\\/painters\\\/karas-christos\\\/#breadcrumb\",\"itemListElement\":[{\"@type\":\"ListItem\",\"position\":1,\"name\":\"Home\",\"item\":\"https:\\\/\\\/ikastikos-kiklos.com\\\/en\\\/\"},{\"@type\":\"ListItem\",\"position\":2,\"name\":\"Painters\",\"item\":\"https:\\\/\\\/ikastikos-kiklos.com\\\/en\\\/painters\\\/\"},{\"@type\":\"ListItem\",\"position\":3,\"name\":\"Karas Christos\"}]},{\"@type\":\"WebSite\",\"@id\":\"https:\\\/\\\/ikastikos-kiklos.com\\\/en\\\/#website\",\"url\":\"https:\\\/\\\/ikastikos-kiklos.com\\\/en\\\/\",\"name\":\"Ikastikos Kiklos - Zografik\u00ed - Metaxotyp\u00edes - T\u00e9chniPainting - Silk Screen - Art\",\"description\":\"\",\"publisher\":{\"@id\":\"https:\\\/\\\/ikastikos-kiklos.com\\\/en\\\/#organization\"},\"potentialAction\":[{\"@type\":\"SearchAction\",\"target\":{\"@type\":\"EntryPoint\",\"urlTemplate\":\"https:\\\/\\\/ikastikos-kiklos.com\\\/en\\\/?s={search_term_string}\"},\"query-input\":{\"@type\":\"PropertyValueSpecification\",\"valueRequired\":true,\"valueName\":\"search_term_string\"}}],\"inLanguage\":\"en-US\"},{\"@type\":\"Organization\",\"@id\":\"https:\\\/\\\/ikastikos-kiklos.com\\\/en\\\/#organization\",\"name\":\"Ikastikos Kiklos - Zografik\u00ed - Metaxotyp\u00edes - T\u00e9chniPainting - Silk Screen - Art\",\"url\":\"https:\\\/\\\/ikastikos-kiklos.com\\\/en\\\/\",\"logo\":{\"@type\":\"ImageObject\",\"inLanguage\":\"en-US\",\"@id\":\"https:\\\/\\\/ikastikos-kiklos.com\\\/en\\\/#\\\/schema\\\/logo\\\/image\\\/\",\"url\":\"https:\\\/\\\/ikastikos-kiklos.com\\\/wp-content\\\/uploads\\\/2022\\\/10\\\/cropped-favicon_ikastikos.png\",\"contentUrl\":\"https:\\\/\\\/ikastikos-kiklos.com\\\/wp-content\\\/uploads\\\/2022\\\/10\\\/cropped-favicon_ikastikos.png\",\"width\":512,\"height\":512,\"caption\":\"Ikastikos Kiklos - Zografik\u00ed - Metaxotyp\u00edes - T\u00e9chniPainting - Silk Screen - Art\"},\"image\":{\"@id\":\"https:\\\/\\\/ikastikos-kiklos.com\\\/en\\\/#\\\/schema\\\/logo\\\/image\\\/\"},\"sameAs\":[\"https:\\\/\\\/www.facebook.com\\\/ikastikoskiklossianti\\\/\"]}]}<\/script>\n<!-- \/ Yoast SEO plugin. -->","yoast_head_json":{"title":"Karas Christos Profile at Ikatikos Kiklos Sianti Gallery","description":"Karas Christos Profile at Ikatikos Kiklos Sianti Gallery. Find paintings, silkscreens and art objects for sale at great prices","robots":{"index":"index","follow":"follow","max-snippet":"max-snippet:-1","max-image-preview":"max-image-preview:large","max-video-preview":"max-video-preview:-1"},"canonical":"https:\/\/ikastikos-kiklos.com\/en\/painters\/karas-christos\/","og_locale":"en_US","og_type":"article","og_title":"Karas Christos Profile at Ikatikos Kiklos Sianti Gallery","og_description":"Karas Christos Profile at Ikatikos Kiklos Sianti Gallery. Find paintings, silkscreens and art objects for sale at great prices","og_url":"https:\/\/ikastikos-kiklos.com\/en\/painters\/karas-christos\/","og_site_name":"Ikastikos Kiklos - Zografik\u00ed - Metaxotyp\u00edes - T\u00e9chniPainting - Silk Screen - Art","article_publisher":"https:\/\/www.facebook.com\/ikastikoskiklossianti\/","article_modified_time":"2018-12-14T18:44:48+00:00","og_image":[{"url":"https:\/\/ikastikos-kiklos.com\/wp-content\/uploads\/2018\/12\/caras.jpg","type":"","width":"","height":""}],"twitter_card":"summary_large_image","twitter_misc":{"Est. reading time":"2 minutes"},"schema":{"@context":"https:\/\/schema.org","@graph":[{"@type":"WebPage","@id":"https:\/\/ikastikos-kiklos.com\/en\/painters\/karas-christos\/","url":"https:\/\/ikastikos-kiklos.com\/en\/painters\/karas-christos\/","name":"Karas Christos Profile at Ikatikos Kiklos Sianti Gallery","isPartOf":{"@id":"https:\/\/ikastikos-kiklos.com\/en\/#website"},"primaryImageOfPage":{"@id":"https:\/\/ikastikos-kiklos.com\/en\/painters\/karas-christos\/#primaryimage"},"image":{"@id":"https:\/\/ikastikos-kiklos.com\/en\/painters\/karas-christos\/#primaryimage"},"thumbnailUrl":"https:\/\/ikastikos-kiklos.com\/wp-content\/uploads\/2018\/12\/caras.jpg","datePublished":"2016-07-11T14:05:57+00:00","dateModified":"2018-12-14T18:44:48+00:00","description":"Karas Christos Profile at Ikatikos Kiklos Sianti Gallery. Find paintings, silkscreens and art objects for sale at great prices","breadcrumb":{"@id":"https:\/\/ikastikos-kiklos.com\/en\/painters\/karas-christos\/#breadcrumb"},"inLanguage":"en-US","potentialAction":[{"@type":"ReadAction","target":["https:\/\/ikastikos-kiklos.com\/en\/painters\/karas-christos\/"]}]},{"@type":"ImageObject","inLanguage":"en-US","@id":"https:\/\/ikastikos-kiklos.com\/en\/painters\/karas-christos\/#primaryimage","url":"https:\/\/ikastikos-kiklos.com\/wp-content\/uploads\/2018\/12\/caras.jpg","contentUrl":"https:\/\/ikastikos-kiklos.com\/wp-content\/uploads\/2018\/12\/caras.jpg"},{"@type":"BreadcrumbList","@id":"https:\/\/ikastikos-kiklos.com\/en\/painters\/karas-christos\/#breadcrumb","itemListElement":[{"@type":"ListItem","position":1,"name":"Home","item":"https:\/\/ikastikos-kiklos.com\/en\/"},{"@type":"ListItem","position":2,"name":"Painters","item":"https:\/\/ikastikos-kiklos.com\/en\/painters\/"},{"@type":"ListItem","position":3,"name":"Karas Christos"}]},{"@type":"WebSite","@id":"https:\/\/ikastikos-kiklos.com\/en\/#website","url":"https:\/\/ikastikos-kiklos.com\/en\/","name":"Ikastikos Kiklos - Zografik\u00ed - Metaxotyp\u00edes - T\u00e9chniPainting - Silk Screen - Art","description":"","publisher":{"@id":"https:\/\/ikastikos-kiklos.com\/en\/#organization"},"potentialAction":[{"@type":"SearchAction","target":{"@type":"EntryPoint","urlTemplate":"https:\/\/ikastikos-kiklos.com\/en\/?s={search_term_string}"},"query-input":{"@type":"PropertyValueSpecification","valueRequired":true,"valueName":"search_term_string"}}],"inLanguage":"en-US"},{"@type":"Organization","@id":"https:\/\/ikastikos-kiklos.com\/en\/#organization","name":"Ikastikos Kiklos - Zografik\u00ed - Metaxotyp\u00edes - T\u00e9chniPainting - Silk Screen - Art","url":"https:\/\/ikastikos-kiklos.com\/en\/","logo":{"@type":"ImageObject","inLanguage":"en-US","@id":"https:\/\/ikastikos-kiklos.com\/en\/#\/schema\/logo\/image\/","url":"https:\/\/ikastikos-kiklos.com\/wp-content\/uploads\/2022\/10\/cropped-favicon_ikastikos.png","contentUrl":"https:\/\/ikastikos-kiklos.com\/wp-content\/uploads\/2022\/10\/cropped-favicon_ikastikos.png","width":512,"height":512,"caption":"Ikastikos Kiklos - Zografik\u00ed - Metaxotyp\u00edes - T\u00e9chniPainting - Silk Screen - Art"},"image":{"@id":"https:\/\/ikastikos-kiklos.com\/en\/#\/schema\/logo\/image\/"},"sameAs":["https:\/\/www.facebook.com\/ikastikoskiklossianti\/"]}]}},"_links":{"self":[{"href":"https:\/\/ikastikos-kiklos.com\/en\/wp-json\/wp\/v2\/pages\/2838","targetHints":{"allow":["GET"]}}],"collection":[{"href":"https:\/\/ikastikos-kiklos.com\/en\/wp-json\/wp\/v2\/pages"}],"about":[{"href":"https:\/\/ikastikos-kiklos.com\/en\/wp-json\/wp\/v2\/types\/page"}],"author":[{"embeddable":true,"href":"https:\/\/ikastikos-kiklos.com\/en\/wp-json\/wp\/v2\/users\/3"}],"replies":[{"embeddable":true,"href":"https:\/\/ikastikos-kiklos.com\/en\/wp-json\/wp\/v2\/comments?post=2838"}],"version-history":[{"count":0,"href":"https:\/\/ikastikos-kiklos.com\/en\/wp-json\/wp\/v2\/pages\/2838\/revisions"}],"up":[{"embeddable":true,"href":"https:\/\/ikastikos-kiklos.com\/en\/wp-json\/wp\/v2\/pages\/2905"}],"wp:attachment":[{"href":"https:\/\/ikastikos-kiklos.com\/en\/wp-json\/wp\/v2\/media?parent=2838"}],"curies":[{"name":"wp","href":"https:\/\/api.w.org\/{rel}","templated":true}]}}