{"id":2832,"date":"2016-07-11T14:21:45","date_gmt":"2016-07-11T14:21:45","guid":{"rendered":"http:\/\/ikastikos-kiklos.com\/%ce%ba%ce%b1%cf%81%ce%b1%ce%b2%ce%bf%cf%8d%ce%b6%ce%b7%cf%82-%cf%83%ce%b1%cf%81%ce%ac%ce%bd%cf%84%ce%b7%cf%82\/?lang=en"},"modified":"2020-07-03T17:56:33","modified_gmt":"2020-07-03T14:56:33","slug":"karavouzis-sarantis","status":"publish","type":"page","link":"https:\/\/ikastikos-kiklos.com\/en\/painters\/karavouzis-sarantis\/","title":{"rendered":"Karavouzis Sarantis"},"content":{"rendered":"<div class=\"wpb-content-wrapper\"><p>[vc_row][vc_column][vc_column_text]<\/p>\n<header class=\"title-container\">\n<h1 class=\"title\">Karavouzis Sarantis (1938-2011)<\/h1>\n<\/header>\n<div class=\"description-container dynamic-content\"><img loading=\"lazy\" decoding=\"async\" class=\"aligncenter size-full wp-image-18024\" src=\"https:\/\/ikastikos-kiklos.com\/wp-content\/uploads\/2018\/12\/sarantis-karavouzis-mnormal.jpg\" alt=\"\" width=\"262\" height=\"256\" srcset=\"https:\/\/ikastikos-kiklos.com\/wp-content\/uploads\/2018\/12\/sarantis-karavouzis-mnormal.jpg 262w, https:\/\/ikastikos-kiklos.com\/wp-content\/uploads\/2018\/12\/sarantis-karavouzis-mnormal-220x215.jpg 220w, https:\/\/ikastikos-kiklos.com\/wp-content\/uploads\/2018\/12\/sarantis-karavouzis-mnormal-140x137.jpg 140w\" sizes=\"auto, (max-width: 262px) 100vw, 262px\" \/><\/div>\n<div>&nbsp;<\/div>\n<div class=\"description-container dynamic-content\">Born in Athens in 1938, <strong>he studied painting at the Athens School of Fine Arts<\/strong> (1959-1963) under Y. Moralis, at the same time practising fresco and stage design. In 1965-66 he received a Greek State scholarship and travelled to make a systematic study of ancient, Byzantine and folk art. In 1966 <strong>he taught freehand drawing at the Centre for Technological Applications<\/strong>, before going to Paris on a French State scholarship to study at the \u00c9cole des Beaux-Arts (1967-68); staying on in the French capital, he attended classes at the \u00c9cole Pratique des Hautes \u00c9tudes and the Ecole du Louvre until 1974. In his early years in Paris<strong> he practised mainly printmaking.&nbsp;<\/strong><br \/>\n<strong>He presented his first solo exhibition at the Ora Cultural Centre in Athens in 1971. In his early works he paints still lifes and compositions with objects.<\/strong> Referencing Morandi, de Chirico and Carra and equipped with the legacy of Greek art, <strong>he develops a personal idiom characterised by sensitive tones, an inner lighting and an artificial perspective.<\/strong> <strong>The games with perspective create a mystical atmosphere which turns the realistic depiction into metaphysical poetry. This transition becomes more visible as his work progresses: the conventional representation of everyday objects, archaeological finds, statues and ruins is combined with the representation of esoteric-imaginary landscapes.<\/strong> The artist traces the relation between the visible world of matter and the invisible one of the mind, and at the same time the relation between past and present. <strong>His quests go beyond painting, as engraving, drawing, stage design and micro-sculpture have a significant place in his work.<\/strong> In 1984 he was honoured with the Drouant-Cartier Award for his entire oeuvre.&nbsp;<br \/>\nHe had many solo and group exhibitions in Greece and abroad. In 1979 he took part in the Biennale of Sao Paolo. <strong>Retrospective exhibitions of his work were organised in 1984<\/strong> (Rhodes Municipal Gallery), 1990 (Vafopoulion Cultural Centre, Thessaloniki) and 1994 (Patras Municipal Gallery). Works of his can be found in the National Gallery, the Averoff Gallery, the Kouvoutsakis Gallery, the V&amp;E Goulandris Museum of Andros, the Mus\u00e9e d\u2019Art Moderne in Paris, the Biblioth\u00e8que Nationale of Paris, etc.<\/div>\n<p>[\/vc_column_text][\/vc_column][\/vc_row]<\/p>\n<\/div>","protected":false},"excerpt":{"rendered":"<p>[vc_row][vc_column][vc_column_text] Karavouzis Sarantis (1938-2011) &nbsp; Born in Athens in 1938, he studied painting at the &hellip;<\/p>\n","protected":false},"author":3,"featured_media":0,"parent":2905,"menu_order":0,"comment_status":"closed","ping_status":"closed","template":"page-zwgrafoi.php","meta":{"ngg_post_thumbnail":0,"footnotes":""},"class_list":["post-2832","page","type-page","status-publish","hentry"],"yoast_head":"<!-- This site is optimized with the Yoast SEO plugin v27.2 - https:\/\/yoast.com\/product\/yoast-seo-wordpress\/ -->\n<title>Karavouzis Sarantis Profile at Ikastikos Kiklos Sianti Gallery.<\/title>\n<meta name=\"description\" content=\"Karavouzis Sarantis Profile at Ikastikos Kiklos Sianti Gallery. Find paintings and silkscreens for sale at great prices\" \/>\n<meta name=\"robots\" content=\"index, follow, max-snippet:-1, max-image-preview:large, max-video-preview:-1\" \/>\n<link rel=\"canonical\" href=\"https:\/\/ikastikos-kiklos.com\/en\/painters\/karavouzis-sarantis\/\" \/>\n<meta property=\"og:locale\" content=\"en_US\" \/>\n<meta property=\"og:type\" content=\"article\" \/>\n<meta property=\"og:title\" content=\"Karavouzis Sarantis Profile at Ikastikos Kiklos Sianti Gallery.\" \/>\n<meta property=\"og:description\" content=\"Karavouzis Sarantis Profile at Ikastikos Kiklos Sianti Gallery. Find paintings and silkscreens for sale at great prices\" \/>\n<meta property=\"og:url\" content=\"https:\/\/ikastikos-kiklos.com\/en\/painters\/karavouzis-sarantis\/\" \/>\n<meta property=\"og:site_name\" content=\"Ikastikos Kiklos - Zografik\u00ed - Metaxotyp\u00edes - T\u00e9chniPainting - Silk Screen - Art\" \/>\n<meta property=\"article:publisher\" content=\"https:\/\/www.facebook.com\/ikastikoskiklossianti\/\" \/>\n<meta property=\"article:modified_time\" content=\"2020-07-03T14:56:33+00:00\" \/>\n<meta property=\"og:image\" content=\"https:\/\/ikastikos-kiklos.com\/wp-content\/uploads\/2018\/12\/sarantis-karavouzis-mnormal.jpg\" \/>\n<meta name=\"twitter:card\" content=\"summary_large_image\" \/>\n<meta name=\"twitter:label1\" content=\"Est. reading time\" \/>\n\t<meta name=\"twitter:data1\" content=\"2 minutes\" \/>\n<script type=\"application\/ld+json\" class=\"yoast-schema-graph\">{\"@context\":\"https:\/\/schema.org\",\"@graph\":[{\"@type\":\"WebPage\",\"@id\":\"https:\/\/ikastikos-kiklos.com\/en\/painters\/karavouzis-sarantis\/\",\"url\":\"https:\/\/ikastikos-kiklos.com\/en\/painters\/karavouzis-sarantis\/\",\"name\":\"Karavouzis Sarantis Profile at Ikastikos Kiklos Sianti Gallery.\",\"isPartOf\":{\"@id\":\"https:\/\/ikastikos-kiklos.com\/en\/#website\"},\"primaryImageOfPage\":{\"@id\":\"https:\/\/ikastikos-kiklos.com\/en\/painters\/karavouzis-sarantis\/#primaryimage\"},\"image\":{\"@id\":\"https:\/\/ikastikos-kiklos.com\/en\/painters\/karavouzis-sarantis\/#primaryimage\"},\"thumbnailUrl\":\"https:\/\/ikastikos-kiklos.com\/wp-content\/uploads\/2018\/12\/sarantis-karavouzis-mnormal.jpg\",\"datePublished\":\"2016-07-11T14:21:45+00:00\",\"dateModified\":\"2020-07-03T14:56:33+00:00\",\"description\":\"Karavouzis Sarantis Profile at Ikastikos Kiklos Sianti Gallery. Find paintings and silkscreens for sale at great prices\",\"breadcrumb\":{\"@id\":\"https:\/\/ikastikos-kiklos.com\/en\/painters\/karavouzis-sarantis\/#breadcrumb\"},\"inLanguage\":\"en-US\",\"potentialAction\":[{\"@type\":\"ReadAction\",\"target\":[\"https:\/\/ikastikos-kiklos.com\/en\/painters\/karavouzis-sarantis\/\"]}]},{\"@type\":\"ImageObject\",\"inLanguage\":\"en-US\",\"@id\":\"https:\/\/ikastikos-kiklos.com\/en\/painters\/karavouzis-sarantis\/#primaryimage\",\"url\":\"https:\/\/ikastikos-kiklos.com\/wp-content\/uploads\/2018\/12\/sarantis-karavouzis-mnormal.jpg\",\"contentUrl\":\"https:\/\/ikastikos-kiklos.com\/wp-content\/uploads\/2018\/12\/sarantis-karavouzis-mnormal.jpg\"},{\"@type\":\"BreadcrumbList\",\"@id\":\"https:\/\/ikastikos-kiklos.com\/en\/painters\/karavouzis-sarantis\/#breadcrumb\",\"itemListElement\":[{\"@type\":\"ListItem\",\"position\":1,\"name\":\"Home\",\"item\":\"https:\/\/ikastikos-kiklos.com\/en\/\"},{\"@type\":\"ListItem\",\"position\":2,\"name\":\"Painters\",\"item\":\"https:\/\/ikastikos-kiklos.com\/en\/painters\/\"},{\"@type\":\"ListItem\",\"position\":3,\"name\":\"Karavouzis Sarantis\"}]},{\"@type\":\"WebSite\",\"@id\":\"https:\/\/ikastikos-kiklos.com\/en\/#website\",\"url\":\"https:\/\/ikastikos-kiklos.com\/en\/\",\"name\":\"Ikastikos Kiklos - Zografik\u00ed - Metaxotyp\u00edes - T\u00e9chniPainting - Silk Screen - Art\",\"description\":\"\",\"publisher\":{\"@id\":\"https:\/\/ikastikos-kiklos.com\/en\/#organization\"},\"potentialAction\":[{\"@type\":\"SearchAction\",\"target\":{\"@type\":\"EntryPoint\",\"urlTemplate\":\"https:\/\/ikastikos-kiklos.com\/en\/?s={search_term_string}\"},\"query-input\":{\"@type\":\"PropertyValueSpecification\",\"valueRequired\":true,\"valueName\":\"search_term_string\"}}],\"inLanguage\":\"en-US\"},{\"@type\":\"Organization\",\"@id\":\"https:\/\/ikastikos-kiklos.com\/en\/#organization\",\"name\":\"Ikastikos Kiklos - Zografik\u00ed - Metaxotyp\u00edes - T\u00e9chniPainting - Silk Screen - Art\",\"url\":\"https:\/\/ikastikos-kiklos.com\/en\/\",\"logo\":{\"@type\":\"ImageObject\",\"inLanguage\":\"en-US\",\"@id\":\"https:\/\/ikastikos-kiklos.com\/en\/#\/schema\/logo\/image\/\",\"url\":\"https:\/\/ikastikos-kiklos.com\/wp-content\/uploads\/2022\/10\/cropped-favicon_ikastikos.png\",\"contentUrl\":\"https:\/\/ikastikos-kiklos.com\/wp-content\/uploads\/2022\/10\/cropped-favicon_ikastikos.png\",\"width\":512,\"height\":512,\"caption\":\"Ikastikos Kiklos - Zografik\u00ed - Metaxotyp\u00edes - T\u00e9chniPainting - Silk Screen - Art\"},\"image\":{\"@id\":\"https:\/\/ikastikos-kiklos.com\/en\/#\/schema\/logo\/image\/\"},\"sameAs\":[\"https:\/\/www.facebook.com\/ikastikoskiklossianti\/\"]}]}<\/script>\n<!-- \/ Yoast SEO plugin. -->","yoast_head_json":{"title":"Karavouzis Sarantis Profile at Ikastikos Kiklos Sianti Gallery.","description":"Karavouzis Sarantis Profile at Ikastikos Kiklos Sianti Gallery. Find paintings and silkscreens for sale at great prices","robots":{"index":"index","follow":"follow","max-snippet":"max-snippet:-1","max-image-preview":"max-image-preview:large","max-video-preview":"max-video-preview:-1"},"canonical":"https:\/\/ikastikos-kiklos.com\/en\/painters\/karavouzis-sarantis\/","og_locale":"en_US","og_type":"article","og_title":"Karavouzis Sarantis Profile at Ikastikos Kiklos Sianti Gallery.","og_description":"Karavouzis Sarantis Profile at Ikastikos Kiklos Sianti Gallery. Find paintings and silkscreens for sale at great prices","og_url":"https:\/\/ikastikos-kiklos.com\/en\/painters\/karavouzis-sarantis\/","og_site_name":"Ikastikos Kiklos - Zografik\u00ed - Metaxotyp\u00edes - T\u00e9chniPainting - Silk Screen - Art","article_publisher":"https:\/\/www.facebook.com\/ikastikoskiklossianti\/","article_modified_time":"2020-07-03T14:56:33+00:00","og_image":[{"url":"https:\/\/ikastikos-kiklos.com\/wp-content\/uploads\/2018\/12\/sarantis-karavouzis-mnormal.jpg","type":"","width":"","height":""}],"twitter_card":"summary_large_image","twitter_misc":{"Est. reading time":"2 minutes"},"schema":{"@context":"https:\/\/schema.org","@graph":[{"@type":"WebPage","@id":"https:\/\/ikastikos-kiklos.com\/en\/painters\/karavouzis-sarantis\/","url":"https:\/\/ikastikos-kiklos.com\/en\/painters\/karavouzis-sarantis\/","name":"Karavouzis Sarantis Profile at Ikastikos Kiklos Sianti Gallery.","isPartOf":{"@id":"https:\/\/ikastikos-kiklos.com\/en\/#website"},"primaryImageOfPage":{"@id":"https:\/\/ikastikos-kiklos.com\/en\/painters\/karavouzis-sarantis\/#primaryimage"},"image":{"@id":"https:\/\/ikastikos-kiklos.com\/en\/painters\/karavouzis-sarantis\/#primaryimage"},"thumbnailUrl":"https:\/\/ikastikos-kiklos.com\/wp-content\/uploads\/2018\/12\/sarantis-karavouzis-mnormal.jpg","datePublished":"2016-07-11T14:21:45+00:00","dateModified":"2020-07-03T14:56:33+00:00","description":"Karavouzis Sarantis Profile at Ikastikos Kiklos Sianti Gallery. Find paintings and silkscreens for sale at great prices","breadcrumb":{"@id":"https:\/\/ikastikos-kiklos.com\/en\/painters\/karavouzis-sarantis\/#breadcrumb"},"inLanguage":"en-US","potentialAction":[{"@type":"ReadAction","target":["https:\/\/ikastikos-kiklos.com\/en\/painters\/karavouzis-sarantis\/"]}]},{"@type":"ImageObject","inLanguage":"en-US","@id":"https:\/\/ikastikos-kiklos.com\/en\/painters\/karavouzis-sarantis\/#primaryimage","url":"https:\/\/ikastikos-kiklos.com\/wp-content\/uploads\/2018\/12\/sarantis-karavouzis-mnormal.jpg","contentUrl":"https:\/\/ikastikos-kiklos.com\/wp-content\/uploads\/2018\/12\/sarantis-karavouzis-mnormal.jpg"},{"@type":"BreadcrumbList","@id":"https:\/\/ikastikos-kiklos.com\/en\/painters\/karavouzis-sarantis\/#breadcrumb","itemListElement":[{"@type":"ListItem","position":1,"name":"Home","item":"https:\/\/ikastikos-kiklos.com\/en\/"},{"@type":"ListItem","position":2,"name":"Painters","item":"https:\/\/ikastikos-kiklos.com\/en\/painters\/"},{"@type":"ListItem","position":3,"name":"Karavouzis Sarantis"}]},{"@type":"WebSite","@id":"https:\/\/ikastikos-kiklos.com\/en\/#website","url":"https:\/\/ikastikos-kiklos.com\/en\/","name":"Ikastikos Kiklos - Zografik\u00ed - Metaxotyp\u00edes - T\u00e9chniPainting - Silk Screen - Art","description":"","publisher":{"@id":"https:\/\/ikastikos-kiklos.com\/en\/#organization"},"potentialAction":[{"@type":"SearchAction","target":{"@type":"EntryPoint","urlTemplate":"https:\/\/ikastikos-kiklos.com\/en\/?s={search_term_string}"},"query-input":{"@type":"PropertyValueSpecification","valueRequired":true,"valueName":"search_term_string"}}],"inLanguage":"en-US"},{"@type":"Organization","@id":"https:\/\/ikastikos-kiklos.com\/en\/#organization","name":"Ikastikos Kiklos - Zografik\u00ed - Metaxotyp\u00edes - T\u00e9chniPainting - Silk Screen - Art","url":"https:\/\/ikastikos-kiklos.com\/en\/","logo":{"@type":"ImageObject","inLanguage":"en-US","@id":"https:\/\/ikastikos-kiklos.com\/en\/#\/schema\/logo\/image\/","url":"https:\/\/ikastikos-kiklos.com\/wp-content\/uploads\/2022\/10\/cropped-favicon_ikastikos.png","contentUrl":"https:\/\/ikastikos-kiklos.com\/wp-content\/uploads\/2022\/10\/cropped-favicon_ikastikos.png","width":512,"height":512,"caption":"Ikastikos Kiklos - Zografik\u00ed - Metaxotyp\u00edes - T\u00e9chniPainting - Silk Screen - Art"},"image":{"@id":"https:\/\/ikastikos-kiklos.com\/en\/#\/schema\/logo\/image\/"},"sameAs":["https:\/\/www.facebook.com\/ikastikoskiklossianti\/"]}]}},"_links":{"self":[{"href":"https:\/\/ikastikos-kiklos.com\/en\/wp-json\/wp\/v2\/pages\/2832","targetHints":{"allow":["GET"]}}],"collection":[{"href":"https:\/\/ikastikos-kiklos.com\/en\/wp-json\/wp\/v2\/pages"}],"about":[{"href":"https:\/\/ikastikos-kiklos.com\/en\/wp-json\/wp\/v2\/types\/page"}],"author":[{"embeddable":true,"href":"https:\/\/ikastikos-kiklos.com\/en\/wp-json\/wp\/v2\/users\/3"}],"replies":[{"embeddable":true,"href":"https:\/\/ikastikos-kiklos.com\/en\/wp-json\/wp\/v2\/comments?post=2832"}],"version-history":[{"count":0,"href":"https:\/\/ikastikos-kiklos.com\/en\/wp-json\/wp\/v2\/pages\/2832\/revisions"}],"up":[{"embeddable":true,"href":"https:\/\/ikastikos-kiklos.com\/en\/wp-json\/wp\/v2\/pages\/2905"}],"wp:attachment":[{"href":"https:\/\/ikastikos-kiklos.com\/en\/wp-json\/wp\/v2\/media?parent=2832"}],"curies":[{"name":"wp","href":"https:\/\/api.w.org\/{rel}","templated":true}]}}