{"id":2827,"date":"2016-07-11T14:19:48","date_gmt":"2016-07-11T14:19:48","guid":{"rendered":"http:\/\/ikastikos-kiklos.com\/%ce%b3%ce%ba%ce%af%ce%ba%ce%b1%cf%82-%cf%87%ce%b1%cf%84%ce%b6%ce%b7%ce%ba%cf%85%cf%81%ce%b9%ce%ac%ce%ba%ce%bf%cf%82-%ce%bd%ce%af%ce%ba%ce%bf%cf%82\/?lang=en"},"modified":"2020-07-03T18:18:51","modified_gmt":"2020-07-03T15:18:51","slug":"gikas-hadjikyriakos-nikos","status":"publish","type":"page","link":"https:\/\/ikastikos-kiklos.com\/en\/painters\/gikas-hadjikyriakos-nikos\/","title":{"rendered":"Gikas Hadjikyriakos Nikos"},"content":{"rendered":"<div class=\"wpb-content-wrapper\"><p>[vc_row][vc_column][vc_custom_heading text=&#8221;CV&#8221;][\/vc_column][\/vc_row][vc_row][vc_column][vc_single_image image=&#8221;5199&#8243; img_size=&#8221;large&#8221; alignment=&#8221;center&#8221;][vc_empty_space][vc_column_text]<\/p>\n<header class=\"title-container\">\n<h1 class=\"title\">Gikas Hadjikyriakos Nikos (1906-1994)<\/h1>\n<\/header>\n<div class=\"description-container dynamic-content\">\n<p>He was born in 1906 in Athens. He grew up <strong>in a sophisticated family environment<\/strong> which enabled him to cultivate his artistic talent very early, studying under painters such as Vassilis Mayassis and Konstantinos Parthenis. In 1923 he went to Paris, where <strong>he studied French and Greek literature at the Sorbonne<\/strong>. At the same time <strong>he studied at the Academie Ranson under Roger Bissiere<\/strong>, and at the printmaking studio of Dimitris Galanis. <strong>His first solo exhibition was held in Paris<\/strong> (<span class=\"iset_italics\">Galerie Percier<\/span>, 1927) and <strong>his second was held in Athens<\/strong>, along with the sculptor Michalis Tombros (<span class=\"iset_italics\">Stratigopoulou<\/span>&nbsp;gallery, 1928). In 1933, he took part in the 4th International Congress of Modern Architecture (CIAM) in Athens, along with other well-known artists. After his return to Greece (1934) <strong>he worked on the publication of the influential magazine<\/strong>&nbsp;<span class=\"iset_italics\">To Trito Mati<\/span>&nbsp;(<span class=\"iset_italics\">The Third Eye<\/span>, 1935-1937), a dynamic contribution towards the familiarization of the Greek public with modern art.<\/p>\n<p><iframe loading=\"lazy\" src=\"https:\/\/www.youtube.com\/embed\/ZcdKDtgZymM\" width=\"560\" height=\"315\" frameborder=\"0\" allowfullscreen=\"allowfullscreen\"><\/iframe><\/p>\n<p>In 1941 <strong>he was elected professor at the School of Architecture of the Athens National Technical University<\/strong>, where he taught until 1958.<br \/>\n<strong>His art and his overall artistic presence established him as a leading representative of the \u201830s generation movement. He was one of the principal supporters of cubism in Greek painting, and of European modernism in general. His oeuvre, however, followed only in part cubist or constructivist standards, which he combined with the rich colour tones and traditional particularities of the Greek landscape, especially that of Hydra.<\/strong><br \/>\n<strong>Printmaking, sculpture, book illustration and costume design for theatrical performances were some of his parallel artistic endeavours, as he also published studies and books on art.<\/strong> He was a founding member of the art group&nbsp;<span class=\"iset_italics\">Armos<\/span> and the Greek section of AICA. In 1970 he was awarded the prize for Excellence in Fine Arts by the Athens Academy, of which he became a full member in 1973. He was conferred with two honorary doctorates, by the Aristotle University of Thessaloniki, School of Architecture in 1979 and by the University of Athens, School of Philosophy in 1991. He was an honorary member of the British Royal Academy of Arts and the Italian Academia Tiberiana, and was also awarded the \u2018Officier des Arts et des Lettres\u2019 title by the French state.<\/p>\n<p><iframe loading=\"lazy\" src=\"https:\/\/player.vimeo.com\/video\/27836783\" width=\"640\" height=\"464\" frameborder=\"0\" allowfullscreen=\"allowfullscreen\"><\/iframe><\/p>\n<p>&nbsp;<\/p>\n<p>He organized <strong>more than 50 solo exhibitions and participated in several group ones in Greece and abroad<\/strong>. In 1950, he represented Greece at the Venice Biennale. His oeuvre was presented in the following retrospective exhibitions: British Council, Athens (1946); Whitechapel, London (1968); Athens National Art Gallery (1973);&nbsp;<span class=\"iset_italics\">To Trito Mati<\/span>gallery, Athens (1984); Macedonian Museum of Contemporary Art, Thessaloniki (1987); Royal Academy of Arts, London (1988). The following retrospective exhibitions were organized after his death (Athens, 1994): Benaki Museum, Athens (2006) and Andros Museum of Contemporary Art (2011).<br \/>\n<strong>In 1986, he donated 46 of his works to the Athens National Art Gallery, and in 1991 he donated his three-floor house, along with its household equipment and his studio to the Benaki Museum. This building (3, Kriezotou str.) was named&nbsp;<span class=\"iset_italics\">Nikos Hadjikyriakos-Ghika Art Gallery<\/span>&nbsp;and operates as an annexe of the Benaki Museum.<\/strong><\/p>\n<\/div>\n<p>[\/vc_column_text][vc_empty_space][vc_single_image image=&#8221;5200&#8243; img_size=&#8221;large&#8221; alignment=&#8221;center&#8221;][\/vc_column][\/vc_row]<\/p>\n<\/div>","protected":false},"excerpt":{"rendered":"<p>[vc_row][vc_column][vc_custom_heading text=&#8221;CV&#8221;][\/vc_column][\/vc_row][vc_row][vc_column][vc_single_image image=&#8221;5199&#8243; img_size=&#8221;large&#8221; alignment=&#8221;center&#8221;][vc_empty_space][vc_column_text] Gikas Hadjikyriakos Nikos (1906-1994) He was born in 1906 in &hellip;<\/p>\n","protected":false},"author":3,"featured_media":0,"parent":2905,"menu_order":0,"comment_status":"closed","ping_status":"closed","template":"page-zwgrafoi.php","meta":{"ngg_post_thumbnail":0,"footnotes":""},"class_list":["post-2827","page","type-page","status-publish","hentry"],"yoast_head":"<!-- This site is optimized with the Yoast SEO plugin v27.2 - https:\/\/yoast.com\/product\/yoast-seo-wordpress\/ -->\n<title>Gikas Hadjikyriakos Nikos Painter at Ikastikos Kiklos Sianti Gallery<\/title>\n<meta name=\"description\" content=\"Gikas Hadjikyriakos Nikos Painter at Ikastikos Kiklos Sianti Gallery. Find silkscreens for sale at great prices\" \/>\n<meta name=\"robots\" content=\"index, follow, max-snippet:-1, max-image-preview:large, max-video-preview:-1\" \/>\n<link rel=\"canonical\" href=\"https:\/\/ikastikos-kiklos.com\/en\/painters\/gikas-hadjikyriakos-nikos\/\" \/>\n<meta property=\"og:locale\" content=\"en_US\" \/>\n<meta property=\"og:type\" content=\"article\" \/>\n<meta property=\"og:title\" content=\"Gikas Hadjikyriakos Nikos Painter at Ikastikos Kiklos Sianti Gallery\" \/>\n<meta property=\"og:description\" content=\"Gikas Hadjikyriakos Nikos Painter at Ikastikos Kiklos Sianti Gallery. Find silkscreens for sale at great prices\" \/>\n<meta property=\"og:url\" content=\"https:\/\/ikastikos-kiklos.com\/en\/painters\/gikas-hadjikyriakos-nikos\/\" \/>\n<meta property=\"og:site_name\" content=\"Ikastikos Kiklos - Zografik\u00ed - Metaxotyp\u00edes - T\u00e9chniPainting - Silk Screen - Art\" \/>\n<meta property=\"article:publisher\" content=\"https:\/\/www.facebook.com\/ikastikoskiklossianti\/\" \/>\n<meta property=\"article:modified_time\" content=\"2020-07-03T15:18:51+00:00\" \/>\n<meta name=\"twitter:card\" content=\"summary_large_image\" \/>\n<meta name=\"twitter:label1\" content=\"Est. reading time\" \/>\n\t<meta name=\"twitter:data1\" content=\"3 minutes\" \/>\n<script type=\"application\/ld+json\" class=\"yoast-schema-graph\">{\"@context\":\"https:\/\/schema.org\",\"@graph\":[{\"@type\":\"WebPage\",\"@id\":\"https:\/\/ikastikos-kiklos.com\/en\/painters\/gikas-hadjikyriakos-nikos\/\",\"url\":\"https:\/\/ikastikos-kiklos.com\/en\/painters\/gikas-hadjikyriakos-nikos\/\",\"name\":\"Gikas Hadjikyriakos Nikos Painter at Ikastikos Kiklos Sianti Gallery\",\"isPartOf\":{\"@id\":\"https:\/\/ikastikos-kiklos.com\/en\/#website\"},\"datePublished\":\"2016-07-11T14:19:48+00:00\",\"dateModified\":\"2020-07-03T15:18:51+00:00\",\"description\":\"Gikas Hadjikyriakos Nikos Painter at Ikastikos Kiklos Sianti Gallery. Find silkscreens for sale at great prices\",\"breadcrumb\":{\"@id\":\"https:\/\/ikastikos-kiklos.com\/en\/painters\/gikas-hadjikyriakos-nikos\/#breadcrumb\"},\"inLanguage\":\"en-US\",\"potentialAction\":[{\"@type\":\"ReadAction\",\"target\":[\"https:\/\/ikastikos-kiklos.com\/en\/painters\/gikas-hadjikyriakos-nikos\/\"]}]},{\"@type\":\"BreadcrumbList\",\"@id\":\"https:\/\/ikastikos-kiklos.com\/en\/painters\/gikas-hadjikyriakos-nikos\/#breadcrumb\",\"itemListElement\":[{\"@type\":\"ListItem\",\"position\":1,\"name\":\"Home\",\"item\":\"https:\/\/ikastikos-kiklos.com\/en\/\"},{\"@type\":\"ListItem\",\"position\":2,\"name\":\"Painters\",\"item\":\"https:\/\/ikastikos-kiklos.com\/en\/painters\/\"},{\"@type\":\"ListItem\",\"position\":3,\"name\":\"Gikas Hadjikyriakos Nikos\"}]},{\"@type\":\"WebSite\",\"@id\":\"https:\/\/ikastikos-kiklos.com\/en\/#website\",\"url\":\"https:\/\/ikastikos-kiklos.com\/en\/\",\"name\":\"Ikastikos Kiklos - Zografik\u00ed - Metaxotyp\u00edes - T\u00e9chniPainting - Silk Screen - Art\",\"description\":\"\",\"publisher\":{\"@id\":\"https:\/\/ikastikos-kiklos.com\/en\/#organization\"},\"potentialAction\":[{\"@type\":\"SearchAction\",\"target\":{\"@type\":\"EntryPoint\",\"urlTemplate\":\"https:\/\/ikastikos-kiklos.com\/en\/?s={search_term_string}\"},\"query-input\":{\"@type\":\"PropertyValueSpecification\",\"valueRequired\":true,\"valueName\":\"search_term_string\"}}],\"inLanguage\":\"en-US\"},{\"@type\":\"Organization\",\"@id\":\"https:\/\/ikastikos-kiklos.com\/en\/#organization\",\"name\":\"Ikastikos Kiklos - Zografik\u00ed - Metaxotyp\u00edes - T\u00e9chniPainting - Silk Screen - Art\",\"url\":\"https:\/\/ikastikos-kiklos.com\/en\/\",\"logo\":{\"@type\":\"ImageObject\",\"inLanguage\":\"en-US\",\"@id\":\"https:\/\/ikastikos-kiklos.com\/en\/#\/schema\/logo\/image\/\",\"url\":\"https:\/\/ikastikos-kiklos.com\/wp-content\/uploads\/2022\/10\/cropped-favicon_ikastikos.png\",\"contentUrl\":\"https:\/\/ikastikos-kiklos.com\/wp-content\/uploads\/2022\/10\/cropped-favicon_ikastikos.png\",\"width\":512,\"height\":512,\"caption\":\"Ikastikos Kiklos - Zografik\u00ed - Metaxotyp\u00edes - T\u00e9chniPainting - Silk Screen - Art\"},\"image\":{\"@id\":\"https:\/\/ikastikos-kiklos.com\/en\/#\/schema\/logo\/image\/\"},\"sameAs\":[\"https:\/\/www.facebook.com\/ikastikoskiklossianti\/\"]}]}<\/script>\n<!-- \/ Yoast SEO plugin. -->","yoast_head_json":{"title":"Gikas Hadjikyriakos Nikos Painter at Ikastikos Kiklos Sianti Gallery","description":"Gikas Hadjikyriakos Nikos Painter at Ikastikos Kiklos Sianti Gallery. Find silkscreens for sale at great prices","robots":{"index":"index","follow":"follow","max-snippet":"max-snippet:-1","max-image-preview":"max-image-preview:large","max-video-preview":"max-video-preview:-1"},"canonical":"https:\/\/ikastikos-kiklos.com\/en\/painters\/gikas-hadjikyriakos-nikos\/","og_locale":"en_US","og_type":"article","og_title":"Gikas Hadjikyriakos Nikos Painter at Ikastikos Kiklos Sianti Gallery","og_description":"Gikas Hadjikyriakos Nikos Painter at Ikastikos Kiklos Sianti Gallery. Find silkscreens for sale at great prices","og_url":"https:\/\/ikastikos-kiklos.com\/en\/painters\/gikas-hadjikyriakos-nikos\/","og_site_name":"Ikastikos Kiklos - Zografik\u00ed - Metaxotyp\u00edes - T\u00e9chniPainting - Silk Screen - Art","article_publisher":"https:\/\/www.facebook.com\/ikastikoskiklossianti\/","article_modified_time":"2020-07-03T15:18:51+00:00","twitter_card":"summary_large_image","twitter_misc":{"Est. reading time":"3 minutes"},"schema":{"@context":"https:\/\/schema.org","@graph":[{"@type":"WebPage","@id":"https:\/\/ikastikos-kiklos.com\/en\/painters\/gikas-hadjikyriakos-nikos\/","url":"https:\/\/ikastikos-kiklos.com\/en\/painters\/gikas-hadjikyriakos-nikos\/","name":"Gikas Hadjikyriakos Nikos Painter at Ikastikos Kiklos Sianti Gallery","isPartOf":{"@id":"https:\/\/ikastikos-kiklos.com\/en\/#website"},"datePublished":"2016-07-11T14:19:48+00:00","dateModified":"2020-07-03T15:18:51+00:00","description":"Gikas Hadjikyriakos Nikos Painter at Ikastikos Kiklos Sianti Gallery. Find silkscreens for sale at great prices","breadcrumb":{"@id":"https:\/\/ikastikos-kiklos.com\/en\/painters\/gikas-hadjikyriakos-nikos\/#breadcrumb"},"inLanguage":"en-US","potentialAction":[{"@type":"ReadAction","target":["https:\/\/ikastikos-kiklos.com\/en\/painters\/gikas-hadjikyriakos-nikos\/"]}]},{"@type":"BreadcrumbList","@id":"https:\/\/ikastikos-kiklos.com\/en\/painters\/gikas-hadjikyriakos-nikos\/#breadcrumb","itemListElement":[{"@type":"ListItem","position":1,"name":"Home","item":"https:\/\/ikastikos-kiklos.com\/en\/"},{"@type":"ListItem","position":2,"name":"Painters","item":"https:\/\/ikastikos-kiklos.com\/en\/painters\/"},{"@type":"ListItem","position":3,"name":"Gikas Hadjikyriakos Nikos"}]},{"@type":"WebSite","@id":"https:\/\/ikastikos-kiklos.com\/en\/#website","url":"https:\/\/ikastikos-kiklos.com\/en\/","name":"Ikastikos Kiklos - Zografik\u00ed - Metaxotyp\u00edes - T\u00e9chniPainting - Silk Screen - Art","description":"","publisher":{"@id":"https:\/\/ikastikos-kiklos.com\/en\/#organization"},"potentialAction":[{"@type":"SearchAction","target":{"@type":"EntryPoint","urlTemplate":"https:\/\/ikastikos-kiklos.com\/en\/?s={search_term_string}"},"query-input":{"@type":"PropertyValueSpecification","valueRequired":true,"valueName":"search_term_string"}}],"inLanguage":"en-US"},{"@type":"Organization","@id":"https:\/\/ikastikos-kiklos.com\/en\/#organization","name":"Ikastikos Kiklos - Zografik\u00ed - Metaxotyp\u00edes - T\u00e9chniPainting - Silk Screen - Art","url":"https:\/\/ikastikos-kiklos.com\/en\/","logo":{"@type":"ImageObject","inLanguage":"en-US","@id":"https:\/\/ikastikos-kiklos.com\/en\/#\/schema\/logo\/image\/","url":"https:\/\/ikastikos-kiklos.com\/wp-content\/uploads\/2022\/10\/cropped-favicon_ikastikos.png","contentUrl":"https:\/\/ikastikos-kiklos.com\/wp-content\/uploads\/2022\/10\/cropped-favicon_ikastikos.png","width":512,"height":512,"caption":"Ikastikos Kiklos - Zografik\u00ed - Metaxotyp\u00edes - T\u00e9chniPainting - Silk Screen - Art"},"image":{"@id":"https:\/\/ikastikos-kiklos.com\/en\/#\/schema\/logo\/image\/"},"sameAs":["https:\/\/www.facebook.com\/ikastikoskiklossianti\/"]}]}},"_links":{"self":[{"href":"https:\/\/ikastikos-kiklos.com\/en\/wp-json\/wp\/v2\/pages\/2827","targetHints":{"allow":["GET"]}}],"collection":[{"href":"https:\/\/ikastikos-kiklos.com\/en\/wp-json\/wp\/v2\/pages"}],"about":[{"href":"https:\/\/ikastikos-kiklos.com\/en\/wp-json\/wp\/v2\/types\/page"}],"author":[{"embeddable":true,"href":"https:\/\/ikastikos-kiklos.com\/en\/wp-json\/wp\/v2\/users\/3"}],"replies":[{"embeddable":true,"href":"https:\/\/ikastikos-kiklos.com\/en\/wp-json\/wp\/v2\/comments?post=2827"}],"version-history":[{"count":0,"href":"https:\/\/ikastikos-kiklos.com\/en\/wp-json\/wp\/v2\/pages\/2827\/revisions"}],"up":[{"embeddable":true,"href":"https:\/\/ikastikos-kiklos.com\/en\/wp-json\/wp\/v2\/pages\/2905"}],"wp:attachment":[{"href":"https:\/\/ikastikos-kiklos.com\/en\/wp-json\/wp\/v2\/media?parent=2827"}],"curies":[{"name":"wp","href":"https:\/\/api.w.org\/{rel}","templated":true}]}}