{"id":2826,"date":"2016-07-11T14:05:02","date_gmt":"2016-07-11T14:05:02","guid":{"rendered":"http:\/\/ikastikos-kiklos.com\/%ce%b3%ce%ad%cf%81%ce%bf%cf%82-%ce%b4%ce%b7%ce%bc%ce%ae%cf%84%cf%81%ce%b7%cf%82\/?lang=en"},"modified":"2020-07-03T09:46:00","modified_gmt":"2020-07-03T06:46:00","slug":"yeros-dimitris","status":"publish","type":"page","link":"https:\/\/ikastikos-kiklos.com\/en\/painters\/yeros-dimitris\/","title":{"rendered":"Yeros Dimitris"},"content":{"rendered":"<div class=\"wpb-content-wrapper\"><p>[vc_row][vc_column][vc_custom_heading text=&#8221;CV&#8221;][\/vc_column][\/vc_row][vc_row][vc_column][vc_column_text]<\/p>\n<header class=\"title-container\">\n<h1 class=\"title\">Yeros Dimitris<\/h1>\n<\/header>\n<div class=\"description-container dynamic-content\">\n<p>Dimitris Yeros was born in Greece. He was one of the first artists to present Performances, Body Art, Video Art, and Mail Art in Greece.<\/p>\n<p>He has had 52 individual exhibitions in Greece and abroad. He has also participated in numerous international group exhibitions, Biennales and Triennales in many parts of the world.<\/p>\n<p><img loading=\"lazy\" decoding=\"async\" class=\"aligncenter size-full wp-image-26682\" src=\"https:\/\/ikastikos-kiklos.com\/wp-content\/uploads\/2020\/07\/selfportrait-studio-small-2009.jpg\" alt=\"\" width=\"800\" height=\"522\" srcset=\"https:\/\/ikastikos-kiklos.com\/wp-content\/uploads\/2020\/07\/selfportrait-studio-small-2009.jpg 800w, https:\/\/ikastikos-kiklos.com\/wp-content\/uploads\/2020\/07\/selfportrait-studio-small-2009-300x196.jpg 300w, https:\/\/ikastikos-kiklos.com\/wp-content\/uploads\/2020\/07\/selfportrait-studio-small-2009-768x501.jpg 768w, https:\/\/ikastikos-kiklos.com\/wp-content\/uploads\/2020\/07\/selfportrait-studio-small-2009-680x444.jpg 680w, https:\/\/ikastikos-kiklos.com\/wp-content\/uploads\/2020\/07\/selfportrait-studio-small-2009-700x457.jpg 700w, https:\/\/ikastikos-kiklos.com\/wp-content\/uploads\/2020\/07\/selfportrait-studio-small-2009-220x144.jpg 220w, https:\/\/ikastikos-kiklos.com\/wp-content\/uploads\/2020\/07\/selfportrait-studio-small-2009-140x91.jpg 140w, https:\/\/ikastikos-kiklos.com\/wp-content\/uploads\/2020\/07\/selfportrait-studio-small-2009-350x228.jpg 350w, https:\/\/ikastikos-kiklos.com\/wp-content\/uploads\/2020\/07\/selfportrait-studio-small-2009-595x388.jpg 595w\" sizes=\"auto, (max-width: 800px) 100vw, 800px\" \/>He is collaborating among else with Throckmorton Fine Arts in New York, Holden Luntz gallery in Palm Beach, Pablo Goebel Fine Art in Mexico City and Skoufa Gallery in Athens.<\/p>\n<p>Numerous works by Dimitris Yeros are to be found in many private collections, national galleries and museums worldwide: Tate Britain, Gety-LA, International Center of Photography-New York, National Portrait Gallery-London, The British Museum-London, Maison Europeenne de La Photographie-Paris, Museum Bochum-Germany, Musee des beaux-arts de Mobreal-Canada and elsewhere.<\/p>\n<p>Some of the most important individual exhibitions:<br \/>\n1976 Gimpel-Weitzenhoffer, New York \/ Schoeller, Dusseldorf, Germany<br \/>\n1977 Sevrugian &amp; Bahls, Heidelberg, Germany \/ Axiom, K\u00f6ln, Germany<br \/>\n1978 Zygos, Nicosia, Cyprus \/ Art Basel, Switzerland \/ Schoeller, D\u00fcsseldorf, Germany<br \/>\n1979 Saalbau, Darmstand, Germany<br \/>\n1980 Gallerie W, Wupertal, Germany<br \/>\n1981 Kunoldstrasse 34 gallerie, Kasel, Germany<br \/>\n1982 ArtNow Gallerie, Mannheim, Germany<br \/>\n1984 Art Gallery, Indiana, USA \/ Oxford University, Oxford, England<br \/>\n1986 Museum Bochum, Bochum, Germany<br \/>\n1987 Axiom, K\u00f6ln, Germany<br \/>\n1988 Luxus Berlin Gallerie, Berlin, Germany<br \/>\n1992 Gallerie W, Wupertal, Germany<br \/>\n1993 Art Now Gallerie, Mannheim, Germany<br \/>\n1999 Hotel de Ville, Strasbourg, France \/ Art Athina, Athens, Greece \/ Photography Show, New York, U.S.A<br \/>\n2000 MIART, Milan, Italy<br \/>\n2002 Kelsey Museum, Ann Arbor-Michigan<br \/>\n2006 Radiant Light Gallery, Portlant, USA<br \/>\n2008 Kydoniefs Fountation, Andros, Greece<br \/>\n2010 Michael Cacoyannis Foundation, Athens, Greece<br \/>\n2012 Throckmorton Fine Art, New York, \u201cColors of Passion\u201d<br \/>\n2015 Museo de Arte Moderno de Barranquilla, Colombia<br \/>\n2015 Pablo Goebel Fine Art, Mexico City<\/p>\n<p><iframe loading=\"lazy\" src=\"https:\/\/www.youtube.com\/embed\/euk0s5kodAw\" width=\"560\" height=\"315\" frameborder=\"0\" allowfullscreen=\"allowfullscreen\"><\/iframe>&nbsp;<\/p>\n<p>The following books have also been published on his work:<br \/>\n1976 The Sparkling Bathtub (published by Kastaniotis)<br \/>\n1977 Photoseries:Photopoem (published by Phyllo)<br \/>\n1984 Yeros with text by Yannis Patilis (published by Phorkys)<br \/>\n1986 Book-catalogue: Dimitris Yeros (published by The Bochum Museum)<br \/>\n1998 D.Yeros with an essay by Pr.Chr. Christou (published by The Prefecture of Biotia)<br \/>\n1998 Theory of the Nude with an introduction by Peter Weiermair Director of Rupertinum, Museum of Modern and Contemporary Art, Salzburg, (published by Planodion)<br \/>\n1999 Periorasis with foreword by the author Michel Deon, Member of the French Academy and introduction by P.Devin, Director of the Centre Regional de la Photographie, France (published by Phyllo)<br \/>\n2000 For a Definition of the Nude with an introduction by Peter Weiermair, Director of the Rupertinum, Phyllo)<br \/>\n2001 The Exuberant Flowering of Dimitris Yeros with an essay by John Wood (published by the municipality of Syros \u2013 Greece)<br \/>\n2002 D. Yeros on C.P.Cavafy\u2019s poems. Kelsey Museum, Ann Arbor, Michigan. With an assay by Lauren E. Talalay<br \/>\n2007 D. YEROS, Calendar. Harta Publications. Greece<br \/>\n2008 Wavelengh: D. Yeros and S. Karavouzis. Kydoniefs Foundation, Greece with an assay by Athens Schina<br \/>\n2008 Dimitris Yeros. Calendar. Harta publications. Greece<br \/>\n2010 Shades of Love with foreword by Edward Albee and introduction by John Wood (Published by Insight Editions)<br \/>\n2015 Dimitris Yeros, Photographing Gabriel Garcia Marquez, with foreword by Edward Lucie Smith and afterword by Dimitris Yeros. Kerber Verlag, Germany<br \/>\n2016 Another Narcissus, with a poem by Edward Albee and introduction by John Wood. Phyllo Editions, Greece<\/p>\n<\/div>\n<p>[\/vc_column_text][vc_empty_space][\/vc_column][\/vc_row]<\/p>\n<\/div>","protected":false},"excerpt":{"rendered":"<p>[vc_row][vc_column][vc_custom_heading text=&#8221;CV&#8221;][\/vc_column][\/vc_row][vc_row][vc_column][vc_column_text] Yeros Dimitris Dimitris Yeros was born in Greece. He was one of the &hellip;<\/p>\n","protected":false},"author":3,"featured_media":0,"parent":2905,"menu_order":0,"comment_status":"closed","ping_status":"closed","template":"page-zwgrafoi.php","meta":{"ngg_post_thumbnail":0,"footnotes":""},"class_list":["post-2826","page","type-page","status-publish","hentry"],"yoast_head":"<!-- This site is optimized with the Yoast SEO plugin v27.2 - https:\/\/yoast.com\/product\/yoast-seo-wordpress\/ -->\n<title>Yeros Dimitris Painter at Ikastikos kiklos Sianti Gallery<\/title>\n<meta name=\"description\" content=\"Yeros Dimitris Painter at Ikastikos kiklos Sianti Gallery. Find silkscreens and paintings for sale at great prices\" \/>\n<meta name=\"robots\" content=\"index, follow, max-snippet:-1, max-image-preview:large, max-video-preview:-1\" \/>\n<link rel=\"canonical\" href=\"https:\/\/ikastikos-kiklos.com\/en\/painters\/yeros-dimitris\/\" \/>\n<meta property=\"og:locale\" content=\"en_US\" \/>\n<meta property=\"og:type\" content=\"article\" \/>\n<meta property=\"og:title\" content=\"Yeros Dimitris Painter at Ikastikos kiklos Sianti Gallery\" \/>\n<meta property=\"og:description\" content=\"Yeros Dimitris Painter at Ikastikos kiklos Sianti Gallery. Find silkscreens and paintings for sale at great prices\" \/>\n<meta property=\"og:url\" content=\"https:\/\/ikastikos-kiklos.com\/en\/painters\/yeros-dimitris\/\" \/>\n<meta property=\"og:site_name\" content=\"Ikastikos Kiklos - Zografik\u00ed - Metaxotyp\u00edes - T\u00e9chniPainting - Silk Screen - Art\" \/>\n<meta property=\"article:publisher\" content=\"https:\/\/www.facebook.com\/ikastikoskiklossianti\/\" \/>\n<meta property=\"article:modified_time\" content=\"2020-07-03T06:46:00+00:00\" \/>\n<meta property=\"og:image\" content=\"https:\/\/ikastikos-kiklos.com\/wp-content\/uploads\/2020\/07\/selfportrait-studio-small-2009.jpg\" \/>\n<meta name=\"twitter:card\" content=\"summary_large_image\" \/>\n<meta name=\"twitter:label1\" content=\"Est. reading time\" \/>\n\t<meta name=\"twitter:data1\" content=\"3 minutes\" \/>\n<script type=\"application\/ld+json\" class=\"yoast-schema-graph\">{\"@context\":\"https:\/\/schema.org\",\"@graph\":[{\"@type\":\"WebPage\",\"@id\":\"https:\/\/ikastikos-kiklos.com\/en\/painters\/yeros-dimitris\/\",\"url\":\"https:\/\/ikastikos-kiklos.com\/en\/painters\/yeros-dimitris\/\",\"name\":\"Yeros Dimitris Painter at Ikastikos kiklos Sianti Gallery\",\"isPartOf\":{\"@id\":\"https:\/\/ikastikos-kiklos.com\/en\/#website\"},\"primaryImageOfPage\":{\"@id\":\"https:\/\/ikastikos-kiklos.com\/en\/painters\/yeros-dimitris\/#primaryimage\"},\"image\":{\"@id\":\"https:\/\/ikastikos-kiklos.com\/en\/painters\/yeros-dimitris\/#primaryimage\"},\"thumbnailUrl\":\"https:\/\/ikastikos-kiklos.com\/wp-content\/uploads\/2020\/07\/selfportrait-studio-small-2009.jpg\",\"datePublished\":\"2016-07-11T14:05:02+00:00\",\"dateModified\":\"2020-07-03T06:46:00+00:00\",\"description\":\"Yeros Dimitris Painter at Ikastikos kiklos Sianti Gallery. Find silkscreens and paintings for sale at great prices\",\"breadcrumb\":{\"@id\":\"https:\/\/ikastikos-kiklos.com\/en\/painters\/yeros-dimitris\/#breadcrumb\"},\"inLanguage\":\"en-US\",\"potentialAction\":[{\"@type\":\"ReadAction\",\"target\":[\"https:\/\/ikastikos-kiklos.com\/en\/painters\/yeros-dimitris\/\"]}]},{\"@type\":\"ImageObject\",\"inLanguage\":\"en-US\",\"@id\":\"https:\/\/ikastikos-kiklos.com\/en\/painters\/yeros-dimitris\/#primaryimage\",\"url\":\"https:\/\/ikastikos-kiklos.com\/wp-content\/uploads\/2020\/07\/selfportrait-studio-small-2009.jpg\",\"contentUrl\":\"https:\/\/ikastikos-kiklos.com\/wp-content\/uploads\/2020\/07\/selfportrait-studio-small-2009.jpg\"},{\"@type\":\"BreadcrumbList\",\"@id\":\"https:\/\/ikastikos-kiklos.com\/en\/painters\/yeros-dimitris\/#breadcrumb\",\"itemListElement\":[{\"@type\":\"ListItem\",\"position\":1,\"name\":\"Home\",\"item\":\"https:\/\/ikastikos-kiklos.com\/en\/\"},{\"@type\":\"ListItem\",\"position\":2,\"name\":\"Painters\",\"item\":\"https:\/\/ikastikos-kiklos.com\/en\/painters\/\"},{\"@type\":\"ListItem\",\"position\":3,\"name\":\"Yeros Dimitris\"}]},{\"@type\":\"WebSite\",\"@id\":\"https:\/\/ikastikos-kiklos.com\/en\/#website\",\"url\":\"https:\/\/ikastikos-kiklos.com\/en\/\",\"name\":\"Ikastikos Kiklos - Zografik\u00ed - Metaxotyp\u00edes - T\u00e9chniPainting - Silk Screen - Art\",\"description\":\"\",\"publisher\":{\"@id\":\"https:\/\/ikastikos-kiklos.com\/en\/#organization\"},\"potentialAction\":[{\"@type\":\"SearchAction\",\"target\":{\"@type\":\"EntryPoint\",\"urlTemplate\":\"https:\/\/ikastikos-kiklos.com\/en\/?s={search_term_string}\"},\"query-input\":{\"@type\":\"PropertyValueSpecification\",\"valueRequired\":true,\"valueName\":\"search_term_string\"}}],\"inLanguage\":\"en-US\"},{\"@type\":\"Organization\",\"@id\":\"https:\/\/ikastikos-kiklos.com\/en\/#organization\",\"name\":\"Ikastikos Kiklos - Zografik\u00ed - Metaxotyp\u00edes - T\u00e9chniPainting - Silk Screen - Art\",\"url\":\"https:\/\/ikastikos-kiklos.com\/en\/\",\"logo\":{\"@type\":\"ImageObject\",\"inLanguage\":\"en-US\",\"@id\":\"https:\/\/ikastikos-kiklos.com\/en\/#\/schema\/logo\/image\/\",\"url\":\"https:\/\/ikastikos-kiklos.com\/wp-content\/uploads\/2022\/10\/cropped-favicon_ikastikos.png\",\"contentUrl\":\"https:\/\/ikastikos-kiklos.com\/wp-content\/uploads\/2022\/10\/cropped-favicon_ikastikos.png\",\"width\":512,\"height\":512,\"caption\":\"Ikastikos Kiklos - Zografik\u00ed - Metaxotyp\u00edes - T\u00e9chniPainting - Silk Screen - Art\"},\"image\":{\"@id\":\"https:\/\/ikastikos-kiklos.com\/en\/#\/schema\/logo\/image\/\"},\"sameAs\":[\"https:\/\/www.facebook.com\/ikastikoskiklossianti\/\"]}]}<\/script>\n<!-- \/ Yoast SEO plugin. -->","yoast_head_json":{"title":"Yeros Dimitris Painter at Ikastikos kiklos Sianti Gallery","description":"Yeros Dimitris Painter at Ikastikos kiklos Sianti Gallery. Find silkscreens and paintings for sale at great prices","robots":{"index":"index","follow":"follow","max-snippet":"max-snippet:-1","max-image-preview":"max-image-preview:large","max-video-preview":"max-video-preview:-1"},"canonical":"https:\/\/ikastikos-kiklos.com\/en\/painters\/yeros-dimitris\/","og_locale":"en_US","og_type":"article","og_title":"Yeros Dimitris Painter at Ikastikos kiklos Sianti Gallery","og_description":"Yeros Dimitris Painter at Ikastikos kiklos Sianti Gallery. Find silkscreens and paintings for sale at great prices","og_url":"https:\/\/ikastikos-kiklos.com\/en\/painters\/yeros-dimitris\/","og_site_name":"Ikastikos Kiklos - Zografik\u00ed - Metaxotyp\u00edes - T\u00e9chniPainting - Silk Screen - Art","article_publisher":"https:\/\/www.facebook.com\/ikastikoskiklossianti\/","article_modified_time":"2020-07-03T06:46:00+00:00","og_image":[{"url":"https:\/\/ikastikos-kiklos.com\/wp-content\/uploads\/2020\/07\/selfportrait-studio-small-2009.jpg","type":"","width":"","height":""}],"twitter_card":"summary_large_image","twitter_misc":{"Est. reading time":"3 minutes"},"schema":{"@context":"https:\/\/schema.org","@graph":[{"@type":"WebPage","@id":"https:\/\/ikastikos-kiklos.com\/en\/painters\/yeros-dimitris\/","url":"https:\/\/ikastikos-kiklos.com\/en\/painters\/yeros-dimitris\/","name":"Yeros Dimitris Painter at Ikastikos kiklos Sianti Gallery","isPartOf":{"@id":"https:\/\/ikastikos-kiklos.com\/en\/#website"},"primaryImageOfPage":{"@id":"https:\/\/ikastikos-kiklos.com\/en\/painters\/yeros-dimitris\/#primaryimage"},"image":{"@id":"https:\/\/ikastikos-kiklos.com\/en\/painters\/yeros-dimitris\/#primaryimage"},"thumbnailUrl":"https:\/\/ikastikos-kiklos.com\/wp-content\/uploads\/2020\/07\/selfportrait-studio-small-2009.jpg","datePublished":"2016-07-11T14:05:02+00:00","dateModified":"2020-07-03T06:46:00+00:00","description":"Yeros Dimitris Painter at Ikastikos kiklos Sianti Gallery. Find silkscreens and paintings for sale at great prices","breadcrumb":{"@id":"https:\/\/ikastikos-kiklos.com\/en\/painters\/yeros-dimitris\/#breadcrumb"},"inLanguage":"en-US","potentialAction":[{"@type":"ReadAction","target":["https:\/\/ikastikos-kiklos.com\/en\/painters\/yeros-dimitris\/"]}]},{"@type":"ImageObject","inLanguage":"en-US","@id":"https:\/\/ikastikos-kiklos.com\/en\/painters\/yeros-dimitris\/#primaryimage","url":"https:\/\/ikastikos-kiklos.com\/wp-content\/uploads\/2020\/07\/selfportrait-studio-small-2009.jpg","contentUrl":"https:\/\/ikastikos-kiklos.com\/wp-content\/uploads\/2020\/07\/selfportrait-studio-small-2009.jpg"},{"@type":"BreadcrumbList","@id":"https:\/\/ikastikos-kiklos.com\/en\/painters\/yeros-dimitris\/#breadcrumb","itemListElement":[{"@type":"ListItem","position":1,"name":"Home","item":"https:\/\/ikastikos-kiklos.com\/en\/"},{"@type":"ListItem","position":2,"name":"Painters","item":"https:\/\/ikastikos-kiklos.com\/en\/painters\/"},{"@type":"ListItem","position":3,"name":"Yeros Dimitris"}]},{"@type":"WebSite","@id":"https:\/\/ikastikos-kiklos.com\/en\/#website","url":"https:\/\/ikastikos-kiklos.com\/en\/","name":"Ikastikos Kiklos - Zografik\u00ed - Metaxotyp\u00edes - T\u00e9chniPainting - Silk Screen - Art","description":"","publisher":{"@id":"https:\/\/ikastikos-kiklos.com\/en\/#organization"},"potentialAction":[{"@type":"SearchAction","target":{"@type":"EntryPoint","urlTemplate":"https:\/\/ikastikos-kiklos.com\/en\/?s={search_term_string}"},"query-input":{"@type":"PropertyValueSpecification","valueRequired":true,"valueName":"search_term_string"}}],"inLanguage":"en-US"},{"@type":"Organization","@id":"https:\/\/ikastikos-kiklos.com\/en\/#organization","name":"Ikastikos Kiklos - Zografik\u00ed - Metaxotyp\u00edes - T\u00e9chniPainting - Silk Screen - Art","url":"https:\/\/ikastikos-kiklos.com\/en\/","logo":{"@type":"ImageObject","inLanguage":"en-US","@id":"https:\/\/ikastikos-kiklos.com\/en\/#\/schema\/logo\/image\/","url":"https:\/\/ikastikos-kiklos.com\/wp-content\/uploads\/2022\/10\/cropped-favicon_ikastikos.png","contentUrl":"https:\/\/ikastikos-kiklos.com\/wp-content\/uploads\/2022\/10\/cropped-favicon_ikastikos.png","width":512,"height":512,"caption":"Ikastikos Kiklos - Zografik\u00ed - Metaxotyp\u00edes - T\u00e9chniPainting - Silk Screen - Art"},"image":{"@id":"https:\/\/ikastikos-kiklos.com\/en\/#\/schema\/logo\/image\/"},"sameAs":["https:\/\/www.facebook.com\/ikastikoskiklossianti\/"]}]}},"_links":{"self":[{"href":"https:\/\/ikastikos-kiklos.com\/en\/wp-json\/wp\/v2\/pages\/2826","targetHints":{"allow":["GET"]}}],"collection":[{"href":"https:\/\/ikastikos-kiklos.com\/en\/wp-json\/wp\/v2\/pages"}],"about":[{"href":"https:\/\/ikastikos-kiklos.com\/en\/wp-json\/wp\/v2\/types\/page"}],"author":[{"embeddable":true,"href":"https:\/\/ikastikos-kiklos.com\/en\/wp-json\/wp\/v2\/users\/3"}],"replies":[{"embeddable":true,"href":"https:\/\/ikastikos-kiklos.com\/en\/wp-json\/wp\/v2\/comments?post=2826"}],"version-history":[{"count":0,"href":"https:\/\/ikastikos-kiklos.com\/en\/wp-json\/wp\/v2\/pages\/2826\/revisions"}],"up":[{"embeddable":true,"href":"https:\/\/ikastikos-kiklos.com\/en\/wp-json\/wp\/v2\/pages\/2905"}],"wp:attachment":[{"href":"https:\/\/ikastikos-kiklos.com\/en\/wp-json\/wp\/v2\/media?parent=2826"}],"curies":[{"name":"wp","href":"https:\/\/api.w.org\/{rel}","templated":true}]}}