{"id":2819,"date":"2016-07-11T14:01:32","date_gmt":"2016-07-11T14:01:32","guid":{"rendered":"http:\/\/ikastikos-kiklos.com\/%ce%b2%ce%b1%ce%bb%cf%85%cf%81%ce%ac%ce%ba%ce%b7-%ce%bc%ce%af%ce%bd%ce%b1\/?lang=en"},"modified":"2020-07-03T15:03:53","modified_gmt":"2020-07-03T12:03:53","slug":"valirakis-papatheodorou-mina","status":"publish","type":"page","link":"https:\/\/ikastikos-kiklos.com\/en\/painters\/valirakis-papatheodorou-mina\/","title":{"rendered":"Valirakis Papatheodorou Mina"},"content":{"rendered":"<div class=\"wpb-content-wrapper\"><p>[vc_row][vc_column][vc_custom_heading text=&#8221;CV&#8221;][vc_empty_space][vc_video link=&#8221;https:\/\/www.youtube.com\/watch?time_continue=1&amp;v=Zut5ypRvP9A&#8221; align=&#8221;center&#8221;][\/vc_column][\/vc_row][vc_row][vc_column][vc_empty_space][\/vc_column][\/vc_row][vc_row][vc_column][vc_column_text]<\/p>\n<header class=\"title-container\">\n<h1 class=\"title\">Mina Papatheodorou Valirakis<\/h1>\n<\/header>\n<div class=\"description-container dynamic-content\">\n<p>Mina Papatheodorou Valirakis was born in Athens.<\/p>\n<p>1975 \u2013 1980, Graduation with distinction in painting and theoretical studies at the SUPREME SCHOOL OF FINE ARTS of the NATIONAL TECHNICAL UNIVERSITY OF ATHENS, under Professor Yiannis Moralis<\/p>\n<p>1981, Scholarship \u2013 Italian Ministry of Foreign Affairs-post graduate studies in history of Art, UNIVERSITY OF FLORENCE, ITALY.<\/p>\n<p>1986 PHD, University of Florence, ITALY \u201cPERFEZIONAMENTO IN STORIA DELL\u201d Arte Medievale e Moderna\u201d.<\/p>\n<p>She has presented her work in more than 60 one woman shows in Greece, Italy, USA, Brussels, Spain, China, UAE, France, etc, as well as group exhibitions from 1983 till now.<\/p>\n<p>1998&nbsp;<strong>AUTOMOBILI LAMBORGHINI<\/strong>&nbsp;official artist by her commemorative work of art \u201cLA STORIA DELLA LAMBORGHINI, 35 years anniversary\u201d \u2013 painting of 18 m.sq.<\/p>\n<p>2000, Monte Carlo-Monaco, VILLA LES AIGLES, personal exhibition, \u201c<strong>58th Grand Prix<\/strong>\u201d.<\/p>\n<p>2001, she presented her Artwork in the NATIONAL MUSEUM OF WOMEN IN THE ARTS OF WASHINGTON, where her painting \u201c<strong>Still life in yellow<\/strong>\u201d was approved and acquired for the permanent collection of the Museum in U.S.A.<\/p>\n<p>2002, Florida, Miami, One woman show, JOANNE COIA\u2019S GALLERY.<\/p>\n<p>2002, SALT LAKE CITY, OLYMPIC GAMES, one woman show in collaboration with the USSA.<\/p>\n<p>2002, San Marino, PALAZZO DEI CONGRESSI-RIMINI, \u201c<strong>Arte e Movimento<\/strong>\u201d.<\/p>\n<p>2002 July, 30 anniversary United States Sports Academy, personal exhibition ASAMA MUSEUM ALABAMA-USSA AWARD.<\/p>\n<p>2003 September, official stamps of the Greek post office featuring sport themes for the Athens Olympics 2004.<\/p>\n<p>2003 September, EUROPEAN PARLIAMENT, personal exhibition, \u201c<strong>2004 Olympic Games<\/strong>\u201d presented by the OLYMPIC CHAMPION AND EUROPEAN DEPUTY PIETRO MENNEA, and EUROPEAN DEPUTY FOR EDUCATION VIVIAN REDING.<\/p>\n<p>2003 November, the UN adapted the Olympic Truce resolution for the duration of the Games, Greece \u2013 through the Foreign Minister George Papandreou -, donated the monumental work \u201c<strong>OLYMPIC TRUCE<\/strong>\u201c, signed by 23 women Olympic champions to the UN. During the official ceremony, UN General Secretary MR. KOFI ANNAN accepted the gift in the presence of IOC PRESIDENT MR. JACQUES ROGUE.<\/p>\n<p>2004 May, Cyprus, one woman at the \u201c<strong>Intercollege<\/strong>\u201d of Nicosia.<\/p>\n<p>2004 May, one woman show at Peloponnesian Folklore Foundation in Nafplio.<\/p>\n<p>2004 May, Monte Carlo, \u201c<strong>Villa Les Aigles<\/strong>\u201d on the occasion of the FORMULA I GRAND PRIX, IN MONACO.<\/p>\n<p>2003, MPV granted the \u201c<strong>XENIOS ZEYS<\/strong>\u201d award by GREEK TOURISM ORGANIZATION for the promotion of Greece in the abroad.<\/p>\n<p>2004, MPV makes the official calendar of Olympic Games \u201cATHENS 2004\u201d as well as some of the official posters of the Games. In October 2004, she is granted the \u201c<strong>Guirlande d\u2019 Honeur<\/strong>\u201d award for her offer in the Art for the Sports, from the President of the Italian Republic, in the Festival Arts Sport Movies and TV in Milan.<\/p>\n<p>2005 April, one woman show, SAKHIR TOWEL, NATIONAL MUSEUM OF BAHRAIN on the occasion of the&nbsp;<strong>2nd F1 races in Bahrain<\/strong>.<\/p>\n<p>2006 February, TORINO OLYMPIC WINTER GAMES, PALAZZO STUPINIGI, exhibition of her artwork \u201c<strong>Olympic Truce<\/strong>\u201d under the offices of International Institution of Olympic Truce.<\/p>\n<p>2006 September, one woman show, METAMORFOSIS ART GALLERY, under the offices of Municipality of Thesalloniki \u2013 \u201c<strong>41th DHMHTRIA 2006<\/strong>\u201c, at the OLD ARCHEOLOGICAL MUSEUM (Jeni Tzami), \u201c<strong>The City under Construction \u2013 Harbors \u2013 Cranes<\/strong>\u201c.<\/p>\n<p>2006, October, \u201c<strong>The City under Construction \u2013 Harbors \u2013 Cranes<\/strong>\u201c, MACEDONIAN MUSEUM OF MODERN ARTS OF THESSALONIKI.<\/p>\n<p>2006, May, \u201c<strong>Art Fair of NIMES<\/strong>\u201c, FRANCE \u201cART FAIR VIGO\u201d in Spain.<\/p>\n<p>2006, November, GAUDI ART GALLERY in Madrid.<\/p>\n<p>2007, June, one woman show, \u201c<strong>The City under construction<\/strong>\u201d at the GALLERY CITRONNE, Poros Island.<\/p>\n<p>2007 November, one woman show, the MUSEUM OF TECHNOLOGY AND SCIENCE IN THESSALONIKI.<\/p>\n<p>Since 2007 has been elected member of the Board of Trustees at the United States Sports Academy \u2013 America\u2019s Sports University.<\/p>\n<p>2008, \u201c<strong>MELINA MERKOURI<\/strong>\u201d cultural foundation, \u201cART IN THE ART \u2013 ACTORS and PAINTERS\u201d<\/p>\n<p>2008 June,&nbsp;<strong>JINTAI ART MUSEUM<\/strong>&nbsp;of Beijing, on the occasion of Beijing Olympic Games, a retrospective exhibition.<\/p>\n<p>2008, SHANGHAI MUSEUM of contemporary art.<\/p>\n<p>2008, 3rd International Art Biennale of Beijing.<\/p>\n<p>2008 November, \u201c<strong>Guirlande D\u2019 Honneur<\/strong>\u201d award of the \u201cSports Movies &amp; TV 2008-26th Milano International FICTS Festival\u201d.<\/p>\n<p>2009 March, Athens, one woman show, \u201c<strong>Metallic Reflections<\/strong>\u201d, EIKASTIKOS KYKLOS ART GALLERY.<\/p>\n<p>2010 July, Florence, FRASCIONE ARTE GALLERY, \u201c<strong>Football Portraits<\/strong>\u201d on the occasion of the World Cup 2010.<\/p>\n<p>2010 October, Thessaloniki, one-woman show titled \u201c<strong>City Reflections<\/strong>\u201d in ARTION Gallery.<\/p>\n<p>2012 February, NATIONAL MUSEUM WOMEN IN THE ARTS IN WASHINGTON \u201c<strong>An evening in Monte Carlo<\/strong>\u201d art exhibition and auction.<\/p>\n<p>2012 May, NAMOS-NATIONAL ART MUSEUM OF SPORTS, Exhibition \u201c<strong>Speed &amp; motion racing to the finish line<\/strong>\u201d on the occasion of the Indy 500, Indianapolis.<\/p>\n<p>2012 September, Joanne Coia Gallery, PEARL\u2019S BOUTIQUE HOTEL, Newport, Boston.<\/p>\n<p>2013 May,&nbsp;<strong>ART ATHINA 2013<\/strong>, with EIKASTIKOS KYKLOS Gallery, Athens.<\/p>\n<p>2013 June-October, London, One woman show \u201c<strong>ART AND CARS<\/strong>\u201d, at the PAGANI-BOB FORSTNER-PARK LANE showroom Mayfair, London.<\/p>\n<p>2013 June-September, Florence, Frascione Art Gallery.<\/p>\n<p>2014 July-August, Greece, Cyclades Island of Syros \u2013 \u201c<strong>Journeys-Intersections<\/strong>\u201d \u2013 At the National Gallery of Cyclades.<\/p>\n<p>2014 October, Greece, Athens \u2013 \u201c<strong>Velocita F1 2014<\/strong>\u201d \u2013 Golden Hall.<\/p>\n<p>2015 January, \u201c<strong>IOC Trophy 2014 \u2013 Art and Sport<\/strong>\u201d Award by the International Olympic Committee in HOC, first time given to an artist &amp; solo exhibition at the HOC venue.<\/p>\n<p>2015, May, Launch of her silk scarves-poset-clutches-art objects (applied art) under the brand name \u201c<strong>TDS+MINA P.V<\/strong>.\u201d, inspired by the Artist\u2019s famous F1 vehicle thematology and produced by the President of TDS (the Driver Society), James Hazen in USA.<\/p>\n<p><iframe loading=\"lazy\" src=\"https:\/\/www.youtube.com\/embed\/o2zNuegIjUE\" width=\"560\" height=\"315\" frameborder=\"0\" allowfullscreen=\"allowfullscreen\"><\/iframe>&nbsp;<\/p>\n<p>Her works are exhibited internationally in private collections and museums such us the&nbsp;<strong>OLYMPIC MUSEUM OF LAUSANNE<\/strong>, the&nbsp;<strong>UNITED NATIONS HEADQUARTERS \u2013 NEW YORK<\/strong>, the&nbsp;<strong>NATIONAL MUSEUM OF WOMEN IN THE ARTS<\/strong>&nbsp;\u2013 Washington, the \u201c<strong>LAMBORGHINI AUTOMOBILI\u201d HEADQUARTERS and MUSEUM<\/strong>&nbsp;in Sant\u2019 Agata Bolognese, ITALY, the&nbsp;<strong>OLYMPIC MUSEUM OF BARCELONA<\/strong>, the&nbsp;<strong>JEAN TODT-FERRARI MUSEUM \u2013 FRANCE<\/strong>, the&nbsp;<strong>JINTAI ART MUSEUM<\/strong>&nbsp;of Beijing, CHINA, the&nbsp;<strong>NATIONAL ART MUSEUM of SPORTS (NAMOS)<\/strong>, in Indianapolis-USA, the&nbsp;<strong>ASAMA MUSEUM<\/strong>&nbsp;of the&nbsp;<strong>UNITED STATES SPORT ACADEMY<\/strong>&nbsp;(the biggest sport Art collection) \u2013 Alabama, USA, the&nbsp;<strong>SAKHIR TOWER<\/strong>&nbsp;Kingdom of Bahrain,&nbsp;<strong>FIAT HEADQUARTERS<\/strong>&nbsp;ITALY,&nbsp;<strong>FERRARI GENESIS<\/strong>&nbsp;Athens, GREECE, the&nbsp;<strong>TRIDENT CARS LTD<\/strong>&nbsp;Maserati \u2013 Lamborghini S.p.A.<\/p>\n<p><iframe loading=\"lazy\" src=\"https:\/\/www.youtube.com\/embed\/DhP1uSih5L4\" width=\"560\" height=\"315\" frameborder=\"0\" allowfullscreen=\"allowfullscreen\"><\/iframe>&nbsp;<\/p>\n<p>Personal friend and supporter of her Art, the President of the International Olympic Committee, Juan Antonio Samaranch, since 1986, he was the one to propose her as a member of the Critic Committee of the \u201cBarcelona Biennal Esportistes en l\u2019 Art\u201d from 1989, and she was announced and Presented by him to be the honorary Sport Artist to exhibit at the \u201cBiennale of Barcelona \u201cduring the Olympic Games of 1992 in Spain.<\/p>\n<p>Her paintings \u201cThe high jump\u201d and the \u201cHurdles\u201d belong to the Permanent Collection since 1986 and 1992 in Lausanne at the Olympic museum \u2013 Chateau de Vidy, at the J A. Samaranch personal Bureaus as well as in many museums in the world.<\/p>\n<p><iframe loading=\"lazy\" src=\"https:\/\/www.youtube.com\/embed\/uhkpR8u3S4M\" width=\"560\" height=\"315\" frameborder=\"0\" allowfullscreen=\"allowfullscreen\"><\/iframe>&nbsp;<\/p>\n<p><strong>GREECE<\/strong>:&nbsp;<strong>NATIONAL GALLERY<\/strong>&nbsp;in Athens,&nbsp;<strong>NATIONAL BANK of GREECE,<\/strong>&nbsp;<strong>PIREAUS BANK<\/strong>,&nbsp;<strong>GENERAL BANK of GREECE<\/strong>, Museums under the patronage of PIREAUS BANK, MUSEUM OF CERAMICS in VOLOS, MUSEUM OF TRADITIONAL CRAFTS AND ENVIRONMENT, Stymfalia, KORINTHOS, TINOS MARBLE MUSEUM: THE MUSEUM OF MARBLE CRAFTS in Tinos, CYCLADES,&nbsp;<strong>VORRES MUSEUM<\/strong>&nbsp;in Athens,&nbsp;<strong>AVEROF MUSEUM<\/strong>&nbsp;in Metsovo, FLORINA CONTEMPORARY ART MUSEUM and in many private collections.<\/p>\n<p>She lives and works in Athens, GREECE and Florence, ITALY.<\/p>\n<\/div>\n<p>[\/vc_column_text][vc_empty_space][vc_single_image image=&#8221;5187&#8243; img_size=&#8221;large&#8221; alignment=&#8221;center&#8221;][vc_empty_space][\/vc_column][\/vc_row][vc_row][vc_column][\/vc_column][\/vc_row][vc_row][vc_column][\/vc_column][\/vc_row]<\/p>\n<\/div>","protected":false},"excerpt":{"rendered":"<p>[vc_row][vc_column][vc_custom_heading text=&#8221;CV&#8221;][vc_empty_space][vc_video link=&#8221;https:\/\/www.youtube.com\/watch?time_continue=1&amp;v=Zut5ypRvP9A&#8221; align=&#8221;center&#8221;][\/vc_column][\/vc_row][vc_row][vc_column][vc_empty_space][\/vc_column][\/vc_row][vc_row][vc_column][vc_column_text] Mina Papatheodorou Valirakis Mina Papatheodorou Valirakis was born in Athens. 1975 &hellip;<\/p>\n","protected":false},"author":3,"featured_media":0,"parent":2905,"menu_order":0,"comment_status":"closed","ping_status":"closed","template":"page-zwgrafoi.php","meta":{"ngg_post_thumbnail":0,"footnotes":""},"class_list":["post-2819","page","type-page","status-publish","hentry"],"yoast_head":"<!-- This site is optimized with the Yoast SEO plugin v27.4 - https:\/\/yoast.com\/product\/yoast-seo-wordpress\/ -->\n<title>Mina Papatheodorou Valirakis Profile at Ikastikos Kiklos Sianti Gallery.<\/title>\n<meta name=\"description\" content=\"Mina Papatheodorou Valirakis Profile at Ikastikos Kiklos Sianti Gallery. Find paintings, silkscreens and art objects for sale at great prices.\" \/>\n<meta name=\"robots\" content=\"index, follow, max-snippet:-1, max-image-preview:large, max-video-preview:-1\" \/>\n<link rel=\"canonical\" href=\"https:\/\/ikastikos-kiklos.com\/en\/painters\/valirakis-papatheodorou-mina\/\" \/>\n<meta property=\"og:locale\" content=\"en_US\" \/>\n<meta property=\"og:type\" content=\"article\" \/>\n<meta property=\"og:title\" content=\"Mina Papatheodorou Valirakis Profile at Ikastikos Kiklos Sianti Gallery.\" \/>\n<meta property=\"og:description\" content=\"Mina Papatheodorou Valirakis Profile at Ikastikos Kiklos Sianti Gallery. Find paintings, silkscreens and art objects for sale at great prices.\" \/>\n<meta property=\"og:url\" content=\"https:\/\/ikastikos-kiklos.com\/en\/painters\/valirakis-papatheodorou-mina\/\" \/>\n<meta property=\"og:site_name\" content=\"Ikastikos Kiklos - Zografik\u00ed - Metaxotyp\u00edes - T\u00e9chniPainting - Silk Screen - Art\" \/>\n<meta property=\"article:publisher\" content=\"https:\/\/www.facebook.com\/ikastikoskiklossianti\/\" \/>\n<meta property=\"article:modified_time\" content=\"2020-07-03T12:03:53+00:00\" \/>\n<meta name=\"twitter:card\" content=\"summary_large_image\" \/>\n<meta name=\"twitter:label1\" content=\"Est. reading time\" \/>\n\t<meta name=\"twitter:data1\" content=\"6 minutes\" \/>\n<script type=\"application\/ld+json\" class=\"yoast-schema-graph\">{\"@context\":\"https:\\\/\\\/schema.org\",\"@graph\":[{\"@type\":\"WebPage\",\"@id\":\"https:\\\/\\\/ikastikos-kiklos.com\\\/en\\\/painters\\\/valirakis-papatheodorou-mina\\\/\",\"url\":\"https:\\\/\\\/ikastikos-kiklos.com\\\/en\\\/painters\\\/valirakis-papatheodorou-mina\\\/\",\"name\":\"Mina Papatheodorou Valirakis Profile at Ikastikos Kiklos Sianti Gallery.\",\"isPartOf\":{\"@id\":\"https:\\\/\\\/ikastikos-kiklos.com\\\/en\\\/#website\"},\"datePublished\":\"2016-07-11T14:01:32+00:00\",\"dateModified\":\"2020-07-03T12:03:53+00:00\",\"description\":\"Mina Papatheodorou Valirakis Profile at Ikastikos Kiklos Sianti Gallery. Find paintings, silkscreens and art objects for sale at great prices.\",\"breadcrumb\":{\"@id\":\"https:\\\/\\\/ikastikos-kiklos.com\\\/en\\\/painters\\\/valirakis-papatheodorou-mina\\\/#breadcrumb\"},\"inLanguage\":\"en-US\",\"potentialAction\":[{\"@type\":\"ReadAction\",\"target\":[\"https:\\\/\\\/ikastikos-kiklos.com\\\/en\\\/painters\\\/valirakis-papatheodorou-mina\\\/\"]}]},{\"@type\":\"BreadcrumbList\",\"@id\":\"https:\\\/\\\/ikastikos-kiklos.com\\\/en\\\/painters\\\/valirakis-papatheodorou-mina\\\/#breadcrumb\",\"itemListElement\":[{\"@type\":\"ListItem\",\"position\":1,\"name\":\"Home\",\"item\":\"https:\\\/\\\/ikastikos-kiklos.com\\\/en\\\/\"},{\"@type\":\"ListItem\",\"position\":2,\"name\":\"Painters\",\"item\":\"https:\\\/\\\/ikastikos-kiklos.com\\\/en\\\/painters\\\/\"},{\"@type\":\"ListItem\",\"position\":3,\"name\":\"Valirakis Papatheodorou Mina\"}]},{\"@type\":\"WebSite\",\"@id\":\"https:\\\/\\\/ikastikos-kiklos.com\\\/en\\\/#website\",\"url\":\"https:\\\/\\\/ikastikos-kiklos.com\\\/en\\\/\",\"name\":\"Ikastikos Kiklos - Zografik\u00ed - Metaxotyp\u00edes - T\u00e9chniPainting - Silk Screen - Art\",\"description\":\"\",\"publisher\":{\"@id\":\"https:\\\/\\\/ikastikos-kiklos.com\\\/en\\\/#organization\"},\"potentialAction\":[{\"@type\":\"SearchAction\",\"target\":{\"@type\":\"EntryPoint\",\"urlTemplate\":\"https:\\\/\\\/ikastikos-kiklos.com\\\/en\\\/?s={search_term_string}\"},\"query-input\":{\"@type\":\"PropertyValueSpecification\",\"valueRequired\":true,\"valueName\":\"search_term_string\"}}],\"inLanguage\":\"en-US\"},{\"@type\":\"Organization\",\"@id\":\"https:\\\/\\\/ikastikos-kiklos.com\\\/en\\\/#organization\",\"name\":\"Ikastikos Kiklos - Zografik\u00ed - Metaxotyp\u00edes - T\u00e9chniPainting - Silk Screen - Art\",\"url\":\"https:\\\/\\\/ikastikos-kiklos.com\\\/en\\\/\",\"logo\":{\"@type\":\"ImageObject\",\"inLanguage\":\"en-US\",\"@id\":\"https:\\\/\\\/ikastikos-kiklos.com\\\/en\\\/#\\\/schema\\\/logo\\\/image\\\/\",\"url\":\"https:\\\/\\\/ikastikos-kiklos.com\\\/wp-content\\\/uploads\\\/2022\\\/10\\\/cropped-favicon_ikastikos.png\",\"contentUrl\":\"https:\\\/\\\/ikastikos-kiklos.com\\\/wp-content\\\/uploads\\\/2022\\\/10\\\/cropped-favicon_ikastikos.png\",\"width\":512,\"height\":512,\"caption\":\"Ikastikos Kiklos - Zografik\u00ed - Metaxotyp\u00edes - T\u00e9chniPainting - Silk Screen - Art\"},\"image\":{\"@id\":\"https:\\\/\\\/ikastikos-kiklos.com\\\/en\\\/#\\\/schema\\\/logo\\\/image\\\/\"},\"sameAs\":[\"https:\\\/\\\/www.facebook.com\\\/ikastikoskiklossianti\\\/\"]}]}<\/script>\n<!-- \/ Yoast SEO plugin. -->","yoast_head_json":{"title":"Mina Papatheodorou Valirakis Profile at Ikastikos Kiklos Sianti Gallery.","description":"Mina Papatheodorou Valirakis Profile at Ikastikos Kiklos Sianti Gallery. Find paintings, silkscreens and art objects for sale at great prices.","robots":{"index":"index","follow":"follow","max-snippet":"max-snippet:-1","max-image-preview":"max-image-preview:large","max-video-preview":"max-video-preview:-1"},"canonical":"https:\/\/ikastikos-kiklos.com\/en\/painters\/valirakis-papatheodorou-mina\/","og_locale":"en_US","og_type":"article","og_title":"Mina Papatheodorou Valirakis Profile at Ikastikos Kiklos Sianti Gallery.","og_description":"Mina Papatheodorou Valirakis Profile at Ikastikos Kiklos Sianti Gallery. Find paintings, silkscreens and art objects for sale at great prices.","og_url":"https:\/\/ikastikos-kiklos.com\/en\/painters\/valirakis-papatheodorou-mina\/","og_site_name":"Ikastikos Kiklos - Zografik\u00ed - Metaxotyp\u00edes - T\u00e9chniPainting - Silk Screen - Art","article_publisher":"https:\/\/www.facebook.com\/ikastikoskiklossianti\/","article_modified_time":"2020-07-03T12:03:53+00:00","twitter_card":"summary_large_image","twitter_misc":{"Est. reading time":"6 minutes"},"schema":{"@context":"https:\/\/schema.org","@graph":[{"@type":"WebPage","@id":"https:\/\/ikastikos-kiklos.com\/en\/painters\/valirakis-papatheodorou-mina\/","url":"https:\/\/ikastikos-kiklos.com\/en\/painters\/valirakis-papatheodorou-mina\/","name":"Mina Papatheodorou Valirakis Profile at Ikastikos Kiklos Sianti Gallery.","isPartOf":{"@id":"https:\/\/ikastikos-kiklos.com\/en\/#website"},"datePublished":"2016-07-11T14:01:32+00:00","dateModified":"2020-07-03T12:03:53+00:00","description":"Mina Papatheodorou Valirakis Profile at Ikastikos Kiklos Sianti Gallery. Find paintings, silkscreens and art objects for sale at great prices.","breadcrumb":{"@id":"https:\/\/ikastikos-kiklos.com\/en\/painters\/valirakis-papatheodorou-mina\/#breadcrumb"},"inLanguage":"en-US","potentialAction":[{"@type":"ReadAction","target":["https:\/\/ikastikos-kiklos.com\/en\/painters\/valirakis-papatheodorou-mina\/"]}]},{"@type":"BreadcrumbList","@id":"https:\/\/ikastikos-kiklos.com\/en\/painters\/valirakis-papatheodorou-mina\/#breadcrumb","itemListElement":[{"@type":"ListItem","position":1,"name":"Home","item":"https:\/\/ikastikos-kiklos.com\/en\/"},{"@type":"ListItem","position":2,"name":"Painters","item":"https:\/\/ikastikos-kiklos.com\/en\/painters\/"},{"@type":"ListItem","position":3,"name":"Valirakis Papatheodorou Mina"}]},{"@type":"WebSite","@id":"https:\/\/ikastikos-kiklos.com\/en\/#website","url":"https:\/\/ikastikos-kiklos.com\/en\/","name":"Ikastikos Kiklos - Zografik\u00ed - Metaxotyp\u00edes - T\u00e9chniPainting - Silk Screen - Art","description":"","publisher":{"@id":"https:\/\/ikastikos-kiklos.com\/en\/#organization"},"potentialAction":[{"@type":"SearchAction","target":{"@type":"EntryPoint","urlTemplate":"https:\/\/ikastikos-kiklos.com\/en\/?s={search_term_string}"},"query-input":{"@type":"PropertyValueSpecification","valueRequired":true,"valueName":"search_term_string"}}],"inLanguage":"en-US"},{"@type":"Organization","@id":"https:\/\/ikastikos-kiklos.com\/en\/#organization","name":"Ikastikos Kiklos - Zografik\u00ed - Metaxotyp\u00edes - T\u00e9chniPainting - Silk Screen - Art","url":"https:\/\/ikastikos-kiklos.com\/en\/","logo":{"@type":"ImageObject","inLanguage":"en-US","@id":"https:\/\/ikastikos-kiklos.com\/en\/#\/schema\/logo\/image\/","url":"https:\/\/ikastikos-kiklos.com\/wp-content\/uploads\/2022\/10\/cropped-favicon_ikastikos.png","contentUrl":"https:\/\/ikastikos-kiklos.com\/wp-content\/uploads\/2022\/10\/cropped-favicon_ikastikos.png","width":512,"height":512,"caption":"Ikastikos Kiklos - Zografik\u00ed - Metaxotyp\u00edes - T\u00e9chniPainting - Silk Screen - Art"},"image":{"@id":"https:\/\/ikastikos-kiklos.com\/en\/#\/schema\/logo\/image\/"},"sameAs":["https:\/\/www.facebook.com\/ikastikoskiklossianti\/"]}]}},"_links":{"self":[{"href":"https:\/\/ikastikos-kiklos.com\/en\/wp-json\/wp\/v2\/pages\/2819","targetHints":{"allow":["GET"]}}],"collection":[{"href":"https:\/\/ikastikos-kiklos.com\/en\/wp-json\/wp\/v2\/pages"}],"about":[{"href":"https:\/\/ikastikos-kiklos.com\/en\/wp-json\/wp\/v2\/types\/page"}],"author":[{"embeddable":true,"href":"https:\/\/ikastikos-kiklos.com\/en\/wp-json\/wp\/v2\/users\/3"}],"replies":[{"embeddable":true,"href":"https:\/\/ikastikos-kiklos.com\/en\/wp-json\/wp\/v2\/comments?post=2819"}],"version-history":[{"count":0,"href":"https:\/\/ikastikos-kiklos.com\/en\/wp-json\/wp\/v2\/pages\/2819\/revisions"}],"up":[{"embeddable":true,"href":"https:\/\/ikastikos-kiklos.com\/en\/wp-json\/wp\/v2\/pages\/2905"}],"wp:attachment":[{"href":"https:\/\/ikastikos-kiklos.com\/en\/wp-json\/wp\/v2\/media?parent=2819"}],"curies":[{"name":"wp","href":"https:\/\/api.w.org\/{rel}","templated":true}]}}