{"id":2812,"date":"2016-06-24T10:43:38","date_gmt":"2016-06-24T10:43:38","guid":{"rendered":"http:\/\/ikastikos-kiklos.com\/armakolos-dimitris\/?lang=en"},"modified":"2020-07-03T14:41:45","modified_gmt":"2020-07-03T11:41:45","slug":"armakolas-dimitris","status":"publish","type":"page","link":"https:\/\/ikastikos-kiklos.com\/en\/sculptors\/armakolas-dimitris\/","title":{"rendered":"Armakolas Dimitris"},"content":{"rendered":"<div class=\"wpb-content-wrapper\"><p>[vc_row][vc_column][vc_custom_heading text=&#8221;CV&#8221;][vc_column_text]<\/p>\n<h2>Armakolas Dimitris<\/h2>\n<p>Born in 1939 in Athens, <strong>he studied sculpture at the Athens School of Fine Arts<\/strong> (1956-1960) under M. Tombros. He <strong>continued with studies at the Ecole des Beaux-Arts in Paris<\/strong> (1960-1962) on a scholarship by the University of Athens. His first solo exhibition was held in Athens (1970, P\u039a gallery).<br \/>\n<strong>His early subjects were based on archetypal memories and legends rendered through schematic forms in abstract compositions. The vertical layout points to the human figure as a totemic symbol, with few descriptive elements. Special emphasis is given to the relations among the sculpted masses, voids and shapes.<\/strong><\/p>\n<p><img loading=\"lazy\" decoding=\"async\" class=\"aligncenter size-full wp-image-26725\" src=\"https:\/\/ikastikos-kiklos.com\/wp-content\/uploads\/2020\/07\/assets_LARGE_t_420_3641130_type12140.jpg\" alt=\"\" width=\"654\" height=\"390\" srcset=\"https:\/\/ikastikos-kiklos.com\/wp-content\/uploads\/2020\/07\/assets_LARGE_t_420_3641130_type12140.jpg 654w, https:\/\/ikastikos-kiklos.com\/wp-content\/uploads\/2020\/07\/assets_LARGE_t_420_3641130_type12140-300x179.jpg 300w, https:\/\/ikastikos-kiklos.com\/wp-content\/uploads\/2020\/07\/assets_LARGE_t_420_3641130_type12140-220x131.jpg 220w, https:\/\/ikastikos-kiklos.com\/wp-content\/uploads\/2020\/07\/assets_LARGE_t_420_3641130_type12140-140x83.jpg 140w, https:\/\/ikastikos-kiklos.com\/wp-content\/uploads\/2020\/07\/assets_LARGE_t_420_3641130_type12140-350x209.jpg 350w, https:\/\/ikastikos-kiklos.com\/wp-content\/uploads\/2020\/07\/assets_LARGE_t_420_3641130_type12140-595x355.jpg 595w\" sizes=\"auto, (max-width: 654px) 100vw, 654px\" \/><br \/>\nHuman figures inspired by archaic Greek art emerge in his compositions in the 1970s, and later the human nude becomes dominant in his sculpture, the smooth and shiny surfaces of the nude bodies coming into sharp contrast with the rough and sharp forms around them. <strong>The contrasting textures enhance the expressive intensity of the works, while the coexistence of naturalistic and abstract forms reinforces the poetic or mythical aspect of his narratives. The various materials he employs include clay, plaster, wood, aluminium, concrete, bronze, iron, marble and polyester resin.<\/strong><br \/>\nIn the 1960s he began to collaborate with architects in creating reliefs in concrete for public and private buildings. He also participated in numerous competitions for statues and monuments; over twenty of his works stand in public spaces all around Greece.<\/p>\n<p><img loading=\"lazy\" decoding=\"async\" class=\"aligncenter size-full wp-image-26727\" src=\"https:\/\/ikastikos-kiklos.com\/wp-content\/uploads\/2020\/07\/250120092424.jpg\" alt=\"\" width=\"640\" height=\"480\" srcset=\"https:\/\/ikastikos-kiklos.com\/wp-content\/uploads\/2020\/07\/250120092424.jpg 640w, https:\/\/ikastikos-kiklos.com\/wp-content\/uploads\/2020\/07\/250120092424-300x225.jpg 300w, https:\/\/ikastikos-kiklos.com\/wp-content\/uploads\/2020\/07\/250120092424-220x165.jpg 220w, https:\/\/ikastikos-kiklos.com\/wp-content\/uploads\/2020\/07\/250120092424-140x105.jpg 140w, https:\/\/ikastikos-kiklos.com\/wp-content\/uploads\/2020\/07\/250120092424-350x263.jpg 350w, https:\/\/ikastikos-kiklos.com\/wp-content\/uploads\/2020\/07\/250120092424-595x446.jpg 595w\" sizes=\"auto, (max-width: 640px) 100vw, 640px\" \/><br \/>\nHe has presented his work in <strong>18 solo exhibitions and various group shows in Greece and abroad<\/strong>. He took part in many Panhellenic shows between 1963 and 1987, in salons in Paris, in the Biennale of Sao Paulo (1969) and in other international events. In 2007 his entire oeuvre was shown in a retrospective at the Benaki Museum. His various distinctions include the 1st Prize of the 2nd Youth Panhellenic Exhibition (1962) and the 1st Sculpture Award by the Ministry of the Presidency (1970). His works can be found at the National Gallery, the Averoff Gallery, the MIET Collection, the Ministry of Culture, etc.<br \/>\n<strong>He met his untimely death of asphyxia in 2009 at his studio, when the foulard he was wearing got caught in the electric grinder.<\/strong><\/p>\n<p><img loading=\"lazy\" decoding=\"async\" class=\"aligncenter size-full wp-image-26729\" src=\"https:\/\/ikastikos-kiklos.com\/wp-content\/uploads\/2020\/07\/64963_1000_650.jpg\" alt=\"\" width=\"398\" height=\"650\" srcset=\"https:\/\/ikastikos-kiklos.com\/wp-content\/uploads\/2020\/07\/64963_1000_650.jpg 398w, https:\/\/ikastikos-kiklos.com\/wp-content\/uploads\/2020\/07\/64963_1000_650-184x300.jpg 184w, https:\/\/ikastikos-kiklos.com\/wp-content\/uploads\/2020\/07\/64963_1000_650-220x359.jpg 220w, https:\/\/ikastikos-kiklos.com\/wp-content\/uploads\/2020\/07\/64963_1000_650-140x229.jpg 140w, https:\/\/ikastikos-kiklos.com\/wp-content\/uploads\/2020\/07\/64963_1000_650-350x572.jpg 350w\" sizes=\"auto, (max-width: 398px) 100vw, 398px\" \/>[\/vc_column_text][vc_empty_space][\/vc_column][\/vc_row]<\/p>\n<\/div>","protected":false},"excerpt":{"rendered":"<p>[vc_row][vc_column][vc_custom_heading text=&#8221;CV&#8221;][vc_column_text] Armakolas Dimitris Born in 1939 in Athens, he studied sculpture at the Athens &hellip;<\/p>\n","protected":false},"author":1,"featured_media":0,"parent":2906,"menu_order":0,"comment_status":"closed","ping_status":"closed","template":"page-glyptes.php","meta":{"ngg_post_thumbnail":0,"footnotes":""},"class_list":["post-2812","page","type-page","status-publish","hentry"],"yoast_head":"<!-- This site is optimized with the Yoast SEO plugin v27.4 - https:\/\/yoast.com\/product\/yoast-seo-wordpress\/ -->\n<title>Armakolas Dimitris Sculptor at Ikastikos Kiklos Sianti Gallery.<\/title>\n<meta name=\"description\" content=\"Armakolas Dimitris Sculptor at Ikastikos Kiklos Sianti Gallery.\" \/>\n<meta name=\"robots\" content=\"index, follow, max-snippet:-1, max-image-preview:large, max-video-preview:-1\" \/>\n<link rel=\"canonical\" href=\"https:\/\/ikastikos-kiklos.com\/en\/sculptors\/armakolas-dimitris\/\" \/>\n<meta property=\"og:locale\" content=\"en_US\" \/>\n<meta property=\"og:type\" content=\"article\" \/>\n<meta property=\"og:title\" content=\"Armakolas Dimitris Sculptor at Ikastikos Kiklos Sianti Gallery.\" \/>\n<meta property=\"og:description\" content=\"Armakolas Dimitris Sculptor at Ikastikos Kiklos Sianti Gallery.\" \/>\n<meta property=\"og:url\" content=\"https:\/\/ikastikos-kiklos.com\/en\/sculptors\/armakolas-dimitris\/\" \/>\n<meta property=\"og:site_name\" content=\"Ikastikos Kiklos - Zografik\u00ed - Metaxotyp\u00edes - T\u00e9chniPainting - Silk Screen - Art\" \/>\n<meta property=\"article:publisher\" content=\"https:\/\/www.facebook.com\/ikastikoskiklossianti\/\" \/>\n<meta property=\"article:modified_time\" content=\"2020-07-03T11:41:45+00:00\" \/>\n<meta property=\"og:image\" content=\"https:\/\/ikastikos-kiklos.com\/wp-content\/uploads\/2020\/07\/assets_LARGE_t_420_3641130_type12140.jpg\" \/>\n<meta name=\"twitter:card\" content=\"summary_large_image\" \/>\n<meta name=\"twitter:label1\" content=\"Est. reading time\" \/>\n\t<meta name=\"twitter:data1\" content=\"2 minutes\" \/>\n<script type=\"application\/ld+json\" class=\"yoast-schema-graph\">{\"@context\":\"https:\\\/\\\/schema.org\",\"@graph\":[{\"@type\":\"WebPage\",\"@id\":\"https:\\\/\\\/ikastikos-kiklos.com\\\/en\\\/sculptors\\\/armakolas-dimitris\\\/\",\"url\":\"https:\\\/\\\/ikastikos-kiklos.com\\\/en\\\/sculptors\\\/armakolas-dimitris\\\/\",\"name\":\"Armakolas Dimitris Sculptor at Ikastikos Kiklos Sianti Gallery.\",\"isPartOf\":{\"@id\":\"https:\\\/\\\/ikastikos-kiklos.com\\\/en\\\/#website\"},\"primaryImageOfPage\":{\"@id\":\"https:\\\/\\\/ikastikos-kiklos.com\\\/en\\\/sculptors\\\/armakolas-dimitris\\\/#primaryimage\"},\"image\":{\"@id\":\"https:\\\/\\\/ikastikos-kiklos.com\\\/en\\\/sculptors\\\/armakolas-dimitris\\\/#primaryimage\"},\"thumbnailUrl\":\"https:\\\/\\\/ikastikos-kiklos.com\\\/wp-content\\\/uploads\\\/2020\\\/07\\\/assets_LARGE_t_420_3641130_type12140.jpg\",\"datePublished\":\"2016-06-24T10:43:38+00:00\",\"dateModified\":\"2020-07-03T11:41:45+00:00\",\"description\":\"Armakolas Dimitris Sculptor at Ikastikos Kiklos Sianti Gallery.\",\"breadcrumb\":{\"@id\":\"https:\\\/\\\/ikastikos-kiklos.com\\\/en\\\/sculptors\\\/armakolas-dimitris\\\/#breadcrumb\"},\"inLanguage\":\"en-US\",\"potentialAction\":[{\"@type\":\"ReadAction\",\"target\":[\"https:\\\/\\\/ikastikos-kiklos.com\\\/en\\\/sculptors\\\/armakolas-dimitris\\\/\"]}]},{\"@type\":\"ImageObject\",\"inLanguage\":\"en-US\",\"@id\":\"https:\\\/\\\/ikastikos-kiklos.com\\\/en\\\/sculptors\\\/armakolas-dimitris\\\/#primaryimage\",\"url\":\"https:\\\/\\\/ikastikos-kiklos.com\\\/wp-content\\\/uploads\\\/2020\\\/07\\\/assets_LARGE_t_420_3641130_type12140.jpg\",\"contentUrl\":\"https:\\\/\\\/ikastikos-kiklos.com\\\/wp-content\\\/uploads\\\/2020\\\/07\\\/assets_LARGE_t_420_3641130_type12140.jpg\"},{\"@type\":\"BreadcrumbList\",\"@id\":\"https:\\\/\\\/ikastikos-kiklos.com\\\/en\\\/sculptors\\\/armakolas-dimitris\\\/#breadcrumb\",\"itemListElement\":[{\"@type\":\"ListItem\",\"position\":1,\"name\":\"Home\",\"item\":\"https:\\\/\\\/ikastikos-kiklos.com\\\/en\\\/\"},{\"@type\":\"ListItem\",\"position\":2,\"name\":\"Sculptors\",\"item\":\"https:\\\/\\\/ikastikos-kiklos.com\\\/en\\\/sculptors\\\/\"},{\"@type\":\"ListItem\",\"position\":3,\"name\":\"Armakolas Dimitris\"}]},{\"@type\":\"WebSite\",\"@id\":\"https:\\\/\\\/ikastikos-kiklos.com\\\/en\\\/#website\",\"url\":\"https:\\\/\\\/ikastikos-kiklos.com\\\/en\\\/\",\"name\":\"Ikastikos Kiklos - Zografik\u00ed - Metaxotyp\u00edes - T\u00e9chniPainting - Silk Screen - Art\",\"description\":\"\",\"publisher\":{\"@id\":\"https:\\\/\\\/ikastikos-kiklos.com\\\/en\\\/#organization\"},\"potentialAction\":[{\"@type\":\"SearchAction\",\"target\":{\"@type\":\"EntryPoint\",\"urlTemplate\":\"https:\\\/\\\/ikastikos-kiklos.com\\\/en\\\/?s={search_term_string}\"},\"query-input\":{\"@type\":\"PropertyValueSpecification\",\"valueRequired\":true,\"valueName\":\"search_term_string\"}}],\"inLanguage\":\"en-US\"},{\"@type\":\"Organization\",\"@id\":\"https:\\\/\\\/ikastikos-kiklos.com\\\/en\\\/#organization\",\"name\":\"Ikastikos Kiklos - Zografik\u00ed - Metaxotyp\u00edes - T\u00e9chniPainting - Silk Screen - Art\",\"url\":\"https:\\\/\\\/ikastikos-kiklos.com\\\/en\\\/\",\"logo\":{\"@type\":\"ImageObject\",\"inLanguage\":\"en-US\",\"@id\":\"https:\\\/\\\/ikastikos-kiklos.com\\\/en\\\/#\\\/schema\\\/logo\\\/image\\\/\",\"url\":\"https:\\\/\\\/ikastikos-kiklos.com\\\/wp-content\\\/uploads\\\/2022\\\/10\\\/cropped-favicon_ikastikos.png\",\"contentUrl\":\"https:\\\/\\\/ikastikos-kiklos.com\\\/wp-content\\\/uploads\\\/2022\\\/10\\\/cropped-favicon_ikastikos.png\",\"width\":512,\"height\":512,\"caption\":\"Ikastikos Kiklos - Zografik\u00ed - Metaxotyp\u00edes - T\u00e9chniPainting - Silk Screen - Art\"},\"image\":{\"@id\":\"https:\\\/\\\/ikastikos-kiklos.com\\\/en\\\/#\\\/schema\\\/logo\\\/image\\\/\"},\"sameAs\":[\"https:\\\/\\\/www.facebook.com\\\/ikastikoskiklossianti\\\/\"]}]}<\/script>\n<!-- \/ Yoast SEO plugin. -->","yoast_head_json":{"title":"Armakolas Dimitris Sculptor at Ikastikos Kiklos Sianti Gallery.","description":"Armakolas Dimitris Sculptor at Ikastikos Kiklos Sianti Gallery.","robots":{"index":"index","follow":"follow","max-snippet":"max-snippet:-1","max-image-preview":"max-image-preview:large","max-video-preview":"max-video-preview:-1"},"canonical":"https:\/\/ikastikos-kiklos.com\/en\/sculptors\/armakolas-dimitris\/","og_locale":"en_US","og_type":"article","og_title":"Armakolas Dimitris Sculptor at Ikastikos Kiklos Sianti Gallery.","og_description":"Armakolas Dimitris Sculptor at Ikastikos Kiklos Sianti Gallery.","og_url":"https:\/\/ikastikos-kiklos.com\/en\/sculptors\/armakolas-dimitris\/","og_site_name":"Ikastikos Kiklos - Zografik\u00ed - Metaxotyp\u00edes - T\u00e9chniPainting - Silk Screen - Art","article_publisher":"https:\/\/www.facebook.com\/ikastikoskiklossianti\/","article_modified_time":"2020-07-03T11:41:45+00:00","og_image":[{"url":"https:\/\/ikastikos-kiklos.com\/wp-content\/uploads\/2020\/07\/assets_LARGE_t_420_3641130_type12140.jpg","type":"","width":"","height":""}],"twitter_card":"summary_large_image","twitter_misc":{"Est. reading time":"2 minutes"},"schema":{"@context":"https:\/\/schema.org","@graph":[{"@type":"WebPage","@id":"https:\/\/ikastikos-kiklos.com\/en\/sculptors\/armakolas-dimitris\/","url":"https:\/\/ikastikos-kiklos.com\/en\/sculptors\/armakolas-dimitris\/","name":"Armakolas Dimitris Sculptor at Ikastikos Kiklos Sianti Gallery.","isPartOf":{"@id":"https:\/\/ikastikos-kiklos.com\/en\/#website"},"primaryImageOfPage":{"@id":"https:\/\/ikastikos-kiklos.com\/en\/sculptors\/armakolas-dimitris\/#primaryimage"},"image":{"@id":"https:\/\/ikastikos-kiklos.com\/en\/sculptors\/armakolas-dimitris\/#primaryimage"},"thumbnailUrl":"https:\/\/ikastikos-kiklos.com\/wp-content\/uploads\/2020\/07\/assets_LARGE_t_420_3641130_type12140.jpg","datePublished":"2016-06-24T10:43:38+00:00","dateModified":"2020-07-03T11:41:45+00:00","description":"Armakolas Dimitris Sculptor at Ikastikos Kiklos Sianti Gallery.","breadcrumb":{"@id":"https:\/\/ikastikos-kiklos.com\/en\/sculptors\/armakolas-dimitris\/#breadcrumb"},"inLanguage":"en-US","potentialAction":[{"@type":"ReadAction","target":["https:\/\/ikastikos-kiklos.com\/en\/sculptors\/armakolas-dimitris\/"]}]},{"@type":"ImageObject","inLanguage":"en-US","@id":"https:\/\/ikastikos-kiklos.com\/en\/sculptors\/armakolas-dimitris\/#primaryimage","url":"https:\/\/ikastikos-kiklos.com\/wp-content\/uploads\/2020\/07\/assets_LARGE_t_420_3641130_type12140.jpg","contentUrl":"https:\/\/ikastikos-kiklos.com\/wp-content\/uploads\/2020\/07\/assets_LARGE_t_420_3641130_type12140.jpg"},{"@type":"BreadcrumbList","@id":"https:\/\/ikastikos-kiklos.com\/en\/sculptors\/armakolas-dimitris\/#breadcrumb","itemListElement":[{"@type":"ListItem","position":1,"name":"Home","item":"https:\/\/ikastikos-kiklos.com\/en\/"},{"@type":"ListItem","position":2,"name":"Sculptors","item":"https:\/\/ikastikos-kiklos.com\/en\/sculptors\/"},{"@type":"ListItem","position":3,"name":"Armakolas Dimitris"}]},{"@type":"WebSite","@id":"https:\/\/ikastikos-kiklos.com\/en\/#website","url":"https:\/\/ikastikos-kiklos.com\/en\/","name":"Ikastikos Kiklos - Zografik\u00ed - Metaxotyp\u00edes - T\u00e9chniPainting - Silk Screen - Art","description":"","publisher":{"@id":"https:\/\/ikastikos-kiklos.com\/en\/#organization"},"potentialAction":[{"@type":"SearchAction","target":{"@type":"EntryPoint","urlTemplate":"https:\/\/ikastikos-kiklos.com\/en\/?s={search_term_string}"},"query-input":{"@type":"PropertyValueSpecification","valueRequired":true,"valueName":"search_term_string"}}],"inLanguage":"en-US"},{"@type":"Organization","@id":"https:\/\/ikastikos-kiklos.com\/en\/#organization","name":"Ikastikos Kiklos - Zografik\u00ed - Metaxotyp\u00edes - T\u00e9chniPainting - Silk Screen - Art","url":"https:\/\/ikastikos-kiklos.com\/en\/","logo":{"@type":"ImageObject","inLanguage":"en-US","@id":"https:\/\/ikastikos-kiklos.com\/en\/#\/schema\/logo\/image\/","url":"https:\/\/ikastikos-kiklos.com\/wp-content\/uploads\/2022\/10\/cropped-favicon_ikastikos.png","contentUrl":"https:\/\/ikastikos-kiklos.com\/wp-content\/uploads\/2022\/10\/cropped-favicon_ikastikos.png","width":512,"height":512,"caption":"Ikastikos Kiklos - Zografik\u00ed - Metaxotyp\u00edes - T\u00e9chniPainting - Silk Screen - Art"},"image":{"@id":"https:\/\/ikastikos-kiklos.com\/en\/#\/schema\/logo\/image\/"},"sameAs":["https:\/\/www.facebook.com\/ikastikoskiklossianti\/"]}]}},"_links":{"self":[{"href":"https:\/\/ikastikos-kiklos.com\/en\/wp-json\/wp\/v2\/pages\/2812","targetHints":{"allow":["GET"]}}],"collection":[{"href":"https:\/\/ikastikos-kiklos.com\/en\/wp-json\/wp\/v2\/pages"}],"about":[{"href":"https:\/\/ikastikos-kiklos.com\/en\/wp-json\/wp\/v2\/types\/page"}],"author":[{"embeddable":true,"href":"https:\/\/ikastikos-kiklos.com\/en\/wp-json\/wp\/v2\/users\/1"}],"replies":[{"embeddable":true,"href":"https:\/\/ikastikos-kiklos.com\/en\/wp-json\/wp\/v2\/comments?post=2812"}],"version-history":[{"count":0,"href":"https:\/\/ikastikos-kiklos.com\/en\/wp-json\/wp\/v2\/pages\/2812\/revisions"}],"up":[{"embeddable":true,"href":"https:\/\/ikastikos-kiklos.com\/en\/wp-json\/wp\/v2\/pages\/2906"}],"wp:attachment":[{"href":"https:\/\/ikastikos-kiklos.com\/en\/wp-json\/wp\/v2\/media?parent=2812"}],"curies":[{"name":"wp","href":"https:\/\/api.w.org\/{rel}","templated":true}]}}