{"id":2810,"date":"2016-07-12T13:33:55","date_gmt":"2016-07-12T13:33:55","guid":{"rendered":"http:\/\/ikastikos-kiklos.com\/%ce%b3%ce%b1%ce%b2%ce%b1%ce%bb%ce%ac%cf%82-%cf%83%cf%84%ce%ad%ce%bb%ce%b9%ce%bf%cf%82\/?lang=en"},"modified":"2018-12-01T13:54:54","modified_gmt":"2018-12-01T11:54:54","slug":"gavalas-stelios","status":"publish","type":"page","link":"https:\/\/ikastikos-kiklos.com\/en\/sculptors\/gavalas-stelios\/","title":{"rendered":"Gavalas Stelios"},"content":{"rendered":"<div class=\"wpb-content-wrapper\"><p>[vc_row][vc_column][vc_custom_heading text=&#8221;CV&#8221;][\/vc_column][\/vc_row][vc_row][vc_column][vc_empty_space][\/vc_column][\/vc_row][vc_row][vc_column][vc_video link=&#8221;https:\/\/www.youtube.com\/watch?v=qoApS9Sym8k&#8221; align=&#8221;center&#8221;][\/vc_column][\/vc_row][vc_row][vc_column][vc_column_text]<\/p>\n<header class=\"title-container\">\n<h1 class=\"title\">Gavalas Stelios<\/h1>\n<\/header>\n<div class=\"description-container dynamic-content\">Stelios Gavalas was born in Athens, in 1966. In 1985, he gets accepted at the Athens School of Fine Arts, to study sculpture with professors G. Nikolaides and T. Papagiannis. He also attends the plaster, pottery, woodwork and metalwork Studios. In 1990, he completes his studies, receiving his Degree in Sculpture with full marks. Since 1998, he works for the Archeological Receipts Fund of the Ministry of Culture, where he became Artistic Manager, in 2006. He has, also, worked for the Acropolis Restoration Service and he also collaborating with the Byzantine Museum, the Archeological Museum and the Numismatic Museum, where he creates molds, out of original ancient works of art. He received the Sculpture Award, for his participation in the Biennale Florence 2001.<\/div>\n<p>[\/vc_column_text][\/vc_column][\/vc_row][vc_row][vc_column][vc_empty_space][\/vc_column][\/vc_row][vc_row][vc_column][vc_empty_space][vc_video link=&#8221;https:\/\/www.youtube.com\/watch?v=aWq4NAHJ904&amp;t=&#8221; el_width=&#8221;80&#8243; align=&#8221;center&#8221;][vc_empty_space][vc_single_image image=&#8221;5066&#8243; img_size=&#8221;large&#8221; alignment=&#8221;center&#8221;][vc_empty_space][vc_single_image image=&#8221;5067&#8243; img_size=&#8221;large&#8221; alignment=&#8221;center&#8221;][\/vc_column][\/vc_row]<\/p>\n<\/div>","protected":false},"excerpt":{"rendered":"<p>[vc_row][vc_column][vc_custom_heading text=&#8221;CV&#8221;][\/vc_column][\/vc_row][vc_row][vc_column][vc_empty_space][\/vc_column][\/vc_row][vc_row][vc_column][vc_video link=&#8221;https:\/\/www.youtube.com\/watch?v=qoApS9Sym8k&#8221; align=&#8221;center&#8221;][\/vc_column][\/vc_row][vc_row][vc_column][vc_column_text] Gavalas Stelios Stelios Gavalas was born in Athens, in 1966. In &hellip;<\/p>\n","protected":false},"author":3,"featured_media":0,"parent":2906,"menu_order":0,"comment_status":"closed","ping_status":"closed","template":"page-glyptes.php","meta":{"ngg_post_thumbnail":0,"footnotes":""},"class_list":["post-2810","page","type-page","status-publish","hentry"],"yoast_head":"<!-- This site is optimized with the Yoast SEO plugin v27.2 - https:\/\/yoast.com\/product\/yoast-seo-wordpress\/ -->\n<title>Gavalas Stelios Sculptor at Ikastikos Kiklos Sianti Gallery.<\/title>\n<meta name=\"description\" content=\"Gavalas Stelios Sculptor at Ikastikos Kiklos Sianti Gallery. Find sculpture and microsculpture for sale at great prices.\" \/>\n<meta name=\"robots\" content=\"index, follow, max-snippet:-1, max-image-preview:large, max-video-preview:-1\" \/>\n<link rel=\"canonical\" href=\"https:\/\/ikastikos-kiklos.com\/en\/sculptors\/gavalas-stelios\/\" \/>\n<meta property=\"og:locale\" content=\"en_US\" \/>\n<meta property=\"og:type\" content=\"article\" \/>\n<meta property=\"og:title\" content=\"Gavalas Stelios Sculptor at Ikastikos Kiklos Sianti Gallery.\" \/>\n<meta property=\"og:description\" content=\"Gavalas Stelios Sculptor at Ikastikos Kiklos Sianti Gallery. Find sculpture and microsculpture for sale at great prices.\" \/>\n<meta property=\"og:url\" content=\"https:\/\/ikastikos-kiklos.com\/en\/sculptors\/gavalas-stelios\/\" \/>\n<meta property=\"og:site_name\" content=\"Ikastikos Kiklos - Zografik\u00ed - Metaxotyp\u00edes - T\u00e9chniPainting - Silk Screen - Art\" \/>\n<meta property=\"article:publisher\" content=\"https:\/\/www.facebook.com\/ikastikoskiklossianti\/\" \/>\n<meta property=\"article:modified_time\" content=\"2018-12-01T11:54:54+00:00\" \/>\n<meta name=\"twitter:card\" content=\"summary_large_image\" \/>\n<meta name=\"twitter:label1\" content=\"Est. reading time\" \/>\n\t<meta name=\"twitter:data1\" content=\"1 minute\" \/>\n<script type=\"application\/ld+json\" class=\"yoast-schema-graph\">{\"@context\":\"https:\/\/schema.org\",\"@graph\":[{\"@type\":\"WebPage\",\"@id\":\"https:\/\/ikastikos-kiklos.com\/en\/sculptors\/gavalas-stelios\/\",\"url\":\"https:\/\/ikastikos-kiklos.com\/en\/sculptors\/gavalas-stelios\/\",\"name\":\"Gavalas Stelios Sculptor at Ikastikos Kiklos Sianti Gallery.\",\"isPartOf\":{\"@id\":\"https:\/\/ikastikos-kiklos.com\/en\/#website\"},\"datePublished\":\"2016-07-12T13:33:55+00:00\",\"dateModified\":\"2018-12-01T11:54:54+00:00\",\"description\":\"Gavalas Stelios Sculptor at Ikastikos Kiklos Sianti Gallery. Find sculpture and microsculpture for sale at great prices.\",\"breadcrumb\":{\"@id\":\"https:\/\/ikastikos-kiklos.com\/en\/sculptors\/gavalas-stelios\/#breadcrumb\"},\"inLanguage\":\"en-US\",\"potentialAction\":[{\"@type\":\"ReadAction\",\"target\":[\"https:\/\/ikastikos-kiklos.com\/en\/sculptors\/gavalas-stelios\/\"]}]},{\"@type\":\"BreadcrumbList\",\"@id\":\"https:\/\/ikastikos-kiklos.com\/en\/sculptors\/gavalas-stelios\/#breadcrumb\",\"itemListElement\":[{\"@type\":\"ListItem\",\"position\":1,\"name\":\"Home\",\"item\":\"https:\/\/ikastikos-kiklos.com\/en\/\"},{\"@type\":\"ListItem\",\"position\":2,\"name\":\"Sculptors\",\"item\":\"https:\/\/ikastikos-kiklos.com\/en\/sculptors\/\"},{\"@type\":\"ListItem\",\"position\":3,\"name\":\"Gavalas Stelios\"}]},{\"@type\":\"WebSite\",\"@id\":\"https:\/\/ikastikos-kiklos.com\/en\/#website\",\"url\":\"https:\/\/ikastikos-kiklos.com\/en\/\",\"name\":\"Ikastikos Kiklos - Zografik\u00ed - Metaxotyp\u00edes - T\u00e9chniPainting - Silk Screen - Art\",\"description\":\"\",\"publisher\":{\"@id\":\"https:\/\/ikastikos-kiklos.com\/en\/#organization\"},\"potentialAction\":[{\"@type\":\"SearchAction\",\"target\":{\"@type\":\"EntryPoint\",\"urlTemplate\":\"https:\/\/ikastikos-kiklos.com\/en\/?s={search_term_string}\"},\"query-input\":{\"@type\":\"PropertyValueSpecification\",\"valueRequired\":true,\"valueName\":\"search_term_string\"}}],\"inLanguage\":\"en-US\"},{\"@type\":\"Organization\",\"@id\":\"https:\/\/ikastikos-kiklos.com\/en\/#organization\",\"name\":\"Ikastikos Kiklos - Zografik\u00ed - Metaxotyp\u00edes - T\u00e9chniPainting - Silk Screen - Art\",\"url\":\"https:\/\/ikastikos-kiklos.com\/en\/\",\"logo\":{\"@type\":\"ImageObject\",\"inLanguage\":\"en-US\",\"@id\":\"https:\/\/ikastikos-kiklos.com\/en\/#\/schema\/logo\/image\/\",\"url\":\"https:\/\/ikastikos-kiklos.com\/wp-content\/uploads\/2022\/10\/cropped-favicon_ikastikos.png\",\"contentUrl\":\"https:\/\/ikastikos-kiklos.com\/wp-content\/uploads\/2022\/10\/cropped-favicon_ikastikos.png\",\"width\":512,\"height\":512,\"caption\":\"Ikastikos Kiklos - Zografik\u00ed - Metaxotyp\u00edes - T\u00e9chniPainting - Silk Screen - Art\"},\"image\":{\"@id\":\"https:\/\/ikastikos-kiklos.com\/en\/#\/schema\/logo\/image\/\"},\"sameAs\":[\"https:\/\/www.facebook.com\/ikastikoskiklossianti\/\"]}]}<\/script>\n<!-- \/ Yoast SEO plugin. -->","yoast_head_json":{"title":"Gavalas Stelios Sculptor at Ikastikos Kiklos Sianti Gallery.","description":"Gavalas Stelios Sculptor at Ikastikos Kiklos Sianti Gallery. Find sculpture and microsculpture for sale at great prices.","robots":{"index":"index","follow":"follow","max-snippet":"max-snippet:-1","max-image-preview":"max-image-preview:large","max-video-preview":"max-video-preview:-1"},"canonical":"https:\/\/ikastikos-kiklos.com\/en\/sculptors\/gavalas-stelios\/","og_locale":"en_US","og_type":"article","og_title":"Gavalas Stelios Sculptor at Ikastikos Kiklos Sianti Gallery.","og_description":"Gavalas Stelios Sculptor at Ikastikos Kiklos Sianti Gallery. Find sculpture and microsculpture for sale at great prices.","og_url":"https:\/\/ikastikos-kiklos.com\/en\/sculptors\/gavalas-stelios\/","og_site_name":"Ikastikos Kiklos - Zografik\u00ed - Metaxotyp\u00edes - T\u00e9chniPainting - Silk Screen - Art","article_publisher":"https:\/\/www.facebook.com\/ikastikoskiklossianti\/","article_modified_time":"2018-12-01T11:54:54+00:00","twitter_card":"summary_large_image","twitter_misc":{"Est. reading time":"1 minute"},"schema":{"@context":"https:\/\/schema.org","@graph":[{"@type":"WebPage","@id":"https:\/\/ikastikos-kiklos.com\/en\/sculptors\/gavalas-stelios\/","url":"https:\/\/ikastikos-kiklos.com\/en\/sculptors\/gavalas-stelios\/","name":"Gavalas Stelios Sculptor at Ikastikos Kiklos Sianti Gallery.","isPartOf":{"@id":"https:\/\/ikastikos-kiklos.com\/en\/#website"},"datePublished":"2016-07-12T13:33:55+00:00","dateModified":"2018-12-01T11:54:54+00:00","description":"Gavalas Stelios Sculptor at Ikastikos Kiklos Sianti Gallery. Find sculpture and microsculpture for sale at great prices.","breadcrumb":{"@id":"https:\/\/ikastikos-kiklos.com\/en\/sculptors\/gavalas-stelios\/#breadcrumb"},"inLanguage":"en-US","potentialAction":[{"@type":"ReadAction","target":["https:\/\/ikastikos-kiklos.com\/en\/sculptors\/gavalas-stelios\/"]}]},{"@type":"BreadcrumbList","@id":"https:\/\/ikastikos-kiklos.com\/en\/sculptors\/gavalas-stelios\/#breadcrumb","itemListElement":[{"@type":"ListItem","position":1,"name":"Home","item":"https:\/\/ikastikos-kiklos.com\/en\/"},{"@type":"ListItem","position":2,"name":"Sculptors","item":"https:\/\/ikastikos-kiklos.com\/en\/sculptors\/"},{"@type":"ListItem","position":3,"name":"Gavalas Stelios"}]},{"@type":"WebSite","@id":"https:\/\/ikastikos-kiklos.com\/en\/#website","url":"https:\/\/ikastikos-kiklos.com\/en\/","name":"Ikastikos Kiklos - Zografik\u00ed - Metaxotyp\u00edes - T\u00e9chniPainting - Silk Screen - Art","description":"","publisher":{"@id":"https:\/\/ikastikos-kiklos.com\/en\/#organization"},"potentialAction":[{"@type":"SearchAction","target":{"@type":"EntryPoint","urlTemplate":"https:\/\/ikastikos-kiklos.com\/en\/?s={search_term_string}"},"query-input":{"@type":"PropertyValueSpecification","valueRequired":true,"valueName":"search_term_string"}}],"inLanguage":"en-US"},{"@type":"Organization","@id":"https:\/\/ikastikos-kiklos.com\/en\/#organization","name":"Ikastikos Kiklos - Zografik\u00ed - Metaxotyp\u00edes - T\u00e9chniPainting - Silk Screen - Art","url":"https:\/\/ikastikos-kiklos.com\/en\/","logo":{"@type":"ImageObject","inLanguage":"en-US","@id":"https:\/\/ikastikos-kiklos.com\/en\/#\/schema\/logo\/image\/","url":"https:\/\/ikastikos-kiklos.com\/wp-content\/uploads\/2022\/10\/cropped-favicon_ikastikos.png","contentUrl":"https:\/\/ikastikos-kiklos.com\/wp-content\/uploads\/2022\/10\/cropped-favicon_ikastikos.png","width":512,"height":512,"caption":"Ikastikos Kiklos - Zografik\u00ed - Metaxotyp\u00edes - T\u00e9chniPainting - Silk Screen - Art"},"image":{"@id":"https:\/\/ikastikos-kiklos.com\/en\/#\/schema\/logo\/image\/"},"sameAs":["https:\/\/www.facebook.com\/ikastikoskiklossianti\/"]}]}},"_links":{"self":[{"href":"https:\/\/ikastikos-kiklos.com\/en\/wp-json\/wp\/v2\/pages\/2810","targetHints":{"allow":["GET"]}}],"collection":[{"href":"https:\/\/ikastikos-kiklos.com\/en\/wp-json\/wp\/v2\/pages"}],"about":[{"href":"https:\/\/ikastikos-kiklos.com\/en\/wp-json\/wp\/v2\/types\/page"}],"author":[{"embeddable":true,"href":"https:\/\/ikastikos-kiklos.com\/en\/wp-json\/wp\/v2\/users\/3"}],"replies":[{"embeddable":true,"href":"https:\/\/ikastikos-kiklos.com\/en\/wp-json\/wp\/v2\/comments?post=2810"}],"version-history":[{"count":0,"href":"https:\/\/ikastikos-kiklos.com\/en\/wp-json\/wp\/v2\/pages\/2810\/revisions"}],"up":[{"embeddable":true,"href":"https:\/\/ikastikos-kiklos.com\/en\/wp-json\/wp\/v2\/pages\/2906"}],"wp:attachment":[{"href":"https:\/\/ikastikos-kiklos.com\/en\/wp-json\/wp\/v2\/media?parent=2810"}],"curies":[{"name":"wp","href":"https:\/\/api.w.org\/{rel}","templated":true}]}}