{"id":2809,"date":"2016-07-12T13:33:16","date_gmt":"2016-07-12T13:33:16","guid":{"rendered":"http:\/\/ikastikos-kiklos.com\/%ce%b2%ce%b1%cf%81%cf%8e%cf%84%cf%83%ce%bf%cf%82-%ce%ba%cf%8e%cf%83%cf%84%ce%b1%cf%82\/?lang=en"},"modified":"2020-07-03T13:37:59","modified_gmt":"2020-07-03T10:37:59","slug":"varotsos-kostas","status":"publish","type":"page","link":"https:\/\/ikastikos-kiklos.com\/en\/sculptors\/varotsos-kostas\/","title":{"rendered":"Varotsos Kostas"},"content":{"rendered":"<div class=\"wpb-content-wrapper\"><p>[vc_row][vc_column][vc_custom_heading text=&#8221;CV&#8221;][\/vc_column][\/vc_row][vc_row][vc_column][vc_column_text]<\/p>\n<header class=\"title-container\">\n<h1 class=\"title\">Varotsos Kostas<\/h1>\n<\/header>\n<div class=\"description-container dynamic-content\">\n<p>1955: Born in Athens.<br \/>\nLives and works in Greece.<\/p>\n<p>Studies<br \/>\n1973-76 Accademia di Belle Arti, Rome<br \/>\nUniversita di Pescara, Architecture<br \/>\nFullbright Grant, 1990-91, New York<br \/>\n1999 Elected Professor of the Aristotle University<br \/>\nof Thessaloniki in 1999<br \/>\nMember of the Swiss Engelberg Academy<\/p>\n<p><iframe loading=\"lazy\" src=\"https:\/\/player.vimeo.com\/video\/27488448\" width=\"640\" height=\"480\" frameborder=\"0\" allowfullscreen=\"allowfullscreen\"><\/iframe><\/p>\n<p><a href=\"https:\/\/vimeo.com\/27488448\">Costas Varotsos &#8211; \u039a\u03c9\u03c3\u03c4\u03b1\u03c2 \u0392\u03b1\u03c1\u03c9\u03c4\u03c3\u03bf\u03c2 &#8211; \u0397 \u03b6\u03c9\u03b7 \u03b5\u03b9\u03bd\u03b1\u03b9 \u03b1\u03bb\u03bb\u03bf\u03c5 22 06 2011<\/a> from <a href=\"https:\/\/vimeo.com\/user1414258\">Mihalis Athanasopoulos<\/a> on <a href=\"https:\/\/vimeo.com\">Vimeo<\/a>.<\/p>\n<p>&nbsp;<\/p>\n<p>Solo Exhibitions (selection)<\/p>\n<p>1981 Gallery 2000, Bologna, Italy<br \/>\n1982 Europalia \u201882, Greece \/ ICC Antwerpen, Belgium<br \/>\n1987 Biennale of Sao Paulo, Brazil<br \/>\n1989 \u201cDESTE\u201d Foundation, Athens, Greece<br \/>\n1990 Macedonian Museum of Contemporary Art, Thessaloniki, Greece<br \/>\n1991 Georgio Persano Gallery, Milano, Italy<br \/>\n1992 De Europa, Athens, Greece \/ De Europa, Rome, Italy \/ Leiman Gallery, New York, USA \/ ARCO, Madrid, Spain<br \/>\n1993 Biennale of Venice, Italian Pavillion, Venice, Italy<br \/>\n1995 Biennale of Venice, Artelaguna, Venice, Italy \/ Georgio Persano Gallery, Milano, Italy<br \/>\n1998 \u201cHorizons\u201d, Muhka Museum of Contemporary Art, Antwerp, Belgium<br \/>\n1999 Biennale of Venice, Greek Pavillion, Venice, Italy<br \/>\n2004 \u201cDiapolitismoi\u201d, National Museum of Contemporary Art, Athens, Greece<br \/>\n2007 \u201cFuture through the past\u201d, Benaki museum, Athens, Greece, curated by Charis Kanellopoulou<\/p>\n<p><iframe loading=\"lazy\" src=\"https:\/\/www.youtube.com\/embed\/Vp_RMIUvHYQ\" width=\"560\" height=\"315\" frameborder=\"0\" allowfullscreen=\"allowfullscreen\"><\/iframe>&nbsp;<\/p>\n<p>Works in Public Space (Selection)<\/p>\n<p>1983 \u201cThe Poet\u201d, Nicosia, Cyprus<br \/>\n1988-1994 \u201cThe Runner\u201d, Athens, Greece<br \/>\n1996 \u201cLa Morgia\u201d, Community of Gessopalena, Abruzzo, Italy<br \/>\n1997 \u201cUntitled\u201d, Mc Cormick Center, Chicago, USA<br \/>\n1999 \u201cUntitled\u201d, Benefica square, Torino, Italy<br \/>\n2001 \u201cUntitled\u201d, B\u00fctzberg, Switzerland<br \/>\n2003 \u201cUntitled\u201d, total formation of the Agios Ioannis Rentis central square, Athens, Greece<br \/>\nContiguous Currents, City Hall, Palm Beach Gardens, Florida, USA<br \/>\n\u201cUntitled\u201d, Washington Convention Center, Washington DC, USA<br \/>\n2004 \u201cUntitled\u201d, 166 Pireos st. building, Athens, Greece, public artwork<br \/>\n\u201cLabyrinth\u201d, Arco 2004, Madrid, Spain<br \/>\n\u201cUntitled\u201d, Douk. Plakentias Metro Station, Athens, Greece<br \/>\n2006 \u201cHorizon 4\u201d, Certosa di Padula, Salerno,Italy, public artwork<br \/>\n\u201cUntitled\u201d, Bernstrasse, Steffisburg, Switzerland, public artwork<br \/>\n2007 \u201cHorizon-Geraki\u201d, Geraki, Sparta, Laconia, Greece, public artwork<br \/>\n2008 \u201cHorizon 2008\u201d, Murano Hotel,Tacoma, Washington,USA, Public artwork<\/p>\n<p><iframe loading=\"lazy\" title=\"vimeo-player\" src=\"https:\/\/player.vimeo.com\/video\/12289570\" width=\"640\" height=\"480\" frameborder=\"0\" allowfullscreen=\"allowfullscreen\"><\/iframe>&nbsp;<\/p>\n<p>Public Collections (Selection)<\/p>\n<p>Mus\u00e9e des Arts Decoratifs, Lausanne, Switzerland<br \/>\nMus\u00e9e d\u2019Art Moderne et d\u2019Art Contemporain, Nice, France<br \/>\nMacedonian Museum of Contemporary Art, Thessaloniki, Greece<br \/>\nNational Museum of Contemporary Art, Athens, Greece<br \/>\nSculpture \u201cUntitled\u201d, Mc Cormick Center, Chicago, USA (Public Space)<br \/>\n\u201cLa Morgia\u201d, Community of Gessopalena, Abruzzo, Italy (Public Space)<br \/>\n\u201cUntitled\u201d, Piazza Benefica, Torino, Italy (Public Space)<br \/>\n\u201cUntitled\u201d, Washington Convention Center, Washington DC, USA (Public Space)<\/p>\n<\/div>\n<p>[\/vc_column_text][vc_empty_space][vc_single_image image=&#8221;5174&#8243; img_size=&#8221;large&#8221; alignment=&#8221;center&#8221;][vc_empty_space][vc_single_image image=&#8221;5175&#8243; img_size=&#8221;large&#8221; alignment=&#8221;center&#8221;][vc_empty_space][vc_single_image image=&#8221;5177&#8243; img_size=&#8221;large&#8221; alignment=&#8221;center&#8221;][vc_empty_space][vc_single_image image=&#8221;5487&#8243; img_size=&#8221;large&#8221; alignment=&#8221;center&#8221;][vc_empty_space][vc_single_image image=&#8221;5488&#8243; img_size=&#8221;large&#8221; alignment=&#8221;center&#8221;][\/vc_column][\/vc_row]<\/p>\n<\/div>","protected":false},"excerpt":{"rendered":"<p>[vc_row][vc_column][vc_custom_heading text=&#8221;CV&#8221;][\/vc_column][\/vc_row][vc_row][vc_column][vc_column_text] Varotsos Kostas 1955: Born in Athens. Lives and works in Greece. Studies 1973-76 &hellip;<\/p>\n","protected":false},"author":3,"featured_media":0,"parent":2906,"menu_order":0,"comment_status":"closed","ping_status":"closed","template":"page-glyptes.php","meta":{"ngg_post_thumbnail":0,"footnotes":""},"class_list":["post-2809","page","type-page","status-publish","hentry"],"yoast_head":"<!-- This site is optimized with the Yoast SEO plugin v27.4 - https:\/\/yoast.com\/product\/yoast-seo-wordpress\/ -->\n<title>Varotsos Kostas Sculptor at Ikastikos Kiklos Sianti Gallery.<\/title>\n<meta name=\"description\" content=\"Varotsos Kostas Sculptor at Ikastikos Kiklos Sianti Gallery. Find sculpture and microsculpture for sale at great prices.\" \/>\n<meta name=\"robots\" content=\"index, follow, max-snippet:-1, max-image-preview:large, max-video-preview:-1\" \/>\n<link rel=\"canonical\" href=\"https:\/\/ikastikos-kiklos.com\/en\/sculptors\/varotsos-kostas\/\" \/>\n<meta property=\"og:locale\" content=\"en_US\" \/>\n<meta property=\"og:type\" content=\"article\" \/>\n<meta property=\"og:title\" content=\"Varotsos Kostas Sculptor at Ikastikos Kiklos Sianti Gallery.\" \/>\n<meta property=\"og:description\" content=\"Varotsos Kostas Sculptor at Ikastikos Kiklos Sianti Gallery. Find sculpture and microsculpture for sale at great prices.\" \/>\n<meta property=\"og:url\" content=\"https:\/\/ikastikos-kiklos.com\/en\/sculptors\/varotsos-kostas\/\" \/>\n<meta property=\"og:site_name\" content=\"Ikastikos Kiklos - Zografik\u00ed - Metaxotyp\u00edes - T\u00e9chniPainting - Silk Screen - Art\" \/>\n<meta property=\"article:publisher\" content=\"https:\/\/www.facebook.com\/ikastikoskiklossianti\/\" \/>\n<meta property=\"article:modified_time\" content=\"2020-07-03T10:37:59+00:00\" \/>\n<meta name=\"twitter:card\" content=\"summary_large_image\" \/>\n<meta name=\"twitter:label1\" content=\"Est. reading time\" \/>\n\t<meta name=\"twitter:data1\" content=\"2 minutes\" \/>\n<script type=\"application\/ld+json\" class=\"yoast-schema-graph\">{\"@context\":\"https:\\\/\\\/schema.org\",\"@graph\":[{\"@type\":\"WebPage\",\"@id\":\"https:\\\/\\\/ikastikos-kiklos.com\\\/en\\\/sculptors\\\/varotsos-kostas\\\/\",\"url\":\"https:\\\/\\\/ikastikos-kiklos.com\\\/en\\\/sculptors\\\/varotsos-kostas\\\/\",\"name\":\"Varotsos Kostas Sculptor at Ikastikos Kiklos Sianti Gallery.\",\"isPartOf\":{\"@id\":\"https:\\\/\\\/ikastikos-kiklos.com\\\/en\\\/#website\"},\"datePublished\":\"2016-07-12T13:33:16+00:00\",\"dateModified\":\"2020-07-03T10:37:59+00:00\",\"description\":\"Varotsos Kostas Sculptor at Ikastikos Kiklos Sianti Gallery. Find sculpture and microsculpture for sale at great prices.\",\"breadcrumb\":{\"@id\":\"https:\\\/\\\/ikastikos-kiklos.com\\\/en\\\/sculptors\\\/varotsos-kostas\\\/#breadcrumb\"},\"inLanguage\":\"en-US\",\"potentialAction\":[{\"@type\":\"ReadAction\",\"target\":[\"https:\\\/\\\/ikastikos-kiklos.com\\\/en\\\/sculptors\\\/varotsos-kostas\\\/\"]}]},{\"@type\":\"BreadcrumbList\",\"@id\":\"https:\\\/\\\/ikastikos-kiklos.com\\\/en\\\/sculptors\\\/varotsos-kostas\\\/#breadcrumb\",\"itemListElement\":[{\"@type\":\"ListItem\",\"position\":1,\"name\":\"Home\",\"item\":\"https:\\\/\\\/ikastikos-kiklos.com\\\/en\\\/\"},{\"@type\":\"ListItem\",\"position\":2,\"name\":\"Sculptors\",\"item\":\"https:\\\/\\\/ikastikos-kiklos.com\\\/en\\\/sculptors\\\/\"},{\"@type\":\"ListItem\",\"position\":3,\"name\":\"Varotsos Kostas\"}]},{\"@type\":\"WebSite\",\"@id\":\"https:\\\/\\\/ikastikos-kiklos.com\\\/en\\\/#website\",\"url\":\"https:\\\/\\\/ikastikos-kiklos.com\\\/en\\\/\",\"name\":\"Ikastikos Kiklos - Zografik\u00ed - Metaxotyp\u00edes - T\u00e9chniPainting - Silk Screen - Art\",\"description\":\"\",\"publisher\":{\"@id\":\"https:\\\/\\\/ikastikos-kiklos.com\\\/en\\\/#organization\"},\"potentialAction\":[{\"@type\":\"SearchAction\",\"target\":{\"@type\":\"EntryPoint\",\"urlTemplate\":\"https:\\\/\\\/ikastikos-kiklos.com\\\/en\\\/?s={search_term_string}\"},\"query-input\":{\"@type\":\"PropertyValueSpecification\",\"valueRequired\":true,\"valueName\":\"search_term_string\"}}],\"inLanguage\":\"en-US\"},{\"@type\":\"Organization\",\"@id\":\"https:\\\/\\\/ikastikos-kiklos.com\\\/en\\\/#organization\",\"name\":\"Ikastikos Kiklos - Zografik\u00ed - Metaxotyp\u00edes - T\u00e9chniPainting - Silk Screen - Art\",\"url\":\"https:\\\/\\\/ikastikos-kiklos.com\\\/en\\\/\",\"logo\":{\"@type\":\"ImageObject\",\"inLanguage\":\"en-US\",\"@id\":\"https:\\\/\\\/ikastikos-kiklos.com\\\/en\\\/#\\\/schema\\\/logo\\\/image\\\/\",\"url\":\"https:\\\/\\\/ikastikos-kiklos.com\\\/wp-content\\\/uploads\\\/2022\\\/10\\\/cropped-favicon_ikastikos.png\",\"contentUrl\":\"https:\\\/\\\/ikastikos-kiklos.com\\\/wp-content\\\/uploads\\\/2022\\\/10\\\/cropped-favicon_ikastikos.png\",\"width\":512,\"height\":512,\"caption\":\"Ikastikos Kiklos - Zografik\u00ed - Metaxotyp\u00edes - T\u00e9chniPainting - Silk Screen - Art\"},\"image\":{\"@id\":\"https:\\\/\\\/ikastikos-kiklos.com\\\/en\\\/#\\\/schema\\\/logo\\\/image\\\/\"},\"sameAs\":[\"https:\\\/\\\/www.facebook.com\\\/ikastikoskiklossianti\\\/\"]}]}<\/script>\n<!-- \/ Yoast SEO plugin. -->","yoast_head_json":{"title":"Varotsos Kostas Sculptor at Ikastikos Kiklos Sianti Gallery.","description":"Varotsos Kostas Sculptor at Ikastikos Kiklos Sianti Gallery. Find sculpture and microsculpture for sale at great prices.","robots":{"index":"index","follow":"follow","max-snippet":"max-snippet:-1","max-image-preview":"max-image-preview:large","max-video-preview":"max-video-preview:-1"},"canonical":"https:\/\/ikastikos-kiklos.com\/en\/sculptors\/varotsos-kostas\/","og_locale":"en_US","og_type":"article","og_title":"Varotsos Kostas Sculptor at Ikastikos Kiklos Sianti Gallery.","og_description":"Varotsos Kostas Sculptor at Ikastikos Kiklos Sianti Gallery. Find sculpture and microsculpture for sale at great prices.","og_url":"https:\/\/ikastikos-kiklos.com\/en\/sculptors\/varotsos-kostas\/","og_site_name":"Ikastikos Kiklos - Zografik\u00ed - Metaxotyp\u00edes - T\u00e9chniPainting - Silk Screen - Art","article_publisher":"https:\/\/www.facebook.com\/ikastikoskiklossianti\/","article_modified_time":"2020-07-03T10:37:59+00:00","twitter_card":"summary_large_image","twitter_misc":{"Est. reading time":"2 minutes"},"schema":{"@context":"https:\/\/schema.org","@graph":[{"@type":"WebPage","@id":"https:\/\/ikastikos-kiklos.com\/en\/sculptors\/varotsos-kostas\/","url":"https:\/\/ikastikos-kiklos.com\/en\/sculptors\/varotsos-kostas\/","name":"Varotsos Kostas Sculptor at Ikastikos Kiklos Sianti Gallery.","isPartOf":{"@id":"https:\/\/ikastikos-kiklos.com\/en\/#website"},"datePublished":"2016-07-12T13:33:16+00:00","dateModified":"2020-07-03T10:37:59+00:00","description":"Varotsos Kostas Sculptor at Ikastikos Kiklos Sianti Gallery. Find sculpture and microsculpture for sale at great prices.","breadcrumb":{"@id":"https:\/\/ikastikos-kiklos.com\/en\/sculptors\/varotsos-kostas\/#breadcrumb"},"inLanguage":"en-US","potentialAction":[{"@type":"ReadAction","target":["https:\/\/ikastikos-kiklos.com\/en\/sculptors\/varotsos-kostas\/"]}]},{"@type":"BreadcrumbList","@id":"https:\/\/ikastikos-kiklos.com\/en\/sculptors\/varotsos-kostas\/#breadcrumb","itemListElement":[{"@type":"ListItem","position":1,"name":"Home","item":"https:\/\/ikastikos-kiklos.com\/en\/"},{"@type":"ListItem","position":2,"name":"Sculptors","item":"https:\/\/ikastikos-kiklos.com\/en\/sculptors\/"},{"@type":"ListItem","position":3,"name":"Varotsos Kostas"}]},{"@type":"WebSite","@id":"https:\/\/ikastikos-kiklos.com\/en\/#website","url":"https:\/\/ikastikos-kiklos.com\/en\/","name":"Ikastikos Kiklos - Zografik\u00ed - Metaxotyp\u00edes - T\u00e9chniPainting - Silk Screen - Art","description":"","publisher":{"@id":"https:\/\/ikastikos-kiklos.com\/en\/#organization"},"potentialAction":[{"@type":"SearchAction","target":{"@type":"EntryPoint","urlTemplate":"https:\/\/ikastikos-kiklos.com\/en\/?s={search_term_string}"},"query-input":{"@type":"PropertyValueSpecification","valueRequired":true,"valueName":"search_term_string"}}],"inLanguage":"en-US"},{"@type":"Organization","@id":"https:\/\/ikastikos-kiklos.com\/en\/#organization","name":"Ikastikos Kiklos - Zografik\u00ed - Metaxotyp\u00edes - T\u00e9chniPainting - Silk Screen - Art","url":"https:\/\/ikastikos-kiklos.com\/en\/","logo":{"@type":"ImageObject","inLanguage":"en-US","@id":"https:\/\/ikastikos-kiklos.com\/en\/#\/schema\/logo\/image\/","url":"https:\/\/ikastikos-kiklos.com\/wp-content\/uploads\/2022\/10\/cropped-favicon_ikastikos.png","contentUrl":"https:\/\/ikastikos-kiklos.com\/wp-content\/uploads\/2022\/10\/cropped-favicon_ikastikos.png","width":512,"height":512,"caption":"Ikastikos Kiklos - Zografik\u00ed - Metaxotyp\u00edes - T\u00e9chniPainting - Silk Screen - Art"},"image":{"@id":"https:\/\/ikastikos-kiklos.com\/en\/#\/schema\/logo\/image\/"},"sameAs":["https:\/\/www.facebook.com\/ikastikoskiklossianti\/"]}]}},"_links":{"self":[{"href":"https:\/\/ikastikos-kiklos.com\/en\/wp-json\/wp\/v2\/pages\/2809","targetHints":{"allow":["GET"]}}],"collection":[{"href":"https:\/\/ikastikos-kiklos.com\/en\/wp-json\/wp\/v2\/pages"}],"about":[{"href":"https:\/\/ikastikos-kiklos.com\/en\/wp-json\/wp\/v2\/types\/page"}],"author":[{"embeddable":true,"href":"https:\/\/ikastikos-kiklos.com\/en\/wp-json\/wp\/v2\/users\/3"}],"replies":[{"embeddable":true,"href":"https:\/\/ikastikos-kiklos.com\/en\/wp-json\/wp\/v2\/comments?post=2809"}],"version-history":[{"count":0,"href":"https:\/\/ikastikos-kiklos.com\/en\/wp-json\/wp\/v2\/pages\/2809\/revisions"}],"up":[{"embeddable":true,"href":"https:\/\/ikastikos-kiklos.com\/en\/wp-json\/wp\/v2\/pages\/2906"}],"wp:attachment":[{"href":"https:\/\/ikastikos-kiklos.com\/en\/wp-json\/wp\/v2\/media?parent=2809"}],"curies":[{"name":"wp","href":"https:\/\/api.w.org\/{rel}","templated":true}]}}