{"id":27532,"date":"2020-08-04T16:24:05","date_gmt":"2020-08-04T13:24:05","guid":{"rendered":"https:\/\/ikastikos-kiklos.com\/painters\/alexopoulou-olga\/"},"modified":"2020-08-04T16:35:24","modified_gmt":"2020-08-04T13:35:24","slug":"alexopoulou-olga","status":"publish","type":"page","link":"https:\/\/ikastikos-kiklos.com\/en\/painters\/alexopoulou-olga\/","title":{"rendered":"Alexopoulou Olga"},"content":{"rendered":"<h1>CV<\/h1>\n<p><strong>Olga Alexopoulou<\/strong>, was born in Athens, Greece and is a graduate of the Ruskin School of Art of Oxford University. In the last years her works have appeared in walls, museums and galleries around the world.<\/p>\n<p>Her works have been presented in solo exhibitions in museums in Greece like the Museum of Spyros Vassiliou, the Ethnological Museum of Thrace, Pinakothiki of Piraues but also in galleries in Greece and the UK. As far as group shows are concerned, her works have been exhibited in museums like Ningbo in China, in the National History Museum of Greece and the Bouziani Museum.<\/p>\n<p>Olga has completed the largest, so far, graffiti in Greece. She was chosen to represent Greece in the global graffiti event &#8216;She&#8217;s a Leader&#8217; by Women&#8217;s Forum and was invited to the award winning Street Art \u00d6sterlen festival, Sweden. In 2016 she was invited by the University of Michigan to do a mural for the Global Graffiti Project. In 2017 she was included in the 50 best women street artists in the world in publications in London and Paris. More recently her work was featured in the Biennale Internationale d&#8217; Art Mural of France and in 2018 her solo show will take place in the Galata Rum Ilkokulu of Istanbul.<\/p>\n<p><iframe loading=\"lazy\" src=\"https:\/\/www.youtube.com\/embed\/TDyz2kO85_Y\" width=\"560\" height=\"315\" frameborder=\"0\" allowfullscreen=\"allowfullscreen\"><\/iframe>&nbsp;<\/p>\n<p><iframe loading=\"lazy\" src=\"https:\/\/www.youtube.com\/embed\/Rx5CAnAa2rg\" width=\"560\" height=\"315\" frameborder=\"0\" allowfullscreen=\"allowfullscreen\"><\/iframe>&nbsp;<\/p>\n<p><img loading=\"lazy\" decoding=\"async\" class=\"aligncenter size-full wp-image-11315\" src=\"https:\/\/ikastikos-kiklos.com\/wp-content\/uploads\/2018\/04\/cecaadd419755f129ae8d137b3825b78.jpg\" alt=\"\" width=\"950\" height=\"634\" srcset=\"https:\/\/ikastikos-kiklos.com\/wp-content\/uploads\/2018\/04\/cecaadd419755f129ae8d137b3825b78.jpg 950w, https:\/\/ikastikos-kiklos.com\/wp-content\/uploads\/2018\/04\/cecaadd419755f129ae8d137b3825b78-300x200.jpg 300w, https:\/\/ikastikos-kiklos.com\/wp-content\/uploads\/2018\/04\/cecaadd419755f129ae8d137b3825b78-768x513.jpg 768w, https:\/\/ikastikos-kiklos.com\/wp-content\/uploads\/2018\/04\/cecaadd419755f129ae8d137b3825b78-680x454.jpg 680w, https:\/\/ikastikos-kiklos.com\/wp-content\/uploads\/2018\/04\/cecaadd419755f129ae8d137b3825b78-700x467.jpg 700w, https:\/\/ikastikos-kiklos.com\/wp-content\/uploads\/2018\/04\/cecaadd419755f129ae8d137b3825b78-220x147.jpg 220w, https:\/\/ikastikos-kiklos.com\/wp-content\/uploads\/2018\/04\/cecaadd419755f129ae8d137b3825b78-140x93.jpg 140w, https:\/\/ikastikos-kiklos.com\/wp-content\/uploads\/2018\/04\/cecaadd419755f129ae8d137b3825b78-940x627.jpg 940w, https:\/\/ikastikos-kiklos.com\/wp-content\/uploads\/2018\/04\/cecaadd419755f129ae8d137b3825b78-350x234.jpg 350w, https:\/\/ikastikos-kiklos.com\/wp-content\/uploads\/2018\/04\/cecaadd419755f129ae8d137b3825b78-595x397.jpg 595w\" sizes=\"auto, (max-width: 950px) 100vw, 950px\" \/><\/p>\n<p><img loading=\"lazy\" decoding=\"async\" class=\"aligncenter size-full wp-image-11317\" src=\"https:\/\/ikastikos-kiklos.com\/wp-content\/uploads\/2018\/04\/Olga-A-1200x680.jpg\" alt=\"\" width=\"1200\" height=\"680\" srcset=\"https:\/\/ikastikos-kiklos.com\/wp-content\/uploads\/2018\/04\/Olga-A-1200x680.jpg 1200w, https:\/\/ikastikos-kiklos.com\/wp-content\/uploads\/2018\/04\/Olga-A-1200x680-300x170.jpg 300w, https:\/\/ikastikos-kiklos.com\/wp-content\/uploads\/2018\/04\/Olga-A-1200x680-768x435.jpg 768w, https:\/\/ikastikos-kiklos.com\/wp-content\/uploads\/2018\/04\/Olga-A-1200x680-1024x580.jpg 1024w, https:\/\/ikastikos-kiklos.com\/wp-content\/uploads\/2018\/04\/Olga-A-1200x680-680x385.jpg 680w, https:\/\/ikastikos-kiklos.com\/wp-content\/uploads\/2018\/04\/Olga-A-1200x680-700x397.jpg 700w, https:\/\/ikastikos-kiklos.com\/wp-content\/uploads\/2018\/04\/Olga-A-1200x680-220x125.jpg 220w, https:\/\/ikastikos-kiklos.com\/wp-content\/uploads\/2018\/04\/Olga-A-1200x680-140x79.jpg 140w, https:\/\/ikastikos-kiklos.com\/wp-content\/uploads\/2018\/04\/Olga-A-1200x680-940x533.jpg 940w, https:\/\/ikastikos-kiklos.com\/wp-content\/uploads\/2018\/04\/Olga-A-1200x680-350x198.jpg 350w, https:\/\/ikastikos-kiklos.com\/wp-content\/uploads\/2018\/04\/Olga-A-1200x680-595x337.jpg 595w\" sizes=\"auto, (max-width: 1200px) 100vw, 1200px\" \/><\/p>\n<p><img loading=\"lazy\" decoding=\"async\" class=\"aligncenter size-full wp-image-11313\" src=\"https:\/\/ikastikos-kiklos.com\/wp-content\/uploads\/2018\/04\/n-OLGA-ALEXOPOULOU-628x314.jpg\" alt=\"\" width=\"628\" height=\"314\" srcset=\"https:\/\/ikastikos-kiklos.com\/wp-content\/uploads\/2018\/04\/n-OLGA-ALEXOPOULOU-628x314.jpg 628w, https:\/\/ikastikos-kiklos.com\/wp-content\/uploads\/2018\/04\/n-OLGA-ALEXOPOULOU-628x314-300x150.jpg 300w, https:\/\/ikastikos-kiklos.com\/wp-content\/uploads\/2018\/04\/n-OLGA-ALEXOPOULOU-628x314-220x110.jpg 220w, https:\/\/ikastikos-kiklos.com\/wp-content\/uploads\/2018\/04\/n-OLGA-ALEXOPOULOU-628x314-140x70.jpg 140w, https:\/\/ikastikos-kiklos.com\/wp-content\/uploads\/2018\/04\/n-OLGA-ALEXOPOULOU-628x314-350x175.jpg 350w, https:\/\/ikastikos-kiklos.com\/wp-content\/uploads\/2018\/04\/n-OLGA-ALEXOPOULOU-628x314-595x298.jpg 595w\" sizes=\"auto, (max-width: 628px) 100vw, 628px\" \/><\/p>\n<p><img loading=\"lazy\" decoding=\"async\" class=\"aligncenter size-full wp-image-11309\" src=\"https:\/\/ikastikos-kiklos.com\/wp-content\/uploads\/2018\/04\/IMG_20170517_232249_182-1.jpg\" alt=\"\" width=\"1536\" height=\"1661\" srcset=\"https:\/\/ikastikos-kiklos.com\/wp-content\/uploads\/2018\/04\/IMG_20170517_232249_182-1.jpg 1536w, https:\/\/ikastikos-kiklos.com\/wp-content\/uploads\/2018\/04\/IMG_20170517_232249_182-1-277x300.jpg 277w, https:\/\/ikastikos-kiklos.com\/wp-content\/uploads\/2018\/04\/IMG_20170517_232249_182-1-768x831.jpg 768w, https:\/\/ikastikos-kiklos.com\/wp-content\/uploads\/2018\/04\/IMG_20170517_232249_182-1-947x1024.jpg 947w, https:\/\/ikastikos-kiklos.com\/wp-content\/uploads\/2018\/04\/IMG_20170517_232249_182-1-680x735.jpg 680w, https:\/\/ikastikos-kiklos.com\/wp-content\/uploads\/2018\/04\/IMG_20170517_232249_182-1-700x757.jpg 700w, https:\/\/ikastikos-kiklos.com\/wp-content\/uploads\/2018\/04\/IMG_20170517_232249_182-1-220x238.jpg 220w, https:\/\/ikastikos-kiklos.com\/wp-content\/uploads\/2018\/04\/IMG_20170517_232249_182-1-140x151.jpg 140w, https:\/\/ikastikos-kiklos.com\/wp-content\/uploads\/2018\/04\/IMG_20170517_232249_182-1-940x1016.jpg 940w, https:\/\/ikastikos-kiklos.com\/wp-content\/uploads\/2018\/04\/IMG_20170517_232249_182-1-350x378.jpg 350w, https:\/\/ikastikos-kiklos.com\/wp-content\/uploads\/2018\/04\/IMG_20170517_232249_182-1-595x643.jpg 595w\" sizes=\"auto, (max-width: 1536px) 100vw, 1536px\" \/><\/p>\n","protected":false},"excerpt":{"rendered":"<p>CV Olga Alexopoulou, was born in Athens, Greece and is a graduate of the Ruskin &hellip;<\/p>\n","protected":false},"author":2,"featured_media":0,"parent":2905,"menu_order":0,"comment_status":"closed","ping_status":"closed","template":"page-zwgrafoi.php","meta":{"ngg_post_thumbnail":0,"footnotes":""},"class_list":["post-27532","page","type-page","status-publish","hentry"],"yoast_head":"<!-- This site is optimized with the Yoast SEO plugin v27.2 - https:\/\/yoast.com\/product\/yoast-seo-wordpress\/ -->\n<title>Alexopoulou Olga at Ikastikos Kiklos Sianti Gallery<\/title>\n<meta name=\"description\" content=\"Alexopoulou Olga at Ikastikos Kiklos Sianti Gallery\" \/>\n<meta name=\"robots\" content=\"index, follow, max-snippet:-1, max-image-preview:large, max-video-preview:-1\" \/>\n<link rel=\"canonical\" href=\"https:\/\/ikastikos-kiklos.com\/en\/painters\/alexopoulou-olga\/\" \/>\n<meta property=\"og:locale\" content=\"en_US\" \/>\n<meta property=\"og:type\" content=\"article\" \/>\n<meta property=\"og:title\" content=\"Alexopoulou Olga at Ikastikos Kiklos Sianti Gallery\" \/>\n<meta property=\"og:description\" content=\"Alexopoulou Olga at Ikastikos Kiklos Sianti Gallery\" \/>\n<meta property=\"og:url\" content=\"https:\/\/ikastikos-kiklos.com\/en\/painters\/alexopoulou-olga\/\" \/>\n<meta property=\"og:site_name\" content=\"Ikastikos Kiklos - Zografik\u00ed - Metaxotyp\u00edes - T\u00e9chniPainting - Silk Screen - Art\" \/>\n<meta property=\"article:publisher\" content=\"https:\/\/www.facebook.com\/ikastikoskiklossianti\/\" \/>\n<meta property=\"article:modified_time\" content=\"2020-08-04T13:35:24+00:00\" \/>\n<meta property=\"og:image\" content=\"https:\/\/ikastikos-kiklos.com\/wp-content\/uploads\/2018\/04\/cecaadd419755f129ae8d137b3825b78.jpg\" \/>\n<meta name=\"twitter:card\" content=\"summary_large_image\" \/>\n<meta name=\"twitter:label1\" content=\"Est. reading time\" \/>\n\t<meta name=\"twitter:data1\" content=\"1 minute\" \/>\n<script type=\"application\/ld+json\" class=\"yoast-schema-graph\">{\"@context\":\"https:\/\/schema.org\",\"@graph\":[{\"@type\":\"WebPage\",\"@id\":\"https:\/\/ikastikos-kiklos.com\/en\/painters\/alexopoulou-olga\/\",\"url\":\"https:\/\/ikastikos-kiklos.com\/en\/painters\/alexopoulou-olga\/\",\"name\":\"Alexopoulou Olga at Ikastikos Kiklos Sianti Gallery\",\"isPartOf\":{\"@id\":\"https:\/\/ikastikos-kiklos.com\/en\/#website\"},\"primaryImageOfPage\":{\"@id\":\"https:\/\/ikastikos-kiklos.com\/en\/painters\/alexopoulou-olga\/#primaryimage\"},\"image\":{\"@id\":\"https:\/\/ikastikos-kiklos.com\/en\/painters\/alexopoulou-olga\/#primaryimage\"},\"thumbnailUrl\":\"https:\/\/ikastikos-kiklos.com\/wp-content\/uploads\/2018\/04\/cecaadd419755f129ae8d137b3825b78.jpg\",\"datePublished\":\"2020-08-04T13:24:05+00:00\",\"dateModified\":\"2020-08-04T13:35:24+00:00\",\"description\":\"Alexopoulou Olga at Ikastikos Kiklos Sianti Gallery\",\"breadcrumb\":{\"@id\":\"https:\/\/ikastikos-kiklos.com\/en\/painters\/alexopoulou-olga\/#breadcrumb\"},\"inLanguage\":\"en-US\",\"potentialAction\":[{\"@type\":\"ReadAction\",\"target\":[\"https:\/\/ikastikos-kiklos.com\/en\/painters\/alexopoulou-olga\/\"]}]},{\"@type\":\"ImageObject\",\"inLanguage\":\"en-US\",\"@id\":\"https:\/\/ikastikos-kiklos.com\/en\/painters\/alexopoulou-olga\/#primaryimage\",\"url\":\"https:\/\/ikastikos-kiklos.com\/wp-content\/uploads\/2018\/04\/cecaadd419755f129ae8d137b3825b78.jpg\",\"contentUrl\":\"https:\/\/ikastikos-kiklos.com\/wp-content\/uploads\/2018\/04\/cecaadd419755f129ae8d137b3825b78.jpg\"},{\"@type\":\"BreadcrumbList\",\"@id\":\"https:\/\/ikastikos-kiklos.com\/en\/painters\/alexopoulou-olga\/#breadcrumb\",\"itemListElement\":[{\"@type\":\"ListItem\",\"position\":1,\"name\":\"Home\",\"item\":\"https:\/\/ikastikos-kiklos.com\/en\/\"},{\"@type\":\"ListItem\",\"position\":2,\"name\":\"Painters\",\"item\":\"https:\/\/ikastikos-kiklos.com\/en\/painters\/\"},{\"@type\":\"ListItem\",\"position\":3,\"name\":\"Alexopoulou Olga\"}]},{\"@type\":\"WebSite\",\"@id\":\"https:\/\/ikastikos-kiklos.com\/en\/#website\",\"url\":\"https:\/\/ikastikos-kiklos.com\/en\/\",\"name\":\"Ikastikos Kiklos - Zografik\u00ed - Metaxotyp\u00edes - T\u00e9chniPainting - Silk Screen - Art\",\"description\":\"\",\"publisher\":{\"@id\":\"https:\/\/ikastikos-kiklos.com\/en\/#organization\"},\"potentialAction\":[{\"@type\":\"SearchAction\",\"target\":{\"@type\":\"EntryPoint\",\"urlTemplate\":\"https:\/\/ikastikos-kiklos.com\/en\/?s={search_term_string}\"},\"query-input\":{\"@type\":\"PropertyValueSpecification\",\"valueRequired\":true,\"valueName\":\"search_term_string\"}}],\"inLanguage\":\"en-US\"},{\"@type\":\"Organization\",\"@id\":\"https:\/\/ikastikos-kiklos.com\/en\/#organization\",\"name\":\"Ikastikos Kiklos - Zografik\u00ed - Metaxotyp\u00edes - T\u00e9chniPainting - Silk Screen - Art\",\"url\":\"https:\/\/ikastikos-kiklos.com\/en\/\",\"logo\":{\"@type\":\"ImageObject\",\"inLanguage\":\"en-US\",\"@id\":\"https:\/\/ikastikos-kiklos.com\/en\/#\/schema\/logo\/image\/\",\"url\":\"https:\/\/ikastikos-kiklos.com\/wp-content\/uploads\/2022\/10\/cropped-favicon_ikastikos.png\",\"contentUrl\":\"https:\/\/ikastikos-kiklos.com\/wp-content\/uploads\/2022\/10\/cropped-favicon_ikastikos.png\",\"width\":512,\"height\":512,\"caption\":\"Ikastikos Kiklos - Zografik\u00ed - Metaxotyp\u00edes - T\u00e9chniPainting - Silk Screen - Art\"},\"image\":{\"@id\":\"https:\/\/ikastikos-kiklos.com\/en\/#\/schema\/logo\/image\/\"},\"sameAs\":[\"https:\/\/www.facebook.com\/ikastikoskiklossianti\/\"]}]}<\/script>\n<!-- \/ Yoast SEO plugin. -->","yoast_head_json":{"title":"Alexopoulou Olga at Ikastikos Kiklos Sianti Gallery","description":"Alexopoulou Olga at Ikastikos Kiklos Sianti Gallery","robots":{"index":"index","follow":"follow","max-snippet":"max-snippet:-1","max-image-preview":"max-image-preview:large","max-video-preview":"max-video-preview:-1"},"canonical":"https:\/\/ikastikos-kiklos.com\/en\/painters\/alexopoulou-olga\/","og_locale":"en_US","og_type":"article","og_title":"Alexopoulou Olga at Ikastikos Kiklos Sianti Gallery","og_description":"Alexopoulou Olga at Ikastikos Kiklos Sianti Gallery","og_url":"https:\/\/ikastikos-kiklos.com\/en\/painters\/alexopoulou-olga\/","og_site_name":"Ikastikos Kiklos - Zografik\u00ed - Metaxotyp\u00edes - T\u00e9chniPainting - Silk Screen - Art","article_publisher":"https:\/\/www.facebook.com\/ikastikoskiklossianti\/","article_modified_time":"2020-08-04T13:35:24+00:00","og_image":[{"url":"https:\/\/ikastikos-kiklos.com\/wp-content\/uploads\/2018\/04\/cecaadd419755f129ae8d137b3825b78.jpg","type":"","width":"","height":""}],"twitter_card":"summary_large_image","twitter_misc":{"Est. reading time":"1 minute"},"schema":{"@context":"https:\/\/schema.org","@graph":[{"@type":"WebPage","@id":"https:\/\/ikastikos-kiklos.com\/en\/painters\/alexopoulou-olga\/","url":"https:\/\/ikastikos-kiklos.com\/en\/painters\/alexopoulou-olga\/","name":"Alexopoulou Olga at Ikastikos Kiklos Sianti Gallery","isPartOf":{"@id":"https:\/\/ikastikos-kiklos.com\/en\/#website"},"primaryImageOfPage":{"@id":"https:\/\/ikastikos-kiklos.com\/en\/painters\/alexopoulou-olga\/#primaryimage"},"image":{"@id":"https:\/\/ikastikos-kiklos.com\/en\/painters\/alexopoulou-olga\/#primaryimage"},"thumbnailUrl":"https:\/\/ikastikos-kiklos.com\/wp-content\/uploads\/2018\/04\/cecaadd419755f129ae8d137b3825b78.jpg","datePublished":"2020-08-04T13:24:05+00:00","dateModified":"2020-08-04T13:35:24+00:00","description":"Alexopoulou Olga at Ikastikos Kiklos Sianti Gallery","breadcrumb":{"@id":"https:\/\/ikastikos-kiklos.com\/en\/painters\/alexopoulou-olga\/#breadcrumb"},"inLanguage":"en-US","potentialAction":[{"@type":"ReadAction","target":["https:\/\/ikastikos-kiklos.com\/en\/painters\/alexopoulou-olga\/"]}]},{"@type":"ImageObject","inLanguage":"en-US","@id":"https:\/\/ikastikos-kiklos.com\/en\/painters\/alexopoulou-olga\/#primaryimage","url":"https:\/\/ikastikos-kiklos.com\/wp-content\/uploads\/2018\/04\/cecaadd419755f129ae8d137b3825b78.jpg","contentUrl":"https:\/\/ikastikos-kiklos.com\/wp-content\/uploads\/2018\/04\/cecaadd419755f129ae8d137b3825b78.jpg"},{"@type":"BreadcrumbList","@id":"https:\/\/ikastikos-kiklos.com\/en\/painters\/alexopoulou-olga\/#breadcrumb","itemListElement":[{"@type":"ListItem","position":1,"name":"Home","item":"https:\/\/ikastikos-kiklos.com\/en\/"},{"@type":"ListItem","position":2,"name":"Painters","item":"https:\/\/ikastikos-kiklos.com\/en\/painters\/"},{"@type":"ListItem","position":3,"name":"Alexopoulou Olga"}]},{"@type":"WebSite","@id":"https:\/\/ikastikos-kiklos.com\/en\/#website","url":"https:\/\/ikastikos-kiklos.com\/en\/","name":"Ikastikos Kiklos - Zografik\u00ed - Metaxotyp\u00edes - T\u00e9chniPainting - Silk Screen - Art","description":"","publisher":{"@id":"https:\/\/ikastikos-kiklos.com\/en\/#organization"},"potentialAction":[{"@type":"SearchAction","target":{"@type":"EntryPoint","urlTemplate":"https:\/\/ikastikos-kiklos.com\/en\/?s={search_term_string}"},"query-input":{"@type":"PropertyValueSpecification","valueRequired":true,"valueName":"search_term_string"}}],"inLanguage":"en-US"},{"@type":"Organization","@id":"https:\/\/ikastikos-kiklos.com\/en\/#organization","name":"Ikastikos Kiklos - Zografik\u00ed - Metaxotyp\u00edes - T\u00e9chniPainting - Silk Screen - Art","url":"https:\/\/ikastikos-kiklos.com\/en\/","logo":{"@type":"ImageObject","inLanguage":"en-US","@id":"https:\/\/ikastikos-kiklos.com\/en\/#\/schema\/logo\/image\/","url":"https:\/\/ikastikos-kiklos.com\/wp-content\/uploads\/2022\/10\/cropped-favicon_ikastikos.png","contentUrl":"https:\/\/ikastikos-kiklos.com\/wp-content\/uploads\/2022\/10\/cropped-favicon_ikastikos.png","width":512,"height":512,"caption":"Ikastikos Kiklos - Zografik\u00ed - Metaxotyp\u00edes - T\u00e9chniPainting - Silk Screen - Art"},"image":{"@id":"https:\/\/ikastikos-kiklos.com\/en\/#\/schema\/logo\/image\/"},"sameAs":["https:\/\/www.facebook.com\/ikastikoskiklossianti\/"]}]}},"_links":{"self":[{"href":"https:\/\/ikastikos-kiklos.com\/en\/wp-json\/wp\/v2\/pages\/27532","targetHints":{"allow":["GET"]}}],"collection":[{"href":"https:\/\/ikastikos-kiklos.com\/en\/wp-json\/wp\/v2\/pages"}],"about":[{"href":"https:\/\/ikastikos-kiklos.com\/en\/wp-json\/wp\/v2\/types\/page"}],"author":[{"embeddable":true,"href":"https:\/\/ikastikos-kiklos.com\/en\/wp-json\/wp\/v2\/users\/2"}],"replies":[{"embeddable":true,"href":"https:\/\/ikastikos-kiklos.com\/en\/wp-json\/wp\/v2\/comments?post=27532"}],"version-history":[{"count":0,"href":"https:\/\/ikastikos-kiklos.com\/en\/wp-json\/wp\/v2\/pages\/27532\/revisions"}],"up":[{"embeddable":true,"href":"https:\/\/ikastikos-kiklos.com\/en\/wp-json\/wp\/v2\/pages\/2905"}],"wp:attachment":[{"href":"https:\/\/ikastikos-kiklos.com\/en\/wp-json\/wp\/v2\/media?parent=27532"}],"curies":[{"name":"wp","href":"https:\/\/api.w.org\/{rel}","templated":true}]}}