{"id":27525,"date":"2020-08-04T15:16:36","date_gmt":"2020-08-04T12:16:36","guid":{"rendered":"https:\/\/ikastikos-kiklos.com\/painters\/wd-wild-drawing\/"},"modified":"2020-08-04T15:42:46","modified_gmt":"2020-08-04T12:42:46","slug":"wd-wild-drawing","status":"publish","type":"page","link":"https:\/\/ikastikos-kiklos.com\/en\/painters\/wd-wild-drawing\/","title":{"rendered":"WD (Wild-Drawing)"},"content":{"rendered":"<h1>WD (Wild Drawing)<\/h1>\n<p>Wild Drawing (WD) was born in Bali, Indonesia, and has degrees in Fine Arts and in Applied Arts. He started off as street artist in 2000 and from that time he spends most of his time to work in the streets, even though he never stopped working in his studio. WD has carried out solo exhibitions, and participated in group shows or graffiti\/street art festivals, in Asia, Europe and America.  Also, his work has been featured in books for Street Art by publishers like Thames &#038; Hudson, \u00c9ditions Alternatives or Lonely Planet, inter alia.<\/p>\n<p>His East-West cultural background is combined in a unique way that makes his style so recognisable. He focuses on large-scale murals that realized with roller brush and spray paint. WD always tries to interact with the spot where he is working, by utilizing various elements that existing around, so to create harmony between the artwork and the spot. His style which consists of realistic technique, often anamorphic, is influenced by comics and graphic novels, while social phenomena, lifestyle, art or nature often inspire him.   <\/p>\n<p>What he loves about Street Art is the freedom of expression and the fact that can share his thoughts and &#8220;communicate&#8221; with everyone that passes in front of one of his works or just comes across it on the web. Besides that, through his art has the chance to speak about the big issue of re-appropriation of the Public Space. These facts, outweigh the ephemeral nature of his art. After all, if he was interested in making works that stand the test of time, he would do canvas paintings only. Currently Wild Drawing lives and works in Athens, Greece. <\/p>\n<p><iframe loading=\"lazy\" src=\"https:\/\/www.youtube.com\/embed\/TDyz2kO85_Y\" width=\"560\" height=\"315\" frameborder=\"0\" allowfullscreen=\"allowfullscreen\"><\/iframe>\u00a0<\/p>\n<p><iframe loading=\"lazy\" src=\"https:\/\/www.youtube.com\/embed\/9fcnE--liDY\" width=\"560\" height=\"315\" frameborder=\"0\" allowfullscreen=\"allowfullscreen\"><\/iframe><\/p>\n<p><img loading=\"lazy\" decoding=\"async\" class=\"aligncenter size-full wp-image-11332\" src=\"https:\/\/ikastikos-kiklos.com\/wp-content\/uploads\/2018\/04\/tixi_giancarlo.jpg\" alt=\"\" width=\"1632\" height=\"1224\" srcset=\"https:\/\/ikastikos-kiklos.com\/wp-content\/uploads\/2018\/04\/tixi_giancarlo.jpg 1632w, https:\/\/ikastikos-kiklos.com\/wp-content\/uploads\/2018\/04\/tixi_giancarlo-300x225.jpg 300w, https:\/\/ikastikos-kiklos.com\/wp-content\/uploads\/2018\/04\/tixi_giancarlo-768x576.jpg 768w, https:\/\/ikastikos-kiklos.com\/wp-content\/uploads\/2018\/04\/tixi_giancarlo-1024x768.jpg 1024w, https:\/\/ikastikos-kiklos.com\/wp-content\/uploads\/2018\/04\/tixi_giancarlo-680x510.jpg 680w, https:\/\/ikastikos-kiklos.com\/wp-content\/uploads\/2018\/04\/tixi_giancarlo-700x525.jpg 700w, https:\/\/ikastikos-kiklos.com\/wp-content\/uploads\/2018\/04\/tixi_giancarlo-220x165.jpg 220w, https:\/\/ikastikos-kiklos.com\/wp-content\/uploads\/2018\/04\/tixi_giancarlo-140x105.jpg 140w, https:\/\/ikastikos-kiklos.com\/wp-content\/uploads\/2018\/04\/tixi_giancarlo-940x705.jpg 940w, https:\/\/ikastikos-kiklos.com\/wp-content\/uploads\/2018\/04\/tixi_giancarlo-350x263.jpg 350w, https:\/\/ikastikos-kiklos.com\/wp-content\/uploads\/2018\/04\/tixi_giancarlo-595x446.jpg 595w\" sizes=\"auto, (max-width: 1632px) 100vw, 1632px\" \/><\/p>\n<p><img loading=\"lazy\" decoding=\"async\" class=\"aligncenter size-full wp-image-11334\" src=\"https:\/\/ikastikos-kiklos.com\/wp-content\/uploads\/2018\/04\/WD-aka-Wild-Drawing-Lion-of-Kea-Kea-isl.-Greece-2013-Wild-Drawing.jpg\" alt=\"\" width=\"1100\" height=\"619\" srcset=\"https:\/\/ikastikos-kiklos.com\/wp-content\/uploads\/2018\/04\/WD-aka-Wild-Drawing-Lion-of-Kea-Kea-isl.-Greece-2013-Wild-Drawing.jpg 1100w, https:\/\/ikastikos-kiklos.com\/wp-content\/uploads\/2018\/04\/WD-aka-Wild-Drawing-Lion-of-Kea-Kea-isl.-Greece-2013-Wild-Drawing-300x169.jpg 300w, https:\/\/ikastikos-kiklos.com\/wp-content\/uploads\/2018\/04\/WD-aka-Wild-Drawing-Lion-of-Kea-Kea-isl.-Greece-2013-Wild-Drawing-768x432.jpg 768w, https:\/\/ikastikos-kiklos.com\/wp-content\/uploads\/2018\/04\/WD-aka-Wild-Drawing-Lion-of-Kea-Kea-isl.-Greece-2013-Wild-Drawing-1024x576.jpg 1024w, https:\/\/ikastikos-kiklos.com\/wp-content\/uploads\/2018\/04\/WD-aka-Wild-Drawing-Lion-of-Kea-Kea-isl.-Greece-2013-Wild-Drawing-680x383.jpg 680w, https:\/\/ikastikos-kiklos.com\/wp-content\/uploads\/2018\/04\/WD-aka-Wild-Drawing-Lion-of-Kea-Kea-isl.-Greece-2013-Wild-Drawing-700x394.jpg 700w, https:\/\/ikastikos-kiklos.com\/wp-content\/uploads\/2018\/04\/WD-aka-Wild-Drawing-Lion-of-Kea-Kea-isl.-Greece-2013-Wild-Drawing-220x124.jpg 220w, https:\/\/ikastikos-kiklos.com\/wp-content\/uploads\/2018\/04\/WD-aka-Wild-Drawing-Lion-of-Kea-Kea-isl.-Greece-2013-Wild-Drawing-140x79.jpg 140w, https:\/\/ikastikos-kiklos.com\/wp-content\/uploads\/2018\/04\/WD-aka-Wild-Drawing-Lion-of-Kea-Kea-isl.-Greece-2013-Wild-Drawing-940x529.jpg 940w, https:\/\/ikastikos-kiklos.com\/wp-content\/uploads\/2018\/04\/WD-aka-Wild-Drawing-Lion-of-Kea-Kea-isl.-Greece-2013-Wild-Drawing-350x197.jpg 350w, https:\/\/ikastikos-kiklos.com\/wp-content\/uploads\/2018\/04\/WD-aka-Wild-Drawing-Lion-of-Kea-Kea-isl.-Greece-2013-Wild-Drawing-595x335.jpg 595w\" sizes=\"auto, (max-width: 1100px) 100vw, 1100px\" \/><\/p>\n<p><img loading=\"lazy\" decoding=\"async\" class=\"aligncenter size-full wp-image-11336\" src=\"https:\/\/ikastikos-kiklos.com\/wp-content\/uploads\/2018\/04\/WD-aka-Wild-Drawing-Old-skull-Berlin-Germany-2015-555x312.jpg\" alt=\"\" width=\"555\" height=\"312\" srcset=\"https:\/\/ikastikos-kiklos.com\/wp-content\/uploads\/2018\/04\/WD-aka-Wild-Drawing-Old-skull-Berlin-Germany-2015-555x312.jpg 555w, https:\/\/ikastikos-kiklos.com\/wp-content\/uploads\/2018\/04\/WD-aka-Wild-Drawing-Old-skull-Berlin-Germany-2015-555x312-300x169.jpg 300w, https:\/\/ikastikos-kiklos.com\/wp-content\/uploads\/2018\/04\/WD-aka-Wild-Drawing-Old-skull-Berlin-Germany-2015-555x312-220x124.jpg 220w, https:\/\/ikastikos-kiklos.com\/wp-content\/uploads\/2018\/04\/WD-aka-Wild-Drawing-Old-skull-Berlin-Germany-2015-555x312-140x79.jpg 140w, https:\/\/ikastikos-kiklos.com\/wp-content\/uploads\/2018\/04\/WD-aka-Wild-Drawing-Old-skull-Berlin-Germany-2015-555x312-350x197.jpg 350w\" sizes=\"auto, (max-width: 555px) 100vw, 555px\" \/><\/p>\n","protected":false},"excerpt":{"rendered":"<p>WD (Wild Drawing) Wild Drawing (WD) was born in Bali, Indonesia, and has degrees in &hellip;<\/p>\n","protected":false},"author":2,"featured_media":0,"parent":2905,"menu_order":0,"comment_status":"closed","ping_status":"closed","template":"page-zwgrafoi.php","meta":{"ngg_post_thumbnail":0,"footnotes":""},"class_list":["post-27525","page","type-page","status-publish","hentry"],"yoast_head":"<!-- This site is optimized with the Yoast SEO plugin v27.2 - https:\/\/yoast.com\/product\/yoast-seo-wordpress\/ -->\n<title>WD (Wild Drawing) Profile at Ikastikos kiklos Sianti Gallery<\/title>\n<meta name=\"description\" content=\"WD (Wild Drawing) Profile at Ikastikos kiklos Sianti Gallery.\" \/>\n<meta name=\"robots\" content=\"index, follow, max-snippet:-1, max-image-preview:large, max-video-preview:-1\" \/>\n<link rel=\"canonical\" href=\"https:\/\/ikastikos-kiklos.com\/en\/painters\/wd-wild-drawing\/\" \/>\n<meta property=\"og:locale\" content=\"en_US\" \/>\n<meta property=\"og:type\" content=\"article\" \/>\n<meta property=\"og:title\" content=\"WD (Wild Drawing) Profile at Ikastikos kiklos Sianti Gallery\" \/>\n<meta property=\"og:description\" content=\"WD (Wild Drawing) Profile at Ikastikos kiklos Sianti Gallery.\" \/>\n<meta property=\"og:url\" content=\"https:\/\/ikastikos-kiklos.com\/en\/painters\/wd-wild-drawing\/\" \/>\n<meta property=\"og:site_name\" content=\"Ikastikos Kiklos - Zografik\u00ed - Metaxotyp\u00edes - T\u00e9chniPainting - Silk Screen - Art\" \/>\n<meta property=\"article:publisher\" content=\"https:\/\/www.facebook.com\/ikastikoskiklossianti\/\" \/>\n<meta property=\"article:modified_time\" content=\"2020-08-04T12:42:46+00:00\" \/>\n<meta property=\"og:image\" content=\"https:\/\/ikastikos-kiklos.com\/wp-content\/uploads\/2018\/04\/tixi_giancarlo.jpg\" \/>\n<meta name=\"twitter:card\" content=\"summary_large_image\" \/>\n<meta name=\"twitter:label1\" content=\"Est. reading time\" \/>\n\t<meta name=\"twitter:data1\" content=\"1 minute\" \/>\n<script type=\"application\/ld+json\" class=\"yoast-schema-graph\">{\"@context\":\"https:\/\/schema.org\",\"@graph\":[{\"@type\":\"WebPage\",\"@id\":\"https:\/\/ikastikos-kiklos.com\/en\/painters\/wd-wild-drawing\/\",\"url\":\"https:\/\/ikastikos-kiklos.com\/en\/painters\/wd-wild-drawing\/\",\"name\":\"WD (Wild Drawing) Profile at Ikastikos kiklos Sianti Gallery\",\"isPartOf\":{\"@id\":\"https:\/\/ikastikos-kiklos.com\/en\/#website\"},\"primaryImageOfPage\":{\"@id\":\"https:\/\/ikastikos-kiklos.com\/en\/painters\/wd-wild-drawing\/#primaryimage\"},\"image\":{\"@id\":\"https:\/\/ikastikos-kiklos.com\/en\/painters\/wd-wild-drawing\/#primaryimage\"},\"thumbnailUrl\":\"https:\/\/ikastikos-kiklos.com\/wp-content\/uploads\/2018\/04\/tixi_giancarlo.jpg\",\"datePublished\":\"2020-08-04T12:16:36+00:00\",\"dateModified\":\"2020-08-04T12:42:46+00:00\",\"description\":\"WD (Wild Drawing) Profile at Ikastikos kiklos Sianti Gallery.\",\"breadcrumb\":{\"@id\":\"https:\/\/ikastikos-kiklos.com\/en\/painters\/wd-wild-drawing\/#breadcrumb\"},\"inLanguage\":\"en-US\",\"potentialAction\":[{\"@type\":\"ReadAction\",\"target\":[\"https:\/\/ikastikos-kiklos.com\/en\/painters\/wd-wild-drawing\/\"]}]},{\"@type\":\"ImageObject\",\"inLanguage\":\"en-US\",\"@id\":\"https:\/\/ikastikos-kiklos.com\/en\/painters\/wd-wild-drawing\/#primaryimage\",\"url\":\"https:\/\/ikastikos-kiklos.com\/wp-content\/uploads\/2018\/04\/tixi_giancarlo.jpg\",\"contentUrl\":\"https:\/\/ikastikos-kiklos.com\/wp-content\/uploads\/2018\/04\/tixi_giancarlo.jpg\"},{\"@type\":\"BreadcrumbList\",\"@id\":\"https:\/\/ikastikos-kiklos.com\/en\/painters\/wd-wild-drawing\/#breadcrumb\",\"itemListElement\":[{\"@type\":\"ListItem\",\"position\":1,\"name\":\"Home\",\"item\":\"https:\/\/ikastikos-kiklos.com\/en\/\"},{\"@type\":\"ListItem\",\"position\":2,\"name\":\"Painters\",\"item\":\"https:\/\/ikastikos-kiklos.com\/en\/painters\/\"},{\"@type\":\"ListItem\",\"position\":3,\"name\":\"WD (Wild-Drawing)\"}]},{\"@type\":\"WebSite\",\"@id\":\"https:\/\/ikastikos-kiklos.com\/en\/#website\",\"url\":\"https:\/\/ikastikos-kiklos.com\/en\/\",\"name\":\"Ikastikos Kiklos - Zografik\u00ed - Metaxotyp\u00edes - T\u00e9chniPainting - Silk Screen - Art\",\"description\":\"\",\"publisher\":{\"@id\":\"https:\/\/ikastikos-kiklos.com\/en\/#organization\"},\"potentialAction\":[{\"@type\":\"SearchAction\",\"target\":{\"@type\":\"EntryPoint\",\"urlTemplate\":\"https:\/\/ikastikos-kiklos.com\/en\/?s={search_term_string}\"},\"query-input\":{\"@type\":\"PropertyValueSpecification\",\"valueRequired\":true,\"valueName\":\"search_term_string\"}}],\"inLanguage\":\"en-US\"},{\"@type\":\"Organization\",\"@id\":\"https:\/\/ikastikos-kiklos.com\/en\/#organization\",\"name\":\"Ikastikos Kiklos - Zografik\u00ed - Metaxotyp\u00edes - T\u00e9chniPainting - Silk Screen - Art\",\"url\":\"https:\/\/ikastikos-kiklos.com\/en\/\",\"logo\":{\"@type\":\"ImageObject\",\"inLanguage\":\"en-US\",\"@id\":\"https:\/\/ikastikos-kiklos.com\/en\/#\/schema\/logo\/image\/\",\"url\":\"https:\/\/ikastikos-kiklos.com\/wp-content\/uploads\/2022\/10\/cropped-favicon_ikastikos.png\",\"contentUrl\":\"https:\/\/ikastikos-kiklos.com\/wp-content\/uploads\/2022\/10\/cropped-favicon_ikastikos.png\",\"width\":512,\"height\":512,\"caption\":\"Ikastikos Kiklos - Zografik\u00ed - Metaxotyp\u00edes - T\u00e9chniPainting - Silk Screen - Art\"},\"image\":{\"@id\":\"https:\/\/ikastikos-kiklos.com\/en\/#\/schema\/logo\/image\/\"},\"sameAs\":[\"https:\/\/www.facebook.com\/ikastikoskiklossianti\/\"]}]}<\/script>\n<!-- \/ Yoast SEO plugin. -->","yoast_head_json":{"title":"WD (Wild Drawing) Profile at Ikastikos kiklos Sianti Gallery","description":"WD (Wild Drawing) Profile at Ikastikos kiklos Sianti Gallery.","robots":{"index":"index","follow":"follow","max-snippet":"max-snippet:-1","max-image-preview":"max-image-preview:large","max-video-preview":"max-video-preview:-1"},"canonical":"https:\/\/ikastikos-kiklos.com\/en\/painters\/wd-wild-drawing\/","og_locale":"en_US","og_type":"article","og_title":"WD (Wild Drawing) Profile at Ikastikos kiklos Sianti Gallery","og_description":"WD (Wild Drawing) Profile at Ikastikos kiklos Sianti Gallery.","og_url":"https:\/\/ikastikos-kiklos.com\/en\/painters\/wd-wild-drawing\/","og_site_name":"Ikastikos Kiklos - Zografik\u00ed - Metaxotyp\u00edes - T\u00e9chniPainting - Silk Screen - Art","article_publisher":"https:\/\/www.facebook.com\/ikastikoskiklossianti\/","article_modified_time":"2020-08-04T12:42:46+00:00","og_image":[{"url":"https:\/\/ikastikos-kiklos.com\/wp-content\/uploads\/2018\/04\/tixi_giancarlo.jpg","type":"","width":"","height":""}],"twitter_card":"summary_large_image","twitter_misc":{"Est. reading time":"1 minute"},"schema":{"@context":"https:\/\/schema.org","@graph":[{"@type":"WebPage","@id":"https:\/\/ikastikos-kiklos.com\/en\/painters\/wd-wild-drawing\/","url":"https:\/\/ikastikos-kiklos.com\/en\/painters\/wd-wild-drawing\/","name":"WD (Wild Drawing) Profile at Ikastikos kiklos Sianti Gallery","isPartOf":{"@id":"https:\/\/ikastikos-kiklos.com\/en\/#website"},"primaryImageOfPage":{"@id":"https:\/\/ikastikos-kiklos.com\/en\/painters\/wd-wild-drawing\/#primaryimage"},"image":{"@id":"https:\/\/ikastikos-kiklos.com\/en\/painters\/wd-wild-drawing\/#primaryimage"},"thumbnailUrl":"https:\/\/ikastikos-kiklos.com\/wp-content\/uploads\/2018\/04\/tixi_giancarlo.jpg","datePublished":"2020-08-04T12:16:36+00:00","dateModified":"2020-08-04T12:42:46+00:00","description":"WD (Wild Drawing) Profile at Ikastikos kiklos Sianti Gallery.","breadcrumb":{"@id":"https:\/\/ikastikos-kiklos.com\/en\/painters\/wd-wild-drawing\/#breadcrumb"},"inLanguage":"en-US","potentialAction":[{"@type":"ReadAction","target":["https:\/\/ikastikos-kiklos.com\/en\/painters\/wd-wild-drawing\/"]}]},{"@type":"ImageObject","inLanguage":"en-US","@id":"https:\/\/ikastikos-kiklos.com\/en\/painters\/wd-wild-drawing\/#primaryimage","url":"https:\/\/ikastikos-kiklos.com\/wp-content\/uploads\/2018\/04\/tixi_giancarlo.jpg","contentUrl":"https:\/\/ikastikos-kiklos.com\/wp-content\/uploads\/2018\/04\/tixi_giancarlo.jpg"},{"@type":"BreadcrumbList","@id":"https:\/\/ikastikos-kiklos.com\/en\/painters\/wd-wild-drawing\/#breadcrumb","itemListElement":[{"@type":"ListItem","position":1,"name":"Home","item":"https:\/\/ikastikos-kiklos.com\/en\/"},{"@type":"ListItem","position":2,"name":"Painters","item":"https:\/\/ikastikos-kiklos.com\/en\/painters\/"},{"@type":"ListItem","position":3,"name":"WD (Wild-Drawing)"}]},{"@type":"WebSite","@id":"https:\/\/ikastikos-kiklos.com\/en\/#website","url":"https:\/\/ikastikos-kiklos.com\/en\/","name":"Ikastikos Kiklos - Zografik\u00ed - Metaxotyp\u00edes - T\u00e9chniPainting - Silk Screen - Art","description":"","publisher":{"@id":"https:\/\/ikastikos-kiklos.com\/en\/#organization"},"potentialAction":[{"@type":"SearchAction","target":{"@type":"EntryPoint","urlTemplate":"https:\/\/ikastikos-kiklos.com\/en\/?s={search_term_string}"},"query-input":{"@type":"PropertyValueSpecification","valueRequired":true,"valueName":"search_term_string"}}],"inLanguage":"en-US"},{"@type":"Organization","@id":"https:\/\/ikastikos-kiklos.com\/en\/#organization","name":"Ikastikos Kiklos - Zografik\u00ed - Metaxotyp\u00edes - T\u00e9chniPainting - Silk Screen - Art","url":"https:\/\/ikastikos-kiklos.com\/en\/","logo":{"@type":"ImageObject","inLanguage":"en-US","@id":"https:\/\/ikastikos-kiklos.com\/en\/#\/schema\/logo\/image\/","url":"https:\/\/ikastikos-kiklos.com\/wp-content\/uploads\/2022\/10\/cropped-favicon_ikastikos.png","contentUrl":"https:\/\/ikastikos-kiklos.com\/wp-content\/uploads\/2022\/10\/cropped-favicon_ikastikos.png","width":512,"height":512,"caption":"Ikastikos Kiklos - Zografik\u00ed - Metaxotyp\u00edes - T\u00e9chniPainting - Silk Screen - Art"},"image":{"@id":"https:\/\/ikastikos-kiklos.com\/en\/#\/schema\/logo\/image\/"},"sameAs":["https:\/\/www.facebook.com\/ikastikoskiklossianti\/"]}]}},"_links":{"self":[{"href":"https:\/\/ikastikos-kiklos.com\/en\/wp-json\/wp\/v2\/pages\/27525","targetHints":{"allow":["GET"]}}],"collection":[{"href":"https:\/\/ikastikos-kiklos.com\/en\/wp-json\/wp\/v2\/pages"}],"about":[{"href":"https:\/\/ikastikos-kiklos.com\/en\/wp-json\/wp\/v2\/types\/page"}],"author":[{"embeddable":true,"href":"https:\/\/ikastikos-kiklos.com\/en\/wp-json\/wp\/v2\/users\/2"}],"replies":[{"embeddable":true,"href":"https:\/\/ikastikos-kiklos.com\/en\/wp-json\/wp\/v2\/comments?post=27525"}],"version-history":[{"count":0,"href":"https:\/\/ikastikos-kiklos.com\/en\/wp-json\/wp\/v2\/pages\/27525\/revisions"}],"up":[{"embeddable":true,"href":"https:\/\/ikastikos-kiklos.com\/en\/wp-json\/wp\/v2\/pages\/2905"}],"wp:attachment":[{"href":"https:\/\/ikastikos-kiklos.com\/en\/wp-json\/wp\/v2\/media?parent=27525"}],"curies":[{"name":"wp","href":"https:\/\/api.w.org\/{rel}","templated":true}]}}