{"id":27451,"date":"2020-07-28T19:04:02","date_gmt":"2020-07-28T16:04:02","guid":{"rendered":"https:\/\/ikastikos-kiklos.com\/painters\/perros-vassilis\/"},"modified":"2020-07-28T19:04:02","modified_gmt":"2020-07-28T16:04:02","slug":"perros-vassilis","status":"publish","type":"page","link":"https:\/\/ikastikos-kiklos.com\/en\/painters\/perros-vassilis\/","title":{"rendered":"Perros Vassilis"},"content":{"rendered":"<h1>CV<\/h1>\n<p><strong>Vassilis Perros<\/strong>&nbsp;was born in Athens in 1981. He studied at the Academy of Fine Arts in Athens (1999-2005) under&nbsp; Professors&nbsp; G. Valavanides, M. Manousakis (painting) and G. Ziakas (set design).<\/p>\n<p>He graduated with distinction (29\/30) and was proposed for a scholarship in 2002, 2003 and 2004.&nbsp; He has represented Greece at the 2016 \u201cCartasia Biennale of Paper, Art and Design\u201d, in Lucca, Italy and the 5<sup>th<\/sup> International Meeting of the Mediterranean Academies of Fine Arts in Genova in 2004. Additionally, the same year, he won the 3<sup>rd<\/sup> Biennale award among students of the Fine Arts Schools of Greece, while in 2005 he acquired the Eurobank Private Scholarship. In 2017, he was nominated for the 3<sup>rd<\/sup> European painting award of the Frissiras Museum.<\/p>\n<p>He has had 6 solo exhibitions and has participated in more than 50 group exhibitions. His works have been added as book and disc covers and he has also taken part in the set design for many stage performances.<\/p>\n<p>His works have been acquired by private collectors both in Greece and abroad.<\/p>\n<p>He lives and works in Athens.<\/p>\n<p>&nbsp;<\/p>\n<p>&nbsp;<\/p>\n<p><strong><u>SOLO EXHIBITIONS<\/u><\/strong><\/p>\n<p><strong>11\/2018 <\/strong>\u201cArk\u201d, Gallery Skoufa<\/p>\n<p><strong>8\/2015<\/strong>&nbsp; \u201cA Retrospective\u201d, Art Gallery L-S, Elounda, Crete<\/p>\n<p><strong>6\/2014<\/strong>&nbsp; \u201cWonders\u2019 Memories \u0399\u0399\u201d,&nbsp;Art Gallery Alpha CK, Nicosia<\/p>\n<p><strong>09\/2013<\/strong> \u201cWonders\u2019 Memories \u0399\u0399\u201d,&nbsp;Gallery Skoufa<\/p>\n<p><strong>04\/2009 <\/strong>Art Gallery Alpha CK, Nicosia<\/p>\n<p><strong>02\/2008 <\/strong>\u201cALLEGORIES\u201d, Athens Art Gallery<\/p>\n<p>&nbsp;<\/p>\n<p><strong><u>GROUP EXHIBITIONS<\/u><\/strong><\/p>\n<p><strong>9\/2020 <\/strong>\u00abFrom the side of wise and crazy\u201d, Museum of Town of Volos, Curator: Iris Kritikou<\/p>\n<p><strong>8\/2020 <\/strong>White Chapel, Mykonos, Curator: Iris Kritikou<\/p>\n<p><strong>7\/2020 <\/strong>\u201cThe Island\u201d, Deximi Art Shop, Astipalea &nbsp;island, Curator: Hera Papapostolou<\/p>\n<p><strong>12\/2019 <\/strong>ART THESSALONIKI, Ikastikos Kiklos Sianti Gallery<\/p>\n<p><strong>10\/2019 <\/strong>ART ATHINA, Zappeion Hall, Skoufa Gallery<\/p>\n<p><strong>9\/2018<\/strong> \u201cMARIA CALLAS, eternal source of inspiration\u201d, Evgenides Foundation. Curator: Liana Skourlis<\/p>\n<p><strong>5\/2018<\/strong> \u201cGrayscale\u201d, Ikastikos Kyklos DL<\/p>\n<p><strong>3\/2018<\/strong> \u201cThe butterfly\u2019s Witchcraft\u201d, dedicated to Federico Garcia Lorka, IANOS Art Gallery<\/p>\n<p><strong>1\/2018<\/strong> \u201cExcavation in Athens\u201d, Ena Contemporary Gallery, Curator: Nikos Vatopoulos<\/p>\n<p><strong>9\/2017<\/strong> \u201c<em>3rd Frissiras<\/em>&nbsp;Award of&nbsp;<em>European<\/em>&nbsp;Painting\u00bb, Frissiras Museum<\/p>\n<p><strong>7\/2016<\/strong> \u201cCartasia, Biennale Internazionale della Carta\u201d, Lucca, Italy<\/p>\n<p><strong>6\/2016<\/strong> \u201cThe Kapodistrias case\u201d, The Parliament Building (Vouleftiko), Nafplion, Curator: Iris Kritikou<\/p>\n<p><strong>4\/2016<\/strong> \u201cCoffee Shop \u03a8\u201d, a psychoanalytic lecture on the occasion of Perros\u2019 work, Bookstore \u00abLexikopoleio\u00bb, Pagrati<\/p>\n<p><strong>12\/2015<\/strong> \u00abDreams\u00bb, Skoufa Gallery<\/p>\n<p><strong>10\/2015<\/strong> \u00abMiki\u2019s Greece\u00bb, dedicated to Mikis Theodorakis, Larisa Municipal Art Gallery, IANOS Art Gallery, Athens and Thessaloniki. Curator: Iris Kritikou<\/p>\n<p><strong>7\/2015<\/strong> \u00abPresenting Contemporary Art\u201d, Skoufa Gallery, Mykonos<\/p>\n<p><strong>6\/2015<\/strong> \u00abArt Athina 2015\u00bb, Faliro Pavilion Hellenic Olympic Properties, Tae Kwon Do, Palaio Faliro<\/p>\n<p><strong>3\/2015<\/strong> \u00abPraise to Poetry\u00bb, IANOS Art Gallery, Curator: Iris Kritikou<\/p>\n<p><strong>3\/2015<\/strong>&nbsp;&nbsp; \u00abOak reading: art in a barrel\u00bb, Zappeion Conference &amp; Exhibition Center, Semeli Winery, Nemea, Curator: Iris Kritikou<\/p>\n<p><strong>12\/2014<\/strong> \u00abWriting\u00bb, Skoufa Gallery<\/p>\n<p><strong>10\/2014<\/strong> \u00abAthens Coffeeshops\u00bb, IANOS Art Gallery, Curator: Iris Kritikou<\/p>\n<p><strong>5\/2014<\/strong> \u00abArt Athina 2014\u00bb, Faliro Pavilion Hellenic Olympic Properties, Tae Kwon Do, Palaio Faliro<\/p>\n<p><strong>62013<\/strong>&nbsp;&nbsp;&nbsp; \u00abIncidents D\u00bb&nbsp;works from the Antonis and Azia Hadjiioannou\u2019s collection, Cyclades Art Gallery, Syros<\/p>\n<p><strong>5\/2013<\/strong> \u00abDiscussing the Future\u00bb, \u201cMelina\u201d Cultural Center, Curator: Iris Kritikou<\/p>\n<p><strong>5\/2013<\/strong> \u00abArt VS Crisis\u00bb, Porta Art Gallery, Thision, Curator: Dimitra Limniati<\/p>\n<p><strong>3\/2013<\/strong> \u00abBo Project\u00bb, Botrini\u2019s restaurant, Chalandri, Curator: Dimitra Limniati<\/p>\n<p>4<strong>\/2013<\/strong> \u00abInvisible troupe\u00bb, dedicated to \u039a.P. Kavafis, IANOS Art Gallery, Curator: Iris Kritikou<\/p>\n<p><strong>2\/2013 <\/strong>\u00ab12 months\u00bb Art Gallery \u00abVisual Quests\u00bb, Curator: Iris Kritikou<\/p>\n<p><strong>12\/2012<\/strong> \u00abThe garden\u2019s secrets\u00bb, an exhibition inspired by the songs of the homonym cd by Nikos Kipourgos, Curator: Iris Kritikou<\/p>\n<p><strong>11\/2012<\/strong> \u00ab 90 letter postcards from Smyrna\u00bb (a tribute to the 90<sup>th<\/sup> anniversary of the Catastrophe of Smyrna), IANOS Art Gallery, Curator: Iris Kritikou<\/p>\n<p><strong>10\/2012<\/strong> \u00ab to be\u2026\u00bb, A visual tribute to William Shakespeare, IANOS Art Gallery, Curator: Iris Kritikou<\/p>\n<p><strong>6\/2012<\/strong> \u00abLuggages\u00bb, The train to Roof, Curator: Iris Kritikou<\/p>\n<p><strong>5\/2012<\/strong> \u00abWinery\u00bb, Lemos Center, Curator: Iris Kritikou<\/p>\n<p><strong>12\/2011<\/strong> \u00abSmall paintings\u00bb, Ikastikos Kyklos Gallery<\/p>\n<p>&nbsp;&nbsp;&nbsp;&nbsp;&nbsp;&nbsp;&nbsp;&nbsp;&nbsp;&nbsp;&nbsp;&nbsp;&nbsp;&nbsp;&nbsp;&nbsp; \u00abChristmas 2011\u00bb, Atrion Gallery, Thessaloniki<\/p>\n<p>&nbsp;&nbsp;\u00abTruth is always absurd\u00bb, a tribute to Papadiamantis, \u00abMelina\u00bb Cultural Center and &nbsp;&nbsp;new Archeological Museum of Patras, Curator: Iris Kritikou&nbsp;&nbsp;&nbsp;&nbsp;&nbsp;&nbsp;<\/p>\n<p>\u00abChristmas Stories\u00bb, Tsichritzis Foundation for Cultural Arts, Curator: Iris Kritikou<\/p>\n<p><strong>10\/2011<\/strong>&nbsp;&nbsp;&nbsp;&nbsp; \u00abChildren and Teenagers\/ voices and whispers \u00bb, \u00abMelina\u00bb Cultural Center, Curator: Iris Kritikou<\/p>\n<p><strong>9\/2011<\/strong>&nbsp;&nbsp;&nbsp;&nbsp;&nbsp; \u00abSponge fishing memories in Aegina\u00bb, Aegina Ethnological Museum, Curator: Iris Kritikou<\/p>\n<p><strong>5\/2011<\/strong>&nbsp;&nbsp;&nbsp;&nbsp;&nbsp; Konica Minolta- Graphika 2011, Athens Metropolitan Expo<\/p>\n<p><strong>3\/2011<\/strong>&nbsp;&nbsp;&nbsp;&nbsp;&nbsp; \u00abSurvival kit\u00bb, Genesis Gallery, Curator: Iris Kritikou<\/p>\n<p><strong>2\/2011<\/strong>&nbsp;&nbsp;&nbsp;&nbsp;&nbsp; \u00abKonica Minolta Art Prints 2011\u00bb, B &amp; M Theocharakis Foundation for the Fine Arts and Music<\/p>\n<p><strong>12\/2010<\/strong>&nbsp;&nbsp;&nbsp; \u00abHuman Measures\u00bb, \u00abMelina\u00bb Cultural Center, Curator: Iris Kritikou<\/p>\n<p><strong>09\/2010<\/strong>&nbsp;&nbsp;&nbsp; \u00abArt at the Farm\u00bb, Brinies Estate, Porto Heli, Curator: Iris Kritikou<\/p>\n<p><strong>08\/2010<\/strong>&nbsp;&nbsp;&nbsp;&nbsp; \u00abTracing Istanbul\u00bb, Sismanoglio Megaro, Istanbul, Organization: White Fox, Curator: Iris Kritikou<\/p>\n<p><strong>06\/2010<\/strong>&nbsp;&nbsp;&nbsp; Tribute to \u0399. Gennadius, Gennadius Library, Curator: Iris Kritikou<\/p>\n<p><strong>04\/2010<\/strong>&nbsp;&nbsp;&nbsp; \u00abTalk, fear not\u00bb, Gallery Ikastikes Anazitisis (Visual Quests), Organization &nbsp;A.P.H.C.A. Curator: Iris Kritikou<\/p>\n<p><strong>04\/2010<\/strong>&nbsp;&nbsp;&nbsp; \u00abNew Gazes\u201d, Atrion Gallery, Thessaloniki, Curator: Iris Kritikou<\/p>\n<p><strong>12\/2009<\/strong>&nbsp;&nbsp;&nbsp; \u00abHappened in Athens\u00bb, \u00abMelina\u00bb Cultural Center, Curator: Iris Kritikou<\/p>\n<p><strong>11\/2008<\/strong>&nbsp;&nbsp;&nbsp;&nbsp; \u00abTribute to Cinema\u00bb, Mary Alexiou Athens Art Space<\/p>\n<p><strong>10\/2008<\/strong>&nbsp;&nbsp;&nbsp; \u00abAegina of painters\u00bb, \u00abMelina\u00bb Cultural Center, Thission<\/p>\n<p><strong>08\/2008<\/strong>&nbsp;&nbsp;&nbsp;&nbsp; Aegina of painters\u00bb, Aegina Ethnological Museum Curator: Iris Kritikou<\/p>\n<p><strong>01\/2008<\/strong><em>&nbsp;&nbsp;&nbsp; \u00ab12 new Visual Artists\u00bb<\/em>, Newspaper \u00abAvgi<em>\u00bb<\/em>, \u00abMelina\u00bb Cultural Center<\/p>\n<p><strong>11\/2007<\/strong>&nbsp;&nbsp;&nbsp; \u00abTribute to Cinema\u00bb, Mary Alexiou Athens Art Space<\/p>\n<p><strong>9\/2007<\/strong> &nbsp;<em>\u201c<\/em><em>The<\/em> <em>Nomads<\/em> <em>Gallery<\/em><em>\u201d<\/em>, Cultural Center \u201cCasa Bianca\u201d, Thessaloniki<\/p>\n<p><strong>11\/2006<\/strong>&nbsp; <em>&nbsp;&nbsp;&nbsp;\u00ab<\/em><em>There was Penelope Delta<\/em><em>\u00bb<\/em>, Athens College, Curator: Iris Kritikou<\/p>\n<p><strong>5\/2006<\/strong>&nbsp;&nbsp;&nbsp;&nbsp;&nbsp; Alumni 2004-2005, \u00abNikos Kessanlis\u00bb Hall, Athens School of Fine Arts<\/p>\n<p><strong>4\/2006<\/strong>&nbsp;&nbsp;&nbsp; <em>&nbsp;\u00ab<\/em><em>Same<\/em> <em>but<\/em> <em>different<\/em><em>\u00bb<\/em>, Athens Art Gallery<\/p>\n<p><strong>3\/2006<\/strong>&nbsp;&nbsp; \u00ab Honors Alumni if the Athens School of Fine Arts 2005\u00bb, Foundation of the Hellenic World<\/p>\n<p><strong>9\/2005<\/strong> <em>\u00abEuropean Conference of Visual Arts Education\u00bb<\/em>, Technopolis of the Municipality of Athens, Gazi&nbsp;<\/p>\n<p><strong>6\/2005<\/strong> <em>&nbsp;&nbsp;&nbsp;&nbsp;\u00abG-Festival\u00bb- <\/em>Visual Creativity Exhibition, Olympic Property of the Municipality of Ellinikon<\/p>\n<p><strong>5\/2005 <\/strong>&nbsp;&nbsp;&nbsp;&nbsp;&nbsp;<em>Graduands -Alumni D\u2019 Painting Workshop<\/em>, A.S.F.A. &nbsp;Plaka<\/p>\n<p><strong>10\/2004<\/strong>&nbsp;&nbsp;&nbsp; Award recipient at the <em>3<\/em><em><sup>\u03b7<\/sup><\/em><em> Bienalle students from Schools of Fine Arts in Greece<\/em>, Creta Maris Hotel, Heraklion, Crete<\/p>\n<p><strong>5\/2004<\/strong> &nbsp;&nbsp;&nbsp;&nbsp;&nbsp;<em>V<\/em> <em>Convegno<\/em> <em>delle<\/em> <em>Accademie<\/em> <em>del<\/em> <em>Mediterraneo -La mostra,<\/em> Commenda di Pr\u00e8 \u2013 &nbsp;&nbsp;&nbsp;&nbsp;&nbsp;&nbsp;&nbsp;&nbsp;&nbsp;&nbsp;&nbsp;&nbsp;&nbsp;&nbsp;&nbsp;&nbsp;&nbsp;&nbsp;&nbsp;&nbsp;&nbsp;&nbsp;&nbsp;&nbsp;&nbsp;&nbsp;&nbsp;&nbsp;Genoa &nbsp;&nbsp;&nbsp;&nbsp;<\/p>\n<p><strong>4\/2004<\/strong> <em>&nbsp;&nbsp;<\/em><em>\u201cGoing home-test event<\/em> \u201c, Gallery Going home, Gazi<\/p>\n<p><strong>10\/2003<\/strong> &nbsp;&nbsp;&nbsp;Painting sector of the School of Fine Arts, Gallery of the Municipality of Karditsa.<\/p>\n<p>&nbsp;<\/p>\n<p><strong>&nbsp;<\/strong><\/p>\n<p><strong><u>SET DESIGNS<\/u><\/strong><\/p>\n<p><strong>2016<\/strong>&nbsp;&nbsp;&nbsp; &nbsp;&nbsp;&nbsp;&nbsp;&nbsp;&nbsp;&nbsp;&nbsp;Took part in designing the set for the performance &nbsp;\u00abThe lady of the night\u00bb by Yiannis Maris directed by Froso Lytra, Kivotos theatre and Gazarte.<\/p>\n<p><strong>6\/2015<\/strong>&nbsp;&nbsp; Took part in designing the set for the performance &nbsp;\u00abThe fairy\u00bb directed by Froso Lytra, Vouliagmeni Lake.<\/p>\n<p><strong>2012&nbsp; <\/strong>&nbsp;&nbsp;&nbsp;&nbsp;&nbsp;&nbsp;&nbsp;&nbsp;&nbsp;&nbsp;Took part in designing the set for the performance &nbsp;\u00abThe other sense\u00bb by G. Evaggelatos, conceived and directed by Froso Lytra, Art Factory theatre.<\/p>\n<p><strong>2011 <\/strong>&nbsp;&nbsp;&nbsp;&nbsp;&nbsp;&nbsp;&nbsp;&nbsp;&nbsp;&nbsp;&nbsp;Took part in designing the set for the performance &nbsp;\u00abThis Child\u00bb by Joel Pommerat. directed by Froso Lytra&nbsp; ( Foundation of the Hellenic World 10\/6-15\/7 and Badminton theatre 11\/2011)<\/p>\n<p>&nbsp;<\/p>\n<p>&nbsp;<\/p>\n<p><strong>&nbsp;<\/strong><\/p>\n<p><strong><u>ILLUSTRATIONS<\/u><\/strong><\/p>\n<p><u>&nbsp;<\/u><\/p>\n<p><strong>2016 <\/strong>&nbsp;&nbsp;&nbsp;&nbsp;&nbsp;&nbsp;&nbsp;&nbsp;&nbsp;&nbsp;&nbsp;&nbsp;&nbsp;&nbsp;&nbsp;&nbsp;Illustration of the record edition \u00abpersonal\u00bb, Michalis and Pantelis Kalogerakis, Maria Farantouri, Produced by \u2018Mikri Arktos\u2019<\/p>\n<p><strong>2012&nbsp; <\/strong>&nbsp;&nbsp;&nbsp;&nbsp;&nbsp;&nbsp;&nbsp;&nbsp;&nbsp;&nbsp;&nbsp;&nbsp;&nbsp;&nbsp;Participation in the illustration of the CD BY Nikos Kipourgos \u00abThe secrets of the Garden\u00bb, \u00abMikri Arktos\u00bb publications<\/p>\n<p><strong>2010&nbsp; <\/strong>&nbsp;&nbsp;&nbsp;&nbsp;&nbsp;&nbsp;&nbsp;&nbsp;&nbsp;&nbsp;&nbsp;&nbsp;&nbsp;&nbsp;Illustration of the book cover of \u00abThe evolution of the short story\u00bb by Kostis Kalogroulis, \u00abMikri Arktos\u00bb publications<\/p>\n<p>&nbsp;<\/p>\n<p><strong>2005 <\/strong>&nbsp;&nbsp;&nbsp;&nbsp;&nbsp;Catalogue cover of the <em>\u00abEuropean Conference of Visual Arts Education\u00bb<\/em>, Technopolis of the Municipality of Athens, Gazi&nbsp;<\/p>\n<p>&nbsp;<\/p>\n<p><strong>1997&nbsp; <\/strong>&nbsp;&nbsp;&nbsp;&nbsp;&nbsp;&nbsp;&nbsp;&nbsp;&nbsp;&nbsp;&nbsp;Illustration of the junior high textbook <em>\u00abBiology\u00bb<\/em>, S.B.P.O., Athens<\/p>\n","protected":false},"excerpt":{"rendered":"<p>CV Vassilis Perros&nbsp;was born in Athens in 1981. He studied at the Academy of Fine &hellip;<\/p>\n","protected":false},"author":2,"featured_media":0,"parent":2905,"menu_order":0,"comment_status":"closed","ping_status":"closed","template":"page-zwgrafoi.php","meta":{"ngg_post_thumbnail":0,"footnotes":""},"class_list":["post-27451","page","type-page","status-publish","hentry"],"yoast_head":"<!-- This site is optimized with the Yoast SEO plugin v27.2 - https:\/\/yoast.com\/product\/yoast-seo-wordpress\/ -->\n<title>Perros Vassilis Profile at Ikastikos Kiklos Sianti Gallery<\/title>\n<meta name=\"description\" content=\"Perros Vassilis Profile at Ikastikos Kiklos Sianti Gallery\" \/>\n<meta name=\"robots\" content=\"index, follow, max-snippet:-1, max-image-preview:large, max-video-preview:-1\" \/>\n<link rel=\"canonical\" href=\"https:\/\/ikastikos-kiklos.com\/en\/painters\/perros-vassilis\/\" \/>\n<meta property=\"og:locale\" content=\"en_US\" \/>\n<meta property=\"og:type\" content=\"article\" \/>\n<meta property=\"og:title\" content=\"Perros Vassilis Profile at Ikastikos Kiklos Sianti Gallery\" \/>\n<meta property=\"og:description\" content=\"Perros Vassilis Profile at Ikastikos Kiklos Sianti Gallery\" \/>\n<meta property=\"og:url\" content=\"https:\/\/ikastikos-kiklos.com\/en\/painters\/perros-vassilis\/\" \/>\n<meta property=\"og:site_name\" content=\"Ikastikos Kiklos - Zografik\u00ed - Metaxotyp\u00edes - T\u00e9chniPainting - Silk Screen - Art\" \/>\n<meta property=\"article:publisher\" content=\"https:\/\/www.facebook.com\/ikastikoskiklossianti\/\" \/>\n<meta name=\"twitter:card\" content=\"summary_large_image\" \/>\n<meta name=\"twitter:label1\" content=\"Est. reading time\" \/>\n\t<meta name=\"twitter:data1\" content=\"7 minutes\" \/>\n<script type=\"application\/ld+json\" class=\"yoast-schema-graph\">{\"@context\":\"https:\/\/schema.org\",\"@graph\":[{\"@type\":\"WebPage\",\"@id\":\"https:\/\/ikastikos-kiklos.com\/en\/painters\/perros-vassilis\/\",\"url\":\"https:\/\/ikastikos-kiklos.com\/en\/painters\/perros-vassilis\/\",\"name\":\"Perros Vassilis Profile at Ikastikos Kiklos Sianti Gallery\",\"isPartOf\":{\"@id\":\"https:\/\/ikastikos-kiklos.com\/en\/#website\"},\"datePublished\":\"2020-07-28T16:04:02+00:00\",\"description\":\"Perros Vassilis Profile at Ikastikos Kiklos Sianti Gallery\",\"breadcrumb\":{\"@id\":\"https:\/\/ikastikos-kiklos.com\/en\/painters\/perros-vassilis\/#breadcrumb\"},\"inLanguage\":\"en-US\",\"potentialAction\":[{\"@type\":\"ReadAction\",\"target\":[\"https:\/\/ikastikos-kiklos.com\/en\/painters\/perros-vassilis\/\"]}]},{\"@type\":\"BreadcrumbList\",\"@id\":\"https:\/\/ikastikos-kiklos.com\/en\/painters\/perros-vassilis\/#breadcrumb\",\"itemListElement\":[{\"@type\":\"ListItem\",\"position\":1,\"name\":\"Home\",\"item\":\"https:\/\/ikastikos-kiklos.com\/en\/\"},{\"@type\":\"ListItem\",\"position\":2,\"name\":\"Painters\",\"item\":\"https:\/\/ikastikos-kiklos.com\/en\/painters\/\"},{\"@type\":\"ListItem\",\"position\":3,\"name\":\"Perros Vassilis\"}]},{\"@type\":\"WebSite\",\"@id\":\"https:\/\/ikastikos-kiklos.com\/en\/#website\",\"url\":\"https:\/\/ikastikos-kiklos.com\/en\/\",\"name\":\"Ikastikos Kiklos - Zografik\u00ed - Metaxotyp\u00edes - T\u00e9chniPainting - Silk Screen - Art\",\"description\":\"\",\"publisher\":{\"@id\":\"https:\/\/ikastikos-kiklos.com\/en\/#organization\"},\"potentialAction\":[{\"@type\":\"SearchAction\",\"target\":{\"@type\":\"EntryPoint\",\"urlTemplate\":\"https:\/\/ikastikos-kiklos.com\/en\/?s={search_term_string}\"},\"query-input\":{\"@type\":\"PropertyValueSpecification\",\"valueRequired\":true,\"valueName\":\"search_term_string\"}}],\"inLanguage\":\"en-US\"},{\"@type\":\"Organization\",\"@id\":\"https:\/\/ikastikos-kiklos.com\/en\/#organization\",\"name\":\"Ikastikos Kiklos - Zografik\u00ed - Metaxotyp\u00edes - T\u00e9chniPainting - Silk Screen - Art\",\"url\":\"https:\/\/ikastikos-kiklos.com\/en\/\",\"logo\":{\"@type\":\"ImageObject\",\"inLanguage\":\"en-US\",\"@id\":\"https:\/\/ikastikos-kiklos.com\/en\/#\/schema\/logo\/image\/\",\"url\":\"https:\/\/ikastikos-kiklos.com\/wp-content\/uploads\/2022\/10\/cropped-favicon_ikastikos.png\",\"contentUrl\":\"https:\/\/ikastikos-kiklos.com\/wp-content\/uploads\/2022\/10\/cropped-favicon_ikastikos.png\",\"width\":512,\"height\":512,\"caption\":\"Ikastikos Kiklos - Zografik\u00ed - Metaxotyp\u00edes - T\u00e9chniPainting - Silk Screen - Art\"},\"image\":{\"@id\":\"https:\/\/ikastikos-kiklos.com\/en\/#\/schema\/logo\/image\/\"},\"sameAs\":[\"https:\/\/www.facebook.com\/ikastikoskiklossianti\/\"]}]}<\/script>\n<!-- \/ Yoast SEO plugin. -->","yoast_head_json":{"title":"Perros Vassilis Profile at Ikastikos Kiklos Sianti Gallery","description":"Perros Vassilis Profile at Ikastikos Kiklos Sianti Gallery","robots":{"index":"index","follow":"follow","max-snippet":"max-snippet:-1","max-image-preview":"max-image-preview:large","max-video-preview":"max-video-preview:-1"},"canonical":"https:\/\/ikastikos-kiklos.com\/en\/painters\/perros-vassilis\/","og_locale":"en_US","og_type":"article","og_title":"Perros Vassilis Profile at Ikastikos Kiklos Sianti Gallery","og_description":"Perros Vassilis Profile at Ikastikos Kiklos Sianti Gallery","og_url":"https:\/\/ikastikos-kiklos.com\/en\/painters\/perros-vassilis\/","og_site_name":"Ikastikos Kiklos - Zografik\u00ed - Metaxotyp\u00edes - T\u00e9chniPainting - Silk Screen - Art","article_publisher":"https:\/\/www.facebook.com\/ikastikoskiklossianti\/","twitter_card":"summary_large_image","twitter_misc":{"Est. reading time":"7 minutes"},"schema":{"@context":"https:\/\/schema.org","@graph":[{"@type":"WebPage","@id":"https:\/\/ikastikos-kiklos.com\/en\/painters\/perros-vassilis\/","url":"https:\/\/ikastikos-kiklos.com\/en\/painters\/perros-vassilis\/","name":"Perros Vassilis Profile at Ikastikos Kiklos Sianti Gallery","isPartOf":{"@id":"https:\/\/ikastikos-kiklos.com\/en\/#website"},"datePublished":"2020-07-28T16:04:02+00:00","description":"Perros Vassilis Profile at Ikastikos Kiklos Sianti Gallery","breadcrumb":{"@id":"https:\/\/ikastikos-kiklos.com\/en\/painters\/perros-vassilis\/#breadcrumb"},"inLanguage":"en-US","potentialAction":[{"@type":"ReadAction","target":["https:\/\/ikastikos-kiklos.com\/en\/painters\/perros-vassilis\/"]}]},{"@type":"BreadcrumbList","@id":"https:\/\/ikastikos-kiklos.com\/en\/painters\/perros-vassilis\/#breadcrumb","itemListElement":[{"@type":"ListItem","position":1,"name":"Home","item":"https:\/\/ikastikos-kiklos.com\/en\/"},{"@type":"ListItem","position":2,"name":"Painters","item":"https:\/\/ikastikos-kiklos.com\/en\/painters\/"},{"@type":"ListItem","position":3,"name":"Perros Vassilis"}]},{"@type":"WebSite","@id":"https:\/\/ikastikos-kiklos.com\/en\/#website","url":"https:\/\/ikastikos-kiklos.com\/en\/","name":"Ikastikos Kiklos - Zografik\u00ed - Metaxotyp\u00edes - T\u00e9chniPainting - Silk Screen - Art","description":"","publisher":{"@id":"https:\/\/ikastikos-kiklos.com\/en\/#organization"},"potentialAction":[{"@type":"SearchAction","target":{"@type":"EntryPoint","urlTemplate":"https:\/\/ikastikos-kiklos.com\/en\/?s={search_term_string}"},"query-input":{"@type":"PropertyValueSpecification","valueRequired":true,"valueName":"search_term_string"}}],"inLanguage":"en-US"},{"@type":"Organization","@id":"https:\/\/ikastikos-kiklos.com\/en\/#organization","name":"Ikastikos Kiklos - Zografik\u00ed - Metaxotyp\u00edes - T\u00e9chniPainting - Silk Screen - Art","url":"https:\/\/ikastikos-kiklos.com\/en\/","logo":{"@type":"ImageObject","inLanguage":"en-US","@id":"https:\/\/ikastikos-kiklos.com\/en\/#\/schema\/logo\/image\/","url":"https:\/\/ikastikos-kiklos.com\/wp-content\/uploads\/2022\/10\/cropped-favicon_ikastikos.png","contentUrl":"https:\/\/ikastikos-kiklos.com\/wp-content\/uploads\/2022\/10\/cropped-favicon_ikastikos.png","width":512,"height":512,"caption":"Ikastikos Kiklos - Zografik\u00ed - Metaxotyp\u00edes - T\u00e9chniPainting - Silk Screen - Art"},"image":{"@id":"https:\/\/ikastikos-kiklos.com\/en\/#\/schema\/logo\/image\/"},"sameAs":["https:\/\/www.facebook.com\/ikastikoskiklossianti\/"]}]}},"_links":{"self":[{"href":"https:\/\/ikastikos-kiklos.com\/en\/wp-json\/wp\/v2\/pages\/27451","targetHints":{"allow":["GET"]}}],"collection":[{"href":"https:\/\/ikastikos-kiklos.com\/en\/wp-json\/wp\/v2\/pages"}],"about":[{"href":"https:\/\/ikastikos-kiklos.com\/en\/wp-json\/wp\/v2\/types\/page"}],"author":[{"embeddable":true,"href":"https:\/\/ikastikos-kiklos.com\/en\/wp-json\/wp\/v2\/users\/2"}],"replies":[{"embeddable":true,"href":"https:\/\/ikastikos-kiklos.com\/en\/wp-json\/wp\/v2\/comments?post=27451"}],"version-history":[{"count":0,"href":"https:\/\/ikastikos-kiklos.com\/en\/wp-json\/wp\/v2\/pages\/27451\/revisions"}],"up":[{"embeddable":true,"href":"https:\/\/ikastikos-kiklos.com\/en\/wp-json\/wp\/v2\/pages\/2905"}],"wp:attachment":[{"href":"https:\/\/ikastikos-kiklos.com\/en\/wp-json\/wp\/v2\/media?parent=27451"}],"curies":[{"name":"wp","href":"https:\/\/api.w.org\/{rel}","templated":true}]}}