{"id":27228,"date":"2020-07-15T15:15:02","date_gmt":"2020-07-15T12:15:02","guid":{"rendered":"https:\/\/ikastikos-kiklos.com\/painters\/fokas-yiannis\/"},"modified":"2020-07-15T15:15:02","modified_gmt":"2020-07-15T12:15:02","slug":"fokas-yiannis","status":"publish","type":"page","link":"https:\/\/ikastikos-kiklos.com\/en\/painters\/fokas-yiannis\/","title":{"rendered":"Fokas Yiannis"},"content":{"rendered":"<h1>Cv<\/h1>\n<p>YIANNIS FOKAS<br \/>\n1951: Born in Gianitsa, Greece<br \/>\n1973-1978 : Supreme School of Fine Arts, Athens, (\u0392\u0391 painting, studio Pr Y. Moralis, Pr D.Kokkinidis)<br \/>\n1979-1983 : Scholarship , Ecole des Beaux-Arts, Paris, (atelier Pr Jacques Lagrange)<br \/>\n1995- today : Professor, (Aristotle University of Thessaloniki, School of Fine Arts)<br \/>\nSELECTED SOLO EXHIBITIONS:<br \/>\n1981: Maison des Beaux-Art, Paris, 1983: Kohlias Gallery, Thessaloniki, 1985: Zoumboulakis Gallery, Athens, 1987: DIASPRO Art center, Nicosia,<br \/>\n1989: Vafopoulio Cultural center, Thessaloniki, 1990: French Institute of Thessaloniki, Thessaloniki, 1992: Cultural centre of the Municipality of Bologna,<br \/>\nBologna, La Serre Hall of the Art School in Saint Etienne, Saint Etienne, 1993: Kreonidis Gallery, Athens, 1994: ARTFORUM Gallery, Thessaloniki,<br \/>\n1997: ARTFORUM-VILKA Gallery, Thessaloniki, 1998: DIASPRO Art center, Nicosia, 2002: ARTFORUM-VILKA Gallery, Thessaloniki,<br \/>\n2003: YIAYIANNOS Gallery, Athens, 2006: Maison de la Grece, Paris, 2006: YIAYIANNOS Gallery, Athens, 2008: TSATSIS PROJECTS-ARTFORUM<br \/>\nGallery, Thessaloniki, 2012: TSATSIS PROJECTS- ARTFORUM Gallery, Thessaloniki, 2014: EXPLODING, Art Centre, Eleftherias Park, Athens<br \/>\nSELECTED GROUP EXHIBITIONS:<br \/>\n1981-83: Salon des R\u00e9alit\u00e9s Nouvelles, Paris, 1982: Zoumboulakis Gallery, Athens, [Z-M] Gallery, Thessaloniki, 1984: Cultural Center of Sannois, Paris,<br \/>\nCultural Center of Massy, Paris, University of Bordeaux, Bordeaux, \u201cThe First Fifth, Press room of the Greek Embassy in Paris, Paris, 1986: \u201c4 Contemporary<br \/>\nGreek Painters\u201d, M.J.C. des Marqisats, Annecy, 1987: \u201cThe Road\u201d, Salle Polyvalente de la Roquette, Paris, 1987: Biennale of Alexandria, (Second Prize),<br \/>\nAlexandria, 1989: \u201cLocus-Cut\u201d, Deste Foundation, Athens, Second Congress of Visual Artists, European Centre of Delphi, Delphi, 1990: \u201cTibute to Bouzianis\u201d<br \/>\nMunicipal Art Gallery, Athens, 1991: Municipal Art Gallery, Boston U.S.A, Untitled, Deste Foundation, Mylos Gallery, Thessaloniki, 1992: Untitled,<br \/>\nDeste Foundation, Athens, 1993: Dialogues \/ \u0394\u03b9\u03ac\u03bb\u03bf\u03b3\u03bf\u03b9, Palais d\u2019 I\u00e9na, Paris, 1994: \u201cJust painting, ARTFORUM VILKA Gallery, Thessaloniki,<br \/>\n1997: \u201cMontrouge \u2013 Ath\u00e9nes\u2026.\u201d, 42o Salon de Montrouge, France, 1999: ART ATHINA, Athens, 2000: ART ATHINA, Athens, 2003: ARTFORUM<br \/>\nVILKA Gallery, Thessaloniki, 2003: \u201cMirrors Music- History Conscience\u201d, Sarantopoulou Mills, Athens, 2004: \u201cIn the beginning was fire\u201d, YIAYIANNOS<br \/>\nGALLERY, Athens, 2006: Art Shanghai, Shanghai, 2007: \u201cVisual Art in Greece\u201d, State Museum of Contemporary Art, Thessaloniki, 2008: \u201cCollage\u201d<br \/>\nState Museum of Contemporary Art, Thessaloniki, \u201cTopos\u201d, Macedonian Museum of Contemporary Art, Thessaloniki, 2008: ART ATHINA, Athens,<br \/>\n2009: ART ATHINA, Athens, 2010: ART ATHINA, Athens, 2011: The George Economou Collection, Municipal Gallery of Athens, Athens,<br \/>\n2012: City Hall Piraeus, Piraeus, 2013 : \u201cTribute to professor D. Kokkinidis\u201d, National Bank Cultural Foundation, Athens, 2015: &#8220;Professors of Fine Art School&#8221;<br \/>\nState Museum of Contemporary Art, Thessaloniki<\/p>\n","protected":false},"excerpt":{"rendered":"<p>Cv YIANNIS FOKAS 1951: Born in Gianitsa, Greece 1973-1978 : Supreme School of Fine Arts, &hellip;<\/p>\n","protected":false},"author":2,"featured_media":0,"parent":2905,"menu_order":0,"comment_status":"closed","ping_status":"closed","template":"page-zwgrafoi.php","meta":{"ngg_post_thumbnail":0,"footnotes":""},"class_list":["post-27228","page","type-page","status-publish","hentry"],"yoast_head":"<!-- This site is optimized with the Yoast SEO plugin v27.2 - https:\/\/yoast.com\/product\/yoast-seo-wordpress\/ -->\n<title>Yiannis Fokas Profile at Ikastikos Kiklos Sianti Gallery<\/title>\n<meta name=\"description\" content=\"Yiannis Fokas Profile at Ikastikos Kiklos Sianti Gallery.\" \/>\n<meta name=\"robots\" content=\"index, follow, max-snippet:-1, max-image-preview:large, max-video-preview:-1\" \/>\n<link rel=\"canonical\" href=\"https:\/\/ikastikos-kiklos.com\/en\/painters\/fokas-yiannis\/\" \/>\n<meta property=\"og:locale\" content=\"en_US\" \/>\n<meta property=\"og:type\" content=\"article\" \/>\n<meta property=\"og:title\" content=\"Yiannis Fokas Profile at Ikastikos Kiklos Sianti Gallery\" \/>\n<meta property=\"og:description\" content=\"Yiannis Fokas Profile at Ikastikos Kiklos Sianti Gallery.\" \/>\n<meta property=\"og:url\" content=\"https:\/\/ikastikos-kiklos.com\/en\/painters\/fokas-yiannis\/\" \/>\n<meta property=\"og:site_name\" content=\"Ikastikos Kiklos - Zografik\u00ed - Metaxotyp\u00edes - T\u00e9chniPainting - Silk Screen - Art\" \/>\n<meta property=\"article:publisher\" content=\"https:\/\/www.facebook.com\/ikastikoskiklossianti\/\" \/>\n<meta name=\"twitter:card\" content=\"summary_large_image\" \/>\n<meta name=\"twitter:label1\" content=\"Est. reading time\" \/>\n\t<meta name=\"twitter:data1\" content=\"2 minutes\" \/>\n<script type=\"application\/ld+json\" class=\"yoast-schema-graph\">{\"@context\":\"https:\/\/schema.org\",\"@graph\":[{\"@type\":\"WebPage\",\"@id\":\"https:\/\/ikastikos-kiklos.com\/en\/painters\/fokas-yiannis\/\",\"url\":\"https:\/\/ikastikos-kiklos.com\/en\/painters\/fokas-yiannis\/\",\"name\":\"Yiannis Fokas Profile at Ikastikos Kiklos Sianti Gallery\",\"isPartOf\":{\"@id\":\"https:\/\/ikastikos-kiklos.com\/en\/#website\"},\"datePublished\":\"2020-07-15T12:15:02+00:00\",\"description\":\"Yiannis Fokas Profile at Ikastikos Kiklos Sianti Gallery.\",\"breadcrumb\":{\"@id\":\"https:\/\/ikastikos-kiklos.com\/en\/painters\/fokas-yiannis\/#breadcrumb\"},\"inLanguage\":\"en-US\",\"potentialAction\":[{\"@type\":\"ReadAction\",\"target\":[\"https:\/\/ikastikos-kiklos.com\/en\/painters\/fokas-yiannis\/\"]}]},{\"@type\":\"BreadcrumbList\",\"@id\":\"https:\/\/ikastikos-kiklos.com\/en\/painters\/fokas-yiannis\/#breadcrumb\",\"itemListElement\":[{\"@type\":\"ListItem\",\"position\":1,\"name\":\"Home\",\"item\":\"https:\/\/ikastikos-kiklos.com\/en\/\"},{\"@type\":\"ListItem\",\"position\":2,\"name\":\"Painters\",\"item\":\"https:\/\/ikastikos-kiklos.com\/en\/painters\/\"},{\"@type\":\"ListItem\",\"position\":3,\"name\":\"Fokas Yiannis\"}]},{\"@type\":\"WebSite\",\"@id\":\"https:\/\/ikastikos-kiklos.com\/en\/#website\",\"url\":\"https:\/\/ikastikos-kiklos.com\/en\/\",\"name\":\"Ikastikos Kiklos - Zografik\u00ed - Metaxotyp\u00edes - T\u00e9chniPainting - Silk Screen - Art\",\"description\":\"\",\"publisher\":{\"@id\":\"https:\/\/ikastikos-kiklos.com\/en\/#organization\"},\"potentialAction\":[{\"@type\":\"SearchAction\",\"target\":{\"@type\":\"EntryPoint\",\"urlTemplate\":\"https:\/\/ikastikos-kiklos.com\/en\/?s={search_term_string}\"},\"query-input\":{\"@type\":\"PropertyValueSpecification\",\"valueRequired\":true,\"valueName\":\"search_term_string\"}}],\"inLanguage\":\"en-US\"},{\"@type\":\"Organization\",\"@id\":\"https:\/\/ikastikos-kiklos.com\/en\/#organization\",\"name\":\"Ikastikos Kiklos - Zografik\u00ed - Metaxotyp\u00edes - T\u00e9chniPainting - Silk Screen - Art\",\"url\":\"https:\/\/ikastikos-kiklos.com\/en\/\",\"logo\":{\"@type\":\"ImageObject\",\"inLanguage\":\"en-US\",\"@id\":\"https:\/\/ikastikos-kiklos.com\/en\/#\/schema\/logo\/image\/\",\"url\":\"https:\/\/ikastikos-kiklos.com\/wp-content\/uploads\/2022\/10\/cropped-favicon_ikastikos.png\",\"contentUrl\":\"https:\/\/ikastikos-kiklos.com\/wp-content\/uploads\/2022\/10\/cropped-favicon_ikastikos.png\",\"width\":512,\"height\":512,\"caption\":\"Ikastikos Kiklos - Zografik\u00ed - Metaxotyp\u00edes - T\u00e9chniPainting - Silk Screen - Art\"},\"image\":{\"@id\":\"https:\/\/ikastikos-kiklos.com\/en\/#\/schema\/logo\/image\/\"},\"sameAs\":[\"https:\/\/www.facebook.com\/ikastikoskiklossianti\/\"]}]}<\/script>\n<!-- \/ Yoast SEO plugin. -->","yoast_head_json":{"title":"Yiannis Fokas Profile at Ikastikos Kiklos Sianti Gallery","description":"Yiannis Fokas Profile at Ikastikos Kiklos Sianti Gallery.","robots":{"index":"index","follow":"follow","max-snippet":"max-snippet:-1","max-image-preview":"max-image-preview:large","max-video-preview":"max-video-preview:-1"},"canonical":"https:\/\/ikastikos-kiklos.com\/en\/painters\/fokas-yiannis\/","og_locale":"en_US","og_type":"article","og_title":"Yiannis Fokas Profile at Ikastikos Kiklos Sianti Gallery","og_description":"Yiannis Fokas Profile at Ikastikos Kiklos Sianti Gallery.","og_url":"https:\/\/ikastikos-kiklos.com\/en\/painters\/fokas-yiannis\/","og_site_name":"Ikastikos Kiklos - Zografik\u00ed - Metaxotyp\u00edes - T\u00e9chniPainting - Silk Screen - Art","article_publisher":"https:\/\/www.facebook.com\/ikastikoskiklossianti\/","twitter_card":"summary_large_image","twitter_misc":{"Est. reading time":"2 minutes"},"schema":{"@context":"https:\/\/schema.org","@graph":[{"@type":"WebPage","@id":"https:\/\/ikastikos-kiklos.com\/en\/painters\/fokas-yiannis\/","url":"https:\/\/ikastikos-kiklos.com\/en\/painters\/fokas-yiannis\/","name":"Yiannis Fokas Profile at Ikastikos Kiklos Sianti Gallery","isPartOf":{"@id":"https:\/\/ikastikos-kiklos.com\/en\/#website"},"datePublished":"2020-07-15T12:15:02+00:00","description":"Yiannis Fokas Profile at Ikastikos Kiklos Sianti Gallery.","breadcrumb":{"@id":"https:\/\/ikastikos-kiklos.com\/en\/painters\/fokas-yiannis\/#breadcrumb"},"inLanguage":"en-US","potentialAction":[{"@type":"ReadAction","target":["https:\/\/ikastikos-kiklos.com\/en\/painters\/fokas-yiannis\/"]}]},{"@type":"BreadcrumbList","@id":"https:\/\/ikastikos-kiklos.com\/en\/painters\/fokas-yiannis\/#breadcrumb","itemListElement":[{"@type":"ListItem","position":1,"name":"Home","item":"https:\/\/ikastikos-kiklos.com\/en\/"},{"@type":"ListItem","position":2,"name":"Painters","item":"https:\/\/ikastikos-kiklos.com\/en\/painters\/"},{"@type":"ListItem","position":3,"name":"Fokas Yiannis"}]},{"@type":"WebSite","@id":"https:\/\/ikastikos-kiklos.com\/en\/#website","url":"https:\/\/ikastikos-kiklos.com\/en\/","name":"Ikastikos Kiklos - Zografik\u00ed - Metaxotyp\u00edes - T\u00e9chniPainting - Silk Screen - Art","description":"","publisher":{"@id":"https:\/\/ikastikos-kiklos.com\/en\/#organization"},"potentialAction":[{"@type":"SearchAction","target":{"@type":"EntryPoint","urlTemplate":"https:\/\/ikastikos-kiklos.com\/en\/?s={search_term_string}"},"query-input":{"@type":"PropertyValueSpecification","valueRequired":true,"valueName":"search_term_string"}}],"inLanguage":"en-US"},{"@type":"Organization","@id":"https:\/\/ikastikos-kiklos.com\/en\/#organization","name":"Ikastikos Kiklos - Zografik\u00ed - Metaxotyp\u00edes - T\u00e9chniPainting - Silk Screen - Art","url":"https:\/\/ikastikos-kiklos.com\/en\/","logo":{"@type":"ImageObject","inLanguage":"en-US","@id":"https:\/\/ikastikos-kiklos.com\/en\/#\/schema\/logo\/image\/","url":"https:\/\/ikastikos-kiklos.com\/wp-content\/uploads\/2022\/10\/cropped-favicon_ikastikos.png","contentUrl":"https:\/\/ikastikos-kiklos.com\/wp-content\/uploads\/2022\/10\/cropped-favicon_ikastikos.png","width":512,"height":512,"caption":"Ikastikos Kiklos - Zografik\u00ed - Metaxotyp\u00edes - T\u00e9chniPainting - Silk Screen - Art"},"image":{"@id":"https:\/\/ikastikos-kiklos.com\/en\/#\/schema\/logo\/image\/"},"sameAs":["https:\/\/www.facebook.com\/ikastikoskiklossianti\/"]}]}},"_links":{"self":[{"href":"https:\/\/ikastikos-kiklos.com\/en\/wp-json\/wp\/v2\/pages\/27228","targetHints":{"allow":["GET"]}}],"collection":[{"href":"https:\/\/ikastikos-kiklos.com\/en\/wp-json\/wp\/v2\/pages"}],"about":[{"href":"https:\/\/ikastikos-kiklos.com\/en\/wp-json\/wp\/v2\/types\/page"}],"author":[{"embeddable":true,"href":"https:\/\/ikastikos-kiklos.com\/en\/wp-json\/wp\/v2\/users\/2"}],"replies":[{"embeddable":true,"href":"https:\/\/ikastikos-kiklos.com\/en\/wp-json\/wp\/v2\/comments?post=27228"}],"version-history":[{"count":0,"href":"https:\/\/ikastikos-kiklos.com\/en\/wp-json\/wp\/v2\/pages\/27228\/revisions"}],"up":[{"embeddable":true,"href":"https:\/\/ikastikos-kiklos.com\/en\/wp-json\/wp\/v2\/pages\/2905"}],"wp:attachment":[{"href":"https:\/\/ikastikos-kiklos.com\/en\/wp-json\/wp\/v2\/media?parent=27228"}],"curies":[{"name":"wp","href":"https:\/\/api.w.org\/{rel}","templated":true}]}}