{"id":26885,"date":"2020-07-06T09:46:43","date_gmt":"2020-07-06T06:46:43","guid":{"rendered":"https:\/\/ikastikos-kiklos.com\/?page_id=26885"},"modified":"2020-07-06T09:50:07","modified_gmt":"2020-07-06T06:50:07","slug":"christos-antonaropoulos-blue-lights-emotions-stories","status":"publish","type":"page","link":"https:\/\/ikastikos-kiklos.com\/en\/christos-antonaropoulos-blue-lights-emotions-stories\/","title":{"rendered":"Exhibition &#8220;BLUE lights, emotions, stories&#8221; &#8211; Christos Antonaropoulos"},"content":{"rendered":"<div class=\"wpb-content-wrapper\"><p>[vc_row css=&#8221;.vc_custom_1569353457842{background-color: #ffffff !important;}&#8221;][vc_column width=&#8221;2\/3&#8243;][vc_empty_space height=&#8221;30px&#8221;][vc_single_image image=&#8221;23901&#8243; img_size=&#8221;full&#8221; alignment=&#8221;center&#8221; onclick=&#8221;img_link_large&#8221; img_link_target=&#8221;_blank&#8221; css_animation=&#8221;none&#8221;][vc_empty_space height=&#8221;25px&#8221;][vc_custom_heading text=&#8221;Christos Antonaropoulos &#8211; BLUE lights, emotions, stories&#8221; google_fonts=&#8221;font_family:Open%20Sans%3A300%2C300italic%2Cregular%2Citalic%2C600%2C600italic%2C700%2C700italic%2C800%2C800italic|font_style:400%20regular%3A400%3Anormal&#8221;][vc_custom_heading text=&#8221;Duration till November 2&#8243; font_container=&#8221;tag:h3|text_align:left&#8221; google_fonts=&#8221;font_family:Open%20Sans%3A300%2C300italic%2Cregular%2Citalic%2C600%2C600italic%2C700%2C700italic%2C800%2C800italic|font_style:400%20regular%3A400%3Anormal&#8221;][vc_separator][vc_custom_heading text=&#8221;Read more about the exhibition&#8221; font_container=&#8221;tag:h4|text_align:left&#8221; google_fonts=&#8221;font_family:Open%20Sans%3A300%2C300italic%2Cregular%2Citalic%2C600%2C600italic%2C700%2C700italic%2C800%2C800italic|font_style:400%20regular%3A400%3Anormal&#8221;][vc_column_text]From&nbsp;<b>Thursday, October 10 until Saturday, November 2<\/b>,&nbsp;<b>Ikastikos Kiklos Sianti Gallery<\/b>&nbsp;will be hosting more than ten creations by&nbsp;<a href=\"https:\/\/ikastikos-kiklos.com\/en\/painters\/antonaropoulos-christos\/\"><b>Christos Antonaropoulos<\/b><\/a>, presented in a personal exhibition under the title&nbsp;<b>\u201c<\/b><b>Blue lights, emotions, stories\u201d.<\/b><\/p>\n<p>The artist\u2019s intense symbolisms are underlined by metal, plexiglass and led lighting. Inspired by mythology and Art History, Christos Antonaropoulos takes us on a tour through his unique, personal world, using light as his main element with an expressionistic, pop disposition.<\/p>\n<p>The exhibition is a follow-up of the artist\u2019s successful participation in&nbsp;<strong>Art Athina 2019<\/strong>, where he presented his works&nbsp;<b>\u00abRusty Rembrandt\u00bb<\/b>&nbsp;and&nbsp;<b>\u00abCaptive Caryatid\u00bb&nbsp;<\/b>at Booth E6 of&nbsp;<strong>Ikastikos Kiklos Sianti Gallery<\/strong>.<\/p>\n<p>&nbsp;[\/vc_column_text][vc_empty_space height=&#8221;25px&#8221;][vc_separator][vc_custom_heading text=&#8221;See photo gallery from the opening night:&#8221; font_container=&#8221;tag:h4|text_align:left&#8221; google_fonts=&#8221;font_family:Open%20Sans%3A300%2C300italic%2Cregular%2Citalic%2C600%2C600italic%2C700%2C700italic%2C800%2C800italic|font_style:400%20regular%3A400%3Anormal&#8221;][vc_column_text]<\/p>\n<p>ngg_shortcode_0_placeholder[\/vc_column_text][vc_column_text]<a href=\"https:\/\/ikastikos-kiklos.com\/en\/cv\/#vassiliki\"><strong>Vasiliki Sianti<\/strong><\/a>, Managing Director of the Ikastikos Kiklos <strong>Sianti Gallery<\/strong>, expresses her enthusiasm for this particular exhibition, stating:<\/p>\n<p><i>\u201cEven though I have come to know Christos Antonaropoulos only recently, I dare say he is&nbsp;<\/i><b><i>an artist of the soul<\/i><\/b><i>, with a deep love for what he is doing. I was especially impressed by his love for the baroque artists of the 16<\/i><i>th<\/i><i>&nbsp;and the 17<\/i><i>th<\/i><i> century.&nbsp;<\/i><i>As he himself describes it, he is inspired by the&nbsp;<\/i><b><i>\u2018light\u2019<\/i><\/b><i>&nbsp;in their work and he aspires to present this beauty of the light in his own, unique way. His works have a special&nbsp;<\/i><b><i>glow&nbsp;<\/i><\/b><i>of their own, but sometimes they also transmit a kind of&nbsp;<\/i><b><i>sweet melancholy<\/i><\/b><i>, as he has revealed to me during our discussions.&nbsp; <\/i><i>The artist uses&nbsp;<\/i><b><i>\u2018blue\u2019<\/i><\/b><i>&nbsp;(one of most famous colors in art) in order to transmit to the viewer the&nbsp;<\/i><b><i>sense of light<\/i><\/b><i>&nbsp;in a&nbsp;<\/i><b><i>magical way. <\/i><\/b><i>During the&nbsp;<a href=\"https:\/\/ikastikos-kiklos.com\/en\/ikastikos-kiklos-sianti-at-art-athina-2019\/\">Art Athina 2019<\/a>, I had the honor of presenting his work, which gave me the opportunity to draw from his creations as much energy as I could. I also had the joy of sharing with Christos our&nbsp;<\/i><b><i>common love for Art History<\/i><\/b><i>, as well as our&nbsp;<\/i><b><i>common goal of transfusing this love to the public in a contemporary point of view.\u201d<\/i><\/b>[\/vc_column_text][vc_empty_space height=&#8221;25px&#8221;][vc_separator][vc_custom_heading text=&#8221;Watch video from the opening night:&#8221; font_container=&#8221;tag:h4|text_align:left&#8221; google_fonts=&#8221;font_family:Open%20Sans%3A300%2C300italic%2Cregular%2Citalic%2C600%2C600italic%2C700%2C700italic%2C800%2C800italic|font_style:400%20regular%3A400%3Anormal&#8221;][vc_column_text]<iframe loading=\"lazy\" src=\"https:\/\/www.youtube.com\/embed\/aTNdDIcwcCE\" width=\"880\" height=\"495\" frameborder=\"0\" allowfullscreen=\"allowfullscreen\"><\/iframe>[\/vc_column_text][vc_empty_space height=&#8221;25px&#8221;][\/vc_column][vc_column width=&#8221;1\/3&#8243; css=&#8221;.vc_custom_1506373833697{background-color: #f2f2f2 !important;}&#8221;][vc_empty_space height=&#8221;30px&#8221;][vc_custom_heading text=&#8221;See the Works presented at the Exhibition:&#8221; font_container=&#8221;tag:h4|text_align:center&#8221; google_fonts=&#8221;font_family:Open%20Sans%3A300%2C300italic%2Cregular%2Citalic%2C600%2C600italic%2C700%2C700italic%2C800%2C800italic|font_style:400%20regular%3A400%3Anormal&#8221;][vc_empty_space height=&#8221;30px&#8221;]<div class=\"nm-banner-slider slider-type-boxed slick-slider slick-controls-gray slick-dots-disabled\" data-arrows=\"true\" data-autoplay=\"true\" data-autoplay-speed=\"1500\" data-infinite=\"true\">\n\t\t\t<div class=\"nm-banner content-full image-type-fluid text-color-dark\" style=\"\"><img decoding=\"async\" src=\"https:\/\/ikastikos-kiklos.com\/wp-content\/uploads\/2019\/11\/\u03a4\u0396\u039f\u039a\u039f\u039d\u03a4\u0391.jpg\" alt=\"\u03a4\u0396\u039f\u039a\u039f\u039d\u03a4\u0391\" \/>\n\t\t\t<\/div>\n\t\t\t<div class=\"nm-banner content-full image-type-fluid text-color-dark\" style=\"\"><img decoding=\"async\" src=\"https:\/\/ikastikos-kiklos.com\/wp-content\/uploads\/2019\/11\/\u039c\u0395\u0393\u0391\u03a3-\u0391\u039b\u0395\u039e\u0391\u039d\u0394\u03a1\u039f\u03a3.jpg\" alt=\"\u039c\u0395\u0393\u0391\u03a3-\u0391\u039b\u0395\u039e\u0391\u039d\u0394\u03a1\u039f\u03a3\" \/>\n\t\t\t<\/div>\n\t\t\t<div class=\"nm-banner content-full image-type-fluid text-color-dark\" style=\"\"><img decoding=\"async\" src=\"https:\/\/ikastikos-kiklos.com\/wp-content\/uploads\/2019\/11\/MERILYN.jpg\" alt=\"MERILYN\" \/>\n\t\t\t<\/div><\/div>[vc_empty_space height=&#8221;30px&#8221;][vc_separator][vc_custom_heading text=&#8221;Useful information about the Exhibition:&#8221; font_container=&#8221;tag:h4|text_align:center&#8221; google_fonts=&#8221;font_family:Open%20Sans%3A300%2C300italic%2Cregular%2Citalic%2C600%2C600italic%2C700%2C700italic%2C800%2C800italic|font_style:400%20regular%3A400%3Anormal&#8221;][vc_column_text]<\/p>\n<p style=\"text-align: center;\"><strong>Duration: <\/strong>till November 2<br \/>\n<strong>Operating Hours: <\/strong>Tuesday-Thursday-Friday 10:00-20:00, Wednesday 10:00-15:00, Saturday 10:00-16:00<strong><br \/>\nAddress: <\/strong>2 Leof. Vasileios &amp; Michalokopoulou, Athens<\/p>\n<p>[\/vc_column_text][vc_empty_space height=&#8221;30px&#8221;]\n\t\t\t<div class=\"nm_btn_align_center\">\n\t\t\t\t<a href=\"https:\/\/issuu.com\/ikastikoskiklossianti\/docs\/issuu_antonaro\" class=\"nm_btn nm_btn_lg nm_btn_filled\">\n\t\t\t\t\t<span class=\"nm_btn_title\">See exhibition&#039;s catalogue<\/span>\n\t\t\t\t\t<span class=\"nm_btn_bg\"><\/span>\n\t\t\t\t<\/a>\n\t\t\t<\/div>[vc_empty_space height=&#8221;50px&#8221;][vc_single_image image=&#8221;26892&#8243; img_size=&#8221;large&#8221;][vc_separator][vc_empty_space height=&#8221;50px&#8221;][vc_empty_space height=&#8221;50px&#8221;][vc_empty_space height=&#8221;50px&#8221;][vc_empty_space height=&#8221;50px&#8221;][\/vc_column][\/vc_row][vc_row type=&#8221;full-nopad&#8221;][vc_column][vc_empty_space height=&#8221;25px&#8221;][vc_column_text]<iframe loading=\"lazy\" style=\"border: 0;\" src=\"https:\/\/www.google.com\/maps\/embed?pb=!1m14!1m8!1m3!1d12580.474045613635!2d23.7501733!3d37.9743635!3m2!1i1024!2i768!4f13.1!3m3!1m2!1s0x0%3A0x564d5da3e3234fed!2zzpXOuc66zrHPg8-EzrnOus-Mz4IgzprPjc66zrvOv8-C!5e0!3m2!1sen!2sus!4v1480363720394\" width=\"100%\" height=\"375\" frameborder=\"0\" allowfullscreen=\"allowfullscreen\"><\/iframe>[\/vc_column_text][vc_empty_space][\/vc_column][\/vc_row]<\/p>\n<\/div>","protected":false},"excerpt":{"rendered":"<p>[vc_row css=&#8221;.vc_custom_1569353457842{background-color: #ffffff !important;}&#8221;][vc_column width=&#8221;2\/3&#8243;][vc_empty_space height=&#8221;30px&#8221;][vc_single_image image=&#8221;23901&#8243; img_size=&#8221;full&#8221; alignment=&#8221;center&#8221; onclick=&#8221;img_link_large&#8221; img_link_target=&#8221;_blank&#8221; css_animation=&#8221;none&#8221;][vc_empty_space height=&#8221;25px&#8221;][vc_custom_heading text=&#8221;Christos Antonaropoulos &hellip;<\/p>\n","protected":false},"author":3,"featured_media":0,"parent":0,"menu_order":0,"comment_status":"closed","ping_status":"closed","template":"page-full.php","meta":{"ngg_post_thumbnail":0,"footnotes":""},"class_list":["post-26885","page","type-page","status-publish","hentry"],"yoast_head":"<!-- This site is optimized with the Yoast SEO plugin v27.2 - https:\/\/yoast.com\/product\/yoast-seo-wordpress\/ -->\n<title>Exhibition &quot;BLUE lights, emotions, stories&quot; - Christos Antonaropoulos<\/title>\n<meta name=\"description\" content=\"Exhibition &quot;BLUE lights, emotions, stories&quot; - Christos Antonaropoulos\" \/>\n<meta name=\"robots\" content=\"index, follow, max-snippet:-1, max-image-preview:large, max-video-preview:-1\" \/>\n<link rel=\"canonical\" href=\"https:\/\/ikastikos-kiklos.com\/en\/christos-antonaropoulos-blue-lights-emotions-stories\/\" \/>\n<meta property=\"og:locale\" content=\"en_US\" \/>\n<meta property=\"og:type\" content=\"article\" \/>\n<meta property=\"og:title\" content=\"Exhibition &quot;BLUE lights, emotions, stories&quot; - Christos Antonaropoulos\" \/>\n<meta property=\"og:description\" content=\"Exhibition &quot;BLUE lights, emotions, stories&quot; - Christos Antonaropoulos\" \/>\n<meta property=\"og:url\" content=\"https:\/\/ikastikos-kiklos.com\/en\/christos-antonaropoulos-blue-lights-emotions-stories\/\" \/>\n<meta property=\"og:site_name\" content=\"Ikastikos Kiklos - Zografik\u00ed - Metaxotyp\u00edes - T\u00e9chniPainting - Silk Screen - Art\" \/>\n<meta property=\"article:publisher\" content=\"https:\/\/www.facebook.com\/ikastikoskiklossianti\/\" \/>\n<meta property=\"article:modified_time\" content=\"2020-07-06T06:50:07+00:00\" \/>\n<meta name=\"twitter:card\" content=\"summary_large_image\" \/>\n<meta name=\"twitter:label1\" content=\"Est. reading time\" \/>\n\t<meta name=\"twitter:data1\" content=\"4 minutes\" \/>\n<script type=\"application\/ld+json\" class=\"yoast-schema-graph\">{\"@context\":\"https:\/\/schema.org\",\"@graph\":[{\"@type\":\"WebPage\",\"@id\":\"https:\/\/ikastikos-kiklos.com\/en\/christos-antonaropoulos-blue-lights-emotions-stories\/\",\"url\":\"https:\/\/ikastikos-kiklos.com\/en\/christos-antonaropoulos-blue-lights-emotions-stories\/\",\"name\":\"Exhibition \\\"BLUE lights, emotions, stories\\\" - Christos Antonaropoulos\",\"isPartOf\":{\"@id\":\"https:\/\/ikastikos-kiklos.com\/en\/#website\"},\"datePublished\":\"2020-07-06T06:46:43+00:00\",\"dateModified\":\"2020-07-06T06:50:07+00:00\",\"description\":\"Exhibition \\\"BLUE lights, emotions, stories\\\" - Christos Antonaropoulos\",\"breadcrumb\":{\"@id\":\"https:\/\/ikastikos-kiklos.com\/en\/christos-antonaropoulos-blue-lights-emotions-stories\/#breadcrumb\"},\"inLanguage\":\"en-US\",\"potentialAction\":[{\"@type\":\"ReadAction\",\"target\":[\"https:\/\/ikastikos-kiklos.com\/en\/christos-antonaropoulos-blue-lights-emotions-stories\/\"]}]},{\"@type\":\"BreadcrumbList\",\"@id\":\"https:\/\/ikastikos-kiklos.com\/en\/christos-antonaropoulos-blue-lights-emotions-stories\/#breadcrumb\",\"itemListElement\":[{\"@type\":\"ListItem\",\"position\":1,\"name\":\"Home\",\"item\":\"https:\/\/ikastikos-kiklos.com\/en\/\"},{\"@type\":\"ListItem\",\"position\":2,\"name\":\"Exhibition &#8220;BLUE lights, emotions, stories&#8221; &#8211; Christos Antonaropoulos\"}]},{\"@type\":\"WebSite\",\"@id\":\"https:\/\/ikastikos-kiklos.com\/en\/#website\",\"url\":\"https:\/\/ikastikos-kiklos.com\/en\/\",\"name\":\"Ikastikos Kiklos - Zografik\u00ed - Metaxotyp\u00edes - T\u00e9chniPainting - Silk Screen - Art\",\"description\":\"\",\"publisher\":{\"@id\":\"https:\/\/ikastikos-kiklos.com\/en\/#organization\"},\"potentialAction\":[{\"@type\":\"SearchAction\",\"target\":{\"@type\":\"EntryPoint\",\"urlTemplate\":\"https:\/\/ikastikos-kiklos.com\/en\/?s={search_term_string}\"},\"query-input\":{\"@type\":\"PropertyValueSpecification\",\"valueRequired\":true,\"valueName\":\"search_term_string\"}}],\"inLanguage\":\"en-US\"},{\"@type\":\"Organization\",\"@id\":\"https:\/\/ikastikos-kiklos.com\/en\/#organization\",\"name\":\"Ikastikos Kiklos - Zografik\u00ed - Metaxotyp\u00edes - T\u00e9chniPainting - Silk Screen - Art\",\"url\":\"https:\/\/ikastikos-kiklos.com\/en\/\",\"logo\":{\"@type\":\"ImageObject\",\"inLanguage\":\"en-US\",\"@id\":\"https:\/\/ikastikos-kiklos.com\/en\/#\/schema\/logo\/image\/\",\"url\":\"https:\/\/ikastikos-kiklos.com\/wp-content\/uploads\/2022\/10\/cropped-favicon_ikastikos.png\",\"contentUrl\":\"https:\/\/ikastikos-kiklos.com\/wp-content\/uploads\/2022\/10\/cropped-favicon_ikastikos.png\",\"width\":512,\"height\":512,\"caption\":\"Ikastikos Kiklos - Zografik\u00ed - Metaxotyp\u00edes - T\u00e9chniPainting - Silk Screen - Art\"},\"image\":{\"@id\":\"https:\/\/ikastikos-kiklos.com\/en\/#\/schema\/logo\/image\/\"},\"sameAs\":[\"https:\/\/www.facebook.com\/ikastikoskiklossianti\/\"]}]}<\/script>\n<!-- \/ Yoast SEO plugin. -->","yoast_head_json":{"title":"Exhibition \"BLUE lights, emotions, stories\" - Christos Antonaropoulos","description":"Exhibition \"BLUE lights, emotions, stories\" - Christos Antonaropoulos","robots":{"index":"index","follow":"follow","max-snippet":"max-snippet:-1","max-image-preview":"max-image-preview:large","max-video-preview":"max-video-preview:-1"},"canonical":"https:\/\/ikastikos-kiklos.com\/en\/christos-antonaropoulos-blue-lights-emotions-stories\/","og_locale":"en_US","og_type":"article","og_title":"Exhibition \"BLUE lights, emotions, stories\" - Christos Antonaropoulos","og_description":"Exhibition \"BLUE lights, emotions, stories\" - Christos Antonaropoulos","og_url":"https:\/\/ikastikos-kiklos.com\/en\/christos-antonaropoulos-blue-lights-emotions-stories\/","og_site_name":"Ikastikos Kiklos - Zografik\u00ed - Metaxotyp\u00edes - T\u00e9chniPainting - Silk Screen - Art","article_publisher":"https:\/\/www.facebook.com\/ikastikoskiklossianti\/","article_modified_time":"2020-07-06T06:50:07+00:00","twitter_card":"summary_large_image","twitter_misc":{"Est. reading time":"4 minutes"},"schema":{"@context":"https:\/\/schema.org","@graph":[{"@type":"WebPage","@id":"https:\/\/ikastikos-kiklos.com\/en\/christos-antonaropoulos-blue-lights-emotions-stories\/","url":"https:\/\/ikastikos-kiklos.com\/en\/christos-antonaropoulos-blue-lights-emotions-stories\/","name":"Exhibition \"BLUE lights, emotions, stories\" - Christos Antonaropoulos","isPartOf":{"@id":"https:\/\/ikastikos-kiklos.com\/en\/#website"},"datePublished":"2020-07-06T06:46:43+00:00","dateModified":"2020-07-06T06:50:07+00:00","description":"Exhibition \"BLUE lights, emotions, stories\" - Christos Antonaropoulos","breadcrumb":{"@id":"https:\/\/ikastikos-kiklos.com\/en\/christos-antonaropoulos-blue-lights-emotions-stories\/#breadcrumb"},"inLanguage":"en-US","potentialAction":[{"@type":"ReadAction","target":["https:\/\/ikastikos-kiklos.com\/en\/christos-antonaropoulos-blue-lights-emotions-stories\/"]}]},{"@type":"BreadcrumbList","@id":"https:\/\/ikastikos-kiklos.com\/en\/christos-antonaropoulos-blue-lights-emotions-stories\/#breadcrumb","itemListElement":[{"@type":"ListItem","position":1,"name":"Home","item":"https:\/\/ikastikos-kiklos.com\/en\/"},{"@type":"ListItem","position":2,"name":"Exhibition &#8220;BLUE lights, emotions, stories&#8221; &#8211; Christos Antonaropoulos"}]},{"@type":"WebSite","@id":"https:\/\/ikastikos-kiklos.com\/en\/#website","url":"https:\/\/ikastikos-kiklos.com\/en\/","name":"Ikastikos Kiklos - Zografik\u00ed - Metaxotyp\u00edes - T\u00e9chniPainting - Silk Screen - Art","description":"","publisher":{"@id":"https:\/\/ikastikos-kiklos.com\/en\/#organization"},"potentialAction":[{"@type":"SearchAction","target":{"@type":"EntryPoint","urlTemplate":"https:\/\/ikastikos-kiklos.com\/en\/?s={search_term_string}"},"query-input":{"@type":"PropertyValueSpecification","valueRequired":true,"valueName":"search_term_string"}}],"inLanguage":"en-US"},{"@type":"Organization","@id":"https:\/\/ikastikos-kiklos.com\/en\/#organization","name":"Ikastikos Kiklos - Zografik\u00ed - Metaxotyp\u00edes - T\u00e9chniPainting - Silk Screen - Art","url":"https:\/\/ikastikos-kiklos.com\/en\/","logo":{"@type":"ImageObject","inLanguage":"en-US","@id":"https:\/\/ikastikos-kiklos.com\/en\/#\/schema\/logo\/image\/","url":"https:\/\/ikastikos-kiklos.com\/wp-content\/uploads\/2022\/10\/cropped-favicon_ikastikos.png","contentUrl":"https:\/\/ikastikos-kiklos.com\/wp-content\/uploads\/2022\/10\/cropped-favicon_ikastikos.png","width":512,"height":512,"caption":"Ikastikos Kiklos - Zografik\u00ed - Metaxotyp\u00edes - T\u00e9chniPainting - Silk Screen - Art"},"image":{"@id":"https:\/\/ikastikos-kiklos.com\/en\/#\/schema\/logo\/image\/"},"sameAs":["https:\/\/www.facebook.com\/ikastikoskiklossianti\/"]}]}},"_links":{"self":[{"href":"https:\/\/ikastikos-kiklos.com\/en\/wp-json\/wp\/v2\/pages\/26885","targetHints":{"allow":["GET"]}}],"collection":[{"href":"https:\/\/ikastikos-kiklos.com\/en\/wp-json\/wp\/v2\/pages"}],"about":[{"href":"https:\/\/ikastikos-kiklos.com\/en\/wp-json\/wp\/v2\/types\/page"}],"author":[{"embeddable":true,"href":"https:\/\/ikastikos-kiklos.com\/en\/wp-json\/wp\/v2\/users\/3"}],"replies":[{"embeddable":true,"href":"https:\/\/ikastikos-kiklos.com\/en\/wp-json\/wp\/v2\/comments?post=26885"}],"version-history":[{"count":0,"href":"https:\/\/ikastikos-kiklos.com\/en\/wp-json\/wp\/v2\/pages\/26885\/revisions"}],"wp:attachment":[{"href":"https:\/\/ikastikos-kiklos.com\/en\/wp-json\/wp\/v2\/media?parent=26885"}],"curies":[{"name":"wp","href":"https:\/\/api.w.org\/{rel}","templated":true}]}}