{"id":26616,"date":"2020-07-01T18:43:27","date_gmt":"2020-07-01T15:43:27","guid":{"rendered":"https:\/\/ikastikos-kiklos.com\/?page_id=26616"},"modified":"2020-07-01T19:12:29","modified_gmt":"2020-07-01T16:12:29","slug":"group-exhibition-blue-after-dark","status":"publish","type":"page","link":"https:\/\/ikastikos-kiklos.com\/en\/group-exhibition-blue-after-dark\/","title":{"rendered":"Group Exhibition \u2013 Blue after dark"},"content":{"rendered":"<div class=\"wpb-content-wrapper\"><p>[vc_row css=&#8221;.vc_custom_1569353457842{background-color: #ffffff !important;}&#8221;][vc_column width=&#8221;2\/3&#8243;][vc_single_image image=&#8221;26475&#8243; img_size=&#8221;full&#8221;][vc_custom_heading text=&#8221;Group Exhibition &#8211; &#8220;Blue after Dark&#8220;&#8221; google_fonts=&#8221;font_family:Open%20Sans%3A300%2C300italic%2Cregular%2Citalic%2C600%2C600italic%2C700%2C700italic%2C800%2C800italic|font_style:400%20regular%3A400%3Anormal&#8221;][vc_column_text]At <strong>Ikastikos Kiklos Sianti<\/strong>&nbsp;after the challenging period of the compulsory self-restriction, presenting the summer exhibition under the symbolic title&nbsp;<b>\u00abBlue after dark\u00bb<\/b>&nbsp;feels like a soft breeze is blowing within.<\/p>\n<p><span lang=\"EN-US\">On&nbsp;<b>Saturday<\/b>&nbsp;<b>27 June, between 10:00 and 16:00<\/b>, the artistic creations<\/span><em><b><span lang=\"EN-US\">&nbsp;<\/span><\/b><\/em><span lang=\"EN-US\">will remind us that right after the solid black, emerge the&nbsp;<b>explosions of the blue<\/b>, through the hints of the palette. Guided by the&nbsp;<b>paintings and the sculptures of modern Greek artists<\/b>, the audience travels from the soft mysterious azure of the sky to the deep enigmatic blue of the sea. <b>The tints and the illuminations in the creations acquire an oneiric and drifting&nbsp;<\/b><em><b>essence<\/b><\/em><b>, sometimes buoyant, full of energy, other times sensitively melancholic.<\/b>&nbsp;Unlike the cityscape that surrounds us, this exhibition serves as an oasis in the differentiated current reality.<\/span><\/p>\n<p>During the exhibition there will be presented paintings and sculptures of&nbsp;<strong>20&nbsp; significant artists<\/strong>:<em><strong>&nbsp;<a href=\"https:\/\/ikastikos-kiklos.com\/%ce%b6%cf%89%ce%b3%cf%81%ce%ac%cf%86%ce%bf%ce%b9\/cacao-rocks\/\">Cacao Rocks<\/a>,&nbsp;<a href=\"https:\/\/ikastikos-kiklos.com\/en\/painters\/valyrakis-yiannis\/\">Valirakis John<\/a>,&nbsp;<a href=\"https:\/\/ikastikos-kiklos.com\/en\/sculptors\/varotsos-kostas\/\">Varotsos Kostas<\/a>,&nbsp;<a href=\"https:\/\/ikastikos-kiklos.com\/en\/sculptors\/gavalas-stelios\/\">Gavalas Stelios<\/a>, Kana Irini,&nbsp;<a href=\"https:\/\/ikastikos-kiklos.com\/en\/painters\/kokkinidis-dimosthenis\/\">Kokkinidis Dimosthenis<\/a>,&nbsp;<a href=\"https:\/\/ikastikos-kiklos.com\/en\/painters\/koukos-dimitris\/\">Koukos Dimitris<\/a>, Michalos Kostas, Bathas Thanassis,&nbsp;<a href=\"https:\/\/ikastikos-kiklos.com\/en\/painters\/belivanaki-lila\/\">Belivanaki Lila<\/a>,&nbsp;<a href=\"https:\/\/ikastikos-kiklos.com\/en\/painters\/papaioannou-christina\/\">Papaioanou Christina<\/a>,&nbsp;<a href=\"https:\/\/ikastikos-kiklos.com\/en\/painters\/samios-pavlos\/\">Samios Pavlos<\/a>,&nbsp;<a href=\"https:\/\/ikastikos-kiklos.com\/en\/painters\/siagris-panagiotis-siagreece\/\">Siagris Panayiotis<\/a>,&nbsp;<a href=\"https:\/\/ikastikos-kiklos.com\/en\/painters\/sorogas-sotiris\/\">Sorogas Sotiris<\/a>, Spathoulas Alexandros,&nbsp;<a href=\"https:\/\/ikastikos-kiklos.com\/en\/painters\/spyriounis-kostas\/\">Spiriounis Kostas<\/a>,&nbsp;<a href=\"https:\/\/ikastikos-kiklos.com\/en\/painters\/tolis-konstantinos\/\">Tolis Konstantinos<\/a>,&nbsp;<a href=\"https:\/\/ikastikos-kiklos.com\/en\/painters\/tsoklis-kostas\/\">Tsoklis Kostas<\/a>, Chanioti Dimitra,&nbsp;<a href=\"https:\/\/ikastikos-kiklos.com\/en\/painters\/charos-manolis\/\">Charos Manolis<\/a>.<\/strong><\/em>[\/vc_column_text][vc_empty_space height=&#8221;30px&#8221;][vc_separator][vc_custom_heading text=&#8221;See snapshots from the opening of the exhibition&#8221; font_container=&#8221;tag:h4|text_align:left&#8221;][vc_column_text]<\/p>\n<p>ngg_shortcode_0_placeholder[\/vc_column_text][vc_column_text]<iframe loading=\"lazy\" src=\"https:\/\/www.youtube.com\/embed\/ESXRH8GuCBs\" width=\"560\" height=\"315\" frameborder=\"0\" allowfullscreen=\"allowfullscreen\"><\/iframe>[\/vc_column_text][vc_separator][\/vc_column][vc_column width=&#8221;1\/3&#8243; css=&#8221;.vc_custom_1506373833697{background-color: #f2f2f2 !important;}&#8221;][vc_empty_space height=&#8221;15px&#8221;]<div class=\"nm-banner-slider slider-type-boxed slick-slider slick-controls-gray slick-dots-disabled\" data-arrows=\"true\" data-autoplay=\"true\" data-autoplay-speed=\"3000\" >\n\t\t\t<div class=\"nm-banner content-full image-type-fluid text-color-dark\" style=\"\"><img decoding=\"async\" src=\"https:\/\/ikastikos-kiklos.com\/wp-content\/uploads\/2020\/06\/Vertigo-\u03c0\u03b1\u03bd\u03b1\u03b3\u03b9\u03ce\u03c4\u03b7\u03c2-\u03c3\u03b9\u03ac\u03b3\u03ba\u03c1\u03b7\u03c2.jpg\" alt=\"Vertigo-\u03c0\u03b1\u03bd\u03b1\u03b3\u03b9\u03ce\u03c4\u03b7\u03c2-\u03c3\u03b9\u03ac\u03b3\u03ba\u03c1\u03b7\u03c2\" \/>\n\t\t\t<\/div>\n\t\t\t<div class=\"nm-banner content-full image-type-fluid text-color-dark\" style=\"\"><img decoding=\"async\" src=\"https:\/\/ikastikos-kiklos.com\/wp-content\/uploads\/2020\/06\/FLOATING-ISLANDS-Painting-on-canvas-100x100cm.jpg\" alt=\"OLYMPUS DIGITAL CAMERA\" \/>\n\t\t\t<\/div>\n\t\t\t<div class=\"nm-banner content-full image-type-fluid text-color-dark\" style=\"\"><img decoding=\"async\" src=\"https:\/\/ikastikos-kiklos.com\/wp-content\/uploads\/2020\/06\/\u0392\u0391\u039b\u03a5\u03a1\u0391\u039a\u0397\u03a3.png\" alt=\"\u0392\u0391\u039b\u03a5\u03a1\u0391\u039a\u0397\u03a3\" \/>\n\t\t\t<\/div>\n\t\t\t<div class=\"nm-banner content-full image-type-fluid text-color-dark\" style=\"\"><img decoding=\"async\" src=\"https:\/\/ikastikos-kiklos.com\/wp-content\/uploads\/2020\/06\/\u039a\u03a5\u039a\u039b\u0391\u0394\u0395\u03a3.jpg\" alt=\"\u039a\u03a5\u039a\u039b\u0391\u0394\u0395\u03a3\" \/>\n\t\t\t<\/div><\/div>[vc_empty_space height=&#8221;30px&#8221;][vc_separator border_width=&#8221;2&#8243; accent_color=&#8221;#a5a5a5&#8243;][vc_custom_heading text=&#8221;Exhibition Information&#8221; font_container=&#8221;tag:h4|text_align:center&#8221; google_fonts=&#8221;font_family:Open%20Sans%3A300%2C300italic%2Cregular%2Citalic%2C600%2C600italic%2C700%2C700italic%2C800%2C800italic|font_style:400%20regular%3A400%3Anormal&#8221;][vc_column_text]<strong>Opening:<\/strong> Saturday 27 June 2020, 10.00 &#8211; 16.00<br \/>\n<strong>Duration: <\/strong>27 June &#8211; 31 July 2020<br \/>\n<strong>Address: <\/strong>2 Leof. Vasileos Alexandrou, Athens&nbsp;<\/p>\n<p><img loading=\"lazy\" decoding=\"async\" class=\"alignnone wp-image-2088\" src=\"https:\/\/ikastikos-kiklos.com\/wp-content\/uploads\/2015\/08\/1024px-Athens_Metro_Logo_svg.png\" alt=\"\" width=\"17\" height=\"17\" srcset=\"https:\/\/ikastikos-kiklos.com\/wp-content\/uploads\/2015\/08\/1024px-Athens_Metro_Logo_svg.png 1024w, https:\/\/ikastikos-kiklos.com\/wp-content\/uploads\/2015\/08\/1024px-Athens_Metro_Logo_svg-350x350.png 350w, https:\/\/ikastikos-kiklos.com\/wp-content\/uploads\/2015\/08\/1024px-Athens_Metro_Logo_svg-100x100.png 100w, https:\/\/ikastikos-kiklos.com\/wp-content\/uploads\/2015\/08\/1024px-Athens_Metro_Logo_svg-595x595.png 595w, https:\/\/ikastikos-kiklos.com\/wp-content\/uploads\/2015\/08\/1024px-Athens_Metro_Logo_svg-150x150.png 150w, https:\/\/ikastikos-kiklos.com\/wp-content\/uploads\/2015\/08\/1024px-Athens_Metro_Logo_svg-300x300.png 300w, https:\/\/ikastikos-kiklos.com\/wp-content\/uploads\/2015\/08\/1024px-Athens_Metro_Logo_svg-768x768.png 768w, https:\/\/ikastikos-kiklos.com\/wp-content\/uploads\/2015\/08\/1024px-Athens_Metro_Logo_svg-680x680.png 680w, https:\/\/ikastikos-kiklos.com\/wp-content\/uploads\/2015\/08\/1024px-Athens_Metro_Logo_svg-700x700.png 700w, https:\/\/ikastikos-kiklos.com\/wp-content\/uploads\/2015\/08\/1024px-Athens_Metro_Logo_svg-220x220.png 220w, https:\/\/ikastikos-kiklos.com\/wp-content\/uploads\/2015\/08\/1024px-Athens_Metro_Logo_svg-140x140.png 140w, https:\/\/ikastikos-kiklos.com\/wp-content\/uploads\/2015\/08\/1024px-Athens_Metro_Logo_svg-940x940.png 940w\" sizes=\"auto, (max-width: 17px) 100vw, 17px\" \/> METRO Evangelismos&nbsp;<\/p>\n<p style=\"text-align: center;\"><strong>Opening Hours:<br \/>\n<\/strong>Tuesday \u2013 Thursday &#8211; Friday 10:00-20:00<br \/>\nWednesday 10:00-15:00<br \/>\nSaturday 10:00-16:00<br \/>\nSunday &amp; Monday Closed<\/p>\n<p>[\/vc_column_text][vc_empty_space height=&#8221;50px&#8221;][vc_separator border_width=&#8221;2&#8243; accent_color=&#8221;#a5a5a5&#8243;][vc_empty_space height=&#8221;50px&#8221;]\n\t\t\t<div class=\"nm_btn_align_center\">\n\t\t\t\t<a href=\"https:\/\/www.facebook.com\/events\/739480766871003\/\" class=\"nm_btn nm_btn_lg nm_btn_filled\"target=\"_blank\">\n\t\t\t\t\t<span class=\"nm_btn_title\">VISIT THE EVENT<\/span>\n\t\t\t\t\t<span class=\"nm_btn_bg\" style=\"background-color:#1e73be;\"><\/span>\n\t\t\t\t<\/a>\n\t\t\t<\/div>[vc_empty_space height=&#8221;50px&#8221;][vc_separator border_width=&#8221;2&#8243; accent_color=&#8221;#a5a5a5&#8243;][vc_custom_heading text=&#8221;Exhibition&#8217;s Catalogue&#8221; link=&#8221;url:https%3A%2F%2Fissuu.com%2Fikastikoskiklossianti%2Fdocs%2Fe-blueafterdark||target:%20_blank|&#8221;][vc_single_image image=&#8221;26612&#8243; img_size=&#8221;medium&#8221; alignment=&#8221;center&#8221; onclick=&#8221;custom_link&#8221; link=&#8221;https:\/\/issuu.com\/ikastikoskiklossianti\/docs\/e-blueafterdark&#8221;][vc_separator border_width=&#8221;2&#8243; accent_color=&#8221;#a5a5a5&#8243;][\/vc_column][\/vc_row][vc_row type=&#8221;full-nopad&#8221;][vc_column][vc_empty_space height=&#8221;25px&#8221;][vc_column_text]<iframe loading=\"lazy\" style=\"border: 0;\" src=\"https:\/\/www.google.com\/maps\/embed?pb=!1m14!1m8!1m3!1d12580.474045613635!2d23.7501733!3d37.9743635!3m2!1i1024!2i768!4f13.1!3m3!1m2!1s0x0%3A0x564d5da3e3234fed!2zzpXOuc66zrHPg8-EzrnOus-Mz4IgzprPjc66zrvOv8-C!5e0!3m2!1sen!2sus!4v1480363720394\" width=\"100%\" height=\"375\" frameborder=\"0\" allowfullscreen=\"allowfullscreen\"><\/iframe>[\/vc_column_text][vc_empty_space][\/vc_column][\/vc_row]<\/p>\n<\/div>","protected":false},"excerpt":{"rendered":"<p>[vc_row css=&#8221;.vc_custom_1569353457842{background-color: #ffffff !important;}&#8221;][vc_column width=&#8221;2\/3&#8243;][vc_single_image image=&#8221;26475&#8243; img_size=&#8221;full&#8221;][vc_custom_heading text=&#8221;Group Exhibition &#8211; &#8220;Blue after Dark&#8220;&#8221; google_fonts=&#8221;font_family:Open%20Sans%3A300%2C300italic%2Cregular%2Citalic%2C600%2C600italic%2C700%2C700italic%2C800%2C800italic|font_style:400%20regular%3A400%3Anormal&#8221;][vc_column_text]At Ikastikos &hellip;<\/p>\n","protected":false},"author":3,"featured_media":0,"parent":0,"menu_order":0,"comment_status":"closed","ping_status":"closed","template":"page-full.php","meta":{"ngg_post_thumbnail":0,"footnotes":""},"class_list":["post-26616","page","type-page","status-publish","hentry"],"yoast_head":"<!-- This site is optimized with the Yoast SEO plugin v27.2 - https:\/\/yoast.com\/product\/yoast-seo-wordpress\/ -->\n<title>\u039f\u03bc\u03b1\u03b4\u03b9\u03ba\u03ae \u0388\u03ba\u03b8\u03b5\u03c3\u03b7 &quot;Blue after Dark&quot;<\/title>\n<meta name=\"description\" content=\"\u039f\u03bc\u03b1\u03b4\u03b9\u03ba\u03ae \u0388\u03ba\u03b8\u03b5\u03c3\u03b7 &quot;Blue after Dark&quot; \u0395\u03b3\u03ba\u03b1\u03af\u03bd\u03b9\u03b1 \u03a3\u03ac\u03b2\u03b2\u03b1\u03c4\u03bf 27 \u0399\u03bf\u03c5\u03bd\u03af\u03bf\u03c5. \u0394\u03b9\u03ac\u03c1\u03ba\u03b5\u03b9\u03b1 27 \u0399\u03bf\u03c5\u03bd\u03af\u03bf\u03c5 - 31 \u0399\u03bf\u03c5\u03bb\u03af\u03bf\u03c5\" \/>\n<meta name=\"robots\" content=\"index, follow, max-snippet:-1, max-image-preview:large, max-video-preview:-1\" \/>\n<link rel=\"canonical\" href=\"https:\/\/ikastikos-kiklos.com\/en\/group-exhibition-blue-after-dark\/\" \/>\n<meta property=\"og:locale\" content=\"en_US\" \/>\n<meta property=\"og:type\" content=\"article\" \/>\n<meta property=\"og:title\" content=\"\u039f\u03bc\u03b1\u03b4\u03b9\u03ba\u03ae \u0388\u03ba\u03b8\u03b5\u03c3\u03b7 &quot;Blue after Dark&quot;\" \/>\n<meta property=\"og:description\" content=\"\u039f\u03bc\u03b1\u03b4\u03b9\u03ba\u03ae \u0388\u03ba\u03b8\u03b5\u03c3\u03b7 &quot;Blue after Dark&quot; \u0395\u03b3\u03ba\u03b1\u03af\u03bd\u03b9\u03b1 \u03a3\u03ac\u03b2\u03b2\u03b1\u03c4\u03bf 27 \u0399\u03bf\u03c5\u03bd\u03af\u03bf\u03c5. \u0394\u03b9\u03ac\u03c1\u03ba\u03b5\u03b9\u03b1 27 \u0399\u03bf\u03c5\u03bd\u03af\u03bf\u03c5 - 31 \u0399\u03bf\u03c5\u03bb\u03af\u03bf\u03c5\" \/>\n<meta property=\"og:url\" content=\"https:\/\/ikastikos-kiklos.com\/en\/group-exhibition-blue-after-dark\/\" \/>\n<meta property=\"og:site_name\" content=\"Ikastikos Kiklos - Zografik\u00ed - Metaxotyp\u00edes - T\u00e9chniPainting - Silk Screen - Art\" \/>\n<meta property=\"article:publisher\" content=\"https:\/\/www.facebook.com\/ikastikoskiklossianti\/\" \/>\n<meta property=\"article:modified_time\" content=\"2020-07-01T16:12:29+00:00\" \/>\n<meta property=\"og:image\" content=\"https:\/\/ikastikos-kiklos.com\/wp-content\/uploads\/2015\/08\/1024px-Athens_Metro_Logo_svg.png\" \/>\n<meta name=\"twitter:card\" content=\"summary_large_image\" \/>\n<meta name=\"twitter:label1\" content=\"Est. reading time\" \/>\n\t<meta name=\"twitter:data1\" content=\"3 minutes\" \/>\n<script type=\"application\/ld+json\" class=\"yoast-schema-graph\">{\"@context\":\"https:\/\/schema.org\",\"@graph\":[{\"@type\":\"WebPage\",\"@id\":\"https:\/\/ikastikos-kiklos.com\/en\/group-exhibition-blue-after-dark\/\",\"url\":\"https:\/\/ikastikos-kiklos.com\/en\/group-exhibition-blue-after-dark\/\",\"name\":\"\u039f\u03bc\u03b1\u03b4\u03b9\u03ba\u03ae \u0388\u03ba\u03b8\u03b5\u03c3\u03b7 \\\"Blue after Dark\\\"\",\"isPartOf\":{\"@id\":\"https:\/\/ikastikos-kiklos.com\/en\/#website\"},\"primaryImageOfPage\":{\"@id\":\"https:\/\/ikastikos-kiklos.com\/en\/group-exhibition-blue-after-dark\/#primaryimage\"},\"image\":{\"@id\":\"https:\/\/ikastikos-kiklos.com\/en\/group-exhibition-blue-after-dark\/#primaryimage\"},\"thumbnailUrl\":\"https:\/\/ikastikos-kiklos.com\/wp-content\/uploads\/2015\/08\/1024px-Athens_Metro_Logo_svg.png\",\"datePublished\":\"2020-07-01T15:43:27+00:00\",\"dateModified\":\"2020-07-01T16:12:29+00:00\",\"description\":\"\u039f\u03bc\u03b1\u03b4\u03b9\u03ba\u03ae \u0388\u03ba\u03b8\u03b5\u03c3\u03b7 \\\"Blue after Dark\\\" \u0395\u03b3\u03ba\u03b1\u03af\u03bd\u03b9\u03b1 \u03a3\u03ac\u03b2\u03b2\u03b1\u03c4\u03bf 27 \u0399\u03bf\u03c5\u03bd\u03af\u03bf\u03c5. \u0394\u03b9\u03ac\u03c1\u03ba\u03b5\u03b9\u03b1 27 \u0399\u03bf\u03c5\u03bd\u03af\u03bf\u03c5 - 31 \u0399\u03bf\u03c5\u03bb\u03af\u03bf\u03c5\",\"breadcrumb\":{\"@id\":\"https:\/\/ikastikos-kiklos.com\/en\/group-exhibition-blue-after-dark\/#breadcrumb\"},\"inLanguage\":\"en-US\",\"potentialAction\":[{\"@type\":\"ReadAction\",\"target\":[\"https:\/\/ikastikos-kiklos.com\/en\/group-exhibition-blue-after-dark\/\"]}]},{\"@type\":\"ImageObject\",\"inLanguage\":\"en-US\",\"@id\":\"https:\/\/ikastikos-kiklos.com\/en\/group-exhibition-blue-after-dark\/#primaryimage\",\"url\":\"https:\/\/ikastikos-kiklos.com\/wp-content\/uploads\/2015\/08\/1024px-Athens_Metro_Logo_svg.png\",\"contentUrl\":\"https:\/\/ikastikos-kiklos.com\/wp-content\/uploads\/2015\/08\/1024px-Athens_Metro_Logo_svg.png\"},{\"@type\":\"BreadcrumbList\",\"@id\":\"https:\/\/ikastikos-kiklos.com\/en\/group-exhibition-blue-after-dark\/#breadcrumb\",\"itemListElement\":[{\"@type\":\"ListItem\",\"position\":1,\"name\":\"Home\",\"item\":\"https:\/\/ikastikos-kiklos.com\/en\/\"},{\"@type\":\"ListItem\",\"position\":2,\"name\":\"Group Exhibition \u2013 Blue after dark\"}]},{\"@type\":\"WebSite\",\"@id\":\"https:\/\/ikastikos-kiklos.com\/en\/#website\",\"url\":\"https:\/\/ikastikos-kiklos.com\/en\/\",\"name\":\"Ikastikos Kiklos - Zografik\u00ed - Metaxotyp\u00edes - T\u00e9chniPainting - Silk Screen - Art\",\"description\":\"\",\"publisher\":{\"@id\":\"https:\/\/ikastikos-kiklos.com\/en\/#organization\"},\"potentialAction\":[{\"@type\":\"SearchAction\",\"target\":{\"@type\":\"EntryPoint\",\"urlTemplate\":\"https:\/\/ikastikos-kiklos.com\/en\/?s={search_term_string}\"},\"query-input\":{\"@type\":\"PropertyValueSpecification\",\"valueRequired\":true,\"valueName\":\"search_term_string\"}}],\"inLanguage\":\"en-US\"},{\"@type\":\"Organization\",\"@id\":\"https:\/\/ikastikos-kiklos.com\/en\/#organization\",\"name\":\"Ikastikos Kiklos - Zografik\u00ed - Metaxotyp\u00edes - T\u00e9chniPainting - Silk Screen - Art\",\"url\":\"https:\/\/ikastikos-kiklos.com\/en\/\",\"logo\":{\"@type\":\"ImageObject\",\"inLanguage\":\"en-US\",\"@id\":\"https:\/\/ikastikos-kiklos.com\/en\/#\/schema\/logo\/image\/\",\"url\":\"https:\/\/ikastikos-kiklos.com\/wp-content\/uploads\/2022\/10\/cropped-favicon_ikastikos.png\",\"contentUrl\":\"https:\/\/ikastikos-kiklos.com\/wp-content\/uploads\/2022\/10\/cropped-favicon_ikastikos.png\",\"width\":512,\"height\":512,\"caption\":\"Ikastikos Kiklos - Zografik\u00ed - Metaxotyp\u00edes - T\u00e9chniPainting - Silk Screen - Art\"},\"image\":{\"@id\":\"https:\/\/ikastikos-kiklos.com\/en\/#\/schema\/logo\/image\/\"},\"sameAs\":[\"https:\/\/www.facebook.com\/ikastikoskiklossianti\/\"]}]}<\/script>\n<!-- \/ Yoast SEO plugin. -->","yoast_head_json":{"title":"\u039f\u03bc\u03b1\u03b4\u03b9\u03ba\u03ae \u0388\u03ba\u03b8\u03b5\u03c3\u03b7 \"Blue after Dark\"","description":"\u039f\u03bc\u03b1\u03b4\u03b9\u03ba\u03ae \u0388\u03ba\u03b8\u03b5\u03c3\u03b7 \"Blue after Dark\" \u0395\u03b3\u03ba\u03b1\u03af\u03bd\u03b9\u03b1 \u03a3\u03ac\u03b2\u03b2\u03b1\u03c4\u03bf 27 \u0399\u03bf\u03c5\u03bd\u03af\u03bf\u03c5. \u0394\u03b9\u03ac\u03c1\u03ba\u03b5\u03b9\u03b1 27 \u0399\u03bf\u03c5\u03bd\u03af\u03bf\u03c5 - 31 \u0399\u03bf\u03c5\u03bb\u03af\u03bf\u03c5","robots":{"index":"index","follow":"follow","max-snippet":"max-snippet:-1","max-image-preview":"max-image-preview:large","max-video-preview":"max-video-preview:-1"},"canonical":"https:\/\/ikastikos-kiklos.com\/en\/group-exhibition-blue-after-dark\/","og_locale":"en_US","og_type":"article","og_title":"\u039f\u03bc\u03b1\u03b4\u03b9\u03ba\u03ae \u0388\u03ba\u03b8\u03b5\u03c3\u03b7 \"Blue after Dark\"","og_description":"\u039f\u03bc\u03b1\u03b4\u03b9\u03ba\u03ae \u0388\u03ba\u03b8\u03b5\u03c3\u03b7 \"Blue after Dark\" \u0395\u03b3\u03ba\u03b1\u03af\u03bd\u03b9\u03b1 \u03a3\u03ac\u03b2\u03b2\u03b1\u03c4\u03bf 27 \u0399\u03bf\u03c5\u03bd\u03af\u03bf\u03c5. \u0394\u03b9\u03ac\u03c1\u03ba\u03b5\u03b9\u03b1 27 \u0399\u03bf\u03c5\u03bd\u03af\u03bf\u03c5 - 31 \u0399\u03bf\u03c5\u03bb\u03af\u03bf\u03c5","og_url":"https:\/\/ikastikos-kiklos.com\/en\/group-exhibition-blue-after-dark\/","og_site_name":"Ikastikos Kiklos - Zografik\u00ed - Metaxotyp\u00edes - T\u00e9chniPainting - Silk Screen - Art","article_publisher":"https:\/\/www.facebook.com\/ikastikoskiklossianti\/","article_modified_time":"2020-07-01T16:12:29+00:00","og_image":[{"url":"https:\/\/ikastikos-kiklos.com\/wp-content\/uploads\/2015\/08\/1024px-Athens_Metro_Logo_svg.png","type":"","width":"","height":""}],"twitter_card":"summary_large_image","twitter_misc":{"Est. reading time":"3 minutes"},"schema":{"@context":"https:\/\/schema.org","@graph":[{"@type":"WebPage","@id":"https:\/\/ikastikos-kiklos.com\/en\/group-exhibition-blue-after-dark\/","url":"https:\/\/ikastikos-kiklos.com\/en\/group-exhibition-blue-after-dark\/","name":"\u039f\u03bc\u03b1\u03b4\u03b9\u03ba\u03ae \u0388\u03ba\u03b8\u03b5\u03c3\u03b7 \"Blue after Dark\"","isPartOf":{"@id":"https:\/\/ikastikos-kiklos.com\/en\/#website"},"primaryImageOfPage":{"@id":"https:\/\/ikastikos-kiklos.com\/en\/group-exhibition-blue-after-dark\/#primaryimage"},"image":{"@id":"https:\/\/ikastikos-kiklos.com\/en\/group-exhibition-blue-after-dark\/#primaryimage"},"thumbnailUrl":"https:\/\/ikastikos-kiklos.com\/wp-content\/uploads\/2015\/08\/1024px-Athens_Metro_Logo_svg.png","datePublished":"2020-07-01T15:43:27+00:00","dateModified":"2020-07-01T16:12:29+00:00","description":"\u039f\u03bc\u03b1\u03b4\u03b9\u03ba\u03ae \u0388\u03ba\u03b8\u03b5\u03c3\u03b7 \"Blue after Dark\" \u0395\u03b3\u03ba\u03b1\u03af\u03bd\u03b9\u03b1 \u03a3\u03ac\u03b2\u03b2\u03b1\u03c4\u03bf 27 \u0399\u03bf\u03c5\u03bd\u03af\u03bf\u03c5. \u0394\u03b9\u03ac\u03c1\u03ba\u03b5\u03b9\u03b1 27 \u0399\u03bf\u03c5\u03bd\u03af\u03bf\u03c5 - 31 \u0399\u03bf\u03c5\u03bb\u03af\u03bf\u03c5","breadcrumb":{"@id":"https:\/\/ikastikos-kiklos.com\/en\/group-exhibition-blue-after-dark\/#breadcrumb"},"inLanguage":"en-US","potentialAction":[{"@type":"ReadAction","target":["https:\/\/ikastikos-kiklos.com\/en\/group-exhibition-blue-after-dark\/"]}]},{"@type":"ImageObject","inLanguage":"en-US","@id":"https:\/\/ikastikos-kiklos.com\/en\/group-exhibition-blue-after-dark\/#primaryimage","url":"https:\/\/ikastikos-kiklos.com\/wp-content\/uploads\/2015\/08\/1024px-Athens_Metro_Logo_svg.png","contentUrl":"https:\/\/ikastikos-kiklos.com\/wp-content\/uploads\/2015\/08\/1024px-Athens_Metro_Logo_svg.png"},{"@type":"BreadcrumbList","@id":"https:\/\/ikastikos-kiklos.com\/en\/group-exhibition-blue-after-dark\/#breadcrumb","itemListElement":[{"@type":"ListItem","position":1,"name":"Home","item":"https:\/\/ikastikos-kiklos.com\/en\/"},{"@type":"ListItem","position":2,"name":"Group Exhibition \u2013 Blue after dark"}]},{"@type":"WebSite","@id":"https:\/\/ikastikos-kiklos.com\/en\/#website","url":"https:\/\/ikastikos-kiklos.com\/en\/","name":"Ikastikos Kiklos - Zografik\u00ed - Metaxotyp\u00edes - T\u00e9chniPainting - Silk Screen - Art","description":"","publisher":{"@id":"https:\/\/ikastikos-kiklos.com\/en\/#organization"},"potentialAction":[{"@type":"SearchAction","target":{"@type":"EntryPoint","urlTemplate":"https:\/\/ikastikos-kiklos.com\/en\/?s={search_term_string}"},"query-input":{"@type":"PropertyValueSpecification","valueRequired":true,"valueName":"search_term_string"}}],"inLanguage":"en-US"},{"@type":"Organization","@id":"https:\/\/ikastikos-kiklos.com\/en\/#organization","name":"Ikastikos Kiklos - Zografik\u00ed - Metaxotyp\u00edes - T\u00e9chniPainting - Silk Screen - Art","url":"https:\/\/ikastikos-kiklos.com\/en\/","logo":{"@type":"ImageObject","inLanguage":"en-US","@id":"https:\/\/ikastikos-kiklos.com\/en\/#\/schema\/logo\/image\/","url":"https:\/\/ikastikos-kiklos.com\/wp-content\/uploads\/2022\/10\/cropped-favicon_ikastikos.png","contentUrl":"https:\/\/ikastikos-kiklos.com\/wp-content\/uploads\/2022\/10\/cropped-favicon_ikastikos.png","width":512,"height":512,"caption":"Ikastikos Kiklos - Zografik\u00ed - Metaxotyp\u00edes - T\u00e9chniPainting - Silk Screen - Art"},"image":{"@id":"https:\/\/ikastikos-kiklos.com\/en\/#\/schema\/logo\/image\/"},"sameAs":["https:\/\/www.facebook.com\/ikastikoskiklossianti\/"]}]}},"_links":{"self":[{"href":"https:\/\/ikastikos-kiklos.com\/en\/wp-json\/wp\/v2\/pages\/26616","targetHints":{"allow":["GET"]}}],"collection":[{"href":"https:\/\/ikastikos-kiklos.com\/en\/wp-json\/wp\/v2\/pages"}],"about":[{"href":"https:\/\/ikastikos-kiklos.com\/en\/wp-json\/wp\/v2\/types\/page"}],"author":[{"embeddable":true,"href":"https:\/\/ikastikos-kiklos.com\/en\/wp-json\/wp\/v2\/users\/3"}],"replies":[{"embeddable":true,"href":"https:\/\/ikastikos-kiklos.com\/en\/wp-json\/wp\/v2\/comments?post=26616"}],"version-history":[{"count":0,"href":"https:\/\/ikastikos-kiklos.com\/en\/wp-json\/wp\/v2\/pages\/26616\/revisions"}],"wp:attachment":[{"href":"https:\/\/ikastikos-kiklos.com\/en\/wp-json\/wp\/v2\/media?parent=26616"}],"curies":[{"name":"wp","href":"https:\/\/api.w.org\/{rel}","templated":true}]}}