{"id":26605,"date":"2020-07-01T16:01:53","date_gmt":"2020-07-01T13:01:53","guid":{"rendered":"https:\/\/ikastikos-kiklos.com\/painters\/cacao-rocks\/"},"modified":"2020-08-04T16:08:26","modified_gmt":"2020-08-04T13:08:26","slug":"cacao-rocks","status":"publish","type":"page","link":"https:\/\/ikastikos-kiklos.com\/en\/painters\/cacao-rocks\/","title":{"rendered":"Cacao Rocks"},"content":{"rendered":"<div class=\"wpb-content-wrapper\"><p>[vc_row][vc_column][vc_column_text]<\/p>\n<h1>Cacao Rocks<\/h1>\n<p>Cacao Rocks was born in Athens Greece in 1985. He grew up near the harbor of Piraeus, raised by a French mother and a Greek father. At the age of 12 he moved to the island of Corfu where he spends his adolescence. Back in 1999, hip hop, skateboard culture and the surroundings of the island influenced him and led him through to discover his passion in arts. That was the year he started experimenting with graffiti. In the same period of time a graffiti contest was held by Greenpeace in Corfu, in which he participated and won first prize. From that moment on until 2003 he was devoted to this form of art and created numerous graffiti pieces and lettering by using spray cans. In 2004 he moved back to study French Literature in the Philosophy School of Athens. Due to the fact that he had to commit to his studies he decided to make a pause in public space arts and constructed sculptures made off polyurethane, wool, wood and found objects. After an Interrail trip in Europe that gave him the urge to carry on as an urban artist, inspired in a great scale by the European scene, he started to craft street art again. Because of lack of resources, his materials this time were quite different. He used duck tapes and found objects in the streets in order to form installations and sculptures. In 2009 the Greek magazine FREE mentioned him as the new star of Greek Art. Meanwhile he started to experiment with video art. In addition to that one of his projects was rewarded in 2011 in the national film festival Shoot It with a scholarship in Focus School of Art, video and photography winning the first prize. Finding himself in a very productive period he started painting all over the city having spray cans used again as a media. All the while he created a blog in which he published a drawing every day in order to make a whole year calendar. He had exhibited his work in galleries and museums in Athens such as Benaki Museum and Onassis Art Foundation, in the UK, in Italy, in USA etc. and participated in Street art and Graffiti festivals in Greece and abroad. Additionally, international media were closely interested with his work such as New York Times, Reuters, The Huffington Post, BBC Channel, French TV Chanel France 3 and Arte and German TV channels as Das Erste and 3SAT.<\/p>\n<p>In 2016 he did his first solo shows at Dio Horia Gallery in Mykonos and Borgia- Art in Zurich. The same year he created the wallpaper for the WeTransfer website and started giving lectures at the University of Michigan and other educational institutes.<\/p>\n<p>Recently he was on the cover of National Geographic\u2019s Traveller issue which mentioned him as Graffiti Guru.<\/p>\n<p>&nbsp;<\/p>\n<p>&nbsp;<\/p>\n<p><strong>Education&nbsp; <\/strong><\/p>\n<p><em>2011-2012<\/em>: Studies in Video Art and Photography, Focus School of Art Photography, Athens, Greece. (scholarship)&nbsp;&nbsp;<\/p>\n<p><em>2010<\/em>: Bachelor degree in French Language and Literature, School of Philosophy,&nbsp; National and Kapodistrian University of Athens, Greece.<\/p>\n<p><em>2008-2009<\/em>: Erasmus facult\u00e9 de lettres, langues et sciences humaines, &#8216;Universit\u00e9 d&#8217;Angers, France. Domaine : Arts, lettres, langues Discipline : Langues et litt\u00e9ratures fran\u00e7aises.&nbsp;&nbsp;<\/p>\n<p><strong>Exhibitions<\/strong><\/p>\n<p><strong>&nbsp;<\/strong><\/p>\n<p><u>Solo<\/u><\/p>\n<p>2016&nbsp;&nbsp; \u201cMyths Of The Near Future\u201d, Borgia-Art, Zurich, Switzerland<\/p>\n<p>2016&nbsp;&nbsp; \u201cCyclades Electroniques\u201d, Dio Horia Gallery, Mykonos, Greece<\/p>\n<p>2014&nbsp;&nbsp; \u201cZadig\u201d, (collaboration with ThisIsOpium) Sarri12 Gallery, Athens, Greece<\/p>\n<p>&nbsp;<\/p>\n<p>&nbsp;<\/p>\n<p>&nbsp;<\/p>\n<p><u>Group<\/u> (Selected)<\/p>\n<p>2017 <a href=\"https:\/\/ikastikos-kiklos.com\/en\/art-streets-world\/\">&#8220;Art in the streets of the world&#8221;<\/a> Ikastikos Kiklos Sianti Gallery<\/p>\n<p>2017&nbsp;&nbsp; \u201cGeneration of the 90\u2019s\u201d, Art Dublex, Studio 4, Athens, Greece<\/p>\n<p>2017&nbsp;&nbsp; \u201cPublic Art Festival \u2013 Survival\u201d, Studio 4, Athens, Greece<\/p>\n<p>2017&nbsp;&nbsp; \u201cAthens is Now\u201d, Alibi Gallery, Athens, Greece<\/p>\n<p>2017&nbsp;&nbsp; \u201cMEDITERRANEA18\u201d, Biennale of young artists from Europe and the Mediterranean, Tirana, Albania<\/p>\n<p>2017&nbsp;&nbsp; \u201c\u039f \u03a4\u03c3\u03ac\u03b2\u03b5\u03c2 \u03c3\u03c5\u03bd\u03b5\u03c7\u03af\u03b6\u03b5\u03b9 \u03bd\u03b1 \u03b5\u03bc\u03c0\u03bd\u03ad\u03b5\u03b9\u201d, Embassy of Venezuela, Athens, Greece<\/p>\n<p>2017&nbsp;&nbsp; \u201cTRUMPOMANIA\u201d, SALOMON ARTS TRIBECA, New York, Usa<\/p>\n<p>2017&nbsp;&nbsp; \u201cPARACOSM, a glimpse through Greek Street Art\u201d, BSMT SPACE Gallery, London, UK<\/p>\n<p>2016&nbsp;&nbsp; \u201cDefault 7\u201d, Piree, Piraeus, Greece<\/p>\n<p>2016&nbsp;&nbsp; \u201cNerantzia\u201d, Sarri 12 Gallery, Athens, Greece<\/p>\n<p>2016&nbsp;&nbsp;&nbsp; \u201cIeri Gnorimia\u201d, Mpouziane Museum, Athens, Greece<\/p>\n<p>2015&nbsp;&nbsp; \u201cArt Athina\u201d, Widmer Theodoridis Gallery, Athens, Greece<\/p>\n<p>2015&nbsp;&nbsp; \u201cThe Street Is My Gallery\u201d, National Hellenic Museum, Chicago, Usa<\/p>\n<p>2015&nbsp;&nbsp; \u201cStreet Art Is Here To Stay\u201d, Aenaon Gallery, Athens, Greece<\/p>\n<p>2015&nbsp;&nbsp; \u201cThe expanded field art exhibition\u201d, Asylum Art Gallery, Wolverhampton,&nbsp;&nbsp;&nbsp;&nbsp;&nbsp; UK<\/p>\n<p>2014&nbsp;&nbsp; \u201cLike New\u201d, Benaki Museum, Athens, Greece<\/p>\n<p>2014&nbsp;&nbsp; \u201cIssalos Grammi\u201d, Pontoporos Gallery, Paros, Greece<\/p>\n<p>2014&nbsp;&nbsp; \u201cNo Respect\u201d, Onassis Foundation SGT, Athens, Greece<\/p>\n<p>2014&nbsp;&nbsp; \u201cPoster Bike Art Exhibition\u201d, Romantso, Athens, Greece<\/p>\n<p>2014&nbsp;&nbsp; \u201cMi Amor Por Ti Es Meravilloso\u201d, Anti Heart, Monterrey, Mexico<\/p>\n<p>2013&nbsp;&nbsp; \u201cStop And Stare\u201d, Sarri 12 Gallery, Athens, Greece<\/p>\n<p>2013&nbsp;&nbsp; \u201cRemap KM 4\u201d,&nbsp; Remap 4, Athens, Greece<\/p>\n<p>2013&nbsp;&nbsp; \u201cFeta Yo 5<sup>th<\/sup>\u201d, International gallery, Wolverhampton, UK<\/p>\n<p>2013&nbsp;&nbsp; \u201cBike Art&nbsp; Technopolis\u201d, Athens, Greece<\/p>\n<p>2013&nbsp;&nbsp; \u201cIn Wall We Trust\u201d, Parcheggio Comunale, Airola, Italy<\/p>\n<p>2013&nbsp;&nbsp; \u201cTetrapolis Art\u201d, S.A. Gallery, Kea, Greece<\/p>\n<p>2013&nbsp;&nbsp; \u201cPerspectives on the Contemporary Greek Scene\u201d, Saint-Gervais Theatre, Geneva, Switzerland<\/p>\n<p>2013&nbsp;&nbsp; \u201cArt4More\u201d, Vrysaki, Athens, Greece<\/p>\n<p>2013&nbsp; &nbsp;\u201cUrban Lovers\u201d, Romantso, Athens, Greece&nbsp;&nbsp;<\/p>\n<p>2013&nbsp; &nbsp;\u201cArt Athina\u201d, Stigma Lab Project Space, Athens, Greece<\/p>\n<p>2012&nbsp; &nbsp;\u201cZootrope\u201d, Contemporary Art Meeting Point, Athens, Greece<\/p>\n<p>2012&nbsp; &nbsp;\u201cTrash Art\u201d, Bios, Athens, Greece<\/p>\n<p>2012&nbsp;&nbsp; \u201cGraphic Novels Are True\u201d, K-ART Gallery, Athens, Greece<\/p>\n<p>2012&nbsp; &nbsp;\u201cA4M\u201d, Box Gallery, Thessaloniki, Greece<\/p>\n<p>2012&nbsp;&nbsp; \u201cColored\u201d, Free Thinking Zone, Athens, Greece<\/p>\n<p>2011&nbsp;&nbsp; \u201c7ply Project\u201d, Technopolis, Athens, Greece<\/p>\n<p>2010&nbsp;&nbsp; \u201cEnergy Athens\u201d, European Centre for Architecture Art Design and Urban Studies, Athens, Greece<\/p>\n<p>2009&nbsp;&nbsp; \u201cDogMart\u201d, Art House, Athens, Greece<\/p>\n<p>&nbsp;<\/p>\n<p>&nbsp;<\/p>\n<p>&nbsp;<\/p>\n<p><strong>&nbsp;<\/strong><\/p>\n<p><strong>Festivals <\/strong>(Selected)<\/p>\n<p>&nbsp;<\/p>\n<p>2017 \u201cLabas\u201d, Bologna, Italy<\/p>\n<p>2017 \u201cGraffiti Jam\u201d, Reggio Emilia, Italy<\/p>\n<p>2017 \u201cArte Rurales Emilia\u201d, Emilia, Italy<\/p>\n<p>2016 \u201cGlobal Graffiti Project\u201d, Ann Arbor, University of Michigan, USA<\/p>\n<p>2016 \u201cOld School Meeting\u201d, Athens, Greece<\/p>\n<p>2014 \u201cAyia Napa Street Art Festival\u201d, Ayia Napa, Cyprus<\/p>\n<p>2014 \u201cGradient: From Gray To Color Scale\u201d, Ioannina, Greece<\/p>\n<p>2014 \u201cAthens Street Art Festival\u201d, Athens, Greece<\/p>\n<p>2013 \u201cMeeting of Styles\u201d, Athens, Greece<\/p>\n<p>2013 \u201cStreet Art In The Park \u2013 \u0399\u03c9\u03bd\u03b9\u03ba\u03ad\u03c2 \u0393\u03b9\u03bf\u03c1\u03c4\u03ad\u03c2\u201d, Athens, Greece<\/p>\n<p>2012 \u201cUrban Lovers\u201d, Ozon Raw magazine, Athens, Greece<\/p>\n<p><strong>&nbsp;<\/strong><\/p>\n<p><strong>&nbsp;<\/strong><\/p>\n<p><strong>Workshops\/ Lectures<\/strong><\/p>\n<p>&nbsp;<\/p>\n<p>2017 \u201cArt History Week\u201d, Deree \u2013 The American College of Greece, Athens, Greece<\/p>\n<p>2017 University of Michigan Institute for the Humanities, lecture, Ann Arbor, USA<\/p>\n<p>2016 WeTransfer, workshop of the employees of the WeTransfer company, Amsterdam, Netherlands<\/p>\n<p>2016 University of Michigan \u2013 Department of Classical Studies, workshop, Ann Arbor, USA<\/p>\n<p><iframe loading=\"lazy\" src=\"https:\/\/www.youtube.com\/embed\/1dz5cMyMrHs\" width=\"560\" height=\"315\" frameborder=\"0\" allowfullscreen=\"allowfullscreen\"><\/iframe><\/p>\n<p>&nbsp;<\/p>\n<p><iframe loading=\"lazy\" src=\"https:\/\/www.youtube.com\/embed\/TDyz2kO85_Y\" width=\"560\" height=\"315\" frameborder=\"0\" allowfullscreen=\"allowfullscreen\"><\/iframe>&nbsp;<\/p>\n<h3>&nbsp;<\/h3>\n<p><img loading=\"lazy\" decoding=\"async\" class=\"aligncenter size-full wp-image-11327\" src=\"https:\/\/ikastikos-kiklos.com\/wp-content\/uploads\/2018\/04\/Cacao-Rocks-portrait-photo-credits-Cacao-Rocks-555x312.jpg\" alt=\"\" width=\"555\" height=\"312\" srcset=\"https:\/\/ikastikos-kiklos.com\/wp-content\/uploads\/2018\/04\/Cacao-Rocks-portrait-photo-credits-Cacao-Rocks-555x312.jpg 555w, https:\/\/ikastikos-kiklos.com\/wp-content\/uploads\/2018\/04\/Cacao-Rocks-portrait-photo-credits-Cacao-Rocks-555x312-300x169.jpg 300w, https:\/\/ikastikos-kiklos.com\/wp-content\/uploads\/2018\/04\/Cacao-Rocks-portrait-photo-credits-Cacao-Rocks-555x312-220x124.jpg 220w, https:\/\/ikastikos-kiklos.com\/wp-content\/uploads\/2018\/04\/Cacao-Rocks-portrait-photo-credits-Cacao-Rocks-555x312-140x79.jpg 140w, https:\/\/ikastikos-kiklos.com\/wp-content\/uploads\/2018\/04\/Cacao-Rocks-portrait-photo-credits-Cacao-Rocks-555x312-350x197.jpg 350w\" sizes=\"auto, (max-width: 555px) 100vw, 555px\" \/><\/p>\n<p><img loading=\"lazy\" decoding=\"async\" class=\"aligncenter size-full wp-image-11329\" src=\"https:\/\/ikastikos-kiklos.com\/wp-content\/uploads\/2018\/04\/opct_aae527810e40bcafa1502e394bb69eb3be9b07cd.jpg\" alt=\"\" width=\"667\" height=\"500\" srcset=\"https:\/\/ikastikos-kiklos.com\/wp-content\/uploads\/2018\/04\/opct_aae527810e40bcafa1502e394bb69eb3be9b07cd.jpg 667w, https:\/\/ikastikos-kiklos.com\/wp-content\/uploads\/2018\/04\/opct_aae527810e40bcafa1502e394bb69eb3be9b07cd-300x225.jpg 300w, https:\/\/ikastikos-kiklos.com\/wp-content\/uploads\/2018\/04\/opct_aae527810e40bcafa1502e394bb69eb3be9b07cd-220x165.jpg 220w, https:\/\/ikastikos-kiklos.com\/wp-content\/uploads\/2018\/04\/opct_aae527810e40bcafa1502e394bb69eb3be9b07cd-140x105.jpg 140w, https:\/\/ikastikos-kiklos.com\/wp-content\/uploads\/2018\/04\/opct_aae527810e40bcafa1502e394bb69eb3be9b07cd-350x262.jpg 350w, https:\/\/ikastikos-kiklos.com\/wp-content\/uploads\/2018\/04\/opct_aae527810e40bcafa1502e394bb69eb3be9b07cd-595x446.jpg 595w\" sizes=\"auto, (max-width: 667px) 100vw, 667px\" \/>[\/vc_column_text][\/vc_column][\/vc_row]<\/p>\n<\/div>","protected":false},"excerpt":{"rendered":"<p>[vc_row][vc_column][vc_column_text] Cacao Rocks Cacao Rocks was born in Athens Greece in 1985. He grew up &hellip;<\/p>\n","protected":false},"author":2,"featured_media":0,"parent":2905,"menu_order":0,"comment_status":"closed","ping_status":"closed","template":"page-zwgrafoi.php","meta":{"ngg_post_thumbnail":0,"footnotes":""},"class_list":["post-26605","page","type-page","status-publish","hentry"],"yoast_head":"<!-- This site is optimized with the Yoast SEO plugin v27.4 - https:\/\/yoast.com\/product\/yoast-seo-wordpress\/ -->\n<title>Street Artist Cacao Rocks at Ikastikos KIklos Sianti Gallery<\/title>\n<meta name=\"description\" content=\"Street Artist Cacao Rocks at Ikastikos KIklos Sianti Gallery\" \/>\n<meta name=\"robots\" content=\"index, follow, max-snippet:-1, max-image-preview:large, max-video-preview:-1\" \/>\n<link rel=\"canonical\" href=\"https:\/\/ikastikos-kiklos.com\/en\/painters\/cacao-rocks\/\" \/>\n<meta property=\"og:locale\" content=\"en_US\" \/>\n<meta property=\"og:type\" content=\"article\" \/>\n<meta property=\"og:title\" content=\"Street Artist Cacao Rocks at Ikastikos KIklos Sianti Gallery\" \/>\n<meta property=\"og:description\" content=\"Street Artist Cacao Rocks at Ikastikos KIklos Sianti Gallery\" \/>\n<meta property=\"og:url\" content=\"https:\/\/ikastikos-kiklos.com\/en\/painters\/cacao-rocks\/\" \/>\n<meta property=\"og:site_name\" content=\"Ikastikos Kiklos - Zografik\u00ed - Metaxotyp\u00edes - T\u00e9chniPainting - Silk Screen - Art\" \/>\n<meta property=\"article:publisher\" content=\"https:\/\/www.facebook.com\/ikastikoskiklossianti\/\" \/>\n<meta property=\"article:modified_time\" content=\"2020-08-04T13:08:26+00:00\" \/>\n<meta property=\"og:image\" content=\"https:\/\/ikastikos-kiklos.com\/wp-content\/uploads\/2018\/04\/Cacao-Rocks-portrait-photo-credits-Cacao-Rocks-555x312.jpg\" \/>\n<meta name=\"twitter:card\" content=\"summary_large_image\" \/>\n<meta name=\"twitter:label1\" content=\"Est. reading time\" \/>\n\t<meta name=\"twitter:data1\" content=\"5 minutes\" \/>\n<script type=\"application\/ld+json\" class=\"yoast-schema-graph\">{\"@context\":\"https:\\\/\\\/schema.org\",\"@graph\":[{\"@type\":\"WebPage\",\"@id\":\"https:\\\/\\\/ikastikos-kiklos.com\\\/en\\\/painters\\\/cacao-rocks\\\/\",\"url\":\"https:\\\/\\\/ikastikos-kiklos.com\\\/en\\\/painters\\\/cacao-rocks\\\/\",\"name\":\"Street Artist Cacao Rocks at Ikastikos KIklos Sianti Gallery\",\"isPartOf\":{\"@id\":\"https:\\\/\\\/ikastikos-kiklos.com\\\/en\\\/#website\"},\"primaryImageOfPage\":{\"@id\":\"https:\\\/\\\/ikastikos-kiklos.com\\\/en\\\/painters\\\/cacao-rocks\\\/#primaryimage\"},\"image\":{\"@id\":\"https:\\\/\\\/ikastikos-kiklos.com\\\/en\\\/painters\\\/cacao-rocks\\\/#primaryimage\"},\"thumbnailUrl\":\"https:\\\/\\\/ikastikos-kiklos.com\\\/wp-content\\\/uploads\\\/2018\\\/04\\\/Cacao-Rocks-portrait-photo-credits-Cacao-Rocks-555x312.jpg\",\"datePublished\":\"2020-07-01T13:01:53+00:00\",\"dateModified\":\"2020-08-04T13:08:26+00:00\",\"description\":\"Street Artist Cacao Rocks at Ikastikos KIklos Sianti Gallery\",\"breadcrumb\":{\"@id\":\"https:\\\/\\\/ikastikos-kiklos.com\\\/en\\\/painters\\\/cacao-rocks\\\/#breadcrumb\"},\"inLanguage\":\"en-US\",\"potentialAction\":[{\"@type\":\"ReadAction\",\"target\":[\"https:\\\/\\\/ikastikos-kiklos.com\\\/en\\\/painters\\\/cacao-rocks\\\/\"]}]},{\"@type\":\"ImageObject\",\"inLanguage\":\"en-US\",\"@id\":\"https:\\\/\\\/ikastikos-kiklos.com\\\/en\\\/painters\\\/cacao-rocks\\\/#primaryimage\",\"url\":\"https:\\\/\\\/ikastikos-kiklos.com\\\/wp-content\\\/uploads\\\/2018\\\/04\\\/Cacao-Rocks-portrait-photo-credits-Cacao-Rocks-555x312.jpg\",\"contentUrl\":\"https:\\\/\\\/ikastikos-kiklos.com\\\/wp-content\\\/uploads\\\/2018\\\/04\\\/Cacao-Rocks-portrait-photo-credits-Cacao-Rocks-555x312.jpg\"},{\"@type\":\"BreadcrumbList\",\"@id\":\"https:\\\/\\\/ikastikos-kiklos.com\\\/en\\\/painters\\\/cacao-rocks\\\/#breadcrumb\",\"itemListElement\":[{\"@type\":\"ListItem\",\"position\":1,\"name\":\"Home\",\"item\":\"https:\\\/\\\/ikastikos-kiklos.com\\\/en\\\/\"},{\"@type\":\"ListItem\",\"position\":2,\"name\":\"Painters\",\"item\":\"https:\\\/\\\/ikastikos-kiklos.com\\\/en\\\/painters\\\/\"},{\"@type\":\"ListItem\",\"position\":3,\"name\":\"Cacao Rocks\"}]},{\"@type\":\"WebSite\",\"@id\":\"https:\\\/\\\/ikastikos-kiklos.com\\\/en\\\/#website\",\"url\":\"https:\\\/\\\/ikastikos-kiklos.com\\\/en\\\/\",\"name\":\"Ikastikos Kiklos - Zografik\u00ed - Metaxotyp\u00edes - T\u00e9chniPainting - Silk Screen - Art\",\"description\":\"\",\"publisher\":{\"@id\":\"https:\\\/\\\/ikastikos-kiklos.com\\\/en\\\/#organization\"},\"potentialAction\":[{\"@type\":\"SearchAction\",\"target\":{\"@type\":\"EntryPoint\",\"urlTemplate\":\"https:\\\/\\\/ikastikos-kiklos.com\\\/en\\\/?s={search_term_string}\"},\"query-input\":{\"@type\":\"PropertyValueSpecification\",\"valueRequired\":true,\"valueName\":\"search_term_string\"}}],\"inLanguage\":\"en-US\"},{\"@type\":\"Organization\",\"@id\":\"https:\\\/\\\/ikastikos-kiklos.com\\\/en\\\/#organization\",\"name\":\"Ikastikos Kiklos - Zografik\u00ed - Metaxotyp\u00edes - T\u00e9chniPainting - Silk Screen - Art\",\"url\":\"https:\\\/\\\/ikastikos-kiklos.com\\\/en\\\/\",\"logo\":{\"@type\":\"ImageObject\",\"inLanguage\":\"en-US\",\"@id\":\"https:\\\/\\\/ikastikos-kiklos.com\\\/en\\\/#\\\/schema\\\/logo\\\/image\\\/\",\"url\":\"https:\\\/\\\/ikastikos-kiklos.com\\\/wp-content\\\/uploads\\\/2022\\\/10\\\/cropped-favicon_ikastikos.png\",\"contentUrl\":\"https:\\\/\\\/ikastikos-kiklos.com\\\/wp-content\\\/uploads\\\/2022\\\/10\\\/cropped-favicon_ikastikos.png\",\"width\":512,\"height\":512,\"caption\":\"Ikastikos Kiklos - Zografik\u00ed - Metaxotyp\u00edes - T\u00e9chniPainting - Silk Screen - Art\"},\"image\":{\"@id\":\"https:\\\/\\\/ikastikos-kiklos.com\\\/en\\\/#\\\/schema\\\/logo\\\/image\\\/\"},\"sameAs\":[\"https:\\\/\\\/www.facebook.com\\\/ikastikoskiklossianti\\\/\"]}]}<\/script>\n<!-- \/ Yoast SEO plugin. -->","yoast_head_json":{"title":"Street Artist Cacao Rocks at Ikastikos KIklos Sianti Gallery","description":"Street Artist Cacao Rocks at Ikastikos KIklos Sianti Gallery","robots":{"index":"index","follow":"follow","max-snippet":"max-snippet:-1","max-image-preview":"max-image-preview:large","max-video-preview":"max-video-preview:-1"},"canonical":"https:\/\/ikastikos-kiklos.com\/en\/painters\/cacao-rocks\/","og_locale":"en_US","og_type":"article","og_title":"Street Artist Cacao Rocks at Ikastikos KIklos Sianti Gallery","og_description":"Street Artist Cacao Rocks at Ikastikos KIklos Sianti Gallery","og_url":"https:\/\/ikastikos-kiklos.com\/en\/painters\/cacao-rocks\/","og_site_name":"Ikastikos Kiklos - Zografik\u00ed - Metaxotyp\u00edes - T\u00e9chniPainting - Silk Screen - Art","article_publisher":"https:\/\/www.facebook.com\/ikastikoskiklossianti\/","article_modified_time":"2020-08-04T13:08:26+00:00","og_image":[{"url":"https:\/\/ikastikos-kiklos.com\/wp-content\/uploads\/2018\/04\/Cacao-Rocks-portrait-photo-credits-Cacao-Rocks-555x312.jpg","type":"","width":"","height":""}],"twitter_card":"summary_large_image","twitter_misc":{"Est. reading time":"5 minutes"},"schema":{"@context":"https:\/\/schema.org","@graph":[{"@type":"WebPage","@id":"https:\/\/ikastikos-kiklos.com\/en\/painters\/cacao-rocks\/","url":"https:\/\/ikastikos-kiklos.com\/en\/painters\/cacao-rocks\/","name":"Street Artist Cacao Rocks at Ikastikos KIklos Sianti Gallery","isPartOf":{"@id":"https:\/\/ikastikos-kiklos.com\/en\/#website"},"primaryImageOfPage":{"@id":"https:\/\/ikastikos-kiklos.com\/en\/painters\/cacao-rocks\/#primaryimage"},"image":{"@id":"https:\/\/ikastikos-kiklos.com\/en\/painters\/cacao-rocks\/#primaryimage"},"thumbnailUrl":"https:\/\/ikastikos-kiklos.com\/wp-content\/uploads\/2018\/04\/Cacao-Rocks-portrait-photo-credits-Cacao-Rocks-555x312.jpg","datePublished":"2020-07-01T13:01:53+00:00","dateModified":"2020-08-04T13:08:26+00:00","description":"Street Artist Cacao Rocks at Ikastikos KIklos Sianti Gallery","breadcrumb":{"@id":"https:\/\/ikastikos-kiklos.com\/en\/painters\/cacao-rocks\/#breadcrumb"},"inLanguage":"en-US","potentialAction":[{"@type":"ReadAction","target":["https:\/\/ikastikos-kiklos.com\/en\/painters\/cacao-rocks\/"]}]},{"@type":"ImageObject","inLanguage":"en-US","@id":"https:\/\/ikastikos-kiklos.com\/en\/painters\/cacao-rocks\/#primaryimage","url":"https:\/\/ikastikos-kiklos.com\/wp-content\/uploads\/2018\/04\/Cacao-Rocks-portrait-photo-credits-Cacao-Rocks-555x312.jpg","contentUrl":"https:\/\/ikastikos-kiklos.com\/wp-content\/uploads\/2018\/04\/Cacao-Rocks-portrait-photo-credits-Cacao-Rocks-555x312.jpg"},{"@type":"BreadcrumbList","@id":"https:\/\/ikastikos-kiklos.com\/en\/painters\/cacao-rocks\/#breadcrumb","itemListElement":[{"@type":"ListItem","position":1,"name":"Home","item":"https:\/\/ikastikos-kiklos.com\/en\/"},{"@type":"ListItem","position":2,"name":"Painters","item":"https:\/\/ikastikos-kiklos.com\/en\/painters\/"},{"@type":"ListItem","position":3,"name":"Cacao Rocks"}]},{"@type":"WebSite","@id":"https:\/\/ikastikos-kiklos.com\/en\/#website","url":"https:\/\/ikastikos-kiklos.com\/en\/","name":"Ikastikos Kiklos - Zografik\u00ed - Metaxotyp\u00edes - T\u00e9chniPainting - Silk Screen - Art","description":"","publisher":{"@id":"https:\/\/ikastikos-kiklos.com\/en\/#organization"},"potentialAction":[{"@type":"SearchAction","target":{"@type":"EntryPoint","urlTemplate":"https:\/\/ikastikos-kiklos.com\/en\/?s={search_term_string}"},"query-input":{"@type":"PropertyValueSpecification","valueRequired":true,"valueName":"search_term_string"}}],"inLanguage":"en-US"},{"@type":"Organization","@id":"https:\/\/ikastikos-kiklos.com\/en\/#organization","name":"Ikastikos Kiklos - Zografik\u00ed - Metaxotyp\u00edes - T\u00e9chniPainting - Silk Screen - Art","url":"https:\/\/ikastikos-kiklos.com\/en\/","logo":{"@type":"ImageObject","inLanguage":"en-US","@id":"https:\/\/ikastikos-kiklos.com\/en\/#\/schema\/logo\/image\/","url":"https:\/\/ikastikos-kiklos.com\/wp-content\/uploads\/2022\/10\/cropped-favicon_ikastikos.png","contentUrl":"https:\/\/ikastikos-kiklos.com\/wp-content\/uploads\/2022\/10\/cropped-favicon_ikastikos.png","width":512,"height":512,"caption":"Ikastikos Kiklos - Zografik\u00ed - Metaxotyp\u00edes - T\u00e9chniPainting - Silk Screen - Art"},"image":{"@id":"https:\/\/ikastikos-kiklos.com\/en\/#\/schema\/logo\/image\/"},"sameAs":["https:\/\/www.facebook.com\/ikastikoskiklossianti\/"]}]}},"_links":{"self":[{"href":"https:\/\/ikastikos-kiklos.com\/en\/wp-json\/wp\/v2\/pages\/26605","targetHints":{"allow":["GET"]}}],"collection":[{"href":"https:\/\/ikastikos-kiklos.com\/en\/wp-json\/wp\/v2\/pages"}],"about":[{"href":"https:\/\/ikastikos-kiklos.com\/en\/wp-json\/wp\/v2\/types\/page"}],"author":[{"embeddable":true,"href":"https:\/\/ikastikos-kiklos.com\/en\/wp-json\/wp\/v2\/users\/2"}],"replies":[{"embeddable":true,"href":"https:\/\/ikastikos-kiklos.com\/en\/wp-json\/wp\/v2\/comments?post=26605"}],"version-history":[{"count":0,"href":"https:\/\/ikastikos-kiklos.com\/en\/wp-json\/wp\/v2\/pages\/26605\/revisions"}],"up":[{"embeddable":true,"href":"https:\/\/ikastikos-kiklos.com\/en\/wp-json\/wp\/v2\/pages\/2905"}],"wp:attachment":[{"href":"https:\/\/ikastikos-kiklos.com\/en\/wp-json\/wp\/v2\/media?parent=26605"}],"curies":[{"name":"wp","href":"https:\/\/api.w.org\/{rel}","templated":true}]}}