{"id":26365,"date":"2020-06-16T22:01:34","date_gmt":"2020-06-16T19:01:34","guid":{"rendered":"https:\/\/ikastikos-kiklos.com\/?page_id=26365"},"modified":"2020-06-19T18:36:30","modified_gmt":"2020-06-19T15:36:30","slug":"live-online-%cf%83%cf%85%ce%b6%ce%ae%cf%84%ce%b7%cf%83%ce%b7-%cf%83%cf%84%ce%b7%ce%bd-%ce%ad%ce%ba%ce%b8%ce%b5%cf%83%ce%b7-%ce%ad%cf%81%cf%89%cf%82-%ce%ba%ce%b1%ce%bb%cf%8c%cf%82","status":"publish","type":"page","link":"https:\/\/ikastikos-kiklos.com\/en\/live-online-%cf%83%cf%85%ce%b6%ce%ae%cf%84%ce%b7%cf%83%ce%b7-%cf%83%cf%84%ce%b7%ce%bd-%ce%ad%ce%ba%ce%b8%ce%b5%cf%83%ce%b7-%ce%ad%cf%81%cf%89%cf%82-%ce%ba%ce%b1%ce%bb%cf%8c%cf%82\/","title":{"rendered":"Live Online \u039f\u03bc\u03b9\u03bb\u03af\u03b1: \u0388\u03ba\u03b8\u03b5\u03c3\u03b7 &#8220;\u0388\u03c1\u03c9\u03c2 \u039a\u03b1\u03bb\u03cc\u03c2&#8221;"},"content":{"rendered":"<div class=\"wpb-content-wrapper\"><p>[vc_row css=&#8221;.vc_custom_1569353457842{background-color: #ffffff !important;}&#8221;][vc_column width=&#8221;2\/3&#8243;][vc_single_image image=&#8221;26342&#8243; img_size=&#8221;full&#8221;][vc_custom_heading text=&#8221;Live Online \u039f\u03bc\u03b9\u03bb\u03af\u03b1: \u0388\u03ba\u03b8\u03b5\u03c3\u03b7 &#8220;\u0388\u03c1\u03c9\u03c2 \u039a\u03b1\u03bb\u03cc\u03c2&#8220;&#8221; google_fonts=&#8221;font_family:Open%20Sans%3A300%2C300italic%2Cregular%2Citalic%2C600%2C600italic%2C700%2C700italic%2C800%2C800italic|font_style:400%20regular%3A400%3Anormal&#8221;][vc_column_text]O&nbsp;<strong>\u201c\u0388\u03c1\u03c9\u03c2 \u039a\u03b1\u03bb\u03cc\u03c2\u201d,&nbsp;<\/strong>\u03bc\u03b9\u03b1 \u03b1\u03c0\u03cc \u03c4\u03b9\u03c2 \u03c0\u03b9\u03bf \u03b9\u03b4\u03b9\u03b1\u03af\u03c4\u03b5\u03c1\u03b5\u03c2 \u03b5\u03ba\u03b8\u03ad\u03c3\u03b5\u03b9\u03c2 \u03c4\u03bf\u03c5 \u0395\u03b9\u03ba\u03b1\u03c3\u03c4\u03b9\u03ba\u03bf\u03cd \u039a\u03cd\u03ba\u03bb\u03bf\u03c5<strong>&nbsp;Sianti,<\/strong> \u03bf\u03bb\u03bf\u03ba\u03bb\u03b7\u03c1\u03ce\u03b8\u03b7\u03ba\u03b5 \u03c4\u03bf <strong>\u03a3\u03ac\u03b2\u03b2\u03b1\u03c4\u03bf<\/strong>&nbsp;<strong>13 \u0399\u03bf\u03c5\u03bd\u03af\u03bf\u03c5<\/strong> \u03bc\u03b5 \u03c4\u03b7\u03bd \u03c3\u03c5\u03bc\u03c6\u03b9\u03bb\u03af\u03c9\u03c3\u03b7 \u03c4\u03bf\u03c5 \u03b5\u03b9\u03ba\u03b1\u03c3\u03c4\u03b9\u03ba\u03bf\u03cd \u03ba\u03b1\u03b9 \u03c4\u03bf\u03c5 \u03c0\u03bf\u03b9\u03b7\u03c4\u03b9\u03ba\u03bf\u03cd \u03bb\u03cc\u03b3\u03bf\u03c5 \u03bd\u03b1 \u03c0\u03c1\u03b1\u03b3\u03bc\u03b1\u03c4\u03bf\u03c0\u03bf\u03b9\u03b5\u03af\u03c4\u03b1\u03b9 \u03c3\u03b5 \u03bc\u03af\u03b1 <strong>\u03b6\u03c9\u03bd\u03c4\u03b1\u03bd\u03ae<\/strong>&nbsp;\u03c3\u03c5\u03b6\u03ae\u03c4\u03b7\u03c3\u03b7.<br \/>\n\u039f \u03b9\u03c3\u03c4\u03bf\u03c1\u03b9\u03ba\u03cc\u03c2 \u03c4\u03ad\u03c7\u03bd\u03b7\u03c2&nbsp;<strong>\u039c\u03ac\u03bd\u03bf\u03c2 \u03a3\u03c4\u03b5\u03c6\u03b1\u03bd\u03af\u03b4\u03b7\u03c2&nbsp;<\/strong>\u03bc\u03b1\u03b6\u03af \u03bc\u03b5 \u03c4\u03bf\u03c5\u03c2 \u03c3\u03c5\u03b3\u03b3\u03c1\u03b1\u03c6\u03b5\u03af\u03c2 <strong>\u0386\u03c1\u03b7 \u03a3\u03c6\u03b1\u03ba\u03b9\u03b1\u03bd\u03ac\u03ba\u03b7&nbsp;<\/strong>\u03ba\u03b1\u03b9&nbsp;&nbsp;<strong>\u03a6\u03af\u03bb\u03b9\u03c0\u03c0\u03bf \u0394\u03c1\u03b1\u03ba\u03bf\u03bd\u03c4\u03b1\u03b5\u03b9\u03b4\u03ae<\/strong>, \u03c4\u03b7\u03bd \u03b7\u03b8\u03bf\u03c0\u03bf\u03b9\u03cc&nbsp;<strong>\u039a\u03ac\u03c4\u03b9\u03b1 \u0393\u03ad\u03c1\u03bf\u03c5<\/strong>&nbsp;\u03b1\u03bb\u03bb\u03ac \u03ba\u03b1\u03b9 \u03bc\u03b5 \u03c4\u03bf\u03bd \u03b6\u03c9\u03b3\u03c1\u03ac\u03c6\u03bf&nbsp;<strong>\u03a0\u03b1\u03cd\u03bb\u03bf \u03a3\u03ac\u03bc\u03b9\u03bf,&nbsp;<\/strong>\u03c0\u03bf\u03c5 \u03c3\u03c5\u03bc\u03bc\u03b5\u03c4\u03ad\u03c7\u03bf\u03c5\u03bd \u03c3\u03c4\u03bf \u03bf\u03bc\u03cc\u03c4\u03b9\u03c4\u03bb\u03bf \u03bb\u03b5\u03cd\u03ba\u03c9\u03bc\u03b1<strong>,<\/strong> \u03bc\u03bf\u03b9\u03c1\u03ac\u03c3\u03c4\u03b7\u03ba\u03b1\u03bd \u03bc\u03b5 \u03cc\u03bb\u03bf\u03c5\u03c2 \u03bc\u03b1\u03c2 \u03c4\u03b9\u03c2 \u03c3\u03ba\u03ad\u03c8\u03b5\u03b9\u03c2 \u03c4\u03bf\u03c5\u03c2 \u03b3\u03b9\u03b1 \u03c4\u03bf\u03bd \u03ad\u03c1\u03c9\u03c4\u03b1 \u03bc\u03ad\u03c3\u03b1 \u03c3\u03c4\u03b7 \u03b4\u03b9\u03b1\u03c6\u03bf\u03c1\u03bf\u03c0\u03bf\u03b9\u03b7\u03bc\u03ad\u03bd\u03b7 \u03c0\u03b9\u03b1 \u03c3\u03cd\u03b3\u03c7\u03c1\u03bf\u03bd\u03b7 \u03c0\u03c1\u03b1\u03b3\u03bc\u03b1\u03c4\u03b9\u03ba\u03cc\u03c4\u03b7\u03c4\u03b1.[\/vc_column_text][vc_empty_space height=&#8221;30px&#8221;][vc_video link=&#8221;https:\/\/www.youtube.com\/watch?v=7ViruXpv4Oo&#8221;][vc_empty_space height=&#8221;25px&#8221;][vc_separator][vc_custom_heading text=&#8221;\u0394\u03b5\u03af\u03c4\u03b5 \u03c6\u03c9\u03c4\u03bf\u03b3\u03c1\u03b1\u03c6\u03af\u03b5\u03c2 \u03b1\u03c0\u03cc \u03c4\u03b1 \u03b5\u03b3\u03ba\u03b1\u03af\u03bd\u03b9\u03b1:&#8221; font_container=&#8221;tag:h4|text_align:center&#8221; google_fonts=&#8221;font_family:Open%20Sans%3A300%2C300italic%2Cregular%2Citalic%2C600%2C600italic%2C700%2C700italic%2C800%2C800italic|font_style:400%20regular%3A400%3Anormal&#8221;][vc_column_text]<\/p>\n<p>ngg_shortcode_0_placeholder[\/vc_column_text][vc_empty_space height=&#8221;25px&#8221;][vc_separator][vc_custom_heading text=&#8221;\u03a0\u03b5\u03c1\u03b9\u03b7\u03b3\u03b7\u03b8\u03b5\u03af\u03c4\u03b5 \u03c3\u03c4\u03b7\u03bd \u03ad\u03ba\u03b8\u03b5\u03c3\u03b7 &#8220;\u0388\u03c1\u03c9\u03c2 \u039a\u03b1\u03bb\u03cc\u03c2&#8220;&#8221; font_container=&#8221;tag:h4|text_align:center&#8221; google_fonts=&#8221;font_family:Open%20Sans%3A300%2C300italic%2Cregular%2Citalic%2C600%2C600italic%2C700%2C700italic%2C800%2C800italic|font_style:400%20regular%3A400%3Anormal&#8221;][vc_single_image image=&#8221;26406&#8243; img_size=&#8221;full&#8221; onclick=&#8221;custom_link&#8221; link=&#8221;https:\/\/panomedia.gr\/ikastikosmay2020\/&#8221;][\/vc_column][vc_column width=&#8221;1\/3&#8243; css=&#8221;.vc_custom_1506373833697{background-color: #f2f2f2 !important;}&#8221;][vc_empty_space height=&#8221;15px&#8221;][vc_custom_heading text=&#8221;\u03a0\u03c1\u03bf\u03bc\u03b7\u03b8\u03b5\u03c5\u03c4\u03b5\u03af\u03c4\u03b5 \u03c4\u03bf \u03bb\u03b5\u03cd\u03ba\u03c9\u03bc\u03b1 &#8220;\u0388\u03c1\u03c9\u03c2 \u039a\u03b1\u03bb\u03cc\u03c2&#8220;&#8221; font_container=&#8221;tag:h4|text_align:center&#8221; google_fonts=&#8221;font_family:Open%20Sans%3A300%2C300italic%2Cregular%2Citalic%2C600%2C600italic%2C700%2C700italic%2C800%2C800italic|font_style:400%20regular%3A400%3Anormal&#8221;][vc_empty_space height=&#8221;20px&#8221;][vc_single_image image=&#8221;26412&#8243; img_size=&#8221;full&#8221;][vc_empty_space height=&#8221;30px&#8221;][vc_column_text]\u03a3\u03b5 \u03cc\u03bb\u03b1 \u03c4\u03b1 \u03bc\u03b5\u03b3\u03ac\u03bb\u03b1 \u03b2\u03b9\u03b2\u03bb\u03b9\u03bf\u03c0\u03c9\u03bb\u03b5\u03af\u03b1, \u03c3\u03c4\u03b7 \u03b3\u03ba\u03b1\u03bb\u03b5\u03c1\u03af \u03bc\u03b1\u03c2 \u03ba\u03b1\u03b9 \u03bc\u03b5 \u03ad\u03bd\u03b1 \u03c4\u03b7\u03bb\u03b5\u03c6\u03ce\u03bd\u03b7\u03bc\u03b1 \u03c3\u03c4\u03b7\u03bd \u03c0\u03cc\u03c1\u03c4\u03b1 \u03c3\u03b1\u03c2![\/vc_column_text][vc_empty_space height=&#8221;30px&#8221;][vc_separator border_width=&#8221;2&#8243; accent_color=&#8221;#a5a5a5&#8243;][vc_custom_heading text=&#8221;\u0394\u03b5\u03af\u03c4\u03b5 \u03c0\u03b5\u03c1\u03b9\u03c3\u03c3\u03cc\u03c4\u03b5\u03c1\u03b1 \u03b1\u03c0\u03bf\u03c3\u03c0\u03ac\u03c3\u03bc\u03b1\u03c4\u03b1 \u03b1\u03c0\u03cc \u03c4\u03b7\u03bd live online \u03bf\u03bc\u03b9\u03bb\u03af\u03b1&#8221; font_container=&#8221;tag:h4|text_align:center&#8221; google_fonts=&#8221;font_family:Open%20Sans%3A300%2C300italic%2Cregular%2Citalic%2C600%2C600italic%2C700%2C700italic%2C800%2C800italic|font_style:400%20regular%3A400%3Anormal&#8221;][vc_video link=&#8221;https:\/\/www.youtube.com\/watch?v=VYCUHPtYOF4&#8243;][vc_empty_space height=&#8221;50px&#8221;][vc_separator border_width=&#8221;2&#8243; accent_color=&#8221;#a5a5a5&#8243;][\/vc_column][\/vc_row][vc_row type=&#8221;full-nopad&#8221;][vc_column][vc_empty_space height=&#8221;25px&#8221;][vc_column_text]<iframe loading=\"lazy\" style=\"border: 0;\" src=\"https:\/\/www.google.com\/maps\/embed?pb=!1m14!1m8!1m3!1d12580.474045613635!2d23.7501733!3d37.9743635!3m2!1i1024!2i768!4f13.1!3m3!1m2!1s0x0%3A0x564d5da3e3234fed!2zzpXOuc66zrHPg8-EzrnOus-Mz4IgzprPjc66zrvOv8-C!5e0!3m2!1sen!2sus!4v1480363720394\" width=\"100%\" height=\"375\" frameborder=\"0\" allowfullscreen=\"allowfullscreen\"><\/iframe>[\/vc_column_text][vc_empty_space][\/vc_column][\/vc_row]<\/p>\n<\/div>","protected":false},"excerpt":{"rendered":"<p>[vc_row css=&#8221;.vc_custom_1569353457842{background-color: #ffffff !important;}&#8221;][vc_column width=&#8221;2\/3&#8243;][vc_single_image image=&#8221;26342&#8243; img_size=&#8221;full&#8221;][vc_custom_heading text=&#8221;Live Online \u039f\u03bc\u03b9\u03bb\u03af\u03b1: \u0388\u03ba\u03b8\u03b5\u03c3\u03b7 &#8220;\u0388\u03c1\u03c9\u03c2 \u039a\u03b1\u03bb\u03cc\u03c2&#8220;&#8221; google_fonts=&#8221;font_family:Open%20Sans%3A300%2C300italic%2Cregular%2Citalic%2C600%2C600italic%2C700%2C700italic%2C800%2C800italic|font_style:400%20regular%3A400%3Anormal&#8221;][vc_column_text]O&nbsp;\u201c\u0388\u03c1\u03c9\u03c2 \u039a\u03b1\u03bb\u03cc\u03c2\u201d,&nbsp;\u03bc\u03b9\u03b1 &hellip;<\/p>\n","protected":false},"author":3,"featured_media":26344,"parent":0,"menu_order":0,"comment_status":"closed","ping_status":"closed","template":"page-full.php","meta":{"ngg_post_thumbnail":0,"footnotes":""},"class_list":["post-26365","page","type-page","status-publish","has-post-thumbnail","hentry"],"yoast_head":"<!-- This site is optimized with the Yoast SEO plugin v27.4 - https:\/\/yoast.com\/product\/yoast-seo-wordpress\/ -->\n<title>Live Online \u039f\u03bc\u03b9\u03bb\u03af\u03b1: \u0388\u03ba\u03b8\u03b5\u03c3\u03b7 &quot;\u0388\u03c1\u03c9\u03c2 \u039a\u03b1\u03bb\u03cc\u03c2&quot;<\/title>\n<meta name=\"description\" content=\"Live Online \u039f\u03bc\u03b9\u03bb\u03af\u03b1: \u0388\u03ba\u03b8\u03b5\u03c3\u03b7 &quot;\u0388\u03c1\u03c9\u03c2 \u039a\u03b1\u03bb\u03cc\u03c2&quot;. \u0394\u03b5\u03af\u03c4\u03b5 \u03cc\u03bb\u03bf \u03c4\u03bf \u03c5\u03bb\u03b9\u03ba\u03cc \u03b1\u03c0\u03cc \u03c4\u03b7\u03bd \u03bf\u03bc\u03b9\u03bb\u03af\u03b1 \u03b3\u03b9\u03b1 \u03c4\u03bf \u03ba\u03bb\u03b5\u03af\u03c3\u03b9\u03bc\u03bf \u03c4\u03b7\u03c2 \u03ad\u03ba\u03b8\u03b5\u03c3\u03b7\u03c2.\" \/>\n<meta name=\"robots\" content=\"index, follow, max-snippet:-1, max-image-preview:large, max-video-preview:-1\" \/>\n<link rel=\"canonical\" href=\"https:\/\/ikastikos-kiklos.com\/live-online-\u03c3\u03c5\u03b6\u03ae\u03c4\u03b7\u03c3\u03b7-\u03c3\u03c4\u03b7\u03bd-\u03ad\u03ba\u03b8\u03b5\u03c3\u03b7-\u03ad\u03c1\u03c9\u03c2-\u03ba\u03b1\u03bb\u03cc\u03c2\/\" \/>\n<meta property=\"og:locale\" content=\"en_US\" \/>\n<meta property=\"og:type\" content=\"article\" \/>\n<meta property=\"og:title\" content=\"Live Online \u039f\u03bc\u03b9\u03bb\u03af\u03b1: \u0388\u03ba\u03b8\u03b5\u03c3\u03b7 &quot;\u0388\u03c1\u03c9\u03c2 \u039a\u03b1\u03bb\u03cc\u03c2&quot;\" \/>\n<meta property=\"og:description\" content=\"Live Online \u039f\u03bc\u03b9\u03bb\u03af\u03b1: \u0388\u03ba\u03b8\u03b5\u03c3\u03b7 &quot;\u0388\u03c1\u03c9\u03c2 \u039a\u03b1\u03bb\u03cc\u03c2&quot;. \u0394\u03b5\u03af\u03c4\u03b5 \u03cc\u03bb\u03bf \u03c4\u03bf \u03c5\u03bb\u03b9\u03ba\u03cc \u03b1\u03c0\u03cc \u03c4\u03b7\u03bd \u03bf\u03bc\u03b9\u03bb\u03af\u03b1 \u03b3\u03b9\u03b1 \u03c4\u03bf \u03ba\u03bb\u03b5\u03af\u03c3\u03b9\u03bc\u03bf \u03c4\u03b7\u03c2 \u03ad\u03ba\u03b8\u03b5\u03c3\u03b7\u03c2.\" \/>\n<meta property=\"og:url\" content=\"https:\/\/ikastikos-kiklos.com\/live-online-\u03c3\u03c5\u03b6\u03ae\u03c4\u03b7\u03c3\u03b7-\u03c3\u03c4\u03b7\u03bd-\u03ad\u03ba\u03b8\u03b5\u03c3\u03b7-\u03ad\u03c1\u03c9\u03c2-\u03ba\u03b1\u03bb\u03cc\u03c2\/\" \/>\n<meta property=\"og:site_name\" content=\"Ikastikos Kiklos - Zografik\u00ed - Metaxotyp\u00edes - T\u00e9chniPainting - Silk Screen - Art\" \/>\n<meta property=\"article:publisher\" content=\"https:\/\/www.facebook.com\/ikastikoskiklossianti\/\" \/>\n<meta property=\"article:modified_time\" content=\"2020-06-19T15:36:30+00:00\" \/>\n<meta property=\"og:image\" content=\"https:\/\/ikastikos-kiklos.com\/wp-content\/uploads\/2020\/06\/ffeature.jpg\" \/>\n\t<meta property=\"og:image:width\" content=\"768\" \/>\n\t<meta property=\"og:image:height\" content=\"573\" \/>\n\t<meta property=\"og:image:type\" content=\"image\/jpeg\" \/>\n<meta name=\"twitter:card\" content=\"summary_large_image\" \/>\n<meta name=\"twitter:label1\" content=\"Est. reading time\" \/>\n\t<meta name=\"twitter:data1\" content=\"2 minutes\" \/>\n<script type=\"application\/ld+json\" class=\"yoast-schema-graph\">{\"@context\":\"https:\\\/\\\/schema.org\",\"@graph\":[{\"@type\":\"WebPage\",\"@id\":\"https:\\\/\\\/ikastikos-kiklos.com\\\/live-online-%cf%83%cf%85%ce%b6%ce%ae%cf%84%ce%b7%cf%83%ce%b7-%cf%83%cf%84%ce%b7%ce%bd-%ce%ad%ce%ba%ce%b8%ce%b5%cf%83%ce%b7-%ce%ad%cf%81%cf%89%cf%82-%ce%ba%ce%b1%ce%bb%cf%8c%cf%82\\\/\",\"url\":\"https:\\\/\\\/ikastikos-kiklos.com\\\/live-online-%cf%83%cf%85%ce%b6%ce%ae%cf%84%ce%b7%cf%83%ce%b7-%cf%83%cf%84%ce%b7%ce%bd-%ce%ad%ce%ba%ce%b8%ce%b5%cf%83%ce%b7-%ce%ad%cf%81%cf%89%cf%82-%ce%ba%ce%b1%ce%bb%cf%8c%cf%82\\\/\",\"name\":\"Live Online \u039f\u03bc\u03b9\u03bb\u03af\u03b1: \u0388\u03ba\u03b8\u03b5\u03c3\u03b7 \\\"\u0388\u03c1\u03c9\u03c2 \u039a\u03b1\u03bb\u03cc\u03c2\\\"\",\"isPartOf\":{\"@id\":\"https:\\\/\\\/ikastikos-kiklos.com\\\/en\\\/#website\"},\"primaryImageOfPage\":{\"@id\":\"https:\\\/\\\/ikastikos-kiklos.com\\\/live-online-%cf%83%cf%85%ce%b6%ce%ae%cf%84%ce%b7%cf%83%ce%b7-%cf%83%cf%84%ce%b7%ce%bd-%ce%ad%ce%ba%ce%b8%ce%b5%cf%83%ce%b7-%ce%ad%cf%81%cf%89%cf%82-%ce%ba%ce%b1%ce%bb%cf%8c%cf%82\\\/#primaryimage\"},\"image\":{\"@id\":\"https:\\\/\\\/ikastikos-kiklos.com\\\/live-online-%cf%83%cf%85%ce%b6%ce%ae%cf%84%ce%b7%cf%83%ce%b7-%cf%83%cf%84%ce%b7%ce%bd-%ce%ad%ce%ba%ce%b8%ce%b5%cf%83%ce%b7-%ce%ad%cf%81%cf%89%cf%82-%ce%ba%ce%b1%ce%bb%cf%8c%cf%82\\\/#primaryimage\"},\"thumbnailUrl\":\"https:\\\/\\\/ikastikos-kiklos.com\\\/wp-content\\\/uploads\\\/2020\\\/06\\\/ffeature.jpg\",\"datePublished\":\"2020-06-16T19:01:34+00:00\",\"dateModified\":\"2020-06-19T15:36:30+00:00\",\"description\":\"Live Online \u039f\u03bc\u03b9\u03bb\u03af\u03b1: \u0388\u03ba\u03b8\u03b5\u03c3\u03b7 \\\"\u0388\u03c1\u03c9\u03c2 \u039a\u03b1\u03bb\u03cc\u03c2\\\". \u0394\u03b5\u03af\u03c4\u03b5 \u03cc\u03bb\u03bf \u03c4\u03bf \u03c5\u03bb\u03b9\u03ba\u03cc \u03b1\u03c0\u03cc \u03c4\u03b7\u03bd \u03bf\u03bc\u03b9\u03bb\u03af\u03b1 \u03b3\u03b9\u03b1 \u03c4\u03bf \u03ba\u03bb\u03b5\u03af\u03c3\u03b9\u03bc\u03bf \u03c4\u03b7\u03c2 \u03ad\u03ba\u03b8\u03b5\u03c3\u03b7\u03c2.\",\"breadcrumb\":{\"@id\":\"https:\\\/\\\/ikastikos-kiklos.com\\\/live-online-%cf%83%cf%85%ce%b6%ce%ae%cf%84%ce%b7%cf%83%ce%b7-%cf%83%cf%84%ce%b7%ce%bd-%ce%ad%ce%ba%ce%b8%ce%b5%cf%83%ce%b7-%ce%ad%cf%81%cf%89%cf%82-%ce%ba%ce%b1%ce%bb%cf%8c%cf%82\\\/#breadcrumb\"},\"inLanguage\":\"en-US\",\"potentialAction\":[{\"@type\":\"ReadAction\",\"target\":[\"https:\\\/\\\/ikastikos-kiklos.com\\\/live-online-%cf%83%cf%85%ce%b6%ce%ae%cf%84%ce%b7%cf%83%ce%b7-%cf%83%cf%84%ce%b7%ce%bd-%ce%ad%ce%ba%ce%b8%ce%b5%cf%83%ce%b7-%ce%ad%cf%81%cf%89%cf%82-%ce%ba%ce%b1%ce%bb%cf%8c%cf%82\\\/\"]}]},{\"@type\":\"ImageObject\",\"inLanguage\":\"en-US\",\"@id\":\"https:\\\/\\\/ikastikos-kiklos.com\\\/live-online-%cf%83%cf%85%ce%b6%ce%ae%cf%84%ce%b7%cf%83%ce%b7-%cf%83%cf%84%ce%b7%ce%bd-%ce%ad%ce%ba%ce%b8%ce%b5%cf%83%ce%b7-%ce%ad%cf%81%cf%89%cf%82-%ce%ba%ce%b1%ce%bb%cf%8c%cf%82\\\/#primaryimage\",\"url\":\"https:\\\/\\\/ikastikos-kiklos.com\\\/wp-content\\\/uploads\\\/2020\\\/06\\\/ffeature.jpg\",\"contentUrl\":\"https:\\\/\\\/ikastikos-kiklos.com\\\/wp-content\\\/uploads\\\/2020\\\/06\\\/ffeature.jpg\",\"width\":768,\"height\":573},{\"@type\":\"BreadcrumbList\",\"@id\":\"https:\\\/\\\/ikastikos-kiklos.com\\\/live-online-%cf%83%cf%85%ce%b6%ce%ae%cf%84%ce%b7%cf%83%ce%b7-%cf%83%cf%84%ce%b7%ce%bd-%ce%ad%ce%ba%ce%b8%ce%b5%cf%83%ce%b7-%ce%ad%cf%81%cf%89%cf%82-%ce%ba%ce%b1%ce%bb%cf%8c%cf%82\\\/#breadcrumb\",\"itemListElement\":[{\"@type\":\"ListItem\",\"position\":1,\"name\":\"Home\",\"item\":\"https:\\\/\\\/ikastikos-kiklos.com\\\/en\\\/\"},{\"@type\":\"ListItem\",\"position\":2,\"name\":\"Live Online \u039f\u03bc\u03b9\u03bb\u03af\u03b1: \u0388\u03ba\u03b8\u03b5\u03c3\u03b7 &#8220;\u0388\u03c1\u03c9\u03c2 \u039a\u03b1\u03bb\u03cc\u03c2&#8221;\"}]},{\"@type\":\"WebSite\",\"@id\":\"https:\\\/\\\/ikastikos-kiklos.com\\\/en\\\/#website\",\"url\":\"https:\\\/\\\/ikastikos-kiklos.com\\\/en\\\/\",\"name\":\"Ikastikos Kiklos - Zografik\u00ed - Metaxotyp\u00edes - T\u00e9chniPainting - Silk Screen - Art\",\"description\":\"\",\"publisher\":{\"@id\":\"https:\\\/\\\/ikastikos-kiklos.com\\\/en\\\/#organization\"},\"potentialAction\":[{\"@type\":\"SearchAction\",\"target\":{\"@type\":\"EntryPoint\",\"urlTemplate\":\"https:\\\/\\\/ikastikos-kiklos.com\\\/en\\\/?s={search_term_string}\"},\"query-input\":{\"@type\":\"PropertyValueSpecification\",\"valueRequired\":true,\"valueName\":\"search_term_string\"}}],\"inLanguage\":\"en-US\"},{\"@type\":\"Organization\",\"@id\":\"https:\\\/\\\/ikastikos-kiklos.com\\\/en\\\/#organization\",\"name\":\"Ikastikos Kiklos - Zografik\u00ed - Metaxotyp\u00edes - T\u00e9chniPainting - Silk Screen - Art\",\"url\":\"https:\\\/\\\/ikastikos-kiklos.com\\\/en\\\/\",\"logo\":{\"@type\":\"ImageObject\",\"inLanguage\":\"en-US\",\"@id\":\"https:\\\/\\\/ikastikos-kiklos.com\\\/en\\\/#\\\/schema\\\/logo\\\/image\\\/\",\"url\":\"https:\\\/\\\/ikastikos-kiklos.com\\\/wp-content\\\/uploads\\\/2022\\\/10\\\/cropped-favicon_ikastikos.png\",\"contentUrl\":\"https:\\\/\\\/ikastikos-kiklos.com\\\/wp-content\\\/uploads\\\/2022\\\/10\\\/cropped-favicon_ikastikos.png\",\"width\":512,\"height\":512,\"caption\":\"Ikastikos Kiklos - Zografik\u00ed - Metaxotyp\u00edes - T\u00e9chniPainting - Silk Screen - Art\"},\"image\":{\"@id\":\"https:\\\/\\\/ikastikos-kiklos.com\\\/en\\\/#\\\/schema\\\/logo\\\/image\\\/\"},\"sameAs\":[\"https:\\\/\\\/www.facebook.com\\\/ikastikoskiklossianti\\\/\"]}]}<\/script>\n<!-- \/ Yoast SEO plugin. -->","yoast_head_json":{"title":"Live Online \u039f\u03bc\u03b9\u03bb\u03af\u03b1: \u0388\u03ba\u03b8\u03b5\u03c3\u03b7 \"\u0388\u03c1\u03c9\u03c2 \u039a\u03b1\u03bb\u03cc\u03c2\"","description":"Live Online \u039f\u03bc\u03b9\u03bb\u03af\u03b1: \u0388\u03ba\u03b8\u03b5\u03c3\u03b7 \"\u0388\u03c1\u03c9\u03c2 \u039a\u03b1\u03bb\u03cc\u03c2\". \u0394\u03b5\u03af\u03c4\u03b5 \u03cc\u03bb\u03bf \u03c4\u03bf \u03c5\u03bb\u03b9\u03ba\u03cc \u03b1\u03c0\u03cc \u03c4\u03b7\u03bd \u03bf\u03bc\u03b9\u03bb\u03af\u03b1 \u03b3\u03b9\u03b1 \u03c4\u03bf \u03ba\u03bb\u03b5\u03af\u03c3\u03b9\u03bc\u03bf \u03c4\u03b7\u03c2 \u03ad\u03ba\u03b8\u03b5\u03c3\u03b7\u03c2.","robots":{"index":"index","follow":"follow","max-snippet":"max-snippet:-1","max-image-preview":"max-image-preview:large","max-video-preview":"max-video-preview:-1"},"canonical":"https:\/\/ikastikos-kiklos.com\/live-online-\u03c3\u03c5\u03b6\u03ae\u03c4\u03b7\u03c3\u03b7-\u03c3\u03c4\u03b7\u03bd-\u03ad\u03ba\u03b8\u03b5\u03c3\u03b7-\u03ad\u03c1\u03c9\u03c2-\u03ba\u03b1\u03bb\u03cc\u03c2\/","og_locale":"en_US","og_type":"article","og_title":"Live Online \u039f\u03bc\u03b9\u03bb\u03af\u03b1: \u0388\u03ba\u03b8\u03b5\u03c3\u03b7 \"\u0388\u03c1\u03c9\u03c2 \u039a\u03b1\u03bb\u03cc\u03c2\"","og_description":"Live Online \u039f\u03bc\u03b9\u03bb\u03af\u03b1: \u0388\u03ba\u03b8\u03b5\u03c3\u03b7 \"\u0388\u03c1\u03c9\u03c2 \u039a\u03b1\u03bb\u03cc\u03c2\". \u0394\u03b5\u03af\u03c4\u03b5 \u03cc\u03bb\u03bf \u03c4\u03bf \u03c5\u03bb\u03b9\u03ba\u03cc \u03b1\u03c0\u03cc \u03c4\u03b7\u03bd \u03bf\u03bc\u03b9\u03bb\u03af\u03b1 \u03b3\u03b9\u03b1 \u03c4\u03bf \u03ba\u03bb\u03b5\u03af\u03c3\u03b9\u03bc\u03bf \u03c4\u03b7\u03c2 \u03ad\u03ba\u03b8\u03b5\u03c3\u03b7\u03c2.","og_url":"https:\/\/ikastikos-kiklos.com\/live-online-\u03c3\u03c5\u03b6\u03ae\u03c4\u03b7\u03c3\u03b7-\u03c3\u03c4\u03b7\u03bd-\u03ad\u03ba\u03b8\u03b5\u03c3\u03b7-\u03ad\u03c1\u03c9\u03c2-\u03ba\u03b1\u03bb\u03cc\u03c2\/","og_site_name":"Ikastikos Kiklos - Zografik\u00ed - Metaxotyp\u00edes - T\u00e9chniPainting - Silk Screen - Art","article_publisher":"https:\/\/www.facebook.com\/ikastikoskiklossianti\/","article_modified_time":"2020-06-19T15:36:30+00:00","og_image":[{"width":768,"height":573,"url":"https:\/\/ikastikos-kiklos.com\/wp-content\/uploads\/2020\/06\/ffeature.jpg","type":"image\/jpeg"}],"twitter_card":"summary_large_image","twitter_misc":{"Est. reading time":"2 minutes"},"schema":{"@context":"https:\/\/schema.org","@graph":[{"@type":"WebPage","@id":"https:\/\/ikastikos-kiklos.com\/live-online-%cf%83%cf%85%ce%b6%ce%ae%cf%84%ce%b7%cf%83%ce%b7-%cf%83%cf%84%ce%b7%ce%bd-%ce%ad%ce%ba%ce%b8%ce%b5%cf%83%ce%b7-%ce%ad%cf%81%cf%89%cf%82-%ce%ba%ce%b1%ce%bb%cf%8c%cf%82\/","url":"https:\/\/ikastikos-kiklos.com\/live-online-%cf%83%cf%85%ce%b6%ce%ae%cf%84%ce%b7%cf%83%ce%b7-%cf%83%cf%84%ce%b7%ce%bd-%ce%ad%ce%ba%ce%b8%ce%b5%cf%83%ce%b7-%ce%ad%cf%81%cf%89%cf%82-%ce%ba%ce%b1%ce%bb%cf%8c%cf%82\/","name":"Live Online \u039f\u03bc\u03b9\u03bb\u03af\u03b1: \u0388\u03ba\u03b8\u03b5\u03c3\u03b7 \"\u0388\u03c1\u03c9\u03c2 \u039a\u03b1\u03bb\u03cc\u03c2\"","isPartOf":{"@id":"https:\/\/ikastikos-kiklos.com\/en\/#website"},"primaryImageOfPage":{"@id":"https:\/\/ikastikos-kiklos.com\/live-online-%cf%83%cf%85%ce%b6%ce%ae%cf%84%ce%b7%cf%83%ce%b7-%cf%83%cf%84%ce%b7%ce%bd-%ce%ad%ce%ba%ce%b8%ce%b5%cf%83%ce%b7-%ce%ad%cf%81%cf%89%cf%82-%ce%ba%ce%b1%ce%bb%cf%8c%cf%82\/#primaryimage"},"image":{"@id":"https:\/\/ikastikos-kiklos.com\/live-online-%cf%83%cf%85%ce%b6%ce%ae%cf%84%ce%b7%cf%83%ce%b7-%cf%83%cf%84%ce%b7%ce%bd-%ce%ad%ce%ba%ce%b8%ce%b5%cf%83%ce%b7-%ce%ad%cf%81%cf%89%cf%82-%ce%ba%ce%b1%ce%bb%cf%8c%cf%82\/#primaryimage"},"thumbnailUrl":"https:\/\/ikastikos-kiklos.com\/wp-content\/uploads\/2020\/06\/ffeature.jpg","datePublished":"2020-06-16T19:01:34+00:00","dateModified":"2020-06-19T15:36:30+00:00","description":"Live Online \u039f\u03bc\u03b9\u03bb\u03af\u03b1: \u0388\u03ba\u03b8\u03b5\u03c3\u03b7 \"\u0388\u03c1\u03c9\u03c2 \u039a\u03b1\u03bb\u03cc\u03c2\". \u0394\u03b5\u03af\u03c4\u03b5 \u03cc\u03bb\u03bf \u03c4\u03bf \u03c5\u03bb\u03b9\u03ba\u03cc \u03b1\u03c0\u03cc \u03c4\u03b7\u03bd \u03bf\u03bc\u03b9\u03bb\u03af\u03b1 \u03b3\u03b9\u03b1 \u03c4\u03bf \u03ba\u03bb\u03b5\u03af\u03c3\u03b9\u03bc\u03bf \u03c4\u03b7\u03c2 \u03ad\u03ba\u03b8\u03b5\u03c3\u03b7\u03c2.","breadcrumb":{"@id":"https:\/\/ikastikos-kiklos.com\/live-online-%cf%83%cf%85%ce%b6%ce%ae%cf%84%ce%b7%cf%83%ce%b7-%cf%83%cf%84%ce%b7%ce%bd-%ce%ad%ce%ba%ce%b8%ce%b5%cf%83%ce%b7-%ce%ad%cf%81%cf%89%cf%82-%ce%ba%ce%b1%ce%bb%cf%8c%cf%82\/#breadcrumb"},"inLanguage":"en-US","potentialAction":[{"@type":"ReadAction","target":["https:\/\/ikastikos-kiklos.com\/live-online-%cf%83%cf%85%ce%b6%ce%ae%cf%84%ce%b7%cf%83%ce%b7-%cf%83%cf%84%ce%b7%ce%bd-%ce%ad%ce%ba%ce%b8%ce%b5%cf%83%ce%b7-%ce%ad%cf%81%cf%89%cf%82-%ce%ba%ce%b1%ce%bb%cf%8c%cf%82\/"]}]},{"@type":"ImageObject","inLanguage":"en-US","@id":"https:\/\/ikastikos-kiklos.com\/live-online-%cf%83%cf%85%ce%b6%ce%ae%cf%84%ce%b7%cf%83%ce%b7-%cf%83%cf%84%ce%b7%ce%bd-%ce%ad%ce%ba%ce%b8%ce%b5%cf%83%ce%b7-%ce%ad%cf%81%cf%89%cf%82-%ce%ba%ce%b1%ce%bb%cf%8c%cf%82\/#primaryimage","url":"https:\/\/ikastikos-kiklos.com\/wp-content\/uploads\/2020\/06\/ffeature.jpg","contentUrl":"https:\/\/ikastikos-kiklos.com\/wp-content\/uploads\/2020\/06\/ffeature.jpg","width":768,"height":573},{"@type":"BreadcrumbList","@id":"https:\/\/ikastikos-kiklos.com\/live-online-%cf%83%cf%85%ce%b6%ce%ae%cf%84%ce%b7%cf%83%ce%b7-%cf%83%cf%84%ce%b7%ce%bd-%ce%ad%ce%ba%ce%b8%ce%b5%cf%83%ce%b7-%ce%ad%cf%81%cf%89%cf%82-%ce%ba%ce%b1%ce%bb%cf%8c%cf%82\/#breadcrumb","itemListElement":[{"@type":"ListItem","position":1,"name":"Home","item":"https:\/\/ikastikos-kiklos.com\/en\/"},{"@type":"ListItem","position":2,"name":"Live Online \u039f\u03bc\u03b9\u03bb\u03af\u03b1: \u0388\u03ba\u03b8\u03b5\u03c3\u03b7 &#8220;\u0388\u03c1\u03c9\u03c2 \u039a\u03b1\u03bb\u03cc\u03c2&#8221;"}]},{"@type":"WebSite","@id":"https:\/\/ikastikos-kiklos.com\/en\/#website","url":"https:\/\/ikastikos-kiklos.com\/en\/","name":"Ikastikos Kiklos - Zografik\u00ed - Metaxotyp\u00edes - T\u00e9chniPainting - Silk Screen - Art","description":"","publisher":{"@id":"https:\/\/ikastikos-kiklos.com\/en\/#organization"},"potentialAction":[{"@type":"SearchAction","target":{"@type":"EntryPoint","urlTemplate":"https:\/\/ikastikos-kiklos.com\/en\/?s={search_term_string}"},"query-input":{"@type":"PropertyValueSpecification","valueRequired":true,"valueName":"search_term_string"}}],"inLanguage":"en-US"},{"@type":"Organization","@id":"https:\/\/ikastikos-kiklos.com\/en\/#organization","name":"Ikastikos Kiklos - Zografik\u00ed - Metaxotyp\u00edes - T\u00e9chniPainting - Silk Screen - Art","url":"https:\/\/ikastikos-kiklos.com\/en\/","logo":{"@type":"ImageObject","inLanguage":"en-US","@id":"https:\/\/ikastikos-kiklos.com\/en\/#\/schema\/logo\/image\/","url":"https:\/\/ikastikos-kiklos.com\/wp-content\/uploads\/2022\/10\/cropped-favicon_ikastikos.png","contentUrl":"https:\/\/ikastikos-kiklos.com\/wp-content\/uploads\/2022\/10\/cropped-favicon_ikastikos.png","width":512,"height":512,"caption":"Ikastikos Kiklos - Zografik\u00ed - Metaxotyp\u00edes - T\u00e9chniPainting - Silk Screen - Art"},"image":{"@id":"https:\/\/ikastikos-kiklos.com\/en\/#\/schema\/logo\/image\/"},"sameAs":["https:\/\/www.facebook.com\/ikastikoskiklossianti\/"]}]}},"_links":{"self":[{"href":"https:\/\/ikastikos-kiklos.com\/en\/wp-json\/wp\/v2\/pages\/26365","targetHints":{"allow":["GET"]}}],"collection":[{"href":"https:\/\/ikastikos-kiklos.com\/en\/wp-json\/wp\/v2\/pages"}],"about":[{"href":"https:\/\/ikastikos-kiklos.com\/en\/wp-json\/wp\/v2\/types\/page"}],"author":[{"embeddable":true,"href":"https:\/\/ikastikos-kiklos.com\/en\/wp-json\/wp\/v2\/users\/3"}],"replies":[{"embeddable":true,"href":"https:\/\/ikastikos-kiklos.com\/en\/wp-json\/wp\/v2\/comments?post=26365"}],"version-history":[{"count":0,"href":"https:\/\/ikastikos-kiklos.com\/en\/wp-json\/wp\/v2\/pages\/26365\/revisions"}],"wp:featuredmedia":[{"embeddable":true,"href":"https:\/\/ikastikos-kiklos.com\/en\/wp-json\/wp\/v2\/media\/26344"}],"wp:attachment":[{"href":"https:\/\/ikastikos-kiklos.com\/en\/wp-json\/wp\/v2\/media?parent=26365"}],"curies":[{"name":"wp","href":"https:\/\/api.w.org\/{rel}","templated":true}]}}