{"id":23915,"date":"2019-11-13T15:38:11","date_gmt":"2019-11-13T13:38:11","guid":{"rendered":"https:\/\/ikastikos-kiklos.com\/cv\/"},"modified":"2020-11-04T13:30:27","modified_gmt":"2020-11-04T11:30:27","slug":"cv","status":"publish","type":"page","link":"https:\/\/ikastikos-kiklos.com\/en\/cv\/","title":{"rendered":"CV"},"content":{"rendered":"<div class=\"wpb-content-wrapper\"><p>[vc_row type=&#8221;boxed&#8221;][vc_column][rev_slider_vc alias=&#8221;about-eng&#8221;][vc_row_inner][vc_column_inner][\/vc_column_inner][\/vc_row_inner][\/vc_column][\/vc_row][vc_row el_id=&#8221;vassiliki&#8221;][vc_column width=&#8221;1\/2&#8243;][vc_empty_space height=&#8221;40px&#8221;][vc_custom_heading text=&#8221;Vassiliki Sianti&#8221; use_theme_fonts=&#8221;yes&#8221; css_animation=&#8221;left-to-right&#8221;][vc_custom_heading text=&#8221;Director of the Ikastikos Kiklos Sianti Gallery&#8221; font_container=&#8221;tag:h4|text_align:left&#8221; use_theme_fonts=&#8221;yes&#8221; css_animation=&#8221;left-to-right&#8221;][vc_empty_space height=&#8221;35px&#8221;][vc_column_text]In 2016, Vasiliki Sianti returned to Greece from London, in order to undertake the direction of the new Ikastikos Kiklos Sianti Gallery, bringing back as her more valuable asset the great experience she gained by collaborating with some of the leading firms in the Art Market, such as the Saatchi Gallery and the Sotheby\u2019s. She is now collaborating with important Greek artists as their curator, as well as their consultant in matters concerning the market and the promotion of their work. At the same time, she retains and cultivates her special relations with the Visual Arts international scene, focusing on the prevailing trends in the art market.<\/p>\n<p>Having as her personal vision not only the development of the Ikastikos Kiklos Sianti Gallery, but that of Contemporary Greek Art as well, she took in 2017 the initiative to publish the first Greek Graffiti and Street Art History, followed by a joint exhibition of works by the most significant Greek street artists.<\/p>\n<p>Observing the increasing importance of the internet in the Art Market, she introduced new options for the visitors of the new Ikastikos Kiklos Sianti Gallery site (www.ikastikos-kiklos.com), such as the Educational Programs for children, the Special Exhibitions, the Informative Blog, the new Art Club card e.t.c.<\/p>\n<p>She is always searching for new ways of serving art lovers, as well as art investors in order to satisfy their every need. She strongly believes in her partners and is an advocate of teamwork.<\/p>\n<p><em>\u201cIn this fascinating world of the visual arts, I always feel like a student, collector and art dealer at the <\/em><em>same time. A visitor as well as a director. And this is such a unique feeling!\u201d<\/em>[\/vc_column_text][vc_empty_space height=&#8221;20px&#8221;][\/vc_column][vc_column width=&#8221;1\/2&#8243;][vc_empty_space height=&#8221;20px&#8221;][vc_single_image image=&#8221;17039&#8243; img_size=&#8221;full&#8221;][vc_empty_space height=&#8221;20px&#8221;][\/vc_column][\/vc_row][vc_row el_id=&#8221;thodoris&#8221;][vc_column width=&#8221;1\/2&#8243;][vc_empty_space height=&#8221;20px&#8221;][vc_single_image image=&#8221;19793&#8243; img_size=&#8221;full&#8221;][vc_empty_space height=&#8221;20px&#8221;][\/vc_column][vc_column width=&#8221;1\/2&#8243;][vc_empty_space height=&#8221;40px&#8221;][vc_custom_heading text=&#8221;Thodoris Siantis&#8221; use_theme_fonts=&#8221;yes&#8221; css_animation=&#8221;left-to-right&#8221;][vc_custom_heading text=&#8221;Art and Silk-Screen Printing Consultant, Ikastikos Kiklos Sianti&#8221; font_container=&#8221;tag:h4|text_align:left&#8221; use_theme_fonts=&#8221;yes&#8221; css_animation=&#8221;left-to-right&#8221;][vc_empty_space height=&#8221;35px&#8221;][vc_column_text]Thodoris Siantis, plays a crucial part as \u201cthe man behind the scenes\u201d of the gallery, supporting the whole project by overseeing the Silk-Screen Printing production: a unique genre of Greek Art which sprung and flourished through the Ikastikos Kiklos Sianti Gallery. In his opinion, Silk-Screen Printing is the overture to a personal collection, offering to the wider public the opportunity to get acquainted with contemporary Greek artists.<\/p>\n<p>As a connoisseur and a meticulous expert, he calculates everything with the outmost accuracy, transferring the painting\u2019s images while retaining the value of the brush stroke, the movement of the artist\u2019s hand and the artwork\u2019s special atmosphere \u2013 always in collaboration with the artist himself. His position is one of huge responsibility. It demands great knowledge since nothing of the original work should be lost. If that was to happen, <em>\u201cthe magic of the work of art would be lost\u201d<\/em>, as he puts it himself.<\/p>\n<p>Although he studied mathematics, his relationship with the Arts begun in a very young age. He first came in contact with the Art Market world while accompanying his father, Fanis, to the artists\u2019 workshops. This is where he trained his eye in catching every little detail, registering in his mind every single mannerism.<\/p>\n<p>He is in charge of the Silk-Screen Printings Department, working always side by side with the artists in order to secure their signature. He is also responsible for the gallery\u2019s digital presence, overlooking the digitalization of the artworks. Since the creation of the gallery\u2019s e-shop, he also manages the company\u2019s Shipping Department.<\/p>\n<p><em>\u201cWhen everything is ready, the visual artist finally signs and numbers the Silk-Screen Printing. In that <\/em><em>moment I know a new work of art has been born, beginning its journey to reach you\u201d.<\/em>[\/vc_column_text][vc_empty_space height=&#8221;20px&#8221;][\/vc_column][\/vc_row][vc_row el_id=&#8221;fanis&#8221;][vc_column width=&#8221;1\/2&#8243;][vc_empty_space height=&#8221;40px&#8221;][vc_custom_heading text=&#8221;Fanis Siantis&#8221; use_theme_fonts=&#8221;yes&#8221; css_animation=&#8221;left-to-right&#8221;][vc_custom_heading text=&#8221;Inspirer and founder, Ikastikos Kiklos Sianti&#8221; font_container=&#8221;tag:h4|text_align:left&#8221; use_theme_fonts=&#8221;yes&#8221; css_animation=&#8221;left-to-right&#8221;][vc_empty_space height=&#8221;35px&#8221;][vc_column_text]Fanis Siantis, Art Dealer and Collector, as well as owner of the gallery since 1980, founded the Ikastikos Kiklos along with Dinos Liberopoulos, his beloved friend and partner. He has always been a pioneer of Art Dealing, the creator of the Greek Silk-Screen Printing Market, as well as a curator of many successful exhibitions which introduced Contemporary Art to numerous homes and business spaces of the Athenian society.<\/p>\n<p>In 1996, Fanis Siantis moved the Ikastikos Kiklos to Harilaou Trikoupi St., at the famous 1.700 sq.m. gallery which was declared one of the thirty Athenian buildings of special architectural interest, by the Hellenic Institute of Architecture. It was then, that he organized one of the most historic joint<br \/>\nexhibitions of all times which marked the beginning of a new era for the Ikastikos Kiklos, presenting works by Mitaras, Fasianos, Sorogas, Tsoklis, Kokkinidis, Tetsis, Gaitis, Tsarouchis, Vasiliou and many more.<\/p>\n<p>Today, he is still an active art dealer, retaining an advisory position by the side of the Ikastikos Kiklos Sianti new management which has been taken over by his two children, Vassiliki and Thodoris. He is a true companion in supporting the gallery\u2019s aspirations, always helping in the choice of new promising artists while promoting the work of his old collaborators with whom he once built the Ikastikos Kiklos Sianti Gallery.<\/p>\n<p><em>\u201cArt is my life. I turned my passion into my profession and I now live with my friends: painters and old <\/em><em>customers.\u201d<\/em>[\/vc_column_text][vc_empty_space height=&#8221;20px&#8221;][\/vc_column][vc_column width=&#8221;1\/2&#8243;][vc_empty_space height=&#8221;20px&#8221;][vc_single_image image=&#8221;20986&#8243; img_size=&#8221;full&#8221;][vc_empty_space height=&#8221;20px&#8221;][\/vc_column][\/vc_row]<\/p>\n<\/div>","protected":false},"excerpt":{"rendered":"<p>[vc_row type=&#8221;boxed&#8221;][vc_column][rev_slider_vc alias=&#8221;about-eng&#8221;][vc_row_inner][vc_column_inner][\/vc_column_inner][\/vc_row_inner][\/vc_column][\/vc_row][vc_row el_id=&#8221;vassiliki&#8221;][vc_column width=&#8221;1\/2&#8243;][vc_empty_space height=&#8221;40px&#8221;][vc_custom_heading text=&#8221;Vassiliki Sianti&#8221; use_theme_fonts=&#8221;yes&#8221; css_animation=&#8221;left-to-right&#8221;][vc_custom_heading text=&#8221;Director of the Ikastikos Kiklos &hellip;<\/p>\n","protected":false},"author":4,"featured_media":0,"parent":0,"menu_order":0,"comment_status":"closed","ping_status":"closed","template":"","meta":{"ngg_post_thumbnail":0,"footnotes":""},"class_list":["post-23915","page","type-page","status-publish","hentry"],"yoast_head":"<!-- This site is optimized with the Yoast SEO plugin v27.2 - https:\/\/yoast.com\/product\/yoast-seo-wordpress\/ -->\n<title>CV - Ikastikos Kiklos - Zografik\u00ed - Metaxotyp\u00edes - T\u00e9chniPainting - Silk Screen - Art<\/title>\n<meta name=\"robots\" content=\"index, follow, max-snippet:-1, max-image-preview:large, max-video-preview:-1\" \/>\n<link rel=\"canonical\" href=\"https:\/\/ikastikos-kiklos.com\/en\/cv\/\" \/>\n<meta property=\"og:locale\" content=\"en_US\" \/>\n<meta property=\"og:type\" content=\"article\" \/>\n<meta property=\"og:title\" content=\"CV - Ikastikos Kiklos - Zografik\u00ed - Metaxotyp\u00edes - T\u00e9chniPainting - Silk Screen - Art\" \/>\n<meta property=\"og:url\" content=\"https:\/\/ikastikos-kiklos.com\/en\/cv\/\" \/>\n<meta property=\"og:site_name\" content=\"Ikastikos Kiklos - Zografik\u00ed - Metaxotyp\u00edes - T\u00e9chniPainting - Silk Screen - Art\" \/>\n<meta property=\"article:publisher\" content=\"https:\/\/www.facebook.com\/ikastikoskiklossianti\/\" \/>\n<meta property=\"article:modified_time\" content=\"2020-11-04T11:30:27+00:00\" \/>\n<meta name=\"twitter:card\" content=\"summary_large_image\" \/>\n<meta name=\"twitter:label1\" content=\"Est. reading time\" \/>\n\t<meta name=\"twitter:data1\" content=\"6 minutes\" \/>\n<script type=\"application\/ld+json\" class=\"yoast-schema-graph\">{\"@context\":\"https:\/\/schema.org\",\"@graph\":[{\"@type\":\"WebPage\",\"@id\":\"https:\/\/ikastikos-kiklos.com\/en\/cv\/\",\"url\":\"https:\/\/ikastikos-kiklos.com\/en\/cv\/\",\"name\":\"CV - Ikastikos Kiklos - Zografik\u00ed - Metaxotyp\u00edes - T\u00e9chniPainting - Silk Screen - Art\",\"isPartOf\":{\"@id\":\"https:\/\/ikastikos-kiklos.com\/en\/#website\"},\"datePublished\":\"2019-11-13T13:38:11+00:00\",\"dateModified\":\"2020-11-04T11:30:27+00:00\",\"breadcrumb\":{\"@id\":\"https:\/\/ikastikos-kiklos.com\/en\/cv\/#breadcrumb\"},\"inLanguage\":\"en-US\",\"potentialAction\":[{\"@type\":\"ReadAction\",\"target\":[\"https:\/\/ikastikos-kiklos.com\/en\/cv\/\"]}]},{\"@type\":\"BreadcrumbList\",\"@id\":\"https:\/\/ikastikos-kiklos.com\/en\/cv\/#breadcrumb\",\"itemListElement\":[{\"@type\":\"ListItem\",\"position\":1,\"name\":\"Home\",\"item\":\"https:\/\/ikastikos-kiklos.com\/en\/\"},{\"@type\":\"ListItem\",\"position\":2,\"name\":\"CV\"}]},{\"@type\":\"WebSite\",\"@id\":\"https:\/\/ikastikos-kiklos.com\/en\/#website\",\"url\":\"https:\/\/ikastikos-kiklos.com\/en\/\",\"name\":\"Ikastikos Kiklos - Zografik\u00ed - Metaxotyp\u00edes - T\u00e9chniPainting - Silk Screen - Art\",\"description\":\"\",\"publisher\":{\"@id\":\"https:\/\/ikastikos-kiklos.com\/en\/#organization\"},\"potentialAction\":[{\"@type\":\"SearchAction\",\"target\":{\"@type\":\"EntryPoint\",\"urlTemplate\":\"https:\/\/ikastikos-kiklos.com\/en\/?s={search_term_string}\"},\"query-input\":{\"@type\":\"PropertyValueSpecification\",\"valueRequired\":true,\"valueName\":\"search_term_string\"}}],\"inLanguage\":\"en-US\"},{\"@type\":\"Organization\",\"@id\":\"https:\/\/ikastikos-kiklos.com\/en\/#organization\",\"name\":\"Ikastikos Kiklos - Zografik\u00ed - Metaxotyp\u00edes - T\u00e9chniPainting - Silk Screen - Art\",\"url\":\"https:\/\/ikastikos-kiklos.com\/en\/\",\"logo\":{\"@type\":\"ImageObject\",\"inLanguage\":\"en-US\",\"@id\":\"https:\/\/ikastikos-kiklos.com\/en\/#\/schema\/logo\/image\/\",\"url\":\"https:\/\/ikastikos-kiklos.com\/wp-content\/uploads\/2022\/10\/cropped-favicon_ikastikos.png\",\"contentUrl\":\"https:\/\/ikastikos-kiklos.com\/wp-content\/uploads\/2022\/10\/cropped-favicon_ikastikos.png\",\"width\":512,\"height\":512,\"caption\":\"Ikastikos Kiklos - Zografik\u00ed - Metaxotyp\u00edes - T\u00e9chniPainting - Silk Screen - Art\"},\"image\":{\"@id\":\"https:\/\/ikastikos-kiklos.com\/en\/#\/schema\/logo\/image\/\"},\"sameAs\":[\"https:\/\/www.facebook.com\/ikastikoskiklossianti\/\"]}]}<\/script>\n<!-- \/ Yoast SEO plugin. -->","yoast_head_json":{"title":"CV - Ikastikos Kiklos - Zografik\u00ed - Metaxotyp\u00edes - T\u00e9chniPainting - Silk Screen - Art","robots":{"index":"index","follow":"follow","max-snippet":"max-snippet:-1","max-image-preview":"max-image-preview:large","max-video-preview":"max-video-preview:-1"},"canonical":"https:\/\/ikastikos-kiklos.com\/en\/cv\/","og_locale":"en_US","og_type":"article","og_title":"CV - Ikastikos Kiklos - Zografik\u00ed - Metaxotyp\u00edes - T\u00e9chniPainting - Silk Screen - Art","og_url":"https:\/\/ikastikos-kiklos.com\/en\/cv\/","og_site_name":"Ikastikos Kiklos - Zografik\u00ed - Metaxotyp\u00edes - T\u00e9chniPainting - Silk Screen - Art","article_publisher":"https:\/\/www.facebook.com\/ikastikoskiklossianti\/","article_modified_time":"2020-11-04T11:30:27+00:00","twitter_card":"summary_large_image","twitter_misc":{"Est. reading time":"6 minutes"},"schema":{"@context":"https:\/\/schema.org","@graph":[{"@type":"WebPage","@id":"https:\/\/ikastikos-kiklos.com\/en\/cv\/","url":"https:\/\/ikastikos-kiklos.com\/en\/cv\/","name":"CV - Ikastikos Kiklos - Zografik\u00ed - Metaxotyp\u00edes - T\u00e9chniPainting - Silk Screen - Art","isPartOf":{"@id":"https:\/\/ikastikos-kiklos.com\/en\/#website"},"datePublished":"2019-11-13T13:38:11+00:00","dateModified":"2020-11-04T11:30:27+00:00","breadcrumb":{"@id":"https:\/\/ikastikos-kiklos.com\/en\/cv\/#breadcrumb"},"inLanguage":"en-US","potentialAction":[{"@type":"ReadAction","target":["https:\/\/ikastikos-kiklos.com\/en\/cv\/"]}]},{"@type":"BreadcrumbList","@id":"https:\/\/ikastikos-kiklos.com\/en\/cv\/#breadcrumb","itemListElement":[{"@type":"ListItem","position":1,"name":"Home","item":"https:\/\/ikastikos-kiklos.com\/en\/"},{"@type":"ListItem","position":2,"name":"CV"}]},{"@type":"WebSite","@id":"https:\/\/ikastikos-kiklos.com\/en\/#website","url":"https:\/\/ikastikos-kiklos.com\/en\/","name":"Ikastikos Kiklos - Zografik\u00ed - Metaxotyp\u00edes - T\u00e9chniPainting - Silk Screen - Art","description":"","publisher":{"@id":"https:\/\/ikastikos-kiklos.com\/en\/#organization"},"potentialAction":[{"@type":"SearchAction","target":{"@type":"EntryPoint","urlTemplate":"https:\/\/ikastikos-kiklos.com\/en\/?s={search_term_string}"},"query-input":{"@type":"PropertyValueSpecification","valueRequired":true,"valueName":"search_term_string"}}],"inLanguage":"en-US"},{"@type":"Organization","@id":"https:\/\/ikastikos-kiklos.com\/en\/#organization","name":"Ikastikos Kiklos - Zografik\u00ed - Metaxotyp\u00edes - T\u00e9chniPainting - Silk Screen - Art","url":"https:\/\/ikastikos-kiklos.com\/en\/","logo":{"@type":"ImageObject","inLanguage":"en-US","@id":"https:\/\/ikastikos-kiklos.com\/en\/#\/schema\/logo\/image\/","url":"https:\/\/ikastikos-kiklos.com\/wp-content\/uploads\/2022\/10\/cropped-favicon_ikastikos.png","contentUrl":"https:\/\/ikastikos-kiklos.com\/wp-content\/uploads\/2022\/10\/cropped-favicon_ikastikos.png","width":512,"height":512,"caption":"Ikastikos Kiklos - Zografik\u00ed - Metaxotyp\u00edes - T\u00e9chniPainting - Silk Screen - Art"},"image":{"@id":"https:\/\/ikastikos-kiklos.com\/en\/#\/schema\/logo\/image\/"},"sameAs":["https:\/\/www.facebook.com\/ikastikoskiklossianti\/"]}]}},"_links":{"self":[{"href":"https:\/\/ikastikos-kiklos.com\/en\/wp-json\/wp\/v2\/pages\/23915","targetHints":{"allow":["GET"]}}],"collection":[{"href":"https:\/\/ikastikos-kiklos.com\/en\/wp-json\/wp\/v2\/pages"}],"about":[{"href":"https:\/\/ikastikos-kiklos.com\/en\/wp-json\/wp\/v2\/types\/page"}],"author":[{"embeddable":true,"href":"https:\/\/ikastikos-kiklos.com\/en\/wp-json\/wp\/v2\/users\/4"}],"replies":[{"embeddable":true,"href":"https:\/\/ikastikos-kiklos.com\/en\/wp-json\/wp\/v2\/comments?post=23915"}],"version-history":[{"count":0,"href":"https:\/\/ikastikos-kiklos.com\/en\/wp-json\/wp\/v2\/pages\/23915\/revisions"}],"wp:attachment":[{"href":"https:\/\/ikastikos-kiklos.com\/en\/wp-json\/wp\/v2\/media?parent=23915"}],"curies":[{"name":"wp","href":"https:\/\/api.w.org\/{rel}","templated":true}]}}