{"id":23290,"date":"2019-08-29T18:44:10","date_gmt":"2019-08-29T15:44:10","guid":{"rendered":"https:\/\/ikastikos-kiklos.com\/sculptors\/rokos-kyriakos\/"},"modified":"2020-07-03T13:57:01","modified_gmt":"2020-07-03T10:57:01","slug":"rokos-kyriakos","status":"publish","type":"page","link":"https:\/\/ikastikos-kiklos.com\/en\/sculptors\/rokos-kyriakos\/","title":{"rendered":"Rokos Kyriakos"},"content":{"rendered":"<div class=\"wpb-content-wrapper\"><p>[vc_row][vc_column][vc_custom_heading text=&#8221;CV&#8221;][\/vc_column][\/vc_row][vc_row][vc_column][\/vc_column][\/vc_row][vc_row][vc_column][vc_column_text]<\/p>\n<h1>Rokos Kyriakos<\/h1>\n<p>He was born in Ioannina in 1945. At first he <strong>studied drawing at P. Sarafianos\u2019 studio<\/strong>. He studied <strong>sculpture<\/strong> and <strong>plaster casting<\/strong> at the Athens School of Fine Arts of Athens, under Y. Pappas and N. Kerlis (1965-1969) on a Greek state scholarship (IKY). He continued his studies on an Athens Academy fund <strong>at the \u00c9cole des Beaux Arts in Paris<\/strong> (1972-1976), <strong>in Cesar\u2019s studio<\/strong>, and also <strong>under K. Koulentianos<\/strong>. His first solo exhibition was presented in Athens in 1972 (Nees Morfes gallery).&nbsp;<br \/>\n<strong>One of the most characteristic morphoplastic features of his sculpture is the close, almost physical relationship between form and material<\/strong> (stone, wood, metal). Forms emerge from the interior of the material, usually with direct carving, as if coming into being through its mass. The immediacy of this process alludes sometimes to a kind of automation, enhanced by fragmentation and a \u2018beyond logic\u2019 approach in organizing forms. <strong>The freedom of expression at the limits of surrealism is in line with his technical excellence, but also with an emphasis on the conceptual\/ideological content of the works.&nbsp;<\/strong><\/p>\n<p><img loading=\"lazy\" decoding=\"async\" class=\"aligncenter size-full wp-image-26696\" src=\"https:\/\/ikastikos-kiklos.com\/wp-content\/uploads\/2020\/07\/kiriakos-rokos.jpg\" alt=\"\" width=\"710\" height=\"399\" srcset=\"https:\/\/ikastikos-kiklos.com\/wp-content\/uploads\/2020\/07\/kiriakos-rokos.jpg 710w, https:\/\/ikastikos-kiklos.com\/wp-content\/uploads\/2020\/07\/kiriakos-rokos-300x169.jpg 300w, https:\/\/ikastikos-kiklos.com\/wp-content\/uploads\/2020\/07\/kiriakos-rokos-680x382.jpg 680w, https:\/\/ikastikos-kiklos.com\/wp-content\/uploads\/2020\/07\/kiriakos-rokos-700x393.jpg 700w, https:\/\/ikastikos-kiklos.com\/wp-content\/uploads\/2020\/07\/kiriakos-rokos-220x124.jpg 220w, https:\/\/ikastikos-kiklos.com\/wp-content\/uploads\/2020\/07\/kiriakos-rokos-140x79.jpg 140w, https:\/\/ikastikos-kiklos.com\/wp-content\/uploads\/2020\/07\/kiriakos-rokos-350x197.jpg 350w, https:\/\/ikastikos-kiklos.com\/wp-content\/uploads\/2020\/07\/kiriakos-rokos-595x334.jpg 595w\" sizes=\"auto, (max-width: 710px) 100vw, 710px\" \/><br \/>\n<strong>He has taught drawing at the Vakalo Art &amp; Design College<\/strong> (1981-1983) and is emeritus professor and <strong>head of the Department of Antiquities and Artworks Conservation at the TEI of Athens<\/strong>, where he established the 1st Plastic Studio (1983). He is a <strong>founding member of the Art and Philosophy Group<\/strong>. He has cooperated many times with the Karolos Kuhn Theatre (Theatro Technis), <strong>designing masks<\/strong>, and with the National Theatre of Greece and the Municipal and Regional Theatre of Ioannina as <strong>stage designer<\/strong>. He has also <strong>created medals<\/strong>, <strong>plaques<\/strong>, and <strong>logos<\/strong> for various institutions and organizations. His artworks are situated at <strong>public spaces in many cities of Greece<\/strong> and other countries. <strong>His writings have been published in newspapers and magazines.<\/strong>&nbsp;<br \/>\n<strong>He has often been awarded by many organizations and art events<\/strong>: Onassis Cultural Centre first sculpture prize (1981), Chamber of Fine Arts of Greece (EETE) first sculptural prize (National Garden of Athens, 1984) , Monument award NTUA (1988), First prize for Georgios Papanikolaou\u2019s bust (2004) , \u2018Vangjush Mio\u2019 award (Korca \u2013 Albania, 2007), among others.&nbsp;<\/p>\n<p><img loading=\"lazy\" decoding=\"async\" class=\"aligncenter size-full wp-image-26698\" src=\"https:\/\/ikastikos-kiklos.com\/wp-content\/uploads\/2020\/07\/2017-07-04-kyriakos-rokos2-14991054521.jpg\" alt=\"\" width=\"800\" height=\"600\" srcset=\"https:\/\/ikastikos-kiklos.com\/wp-content\/uploads\/2020\/07\/2017-07-04-kyriakos-rokos2-14991054521.jpg 800w, https:\/\/ikastikos-kiklos.com\/wp-content\/uploads\/2020\/07\/2017-07-04-kyriakos-rokos2-14991054521-300x225.jpg 300w, https:\/\/ikastikos-kiklos.com\/wp-content\/uploads\/2020\/07\/2017-07-04-kyriakos-rokos2-14991054521-768x576.jpg 768w, https:\/\/ikastikos-kiklos.com\/wp-content\/uploads\/2020\/07\/2017-07-04-kyriakos-rokos2-14991054521-680x510.jpg 680w, https:\/\/ikastikos-kiklos.com\/wp-content\/uploads\/2020\/07\/2017-07-04-kyriakos-rokos2-14991054521-700x525.jpg 700w, https:\/\/ikastikos-kiklos.com\/wp-content\/uploads\/2020\/07\/2017-07-04-kyriakos-rokos2-14991054521-220x165.jpg 220w, https:\/\/ikastikos-kiklos.com\/wp-content\/uploads\/2020\/07\/2017-07-04-kyriakos-rokos2-14991054521-140x105.jpg 140w, https:\/\/ikastikos-kiklos.com\/wp-content\/uploads\/2020\/07\/2017-07-04-kyriakos-rokos2-14991054521-350x263.jpg 350w, https:\/\/ikastikos-kiklos.com\/wp-content\/uploads\/2020\/07\/2017-07-04-kyriakos-rokos2-14991054521-595x446.jpg 595w\" sizes=\"auto, (max-width: 800px) 100vw, 800px\" \/><br \/>\n<strong>He has presented his work in over thirty solo exhibitions in various cities of Greece and other countries<\/strong> (Germany, France). He has also participated in numerous group exhibitions, international art events and sculpture symposiums in Greece and other European cities: Salon de la Jeune Sculpture (Paris: 1974-1976), Sixieme Biennale de la Sculpture Contemporaine, Museum Rodin, Paris (1974), Art Expo, New York (1980), 8th International Small Sculpture Triennial, Budapest (1990), International Symposium of Sculpture, Luxembourg (1999), International Contemporary Art Biennial of Arad, Romania (2009), etc.<br \/>\n[\/vc_column_text][\/vc_column][\/vc_row][vc_row][vc_column][vc_video link=&#8221;https:\/\/www.youtube.com\/watch?v=kepvCIVdDxI&#8221;][\/vc_column][\/vc_row]<\/p>\n<\/div>","protected":false},"excerpt":{"rendered":"<p>[vc_row][vc_column][vc_custom_heading text=&#8221;CV&#8221;][\/vc_column][\/vc_row][vc_row][vc_column][\/vc_column][\/vc_row][vc_row][vc_column][vc_column_text] Rokos Kyriakos He was born in Ioannina in 1945. At first he studied &hellip;<\/p>\n","protected":false},"author":2,"featured_media":0,"parent":2906,"menu_order":0,"comment_status":"closed","ping_status":"closed","template":"page-glyptes.php","meta":{"ngg_post_thumbnail":0,"footnotes":""},"class_list":["post-23290","page","type-page","status-publish","hentry"],"yoast_head":"<!-- This site is optimized with the Yoast SEO plugin v27.4 - https:\/\/yoast.com\/product\/yoast-seo-wordpress\/ -->\n<title>View Rokos Kyriakos profile at Ikastikos Kiklos Sianti Gallery<\/title>\n<meta name=\"robots\" content=\"index, follow, max-snippet:-1, max-image-preview:large, max-video-preview:-1\" \/>\n<link rel=\"canonical\" href=\"https:\/\/ikastikos-kiklos.com\/en\/sculptors\/rokos-kyriakos\/\" \/>\n<meta property=\"og:locale\" content=\"en_US\" \/>\n<meta property=\"og:type\" content=\"article\" \/>\n<meta property=\"og:title\" content=\"View Rokos Kyriakos profile at Ikastikos Kiklos Sianti Gallery\" \/>\n<meta property=\"og:url\" content=\"https:\/\/ikastikos-kiklos.com\/en\/sculptors\/rokos-kyriakos\/\" \/>\n<meta property=\"og:site_name\" content=\"Ikastikos Kiklos - Zografik\u00ed - Metaxotyp\u00edes - T\u00e9chniPainting - Silk Screen - Art\" \/>\n<meta property=\"article:publisher\" content=\"https:\/\/www.facebook.com\/ikastikoskiklossianti\/\" \/>\n<meta property=\"article:modified_time\" content=\"2020-07-03T10:57:01+00:00\" \/>\n<meta property=\"og:image\" content=\"https:\/\/ikastikos-kiklos.com\/wp-content\/uploads\/2020\/07\/kiriakos-rokos.jpg\" \/>\n<meta name=\"twitter:card\" content=\"summary_large_image\" \/>\n<meta name=\"twitter:label1\" content=\"Est. reading time\" \/>\n\t<meta name=\"twitter:data1\" content=\"2 minutes\" \/>\n<script type=\"application\/ld+json\" class=\"yoast-schema-graph\">{\"@context\":\"https:\\\/\\\/schema.org\",\"@graph\":[{\"@type\":\"WebPage\",\"@id\":\"https:\\\/\\\/ikastikos-kiklos.com\\\/en\\\/sculptors\\\/rokos-kyriakos\\\/\",\"url\":\"https:\\\/\\\/ikastikos-kiklos.com\\\/en\\\/sculptors\\\/rokos-kyriakos\\\/\",\"name\":\"View Rokos Kyriakos profile at Ikastikos Kiklos Sianti Gallery\",\"isPartOf\":{\"@id\":\"https:\\\/\\\/ikastikos-kiklos.com\\\/en\\\/#website\"},\"primaryImageOfPage\":{\"@id\":\"https:\\\/\\\/ikastikos-kiklos.com\\\/en\\\/sculptors\\\/rokos-kyriakos\\\/#primaryimage\"},\"image\":{\"@id\":\"https:\\\/\\\/ikastikos-kiklos.com\\\/en\\\/sculptors\\\/rokos-kyriakos\\\/#primaryimage\"},\"thumbnailUrl\":\"https:\\\/\\\/ikastikos-kiklos.com\\\/wp-content\\\/uploads\\\/2020\\\/07\\\/kiriakos-rokos.jpg\",\"datePublished\":\"2019-08-29T15:44:10+00:00\",\"dateModified\":\"2020-07-03T10:57:01+00:00\",\"breadcrumb\":{\"@id\":\"https:\\\/\\\/ikastikos-kiklos.com\\\/en\\\/sculptors\\\/rokos-kyriakos\\\/#breadcrumb\"},\"inLanguage\":\"en-US\",\"potentialAction\":[{\"@type\":\"ReadAction\",\"target\":[\"https:\\\/\\\/ikastikos-kiklos.com\\\/en\\\/sculptors\\\/rokos-kyriakos\\\/\"]}]},{\"@type\":\"ImageObject\",\"inLanguage\":\"en-US\",\"@id\":\"https:\\\/\\\/ikastikos-kiklos.com\\\/en\\\/sculptors\\\/rokos-kyriakos\\\/#primaryimage\",\"url\":\"https:\\\/\\\/ikastikos-kiklos.com\\\/wp-content\\\/uploads\\\/2020\\\/07\\\/kiriakos-rokos.jpg\",\"contentUrl\":\"https:\\\/\\\/ikastikos-kiklos.com\\\/wp-content\\\/uploads\\\/2020\\\/07\\\/kiriakos-rokos.jpg\"},{\"@type\":\"BreadcrumbList\",\"@id\":\"https:\\\/\\\/ikastikos-kiklos.com\\\/en\\\/sculptors\\\/rokos-kyriakos\\\/#breadcrumb\",\"itemListElement\":[{\"@type\":\"ListItem\",\"position\":1,\"name\":\"Home\",\"item\":\"https:\\\/\\\/ikastikos-kiklos.com\\\/en\\\/\"},{\"@type\":\"ListItem\",\"position\":2,\"name\":\"Sculptors\",\"item\":\"https:\\\/\\\/ikastikos-kiklos.com\\\/en\\\/sculptors\\\/\"},{\"@type\":\"ListItem\",\"position\":3,\"name\":\"Rokos Kyriakos\"}]},{\"@type\":\"WebSite\",\"@id\":\"https:\\\/\\\/ikastikos-kiklos.com\\\/en\\\/#website\",\"url\":\"https:\\\/\\\/ikastikos-kiklos.com\\\/en\\\/\",\"name\":\"Ikastikos Kiklos - Zografik\u00ed - Metaxotyp\u00edes - T\u00e9chniPainting - Silk Screen - Art\",\"description\":\"\",\"publisher\":{\"@id\":\"https:\\\/\\\/ikastikos-kiklos.com\\\/en\\\/#organization\"},\"potentialAction\":[{\"@type\":\"SearchAction\",\"target\":{\"@type\":\"EntryPoint\",\"urlTemplate\":\"https:\\\/\\\/ikastikos-kiklos.com\\\/en\\\/?s={search_term_string}\"},\"query-input\":{\"@type\":\"PropertyValueSpecification\",\"valueRequired\":true,\"valueName\":\"search_term_string\"}}],\"inLanguage\":\"en-US\"},{\"@type\":\"Organization\",\"@id\":\"https:\\\/\\\/ikastikos-kiklos.com\\\/en\\\/#organization\",\"name\":\"Ikastikos Kiklos - Zografik\u00ed - Metaxotyp\u00edes - T\u00e9chniPainting - Silk Screen - Art\",\"url\":\"https:\\\/\\\/ikastikos-kiklos.com\\\/en\\\/\",\"logo\":{\"@type\":\"ImageObject\",\"inLanguage\":\"en-US\",\"@id\":\"https:\\\/\\\/ikastikos-kiklos.com\\\/en\\\/#\\\/schema\\\/logo\\\/image\\\/\",\"url\":\"https:\\\/\\\/ikastikos-kiklos.com\\\/wp-content\\\/uploads\\\/2022\\\/10\\\/cropped-favicon_ikastikos.png\",\"contentUrl\":\"https:\\\/\\\/ikastikos-kiklos.com\\\/wp-content\\\/uploads\\\/2022\\\/10\\\/cropped-favicon_ikastikos.png\",\"width\":512,\"height\":512,\"caption\":\"Ikastikos Kiklos - Zografik\u00ed - Metaxotyp\u00edes - T\u00e9chniPainting - Silk Screen - Art\"},\"image\":{\"@id\":\"https:\\\/\\\/ikastikos-kiklos.com\\\/en\\\/#\\\/schema\\\/logo\\\/image\\\/\"},\"sameAs\":[\"https:\\\/\\\/www.facebook.com\\\/ikastikoskiklossianti\\\/\"]}]}<\/script>\n<!-- \/ Yoast SEO plugin. -->","yoast_head_json":{"title":"View Rokos Kyriakos profile at Ikastikos Kiklos Sianti Gallery","robots":{"index":"index","follow":"follow","max-snippet":"max-snippet:-1","max-image-preview":"max-image-preview:large","max-video-preview":"max-video-preview:-1"},"canonical":"https:\/\/ikastikos-kiklos.com\/en\/sculptors\/rokos-kyriakos\/","og_locale":"en_US","og_type":"article","og_title":"View Rokos Kyriakos profile at Ikastikos Kiklos Sianti Gallery","og_url":"https:\/\/ikastikos-kiklos.com\/en\/sculptors\/rokos-kyriakos\/","og_site_name":"Ikastikos Kiklos - Zografik\u00ed - Metaxotyp\u00edes - T\u00e9chniPainting - Silk Screen - Art","article_publisher":"https:\/\/www.facebook.com\/ikastikoskiklossianti\/","article_modified_time":"2020-07-03T10:57:01+00:00","og_image":[{"url":"https:\/\/ikastikos-kiklos.com\/wp-content\/uploads\/2020\/07\/kiriakos-rokos.jpg","type":"","width":"","height":""}],"twitter_card":"summary_large_image","twitter_misc":{"Est. reading time":"2 minutes"},"schema":{"@context":"https:\/\/schema.org","@graph":[{"@type":"WebPage","@id":"https:\/\/ikastikos-kiklos.com\/en\/sculptors\/rokos-kyriakos\/","url":"https:\/\/ikastikos-kiklos.com\/en\/sculptors\/rokos-kyriakos\/","name":"View Rokos Kyriakos profile at Ikastikos Kiklos Sianti Gallery","isPartOf":{"@id":"https:\/\/ikastikos-kiklos.com\/en\/#website"},"primaryImageOfPage":{"@id":"https:\/\/ikastikos-kiklos.com\/en\/sculptors\/rokos-kyriakos\/#primaryimage"},"image":{"@id":"https:\/\/ikastikos-kiklos.com\/en\/sculptors\/rokos-kyriakos\/#primaryimage"},"thumbnailUrl":"https:\/\/ikastikos-kiklos.com\/wp-content\/uploads\/2020\/07\/kiriakos-rokos.jpg","datePublished":"2019-08-29T15:44:10+00:00","dateModified":"2020-07-03T10:57:01+00:00","breadcrumb":{"@id":"https:\/\/ikastikos-kiklos.com\/en\/sculptors\/rokos-kyriakos\/#breadcrumb"},"inLanguage":"en-US","potentialAction":[{"@type":"ReadAction","target":["https:\/\/ikastikos-kiklos.com\/en\/sculptors\/rokos-kyriakos\/"]}]},{"@type":"ImageObject","inLanguage":"en-US","@id":"https:\/\/ikastikos-kiklos.com\/en\/sculptors\/rokos-kyriakos\/#primaryimage","url":"https:\/\/ikastikos-kiklos.com\/wp-content\/uploads\/2020\/07\/kiriakos-rokos.jpg","contentUrl":"https:\/\/ikastikos-kiklos.com\/wp-content\/uploads\/2020\/07\/kiriakos-rokos.jpg"},{"@type":"BreadcrumbList","@id":"https:\/\/ikastikos-kiklos.com\/en\/sculptors\/rokos-kyriakos\/#breadcrumb","itemListElement":[{"@type":"ListItem","position":1,"name":"Home","item":"https:\/\/ikastikos-kiklos.com\/en\/"},{"@type":"ListItem","position":2,"name":"Sculptors","item":"https:\/\/ikastikos-kiklos.com\/en\/sculptors\/"},{"@type":"ListItem","position":3,"name":"Rokos Kyriakos"}]},{"@type":"WebSite","@id":"https:\/\/ikastikos-kiklos.com\/en\/#website","url":"https:\/\/ikastikos-kiklos.com\/en\/","name":"Ikastikos Kiklos - Zografik\u00ed - Metaxotyp\u00edes - T\u00e9chniPainting - Silk Screen - Art","description":"","publisher":{"@id":"https:\/\/ikastikos-kiklos.com\/en\/#organization"},"potentialAction":[{"@type":"SearchAction","target":{"@type":"EntryPoint","urlTemplate":"https:\/\/ikastikos-kiklos.com\/en\/?s={search_term_string}"},"query-input":{"@type":"PropertyValueSpecification","valueRequired":true,"valueName":"search_term_string"}}],"inLanguage":"en-US"},{"@type":"Organization","@id":"https:\/\/ikastikos-kiklos.com\/en\/#organization","name":"Ikastikos Kiklos - Zografik\u00ed - Metaxotyp\u00edes - T\u00e9chniPainting - Silk Screen - Art","url":"https:\/\/ikastikos-kiklos.com\/en\/","logo":{"@type":"ImageObject","inLanguage":"en-US","@id":"https:\/\/ikastikos-kiklos.com\/en\/#\/schema\/logo\/image\/","url":"https:\/\/ikastikos-kiklos.com\/wp-content\/uploads\/2022\/10\/cropped-favicon_ikastikos.png","contentUrl":"https:\/\/ikastikos-kiklos.com\/wp-content\/uploads\/2022\/10\/cropped-favicon_ikastikos.png","width":512,"height":512,"caption":"Ikastikos Kiklos - Zografik\u00ed - Metaxotyp\u00edes - T\u00e9chniPainting - Silk Screen - Art"},"image":{"@id":"https:\/\/ikastikos-kiklos.com\/en\/#\/schema\/logo\/image\/"},"sameAs":["https:\/\/www.facebook.com\/ikastikoskiklossianti\/"]}]}},"_links":{"self":[{"href":"https:\/\/ikastikos-kiklos.com\/en\/wp-json\/wp\/v2\/pages\/23290","targetHints":{"allow":["GET"]}}],"collection":[{"href":"https:\/\/ikastikos-kiklos.com\/en\/wp-json\/wp\/v2\/pages"}],"about":[{"href":"https:\/\/ikastikos-kiklos.com\/en\/wp-json\/wp\/v2\/types\/page"}],"author":[{"embeddable":true,"href":"https:\/\/ikastikos-kiklos.com\/en\/wp-json\/wp\/v2\/users\/2"}],"replies":[{"embeddable":true,"href":"https:\/\/ikastikos-kiklos.com\/en\/wp-json\/wp\/v2\/comments?post=23290"}],"version-history":[{"count":0,"href":"https:\/\/ikastikos-kiklos.com\/en\/wp-json\/wp\/v2\/pages\/23290\/revisions"}],"up":[{"embeddable":true,"href":"https:\/\/ikastikos-kiklos.com\/en\/wp-json\/wp\/v2\/pages\/2906"}],"wp:attachment":[{"href":"https:\/\/ikastikos-kiklos.com\/en\/wp-json\/wp\/v2\/media?parent=23290"}],"curies":[{"name":"wp","href":"https:\/\/api.w.org\/{rel}","templated":true}]}}