{"id":21850,"date":"2019-03-13T16:42:30","date_gmt":"2019-03-13T14:42:30","guid":{"rendered":"https:\/\/ikastikos-kiklos.com\/?page_id=21850"},"modified":"2019-03-13T16:49:00","modified_gmt":"2019-03-13T14:49:00","slug":"certificates-of-authenticity","status":"publish","type":"page","link":"https:\/\/ikastikos-kiklos.com\/en\/certificates-of-authenticity\/","title":{"rendered":"Certificates of Authenticity"},"content":{"rendered":"<div class=\"wpb-content-wrapper\"><p>[vc_row type=&#8221;full-nopad&#8221;][vc_column][vc_single_image image=&#8221;21295&#8243; img_size=&#8221;full&#8221;][vc_separator accent_color=&#8221;#a3a3a3&#8243;][\/vc_column][\/vc_row][vc_row type=&#8221;boxed&#8221;][vc_column][vc_row_inner][vc_column_inner][vc_empty_space height=&#8221;25px&#8221;][vc_custom_heading text=&#8221;Certificates of Authenticity&#8221; font_container=&#8221;tag:h2|text_align:center&#8221;][\/vc_column_inner][\/vc_row_inner][vc_empty_space height=&#8221;25px&#8221;][vc_column_text]<\/p>\n<p style=\"text-align: center;\">Did you know that every work of art must be accompanied by a Certificate of Authenticity? To put it simple, our <strong>work of art<\/strong> is a <strong>living entity <\/strong>and its certificate is its ID. A Certificate of Authenticity accompanies the work of art from its first owner to the last, whether it changes hands or not. <strong>The Certificate of Authenticity is provided by the gallery <\/strong>to the new owner and certifies or verifies a series of information forming the artwork\u2019s special ID.<\/p>\n<p style=\"text-align: center;\">Our gallery, <strong>with respect to its customers, artists and history, <\/strong>provides Certificates of Authenticity for any item it provides, regardless its monetary value. It is your <strong>proof<\/strong> that the artwork you have in your hands is an authentic, fulfilling all requirements of purchase, sale or resale.<\/p>\n<p style=\"text-align: center;\">A Certificate of Authenticity is more than just a piece of paper. It is your <strong>proof that you are the legal owner of the artwork<\/strong>, giving you the right to use it as you please (lend, resell, exhibit, insure it \u2013 except reproduce it). All <strong>spiritual rights <\/strong>are reserved for the artist.<\/p>\n<p style=\"text-align: center;\">So next time you purchase an artwork, please keep its Certificate of Authenticity in a safe place. Certificates of Authenticity are only issued once.<\/p>\n<p>[\/vc_column_text][vc_empty_space height=&#8221;25px&#8221;][vc_separator accent_color=&#8221;#a3a3a3&#8243;][\/vc_column][\/vc_row][vc_row][vc_column width=&#8221;1\/2&#8243;][vc_single_image image=&#8221;21355&#8243; img_size=&#8221;full&#8221; alignment=&#8221;center&#8221; onclick=&#8221;custom_link&#8221; img_link_target=&#8221;_blank&#8221;][vc_empty_space height=&#8221;20px&#8221;][\/vc_column][vc_column width=&#8221;1\/2&#8243;][vc_empty_space height=&#8221;60px&#8221;][vc_custom_heading text=&#8221;Certificates&#8221; use_theme_fonts=&#8221;yes&#8221; css_animation=&#8221;left-to-right&#8221;][vc_custom_heading text=&#8221;of Paintings&#8221; font_container=&#8221;tag:h4|text_align:left&#8221; use_theme_fonts=&#8221;yes&#8221; css_animation=&#8221;left-to-right&#8221;][vc_empty_space height=&#8221;35px&#8221;][vc_column_text]<\/p>\n<p style=\"text-align: justify;\">A painting\u2019s Certificate of Authenticity is a painting\u2019s ID. It informs us of the painter\u2019s name, its materials, dimensions, year of creation, the new owner\u2019s name, as well as the date of the latest resell. It is <strong>signed and sealed<\/strong> by us. The painting itself will bear the artist\u2019s signature &#8211; as it should be the case for any work of art.<\/p>\n<p>[\/vc_column_text][vc_empty_space height=&#8221;20px&#8221;][\/vc_column][\/vc_row][vc_row][vc_column][vc_separator accent_color=&#8221;#a3a3a3&#8243;][\/vc_column][\/vc_row][vc_row][vc_column width=&#8221;1\/2&#8243;][vc_empty_space height=&#8221;60px&#8221;][vc_custom_heading text=&#8221;Certificates&#8221; use_theme_fonts=&#8221;yes&#8221; css_animation=&#8221;left-to-right&#8221;][vc_custom_heading text=&#8221;of Sculptures&#8221; font_container=&#8221;tag:h4|text_align:left&#8221; use_theme_fonts=&#8221;yes&#8221; css_animation=&#8221;left-to-right&#8221;][vc_empty_space height=&#8221;35px&#8221;][vc_column_text]<\/p>\n<p style=\"text-align: justify;\">A sculpture\u2019s Certificate of Authenticity is a sculpture\u2019s ID. It informs us of the sculptor\u2019s name, its title, its material (which is part of a sculpture\u2019s historic and semantic analysis), the company you have bought it from (which signs and seals the certificate, guaranteeing it is an original work of the above-mentioned sculptor), its dimensions and the year of its creation. It also records the new owner\u2019s name, as well as the date of the resell.<\/p>\n<p>[\/vc_column_text][vc_empty_space height=&#8221;20px&#8221;][\/vc_column][vc_column width=&#8221;1\/2&#8243;][vc_single_image image=&#8221;21359&#8243; img_size=&#8221;full&#8221; alignment=&#8221;center&#8221; onclick=&#8221;custom_link&#8221; img_link_target=&#8221;_blank&#8221;][vc_empty_space height=&#8221;20px&#8221;][\/vc_column][\/vc_row][vc_row][vc_column][vc_separator accent_color=&#8221;#a3a3a3&#8243;][\/vc_column][\/vc_row][vc_row][vc_column width=&#8221;1\/2&#8243;][vc_single_image image=&#8221;21361&#8243; img_size=&#8221;full&#8221; alignment=&#8221;center&#8221; onclick=&#8221;custom_link&#8221; img_link_target=&#8221;_blank&#8221;][vc_empty_space height=&#8221;20px&#8221;][\/vc_column][vc_column width=&#8221;1\/2&#8243;][vc_empty_space height=&#8221;60px&#8221;][vc_custom_heading text=&#8221;Certificates&#8221; use_theme_fonts=&#8221;yes&#8221; css_animation=&#8221;left-to-right&#8221;][vc_custom_heading text=&#8221;of Silk screen printings&#8221; font_container=&#8221;tag:h4|text_align:left&#8221; use_theme_fonts=&#8221;yes&#8221; css_animation=&#8221;left-to-right&#8221;][vc_empty_space height=&#8221;35px&#8221;][vc_column_text]<\/p>\n<p style=\"text-align: justify;\">A silk screen printing\u2019s Certificate of Authenticity is an authentic, numbered silk screen printing\u2019s ID informing us of its painter and numbering. All reproductions are signed and numbered by the artist himself. The Certificate of Authenticity verifies the destruction of the matrix after the creation of a pre-decided number of reproductions. If instead of a numbering, it contains the initials E.A. (<em><strong>\u00e9preuve d&#8217;artiste) <\/strong><\/em><em>or H.C., then it is one of the models produced before reaching a perfect reproduction of the <strong>painting<\/strong> \u2013 both chromatically and aesthetically. Each such model is a unique work of art, since it differs chromatically from the previous, as well as the next one, something which bestows it with a special collectible value.<\/em><\/p>\n<p>[\/vc_column_text][vc_empty_space height=&#8221;20px&#8221;][\/vc_column][\/vc_row][vc_row][vc_column][vc_separator accent_color=&#8221;#a3a3a3&#8243;][\/vc_column][\/vc_row][vc_row el_id=&#8221;vassiliki&#8221;][vc_column width=&#8221;1\/2&#8243;][vc_empty_space height=&#8221;60px&#8221;][vc_custom_heading text=&#8221;Certificates&#8221; use_theme_fonts=&#8221;yes&#8221; css_animation=&#8221;left-to-right&#8221;][vc_custom_heading text=&#8221;of Microsculptures &#8221; font_container=&#8221;tag:h4|text_align:left&#8221; use_theme_fonts=&#8221;yes&#8221; css_animation=&#8221;left-to-right&#8221;][vc_empty_space height=&#8221;35px&#8221;][vc_column_text]<\/p>\n<p style=\"text-align: justify;\">A microsculpture\u2019s Certificate of Authenticity is a microsculpture\u2019s ID. It informs us of the sculptor\u2019s name, its title, its numbering (carved by the sculptor, if he\/she wishes a limited reproduction) accompanied by his\/her signature on the sculpture itself. All <strong>microsculptures<\/strong> are signed by the <strong>artist<\/strong>.<\/p>\n<p>[\/vc_column_text][vc_empty_space height=&#8221;20px&#8221;][\/vc_column][vc_column width=&#8221;1\/2&#8243;][vc_single_image image=&#8221;21357&#8243; img_size=&#8221;full&#8221; alignment=&#8221;center&#8221; onclick=&#8221;custom_link&#8221; img_link_target=&#8221;_blank&#8221;][vc_empty_space height=&#8221;20px&#8221;][\/vc_column][\/vc_row][vc_row][vc_column][vc_separator accent_color=&#8221;#a3a3a3&#8243;][\/vc_column][\/vc_row]<\/p>\n<\/div>","protected":false},"excerpt":{"rendered":"<p>[vc_row type=&#8221;full-nopad&#8221;][vc_column][vc_single_image image=&#8221;21295&#8243; img_size=&#8221;full&#8221;][vc_separator accent_color=&#8221;#a3a3a3&#8243;][\/vc_column][\/vc_row][vc_row type=&#8221;boxed&#8221;][vc_column][vc_row_inner][vc_column_inner][vc_empty_space height=&#8221;25px&#8221;][vc_custom_heading text=&#8221;Certificates of Authenticity&#8221; font_container=&#8221;tag:h2|text_align:center&#8221;][\/vc_column_inner][\/vc_row_inner][vc_empty_space height=&#8221;25px&#8221;][vc_column_text] Did you know &hellip;<\/p>\n","protected":false},"author":4,"featured_media":0,"parent":0,"menu_order":0,"comment_status":"closed","ping_status":"closed","template":"page-full.php","meta":{"ngg_post_thumbnail":0,"footnotes":""},"class_list":["post-21850","page","type-page","status-publish","hentry"],"yoast_head":"<!-- This site is optimized with the Yoast SEO plugin v27.4 - https:\/\/yoast.com\/product\/yoast-seo-wordpress\/ -->\n<title>Certificates of Authenticity - Ikastikos Kiklos - Zografik\u00ed - Metaxotyp\u00edes - T\u00e9chniPainting - Silk Screen - Art<\/title>\n<meta name=\"robots\" content=\"index, follow, max-snippet:-1, max-image-preview:large, max-video-preview:-1\" \/>\n<link rel=\"canonical\" href=\"https:\/\/ikastikos-kiklos.com\/en\/certificates-of-authenticity\/\" \/>\n<meta property=\"og:locale\" content=\"en_US\" \/>\n<meta property=\"og:type\" content=\"article\" \/>\n<meta property=\"og:title\" content=\"Certificates of Authenticity - Ikastikos Kiklos - Zografik\u00ed - Metaxotyp\u00edes - T\u00e9chniPainting - Silk Screen - Art\" \/>\n<meta property=\"og:url\" content=\"https:\/\/ikastikos-kiklos.com\/en\/certificates-of-authenticity\/\" \/>\n<meta property=\"og:site_name\" content=\"Ikastikos Kiklos - Zografik\u00ed - Metaxotyp\u00edes - T\u00e9chniPainting - Silk Screen - Art\" \/>\n<meta property=\"article:publisher\" content=\"https:\/\/www.facebook.com\/ikastikoskiklossianti\/\" \/>\n<meta property=\"article:modified_time\" content=\"2019-03-13T14:49:00+00:00\" \/>\n<meta name=\"twitter:card\" content=\"summary_large_image\" \/>\n<meta name=\"twitter:label1\" content=\"Est. reading time\" \/>\n\t<meta name=\"twitter:data1\" content=\"5 minutes\" \/>\n<script type=\"application\/ld+json\" class=\"yoast-schema-graph\">{\"@context\":\"https:\\\/\\\/schema.org\",\"@graph\":[{\"@type\":\"WebPage\",\"@id\":\"https:\\\/\\\/ikastikos-kiklos.com\\\/en\\\/certificates-of-authenticity\\\/\",\"url\":\"https:\\\/\\\/ikastikos-kiklos.com\\\/en\\\/certificates-of-authenticity\\\/\",\"name\":\"Certificates of Authenticity - Ikastikos Kiklos - Zografik\u00ed - Metaxotyp\u00edes - T\u00e9chniPainting - Silk Screen - Art\",\"isPartOf\":{\"@id\":\"https:\\\/\\\/ikastikos-kiklos.com\\\/en\\\/#website\"},\"datePublished\":\"2019-03-13T14:42:30+00:00\",\"dateModified\":\"2019-03-13T14:49:00+00:00\",\"breadcrumb\":{\"@id\":\"https:\\\/\\\/ikastikos-kiklos.com\\\/en\\\/certificates-of-authenticity\\\/#breadcrumb\"},\"inLanguage\":\"en-US\",\"potentialAction\":[{\"@type\":\"ReadAction\",\"target\":[\"https:\\\/\\\/ikastikos-kiklos.com\\\/en\\\/certificates-of-authenticity\\\/\"]}]},{\"@type\":\"BreadcrumbList\",\"@id\":\"https:\\\/\\\/ikastikos-kiklos.com\\\/en\\\/certificates-of-authenticity\\\/#breadcrumb\",\"itemListElement\":[{\"@type\":\"ListItem\",\"position\":1,\"name\":\"Home\",\"item\":\"https:\\\/\\\/ikastikos-kiklos.com\\\/en\\\/\"},{\"@type\":\"ListItem\",\"position\":2,\"name\":\"Certificates of Authenticity\"}]},{\"@type\":\"WebSite\",\"@id\":\"https:\\\/\\\/ikastikos-kiklos.com\\\/en\\\/#website\",\"url\":\"https:\\\/\\\/ikastikos-kiklos.com\\\/en\\\/\",\"name\":\"Ikastikos Kiklos - Zografik\u00ed - Metaxotyp\u00edes - T\u00e9chniPainting - Silk Screen - Art\",\"description\":\"\",\"publisher\":{\"@id\":\"https:\\\/\\\/ikastikos-kiklos.com\\\/en\\\/#organization\"},\"potentialAction\":[{\"@type\":\"SearchAction\",\"target\":{\"@type\":\"EntryPoint\",\"urlTemplate\":\"https:\\\/\\\/ikastikos-kiklos.com\\\/en\\\/?s={search_term_string}\"},\"query-input\":{\"@type\":\"PropertyValueSpecification\",\"valueRequired\":true,\"valueName\":\"search_term_string\"}}],\"inLanguage\":\"en-US\"},{\"@type\":\"Organization\",\"@id\":\"https:\\\/\\\/ikastikos-kiklos.com\\\/en\\\/#organization\",\"name\":\"Ikastikos Kiklos - Zografik\u00ed - Metaxotyp\u00edes - T\u00e9chniPainting - Silk Screen - Art\",\"url\":\"https:\\\/\\\/ikastikos-kiklos.com\\\/en\\\/\",\"logo\":{\"@type\":\"ImageObject\",\"inLanguage\":\"en-US\",\"@id\":\"https:\\\/\\\/ikastikos-kiklos.com\\\/en\\\/#\\\/schema\\\/logo\\\/image\\\/\",\"url\":\"https:\\\/\\\/ikastikos-kiklos.com\\\/wp-content\\\/uploads\\\/2022\\\/10\\\/cropped-favicon_ikastikos.png\",\"contentUrl\":\"https:\\\/\\\/ikastikos-kiklos.com\\\/wp-content\\\/uploads\\\/2022\\\/10\\\/cropped-favicon_ikastikos.png\",\"width\":512,\"height\":512,\"caption\":\"Ikastikos Kiklos - Zografik\u00ed - Metaxotyp\u00edes - T\u00e9chniPainting - Silk Screen - Art\"},\"image\":{\"@id\":\"https:\\\/\\\/ikastikos-kiklos.com\\\/en\\\/#\\\/schema\\\/logo\\\/image\\\/\"},\"sameAs\":[\"https:\\\/\\\/www.facebook.com\\\/ikastikoskiklossianti\\\/\"]}]}<\/script>\n<!-- \/ Yoast SEO plugin. -->","yoast_head_json":{"title":"Certificates of Authenticity - Ikastikos Kiklos - Zografik\u00ed - Metaxotyp\u00edes - T\u00e9chniPainting - Silk Screen - Art","robots":{"index":"index","follow":"follow","max-snippet":"max-snippet:-1","max-image-preview":"max-image-preview:large","max-video-preview":"max-video-preview:-1"},"canonical":"https:\/\/ikastikos-kiklos.com\/en\/certificates-of-authenticity\/","og_locale":"en_US","og_type":"article","og_title":"Certificates of Authenticity - Ikastikos Kiklos - Zografik\u00ed - Metaxotyp\u00edes - T\u00e9chniPainting - Silk Screen - Art","og_url":"https:\/\/ikastikos-kiklos.com\/en\/certificates-of-authenticity\/","og_site_name":"Ikastikos Kiklos - Zografik\u00ed - Metaxotyp\u00edes - T\u00e9chniPainting - Silk Screen - Art","article_publisher":"https:\/\/www.facebook.com\/ikastikoskiklossianti\/","article_modified_time":"2019-03-13T14:49:00+00:00","twitter_card":"summary_large_image","twitter_misc":{"Est. reading time":"5 minutes"},"schema":{"@context":"https:\/\/schema.org","@graph":[{"@type":"WebPage","@id":"https:\/\/ikastikos-kiklos.com\/en\/certificates-of-authenticity\/","url":"https:\/\/ikastikos-kiklos.com\/en\/certificates-of-authenticity\/","name":"Certificates of Authenticity - Ikastikos Kiklos - Zografik\u00ed - Metaxotyp\u00edes - T\u00e9chniPainting - Silk Screen - Art","isPartOf":{"@id":"https:\/\/ikastikos-kiklos.com\/en\/#website"},"datePublished":"2019-03-13T14:42:30+00:00","dateModified":"2019-03-13T14:49:00+00:00","breadcrumb":{"@id":"https:\/\/ikastikos-kiklos.com\/en\/certificates-of-authenticity\/#breadcrumb"},"inLanguage":"en-US","potentialAction":[{"@type":"ReadAction","target":["https:\/\/ikastikos-kiklos.com\/en\/certificates-of-authenticity\/"]}]},{"@type":"BreadcrumbList","@id":"https:\/\/ikastikos-kiklos.com\/en\/certificates-of-authenticity\/#breadcrumb","itemListElement":[{"@type":"ListItem","position":1,"name":"Home","item":"https:\/\/ikastikos-kiklos.com\/en\/"},{"@type":"ListItem","position":2,"name":"Certificates of Authenticity"}]},{"@type":"WebSite","@id":"https:\/\/ikastikos-kiklos.com\/en\/#website","url":"https:\/\/ikastikos-kiklos.com\/en\/","name":"Ikastikos Kiklos - Zografik\u00ed - Metaxotyp\u00edes - T\u00e9chniPainting - Silk Screen - Art","description":"","publisher":{"@id":"https:\/\/ikastikos-kiklos.com\/en\/#organization"},"potentialAction":[{"@type":"SearchAction","target":{"@type":"EntryPoint","urlTemplate":"https:\/\/ikastikos-kiklos.com\/en\/?s={search_term_string}"},"query-input":{"@type":"PropertyValueSpecification","valueRequired":true,"valueName":"search_term_string"}}],"inLanguage":"en-US"},{"@type":"Organization","@id":"https:\/\/ikastikos-kiklos.com\/en\/#organization","name":"Ikastikos Kiklos - Zografik\u00ed - Metaxotyp\u00edes - T\u00e9chniPainting - Silk Screen - Art","url":"https:\/\/ikastikos-kiklos.com\/en\/","logo":{"@type":"ImageObject","inLanguage":"en-US","@id":"https:\/\/ikastikos-kiklos.com\/en\/#\/schema\/logo\/image\/","url":"https:\/\/ikastikos-kiklos.com\/wp-content\/uploads\/2022\/10\/cropped-favicon_ikastikos.png","contentUrl":"https:\/\/ikastikos-kiklos.com\/wp-content\/uploads\/2022\/10\/cropped-favicon_ikastikos.png","width":512,"height":512,"caption":"Ikastikos Kiklos - Zografik\u00ed - Metaxotyp\u00edes - T\u00e9chniPainting - Silk Screen - Art"},"image":{"@id":"https:\/\/ikastikos-kiklos.com\/en\/#\/schema\/logo\/image\/"},"sameAs":["https:\/\/www.facebook.com\/ikastikoskiklossianti\/"]}]}},"_links":{"self":[{"href":"https:\/\/ikastikos-kiklos.com\/en\/wp-json\/wp\/v2\/pages\/21850","targetHints":{"allow":["GET"]}}],"collection":[{"href":"https:\/\/ikastikos-kiklos.com\/en\/wp-json\/wp\/v2\/pages"}],"about":[{"href":"https:\/\/ikastikos-kiklos.com\/en\/wp-json\/wp\/v2\/types\/page"}],"author":[{"embeddable":true,"href":"https:\/\/ikastikos-kiklos.com\/en\/wp-json\/wp\/v2\/users\/4"}],"replies":[{"embeddable":true,"href":"https:\/\/ikastikos-kiklos.com\/en\/wp-json\/wp\/v2\/comments?post=21850"}],"version-history":[{"count":0,"href":"https:\/\/ikastikos-kiklos.com\/en\/wp-json\/wp\/v2\/pages\/21850\/revisions"}],"wp:attachment":[{"href":"https:\/\/ikastikos-kiklos.com\/en\/wp-json\/wp\/v2\/media?parent=21850"}],"curies":[{"name":"wp","href":"https:\/\/api.w.org\/{rel}","templated":true}]}}