{"id":21782,"date":"2019-03-12T13:30:59","date_gmt":"2019-03-12T11:30:59","guid":{"rendered":"https:\/\/ikastikos-kiklos.com\/sculptors\/papoutsidis-nikos\/"},"modified":"2020-07-03T14:04:37","modified_gmt":"2020-07-03T11:04:37","slug":"papoutsidis-nikos","status":"publish","type":"page","link":"https:\/\/ikastikos-kiklos.com\/en\/sculptors\/papoutsidis-nikos\/","title":{"rendered":"Papoutsidis Nikos-Yorgos"},"content":{"rendered":"<div class=\"wpb-content-wrapper\"><p>[vc_row][vc_column][vc_custom_heading text=&#8221;CV&#8221;][\/vc_column][\/vc_row][vc_row][vc_column][\/vc_column][\/vc_row][vc_row][vc_column][vc_column_text]Nikos Yorgos Papoutsidis was born in Cairo in 1954.&nbsp; He lives and works in Athens.<\/p>\n<p><strong>Studied Enviromental Art &amp; Design, Art and History of Art in the UK. Lived for many years in Paris, France collaborating with art galleries.<\/strong><\/p>\n<p><strong>Invented the Irongraph, art genre where painting and sculpturing present a uniform effect on sheet metal.<\/strong><\/p>\n<p><strong>Has designed fonts and word compositions and has composed Visual Poetry.<\/strong><\/p>\n<p><strong>Created the Poem Object, a combination of illustration and word.<\/strong><\/p>\n<p><iframe loading=\"lazy\" src=\"https:\/\/www.youtube.com\/embed\/9VSr3Nv9o2I\" width=\"560\" height=\"315\" frameborder=\"0\" allowfullscreen=\"allowfullscreen\"><\/iframe>&nbsp;<\/p>\n<p><strong>\u039futdoor sculptures of the artist can be seen at the Technopolis-Gazi in Athens<\/strong> (1999), in the town of Fiskardo in Kefalonia (2001), in Ithaca (2001), at a square in the Municipality of Kifisia (2003), on the Heroes\u2019 Square of the Municipality of Palio Faliro (2005), at Ippokratio Hospital of Athens (2007), in various places at the center of the city of Rhodes (2008), at the Copelouzos Family Art Museum (2012), at the starting point of the Athens Classic Marathon (2013), at the facade of a neo-classical building on 6, Solonos str., Athens (2013) and at an industrial building at Markopoulo, Attika (2014). Sculptures can be found in the Cultural Centre of the Municipality of Athens (1997), at the American College of Greece &#8211; ACGart (1997, 2007, 2009), at the headquarters of the ABSOLUT COMPANY, Stockholm (1999), in \u00abMelina\u00bb Cultural Centre (2000), in KAT Hospital of Kifisia (2003), in the Athens Town Hall (2003), in Modern Greek Art Museum of the Municipality of Rhodes (2008), at the cultural multispace Athinais (2010), at the Copelouzos Family Art Museum (2012), in the Marathon Run Museum (2013), in the Embassy of Japan in Athens (2013).<\/p>\n<p><strong>Many other works are located in public and private collections in Greece and abroad.<\/strong><\/p>\n<p>Collaborated with the Cultural Center of the Municipality of Athens for the Christmas decorations of Athens (1996)&nbsp; and for the Athens Book Fair (1997).<\/p>\n<p>In 2018 the Athens International Airport \u00abEl.Venizelos\u00bb under the auspices of the Marathon Run Museum organized a six months exhibition with a selection of his works associated with the Marathon Run Idea.<\/p>\n<p><strong>He is a member of the Chamber of Fine Arts of Greece since 2001.<\/strong><\/p>\n<p><img loading=\"lazy\" decoding=\"async\" class=\"aligncenter size-full wp-image-26702\" src=\"https:\/\/ikastikos-kiklos.com\/wp-content\/uploads\/2020\/07\/254947.jpg\" alt=\"\" width=\"700\" height=\"465\" srcset=\"https:\/\/ikastikos-kiklos.com\/wp-content\/uploads\/2020\/07\/254947.jpg 700w, https:\/\/ikastikos-kiklos.com\/wp-content\/uploads\/2020\/07\/254947-300x199.jpg 300w, https:\/\/ikastikos-kiklos.com\/wp-content\/uploads\/2020\/07\/254947-680x452.jpg 680w, https:\/\/ikastikos-kiklos.com\/wp-content\/uploads\/2020\/07\/254947-220x146.jpg 220w, https:\/\/ikastikos-kiklos.com\/wp-content\/uploads\/2020\/07\/254947-140x93.jpg 140w, https:\/\/ikastikos-kiklos.com\/wp-content\/uploads\/2020\/07\/254947-350x233.jpg 350w, https:\/\/ikastikos-kiklos.com\/wp-content\/uploads\/2020\/07\/254947-595x395.jpg 595w\" sizes=\"auto, (max-width: 700px) 100vw, 700px\" \/>PERSONAL EXHIBITIONS<\/p>\n<p>2019&nbsp;&nbsp;&nbsp;&nbsp;&nbsp;&nbsp; Ikastikos Kiklos Sianti, Athens. <a href=\"https:\/\/ikastikos-kiklos.com\/en\/nikos-giorgos-papoutsidis-trophy-erected\/\">\u00abTrophy raising\u00bb<\/a>.<\/p>\n<p>2018&nbsp;&nbsp;&nbsp;&nbsp;&nbsp;&nbsp; Athens International Airport \u00abEl. Venizelos\u00bb, Spata Attica.\u00bbMarathon Universe &#8211; through the art of the scupltor N.Y.Papoutsidis\u00bb.<\/p>\n<p>2017&nbsp;&nbsp;&nbsp;&nbsp;&nbsp;&nbsp; Books plus Art, Athens. \u00abScripta Manent\u00bb.<\/p>\n<p>2013&nbsp;&nbsp;&nbsp;&nbsp;&nbsp;&nbsp; Embassy of Japan in Athens. \u00abStar Dragon\u00bb.<\/p>\n<p>2013&nbsp;&nbsp;&nbsp;&nbsp;&nbsp;&nbsp; Marathon Run Museum, Marathon. \u00abMarathonian Universe\u00bb.<\/p>\n<p>2011&nbsp;&nbsp;&nbsp;&nbsp;&nbsp;&nbsp; Adam Gallery, Athens. \u201cPainting &#8211; Sculptures\u201c.<\/p>\n<p>2010&nbsp;&nbsp;&nbsp;&nbsp;&nbsp;&nbsp; Athinais Culture Multiplace, Athens. \u00abColour and Iron, 1990-2010\u00bb<\/p>\n<p>2008&nbsp;&nbsp;&nbsp;&nbsp;&nbsp;&nbsp; Modern Greek Art Museum, Rhodes. \u00abDragons, Stars and a Castle\u00bb.<\/p>\n<p>2007&nbsp;&nbsp;&nbsp;&nbsp;&nbsp;&nbsp; Zapio Megaron, Athens. \u00abFree standing sculptures\u00bb.<\/p>\n<p>2005&nbsp;&nbsp;&nbsp;&nbsp;&nbsp;&nbsp; Adam Gallery, Athens. \u201cDragon-collector\u201c.<\/p>\n<p>2005&nbsp;&nbsp;&nbsp;&nbsp;&nbsp;&nbsp; Cultural and Sport Centre, Municipality of Palio Phaliro. \u201cViolet-crowned Sculptures\u201c.<\/p>\n<p>2003&nbsp;&nbsp;&nbsp;&nbsp;&nbsp;&nbsp; Adam Gallery, Athens. \u201cHail, City \u2013 Sculptures to scale\u201c.<\/p>\n<p>2002&nbsp;&nbsp;&nbsp;&nbsp;&nbsp;&nbsp; \u2018Melina\u2019 Cultural Centre of the Municipality of Athens. \u201cHail, praise to the Athlete\u201c.<\/p>\n<p>2000&nbsp;&nbsp;&nbsp;&nbsp;&nbsp;&nbsp; Kivotos Art Gallery, Athens. \u201cIron Reliefs\u201c.<\/p>\n<p>1999&nbsp;&nbsp;&nbsp;&nbsp;&nbsp;&nbsp; Technopolis-Gazi, Athens. \u201cVoyage with the Ark\u201c.<\/p>\n<p>1998&nbsp;&nbsp;&nbsp;&nbsp;&nbsp;&nbsp; Skoufa Gallery, Athens. \u201cIron Garden\u201c.<\/p>\n<p>1997&nbsp;&nbsp;&nbsp;&nbsp;&nbsp;&nbsp; Adam Gallery, Athens. \u201cSculpture \u2013 Art Objects\u201c.<\/p>\n<p>1996&nbsp;&nbsp;&nbsp;&nbsp;&nbsp;&nbsp; Titanium Gallery, Athens. \u201cThey Have Come\u201c.<\/p>\n<p>1995&nbsp;&nbsp;&nbsp;&nbsp;&nbsp;&nbsp; La Hune Brenner Gallery, Paris<\/p>\n<p>1993&nbsp;&nbsp;&nbsp;&nbsp;&nbsp;&nbsp; Titanium Gallery, Athens. \u201cThe Poetry of the Object\u201c.<\/p>\n<p>1992&nbsp;&nbsp;&nbsp;&nbsp;&nbsp;&nbsp; La Hune Brenner Gallery, Paris<\/p>\n<p><img loading=\"lazy\" decoding=\"async\" class=\"aligncenter size-full wp-image-26704\" src=\"https:\/\/ikastikos-kiklos.com\/wp-content\/uploads\/2020\/07\/portr04.jpg\" alt=\"\" width=\"800\" height=\"440\" srcset=\"https:\/\/ikastikos-kiklos.com\/wp-content\/uploads\/2020\/07\/portr04.jpg 800w, https:\/\/ikastikos-kiklos.com\/wp-content\/uploads\/2020\/07\/portr04-300x165.jpg 300w, https:\/\/ikastikos-kiklos.com\/wp-content\/uploads\/2020\/07\/portr04-768x422.jpg 768w, https:\/\/ikastikos-kiklos.com\/wp-content\/uploads\/2020\/07\/portr04-680x374.jpg 680w, https:\/\/ikastikos-kiklos.com\/wp-content\/uploads\/2020\/07\/portr04-700x385.jpg 700w, https:\/\/ikastikos-kiklos.com\/wp-content\/uploads\/2020\/07\/portr04-220x121.jpg 220w, https:\/\/ikastikos-kiklos.com\/wp-content\/uploads\/2020\/07\/portr04-140x77.jpg 140w, https:\/\/ikastikos-kiklos.com\/wp-content\/uploads\/2020\/07\/portr04-350x193.jpg 350w, https:\/\/ikastikos-kiklos.com\/wp-content\/uploads\/2020\/07\/portr04-595x327.jpg 595w\" sizes=\"auto, (max-width: 800px) 100vw, 800px\" \/>SELECTED GROUP EXHIBITIONS<\/p>\n<p>2018&nbsp;&nbsp;&nbsp;&nbsp;&nbsp;&nbsp; Chamber of Fine Arts of Greece, Byzantine and Christian Museum, Athens. \u00abMicrosculpturing\u00bb.<\/p>\n<p>2018&nbsp;&nbsp;&nbsp;&nbsp;&nbsp;&nbsp; Eugenides Foundation, Athens. \u00abMaria Callas, an eternal source of inspiration\u00bb.<\/p>\n<p>2015&nbsp;&nbsp;&nbsp;&nbsp;&nbsp;&nbsp; Museum of Modern Art Mahmoud Mukhtar, Cairo Egypt. \u00abGreek painters born in Egypt\u00bb.<\/p>\n<p>2013&nbsp;&nbsp;&nbsp;&nbsp;&nbsp;&nbsp; Goulandri Museum of Natural History, Athens. \u00abIppokrates\u2019 Medicine through the Ages\u00bb.<\/p>\n<p>2011&nbsp;&nbsp;&nbsp;&nbsp;&nbsp;&nbsp; \u2018Melina\u2019 Cultural Centre of the Municipality of Athens. \u00ab30 years of internationalistic solidarity\u00bb.<\/p>\n<p>2009&nbsp;&nbsp;&nbsp;&nbsp;&nbsp;&nbsp; Hellenic War Museum &#8211; Art Expertise, Athens. \u00ab4 seasons\u00bb.<\/p>\n<p>2008&nbsp;&nbsp;&nbsp;&nbsp;&nbsp;&nbsp; Goulandri Museum of Natural History \u2013 Gaia center, Athens. \u201cArt \u2013 Life for the planet\u201d.<\/p>\n<p>2007&nbsp;&nbsp;&nbsp;&nbsp;&nbsp;&nbsp; Adam Gallery, Athens. \u00abContacts\u00bb.<\/p>\n<p>2007&nbsp;&nbsp;&nbsp;&nbsp;&nbsp;&nbsp; Cartier, Athens. \u00abLove day\u00bb.<\/p>\n<p>2006&nbsp;&nbsp;&nbsp;&nbsp;&nbsp;&nbsp; Adam Gallery, Athens. \u00abNeighbourhoods of Athens\u00bb. 2007 Cartier, Athens. \u201cLove day\u201d.<\/p>\n<p>2005&nbsp;&nbsp;&nbsp;&nbsp;&nbsp;&nbsp; Adam Gallery, Athens. \u201cThe Game\u201c, \u201cThe sea\u2019s &#8230; works\u201c.<\/p>\n<p>2004&nbsp;&nbsp;&nbsp;&nbsp;&nbsp;&nbsp; Theofilos Museum, Mytilini. \u00abThe world of olive\u00bb.<\/p>\n<p>2003&nbsp;&nbsp;&nbsp;&nbsp;&nbsp;&nbsp; Chamber of Formative Arts, Athens. \u201cMicrosculptures\u201d.<\/p>\n<p>2002&nbsp;&nbsp;&nbsp;&nbsp;&nbsp;&nbsp; Athenais \u2013 Hydrotechno, Athens. \u201cProgress\u201c.<\/p>\n<p>2000&nbsp;&nbsp;&nbsp;&nbsp;&nbsp;&nbsp; Kastela Art Gallery, Piraeus. \u201cBleu Outremer\u201c.<\/p>\n<p>2000&nbsp;&nbsp;&nbsp;&nbsp;&nbsp;&nbsp; Kivotos Art Gallery, Athens. \u201cNature\u201c.<\/p>\n<p>1999&nbsp;&nbsp;&nbsp;&nbsp;&nbsp;&nbsp; Ekphrasi Gallery, Athens. \u201cFlowers to welcome 2000\u201c.<\/p>\n<p>1999&nbsp;&nbsp;&nbsp;&nbsp;&nbsp;&nbsp; Benaki Museum, Athens. \u201cArt Quake\u201c.<\/p>\n<p>1997&nbsp;&nbsp;&nbsp;&nbsp;&nbsp;&nbsp; \u201cMelina\u201c Cultural Centre of the Municipality of Athens. \u201cSlamp Art\u201c.<\/p>\n<p>1997&nbsp;&nbsp;&nbsp;&nbsp;&nbsp;&nbsp; Pierides Gallery, Athens. \u201cLevi\u2019s Art\u201c.<\/p>\n<p>1997&nbsp;&nbsp;&nbsp;&nbsp;&nbsp;&nbsp; Odysseas Elytis Art Galleries, Athens. \u201cPainting to poetry by Odysseas Elytis\u201c.<\/p>\n<p>1995&nbsp;&nbsp;&nbsp;&nbsp;&nbsp;&nbsp; Mayia Tsokli Gallery, Athens. Sculpture construction \u201cBridal chambers\u201c.<\/p>\n<p><img loading=\"lazy\" decoding=\"async\" class=\"aligncenter size-full wp-image-26706\" src=\"https:\/\/ikastikos-kiklos.com\/wp-content\/uploads\/2020\/07\/14344115_1190977720975773_1375031877907201439_n.jpg\" alt=\"\" width=\"635\" height=\"497\" srcset=\"https:\/\/ikastikos-kiklos.com\/wp-content\/uploads\/2020\/07\/14344115_1190977720975773_1375031877907201439_n.jpg 635w, https:\/\/ikastikos-kiklos.com\/wp-content\/uploads\/2020\/07\/14344115_1190977720975773_1375031877907201439_n-300x235.jpg 300w, https:\/\/ikastikos-kiklos.com\/wp-content\/uploads\/2020\/07\/14344115_1190977720975773_1375031877907201439_n-220x172.jpg 220w, https:\/\/ikastikos-kiklos.com\/wp-content\/uploads\/2020\/07\/14344115_1190977720975773_1375031877907201439_n-140x110.jpg 140w, https:\/\/ikastikos-kiklos.com\/wp-content\/uploads\/2020\/07\/14344115_1190977720975773_1375031877907201439_n-350x274.jpg 350w, https:\/\/ikastikos-kiklos.com\/wp-content\/uploads\/2020\/07\/14344115_1190977720975773_1375031877907201439_n-595x466.jpg 595w\" sizes=\"auto, (max-width: 635px) 100vw, 635px\" \/>PUBLICATIONS<\/p>\n<p>2008&nbsp;&nbsp;&nbsp;&nbsp;&nbsp;&nbsp; \u00abDragons, Stars and a Castle\u00bb. Published by the Museum of Modern Greek Art, Municipality of Rhodes.<\/p>\n<p>2002&nbsp;&nbsp;&nbsp;&nbsp;&nbsp;&nbsp; \u00abHail, praise to the athlete\u00bb. Published by the Cultural Organization of the Municipality of Athens.<\/p>\n<p>1999&nbsp;&nbsp;&nbsp;&nbsp;&nbsp;&nbsp; \u00abNikos Yorgos Papoutsides\u00bb. Album of photographs of works created in the period 1990 &#8211; 1997,&nbsp;&nbsp; Nereus editions, Athens.<\/p>\n<p>1994&nbsp;&nbsp;&nbsp;&nbsp;&nbsp;&nbsp; \u00abThe magic Exercise Book and its Pictures\u00bb. Poetry with cover design and illustrations by Yannis Tsarouchis, Patakis editions, Athens.<\/p>\n<p>1991&nbsp;&nbsp;&nbsp;&nbsp;&nbsp;&nbsp; \u00abThe Caryatides look\u00bb. Nikos Yorgos Papoutsidis\u2019 photographs documenting Yannis Tsarouchis\u2019 last scenographic work, Adam editions, Athens.<\/p>\n<p>1989&nbsp;&nbsp;&nbsp;&nbsp;&nbsp;&nbsp; \u00abThe Poem &#8211; Object\u00bb. Letters, words, poems. Voukariane Art Editions, Athens.<\/p>\n<p>1987&nbsp;&nbsp;&nbsp;&nbsp;&nbsp;&nbsp; \u00abInarticullating a opope\u00bb. Visual poetry in 24 unbound single sheets, Ikaros editions, Athens.<\/p>\n<p>1984&nbsp;&nbsp;&nbsp;&nbsp;&nbsp;&nbsp; \u00abThe wingbearer\u00bb. Poetry with cover design and illustrations by Yannis Tsarouchis, Ikaros editions, Athens.\u00ac\u00ac[\/vc_column_text][\/vc_column][\/vc_row][vc_row][vc_column][vc_video link=&#8221;https:\/\/www.youtube.com\/watch?v=9VSr3Nv9o2I&#8221;][\/vc_column][\/vc_row]<\/p>\n<\/div>","protected":false},"excerpt":{"rendered":"<p>[vc_row][vc_column][vc_custom_heading text=&#8221;CV&#8221;][\/vc_column][\/vc_row][vc_row][vc_column][\/vc_column][\/vc_row][vc_row][vc_column][vc_column_text]Nikos Yorgos Papoutsidis was born in Cairo in 1954.&nbsp; He lives and works in &hellip;<\/p>\n","protected":false},"author":2,"featured_media":0,"parent":2906,"menu_order":0,"comment_status":"closed","ping_status":"closed","template":"page-glyptes.php","meta":{"ngg_post_thumbnail":0,"footnotes":""},"class_list":["post-21782","page","type-page","status-publish","hentry"],"yoast_head":"<!-- This site is optimized with the Yoast SEO plugin v27.2 - https:\/\/yoast.com\/product\/yoast-seo-wordpress\/ -->\n<title>Papoutsidis Nikos Profile at Ikastikos Kiklos Sianti Gallery<\/title>\n<meta name=\"description\" content=\"Papoutsidis Nikos Profile at Ikastikos Kiklos Sianti Gallery. He lives and works in Athens. Studied Enviromental Art &amp; Design, Art and History of Art in the UK.\" \/>\n<meta name=\"robots\" content=\"index, follow, max-snippet:-1, max-image-preview:large, max-video-preview:-1\" \/>\n<link rel=\"canonical\" href=\"https:\/\/ikastikos-kiklos.com\/en\/sculptors\/papoutsidis-nikos\/\" \/>\n<meta property=\"og:locale\" content=\"en_US\" \/>\n<meta property=\"og:type\" content=\"article\" \/>\n<meta property=\"og:title\" content=\"Papoutsidis Nikos Profile at Ikastikos Kiklos Sianti Gallery\" \/>\n<meta property=\"og:description\" content=\"Papoutsidis Nikos Profile at Ikastikos Kiklos Sianti Gallery. He lives and works in Athens. Studied Enviromental Art &amp; Design, Art and History of Art in the UK.\" \/>\n<meta property=\"og:url\" content=\"https:\/\/ikastikos-kiklos.com\/en\/sculptors\/papoutsidis-nikos\/\" \/>\n<meta property=\"og:site_name\" content=\"Ikastikos Kiklos - Zografik\u00ed - Metaxotyp\u00edes - T\u00e9chniPainting - Silk Screen - Art\" \/>\n<meta property=\"article:publisher\" content=\"https:\/\/www.facebook.com\/ikastikoskiklossianti\/\" \/>\n<meta property=\"article:modified_time\" content=\"2020-07-03T11:04:37+00:00\" \/>\n<meta property=\"og:image\" content=\"https:\/\/ikastikos-kiklos.com\/wp-content\/uploads\/2020\/07\/254947.jpg\" \/>\n<meta name=\"twitter:card\" content=\"summary_large_image\" \/>\n<meta name=\"twitter:label1\" content=\"Est. reading time\" \/>\n\t<meta name=\"twitter:data1\" content=\"6 minutes\" \/>\n<script type=\"application\/ld+json\" class=\"yoast-schema-graph\">{\"@context\":\"https:\/\/schema.org\",\"@graph\":[{\"@type\":\"WebPage\",\"@id\":\"https:\/\/ikastikos-kiklos.com\/en\/sculptors\/papoutsidis-nikos\/\",\"url\":\"https:\/\/ikastikos-kiklos.com\/en\/sculptors\/papoutsidis-nikos\/\",\"name\":\"Papoutsidis Nikos Profile at Ikastikos Kiklos Sianti Gallery\",\"isPartOf\":{\"@id\":\"https:\/\/ikastikos-kiklos.com\/en\/#website\"},\"primaryImageOfPage\":{\"@id\":\"https:\/\/ikastikos-kiklos.com\/en\/sculptors\/papoutsidis-nikos\/#primaryimage\"},\"image\":{\"@id\":\"https:\/\/ikastikos-kiklos.com\/en\/sculptors\/papoutsidis-nikos\/#primaryimage\"},\"thumbnailUrl\":\"https:\/\/ikastikos-kiklos.com\/wp-content\/uploads\/2020\/07\/254947.jpg\",\"datePublished\":\"2019-03-12T11:30:59+00:00\",\"dateModified\":\"2020-07-03T11:04:37+00:00\",\"description\":\"Papoutsidis Nikos Profile at Ikastikos Kiklos Sianti Gallery. He lives and works in Athens. Studied Enviromental Art & Design, Art and History of Art in the UK.\",\"breadcrumb\":{\"@id\":\"https:\/\/ikastikos-kiklos.com\/en\/sculptors\/papoutsidis-nikos\/#breadcrumb\"},\"inLanguage\":\"en-US\",\"potentialAction\":[{\"@type\":\"ReadAction\",\"target\":[\"https:\/\/ikastikos-kiklos.com\/en\/sculptors\/papoutsidis-nikos\/\"]}]},{\"@type\":\"ImageObject\",\"inLanguage\":\"en-US\",\"@id\":\"https:\/\/ikastikos-kiklos.com\/en\/sculptors\/papoutsidis-nikos\/#primaryimage\",\"url\":\"https:\/\/ikastikos-kiklos.com\/wp-content\/uploads\/2020\/07\/254947.jpg\",\"contentUrl\":\"https:\/\/ikastikos-kiklos.com\/wp-content\/uploads\/2020\/07\/254947.jpg\"},{\"@type\":\"BreadcrumbList\",\"@id\":\"https:\/\/ikastikos-kiklos.com\/en\/sculptors\/papoutsidis-nikos\/#breadcrumb\",\"itemListElement\":[{\"@type\":\"ListItem\",\"position\":1,\"name\":\"Home\",\"item\":\"https:\/\/ikastikos-kiklos.com\/en\/\"},{\"@type\":\"ListItem\",\"position\":2,\"name\":\"Sculptors\",\"item\":\"https:\/\/ikastikos-kiklos.com\/en\/sculptors\/\"},{\"@type\":\"ListItem\",\"position\":3,\"name\":\"Papoutsidis Nikos-Yorgos\"}]},{\"@type\":\"WebSite\",\"@id\":\"https:\/\/ikastikos-kiklos.com\/en\/#website\",\"url\":\"https:\/\/ikastikos-kiklos.com\/en\/\",\"name\":\"Ikastikos Kiklos - Zografik\u00ed - Metaxotyp\u00edes - T\u00e9chniPainting - Silk Screen - Art\",\"description\":\"\",\"publisher\":{\"@id\":\"https:\/\/ikastikos-kiklos.com\/en\/#organization\"},\"potentialAction\":[{\"@type\":\"SearchAction\",\"target\":{\"@type\":\"EntryPoint\",\"urlTemplate\":\"https:\/\/ikastikos-kiklos.com\/en\/?s={search_term_string}\"},\"query-input\":{\"@type\":\"PropertyValueSpecification\",\"valueRequired\":true,\"valueName\":\"search_term_string\"}}],\"inLanguage\":\"en-US\"},{\"@type\":\"Organization\",\"@id\":\"https:\/\/ikastikos-kiklos.com\/en\/#organization\",\"name\":\"Ikastikos Kiklos - Zografik\u00ed - Metaxotyp\u00edes - T\u00e9chniPainting - Silk Screen - Art\",\"url\":\"https:\/\/ikastikos-kiklos.com\/en\/\",\"logo\":{\"@type\":\"ImageObject\",\"inLanguage\":\"en-US\",\"@id\":\"https:\/\/ikastikos-kiklos.com\/en\/#\/schema\/logo\/image\/\",\"url\":\"https:\/\/ikastikos-kiklos.com\/wp-content\/uploads\/2022\/10\/cropped-favicon_ikastikos.png\",\"contentUrl\":\"https:\/\/ikastikos-kiklos.com\/wp-content\/uploads\/2022\/10\/cropped-favicon_ikastikos.png\",\"width\":512,\"height\":512,\"caption\":\"Ikastikos Kiklos - Zografik\u00ed - Metaxotyp\u00edes - T\u00e9chniPainting - Silk Screen - Art\"},\"image\":{\"@id\":\"https:\/\/ikastikos-kiklos.com\/en\/#\/schema\/logo\/image\/\"},\"sameAs\":[\"https:\/\/www.facebook.com\/ikastikoskiklossianti\/\"]}]}<\/script>\n<!-- \/ Yoast SEO plugin. -->","yoast_head_json":{"title":"Papoutsidis Nikos Profile at Ikastikos Kiklos Sianti Gallery","description":"Papoutsidis Nikos Profile at Ikastikos Kiklos Sianti Gallery. He lives and works in Athens. Studied Enviromental Art & Design, Art and History of Art in the UK.","robots":{"index":"index","follow":"follow","max-snippet":"max-snippet:-1","max-image-preview":"max-image-preview:large","max-video-preview":"max-video-preview:-1"},"canonical":"https:\/\/ikastikos-kiklos.com\/en\/sculptors\/papoutsidis-nikos\/","og_locale":"en_US","og_type":"article","og_title":"Papoutsidis Nikos Profile at Ikastikos Kiklos Sianti Gallery","og_description":"Papoutsidis Nikos Profile at Ikastikos Kiklos Sianti Gallery. He lives and works in Athens. Studied Enviromental Art & Design, Art and History of Art in the UK.","og_url":"https:\/\/ikastikos-kiklos.com\/en\/sculptors\/papoutsidis-nikos\/","og_site_name":"Ikastikos Kiklos - Zografik\u00ed - Metaxotyp\u00edes - T\u00e9chniPainting - Silk Screen - Art","article_publisher":"https:\/\/www.facebook.com\/ikastikoskiklossianti\/","article_modified_time":"2020-07-03T11:04:37+00:00","og_image":[{"url":"https:\/\/ikastikos-kiklos.com\/wp-content\/uploads\/2020\/07\/254947.jpg","type":"","width":"","height":""}],"twitter_card":"summary_large_image","twitter_misc":{"Est. reading time":"6 minutes"},"schema":{"@context":"https:\/\/schema.org","@graph":[{"@type":"WebPage","@id":"https:\/\/ikastikos-kiklos.com\/en\/sculptors\/papoutsidis-nikos\/","url":"https:\/\/ikastikos-kiklos.com\/en\/sculptors\/papoutsidis-nikos\/","name":"Papoutsidis Nikos Profile at Ikastikos Kiklos Sianti Gallery","isPartOf":{"@id":"https:\/\/ikastikos-kiklos.com\/en\/#website"},"primaryImageOfPage":{"@id":"https:\/\/ikastikos-kiklos.com\/en\/sculptors\/papoutsidis-nikos\/#primaryimage"},"image":{"@id":"https:\/\/ikastikos-kiklos.com\/en\/sculptors\/papoutsidis-nikos\/#primaryimage"},"thumbnailUrl":"https:\/\/ikastikos-kiklos.com\/wp-content\/uploads\/2020\/07\/254947.jpg","datePublished":"2019-03-12T11:30:59+00:00","dateModified":"2020-07-03T11:04:37+00:00","description":"Papoutsidis Nikos Profile at Ikastikos Kiklos Sianti Gallery. He lives and works in Athens. Studied Enviromental Art & Design, Art and History of Art in the UK.","breadcrumb":{"@id":"https:\/\/ikastikos-kiklos.com\/en\/sculptors\/papoutsidis-nikos\/#breadcrumb"},"inLanguage":"en-US","potentialAction":[{"@type":"ReadAction","target":["https:\/\/ikastikos-kiklos.com\/en\/sculptors\/papoutsidis-nikos\/"]}]},{"@type":"ImageObject","inLanguage":"en-US","@id":"https:\/\/ikastikos-kiklos.com\/en\/sculptors\/papoutsidis-nikos\/#primaryimage","url":"https:\/\/ikastikos-kiklos.com\/wp-content\/uploads\/2020\/07\/254947.jpg","contentUrl":"https:\/\/ikastikos-kiklos.com\/wp-content\/uploads\/2020\/07\/254947.jpg"},{"@type":"BreadcrumbList","@id":"https:\/\/ikastikos-kiklos.com\/en\/sculptors\/papoutsidis-nikos\/#breadcrumb","itemListElement":[{"@type":"ListItem","position":1,"name":"Home","item":"https:\/\/ikastikos-kiklos.com\/en\/"},{"@type":"ListItem","position":2,"name":"Sculptors","item":"https:\/\/ikastikos-kiklos.com\/en\/sculptors\/"},{"@type":"ListItem","position":3,"name":"Papoutsidis Nikos-Yorgos"}]},{"@type":"WebSite","@id":"https:\/\/ikastikos-kiklos.com\/en\/#website","url":"https:\/\/ikastikos-kiklos.com\/en\/","name":"Ikastikos Kiklos - Zografik\u00ed - Metaxotyp\u00edes - T\u00e9chniPainting - Silk Screen - Art","description":"","publisher":{"@id":"https:\/\/ikastikos-kiklos.com\/en\/#organization"},"potentialAction":[{"@type":"SearchAction","target":{"@type":"EntryPoint","urlTemplate":"https:\/\/ikastikos-kiklos.com\/en\/?s={search_term_string}"},"query-input":{"@type":"PropertyValueSpecification","valueRequired":true,"valueName":"search_term_string"}}],"inLanguage":"en-US"},{"@type":"Organization","@id":"https:\/\/ikastikos-kiklos.com\/en\/#organization","name":"Ikastikos Kiklos - Zografik\u00ed - Metaxotyp\u00edes - T\u00e9chniPainting - Silk Screen - Art","url":"https:\/\/ikastikos-kiklos.com\/en\/","logo":{"@type":"ImageObject","inLanguage":"en-US","@id":"https:\/\/ikastikos-kiklos.com\/en\/#\/schema\/logo\/image\/","url":"https:\/\/ikastikos-kiklos.com\/wp-content\/uploads\/2022\/10\/cropped-favicon_ikastikos.png","contentUrl":"https:\/\/ikastikos-kiklos.com\/wp-content\/uploads\/2022\/10\/cropped-favicon_ikastikos.png","width":512,"height":512,"caption":"Ikastikos Kiklos - Zografik\u00ed - Metaxotyp\u00edes - T\u00e9chniPainting - Silk Screen - Art"},"image":{"@id":"https:\/\/ikastikos-kiklos.com\/en\/#\/schema\/logo\/image\/"},"sameAs":["https:\/\/www.facebook.com\/ikastikoskiklossianti\/"]}]}},"_links":{"self":[{"href":"https:\/\/ikastikos-kiklos.com\/en\/wp-json\/wp\/v2\/pages\/21782","targetHints":{"allow":["GET"]}}],"collection":[{"href":"https:\/\/ikastikos-kiklos.com\/en\/wp-json\/wp\/v2\/pages"}],"about":[{"href":"https:\/\/ikastikos-kiklos.com\/en\/wp-json\/wp\/v2\/types\/page"}],"author":[{"embeddable":true,"href":"https:\/\/ikastikos-kiklos.com\/en\/wp-json\/wp\/v2\/users\/2"}],"replies":[{"embeddable":true,"href":"https:\/\/ikastikos-kiklos.com\/en\/wp-json\/wp\/v2\/comments?post=21782"}],"version-history":[{"count":0,"href":"https:\/\/ikastikos-kiklos.com\/en\/wp-json\/wp\/v2\/pages\/21782\/revisions"}],"up":[{"embeddable":true,"href":"https:\/\/ikastikos-kiklos.com\/en\/wp-json\/wp\/v2\/pages\/2906"}],"wp:attachment":[{"href":"https:\/\/ikastikos-kiklos.com\/en\/wp-json\/wp\/v2\/media?parent=21782"}],"curies":[{"name":"wp","href":"https:\/\/api.w.org\/{rel}","templated":true}]}}