{"id":20753,"date":"2019-02-01T15:11:42","date_gmt":"2019-02-01T13:11:42","guid":{"rendered":"https:\/\/ikastikos-kiklos.com\/painters\/belivanaki-lila\/"},"modified":"2020-07-03T20:58:49","modified_gmt":"2020-07-03T17:58:49","slug":"belivanaki-lila","status":"publish","type":"page","link":"https:\/\/ikastikos-kiklos.com\/en\/painters\/belivanaki-lila\/","title":{"rendered":"Belivanaki Lila"},"content":{"rendered":"<div class=\"wpb-content-wrapper\"><p>[vc_row][vc_column][vc_custom_heading text=&#8221;CV&#8221;][\/vc_column][\/vc_row][vc_row][vc_column][vc_column_text]Born in Athens, Greece, She attended &nbsp;Athens School of Fine Arts from 1999-2004 with and Mr. Chronis Botsoglou as her teacher. In 2001 she attended painting classes at the Fine Arts Department of the University of Madrid. She works also as Costume and Scenery Designer at Theatre and Cinema productions.<\/p>\n<p><strong><u><img loading=\"lazy\" decoding=\"async\" class=\"aligncenter size-large wp-image-26860\" src=\"https:\/\/ikastikos-kiklos.com\/wp-content\/uploads\/2020\/07\/89198659_2888338797901513_373693087106465792_o_2888338781234848-1024x683.jpg\" alt=\"\" width=\"1024\" height=\"683\" srcset=\"https:\/\/ikastikos-kiklos.com\/wp-content\/uploads\/2020\/07\/89198659_2888338797901513_373693087106465792_o_2888338781234848-1024x683.jpg 1024w, https:\/\/ikastikos-kiklos.com\/wp-content\/uploads\/2020\/07\/89198659_2888338797901513_373693087106465792_o_2888338781234848-300x200.jpg 300w, https:\/\/ikastikos-kiklos.com\/wp-content\/uploads\/2020\/07\/89198659_2888338797901513_373693087106465792_o_2888338781234848-768x512.jpg 768w, https:\/\/ikastikos-kiklos.com\/wp-content\/uploads\/2020\/07\/89198659_2888338797901513_373693087106465792_o_2888338781234848-1536x1024.jpg 1536w, https:\/\/ikastikos-kiklos.com\/wp-content\/uploads\/2020\/07\/89198659_2888338797901513_373693087106465792_o_2888338781234848-680x453.jpg 680w, https:\/\/ikastikos-kiklos.com\/wp-content\/uploads\/2020\/07\/89198659_2888338797901513_373693087106465792_o_2888338781234848-700x467.jpg 700w, https:\/\/ikastikos-kiklos.com\/wp-content\/uploads\/2020\/07\/89198659_2888338797901513_373693087106465792_o_2888338781234848-220x147.jpg 220w, https:\/\/ikastikos-kiklos.com\/wp-content\/uploads\/2020\/07\/89198659_2888338797901513_373693087106465792_o_2888338781234848-140x93.jpg 140w, https:\/\/ikastikos-kiklos.com\/wp-content\/uploads\/2020\/07\/89198659_2888338797901513_373693087106465792_o_2888338781234848-940x627.jpg 940w, https:\/\/ikastikos-kiklos.com\/wp-content\/uploads\/2020\/07\/89198659_2888338797901513_373693087106465792_o_2888338781234848-350x233.jpg 350w, https:\/\/ikastikos-kiklos.com\/wp-content\/uploads\/2020\/07\/89198659_2888338797901513_373693087106465792_o_2888338781234848-595x397.jpg 595w, https:\/\/ikastikos-kiklos.com\/wp-content\/uploads\/2020\/07\/89198659_2888338797901513_373693087106465792_o_2888338781234848.jpg 2048w\" sizes=\"auto, (max-width: 1024px) 100vw, 1024px\" \/><\/u><\/strong><\/p>\n<p><strong><u>Solo Exhibitions<\/u><\/strong><\/p>\n<p>2017&nbsp;&nbsp;&nbsp;&nbsp;&nbsp; \u00abSticker Stalker\u201d&nbsp; Ena Art Gallery(Athens)<\/p>\n<p>2006&nbsp;&nbsp;&nbsp;&nbsp; \u201cCollector\u201d&nbsp;&nbsp;&nbsp;&nbsp; William James Gallery (Athens)<\/p>\n<p>2005&nbsp;&nbsp;&nbsp;&nbsp; \u201cOnce Upon a Time\u2026\u201d&nbsp;&nbsp;&nbsp;&nbsp; William James Gallery (Athens)<\/p>\n<p>2004&nbsp;&nbsp;&nbsp; \u201cOppression\u201d&nbsp;&nbsp;&nbsp; William James Gallery (Athens)<\/p>\n<p><strong>&nbsp;<iframe loading=\"lazy\" src=\"https:\/\/www.youtube.com\/embed\/PwXLl565mD0\" width=\"560\" height=\"315\" frameborder=\"0\" allowfullscreen=\"allowfullscreen\"><\/iframe><\/strong><\/p>\n<p><strong><u>Selected Group Exhibitions<\/u><\/strong><\/p>\n<p>2018&nbsp; &nbsp; &nbsp;<a href=\"https:\/\/ikastikos-kiklos.com\/en\/small-paintings-2018\/\">&#8220;Small Paintings&#8221;<\/a> Ikastikos Kiklos Sianti<\/p>\n<h5>2018&nbsp;&nbsp;&nbsp;&nbsp;&nbsp; \u00abEn Ethria 9\u00bb &nbsp;&nbsp;Hellenic American Union.<\/h5>\n<p>2017&nbsp;&nbsp;&nbsp;&nbsp; Art-Athina | International Contemporary Art Fair | May 25th-28th, Tae Kwon Do Stadium, Athens, kaplanon galleries<\/p>\n<p>2016&nbsp; &nbsp;&nbsp;&nbsp;\u00abWilliam Shakespeare\u00bb, Ena Art Gallery (Athens)<\/p>\n<p>2015&nbsp;&nbsp;&nbsp;&nbsp; \u201cBig Screen\u201d Kaplanon Ena (Athens)<\/p>\n<p>2013&nbsp;&nbsp;&nbsp;&nbsp; \u201c12 Months\u201d&nbsp;&nbsp; Ikastikes Anazitisis (Athens)<\/p>\n<p>2012&nbsp;&nbsp;&nbsp;&nbsp; \u201cGroup Exhibition\u201d&nbsp;&nbsp; See-Through Art Space (Athens)<\/p>\n<p>2008&nbsp;&nbsp;&nbsp;&nbsp; \u201cFairy Tales\u201d&nbsp; Ikastikes Anazitisis Gallery (Athens)<\/p>\n<p>2006&nbsp;&nbsp;&nbsp;&nbsp; \u201cEmpirikos\u201d&nbsp;&nbsp; Goulandri Museum (Andros)<\/p>\n<p>&nbsp;[\/vc_column_text][\/vc_column][\/vc_row]<\/p>\n<\/div>","protected":false},"excerpt":{"rendered":"<p>[vc_row][vc_column][vc_custom_heading text=&#8221;CV&#8221;][\/vc_column][\/vc_row][vc_row][vc_column][vc_column_text]Born in Athens, Greece, She attended &nbsp;Athens School of Fine Arts from 1999-2004 with &hellip;<\/p>\n","protected":false},"author":2,"featured_media":0,"parent":2905,"menu_order":0,"comment_status":"closed","ping_status":"closed","template":"page-zwgrafoi.php","meta":{"ngg_post_thumbnail":0,"footnotes":""},"class_list":["post-20753","page","type-page","status-publish","hentry"],"yoast_head":"<!-- This site is optimized with the Yoast SEO plugin v27.4 - https:\/\/yoast.com\/product\/yoast-seo-wordpress\/ -->\n<title>Belivanaki Lila Painter at Ikastikos Kiklos Sianti Gallery<\/title>\n<meta name=\"description\" content=\"Belivanaki Lila Painter at Ikastikos Kiklos Sianti Gallery\" \/>\n<meta name=\"robots\" content=\"index, follow, max-snippet:-1, max-image-preview:large, max-video-preview:-1\" \/>\n<link rel=\"canonical\" href=\"https:\/\/ikastikos-kiklos.com\/en\/painters\/belivanaki-lila\/\" \/>\n<meta property=\"og:locale\" content=\"en_US\" \/>\n<meta property=\"og:type\" content=\"article\" \/>\n<meta property=\"og:title\" content=\"Belivanaki Lila Painter at Ikastikos Kiklos Sianti Gallery\" \/>\n<meta property=\"og:description\" content=\"Belivanaki Lila Painter at Ikastikos Kiklos Sianti Gallery\" \/>\n<meta property=\"og:url\" content=\"https:\/\/ikastikos-kiklos.com\/en\/painters\/belivanaki-lila\/\" \/>\n<meta property=\"og:site_name\" content=\"Ikastikos Kiklos - Zografik\u00ed - Metaxotyp\u00edes - T\u00e9chniPainting - Silk Screen - Art\" \/>\n<meta property=\"article:publisher\" content=\"https:\/\/www.facebook.com\/ikastikoskiklossianti\/\" \/>\n<meta property=\"article:modified_time\" content=\"2020-07-03T17:58:49+00:00\" \/>\n<meta property=\"og:image\" content=\"https:\/\/ikastikos-kiklos.com\/wp-content\/uploads\/2020\/07\/89198659_2888338797901513_373693087106465792_o_2888338781234848-1024x683.jpg\" \/>\n<meta name=\"twitter:card\" content=\"summary_large_image\" \/>\n<meta name=\"twitter:label1\" content=\"Est. reading time\" \/>\n\t<meta name=\"twitter:data1\" content=\"1 minute\" \/>\n<script type=\"application\/ld+json\" class=\"yoast-schema-graph\">{\"@context\":\"https:\\\/\\\/schema.org\",\"@graph\":[{\"@type\":\"WebPage\",\"@id\":\"https:\\\/\\\/ikastikos-kiklos.com\\\/en\\\/painters\\\/belivanaki-lila\\\/\",\"url\":\"https:\\\/\\\/ikastikos-kiklos.com\\\/en\\\/painters\\\/belivanaki-lila\\\/\",\"name\":\"Belivanaki Lila Painter at Ikastikos Kiklos Sianti Gallery\",\"isPartOf\":{\"@id\":\"https:\\\/\\\/ikastikos-kiklos.com\\\/en\\\/#website\"},\"primaryImageOfPage\":{\"@id\":\"https:\\\/\\\/ikastikos-kiklos.com\\\/en\\\/painters\\\/belivanaki-lila\\\/#primaryimage\"},\"image\":{\"@id\":\"https:\\\/\\\/ikastikos-kiklos.com\\\/en\\\/painters\\\/belivanaki-lila\\\/#primaryimage\"},\"thumbnailUrl\":\"https:\\\/\\\/ikastikos-kiklos.com\\\/wp-content\\\/uploads\\\/2020\\\/07\\\/89198659_2888338797901513_373693087106465792_o_2888338781234848-1024x683.jpg\",\"datePublished\":\"2019-02-01T13:11:42+00:00\",\"dateModified\":\"2020-07-03T17:58:49+00:00\",\"description\":\"Belivanaki Lila Painter at Ikastikos Kiklos Sianti Gallery\",\"breadcrumb\":{\"@id\":\"https:\\\/\\\/ikastikos-kiklos.com\\\/en\\\/painters\\\/belivanaki-lila\\\/#breadcrumb\"},\"inLanguage\":\"en-US\",\"potentialAction\":[{\"@type\":\"ReadAction\",\"target\":[\"https:\\\/\\\/ikastikos-kiklos.com\\\/en\\\/painters\\\/belivanaki-lila\\\/\"]}]},{\"@type\":\"ImageObject\",\"inLanguage\":\"en-US\",\"@id\":\"https:\\\/\\\/ikastikos-kiklos.com\\\/en\\\/painters\\\/belivanaki-lila\\\/#primaryimage\",\"url\":\"https:\\\/\\\/ikastikos-kiklos.com\\\/wp-content\\\/uploads\\\/2020\\\/07\\\/89198659_2888338797901513_373693087106465792_o_2888338781234848-1024x683.jpg\",\"contentUrl\":\"https:\\\/\\\/ikastikos-kiklos.com\\\/wp-content\\\/uploads\\\/2020\\\/07\\\/89198659_2888338797901513_373693087106465792_o_2888338781234848-1024x683.jpg\"},{\"@type\":\"BreadcrumbList\",\"@id\":\"https:\\\/\\\/ikastikos-kiklos.com\\\/en\\\/painters\\\/belivanaki-lila\\\/#breadcrumb\",\"itemListElement\":[{\"@type\":\"ListItem\",\"position\":1,\"name\":\"Home\",\"item\":\"https:\\\/\\\/ikastikos-kiklos.com\\\/en\\\/\"},{\"@type\":\"ListItem\",\"position\":2,\"name\":\"Painters\",\"item\":\"https:\\\/\\\/ikastikos-kiklos.com\\\/en\\\/painters\\\/\"},{\"@type\":\"ListItem\",\"position\":3,\"name\":\"Belivanaki Lila\"}]},{\"@type\":\"WebSite\",\"@id\":\"https:\\\/\\\/ikastikos-kiklos.com\\\/en\\\/#website\",\"url\":\"https:\\\/\\\/ikastikos-kiklos.com\\\/en\\\/\",\"name\":\"Ikastikos Kiklos - Zografik\u00ed - Metaxotyp\u00edes - T\u00e9chniPainting - Silk Screen - Art\",\"description\":\"\",\"publisher\":{\"@id\":\"https:\\\/\\\/ikastikos-kiklos.com\\\/en\\\/#organization\"},\"potentialAction\":[{\"@type\":\"SearchAction\",\"target\":{\"@type\":\"EntryPoint\",\"urlTemplate\":\"https:\\\/\\\/ikastikos-kiklos.com\\\/en\\\/?s={search_term_string}\"},\"query-input\":{\"@type\":\"PropertyValueSpecification\",\"valueRequired\":true,\"valueName\":\"search_term_string\"}}],\"inLanguage\":\"en-US\"},{\"@type\":\"Organization\",\"@id\":\"https:\\\/\\\/ikastikos-kiklos.com\\\/en\\\/#organization\",\"name\":\"Ikastikos Kiklos - Zografik\u00ed - Metaxotyp\u00edes - T\u00e9chniPainting - Silk Screen - Art\",\"url\":\"https:\\\/\\\/ikastikos-kiklos.com\\\/en\\\/\",\"logo\":{\"@type\":\"ImageObject\",\"inLanguage\":\"en-US\",\"@id\":\"https:\\\/\\\/ikastikos-kiklos.com\\\/en\\\/#\\\/schema\\\/logo\\\/image\\\/\",\"url\":\"https:\\\/\\\/ikastikos-kiklos.com\\\/wp-content\\\/uploads\\\/2022\\\/10\\\/cropped-favicon_ikastikos.png\",\"contentUrl\":\"https:\\\/\\\/ikastikos-kiklos.com\\\/wp-content\\\/uploads\\\/2022\\\/10\\\/cropped-favicon_ikastikos.png\",\"width\":512,\"height\":512,\"caption\":\"Ikastikos Kiklos - Zografik\u00ed - Metaxotyp\u00edes - T\u00e9chniPainting - Silk Screen - Art\"},\"image\":{\"@id\":\"https:\\\/\\\/ikastikos-kiklos.com\\\/en\\\/#\\\/schema\\\/logo\\\/image\\\/\"},\"sameAs\":[\"https:\\\/\\\/www.facebook.com\\\/ikastikoskiklossianti\\\/\"]}]}<\/script>\n<!-- \/ Yoast SEO plugin. -->","yoast_head_json":{"title":"Belivanaki Lila Painter at Ikastikos Kiklos Sianti Gallery","description":"Belivanaki Lila Painter at Ikastikos Kiklos Sianti Gallery","robots":{"index":"index","follow":"follow","max-snippet":"max-snippet:-1","max-image-preview":"max-image-preview:large","max-video-preview":"max-video-preview:-1"},"canonical":"https:\/\/ikastikos-kiklos.com\/en\/painters\/belivanaki-lila\/","og_locale":"en_US","og_type":"article","og_title":"Belivanaki Lila Painter at Ikastikos Kiklos Sianti Gallery","og_description":"Belivanaki Lila Painter at Ikastikos Kiklos Sianti Gallery","og_url":"https:\/\/ikastikos-kiklos.com\/en\/painters\/belivanaki-lila\/","og_site_name":"Ikastikos Kiklos - Zografik\u00ed - Metaxotyp\u00edes - T\u00e9chniPainting - Silk Screen - Art","article_publisher":"https:\/\/www.facebook.com\/ikastikoskiklossianti\/","article_modified_time":"2020-07-03T17:58:49+00:00","og_image":[{"url":"https:\/\/ikastikos-kiklos.com\/wp-content\/uploads\/2020\/07\/89198659_2888338797901513_373693087106465792_o_2888338781234848-1024x683.jpg","type":"","width":"","height":""}],"twitter_card":"summary_large_image","twitter_misc":{"Est. reading time":"1 minute"},"schema":{"@context":"https:\/\/schema.org","@graph":[{"@type":"WebPage","@id":"https:\/\/ikastikos-kiklos.com\/en\/painters\/belivanaki-lila\/","url":"https:\/\/ikastikos-kiklos.com\/en\/painters\/belivanaki-lila\/","name":"Belivanaki Lila Painter at Ikastikos Kiklos Sianti Gallery","isPartOf":{"@id":"https:\/\/ikastikos-kiklos.com\/en\/#website"},"primaryImageOfPage":{"@id":"https:\/\/ikastikos-kiklos.com\/en\/painters\/belivanaki-lila\/#primaryimage"},"image":{"@id":"https:\/\/ikastikos-kiklos.com\/en\/painters\/belivanaki-lila\/#primaryimage"},"thumbnailUrl":"https:\/\/ikastikos-kiklos.com\/wp-content\/uploads\/2020\/07\/89198659_2888338797901513_373693087106465792_o_2888338781234848-1024x683.jpg","datePublished":"2019-02-01T13:11:42+00:00","dateModified":"2020-07-03T17:58:49+00:00","description":"Belivanaki Lila Painter at Ikastikos Kiklos Sianti Gallery","breadcrumb":{"@id":"https:\/\/ikastikos-kiklos.com\/en\/painters\/belivanaki-lila\/#breadcrumb"},"inLanguage":"en-US","potentialAction":[{"@type":"ReadAction","target":["https:\/\/ikastikos-kiklos.com\/en\/painters\/belivanaki-lila\/"]}]},{"@type":"ImageObject","inLanguage":"en-US","@id":"https:\/\/ikastikos-kiklos.com\/en\/painters\/belivanaki-lila\/#primaryimage","url":"https:\/\/ikastikos-kiklos.com\/wp-content\/uploads\/2020\/07\/89198659_2888338797901513_373693087106465792_o_2888338781234848-1024x683.jpg","contentUrl":"https:\/\/ikastikos-kiklos.com\/wp-content\/uploads\/2020\/07\/89198659_2888338797901513_373693087106465792_o_2888338781234848-1024x683.jpg"},{"@type":"BreadcrumbList","@id":"https:\/\/ikastikos-kiklos.com\/en\/painters\/belivanaki-lila\/#breadcrumb","itemListElement":[{"@type":"ListItem","position":1,"name":"Home","item":"https:\/\/ikastikos-kiklos.com\/en\/"},{"@type":"ListItem","position":2,"name":"Painters","item":"https:\/\/ikastikos-kiklos.com\/en\/painters\/"},{"@type":"ListItem","position":3,"name":"Belivanaki Lila"}]},{"@type":"WebSite","@id":"https:\/\/ikastikos-kiklos.com\/en\/#website","url":"https:\/\/ikastikos-kiklos.com\/en\/","name":"Ikastikos Kiklos - Zografik\u00ed - Metaxotyp\u00edes - T\u00e9chniPainting - Silk Screen - Art","description":"","publisher":{"@id":"https:\/\/ikastikos-kiklos.com\/en\/#organization"},"potentialAction":[{"@type":"SearchAction","target":{"@type":"EntryPoint","urlTemplate":"https:\/\/ikastikos-kiklos.com\/en\/?s={search_term_string}"},"query-input":{"@type":"PropertyValueSpecification","valueRequired":true,"valueName":"search_term_string"}}],"inLanguage":"en-US"},{"@type":"Organization","@id":"https:\/\/ikastikos-kiklos.com\/en\/#organization","name":"Ikastikos Kiklos - Zografik\u00ed - Metaxotyp\u00edes - T\u00e9chniPainting - Silk Screen - Art","url":"https:\/\/ikastikos-kiklos.com\/en\/","logo":{"@type":"ImageObject","inLanguage":"en-US","@id":"https:\/\/ikastikos-kiklos.com\/en\/#\/schema\/logo\/image\/","url":"https:\/\/ikastikos-kiklos.com\/wp-content\/uploads\/2022\/10\/cropped-favicon_ikastikos.png","contentUrl":"https:\/\/ikastikos-kiklos.com\/wp-content\/uploads\/2022\/10\/cropped-favicon_ikastikos.png","width":512,"height":512,"caption":"Ikastikos Kiklos - Zografik\u00ed - Metaxotyp\u00edes - T\u00e9chniPainting - Silk Screen - Art"},"image":{"@id":"https:\/\/ikastikos-kiklos.com\/en\/#\/schema\/logo\/image\/"},"sameAs":["https:\/\/www.facebook.com\/ikastikoskiklossianti\/"]}]}},"_links":{"self":[{"href":"https:\/\/ikastikos-kiklos.com\/en\/wp-json\/wp\/v2\/pages\/20753","targetHints":{"allow":["GET"]}}],"collection":[{"href":"https:\/\/ikastikos-kiklos.com\/en\/wp-json\/wp\/v2\/pages"}],"about":[{"href":"https:\/\/ikastikos-kiklos.com\/en\/wp-json\/wp\/v2\/types\/page"}],"author":[{"embeddable":true,"href":"https:\/\/ikastikos-kiklos.com\/en\/wp-json\/wp\/v2\/users\/2"}],"replies":[{"embeddable":true,"href":"https:\/\/ikastikos-kiklos.com\/en\/wp-json\/wp\/v2\/comments?post=20753"}],"version-history":[{"count":0,"href":"https:\/\/ikastikos-kiklos.com\/en\/wp-json\/wp\/v2\/pages\/20753\/revisions"}],"up":[{"embeddable":true,"href":"https:\/\/ikastikos-kiklos.com\/en\/wp-json\/wp\/v2\/pages\/2905"}],"wp:attachment":[{"href":"https:\/\/ikastikos-kiklos.com\/en\/wp-json\/wp\/v2\/media?parent=20753"}],"curies":[{"name":"wp","href":"https:\/\/api.w.org\/{rel}","templated":true}]}}