{"id":11089,"date":"2018-04-13T11:43:26","date_gmt":"2018-04-13T08:43:26","guid":{"rendered":"https:\/\/ikastikos-kiklos.com\/?page_id=11089"},"modified":"2018-04-13T12:08:38","modified_gmt":"2018-04-13T09:08:38","slug":"delivery-policy","status":"publish","type":"page","link":"https:\/\/ikastikos-kiklos.com\/en\/delivery-policy\/","title":{"rendered":"Delivery Policy"},"content":{"rendered":"<div class=\"wpb-content-wrapper\"><p>[vc_row css=&#8221;.vc_custom_1520417525422{border-bottom-width: 1px !important;padding-top: 50px !important;border-bottom-color: #dddddd !important;border-bottom-style: solid !important;border-radius: 1px !important;}&#8221;][vc_column][vc_column_text]<\/p>\n<h1>DELIVERY POLICY<\/h1>\n<p>[\/vc_column_text][\/vc_column][\/vc_row][vc_row css=&#8221;.vc_custom_1520417393712{padding-top: 50px !important;padding-bottom: 50px !important;}&#8221;][vc_column][vc_column_text]<\/p>\n<h2 style=\"text-align: center; color: #555;\"><strong><b>Shipments<\/b><\/strong><\/h2>\n<p><strong>GREECE ORDERS<\/strong><\/p>\n<p><span style=\"font-weight: 400;\">Shipments within Attica and the rest of Greece (mainland and island destinations) are delivered within 7-10 business days.<\/span><\/p>\n<p><span style=\"font-weight: 400;\">Delivery costs are set to the amount of 7.00 Euros.<\/span><\/p>\n<p><span style=\"font-weight: 400;\">If you do not wish to pay through Pay Pal, credit\/debit card or bank account, you can pay by Cash on Delivery (i.e. pay the full purchase amount to the courier upon the package\u2019s delivery). The Cash on Delivery service is charged by the courier company for 2.00 euros per shipment.<\/span><\/p>\n<p><span style=\"font-weight: 400;\">You can also collect your order free of delivery costs, from our physical store at 2, Vas. Alexandrou Av. and Michalakopoulou Str. (Hilton area), ground floor, Athens 11634, Greece, during opening hours.<\/span><\/p>\n<p><span style=\"font-weight: 400;\">Purchases over 130.00 euros are free of delivery costs, regardless the method of payment.<\/span><\/p>\n<p><strong>INTERNATIONAL ORDERS<\/strong><\/p>\n<p><span style=\"font-weight: 400;\">All international orders are shipped with ELTA COURIER, according to the special conditions, charges and agreements in effect.<\/span><\/p>\n<p><span style=\"font-weight: 400;\">The Cash on Delivery service is not available on international orders. <\/span><\/p>\n<p><span style=\"font-weight: 400;\">Non-EU customers may be subject to additional costs, according to the applicable exchange rates, customs clearances and import duties, restrictions and other local demands for which the Company bears no responsibility.<\/span><\/p>\n<p>&nbsp;<\/p>\n<h2 style=\"text-align: center; color: #555;\"><b>Delivery Insurance<\/b><\/h2>\n<p>&nbsp;<\/p>\n<p><span style=\"font-weight: 400;\">The Company guarantees the quality, completeness and validity of the information shared on its website, as well as the accuracy of the products\u2019 material features and the services provided by the Company through its e-shop. In the context of good faith, the Company bears no liability for any misprints or technical mistakes, which may have occurred unwittingly or due to technical problems affecting the website\u2019s smooth operation due to force majeure.<\/span><\/p>\n<p><span style=\"font-weight: 400;\">The Company insures all items dealt through its website, from the moment of purchase until the moment of delivery to the customer.<\/span><\/p>\n<p><span style=\"font-weight: 400;\">In case the delivery falls through due to the courier\u2019s fault, the Company could arrange a new delivery within 7-10 business days, free of extra charges.<\/span><\/p>\n<p><span style=\"font-weight: 400;\">All items displayed on the \u2018Ikastikos Kiklos Sianti\u201d website are delivered in a special, secured packaging to ensure its excellent condition. The Company bears no responsibility for any damages done to the packaging during delivery. If such is the case, please contact us in order to inspect the damage and arrange a replacement for your order. <\/span><\/p>\n<p><span style=\"font-weight: 400;\">The Company bears no liability for any failure of delivery due to force majeure. The Company is only responsible in cases of willful misconduct and gross negligence concerning the delayed delivery of goods, as well as the information and services provided through its website.<\/span><\/p>\n<p><span style=\"font-weight: 400;\">Items are shipped and delivered to the address indicated by the customer and it is the customer\u2019s responsibility to provide correct and accurate address information. The Company bears no liability for any delivery failures due to false or incorrect address information. If the Customer unduly refuses to accept his\/her order, redirecting it to the Company, he\/she is the full bearer of any re-dispatching costs.<\/span>[\/vc_column_text][\/vc_column][\/vc_row]<\/p>\n<\/div>","protected":false},"excerpt":{"rendered":"<p>[vc_row css=&#8221;.vc_custom_1520417525422{border-bottom-width: 1px !important;padding-top: 50px !important;border-bottom-color: #dddddd !important;border-bottom-style: solid !important;border-radius: 1px !important;}&#8221;][vc_column][vc_column_text] DELIVERY POLICY [\/vc_column_text][\/vc_column][\/vc_row][vc_row &hellip;<\/p>\n","protected":false},"author":1,"featured_media":0,"parent":0,"menu_order":0,"comment_status":"closed","ping_status":"closed","template":"","meta":{"ngg_post_thumbnail":0,"footnotes":""},"class_list":["post-11089","page","type-page","status-publish","hentry"],"yoast_head":"<!-- This site is optimized with the Yoast SEO plugin v27.2 - https:\/\/yoast.com\/product\/yoast-seo-wordpress\/ -->\n<title>Delivery Policy - Ikastikos Kiklos - Zografik\u00ed - Metaxotyp\u00edes - T\u00e9chniPainting - Silk Screen - Art<\/title>\n<meta name=\"robots\" content=\"index, follow, max-snippet:-1, max-image-preview:large, max-video-preview:-1\" \/>\n<link rel=\"canonical\" href=\"https:\/\/ikastikos-kiklos.com\/en\/delivery-policy\/\" \/>\n<meta property=\"og:locale\" content=\"en_US\" \/>\n<meta property=\"og:type\" content=\"article\" \/>\n<meta property=\"og:title\" content=\"Delivery Policy - Ikastikos Kiklos - Zografik\u00ed - Metaxotyp\u00edes - T\u00e9chniPainting - Silk Screen - Art\" \/>\n<meta property=\"og:url\" content=\"https:\/\/ikastikos-kiklos.com\/en\/delivery-policy\/\" \/>\n<meta property=\"og:site_name\" content=\"Ikastikos Kiklos - Zografik\u00ed - Metaxotyp\u00edes - T\u00e9chniPainting - Silk Screen - Art\" \/>\n<meta property=\"article:publisher\" content=\"https:\/\/www.facebook.com\/ikastikoskiklossianti\/\" \/>\n<meta property=\"article:modified_time\" content=\"2018-04-13T09:08:38+00:00\" \/>\n<meta name=\"twitter:card\" content=\"summary_large_image\" \/>\n<meta name=\"twitter:label1\" content=\"Est. reading time\" \/>\n\t<meta name=\"twitter:data1\" content=\"3 minutes\" \/>\n<script type=\"application\/ld+json\" class=\"yoast-schema-graph\">{\"@context\":\"https:\/\/schema.org\",\"@graph\":[{\"@type\":\"WebPage\",\"@id\":\"https:\/\/ikastikos-kiklos.com\/en\/delivery-policy\/\",\"url\":\"https:\/\/ikastikos-kiklos.com\/en\/delivery-policy\/\",\"name\":\"Delivery Policy - Ikastikos Kiklos - Zografik\u00ed - Metaxotyp\u00edes - T\u00e9chniPainting - Silk Screen - Art\",\"isPartOf\":{\"@id\":\"https:\/\/ikastikos-kiklos.com\/en\/#website\"},\"datePublished\":\"2018-04-13T08:43:26+00:00\",\"dateModified\":\"2018-04-13T09:08:38+00:00\",\"breadcrumb\":{\"@id\":\"https:\/\/ikastikos-kiklos.com\/en\/delivery-policy\/#breadcrumb\"},\"inLanguage\":\"en-US\",\"potentialAction\":[{\"@type\":\"ReadAction\",\"target\":[\"https:\/\/ikastikos-kiklos.com\/en\/delivery-policy\/\"]}]},{\"@type\":\"BreadcrumbList\",\"@id\":\"https:\/\/ikastikos-kiklos.com\/en\/delivery-policy\/#breadcrumb\",\"itemListElement\":[{\"@type\":\"ListItem\",\"position\":1,\"name\":\"Home\",\"item\":\"https:\/\/ikastikos-kiklos.com\/en\/\"},{\"@type\":\"ListItem\",\"position\":2,\"name\":\"Delivery Policy\"}]},{\"@type\":\"WebSite\",\"@id\":\"https:\/\/ikastikos-kiklos.com\/en\/#website\",\"url\":\"https:\/\/ikastikos-kiklos.com\/en\/\",\"name\":\"Ikastikos Kiklos - Zografik\u00ed - Metaxotyp\u00edes - T\u00e9chniPainting - Silk Screen - Art\",\"description\":\"\",\"publisher\":{\"@id\":\"https:\/\/ikastikos-kiklos.com\/en\/#organization\"},\"potentialAction\":[{\"@type\":\"SearchAction\",\"target\":{\"@type\":\"EntryPoint\",\"urlTemplate\":\"https:\/\/ikastikos-kiklos.com\/en\/?s={search_term_string}\"},\"query-input\":{\"@type\":\"PropertyValueSpecification\",\"valueRequired\":true,\"valueName\":\"search_term_string\"}}],\"inLanguage\":\"en-US\"},{\"@type\":\"Organization\",\"@id\":\"https:\/\/ikastikos-kiklos.com\/en\/#organization\",\"name\":\"Ikastikos Kiklos - Zografik\u00ed - Metaxotyp\u00edes - T\u00e9chniPainting - Silk Screen - Art\",\"url\":\"https:\/\/ikastikos-kiklos.com\/en\/\",\"logo\":{\"@type\":\"ImageObject\",\"inLanguage\":\"en-US\",\"@id\":\"https:\/\/ikastikos-kiklos.com\/en\/#\/schema\/logo\/image\/\",\"url\":\"https:\/\/ikastikos-kiklos.com\/wp-content\/uploads\/2022\/10\/cropped-favicon_ikastikos.png\",\"contentUrl\":\"https:\/\/ikastikos-kiklos.com\/wp-content\/uploads\/2022\/10\/cropped-favicon_ikastikos.png\",\"width\":512,\"height\":512,\"caption\":\"Ikastikos Kiklos - Zografik\u00ed - Metaxotyp\u00edes - T\u00e9chniPainting - Silk Screen - Art\"},\"image\":{\"@id\":\"https:\/\/ikastikos-kiklos.com\/en\/#\/schema\/logo\/image\/\"},\"sameAs\":[\"https:\/\/www.facebook.com\/ikastikoskiklossianti\/\"]}]}<\/script>\n<!-- \/ Yoast SEO plugin. -->","yoast_head_json":{"title":"Delivery Policy - Ikastikos Kiklos - Zografik\u00ed - Metaxotyp\u00edes - T\u00e9chniPainting - Silk Screen - Art","robots":{"index":"index","follow":"follow","max-snippet":"max-snippet:-1","max-image-preview":"max-image-preview:large","max-video-preview":"max-video-preview:-1"},"canonical":"https:\/\/ikastikos-kiklos.com\/en\/delivery-policy\/","og_locale":"en_US","og_type":"article","og_title":"Delivery Policy - Ikastikos Kiklos - Zografik\u00ed - Metaxotyp\u00edes - T\u00e9chniPainting - Silk Screen - Art","og_url":"https:\/\/ikastikos-kiklos.com\/en\/delivery-policy\/","og_site_name":"Ikastikos Kiklos - Zografik\u00ed - Metaxotyp\u00edes - T\u00e9chniPainting - Silk Screen - Art","article_publisher":"https:\/\/www.facebook.com\/ikastikoskiklossianti\/","article_modified_time":"2018-04-13T09:08:38+00:00","twitter_card":"summary_large_image","twitter_misc":{"Est. reading time":"3 minutes"},"schema":{"@context":"https:\/\/schema.org","@graph":[{"@type":"WebPage","@id":"https:\/\/ikastikos-kiklos.com\/en\/delivery-policy\/","url":"https:\/\/ikastikos-kiklos.com\/en\/delivery-policy\/","name":"Delivery Policy - Ikastikos Kiklos - Zografik\u00ed - Metaxotyp\u00edes - T\u00e9chniPainting - Silk Screen - Art","isPartOf":{"@id":"https:\/\/ikastikos-kiklos.com\/en\/#website"},"datePublished":"2018-04-13T08:43:26+00:00","dateModified":"2018-04-13T09:08:38+00:00","breadcrumb":{"@id":"https:\/\/ikastikos-kiklos.com\/en\/delivery-policy\/#breadcrumb"},"inLanguage":"en-US","potentialAction":[{"@type":"ReadAction","target":["https:\/\/ikastikos-kiklos.com\/en\/delivery-policy\/"]}]},{"@type":"BreadcrumbList","@id":"https:\/\/ikastikos-kiklos.com\/en\/delivery-policy\/#breadcrumb","itemListElement":[{"@type":"ListItem","position":1,"name":"Home","item":"https:\/\/ikastikos-kiklos.com\/en\/"},{"@type":"ListItem","position":2,"name":"Delivery Policy"}]},{"@type":"WebSite","@id":"https:\/\/ikastikos-kiklos.com\/en\/#website","url":"https:\/\/ikastikos-kiklos.com\/en\/","name":"Ikastikos Kiklos - Zografik\u00ed - Metaxotyp\u00edes - T\u00e9chniPainting - Silk Screen - Art","description":"","publisher":{"@id":"https:\/\/ikastikos-kiklos.com\/en\/#organization"},"potentialAction":[{"@type":"SearchAction","target":{"@type":"EntryPoint","urlTemplate":"https:\/\/ikastikos-kiklos.com\/en\/?s={search_term_string}"},"query-input":{"@type":"PropertyValueSpecification","valueRequired":true,"valueName":"search_term_string"}}],"inLanguage":"en-US"},{"@type":"Organization","@id":"https:\/\/ikastikos-kiklos.com\/en\/#organization","name":"Ikastikos Kiklos - Zografik\u00ed - Metaxotyp\u00edes - T\u00e9chniPainting - Silk Screen - Art","url":"https:\/\/ikastikos-kiklos.com\/en\/","logo":{"@type":"ImageObject","inLanguage":"en-US","@id":"https:\/\/ikastikos-kiklos.com\/en\/#\/schema\/logo\/image\/","url":"https:\/\/ikastikos-kiklos.com\/wp-content\/uploads\/2022\/10\/cropped-favicon_ikastikos.png","contentUrl":"https:\/\/ikastikos-kiklos.com\/wp-content\/uploads\/2022\/10\/cropped-favicon_ikastikos.png","width":512,"height":512,"caption":"Ikastikos Kiklos - Zografik\u00ed - Metaxotyp\u00edes - T\u00e9chniPainting - Silk Screen - Art"},"image":{"@id":"https:\/\/ikastikos-kiklos.com\/en\/#\/schema\/logo\/image\/"},"sameAs":["https:\/\/www.facebook.com\/ikastikoskiklossianti\/"]}]}},"_links":{"self":[{"href":"https:\/\/ikastikos-kiklos.com\/en\/wp-json\/wp\/v2\/pages\/11089","targetHints":{"allow":["GET"]}}],"collection":[{"href":"https:\/\/ikastikos-kiklos.com\/en\/wp-json\/wp\/v2\/pages"}],"about":[{"href":"https:\/\/ikastikos-kiklos.com\/en\/wp-json\/wp\/v2\/types\/page"}],"author":[{"embeddable":true,"href":"https:\/\/ikastikos-kiklos.com\/en\/wp-json\/wp\/v2\/users\/1"}],"replies":[{"embeddable":true,"href":"https:\/\/ikastikos-kiklos.com\/en\/wp-json\/wp\/v2\/comments?post=11089"}],"version-history":[{"count":0,"href":"https:\/\/ikastikos-kiklos.com\/en\/wp-json\/wp\/v2\/pages\/11089\/revisions"}],"wp:attachment":[{"href":"https:\/\/ikastikos-kiklos.com\/en\/wp-json\/wp\/v2\/media?parent=11089"}],"curies":[{"name":"wp","href":"https:\/\/api.w.org\/{rel}","templated":true}]}}